
{"id":4367,"date":"2019-05-16T11:56:33","date_gmt":"2019-05-16T09:56:33","guid":{"rendered":"http:\/\/www.fondationbiodiversite.fr\/?page_id=4367"},"modified":"2019-11-18T13:57:08","modified_gmt":"2019-11-18T12:57:08","slug":"acess-benefit-sharing","status":"publish","type":"page","link":"https:\/\/www.fondationbiodiversite.fr\/en\/biodiversity-challenges\/biodiversity-and-regulation\/acess-benefit-sharing\/","title":{"rendered":"Focus on ABS (Access and Benefit-Sharing)"},"content":{"rendered":"<p>The fair and equitable sharing of benefits arising from the use of genetic resources (GR) and associated traditional knowledge (TK) <strong>is intended to restore fairness between providers and users<\/strong> of those resources and knowledge and <strong>contributes to the conservation and sustainable use of biodiversity<\/strong>.<\/p>\n<p>&nbsp;<\/p>\n<p>The FRB has conducted different studies on ABS in order to <strong>support public decision-making<\/strong>, <strong>promote discussions about the implementation of a French ABS regime<\/strong> and <strong>highlight the stakes of this regulation<\/strong> for relevant actors and in particular researchers.<\/p>\n<p>&nbsp;<\/p>\n<p>In cooperation with the AFB (the French Agency for Biodiversity), a <strong>ABS<\/strong> working group was established in 2018 to support the implementation of the Nagoya Protocol. It is led by the FRB, and brings together lawyers from research institutes (CIRAD, CNRS, Ifremer, INRA, IRD, MNHN, Montpellier University, etc.), representatives from the Ministries in charge of Agriculture, Environment and Research and industrial actors (including LVMH and Pierre Fabre).<\/p>\n<p>The objective is to ensure that the different documents are updated.<\/p>\n<figure id=\"attachment_7436\" aria-describedby=\"caption-attachment-7436\" style=\"width: 690px\" class=\"wp-caption aligncenter\"><img loading=\"lazy\" decoding=\"async\" class=\"wp-image-7436 size-full\" src=\"https:\/\/www.fondationbiodiversite.fr\/wp-content\/uploads\/2019\/09\/ABS-Concept.jpg\" alt=\"ABS-Concept\" width=\"690\" height=\"450\" srcset=\"https:\/\/www.fondationbiodiversite.fr\/wp-content\/uploads\/2019\/09\/ABS-Concept.jpg 690w, https:\/\/www.fondationbiodiversite.fr\/wp-content\/uploads\/2019\/09\/ABS-Concept-300x196.jpg 300w\" sizes=\"auto, (max-width: 690px) 100vw, 690px\" \/><figcaption id=\"caption-attachment-7436\" class=\"wp-caption-text\"><span style=\"color: #999999;\"><em>The ABS Concept. \u00a9 E<span lang=\"en\" tabindex=\"0\">ditorial members of the <\/span><\/em>Guide APA<em> (2017) and Bruno David (Pierre Fabre)<\/em><\/span><\/figcaption><\/figure>\n","protected":false},"excerpt":{"rendered":"<p>The fair and equitable sharing of benefits arising from the use of genetic resources (GR) and associated traditional knowledge (TK) is intended to restore fairness between providers and users of those resources and knowledge and contributes to the conservation and sustainable use of biodiversity. &nbsp; The FRB has conducted different studies on ABS in order [&hellip;]<\/p>\n","protected":false},"author":2,"featured_media":2671,"parent":2293,"menu_order":0,"comment_status":"closed","ping_status":"closed","template":"temp_frb-default.php","meta":{"_acf_changed":false,"inline_featured_image":false,"footnotes":""},"class_list":["post-4367","page","type-page","status-publish","has-post-thumbnail","hentry"],"acf":[],"yoast_head":"<!-- This site is optimized with the Yoast SEO plugin v27.3 - https:\/\/yoast.com\/product\/yoast-seo-wordpress\/ -->\n<title>Focus on ABS (Access and Benefit-Sharing) - Fondation pour la recherche sur la biodiversit\u00e9<\/title>\n<meta name=\"description\" content=\"BiodivERsA est un r\u00e9seau europ\u00e9en d\u2019agences et minist\u00e8res qui programment et financent la recherche sur la biodiversit\u00e9, les services \u00e9cosyst\u00e9miques et les solutions bas\u00e9es sur la nature. Cr\u00e9\u00e9 en 2005, il regroupe aujourd&#039;hui 36 partenaires de 23 pays europ\u00e9ens.\" \/>\n<meta name=\"robots\" content=\"index, follow, max-snippet:-1, max-image-preview:large, max-video-preview:-1\" \/>\n<link rel=\"canonical\" href=\"https:\/\/www.fondationbiodiversite.fr\/en\/biodiversity-challenges\/biodiversity-and-regulation\/acess-benefit-sharing\/\" \/>\n<meta property=\"og:locale\" content=\"en_US\" \/>\n<meta property=\"og:type\" content=\"article\" \/>\n<meta property=\"og:title\" content=\"Focus on ABS (Access and Benefit-Sharing) - Fondation pour la recherche sur la biodiversit\u00e9\" \/>\n<meta property=\"og:description\" content=\"BiodivERsA est un r\u00e9seau europ\u00e9en d\u2019agences et minist\u00e8res qui programment et financent la recherche sur la biodiversit\u00e9, les services \u00e9cosyst\u00e9miques et les solutions bas\u00e9es sur la nature. Cr\u00e9\u00e9 en 2005, il regroupe aujourd&#039;hui 36 partenaires de 23 pays europ\u00e9ens.\" \/>\n<meta property=\"og:url\" content=\"https:\/\/www.fondationbiodiversite.fr\/en\/biodiversity-challenges\/biodiversity-and-regulation\/acess-benefit-sharing\/\" \/>\n<meta property=\"og:site_name\" content=\"Fondation pour la recherche sur la biodiversit\u00e9\" \/>\n<meta property=\"article:publisher\" content=\"https:\/\/www.facebook.com\/FRBiodiv#\" \/>\n<meta property=\"article:modified_time\" content=\"2019-11-18T12:57:08+00:00\" \/>\n<meta property=\"og:image\" content=\"https:\/\/www.fondationbiodiversite.fr\/wp-content\/uploads\/2019\/03\/FRB-Guide-APA.jpg\" \/>\n\t<meta property=\"og:image:width\" content=\"690\" \/>\n\t<meta property=\"og:image:height\" content=\"450\" \/>\n\t<meta property=\"og:image:type\" content=\"image\/jpeg\" \/>\n<meta name=\"twitter:card\" content=\"summary_large_image\" \/>\n<meta name=\"twitter:site\" content=\"@FRBiodiv\" \/>\n<meta name=\"twitter:label1\" content=\"Est. reading time\" \/>\n\t<meta name=\"twitter:data1\" content=\"1 minute\" \/>\n<script type=\"application\/ld+json\" class=\"yoast-schema-graph\">{\"@context\":\"https:\\\/\\\/schema.org\",\"@graph\":[{\"@type\":\"WebPage\",\"@id\":\"https:\\\/\\\/www.fondationbiodiversite.fr\\\/en\\\/biodiversity-challenges\\\/biodiversity-and-regulation\\\/acess-benefit-sharing\\\/\",\"url\":\"https:\\\/\\\/www.fondationbiodiversite.fr\\\/en\\\/biodiversity-challenges\\\/biodiversity-and-regulation\\\/acess-benefit-sharing\\\/\",\"name\":\"Focus on ABS (Access and Benefit-Sharing) - Fondation pour la recherche sur la biodiversit\u00e9\",\"isPartOf\":{\"@id\":\"https:\\\/\\\/www.fondationbiodiversite.fr\\\/en\\\/#website\"},\"primaryImageOfPage\":{\"@id\":\"https:\\\/\\\/www.fondationbiodiversite.fr\\\/en\\\/biodiversity-challenges\\\/biodiversity-and-regulation\\\/acess-benefit-sharing\\\/#primaryimage\"},\"image\":{\"@id\":\"https:\\\/\\\/www.fondationbiodiversite.fr\\\/en\\\/biodiversity-challenges\\\/biodiversity-and-regulation\\\/acess-benefit-sharing\\\/#primaryimage\"},\"thumbnailUrl\":\"https:\\\/\\\/www.fondationbiodiversite.fr\\\/wp-content\\\/uploads\\\/2019\\\/03\\\/FRB-Guide-APA.jpg\",\"datePublished\":\"2019-05-16T09:56:33+00:00\",\"dateModified\":\"2019-11-18T12:57:08+00:00\",\"description\":\"BiodivERsA est un r\u00e9seau europ\u00e9en d\u2019agences et minist\u00e8res qui programment et financent la recherche sur la biodiversit\u00e9, les services \u00e9cosyst\u00e9miques et les solutions bas\u00e9es sur la nature. Cr\u00e9\u00e9 en 2005, il regroupe aujourd'hui 36 partenaires de 23 pays europ\u00e9ens.\",\"breadcrumb\":{\"@id\":\"https:\\\/\\\/www.fondationbiodiversite.fr\\\/en\\\/biodiversity-challenges\\\/biodiversity-and-regulation\\\/acess-benefit-sharing\\\/#breadcrumb\"},\"inLanguage\":\"en-US\",\"potentialAction\":[{\"@type\":\"ReadAction\",\"target\":[\"https:\\\/\\\/www.fondationbiodiversite.fr\\\/en\\\/biodiversity-challenges\\\/biodiversity-and-regulation\\\/acess-benefit-sharing\\\/\"]}]},{\"@type\":\"ImageObject\",\"inLanguage\":\"en-US\",\"@id\":\"https:\\\/\\\/www.fondationbiodiversite.fr\\\/en\\\/biodiversity-challenges\\\/biodiversity-and-regulation\\\/acess-benefit-sharing\\\/#primaryimage\",\"url\":\"https:\\\/\\\/www.fondationbiodiversite.fr\\\/wp-content\\\/uploads\\\/2019\\\/03\\\/FRB-Guide-APA.jpg\",\"contentUrl\":\"https:\\\/\\\/www.fondationbiodiversite.fr\\\/wp-content\\\/uploads\\\/2019\\\/03\\\/FRB-Guide-APA.jpg\",\"width\":690,\"height\":450,\"caption\":\"\u00a9 IRD, Daniel Sabatier - Canop\u00e9e avec palmeraie en Guyane \\\/\\\/ \u00a9 IRD, Hubert Forestier - Pr\u00e9paration du poison pour la chasse par un homme-fleur \u00e0 Sumatra \\\/\\\/ \u00a9 IRD, Fran\u00e7ois Carlet-Soulages \u2013 Am\u00e9lioration des vari\u00e9t\u00e9s de riz au Vietnam au laboratoire mixte international RICE\"},{\"@type\":\"BreadcrumbList\",\"@id\":\"https:\\\/\\\/www.fondationbiodiversite.fr\\\/en\\\/biodiversity-challenges\\\/biodiversity-and-regulation\\\/acess-benefit-sharing\\\/#breadcrumb\",\"itemListElement\":[{\"@type\":\"ListItem\",\"position\":1,\"name\":\"Accueil\",\"item\":\"https:\\\/\\\/www.fondationbiodiversite.fr\\\/en\\\/\"},{\"@type\":\"ListItem\",\"position\":2,\"name\":\"Biodiversity challenges\",\"item\":\"https:\\\/\\\/www.fondationbiodiversite.fr\\\/en\\\/biodiversity-challenges\\\/\"},{\"@type\":\"ListItem\",\"position\":3,\"name\":\"Biodiversity &#038; regulation\",\"item\":\"https:\\\/\\\/www.fondationbiodiversite.fr\\\/en\\\/biodiversity-challenges\\\/biodiversity-and-regulation\\\/\"},{\"@type\":\"ListItem\",\"position\":4,\"name\":\"Focus on ABS (Access and Benefit-Sharing)\"}]},{\"@type\":\"WebSite\",\"@id\":\"https:\\\/\\\/www.fondationbiodiversite.fr\\\/en\\\/#website\",\"url\":\"https:\\\/\\\/www.fondationbiodiversite.fr\\\/en\\\/\",\"name\":\"Fondation pour la recherche sur la biodiversit\u00e9\",\"description\":\"Une plateforme entre les diff\u00e9rents acteurs scientifiques et les acteurs de la soci\u00e9t\u00e9 sur la biodiversit\u00e9..\",\"publisher\":{\"@id\":\"https:\\\/\\\/www.fondationbiodiversite.fr\\\/en\\\/#organization\"},\"alternateName\":\"FRB\",\"potentialAction\":[{\"@type\":\"SearchAction\",\"target\":{\"@type\":\"EntryPoint\",\"urlTemplate\":\"https:\\\/\\\/www.fondationbiodiversite.fr\\\/en\\\/?s={search_term_string}\"},\"query-input\":{\"@type\":\"PropertyValueSpecification\",\"valueRequired\":true,\"valueName\":\"search_term_string\"}}],\"inLanguage\":\"en-US\"},{\"@type\":\"Organization\",\"@id\":\"https:\\\/\\\/www.fondationbiodiversite.fr\\\/en\\\/#organization\",\"name\":\"Fondation pour la recherche sur la biodiversit\u00e9\",\"url\":\"https:\\\/\\\/www.fondationbiodiversite.fr\\\/en\\\/\",\"logo\":{\"@type\":\"ImageObject\",\"inLanguage\":\"en-US\",\"@id\":\"https:\\\/\\\/www.fondationbiodiversite.fr\\\/en\\\/#\\\/schema\\\/logo\\\/image\\\/\",\"url\":\"https:\\\/\\\/www.fondationbiodiversite.fr\\\/wp-content\\\/uploads\\\/2025\\\/10\\\/logo_FRB_RVB.png\",\"contentUrl\":\"https:\\\/\\\/www.fondationbiodiversite.fr\\\/wp-content\\\/uploads\\\/2025\\\/10\\\/logo_FRB_RVB.png\",\"width\":220,\"height\":220,\"caption\":\"Fondation pour la recherche sur la biodiversit\u00e9\"},\"image\":{\"@id\":\"https:\\\/\\\/www.fondationbiodiversite.fr\\\/en\\\/#\\\/schema\\\/logo\\\/image\\\/\"},\"sameAs\":[\"https:\\\/\\\/www.facebook.com\\\/FRBiodiv#\",\"https:\\\/\\\/x.com\\\/FRBiodiv\",\"https:\\\/\\\/bsky.app\\\/profile\\\/frbiodiv.bsky.social\",\"https:\\\/\\\/www.instagram.com\\\/frbiodiv\\\/\",\"https:\\\/\\\/www.linkedin.com\\\/in\\\/fondation-pour-la-recherche-sur-la-biodiversit-223059121\\\/\",\"https:\\\/\\\/www.youtube.com\\\/@FRBiodiv\"]}]}<\/script>\n<!-- \/ Yoast SEO plugin. -->","yoast_head_json":{"title":"Focus on ABS (Access and Benefit-Sharing) - Fondation pour la recherche sur la biodiversit\u00e9","description":"BiodivERsA est un r\u00e9seau europ\u00e9en d\u2019agences et minist\u00e8res qui programment et financent la recherche sur la biodiversit\u00e9, les services \u00e9cosyst\u00e9miques et les solutions bas\u00e9es sur la nature. Cr\u00e9\u00e9 en 2005, il regroupe aujourd'hui 36 partenaires de 23 pays europ\u00e9ens.","robots":{"index":"index","follow":"follow","max-snippet":"max-snippet:-1","max-image-preview":"max-image-preview:large","max-video-preview":"max-video-preview:-1"},"canonical":"https:\/\/www.fondationbiodiversite.fr\/en\/biodiversity-challenges\/biodiversity-and-regulation\/acess-benefit-sharing\/","og_locale":"en_US","og_type":"article","og_title":"Focus on ABS (Access and Benefit-Sharing) - Fondation pour la recherche sur la biodiversit\u00e9","og_description":"BiodivERsA est un r\u00e9seau europ\u00e9en d\u2019agences et minist\u00e8res qui programment et financent la recherche sur la biodiversit\u00e9, les services \u00e9cosyst\u00e9miques et les solutions bas\u00e9es sur la nature. Cr\u00e9\u00e9 en 2005, il regroupe aujourd'hui 36 partenaires de 23 pays europ\u00e9ens.","og_url":"https:\/\/www.fondationbiodiversite.fr\/en\/biodiversity-challenges\/biodiversity-and-regulation\/acess-benefit-sharing\/","og_site_name":"Fondation pour la recherche sur la biodiversit\u00e9","article_publisher":"https:\/\/www.facebook.com\/FRBiodiv#","article_modified_time":"2019-11-18T12:57:08+00:00","og_image":[{"width":690,"height":450,"url":"https:\/\/www.fondationbiodiversite.fr\/wp-content\/uploads\/2019\/03\/FRB-Guide-APA.jpg","type":"image\/jpeg"}],"twitter_card":"summary_large_image","twitter_site":"@FRBiodiv","twitter_misc":{"Est. reading time":"1 minute"},"schema":{"@context":"https:\/\/schema.org","@graph":[{"@type":"WebPage","@id":"https:\/\/www.fondationbiodiversite.fr\/en\/biodiversity-challenges\/biodiversity-and-regulation\/acess-benefit-sharing\/","url":"https:\/\/www.fondationbiodiversite.fr\/en\/biodiversity-challenges\/biodiversity-and-regulation\/acess-benefit-sharing\/","name":"Focus on ABS (Access and Benefit-Sharing) - Fondation pour la recherche sur la biodiversit\u00e9","isPartOf":{"@id":"https:\/\/www.fondationbiodiversite.fr\/en\/#website"},"primaryImageOfPage":{"@id":"https:\/\/www.fondationbiodiversite.fr\/en\/biodiversity-challenges\/biodiversity-and-regulation\/acess-benefit-sharing\/#primaryimage"},"image":{"@id":"https:\/\/www.fondationbiodiversite.fr\/en\/biodiversity-challenges\/biodiversity-and-regulation\/acess-benefit-sharing\/#primaryimage"},"thumbnailUrl":"https:\/\/www.fondationbiodiversite.fr\/wp-content\/uploads\/2019\/03\/FRB-Guide-APA.jpg","datePublished":"2019-05-16T09:56:33+00:00","dateModified":"2019-11-18T12:57:08+00:00","description":"BiodivERsA est un r\u00e9seau europ\u00e9en d\u2019agences et minist\u00e8res qui programment et financent la recherche sur la biodiversit\u00e9, les services \u00e9cosyst\u00e9miques et les solutions bas\u00e9es sur la nature. Cr\u00e9\u00e9 en 2005, il regroupe aujourd'hui 36 partenaires de 23 pays europ\u00e9ens.","breadcrumb":{"@id":"https:\/\/www.fondationbiodiversite.fr\/en\/biodiversity-challenges\/biodiversity-and-regulation\/acess-benefit-sharing\/#breadcrumb"},"inLanguage":"en-US","potentialAction":[{"@type":"ReadAction","target":["https:\/\/www.fondationbiodiversite.fr\/en\/biodiversity-challenges\/biodiversity-and-regulation\/acess-benefit-sharing\/"]}]},{"@type":"ImageObject","inLanguage":"en-US","@id":"https:\/\/www.fondationbiodiversite.fr\/en\/biodiversity-challenges\/biodiversity-and-regulation\/acess-benefit-sharing\/#primaryimage","url":"https:\/\/www.fondationbiodiversite.fr\/wp-content\/uploads\/2019\/03\/FRB-Guide-APA.jpg","contentUrl":"https:\/\/www.fondationbiodiversite.fr\/wp-content\/uploads\/2019\/03\/FRB-Guide-APA.jpg","width":690,"height":450,"caption":"\u00a9 IRD, Daniel Sabatier - Canop\u00e9e avec palmeraie en Guyane \/\/ \u00a9 IRD, Hubert Forestier - Pr\u00e9paration du poison pour la chasse par un homme-fleur \u00e0 Sumatra \/\/ \u00a9 IRD, Fran\u00e7ois Carlet-Soulages \u2013 Am\u00e9lioration des vari\u00e9t\u00e9s de riz au Vietnam au laboratoire mixte international RICE"},{"@type":"BreadcrumbList","@id":"https:\/\/www.fondationbiodiversite.fr\/en\/biodiversity-challenges\/biodiversity-and-regulation\/acess-benefit-sharing\/#breadcrumb","itemListElement":[{"@type":"ListItem","position":1,"name":"Accueil","item":"https:\/\/www.fondationbiodiversite.fr\/en\/"},{"@type":"ListItem","position":2,"name":"Biodiversity challenges","item":"https:\/\/www.fondationbiodiversite.fr\/en\/biodiversity-challenges\/"},{"@type":"ListItem","position":3,"name":"Biodiversity &#038; regulation","item":"https:\/\/www.fondationbiodiversite.fr\/en\/biodiversity-challenges\/biodiversity-and-regulation\/"},{"@type":"ListItem","position":4,"name":"Focus on ABS (Access and Benefit-Sharing)"}]},{"@type":"WebSite","@id":"https:\/\/www.fondationbiodiversite.fr\/en\/#website","url":"https:\/\/www.fondationbiodiversite.fr\/en\/","name":"Fondation pour la recherche sur la biodiversit\u00e9","description":"Une plateforme entre les diff\u00e9rents acteurs scientifiques et les acteurs de la soci\u00e9t\u00e9 sur la biodiversit\u00e9..","publisher":{"@id":"https:\/\/www.fondationbiodiversite.fr\/en\/#organization"},"alternateName":"FRB","potentialAction":[{"@type":"SearchAction","target":{"@type":"EntryPoint","urlTemplate":"https:\/\/www.fondationbiodiversite.fr\/en\/?s={search_term_string}"},"query-input":{"@type":"PropertyValueSpecification","valueRequired":true,"valueName":"search_term_string"}}],"inLanguage":"en-US"},{"@type":"Organization","@id":"https:\/\/www.fondationbiodiversite.fr\/en\/#organization","name":"Fondation pour la recherche sur la biodiversit\u00e9","url":"https:\/\/www.fondationbiodiversite.fr\/en\/","logo":{"@type":"ImageObject","inLanguage":"en-US","@id":"https:\/\/www.fondationbiodiversite.fr\/en\/#\/schema\/logo\/image\/","url":"https:\/\/www.fondationbiodiversite.fr\/wp-content\/uploads\/2025\/10\/logo_FRB_RVB.png","contentUrl":"https:\/\/www.fondationbiodiversite.fr\/wp-content\/uploads\/2025\/10\/logo_FRB_RVB.png","width":220,"height":220,"caption":"Fondation pour la recherche sur la biodiversit\u00e9"},"image":{"@id":"https:\/\/www.fondationbiodiversite.fr\/en\/#\/schema\/logo\/image\/"},"sameAs":["https:\/\/www.facebook.com\/FRBiodiv#","https:\/\/x.com\/FRBiodiv","https:\/\/bsky.app\/profile\/frbiodiv.bsky.social","https:\/\/www.instagram.com\/frbiodiv\/","https:\/\/www.linkedin.com\/in\/fondation-pour-la-recherche-sur-la-biodiversit-223059121\/","https:\/\/www.youtube.com\/@FRBiodiv"]}]}},"_links":{"self":[{"href":"https:\/\/www.fondationbiodiversite.fr\/en\/wp-json\/wp\/v2\/pages\/4367","targetHints":{"allow":["GET"]}}],"collection":[{"href":"https:\/\/www.fondationbiodiversite.fr\/en\/wp-json\/wp\/v2\/pages"}],"about":[{"href":"https:\/\/www.fondationbiodiversite.fr\/en\/wp-json\/wp\/v2\/types\/page"}],"author":[{"embeddable":true,"href":"https:\/\/www.fondationbiodiversite.fr\/en\/wp-json\/wp\/v2\/users\/2"}],"replies":[{"embeddable":true,"href":"https:\/\/www.fondationbiodiversite.fr\/en\/wp-json\/wp\/v2\/comments?post=4367"}],"version-history":[{"count":0,"href":"https:\/\/www.fondationbiodiversite.fr\/en\/wp-json\/wp\/v2\/pages\/4367\/revisions"}],"up":[{"embeddable":true,"href":"https:\/\/www.fondationbiodiversite.fr\/en\/wp-json\/wp\/v2\/pages\/2293"}],"wp:featuredmedia":[{"embeddable":true,"href":"https:\/\/www.fondationbiodiversite.fr\/en\/wp-json\/wp\/v2\/media\/2671"}],"wp:attachment":[{"href":"https:\/\/www.fondationbiodiversite.fr\/en\/wp-json\/wp\/v2\/media?parent=4367"}],"curies":[{"name":"wp","href":"https:\/\/api.w.org\/{rel}","templated":true}]}}