
{"id":36083,"date":"2026-03-06T15:00:48","date_gmt":"2026-03-06T14:00:48","guid":{"rendered":"https:\/\/www.fondationbiodiversite.fr\/?page_id=36083"},"modified":"2026-03-06T15:25:34","modified_gmt":"2026-03-06T14:25:34","slug":"efficacite-des-solutions-et-recommandations-pour-limiter-limpact-de-la-production-denergie-eolienne-terrestre-sur-la-biodiversite-volante","status":"publish","type":"page","link":"https:\/\/www.fondationbiodiversite.fr\/en\/the-frb-in-action\/programs-and-projects\/programme-de-recherche-mirova-fondation-frb\/efficacite-des-solutions-et-recommandations-pour-limiter-limpact-de-la-production-denergie-eolienne-terrestre-sur-la-biodiversite-volante\/","title":{"rendered":"Onshore wind energy"},"content":{"rendered":"<p>Since the deployment of the first onshore wind installations, controversies have emerged regarding their economic and environmental costs and benefits.<\/p>\n<p>&nbsp;<\/p>\n<p>The International Renewable Energy Agency has established an optimistic plan according to which decarbonized electricity production from renewable energy should increase from 25% in 2017 to 85% in 2050. In the context of the climate emergency, the energy transition towards renewable sources is essential to limit greenhouse gas emissions. Onshore wind energy, which is rapidly expanding, plays a crucial role in this transition.<\/p>\n<p>&nbsp;<\/p>\n<p>Driven also by technological progress, economies of scale, competitive supply chains and the expertise of developers, the costs of renewable electricity have significantly decreased over the past decade, fostering socio-economic and human development.<\/p>\n<p>&nbsp;<\/p>\n<p>However, its rapid development raises environmental challenges, particularly in terms of negative impacts on flying wildlife.<\/p>\n<p>&nbsp;<\/p>\n<div class=\"bloc_gris\">\n<p style=\"text-align: center;\"><strong>Focus on the impacts of onshore wind installations on biodiversity<\/strong><\/p>\n<p>&nbsp;<\/p>\n<p>The main impacts of wind energy occur during the <strong>construction<\/strong> and <strong>operation<\/strong> phases.<\/p>\n<p>&nbsp;<\/p>\n<p><strong>Habitat loss caused by the clearing of forested areas<\/strong> during the construction phase has <strong>negative effects on forest animal species<\/strong>.<\/p>\n<p>&nbsp;<\/p>\n<p>During the operational phase, the main disturbances caused by wind turbines are due to <strong>rotor movement<\/strong>, <strong>noise<\/strong>, <strong>vibrations<\/strong>, <strong>flickering lights<\/strong> and increased <strong>human presence<\/strong>.<\/p>\n<p>&nbsp;<\/p>\n<p>These disturbances lead, in many animal species, to:<\/p>\n<ul>\n<li><strong>Direct mortality<\/strong> through collision;<\/li>\n<li><strong>Indirect mortality<\/strong> through the reduction of habitat quality and resource availability near wind turbines;<\/li>\n<li><strong>Behavioral changes<\/strong> such as avoidance and modification of flight paths, particularly among migratory species. These avoidance actions can occur at different scales: at the level of the entire wind farm, within it, or in the immediate vicinity of turbines.<\/li>\n<\/ul>\n<\/div>\n<p>&nbsp;<\/p>\n<p>&nbsp;<\/p>\n<h3>The need to assess the measures implemented to mitigate the impact of onshore wind turbines on flying animal species<\/h3>\n<p>Finding operational solutions and assessing the effectiveness of these solutions and recommended measures to minimize the impacts of onshore wind energy on flying biodiversity is essential. In general, the measures identified to mitigate the impact of wind turbines on biodiversity include a variety of approaches adapted to different contexts.<\/p>\n<p>&nbsp;<\/p>\n<p>Among these measures are:<\/p>\n<p>&nbsp;<\/p>\n<ul>\n<li><strong>Mortality prediction<\/strong>;<\/li>\n<li><em><strong>Micro-siting<\/strong><\/em> and <em><strong>macro-siting<\/strong><\/em>, which aim to optimize the placement of wind turbines;<\/li>\n<li>Different types of <strong>curtailment<\/strong>: increasing turbine cut-in speed thresholds, adjusting blade orientation, selective shutdown, and integrating advanced technologies;<\/li>\n<li>Various <strong>deterrent devices<\/strong>: acoustic using ultrasounds, combined acoustic and light systems, mid-frequency acoustic systems, radar, and UV light;<\/li>\n<li><strong>Structural modifications to turbines<\/strong>, such as varying rotor diameters, painting wind turbines, or applying textured surfaces;<\/li>\n<li>Global strategies such as <strong>wind farm repowering<\/strong> (<em>repowering<\/em>) or the removal of ecologically attractive factors;<\/li>\n<li>The effect of <strong>night-time aviation safety lighting<\/strong> has also been evaluated.<\/li>\n<\/ul>\n<p><em>The solutions presented in this publication have shown a certain level of effectiveness in specific studies, limited to particular contexts and species.<\/em><\/p>\n<p>&nbsp;<\/p>\n<p>&nbsp;<\/p>\n<h3>Recommendations to reduce risks to biodiversity<\/h3>\n<p>This work presents a synthesis of recommendations specifically developed for three major groups of stakeholders: the <strong>scientific community<\/strong>, the <strong>government decision-makers<\/strong> and <strong>wind energy operators<\/strong>. These proposals aim to reconcile the imperatives of the energy transition with the need to preserve flying biodiversity. The responsibility of operators, planners, states or developers is to understand these impacts, reduce their magnitude, and communicate about their risks and dependencies on biodiversity.<\/p>\n<p>&nbsp;<\/p>\n<h4><span style=\"color: #005591;\">For the scientific community<\/span><\/h4>\n<p>The scientific community working on the impacts of onshore wind energy on flying biodiversity can support the development or improvement of risk-reduction technologies. These recommendations will improve knowledge and therefore the effectiveness of the measures implemented.<\/p>\n<p>&nbsp;<\/p>\n<p>&nbsp;<\/p>\n<h4><span style=\"color: #005591;\">For project developers and operators<\/span><\/h4>\n<p>As with the entire private sector, wind turbine developers and operators must monitor, assess and regularly disclose, in a transparent manner, their risks, dependencies and impacts on biodiversity across their supply and value chains, and provide the necessary information to consumers in order to:<\/p>\n<ul>\n<li>promote sustainable consumption patterns;<\/li>\n<li>gradually reduce negative impacts on biodiversity;<\/li>\n<li>increase positive impacts;<\/li>\n<li>reduce biodiversity-related risks.<\/li>\n<\/ul>\n<p>&nbsp;<\/p>\n<p>&nbsp;<\/p>\n<h4><span style=\"color: #005591;\">For states and government agencies<\/span><\/h4>\n<p>States, and more broadly public authorities, must ensure that operators and developers comply with their biodiversity obligations in order to protect the species and ecosystems on which our quality of life depends.<\/p>\n","protected":false},"excerpt":{"rendered":"<p>Since the deployment of the first onshore wind installations, controversies have emerged regarding their economic and environmental costs and benefits. &nbsp; The International Renewable Energy Agency has established an optimistic plan according to which decarbonized electricity production from renewable energy should increase from 25% in 2017 to 85% in 2050. In the context of the [&hellip;]<\/p>\n","protected":false},"author":10,"featured_media":31575,"parent":36062,"menu_order":14,"comment_status":"closed","ping_status":"closed","template":"","meta":{"_acf_changed":false,"inline_featured_image":false,"footnotes":""},"class_list":["post-36083","page","type-page","status-publish","has-post-thumbnail","hentry"],"acf":[],"yoast_head":"<!-- This site is optimized with the Yoast SEO plugin v27.3 - https:\/\/yoast.com\/product\/yoast-seo-wordpress\/ -->\n<title>Onshore wind energy - Fondation pour la recherche sur la biodiversit\u00e9<\/title>\n<meta name=\"robots\" content=\"index, follow, max-snippet:-1, max-image-preview:large, max-video-preview:-1\" \/>\n<link rel=\"canonical\" href=\"https:\/\/www.fondationbiodiversite.fr\/en\/the-frb-in-action\/programs-and-projects\/programme-de-recherche-mirova-fondation-frb\/efficacite-des-solutions-et-recommandations-pour-limiter-limpact-de-la-production-denergie-eolienne-terrestre-sur-la-biodiversite-volante\/\" \/>\n<meta property=\"og:locale\" content=\"en_US\" \/>\n<meta property=\"og:type\" content=\"article\" \/>\n<meta property=\"og:title\" content=\"Onshore wind energy - Fondation pour la recherche sur la biodiversit\u00e9\" \/>\n<meta property=\"og:description\" content=\"Since the deployment of the first onshore wind installations, controversies have emerged regarding their economic and environmental costs and benefits. &nbsp; The International Renewable Energy Agency has established an optimistic plan according to which decarbonized electricity production from renewable energy should increase from 25% in 2017 to 85% in 2050. In the context of the [&hellip;]\" \/>\n<meta property=\"og:url\" content=\"https:\/\/www.fondationbiodiversite.fr\/en\/the-frb-in-action\/programs-and-projects\/programme-de-recherche-mirova-fondation-frb\/efficacite-des-solutions-et-recommandations-pour-limiter-limpact-de-la-production-denergie-eolienne-terrestre-sur-la-biodiversite-volante\/\" \/>\n<meta property=\"og:site_name\" content=\"Fondation pour la recherche sur la biodiversit\u00e9\" \/>\n<meta property=\"article:publisher\" content=\"https:\/\/www.facebook.com\/FRBiodiv#\" \/>\n<meta property=\"article:modified_time\" content=\"2026-03-06T14:25:34+00:00\" \/>\n<meta property=\"og:image\" content=\"https:\/\/www.fondationbiodiversite.fr\/wp-content\/uploads\/2025\/09\/FRB_Visuel_Solution_terrestre.jpg\" \/>\n\t<meta property=\"og:image:width\" content=\"690\" \/>\n\t<meta property=\"og:image:height\" content=\"450\" \/>\n\t<meta property=\"og:image:type\" content=\"image\/jpeg\" \/>\n<meta name=\"twitter:card\" content=\"summary_large_image\" \/>\n<meta name=\"twitter:site\" content=\"@FRBiodiv\" \/>\n<meta name=\"twitter:label1\" content=\"Est. reading time\" \/>\n\t<meta name=\"twitter:data1\" content=\"5 minutes\" \/>\n<script type=\"application\/ld+json\" class=\"yoast-schema-graph\">{\"@context\":\"https:\\\/\\\/schema.org\",\"@graph\":[{\"@type\":\"WebPage\",\"@id\":\"https:\\\/\\\/www.fondationbiodiversite.fr\\\/en\\\/the-frb-in-action\\\/programs-and-projects\\\/programme-de-recherche-mirova-fondation-frb\\\/efficacite-des-solutions-et-recommandations-pour-limiter-limpact-de-la-production-denergie-eolienne-terrestre-sur-la-biodiversite-volante\\\/\",\"url\":\"https:\\\/\\\/www.fondationbiodiversite.fr\\\/en\\\/the-frb-in-action\\\/programs-and-projects\\\/programme-de-recherche-mirova-fondation-frb\\\/efficacite-des-solutions-et-recommandations-pour-limiter-limpact-de-la-production-denergie-eolienne-terrestre-sur-la-biodiversite-volante\\\/\",\"name\":\"Onshore wind energy - Fondation pour la recherche sur la biodiversit\u00e9\",\"isPartOf\":{\"@id\":\"https:\\\/\\\/www.fondationbiodiversite.fr\\\/en\\\/#website\"},\"primaryImageOfPage\":{\"@id\":\"https:\\\/\\\/www.fondationbiodiversite.fr\\\/en\\\/the-frb-in-action\\\/programs-and-projects\\\/programme-de-recherche-mirova-fondation-frb\\\/efficacite-des-solutions-et-recommandations-pour-limiter-limpact-de-la-production-denergie-eolienne-terrestre-sur-la-biodiversite-volante\\\/#primaryimage\"},\"image\":{\"@id\":\"https:\\\/\\\/www.fondationbiodiversite.fr\\\/en\\\/the-frb-in-action\\\/programs-and-projects\\\/programme-de-recherche-mirova-fondation-frb\\\/efficacite-des-solutions-et-recommandations-pour-limiter-limpact-de-la-production-denergie-eolienne-terrestre-sur-la-biodiversite-volante\\\/#primaryimage\"},\"thumbnailUrl\":\"https:\\\/\\\/www.fondationbiodiversite.fr\\\/wp-content\\\/uploads\\\/2025\\\/09\\\/FRB_Visuel_Solution_terrestre.jpg\",\"datePublished\":\"2026-03-06T14:00:48+00:00\",\"dateModified\":\"2026-03-06T14:25:34+00:00\",\"breadcrumb\":{\"@id\":\"https:\\\/\\\/www.fondationbiodiversite.fr\\\/en\\\/the-frb-in-action\\\/programs-and-projects\\\/programme-de-recherche-mirova-fondation-frb\\\/efficacite-des-solutions-et-recommandations-pour-limiter-limpact-de-la-production-denergie-eolienne-terrestre-sur-la-biodiversite-volante\\\/#breadcrumb\"},\"inLanguage\":\"en-US\",\"potentialAction\":[{\"@type\":\"ReadAction\",\"target\":[\"https:\\\/\\\/www.fondationbiodiversite.fr\\\/en\\\/the-frb-in-action\\\/programs-and-projects\\\/programme-de-recherche-mirova-fondation-frb\\\/efficacite-des-solutions-et-recommandations-pour-limiter-limpact-de-la-production-denergie-eolienne-terrestre-sur-la-biodiversite-volante\\\/\"]}]},{\"@type\":\"ImageObject\",\"inLanguage\":\"en-US\",\"@id\":\"https:\\\/\\\/www.fondationbiodiversite.fr\\\/en\\\/the-frb-in-action\\\/programs-and-projects\\\/programme-de-recherche-mirova-fondation-frb\\\/efficacite-des-solutions-et-recommandations-pour-limiter-limpact-de-la-production-denergie-eolienne-terrestre-sur-la-biodiversite-volante\\\/#primaryimage\",\"url\":\"https:\\\/\\\/www.fondationbiodiversite.fr\\\/wp-content\\\/uploads\\\/2025\\\/09\\\/FRB_Visuel_Solution_terrestre.jpg\",\"contentUrl\":\"https:\\\/\\\/www.fondationbiodiversite.fr\\\/wp-content\\\/uploads\\\/2025\\\/09\\\/FRB_Visuel_Solution_terrestre.jpg\",\"width\":690,\"height\":450,\"caption\":\"FRB_Visuel_Solution_terrestre\"},{\"@type\":\"BreadcrumbList\",\"@id\":\"https:\\\/\\\/www.fondationbiodiversite.fr\\\/en\\\/the-frb-in-action\\\/programs-and-projects\\\/programme-de-recherche-mirova-fondation-frb\\\/efficacite-des-solutions-et-recommandations-pour-limiter-limpact-de-la-production-denergie-eolienne-terrestre-sur-la-biodiversite-volante\\\/#breadcrumb\",\"itemListElement\":[{\"@type\":\"ListItem\",\"position\":1,\"name\":\"Accueil\",\"item\":\"https:\\\/\\\/www.fondationbiodiversite.fr\\\/en\\\/\"},{\"@type\":\"ListItem\",\"position\":2,\"name\":\"The FRB in action\",\"item\":\"https:\\\/\\\/www.fondationbiodiversite.fr\\\/en\\\/the-frb-in-action\\\/\"},{\"@type\":\"ListItem\",\"position\":3,\"name\":\"The FRB&#8217;s programs &#038; projects\",\"item\":\"https:\\\/\\\/www.fondationbiodiversite.fr\\\/en\\\/the-frb-in-action\\\/programs-and-projects\\\/\"},{\"@type\":\"ListItem\",\"position\":4,\"name\":\"Impact of renewable energy on biodiversity\",\"item\":\"https:\\\/\\\/www.fondationbiodiversite.fr\\\/en\\\/the-frb-in-action\\\/programs-and-projects\\\/programme-de-recherche-mirova-fondation-frb\\\/\"},{\"@type\":\"ListItem\",\"position\":5,\"name\":\"Onshore wind energy\"}]},{\"@type\":\"WebSite\",\"@id\":\"https:\\\/\\\/www.fondationbiodiversite.fr\\\/en\\\/#website\",\"url\":\"https:\\\/\\\/www.fondationbiodiversite.fr\\\/en\\\/\",\"name\":\"Fondation pour la recherche sur la biodiversit\u00e9\",\"description\":\"Une plateforme entre les diff\u00e9rents acteurs scientifiques et les acteurs de la soci\u00e9t\u00e9 sur la biodiversit\u00e9..\",\"publisher\":{\"@id\":\"https:\\\/\\\/www.fondationbiodiversite.fr\\\/en\\\/#organization\"},\"alternateName\":\"FRB\",\"potentialAction\":[{\"@type\":\"SearchAction\",\"target\":{\"@type\":\"EntryPoint\",\"urlTemplate\":\"https:\\\/\\\/www.fondationbiodiversite.fr\\\/en\\\/?s={search_term_string}\"},\"query-input\":{\"@type\":\"PropertyValueSpecification\",\"valueRequired\":true,\"valueName\":\"search_term_string\"}}],\"inLanguage\":\"en-US\"},{\"@type\":\"Organization\",\"@id\":\"https:\\\/\\\/www.fondationbiodiversite.fr\\\/en\\\/#organization\",\"name\":\"Fondation pour la recherche sur la biodiversit\u00e9\",\"url\":\"https:\\\/\\\/www.fondationbiodiversite.fr\\\/en\\\/\",\"logo\":{\"@type\":\"ImageObject\",\"inLanguage\":\"en-US\",\"@id\":\"https:\\\/\\\/www.fondationbiodiversite.fr\\\/en\\\/#\\\/schema\\\/logo\\\/image\\\/\",\"url\":\"https:\\\/\\\/www.fondationbiodiversite.fr\\\/wp-content\\\/uploads\\\/2025\\\/10\\\/logo_FRB_RVB.png\",\"contentUrl\":\"https:\\\/\\\/www.fondationbiodiversite.fr\\\/wp-content\\\/uploads\\\/2025\\\/10\\\/logo_FRB_RVB.png\",\"width\":220,\"height\":220,\"caption\":\"Fondation pour la recherche sur la biodiversit\u00e9\"},\"image\":{\"@id\":\"https:\\\/\\\/www.fondationbiodiversite.fr\\\/en\\\/#\\\/schema\\\/logo\\\/image\\\/\"},\"sameAs\":[\"https:\\\/\\\/www.facebook.com\\\/FRBiodiv#\",\"https:\\\/\\\/x.com\\\/FRBiodiv\",\"https:\\\/\\\/bsky.app\\\/profile\\\/frbiodiv.bsky.social\",\"https:\\\/\\\/www.instagram.com\\\/frbiodiv\\\/\",\"https:\\\/\\\/www.linkedin.com\\\/in\\\/fondation-pour-la-recherche-sur-la-biodiversit-223059121\\\/\",\"https:\\\/\\\/www.youtube.com\\\/@FRBiodiv\"]}]}<\/script>\n<!-- \/ Yoast SEO plugin. -->","yoast_head_json":{"title":"Onshore wind energy - Fondation pour la recherche sur la biodiversit\u00e9","robots":{"index":"index","follow":"follow","max-snippet":"max-snippet:-1","max-image-preview":"max-image-preview:large","max-video-preview":"max-video-preview:-1"},"canonical":"https:\/\/www.fondationbiodiversite.fr\/en\/the-frb-in-action\/programs-and-projects\/programme-de-recherche-mirova-fondation-frb\/efficacite-des-solutions-et-recommandations-pour-limiter-limpact-de-la-production-denergie-eolienne-terrestre-sur-la-biodiversite-volante\/","og_locale":"en_US","og_type":"article","og_title":"Onshore wind energy - Fondation pour la recherche sur la biodiversit\u00e9","og_description":"Since the deployment of the first onshore wind installations, controversies have emerged regarding their economic and environmental costs and benefits. &nbsp; The International Renewable Energy Agency has established an optimistic plan according to which decarbonized electricity production from renewable energy should increase from 25% in 2017 to 85% in 2050. In the context of the [&hellip;]","og_url":"https:\/\/www.fondationbiodiversite.fr\/en\/the-frb-in-action\/programs-and-projects\/programme-de-recherche-mirova-fondation-frb\/efficacite-des-solutions-et-recommandations-pour-limiter-limpact-de-la-production-denergie-eolienne-terrestre-sur-la-biodiversite-volante\/","og_site_name":"Fondation pour la recherche sur la biodiversit\u00e9","article_publisher":"https:\/\/www.facebook.com\/FRBiodiv#","article_modified_time":"2026-03-06T14:25:34+00:00","og_image":[{"width":690,"height":450,"url":"https:\/\/www.fondationbiodiversite.fr\/wp-content\/uploads\/2025\/09\/FRB_Visuel_Solution_terrestre.jpg","type":"image\/jpeg"}],"twitter_card":"summary_large_image","twitter_site":"@FRBiodiv","twitter_misc":{"Est. reading time":"5 minutes"},"schema":{"@context":"https:\/\/schema.org","@graph":[{"@type":"WebPage","@id":"https:\/\/www.fondationbiodiversite.fr\/en\/the-frb-in-action\/programs-and-projects\/programme-de-recherche-mirova-fondation-frb\/efficacite-des-solutions-et-recommandations-pour-limiter-limpact-de-la-production-denergie-eolienne-terrestre-sur-la-biodiversite-volante\/","url":"https:\/\/www.fondationbiodiversite.fr\/en\/the-frb-in-action\/programs-and-projects\/programme-de-recherche-mirova-fondation-frb\/efficacite-des-solutions-et-recommandations-pour-limiter-limpact-de-la-production-denergie-eolienne-terrestre-sur-la-biodiversite-volante\/","name":"Onshore wind energy - Fondation pour la recherche sur la biodiversit\u00e9","isPartOf":{"@id":"https:\/\/www.fondationbiodiversite.fr\/en\/#website"},"primaryImageOfPage":{"@id":"https:\/\/www.fondationbiodiversite.fr\/en\/the-frb-in-action\/programs-and-projects\/programme-de-recherche-mirova-fondation-frb\/efficacite-des-solutions-et-recommandations-pour-limiter-limpact-de-la-production-denergie-eolienne-terrestre-sur-la-biodiversite-volante\/#primaryimage"},"image":{"@id":"https:\/\/www.fondationbiodiversite.fr\/en\/the-frb-in-action\/programs-and-projects\/programme-de-recherche-mirova-fondation-frb\/efficacite-des-solutions-et-recommandations-pour-limiter-limpact-de-la-production-denergie-eolienne-terrestre-sur-la-biodiversite-volante\/#primaryimage"},"thumbnailUrl":"https:\/\/www.fondationbiodiversite.fr\/wp-content\/uploads\/2025\/09\/FRB_Visuel_Solution_terrestre.jpg","datePublished":"2026-03-06T14:00:48+00:00","dateModified":"2026-03-06T14:25:34+00:00","breadcrumb":{"@id":"https:\/\/www.fondationbiodiversite.fr\/en\/the-frb-in-action\/programs-and-projects\/programme-de-recherche-mirova-fondation-frb\/efficacite-des-solutions-et-recommandations-pour-limiter-limpact-de-la-production-denergie-eolienne-terrestre-sur-la-biodiversite-volante\/#breadcrumb"},"inLanguage":"en-US","potentialAction":[{"@type":"ReadAction","target":["https:\/\/www.fondationbiodiversite.fr\/en\/the-frb-in-action\/programs-and-projects\/programme-de-recherche-mirova-fondation-frb\/efficacite-des-solutions-et-recommandations-pour-limiter-limpact-de-la-production-denergie-eolienne-terrestre-sur-la-biodiversite-volante\/"]}]},{"@type":"ImageObject","inLanguage":"en-US","@id":"https:\/\/www.fondationbiodiversite.fr\/en\/the-frb-in-action\/programs-and-projects\/programme-de-recherche-mirova-fondation-frb\/efficacite-des-solutions-et-recommandations-pour-limiter-limpact-de-la-production-denergie-eolienne-terrestre-sur-la-biodiversite-volante\/#primaryimage","url":"https:\/\/www.fondationbiodiversite.fr\/wp-content\/uploads\/2025\/09\/FRB_Visuel_Solution_terrestre.jpg","contentUrl":"https:\/\/www.fondationbiodiversite.fr\/wp-content\/uploads\/2025\/09\/FRB_Visuel_Solution_terrestre.jpg","width":690,"height":450,"caption":"FRB_Visuel_Solution_terrestre"},{"@type":"BreadcrumbList","@id":"https:\/\/www.fondationbiodiversite.fr\/en\/the-frb-in-action\/programs-and-projects\/programme-de-recherche-mirova-fondation-frb\/efficacite-des-solutions-et-recommandations-pour-limiter-limpact-de-la-production-denergie-eolienne-terrestre-sur-la-biodiversite-volante\/#breadcrumb","itemListElement":[{"@type":"ListItem","position":1,"name":"Accueil","item":"https:\/\/www.fondationbiodiversite.fr\/en\/"},{"@type":"ListItem","position":2,"name":"The FRB in action","item":"https:\/\/www.fondationbiodiversite.fr\/en\/the-frb-in-action\/"},{"@type":"ListItem","position":3,"name":"The FRB&#8217;s programs &#038; projects","item":"https:\/\/www.fondationbiodiversite.fr\/en\/the-frb-in-action\/programs-and-projects\/"},{"@type":"ListItem","position":4,"name":"Impact of renewable energy on biodiversity","item":"https:\/\/www.fondationbiodiversite.fr\/en\/the-frb-in-action\/programs-and-projects\/programme-de-recherche-mirova-fondation-frb\/"},{"@type":"ListItem","position":5,"name":"Onshore wind energy"}]},{"@type":"WebSite","@id":"https:\/\/www.fondationbiodiversite.fr\/en\/#website","url":"https:\/\/www.fondationbiodiversite.fr\/en\/","name":"Fondation pour la recherche sur la biodiversit\u00e9","description":"Une plateforme entre les diff\u00e9rents acteurs scientifiques et les acteurs de la soci\u00e9t\u00e9 sur la biodiversit\u00e9..","publisher":{"@id":"https:\/\/www.fondationbiodiversite.fr\/en\/#organization"},"alternateName":"FRB","potentialAction":[{"@type":"SearchAction","target":{"@type":"EntryPoint","urlTemplate":"https:\/\/www.fondationbiodiversite.fr\/en\/?s={search_term_string}"},"query-input":{"@type":"PropertyValueSpecification","valueRequired":true,"valueName":"search_term_string"}}],"inLanguage":"en-US"},{"@type":"Organization","@id":"https:\/\/www.fondationbiodiversite.fr\/en\/#organization","name":"Fondation pour la recherche sur la biodiversit\u00e9","url":"https:\/\/www.fondationbiodiversite.fr\/en\/","logo":{"@type":"ImageObject","inLanguage":"en-US","@id":"https:\/\/www.fondationbiodiversite.fr\/en\/#\/schema\/logo\/image\/","url":"https:\/\/www.fondationbiodiversite.fr\/wp-content\/uploads\/2025\/10\/logo_FRB_RVB.png","contentUrl":"https:\/\/www.fondationbiodiversite.fr\/wp-content\/uploads\/2025\/10\/logo_FRB_RVB.png","width":220,"height":220,"caption":"Fondation pour la recherche sur la biodiversit\u00e9"},"image":{"@id":"https:\/\/www.fondationbiodiversite.fr\/en\/#\/schema\/logo\/image\/"},"sameAs":["https:\/\/www.facebook.com\/FRBiodiv#","https:\/\/x.com\/FRBiodiv","https:\/\/bsky.app\/profile\/frbiodiv.bsky.social","https:\/\/www.instagram.com\/frbiodiv\/","https:\/\/www.linkedin.com\/in\/fondation-pour-la-recherche-sur-la-biodiversit-223059121\/","https:\/\/www.youtube.com\/@FRBiodiv"]}]}},"_links":{"self":[{"href":"https:\/\/www.fondationbiodiversite.fr\/en\/wp-json\/wp\/v2\/pages\/36083","targetHints":{"allow":["GET"]}}],"collection":[{"href":"https:\/\/www.fondationbiodiversite.fr\/en\/wp-json\/wp\/v2\/pages"}],"about":[{"href":"https:\/\/www.fondationbiodiversite.fr\/en\/wp-json\/wp\/v2\/types\/page"}],"author":[{"embeddable":true,"href":"https:\/\/www.fondationbiodiversite.fr\/en\/wp-json\/wp\/v2\/users\/10"}],"replies":[{"embeddable":true,"href":"https:\/\/www.fondationbiodiversite.fr\/en\/wp-json\/wp\/v2\/comments?post=36083"}],"version-history":[{"count":8,"href":"https:\/\/www.fondationbiodiversite.fr\/en\/wp-json\/wp\/v2\/pages\/36083\/revisions"}],"predecessor-version":[{"id":36098,"href":"https:\/\/www.fondationbiodiversite.fr\/en\/wp-json\/wp\/v2\/pages\/36083\/revisions\/36098"}],"up":[{"embeddable":true,"href":"https:\/\/www.fondationbiodiversite.fr\/en\/wp-json\/wp\/v2\/pages\/36062"}],"wp:featuredmedia":[{"embeddable":true,"href":"https:\/\/www.fondationbiodiversite.fr\/en\/wp-json\/wp\/v2\/media\/31575"}],"wp:attachment":[{"href":"https:\/\/www.fondationbiodiversite.fr\/en\/wp-json\/wp\/v2\/media?parent=36083"}],"curies":[{"name":"wp","href":"https:\/\/api.w.org\/{rel}","templated":true}]}}