
{"id":36062,"date":"2026-03-06T14:38:26","date_gmt":"2026-03-06T13:38:26","guid":{"rendered":"https:\/\/www.fondationbiodiversite.fr\/?page_id=36062"},"modified":"2026-03-06T16:38:28","modified_gmt":"2026-03-06T15:38:28","slug":"programme-de-recherche-mirova-fondation-frb","status":"publish","type":"page","link":"https:\/\/www.fondationbiodiversite.fr\/en\/the-frb-in-action\/programs-and-projects\/programme-de-recherche-mirova-fondation-frb\/","title":{"rendered":"Impact of renewable energy on biodiversity"},"content":{"rendered":"<p>The research program on the \u201cImpacts of renewable energy on biodiversity\u201d aims to identify current scientific knowledge on the impacts of renewable energy production infrastructures on biodiversity, through the five major drivers of biodiversity loss identified by Ipbes, the Intergovernmental Science-Policy Platform on Biodiversity and Ecosystem Services. These drivers are <strong>land-use change<\/strong>, <strong>species exploitation<\/strong>, <strong>pollution<\/strong>, <strong>climate change<\/strong> and <strong>invasive alien species<\/strong>. The impacts of these infrastructures occur at different scales, whether at the level of individuals (disturbance, injury or death), populations, species, communities or ecosystems.<\/p>\n<p>&nbsp;<\/p>\n<div class=\"bloc_gris\">\n<p><strong>This program aims to:<\/strong><\/p>\n<ul>\n<li>Improve the understanding of the impacts of wind energy production infrastructures, both onshore and offshore, on biodiversity. This includes quantifying these impacts, exploring solutions for avoidance, reduction and compensation, and establishing practical recommendations for stakeholders in the wind energy sector.<\/li>\n<li>Highlight beneficial practices while identifying and abandoning those that are harmful.<\/li>\n<li>Provide operational recommendations based on solid scientific data in order to promote optimal development and operational methods for renewable energy production infrastructures.<\/li>\n<\/ul>\n<\/div>\n<p>&nbsp;<\/p>\n<p>&nbsp;<\/p>\n<h3>Knowledge synthesis<\/h3>\n<div class=\"bloc_gris\">\n<p>In accordance with Target 15 of the Kunming\u2013Montreal Global Biodiversity Framework, all economic actors must reduce their negative impacts on biodiversity, including the impacts of solutions aimed at mitigating climate change. Thus, energy production, like other human activities, must transition toward more sustainable actions while preserving biodiversity.<\/p>\n<p>&nbsp;<\/p>\n<p>These <strong>knowledge syntheses<\/strong> provide recommendations specifically developed for three major groups of stakeholders: <strong>the scientific community<\/strong>, <strong>government decision-makers<\/strong> and <strong>wind energy operators<\/strong>. These proposals aim to reconcile the imperatives of the energy transition with the need to preserve flying biodiversity.<\/p>\n<\/div>\n<p>&nbsp;<\/p>\n<h6>Knowledge syntheses:<\/h6>\n<p>&nbsp;<\/p>\n<div class=\"contenu_connexe\"><a href=\"https:\/\/www.fondationbiodiversite.fr\/en\/the-frb-in-action\/programs-and-projects\/programme-de-recherche-mirova-fondation-frb\/efficacite-des-solutions-et-recommandations-pour-limiter-limpact-de-la-production-denergie-eolienne-terrestre-sur-la-biodiversite-volante\/\"><span class=\"thumb\" style=\"background-image: url('https:\/\/www.fondationbiodiversite.fr\/wp-content\/uploads\/2025\/09\/FRB_Visuel_Solution_terrestre.jpg');\"><img decoding=\"async\" src=\"https:\/\/www.fondationbiodiversite.fr\/wp-content\/uploads\/2025\/09\/FRB_Visuel_Solution_terrestre.jpg\" alt=\"Onshore wind energy\"><\/span><span class=\"content\">Onshore wind energy<strong class=\"lien\">Read more<\/strong><\/span><\/a><\/div>\n<div class=\"contenu_connexe\"><a href=\"https:\/\/www.fondationbiodiversite.fr\/en\/the-frb-in-action\/programs-and-projects\/programme-de-recherche-mirova-fondation-frb\/impacts-des-installations-eoliennes-en-mer-sur-la-biodiversite-et-recommandations-pour-levaluation-des-risques\/\"><span class=\"thumb\" style=\"background-image: url('https:\/\/www.fondationbiodiversite.fr\/wp-content\/uploads\/2025\/02\/FRB_Visuel_Impact_Eolien_offshore.jpg');\"><img decoding=\"async\" src=\"https:\/\/www.fondationbiodiversite.fr\/wp-content\/uploads\/2025\/02\/FRB_Visuel_Impact_Eolien_offshore.jpg\" alt=\"Offshore wind energy\"><\/span><span class=\"content\">Offshore wind energy<strong class=\"lien\">Read more<\/strong><\/span><\/a><\/div>\n<p>&nbsp;<\/p>\n<p>&nbsp;<\/p>\n<h3>Research projects on the impacts of wind energy on biodiversity<\/h3>\n<div class=\"bloc_gris\">\n<p>Building on current knowledge and ongoing studies, the <strong>Foundation for Biodiversity Research<\/strong> and the <strong>Mirova Research Center<\/strong> have joined forces to create a funding program for research projects in order to better assess the impact of renewable energy on biodiversity and produce operational recommendations for improved practices for stakeholders in the sector.<\/p>\n<p>&nbsp;<\/p>\n<p>The aim of this call is to improve knowledge on the impacts of onshore and offshore wind energy production infrastructures on biodiversity, particularly their quantification, avoidance, reduction and compensation solutions, and to establish operational recommendations for stakeholders in the wind energy sector in order to promote better development and operational practices, and to adapt existing practices to reduce these impacts on biodiversity. <strong><a href=\"https:\/\/www.fondationbiodiversite.fr\/appel\/appel-a-projets-frb-mirova-foundation-impact-des-energies-eoliennes-sur-la-biodiversite\/\">more info<\/a><\/strong><\/p>\n<\/div>\n<p>&nbsp;<\/p>\n<h6>Projects:<\/h6>\n<p>&nbsp;<\/p>\n<div class=\"contenu_connexe\"><a href=\"https:\/\/www.fondationbiodiversite.fr\/en\/the-frb-in-action\/programs-and-projects\/programme-de-recherche-mirova-fondation-frb\/bribat\/\"><span class=\"thumb\" style=\"background-image: url('https:\/\/www.fondationbiodiversite.fr\/wp-content\/uploads\/2024\/01\/FRB_bribat_visuel.jpg');\"><img decoding=\"async\" src=\"https:\/\/www.fondationbiodiversite.fr\/wp-content\/uploads\/2024\/01\/FRB_bribat_visuel.jpg\" alt=\"Bribat\"><\/span><span class=\"content\">Bribat<strong class=\"lien\">Read more<\/strong><\/span><\/a><\/div>\n<div class=\"contenu_connexe\"><a href=\"https:\/\/www.fondationbiodiversite.fr\/en\/the-frb-in-action\/programs-and-projects\/programme-de-recherche-mirova-fondation-frb\/eolrap\/\"><span class=\"thumb\" style=\"background-image: url('https:\/\/www.fondationbiodiversite.fr\/wp-content\/uploads\/2024\/01\/FRB_Projet_Eolrapjpg.jpg');\"><img decoding=\"async\" src=\"https:\/\/www.fondationbiodiversite.fr\/wp-content\/uploads\/2024\/01\/FRB_Projet_Eolrapjpg.jpg\" alt=\"Eolrap\"><\/span><span class=\"content\">Eolrap<strong class=\"lien\">Read more<\/strong><\/span><\/a><\/div>\n<div class=\"contenu_connexe\"><a href=\"https:\/\/www.fondationbiodiversite.fr\/en\/the-frb-in-action\/programs-and-projects\/programme-de-recherche-mirova-fondation-frb\/cemarb_dc\/\"><span class=\"thumb\" style=\"background-image: url('https:\/\/www.fondationbiodiversite.fr\/wp-content\/uploads\/2024\/01\/FRB_Scyliorhinus_canicula.001_-_Aquarium_Finisterrae.jpg');\"><img decoding=\"async\" src=\"https:\/\/www.fondationbiodiversite.fr\/wp-content\/uploads\/2024\/01\/FRB_Scyliorhinus_canicula.001_-_Aquarium_Finisterrae.jpg\" alt=\"Cemarb_DC\"><\/span><span class=\"content\">Cemarb_DC<strong class=\"lien\">Read more<\/strong><\/span><\/a><\/div>\n<div class=\"contenu_connexe\"><a href=\"https:\/\/www.fondationbiodiversite.fr\/en\/the-frb-in-action\/programs-and-projects\/programme-de-recherche-mirova-fondation-frb\/chiro-eolhab\/\"><span class=\"thumb\" style=\"background-image: url('https:\/\/www.fondationbiodiversite.fr\/wp-content\/uploads\/2024\/01\/FRB_visuel_Chiro-EolHab.jpg');\"><img decoding=\"async\" src=\"https:\/\/www.fondationbiodiversite.fr\/wp-content\/uploads\/2024\/01\/FRB_visuel_Chiro-EolHab.jpg\" alt=\"Chiro-EolHab\"><\/span><span class=\"content\">Chiro-EolHab<strong class=\"lien\">Read more<\/strong><\/span><\/a><\/div>\n<p>&nbsp;<\/p>\n<p>&nbsp;<\/p>\n","protected":false},"excerpt":{"rendered":"<p>The research program on the \u201cImpacts of renewable energy on biodiversity\u201d aims to identify current scientific knowledge on the impacts of renewable energy production infrastructures on biodiversity, through the five major drivers of biodiversity loss identified by Ipbes, the Intergovernmental Science-Policy Platform on Biodiversity and Ecosystem Services. These drivers are land-use change, species exploitation, pollution, [&hellip;]<\/p>\n","protected":false},"author":18,"featured_media":22173,"parent":2237,"menu_order":3,"comment_status":"closed","ping_status":"closed","template":"temp_prog.php","meta":{"_acf_changed":false,"inline_featured_image":false,"footnotes":""},"class_list":["post-36062","page","type-page","status-publish","has-post-thumbnail","hentry"],"acf":[],"yoast_head":"<!-- This site is optimized with the Yoast SEO plugin v27.4 - https:\/\/yoast.com\/product\/yoast-seo-wordpress\/ -->\n<title>Impact of renewable energy on biodiversity - Fondation pour la recherche sur la biodiversit\u00e9<\/title>\n<meta name=\"robots\" content=\"index, follow, max-snippet:-1, max-image-preview:large, max-video-preview:-1\" \/>\n<link rel=\"canonical\" href=\"https:\/\/www.fondationbiodiversite.fr\/en\/the-frb-in-action\/programs-and-projects\/programme-de-recherche-mirova-fondation-frb\/\" \/>\n<meta property=\"og:locale\" content=\"en_US\" \/>\n<meta property=\"og:type\" content=\"article\" \/>\n<meta property=\"og:title\" content=\"Impact of renewable energy on biodiversity - Fondation pour la recherche sur la biodiversit\u00e9\" \/>\n<meta property=\"og:description\" content=\"The research program on the \u201cImpacts of renewable energy on biodiversity\u201d aims to identify current scientific knowledge on the impacts of renewable energy production infrastructures on biodiversity, through the five major drivers of biodiversity loss identified by Ipbes, the Intergovernmental Science-Policy Platform on Biodiversity and Ecosystem Services. These drivers are land-use change, species exploitation, pollution, [&hellip;]\" \/>\n<meta property=\"og:url\" content=\"https:\/\/www.fondationbiodiversite.fr\/en\/the-frb-in-action\/programs-and-projects\/programme-de-recherche-mirova-fondation-frb\/\" \/>\n<meta property=\"og:site_name\" content=\"Fondation pour la recherche sur la biodiversit\u00e9\" \/>\n<meta property=\"article:publisher\" content=\"https:\/\/www.facebook.com\/FRBiodiv#\" \/>\n<meta property=\"article:modified_time\" content=\"2026-03-06T15:38:28+00:00\" \/>\n<meta property=\"og:image\" content=\"https:\/\/www.fondationbiodiversite.fr\/wp-content\/uploads\/2023\/05\/FRB_visuel_Mirova.jpg\" \/>\n\t<meta property=\"og:image:width\" content=\"690\" \/>\n\t<meta property=\"og:image:height\" content=\"450\" \/>\n\t<meta property=\"og:image:type\" content=\"image\/jpeg\" \/>\n<meta name=\"twitter:card\" content=\"summary_large_image\" \/>\n<meta name=\"twitter:site\" content=\"@FRBiodiv\" \/>\n<meta name=\"twitter:label1\" content=\"Est. reading time\" \/>\n\t<meta name=\"twitter:data1\" content=\"4 minutes\" \/>\n<script type=\"application\/ld+json\" class=\"yoast-schema-graph\">{\"@context\":\"https:\\\/\\\/schema.org\",\"@graph\":[{\"@type\":\"WebPage\",\"@id\":\"https:\\\/\\\/www.fondationbiodiversite.fr\\\/en\\\/the-frb-in-action\\\/programs-and-projects\\\/programme-de-recherche-mirova-fondation-frb\\\/\",\"url\":\"https:\\\/\\\/www.fondationbiodiversite.fr\\\/en\\\/the-frb-in-action\\\/programs-and-projects\\\/programme-de-recherche-mirova-fondation-frb\\\/\",\"name\":\"Impact of renewable energy on biodiversity - Fondation pour la recherche sur la biodiversit\u00e9\",\"isPartOf\":{\"@id\":\"https:\\\/\\\/www.fondationbiodiversite.fr\\\/en\\\/#website\"},\"primaryImageOfPage\":{\"@id\":\"https:\\\/\\\/www.fondationbiodiversite.fr\\\/en\\\/the-frb-in-action\\\/programs-and-projects\\\/programme-de-recherche-mirova-fondation-frb\\\/#primaryimage\"},\"image\":{\"@id\":\"https:\\\/\\\/www.fondationbiodiversite.fr\\\/en\\\/the-frb-in-action\\\/programs-and-projects\\\/programme-de-recherche-mirova-fondation-frb\\\/#primaryimage\"},\"thumbnailUrl\":\"https:\\\/\\\/www.fondationbiodiversite.fr\\\/wp-content\\\/uploads\\\/2023\\\/05\\\/FRB_visuel_Mirova.jpg\",\"datePublished\":\"2026-03-06T13:38:26+00:00\",\"dateModified\":\"2026-03-06T15:38:28+00:00\",\"breadcrumb\":{\"@id\":\"https:\\\/\\\/www.fondationbiodiversite.fr\\\/en\\\/the-frb-in-action\\\/programs-and-projects\\\/programme-de-recherche-mirova-fondation-frb\\\/#breadcrumb\"},\"inLanguage\":\"en-US\",\"potentialAction\":[{\"@type\":\"ReadAction\",\"target\":[\"https:\\\/\\\/www.fondationbiodiversite.fr\\\/en\\\/the-frb-in-action\\\/programs-and-projects\\\/programme-de-recherche-mirova-fondation-frb\\\/\"]}]},{\"@type\":\"ImageObject\",\"inLanguage\":\"en-US\",\"@id\":\"https:\\\/\\\/www.fondationbiodiversite.fr\\\/en\\\/the-frb-in-action\\\/programs-and-projects\\\/programme-de-recherche-mirova-fondation-frb\\\/#primaryimage\",\"url\":\"https:\\\/\\\/www.fondationbiodiversite.fr\\\/wp-content\\\/uploads\\\/2023\\\/05\\\/FRB_visuel_Mirova.jpg\",\"contentUrl\":\"https:\\\/\\\/www.fondationbiodiversite.fr\\\/wp-content\\\/uploads\\\/2023\\\/05\\\/FRB_visuel_Mirova.jpg\",\"width\":690,\"height\":450,\"caption\":\"FRB_visuel_Mirova\"},{\"@type\":\"BreadcrumbList\",\"@id\":\"https:\\\/\\\/www.fondationbiodiversite.fr\\\/en\\\/the-frb-in-action\\\/programs-and-projects\\\/programme-de-recherche-mirova-fondation-frb\\\/#breadcrumb\",\"itemListElement\":[{\"@type\":\"ListItem\",\"position\":1,\"name\":\"Accueil\",\"item\":\"https:\\\/\\\/www.fondationbiodiversite.fr\\\/en\\\/\"},{\"@type\":\"ListItem\",\"position\":2,\"name\":\"The FRB in action\",\"item\":\"https:\\\/\\\/www.fondationbiodiversite.fr\\\/en\\\/the-frb-in-action\\\/\"},{\"@type\":\"ListItem\",\"position\":3,\"name\":\"The FRB&#8217;s programs &#038; projects\",\"item\":\"https:\\\/\\\/www.fondationbiodiversite.fr\\\/en\\\/the-frb-in-action\\\/programs-and-projects\\\/\"},{\"@type\":\"ListItem\",\"position\":4,\"name\":\"Impact of renewable energy on biodiversity\"}]},{\"@type\":\"WebSite\",\"@id\":\"https:\\\/\\\/www.fondationbiodiversite.fr\\\/en\\\/#website\",\"url\":\"https:\\\/\\\/www.fondationbiodiversite.fr\\\/en\\\/\",\"name\":\"Fondation pour la recherche sur la biodiversit\u00e9\",\"description\":\"Une plateforme entre les diff\u00e9rents acteurs scientifiques et les acteurs de la soci\u00e9t\u00e9 sur la biodiversit\u00e9..\",\"publisher\":{\"@id\":\"https:\\\/\\\/www.fondationbiodiversite.fr\\\/en\\\/#organization\"},\"alternateName\":\"FRB\",\"potentialAction\":[{\"@type\":\"SearchAction\",\"target\":{\"@type\":\"EntryPoint\",\"urlTemplate\":\"https:\\\/\\\/www.fondationbiodiversite.fr\\\/en\\\/?s={search_term_string}\"},\"query-input\":{\"@type\":\"PropertyValueSpecification\",\"valueRequired\":true,\"valueName\":\"search_term_string\"}}],\"inLanguage\":\"en-US\"},{\"@type\":\"Organization\",\"@id\":\"https:\\\/\\\/www.fondationbiodiversite.fr\\\/en\\\/#organization\",\"name\":\"Fondation pour la recherche sur la biodiversit\u00e9\",\"url\":\"https:\\\/\\\/www.fondationbiodiversite.fr\\\/en\\\/\",\"logo\":{\"@type\":\"ImageObject\",\"inLanguage\":\"en-US\",\"@id\":\"https:\\\/\\\/www.fondationbiodiversite.fr\\\/en\\\/#\\\/schema\\\/logo\\\/image\\\/\",\"url\":\"https:\\\/\\\/www.fondationbiodiversite.fr\\\/wp-content\\\/uploads\\\/2025\\\/10\\\/logo_FRB_RVB.png\",\"contentUrl\":\"https:\\\/\\\/www.fondationbiodiversite.fr\\\/wp-content\\\/uploads\\\/2025\\\/10\\\/logo_FRB_RVB.png\",\"width\":220,\"height\":220,\"caption\":\"Fondation pour la recherche sur la biodiversit\u00e9\"},\"image\":{\"@id\":\"https:\\\/\\\/www.fondationbiodiversite.fr\\\/en\\\/#\\\/schema\\\/logo\\\/image\\\/\"},\"sameAs\":[\"https:\\\/\\\/www.facebook.com\\\/FRBiodiv#\",\"https:\\\/\\\/x.com\\\/FRBiodiv\",\"https:\\\/\\\/bsky.app\\\/profile\\\/frbiodiv.bsky.social\",\"https:\\\/\\\/www.instagram.com\\\/frbiodiv\\\/\",\"https:\\\/\\\/www.linkedin.com\\\/in\\\/fondation-pour-la-recherche-sur-la-biodiversit-223059121\\\/\",\"https:\\\/\\\/www.youtube.com\\\/@FRBiodiv\"]}]}<\/script>\n<!-- \/ Yoast SEO plugin. -->","yoast_head_json":{"title":"Impact of renewable energy on biodiversity - Fondation pour la recherche sur la biodiversit\u00e9","robots":{"index":"index","follow":"follow","max-snippet":"max-snippet:-1","max-image-preview":"max-image-preview:large","max-video-preview":"max-video-preview:-1"},"canonical":"https:\/\/www.fondationbiodiversite.fr\/en\/the-frb-in-action\/programs-and-projects\/programme-de-recherche-mirova-fondation-frb\/","og_locale":"en_US","og_type":"article","og_title":"Impact of renewable energy on biodiversity - Fondation pour la recherche sur la biodiversit\u00e9","og_description":"The research program on the \u201cImpacts of renewable energy on biodiversity\u201d aims to identify current scientific knowledge on the impacts of renewable energy production infrastructures on biodiversity, through the five major drivers of biodiversity loss identified by Ipbes, the Intergovernmental Science-Policy Platform on Biodiversity and Ecosystem Services. These drivers are land-use change, species exploitation, pollution, [&hellip;]","og_url":"https:\/\/www.fondationbiodiversite.fr\/en\/the-frb-in-action\/programs-and-projects\/programme-de-recherche-mirova-fondation-frb\/","og_site_name":"Fondation pour la recherche sur la biodiversit\u00e9","article_publisher":"https:\/\/www.facebook.com\/FRBiodiv#","article_modified_time":"2026-03-06T15:38:28+00:00","og_image":[{"width":690,"height":450,"url":"https:\/\/www.fondationbiodiversite.fr\/wp-content\/uploads\/2023\/05\/FRB_visuel_Mirova.jpg","type":"image\/jpeg"}],"twitter_card":"summary_large_image","twitter_site":"@FRBiodiv","twitter_misc":{"Est. reading time":"4 minutes"},"schema":{"@context":"https:\/\/schema.org","@graph":[{"@type":"WebPage","@id":"https:\/\/www.fondationbiodiversite.fr\/en\/the-frb-in-action\/programs-and-projects\/programme-de-recherche-mirova-fondation-frb\/","url":"https:\/\/www.fondationbiodiversite.fr\/en\/the-frb-in-action\/programs-and-projects\/programme-de-recherche-mirova-fondation-frb\/","name":"Impact of renewable energy on biodiversity - Fondation pour la recherche sur la biodiversit\u00e9","isPartOf":{"@id":"https:\/\/www.fondationbiodiversite.fr\/en\/#website"},"primaryImageOfPage":{"@id":"https:\/\/www.fondationbiodiversite.fr\/en\/the-frb-in-action\/programs-and-projects\/programme-de-recherche-mirova-fondation-frb\/#primaryimage"},"image":{"@id":"https:\/\/www.fondationbiodiversite.fr\/en\/the-frb-in-action\/programs-and-projects\/programme-de-recherche-mirova-fondation-frb\/#primaryimage"},"thumbnailUrl":"https:\/\/www.fondationbiodiversite.fr\/wp-content\/uploads\/2023\/05\/FRB_visuel_Mirova.jpg","datePublished":"2026-03-06T13:38:26+00:00","dateModified":"2026-03-06T15:38:28+00:00","breadcrumb":{"@id":"https:\/\/www.fondationbiodiversite.fr\/en\/the-frb-in-action\/programs-and-projects\/programme-de-recherche-mirova-fondation-frb\/#breadcrumb"},"inLanguage":"en-US","potentialAction":[{"@type":"ReadAction","target":["https:\/\/www.fondationbiodiversite.fr\/en\/the-frb-in-action\/programs-and-projects\/programme-de-recherche-mirova-fondation-frb\/"]}]},{"@type":"ImageObject","inLanguage":"en-US","@id":"https:\/\/www.fondationbiodiversite.fr\/en\/the-frb-in-action\/programs-and-projects\/programme-de-recherche-mirova-fondation-frb\/#primaryimage","url":"https:\/\/www.fondationbiodiversite.fr\/wp-content\/uploads\/2023\/05\/FRB_visuel_Mirova.jpg","contentUrl":"https:\/\/www.fondationbiodiversite.fr\/wp-content\/uploads\/2023\/05\/FRB_visuel_Mirova.jpg","width":690,"height":450,"caption":"FRB_visuel_Mirova"},{"@type":"BreadcrumbList","@id":"https:\/\/www.fondationbiodiversite.fr\/en\/the-frb-in-action\/programs-and-projects\/programme-de-recherche-mirova-fondation-frb\/#breadcrumb","itemListElement":[{"@type":"ListItem","position":1,"name":"Accueil","item":"https:\/\/www.fondationbiodiversite.fr\/en\/"},{"@type":"ListItem","position":2,"name":"The FRB in action","item":"https:\/\/www.fondationbiodiversite.fr\/en\/the-frb-in-action\/"},{"@type":"ListItem","position":3,"name":"The FRB&#8217;s programs &#038; projects","item":"https:\/\/www.fondationbiodiversite.fr\/en\/the-frb-in-action\/programs-and-projects\/"},{"@type":"ListItem","position":4,"name":"Impact of renewable energy on biodiversity"}]},{"@type":"WebSite","@id":"https:\/\/www.fondationbiodiversite.fr\/en\/#website","url":"https:\/\/www.fondationbiodiversite.fr\/en\/","name":"Fondation pour la recherche sur la biodiversit\u00e9","description":"Une plateforme entre les diff\u00e9rents acteurs scientifiques et les acteurs de la soci\u00e9t\u00e9 sur la biodiversit\u00e9..","publisher":{"@id":"https:\/\/www.fondationbiodiversite.fr\/en\/#organization"},"alternateName":"FRB","potentialAction":[{"@type":"SearchAction","target":{"@type":"EntryPoint","urlTemplate":"https:\/\/www.fondationbiodiversite.fr\/en\/?s={search_term_string}"},"query-input":{"@type":"PropertyValueSpecification","valueRequired":true,"valueName":"search_term_string"}}],"inLanguage":"en-US"},{"@type":"Organization","@id":"https:\/\/www.fondationbiodiversite.fr\/en\/#organization","name":"Fondation pour la recherche sur la biodiversit\u00e9","url":"https:\/\/www.fondationbiodiversite.fr\/en\/","logo":{"@type":"ImageObject","inLanguage":"en-US","@id":"https:\/\/www.fondationbiodiversite.fr\/en\/#\/schema\/logo\/image\/","url":"https:\/\/www.fondationbiodiversite.fr\/wp-content\/uploads\/2025\/10\/logo_FRB_RVB.png","contentUrl":"https:\/\/www.fondationbiodiversite.fr\/wp-content\/uploads\/2025\/10\/logo_FRB_RVB.png","width":220,"height":220,"caption":"Fondation pour la recherche sur la biodiversit\u00e9"},"image":{"@id":"https:\/\/www.fondationbiodiversite.fr\/en\/#\/schema\/logo\/image\/"},"sameAs":["https:\/\/www.facebook.com\/FRBiodiv#","https:\/\/x.com\/FRBiodiv","https:\/\/bsky.app\/profile\/frbiodiv.bsky.social","https:\/\/www.instagram.com\/frbiodiv\/","https:\/\/www.linkedin.com\/in\/fondation-pour-la-recherche-sur-la-biodiversit-223059121\/","https:\/\/www.youtube.com\/@FRBiodiv"]}]}},"_links":{"self":[{"href":"https:\/\/www.fondationbiodiversite.fr\/en\/wp-json\/wp\/v2\/pages\/36062","targetHints":{"allow":["GET"]}}],"collection":[{"href":"https:\/\/www.fondationbiodiversite.fr\/en\/wp-json\/wp\/v2\/pages"}],"about":[{"href":"https:\/\/www.fondationbiodiversite.fr\/en\/wp-json\/wp\/v2\/types\/page"}],"author":[{"embeddable":true,"href":"https:\/\/www.fondationbiodiversite.fr\/en\/wp-json\/wp\/v2\/users\/18"}],"replies":[{"embeddable":true,"href":"https:\/\/www.fondationbiodiversite.fr\/en\/wp-json\/wp\/v2\/comments?post=36062"}],"version-history":[{"count":11,"href":"https:\/\/www.fondationbiodiversite.fr\/en\/wp-json\/wp\/v2\/pages\/36062\/revisions"}],"predecessor-version":[{"id":36132,"href":"https:\/\/www.fondationbiodiversite.fr\/en\/wp-json\/wp\/v2\/pages\/36062\/revisions\/36132"}],"up":[{"embeddable":true,"href":"https:\/\/www.fondationbiodiversite.fr\/en\/wp-json\/wp\/v2\/pages\/2237"}],"wp:featuredmedia":[{"embeddable":true,"href":"https:\/\/www.fondationbiodiversite.fr\/en\/wp-json\/wp\/v2\/media\/22173"}],"wp:attachment":[{"href":"https:\/\/www.fondationbiodiversite.fr\/en\/wp-json\/wp\/v2\/media?parent=36062"}],"curies":[{"name":"wp","href":"https:\/\/api.w.org\/{rel}","templated":true}]}}