
{"id":35835,"date":"2023-07-27T19:25:33","date_gmt":"2023-07-27T17:25:33","guid":{"rendered":"https:\/\/www.fondationbiodiversite.fr\/formation-agents-fonction-publique\/"},"modified":"2026-02-19T12:18:32","modified_gmt":"2026-02-19T11:18:32","slug":"formation-agents-fonction-publique","status":"publish","type":"page","link":"https:\/\/www.fondationbiodiversite.fr\/en\/formation-agents-fonction-publique\/","title":{"rendered":"Training of civil servants"},"content":{"rendered":"<p>Over the course of about thirty hours consisting of workshops, scientific conferences and field visits, public officials will be trained on the three issues: climate, biodiversity and natural resources.<\/p>\n<p>&nbsp;<\/p>\n<p>The <a href=\"https:\/\/www.fondationbiodiversite.fr\/la-fondation\/presentation-frb\/\">Foundation for Biodiversity Research<\/a> (FRB) supports this program by leading a call for expressions of interest aimed at scientific staff from higher education and research (ESR) establishments to carry out popularization conferences on the challenges of the ecological transition for State agents and\/or trainers within ESR establishments.<\/p>\n<p>The FRB also works with its Scientific Council and external experts to make available resources on biodiversity to facilitate the transmission of concepts, key messages and solutions to understand the issues and participate in the fight against the erosion of life.<\/p>\n<p>&nbsp;<\/p>\n<p>To ensure the scientific rigor of the program, a scientific support and expertise group has been set up (see list of scientific personalities involved below), co-led by Luc Abbadie (Sorbonne University) and Laurence Tubiana (European Climate Foundation).<\/p>\n<p>&nbsp;<\/p>\n<p>The deployment of the training in the field will be managed by territorial scientific councils with the support of the CNRS in conjunction with the prefectures.<\/p>\n<p>&nbsp;<\/p>\n<p>Au cours d\u2019une trentaine d\u2019heures compos\u00e9es d&#8217;ateliers, de conf\u00e9rences scientifiques et de visites de terrain, les agents publics seront form\u00e9s aux trois enjeux : climat, biodiversit\u00e9 et ressources naturelles.<\/p>\n<p>&nbsp;<\/p>\n<div class=\"content_accordion\">\u00a0<\/p>\n<div class=\"accordion-level\">\n<p><div class=\"header\">Members of the support group and advisors to the ministers involved<\/div>\n<div class=\"content\">\n<p><strong>Members of the support group:<\/strong><\/p>\n<p>\u2013 Luc Abbadie (Sorbonne University)<br \/>\n\u2013 Laurence Tubiana (European Climate)<br \/>\n\u2013 Xavier Arnauld (CNRS)<br \/>\n\u2013 Franck Courchamp ( CNRS)<br \/>\n\u2013 C\u00e9line Guivarch (ENPC)<br \/>\n\u2013 Emma Haziza (Mayane)<br \/>\n\u2013 H\u00e9l\u00e8ne Soubelet (FRB)<br \/>\n\u2013 Robert Vautard (IPSL)<br \/>\n\u2013 Olivier Vidal (Universit\u00e9 Grenoble Alpes)<\/p>\n<p>&nbsp;<\/p>\n<p><strong>The ministerial advisors in charge of this matter:<\/strong><\/p>\n<p>\u2013 Jane Lecomte<br \/>\n\u2013 Ulysse Dorioz<\/p>\n<\/div>\n<\/div>\n<p>\u00a0<\/p>\n<\/div>\n<p>A call for expressions of interest resulted in over 1,260 responses from scientists across the country, available to lead conferences and discussions on three key issues: climate, biodiversity, and natural resources, and to provide ad hoc support to government agencies in their respective regions. Direct access to this personal data is restricted to the support group, regional scientific councils, prefectures, and ministries responsible for training. For other inquiries, please contact the Foundation for Biodiversity Research at the general email address: <a href=\"mailto:formationTE@fondationbiodiversite.fr\">formationTE@fondationbiodiversite.fr<\/a><\/p>\n<p>&nbsp;<\/p>\n<p>&nbsp;<\/p>\n<p style=\"text-align: center;\">\u00a0<\/p>\n<p style=\"text-align: center;\"><a class=\"bt\" href=\"https:\/\/www.fondationbiodiversite.fr\/wp-content\/france-map\/\">Consulter la carte*<\/a><\/p>\n<p>&nbsp;<\/p>\n<p style=\"text-align: center;\"><span style=\"color: #808080; font-size: 10px;\">*\u00a0 Restricted access<br \/>\n<\/span><\/p>\n<p>&nbsp;<\/p>\n<p>&nbsp;<\/p>\n","protected":false},"excerpt":{"rendered":"<p>Over the course of about thirty hours consisting of workshops, scientific conferences and field visits, public officials will be trained on the three issues: climate, biodiversity and natural resources. &nbsp; The Foundation for Biodiversity Research (FRB) supports this program by leading a call for expressions of interest aimed at scientific staff from higher education and [&hellip;]<\/p>\n","protected":false},"author":2,"featured_media":0,"parent":0,"menu_order":3,"comment_status":"closed","ping_status":"closed","template":"","meta":{"_acf_changed":false,"inline_featured_image":false,"footnotes":""},"class_list":["post-35835","page","type-page","status-publish","hentry"],"acf":[],"yoast_head":"<!-- This site is optimized with the Yoast SEO plugin v27.3 - https:\/\/yoast.com\/product\/yoast-seo-wordpress\/ -->\n<title>Training of civil servants - Fondation pour la recherche sur la biodiversit\u00e9<\/title>\n<meta name=\"robots\" content=\"index, follow, max-snippet:-1, max-image-preview:large, max-video-preview:-1\" \/>\n<link rel=\"canonical\" href=\"https:\/\/www.fondationbiodiversite.fr\/en\/formation-agents-fonction-publique\/\" \/>\n<meta property=\"og:locale\" content=\"en_US\" \/>\n<meta property=\"og:type\" content=\"article\" \/>\n<meta property=\"og:title\" content=\"Training of civil servants - Fondation pour la recherche sur la biodiversit\u00e9\" \/>\n<meta property=\"og:description\" content=\"Over the course of about thirty hours consisting of workshops, scientific conferences and field visits, public officials will be trained on the three issues: climate, biodiversity and natural resources. &nbsp; The Foundation for Biodiversity Research (FRB) supports this program by leading a call for expressions of interest aimed at scientific staff from higher education and [&hellip;]\" \/>\n<meta property=\"og:url\" content=\"https:\/\/www.fondationbiodiversite.fr\/en\/formation-agents-fonction-publique\/\" \/>\n<meta property=\"og:site_name\" content=\"Fondation pour la recherche sur la biodiversit\u00e9\" \/>\n<meta property=\"article:publisher\" content=\"https:\/\/www.facebook.com\/FRBiodiv#\" \/>\n<meta property=\"article:modified_time\" content=\"2026-02-19T11:18:32+00:00\" \/>\n<meta name=\"twitter:card\" content=\"summary_large_image\" \/>\n<meta name=\"twitter:site\" content=\"@FRBiodiv\" \/>\n<meta name=\"twitter:label1\" content=\"Est. reading time\" \/>\n\t<meta name=\"twitter:data1\" content=\"8 minutes\" \/>\n<script type=\"application\/ld+json\" class=\"yoast-schema-graph\">{\"@context\":\"https:\\\/\\\/schema.org\",\"@graph\":[{\"@type\":\"WebPage\",\"@id\":\"https:\\\/\\\/www.fondationbiodiversite.fr\\\/en\\\/formation-agents-fonction-publique\\\/\",\"url\":\"https:\\\/\\\/www.fondationbiodiversite.fr\\\/en\\\/formation-agents-fonction-publique\\\/\",\"name\":\"Training of civil servants - Fondation pour la recherche sur la biodiversit\u00e9\",\"isPartOf\":{\"@id\":\"https:\\\/\\\/www.fondationbiodiversite.fr\\\/en\\\/#website\"},\"datePublished\":\"2023-07-27T17:25:33+00:00\",\"dateModified\":\"2026-02-19T11:18:32+00:00\",\"breadcrumb\":{\"@id\":\"https:\\\/\\\/www.fondationbiodiversite.fr\\\/en\\\/formation-agents-fonction-publique\\\/#breadcrumb\"},\"inLanguage\":\"en-US\",\"potentialAction\":[{\"@type\":\"ReadAction\",\"target\":[\"https:\\\/\\\/www.fondationbiodiversite.fr\\\/en\\\/formation-agents-fonction-publique\\\/\"]}]},{\"@type\":\"BreadcrumbList\",\"@id\":\"https:\\\/\\\/www.fondationbiodiversite.fr\\\/en\\\/formation-agents-fonction-publique\\\/#breadcrumb\",\"itemListElement\":[{\"@type\":\"ListItem\",\"position\":1,\"name\":\"Accueil\",\"item\":\"https:\\\/\\\/www.fondationbiodiversite.fr\\\/en\\\/\"},{\"@type\":\"ListItem\",\"position\":2,\"name\":\"Training of civil servants\"}]},{\"@type\":\"WebSite\",\"@id\":\"https:\\\/\\\/www.fondationbiodiversite.fr\\\/en\\\/#website\",\"url\":\"https:\\\/\\\/www.fondationbiodiversite.fr\\\/en\\\/\",\"name\":\"Fondation pour la recherche sur la biodiversit\u00e9\",\"description\":\"Une plateforme entre les diff\u00e9rents acteurs scientifiques et les acteurs de la soci\u00e9t\u00e9 sur la biodiversit\u00e9..\",\"publisher\":{\"@id\":\"https:\\\/\\\/www.fondationbiodiversite.fr\\\/en\\\/#organization\"},\"alternateName\":\"FRB\",\"potentialAction\":[{\"@type\":\"SearchAction\",\"target\":{\"@type\":\"EntryPoint\",\"urlTemplate\":\"https:\\\/\\\/www.fondationbiodiversite.fr\\\/en\\\/?s={search_term_string}\"},\"query-input\":{\"@type\":\"PropertyValueSpecification\",\"valueRequired\":true,\"valueName\":\"search_term_string\"}}],\"inLanguage\":\"en-US\"},{\"@type\":\"Organization\",\"@id\":\"https:\\\/\\\/www.fondationbiodiversite.fr\\\/en\\\/#organization\",\"name\":\"Fondation pour la recherche sur la biodiversit\u00e9\",\"url\":\"https:\\\/\\\/www.fondationbiodiversite.fr\\\/en\\\/\",\"logo\":{\"@type\":\"ImageObject\",\"inLanguage\":\"en-US\",\"@id\":\"https:\\\/\\\/www.fondationbiodiversite.fr\\\/en\\\/#\\\/schema\\\/logo\\\/image\\\/\",\"url\":\"https:\\\/\\\/www.fondationbiodiversite.fr\\\/wp-content\\\/uploads\\\/2025\\\/10\\\/logo_FRB_RVB.png\",\"contentUrl\":\"https:\\\/\\\/www.fondationbiodiversite.fr\\\/wp-content\\\/uploads\\\/2025\\\/10\\\/logo_FRB_RVB.png\",\"width\":220,\"height\":220,\"caption\":\"Fondation pour la recherche sur la biodiversit\u00e9\"},\"image\":{\"@id\":\"https:\\\/\\\/www.fondationbiodiversite.fr\\\/en\\\/#\\\/schema\\\/logo\\\/image\\\/\"},\"sameAs\":[\"https:\\\/\\\/www.facebook.com\\\/FRBiodiv#\",\"https:\\\/\\\/x.com\\\/FRBiodiv\",\"https:\\\/\\\/bsky.app\\\/profile\\\/frbiodiv.bsky.social\",\"https:\\\/\\\/www.instagram.com\\\/frbiodiv\\\/\",\"https:\\\/\\\/www.linkedin.com\\\/in\\\/fondation-pour-la-recherche-sur-la-biodiversit-223059121\\\/\",\"https:\\\/\\\/www.youtube.com\\\/@FRBiodiv\"]}]}<\/script>\n<!-- \/ Yoast SEO plugin. -->","yoast_head_json":{"title":"Training of civil servants - Fondation pour la recherche sur la biodiversit\u00e9","robots":{"index":"index","follow":"follow","max-snippet":"max-snippet:-1","max-image-preview":"max-image-preview:large","max-video-preview":"max-video-preview:-1"},"canonical":"https:\/\/www.fondationbiodiversite.fr\/en\/formation-agents-fonction-publique\/","og_locale":"en_US","og_type":"article","og_title":"Training of civil servants - Fondation pour la recherche sur la biodiversit\u00e9","og_description":"Over the course of about thirty hours consisting of workshops, scientific conferences and field visits, public officials will be trained on the three issues: climate, biodiversity and natural resources. &nbsp; The Foundation for Biodiversity Research (FRB) supports this program by leading a call for expressions of interest aimed at scientific staff from higher education and [&hellip;]","og_url":"https:\/\/www.fondationbiodiversite.fr\/en\/formation-agents-fonction-publique\/","og_site_name":"Fondation pour la recherche sur la biodiversit\u00e9","article_publisher":"https:\/\/www.facebook.com\/FRBiodiv#","article_modified_time":"2026-02-19T11:18:32+00:00","twitter_card":"summary_large_image","twitter_site":"@FRBiodiv","twitter_misc":{"Est. reading time":"8 minutes"},"schema":{"@context":"https:\/\/schema.org","@graph":[{"@type":"WebPage","@id":"https:\/\/www.fondationbiodiversite.fr\/en\/formation-agents-fonction-publique\/","url":"https:\/\/www.fondationbiodiversite.fr\/en\/formation-agents-fonction-publique\/","name":"Training of civil servants - Fondation pour la recherche sur la biodiversit\u00e9","isPartOf":{"@id":"https:\/\/www.fondationbiodiversite.fr\/en\/#website"},"datePublished":"2023-07-27T17:25:33+00:00","dateModified":"2026-02-19T11:18:32+00:00","breadcrumb":{"@id":"https:\/\/www.fondationbiodiversite.fr\/en\/formation-agents-fonction-publique\/#breadcrumb"},"inLanguage":"en-US","potentialAction":[{"@type":"ReadAction","target":["https:\/\/www.fondationbiodiversite.fr\/en\/formation-agents-fonction-publique\/"]}]},{"@type":"BreadcrumbList","@id":"https:\/\/www.fondationbiodiversite.fr\/en\/formation-agents-fonction-publique\/#breadcrumb","itemListElement":[{"@type":"ListItem","position":1,"name":"Accueil","item":"https:\/\/www.fondationbiodiversite.fr\/en\/"},{"@type":"ListItem","position":2,"name":"Training of civil servants"}]},{"@type":"WebSite","@id":"https:\/\/www.fondationbiodiversite.fr\/en\/#website","url":"https:\/\/www.fondationbiodiversite.fr\/en\/","name":"Fondation pour la recherche sur la biodiversit\u00e9","description":"Une plateforme entre les diff\u00e9rents acteurs scientifiques et les acteurs de la soci\u00e9t\u00e9 sur la biodiversit\u00e9..","publisher":{"@id":"https:\/\/www.fondationbiodiversite.fr\/en\/#organization"},"alternateName":"FRB","potentialAction":[{"@type":"SearchAction","target":{"@type":"EntryPoint","urlTemplate":"https:\/\/www.fondationbiodiversite.fr\/en\/?s={search_term_string}"},"query-input":{"@type":"PropertyValueSpecification","valueRequired":true,"valueName":"search_term_string"}}],"inLanguage":"en-US"},{"@type":"Organization","@id":"https:\/\/www.fondationbiodiversite.fr\/en\/#organization","name":"Fondation pour la recherche sur la biodiversit\u00e9","url":"https:\/\/www.fondationbiodiversite.fr\/en\/","logo":{"@type":"ImageObject","inLanguage":"en-US","@id":"https:\/\/www.fondationbiodiversite.fr\/en\/#\/schema\/logo\/image\/","url":"https:\/\/www.fondationbiodiversite.fr\/wp-content\/uploads\/2025\/10\/logo_FRB_RVB.png","contentUrl":"https:\/\/www.fondationbiodiversite.fr\/wp-content\/uploads\/2025\/10\/logo_FRB_RVB.png","width":220,"height":220,"caption":"Fondation pour la recherche sur la biodiversit\u00e9"},"image":{"@id":"https:\/\/www.fondationbiodiversite.fr\/en\/#\/schema\/logo\/image\/"},"sameAs":["https:\/\/www.facebook.com\/FRBiodiv#","https:\/\/x.com\/FRBiodiv","https:\/\/bsky.app\/profile\/frbiodiv.bsky.social","https:\/\/www.instagram.com\/frbiodiv\/","https:\/\/www.linkedin.com\/in\/fondation-pour-la-recherche-sur-la-biodiversit-223059121\/","https:\/\/www.youtube.com\/@FRBiodiv"]}]}},"_links":{"self":[{"href":"https:\/\/www.fondationbiodiversite.fr\/en\/wp-json\/wp\/v2\/pages\/35835","targetHints":{"allow":["GET"]}}],"collection":[{"href":"https:\/\/www.fondationbiodiversite.fr\/en\/wp-json\/wp\/v2\/pages"}],"about":[{"href":"https:\/\/www.fondationbiodiversite.fr\/en\/wp-json\/wp\/v2\/types\/page"}],"author":[{"embeddable":true,"href":"https:\/\/www.fondationbiodiversite.fr\/en\/wp-json\/wp\/v2\/users\/2"}],"replies":[{"embeddable":true,"href":"https:\/\/www.fondationbiodiversite.fr\/en\/wp-json\/wp\/v2\/comments?post=35835"}],"version-history":[{"count":4,"href":"https:\/\/www.fondationbiodiversite.fr\/en\/wp-json\/wp\/v2\/pages\/35835\/revisions"}],"predecessor-version":[{"id":35839,"href":"https:\/\/www.fondationbiodiversite.fr\/en\/wp-json\/wp\/v2\/pages\/35835\/revisions\/35839"}],"wp:attachment":[{"href":"https:\/\/www.fondationbiodiversite.fr\/en\/wp-json\/wp\/v2\/media?parent=35835"}],"curies":[{"name":"wp","href":"https:\/\/api.w.org\/{rel}","templated":true}]}}