
{"id":35727,"date":"2026-02-19T11:11:11","date_gmt":"2026-02-19T10:11:11","guid":{"rendered":"https:\/\/www.fondationbiodiversite.fr\/?page_id=35727"},"modified":"2026-03-18T11:21:09","modified_gmt":"2026-03-18T10:21:09","slug":"silk","status":"publish","type":"page","link":"https:\/\/www.fondationbiodiversite.fr\/en\/the-frb-in-action\/programs-and-projects\/le-cesab\/silk\/","title":{"rendered":"SILK"},"content":{"rendered":"<p>Indigenous and local knowledge of biodiversity is essential to addressing global environmental challenges. Yet the communities who hold this knowledge\u2014Indigenous Peoples, local and Afro-descendant communities (IPLCAD)\u2014are rarely acknowledged or respected in major scientific databases on biodiversity. Rooted in colonial legacies, this paradox has led to the widespread use of data without fair returns for its knowledge holders.<\/p>\n<p>&nbsp;<\/p>\n<p>The <em><strong>SILK project<\/strong><\/em> aims to address this injustice by building a global network of biocultural data based on ethical and inclusive governance. It brings together the FAIR principles (data that are findable, accessible, interoperable and reusable) and the CARE principles (collective benefit, authority to control, responsibility and ethics) to properly recognize knowledge holders, ensure fair and equitable benefit-sharing in line with the Nagoya Protocol, and enable data interoperability.<\/p>\n<p>&nbsp;<\/p>\n<p>By strengthening IPLCAD sovereignty over their knowledge, <em><strong>SILK<\/strong><\/em> supports more just, reliable and effective scientific research for biodiversity conservation, while promoting truly collaborative science.<\/p>\n","protected":false},"excerpt":{"rendered":"<p>Indigenous and local knowledge of biodiversity is essential to addressing global environmental challenges. Yet the communities who hold this knowledge\u2014Indigenous Peoples, local and Afro-descendant communities (IPLCAD)\u2014are rarely acknowledged or respected in major scientific databases on biodiversity. Rooted in colonial legacies, this paradox has led to the widespread use of data without fair returns for its [&hellip;]<\/p>\n","protected":false},"author":18,"featured_media":35810,"parent":2238,"menu_order":28,"comment_status":"closed","ping_status":"closed","template":"temp_projet.php","meta":{"_acf_changed":false,"inline_featured_image":false,"footnotes":""},"class_list":["post-35727","page","type-page","status-publish","has-post-thumbnail","hentry"],"acf":[],"yoast_head":"<!-- This site is optimized with the Yoast SEO plugin v27.3 - https:\/\/yoast.com\/product\/yoast-seo-wordpress\/ -->\n<title>SILK - Fondation pour la recherche sur la biodiversit\u00e9<\/title>\n<meta name=\"robots\" content=\"index, follow, max-snippet:-1, max-image-preview:large, max-video-preview:-1\" \/>\n<link rel=\"canonical\" href=\"https:\/\/www.fondationbiodiversite.fr\/en\/the-frb-in-action\/programs-and-projects\/le-cesab\/silk\/\" \/>\n<meta property=\"og:locale\" content=\"en_US\" \/>\n<meta property=\"og:type\" content=\"article\" \/>\n<meta property=\"og:title\" content=\"SILK - Fondation pour la recherche sur la biodiversit\u00e9\" \/>\n<meta property=\"og:description\" content=\"Indigenous and local knowledge of biodiversity is essential to addressing global environmental challenges. Yet the communities who hold this knowledge\u2014Indigenous Peoples, local and Afro-descendant communities (IPLCAD)\u2014are rarely acknowledged or respected in major scientific databases on biodiversity. Rooted in colonial legacies, this paradox has led to the widespread use of data without fair returns for its [&hellip;]\" \/>\n<meta property=\"og:url\" content=\"https:\/\/www.fondationbiodiversite.fr\/en\/the-frb-in-action\/programs-and-projects\/le-cesab\/silk\/\" \/>\n<meta property=\"og:site_name\" content=\"Fondation pour la recherche sur la biodiversit\u00e9\" \/>\n<meta property=\"article:publisher\" content=\"https:\/\/www.facebook.com\/FRBiodiv#\" \/>\n<meta property=\"article:modified_time\" content=\"2026-03-18T10:21:09+00:00\" \/>\n<meta property=\"og:image\" content=\"https:\/\/www.fondationbiodiversite.fr\/wp-content\/uploads\/2026\/02\/FRB-Cesab_SILK_AlaUne.jpg\" \/>\n\t<meta property=\"og:image:width\" content=\"690\" \/>\n\t<meta property=\"og:image:height\" content=\"450\" \/>\n\t<meta property=\"og:image:type\" content=\"image\/jpeg\" \/>\n<meta name=\"twitter:card\" content=\"summary_large_image\" \/>\n<meta name=\"twitter:site\" content=\"@FRBiodiv\" \/>\n<meta name=\"twitter:label1\" content=\"Est. reading time\" \/>\n\t<meta name=\"twitter:data1\" content=\"2 minutes\" \/>\n<script type=\"application\/ld+json\" class=\"yoast-schema-graph\">{\"@context\":\"https:\\\/\\\/schema.org\",\"@graph\":[{\"@type\":\"WebPage\",\"@id\":\"https:\\\/\\\/www.fondationbiodiversite.fr\\\/en\\\/the-frb-in-action\\\/programs-and-projects\\\/le-cesab\\\/silk\\\/\",\"url\":\"https:\\\/\\\/www.fondationbiodiversite.fr\\\/en\\\/the-frb-in-action\\\/programs-and-projects\\\/le-cesab\\\/silk\\\/\",\"name\":\"SILK - Fondation pour la recherche sur la biodiversit\u00e9\",\"isPartOf\":{\"@id\":\"https:\\\/\\\/www.fondationbiodiversite.fr\\\/en\\\/#website\"},\"primaryImageOfPage\":{\"@id\":\"https:\\\/\\\/www.fondationbiodiversite.fr\\\/en\\\/the-frb-in-action\\\/programs-and-projects\\\/le-cesab\\\/silk\\\/#primaryimage\"},\"image\":{\"@id\":\"https:\\\/\\\/www.fondationbiodiversite.fr\\\/en\\\/the-frb-in-action\\\/programs-and-projects\\\/le-cesab\\\/silk\\\/#primaryimage\"},\"thumbnailUrl\":\"https:\\\/\\\/www.fondationbiodiversite.fr\\\/wp-content\\\/uploads\\\/2026\\\/02\\\/FRB-Cesab_SILK_AlaUne.jpg\",\"datePublished\":\"2026-02-19T10:11:11+00:00\",\"dateModified\":\"2026-03-18T10:21:09+00:00\",\"breadcrumb\":{\"@id\":\"https:\\\/\\\/www.fondationbiodiversite.fr\\\/en\\\/the-frb-in-action\\\/programs-and-projects\\\/le-cesab\\\/silk\\\/#breadcrumb\"},\"inLanguage\":\"en-US\",\"potentialAction\":[{\"@type\":\"ReadAction\",\"target\":[\"https:\\\/\\\/www.fondationbiodiversite.fr\\\/en\\\/the-frb-in-action\\\/programs-and-projects\\\/le-cesab\\\/silk\\\/\"]}]},{\"@type\":\"ImageObject\",\"inLanguage\":\"en-US\",\"@id\":\"https:\\\/\\\/www.fondationbiodiversite.fr\\\/en\\\/the-frb-in-action\\\/programs-and-projects\\\/le-cesab\\\/silk\\\/#primaryimage\",\"url\":\"https:\\\/\\\/www.fondationbiodiversite.fr\\\/wp-content\\\/uploads\\\/2026\\\/02\\\/FRB-Cesab_SILK_AlaUne.jpg\",\"contentUrl\":\"https:\\\/\\\/www.fondationbiodiversite.fr\\\/wp-content\\\/uploads\\\/2026\\\/02\\\/FRB-Cesab_SILK_AlaUne.jpg\",\"width\":690,\"height\":450},{\"@type\":\"BreadcrumbList\",\"@id\":\"https:\\\/\\\/www.fondationbiodiversite.fr\\\/en\\\/the-frb-in-action\\\/programs-and-projects\\\/le-cesab\\\/silk\\\/#breadcrumb\",\"itemListElement\":[{\"@type\":\"ListItem\",\"position\":1,\"name\":\"Accueil\",\"item\":\"https:\\\/\\\/www.fondationbiodiversite.fr\\\/en\\\/\"},{\"@type\":\"ListItem\",\"position\":2,\"name\":\"The FRB in action\",\"item\":\"https:\\\/\\\/www.fondationbiodiversite.fr\\\/en\\\/the-frb-in-action\\\/\"},{\"@type\":\"ListItem\",\"position\":3,\"name\":\"The FRB&#8217;s programs &#038; projects\",\"item\":\"https:\\\/\\\/www.fondationbiodiversite.fr\\\/en\\\/the-frb-in-action\\\/programs-and-projects\\\/\"},{\"@type\":\"ListItem\",\"position\":4,\"name\":\"Synthesis at CESAB\",\"item\":\"https:\\\/\\\/www.fondationbiodiversite.fr\\\/en\\\/the-frb-in-action\\\/programs-and-projects\\\/le-cesab\\\/\"},{\"@type\":\"ListItem\",\"position\":5,\"name\":\"SILK\"}]},{\"@type\":\"WebSite\",\"@id\":\"https:\\\/\\\/www.fondationbiodiversite.fr\\\/en\\\/#website\",\"url\":\"https:\\\/\\\/www.fondationbiodiversite.fr\\\/en\\\/\",\"name\":\"Fondation pour la recherche sur la biodiversit\u00e9\",\"description\":\"Une plateforme entre les diff\u00e9rents acteurs scientifiques et les acteurs de la soci\u00e9t\u00e9 sur la biodiversit\u00e9..\",\"publisher\":{\"@id\":\"https:\\\/\\\/www.fondationbiodiversite.fr\\\/en\\\/#organization\"},\"alternateName\":\"FRB\",\"potentialAction\":[{\"@type\":\"SearchAction\",\"target\":{\"@type\":\"EntryPoint\",\"urlTemplate\":\"https:\\\/\\\/www.fondationbiodiversite.fr\\\/en\\\/?s={search_term_string}\"},\"query-input\":{\"@type\":\"PropertyValueSpecification\",\"valueRequired\":true,\"valueName\":\"search_term_string\"}}],\"inLanguage\":\"en-US\"},{\"@type\":\"Organization\",\"@id\":\"https:\\\/\\\/www.fondationbiodiversite.fr\\\/en\\\/#organization\",\"name\":\"Fondation pour la recherche sur la biodiversit\u00e9\",\"url\":\"https:\\\/\\\/www.fondationbiodiversite.fr\\\/en\\\/\",\"logo\":{\"@type\":\"ImageObject\",\"inLanguage\":\"en-US\",\"@id\":\"https:\\\/\\\/www.fondationbiodiversite.fr\\\/en\\\/#\\\/schema\\\/logo\\\/image\\\/\",\"url\":\"https:\\\/\\\/www.fondationbiodiversite.fr\\\/wp-content\\\/uploads\\\/2025\\\/10\\\/logo_FRB_RVB.png\",\"contentUrl\":\"https:\\\/\\\/www.fondationbiodiversite.fr\\\/wp-content\\\/uploads\\\/2025\\\/10\\\/logo_FRB_RVB.png\",\"width\":220,\"height\":220,\"caption\":\"Fondation pour la recherche sur la biodiversit\u00e9\"},\"image\":{\"@id\":\"https:\\\/\\\/www.fondationbiodiversite.fr\\\/en\\\/#\\\/schema\\\/logo\\\/image\\\/\"},\"sameAs\":[\"https:\\\/\\\/www.facebook.com\\\/FRBiodiv#\",\"https:\\\/\\\/x.com\\\/FRBiodiv\",\"https:\\\/\\\/bsky.app\\\/profile\\\/frbiodiv.bsky.social\",\"https:\\\/\\\/www.instagram.com\\\/frbiodiv\\\/\",\"https:\\\/\\\/www.linkedin.com\\\/in\\\/fondation-pour-la-recherche-sur-la-biodiversit-223059121\\\/\",\"https:\\\/\\\/www.youtube.com\\\/@FRBiodiv\"]}]}<\/script>\n<!-- \/ Yoast SEO plugin. -->","yoast_head_json":{"title":"SILK - Fondation pour la recherche sur la biodiversit\u00e9","robots":{"index":"index","follow":"follow","max-snippet":"max-snippet:-1","max-image-preview":"max-image-preview:large","max-video-preview":"max-video-preview:-1"},"canonical":"https:\/\/www.fondationbiodiversite.fr\/en\/the-frb-in-action\/programs-and-projects\/le-cesab\/silk\/","og_locale":"en_US","og_type":"article","og_title":"SILK - Fondation pour la recherche sur la biodiversit\u00e9","og_description":"Indigenous and local knowledge of biodiversity is essential to addressing global environmental challenges. Yet the communities who hold this knowledge\u2014Indigenous Peoples, local and Afro-descendant communities (IPLCAD)\u2014are rarely acknowledged or respected in major scientific databases on biodiversity. Rooted in colonial legacies, this paradox has led to the widespread use of data without fair returns for its [&hellip;]","og_url":"https:\/\/www.fondationbiodiversite.fr\/en\/the-frb-in-action\/programs-and-projects\/le-cesab\/silk\/","og_site_name":"Fondation pour la recherche sur la biodiversit\u00e9","article_publisher":"https:\/\/www.facebook.com\/FRBiodiv#","article_modified_time":"2026-03-18T10:21:09+00:00","og_image":[{"width":690,"height":450,"url":"https:\/\/www.fondationbiodiversite.fr\/wp-content\/uploads\/2026\/02\/FRB-Cesab_SILK_AlaUne.jpg","type":"image\/jpeg"}],"twitter_card":"summary_large_image","twitter_site":"@FRBiodiv","twitter_misc":{"Est. reading time":"2 minutes"},"schema":{"@context":"https:\/\/schema.org","@graph":[{"@type":"WebPage","@id":"https:\/\/www.fondationbiodiversite.fr\/en\/the-frb-in-action\/programs-and-projects\/le-cesab\/silk\/","url":"https:\/\/www.fondationbiodiversite.fr\/en\/the-frb-in-action\/programs-and-projects\/le-cesab\/silk\/","name":"SILK - Fondation pour la recherche sur la biodiversit\u00e9","isPartOf":{"@id":"https:\/\/www.fondationbiodiversite.fr\/en\/#website"},"primaryImageOfPage":{"@id":"https:\/\/www.fondationbiodiversite.fr\/en\/the-frb-in-action\/programs-and-projects\/le-cesab\/silk\/#primaryimage"},"image":{"@id":"https:\/\/www.fondationbiodiversite.fr\/en\/the-frb-in-action\/programs-and-projects\/le-cesab\/silk\/#primaryimage"},"thumbnailUrl":"https:\/\/www.fondationbiodiversite.fr\/wp-content\/uploads\/2026\/02\/FRB-Cesab_SILK_AlaUne.jpg","datePublished":"2026-02-19T10:11:11+00:00","dateModified":"2026-03-18T10:21:09+00:00","breadcrumb":{"@id":"https:\/\/www.fondationbiodiversite.fr\/en\/the-frb-in-action\/programs-and-projects\/le-cesab\/silk\/#breadcrumb"},"inLanguage":"en-US","potentialAction":[{"@type":"ReadAction","target":["https:\/\/www.fondationbiodiversite.fr\/en\/the-frb-in-action\/programs-and-projects\/le-cesab\/silk\/"]}]},{"@type":"ImageObject","inLanguage":"en-US","@id":"https:\/\/www.fondationbiodiversite.fr\/en\/the-frb-in-action\/programs-and-projects\/le-cesab\/silk\/#primaryimage","url":"https:\/\/www.fondationbiodiversite.fr\/wp-content\/uploads\/2026\/02\/FRB-Cesab_SILK_AlaUne.jpg","contentUrl":"https:\/\/www.fondationbiodiversite.fr\/wp-content\/uploads\/2026\/02\/FRB-Cesab_SILK_AlaUne.jpg","width":690,"height":450},{"@type":"BreadcrumbList","@id":"https:\/\/www.fondationbiodiversite.fr\/en\/the-frb-in-action\/programs-and-projects\/le-cesab\/silk\/#breadcrumb","itemListElement":[{"@type":"ListItem","position":1,"name":"Accueil","item":"https:\/\/www.fondationbiodiversite.fr\/en\/"},{"@type":"ListItem","position":2,"name":"The FRB in action","item":"https:\/\/www.fondationbiodiversite.fr\/en\/the-frb-in-action\/"},{"@type":"ListItem","position":3,"name":"The FRB&#8217;s programs &#038; projects","item":"https:\/\/www.fondationbiodiversite.fr\/en\/the-frb-in-action\/programs-and-projects\/"},{"@type":"ListItem","position":4,"name":"Synthesis at CESAB","item":"https:\/\/www.fondationbiodiversite.fr\/en\/the-frb-in-action\/programs-and-projects\/le-cesab\/"},{"@type":"ListItem","position":5,"name":"SILK"}]},{"@type":"WebSite","@id":"https:\/\/www.fondationbiodiversite.fr\/en\/#website","url":"https:\/\/www.fondationbiodiversite.fr\/en\/","name":"Fondation pour la recherche sur la biodiversit\u00e9","description":"Une plateforme entre les diff\u00e9rents acteurs scientifiques et les acteurs de la soci\u00e9t\u00e9 sur la biodiversit\u00e9..","publisher":{"@id":"https:\/\/www.fondationbiodiversite.fr\/en\/#organization"},"alternateName":"FRB","potentialAction":[{"@type":"SearchAction","target":{"@type":"EntryPoint","urlTemplate":"https:\/\/www.fondationbiodiversite.fr\/en\/?s={search_term_string}"},"query-input":{"@type":"PropertyValueSpecification","valueRequired":true,"valueName":"search_term_string"}}],"inLanguage":"en-US"},{"@type":"Organization","@id":"https:\/\/www.fondationbiodiversite.fr\/en\/#organization","name":"Fondation pour la recherche sur la biodiversit\u00e9","url":"https:\/\/www.fondationbiodiversite.fr\/en\/","logo":{"@type":"ImageObject","inLanguage":"en-US","@id":"https:\/\/www.fondationbiodiversite.fr\/en\/#\/schema\/logo\/image\/","url":"https:\/\/www.fondationbiodiversite.fr\/wp-content\/uploads\/2025\/10\/logo_FRB_RVB.png","contentUrl":"https:\/\/www.fondationbiodiversite.fr\/wp-content\/uploads\/2025\/10\/logo_FRB_RVB.png","width":220,"height":220,"caption":"Fondation pour la recherche sur la biodiversit\u00e9"},"image":{"@id":"https:\/\/www.fondationbiodiversite.fr\/en\/#\/schema\/logo\/image\/"},"sameAs":["https:\/\/www.facebook.com\/FRBiodiv#","https:\/\/x.com\/FRBiodiv","https:\/\/bsky.app\/profile\/frbiodiv.bsky.social","https:\/\/www.instagram.com\/frbiodiv\/","https:\/\/www.linkedin.com\/in\/fondation-pour-la-recherche-sur-la-biodiversit-223059121\/","https:\/\/www.youtube.com\/@FRBiodiv"]}]}},"_links":{"self":[{"href":"https:\/\/www.fondationbiodiversite.fr\/en\/wp-json\/wp\/v2\/pages\/35727","targetHints":{"allow":["GET"]}}],"collection":[{"href":"https:\/\/www.fondationbiodiversite.fr\/en\/wp-json\/wp\/v2\/pages"}],"about":[{"href":"https:\/\/www.fondationbiodiversite.fr\/en\/wp-json\/wp\/v2\/types\/page"}],"author":[{"embeddable":true,"href":"https:\/\/www.fondationbiodiversite.fr\/en\/wp-json\/wp\/v2\/users\/18"}],"replies":[{"embeddable":true,"href":"https:\/\/www.fondationbiodiversite.fr\/en\/wp-json\/wp\/v2\/comments?post=35727"}],"version-history":[{"count":6,"href":"https:\/\/www.fondationbiodiversite.fr\/en\/wp-json\/wp\/v2\/pages\/35727\/revisions"}],"predecessor-version":[{"id":36398,"href":"https:\/\/www.fondationbiodiversite.fr\/en\/wp-json\/wp\/v2\/pages\/35727\/revisions\/36398"}],"up":[{"embeddable":true,"href":"https:\/\/www.fondationbiodiversite.fr\/en\/wp-json\/wp\/v2\/pages\/2238"}],"wp:featuredmedia":[{"embeddable":true,"href":"https:\/\/www.fondationbiodiversite.fr\/en\/wp-json\/wp\/v2\/media\/35810"}],"wp:attachment":[{"href":"https:\/\/www.fondationbiodiversite.fr\/en\/wp-json\/wp\/v2\/media?parent=35727"}],"curies":[{"name":"wp","href":"https:\/\/api.w.org\/{rel}","templated":true}]}}