
{"id":35446,"date":"2022-01-27T16:29:56","date_gmt":"2022-01-27T15:29:56","guid":{"rendered":"https:\/\/www.fondationbiodiversite.fr\/about-the-foundation\/lassemblee-des-parties-prenantes\/"},"modified":"2026-02-05T17:05:09","modified_gmt":"2026-02-05T16:05:09","slug":"lassemblee-des-parties-prenantes","status":"publish","type":"page","link":"https:\/\/www.fondationbiodiversite.fr\/en\/about-the-foundation\/lassemblee-des-parties-prenantes\/","title":{"rendered":"The Stakeholders&#8217; Assembly"},"content":{"rendered":"<p><strong>Faced with the destruction of biodiversity, the fabric of life and human societies, interface spaces now appear as essential for halting its decline. They are spaces for reflection driven by multi-stakeholder expertise, drawing on academic research, but also promoting the integration of societal stakeholders&#8217; concerns into the development of research questions.<\/strong><\/p>\n<p>&nbsp;<\/p>\n<p>Thus, through its role as a link between science and society, and via its Science-Society Partnerships division, the FRB contributes to strengthening the democratization of research and to co-creating research projects, particularly to initiate a transformative and sustainable transition in our societies. This commitment to facilitating interactions between researchers and stakeholders in society (both private and public) has been the Foundation&#8217;s mission since its inception. It therefore strives both to mobilize research to integrate societal challenges and to support stakeholders in order to increase the use of scientific expertise for effective policy action.<\/p>\n<p>&nbsp;<\/p>\n<p>&nbsp;<\/p>\n<p><span style=\"font-size: 20px;\">The members of the Stakeholder Assembly thus contribute to a shared expertise in:<\/span><\/p>\n<p>&nbsp;<\/p>\n<ul>\n<li>accessing the latest scientific knowledge and benefiting from transdisciplinary expertise in order to promote its integration into decision-making;<\/li>\n<li>raising awareness of biodiversity issues, participating in research projects, and contributing to the work of international bodies such as IPBES, the Convention on Biological Diversity (CBD),<\/li>\n<li>the European Network on Infrastructure and Ecology (IENE), etc. See all the implications of the FRB ;<\/li>\n<li>having the possibility of mobilizing the expertise of the FRB, its Scientific Council (CS) and its network of researchers;<\/li>\n<li>pooling research needs, particularly within thematic working groups, or by co-constructing research projects.<\/li>\n<\/ul>\n<p>&nbsp;<\/p>\n<p>&nbsp;<\/p>\n<p class=\"p1\">\n<div class=\"bloc_gris\">\n<p style=\"text-align: center;\"><strong>BEING PART OF THE ASSEMBLY ALSO MEANS BENEFITING FROM COMMUNICATION TOOLS BUILT AROUND DIFFERENT OBJECTIVES:<\/strong><\/p>\n<p>&nbsp;<\/p>\n<ul>\n<li>promoting the activities and actions of members and communicating their actions;<\/li>\n<li>the dissemination of knowledge edited and transmitted to members;<\/li>\n<li>Networking: facilitated interactions between members as well as exchanges with the Foundation team , its Scientific Council (SC) and international bodies.<\/li>\n<\/ul>\n<\/div>\n<p>&nbsp;<\/p>\n<p>&nbsp;<\/p>\n<p class=\"p1\" style=\"text-align: center;\"><a class=\"bt\" href=\"https:\/\/forms.office.com\/Pages\/ResponsePage.aspx?id=UxBlf69_O0KV3Gp-MLkQjIHUosHAxE9Cmncfl-gcPXtUM0UxV01LVk84UlNCUFE4RzVZTUJRNkxLNy4u\">Join the Stakeholder Assembly<\/a><\/p>\n","protected":false},"excerpt":{"rendered":"<p>Faced with the destruction of biodiversity, the fabric of life and human societies, interface spaces now appear as essential for halting its decline. They are spaces for reflection driven by multi-stakeholder expertise, drawing on academic research, but also promoting the integration of societal stakeholders&#8217; concerns into the development of research questions. &nbsp; Thus, through its [&hellip;]<\/p>\n","protected":false},"author":10,"featured_media":0,"parent":2225,"menu_order":5,"comment_status":"closed","ping_status":"closed","template":"temp_cesab.php","meta":{"_acf_changed":false,"inline_featured_image":false,"footnotes":""},"class_list":["post-35446","page","type-page","status-publish","hentry"],"acf":[],"yoast_head":"<!-- This site is optimized with the Yoast SEO plugin v27.4 - https:\/\/yoast.com\/product\/yoast-seo-wordpress\/ -->\n<title>The Stakeholders&#039; Assembly - Fondation pour la recherche sur la biodiversit\u00e9<\/title>\n<meta name=\"robots\" content=\"index, follow, max-snippet:-1, max-image-preview:large, max-video-preview:-1\" \/>\n<link rel=\"canonical\" href=\"https:\/\/www.fondationbiodiversite.fr\/en\/about-the-foundation\/lassemblee-des-parties-prenantes\/\" \/>\n<meta property=\"og:locale\" content=\"en_US\" \/>\n<meta property=\"og:type\" content=\"article\" \/>\n<meta property=\"og:title\" content=\"The Stakeholders&#039; Assembly - Fondation pour la recherche sur la biodiversit\u00e9\" \/>\n<meta property=\"og:description\" content=\"Faced with the destruction of biodiversity, the fabric of life and human societies, interface spaces now appear as essential for halting its decline. They are spaces for reflection driven by multi-stakeholder expertise, drawing on academic research, but also promoting the integration of societal stakeholders&#8217; concerns into the development of research questions. &nbsp; Thus, through its [&hellip;]\" \/>\n<meta property=\"og:url\" content=\"https:\/\/www.fondationbiodiversite.fr\/en\/about-the-foundation\/lassemblee-des-parties-prenantes\/\" \/>\n<meta property=\"og:site_name\" content=\"Fondation pour la recherche sur la biodiversit\u00e9\" \/>\n<meta property=\"article:publisher\" content=\"https:\/\/www.facebook.com\/FRBiodiv#\" \/>\n<meta property=\"article:modified_time\" content=\"2026-02-05T16:05:09+00:00\" \/>\n<meta name=\"twitter:card\" content=\"summary_large_image\" \/>\n<meta name=\"twitter:site\" content=\"@FRBiodiv\" \/>\n<meta name=\"twitter:label1\" content=\"Est. reading time\" \/>\n\t<meta name=\"twitter:data1\" content=\"5 minutes\" \/>\n<script type=\"application\/ld+json\" class=\"yoast-schema-graph\">{\"@context\":\"https:\\\/\\\/schema.org\",\"@graph\":[{\"@type\":\"WebPage\",\"@id\":\"https:\\\/\\\/www.fondationbiodiversite.fr\\\/en\\\/about-the-foundation\\\/lassemblee-des-parties-prenantes\\\/\",\"url\":\"https:\\\/\\\/www.fondationbiodiversite.fr\\\/en\\\/about-the-foundation\\\/lassemblee-des-parties-prenantes\\\/\",\"name\":\"The Stakeholders' Assembly - Fondation pour la recherche sur la biodiversit\u00e9\",\"isPartOf\":{\"@id\":\"https:\\\/\\\/www.fondationbiodiversite.fr\\\/en\\\/#website\"},\"datePublished\":\"2022-01-27T15:29:56+00:00\",\"dateModified\":\"2026-02-05T16:05:09+00:00\",\"breadcrumb\":{\"@id\":\"https:\\\/\\\/www.fondationbiodiversite.fr\\\/en\\\/about-the-foundation\\\/lassemblee-des-parties-prenantes\\\/#breadcrumb\"},\"inLanguage\":\"en-US\",\"potentialAction\":[{\"@type\":\"ReadAction\",\"target\":[\"https:\\\/\\\/www.fondationbiodiversite.fr\\\/en\\\/about-the-foundation\\\/lassemblee-des-parties-prenantes\\\/\"]}]},{\"@type\":\"BreadcrumbList\",\"@id\":\"https:\\\/\\\/www.fondationbiodiversite.fr\\\/en\\\/about-the-foundation\\\/lassemblee-des-parties-prenantes\\\/#breadcrumb\",\"itemListElement\":[{\"@type\":\"ListItem\",\"position\":1,\"name\":\"Accueil\",\"item\":\"https:\\\/\\\/www.fondationbiodiversite.fr\\\/en\\\/\"},{\"@type\":\"ListItem\",\"position\":2,\"name\":\"About the Foundation\",\"item\":\"https:\\\/\\\/www.fondationbiodiversite.fr\\\/en\\\/about-the-foundation\\\/\"},{\"@type\":\"ListItem\",\"position\":3,\"name\":\"The Stakeholders&#8217; Assembly\"}]},{\"@type\":\"WebSite\",\"@id\":\"https:\\\/\\\/www.fondationbiodiversite.fr\\\/en\\\/#website\",\"url\":\"https:\\\/\\\/www.fondationbiodiversite.fr\\\/en\\\/\",\"name\":\"Fondation pour la recherche sur la biodiversit\u00e9\",\"description\":\"Une plateforme entre les diff\u00e9rents acteurs scientifiques et les acteurs de la soci\u00e9t\u00e9 sur la biodiversit\u00e9..\",\"publisher\":{\"@id\":\"https:\\\/\\\/www.fondationbiodiversite.fr\\\/en\\\/#organization\"},\"alternateName\":\"FRB\",\"potentialAction\":[{\"@type\":\"SearchAction\",\"target\":{\"@type\":\"EntryPoint\",\"urlTemplate\":\"https:\\\/\\\/www.fondationbiodiversite.fr\\\/en\\\/?s={search_term_string}\"},\"query-input\":{\"@type\":\"PropertyValueSpecification\",\"valueRequired\":true,\"valueName\":\"search_term_string\"}}],\"inLanguage\":\"en-US\"},{\"@type\":\"Organization\",\"@id\":\"https:\\\/\\\/www.fondationbiodiversite.fr\\\/en\\\/#organization\",\"name\":\"Fondation pour la recherche sur la biodiversit\u00e9\",\"url\":\"https:\\\/\\\/www.fondationbiodiversite.fr\\\/en\\\/\",\"logo\":{\"@type\":\"ImageObject\",\"inLanguage\":\"en-US\",\"@id\":\"https:\\\/\\\/www.fondationbiodiversite.fr\\\/en\\\/#\\\/schema\\\/logo\\\/image\\\/\",\"url\":\"https:\\\/\\\/www.fondationbiodiversite.fr\\\/wp-content\\\/uploads\\\/2025\\\/10\\\/logo_FRB_RVB.png\",\"contentUrl\":\"https:\\\/\\\/www.fondationbiodiversite.fr\\\/wp-content\\\/uploads\\\/2025\\\/10\\\/logo_FRB_RVB.png\",\"width\":220,\"height\":220,\"caption\":\"Fondation pour la recherche sur la biodiversit\u00e9\"},\"image\":{\"@id\":\"https:\\\/\\\/www.fondationbiodiversite.fr\\\/en\\\/#\\\/schema\\\/logo\\\/image\\\/\"},\"sameAs\":[\"https:\\\/\\\/www.facebook.com\\\/FRBiodiv#\",\"https:\\\/\\\/x.com\\\/FRBiodiv\",\"https:\\\/\\\/bsky.app\\\/profile\\\/frbiodiv.bsky.social\",\"https:\\\/\\\/www.instagram.com\\\/frbiodiv\\\/\",\"https:\\\/\\\/www.linkedin.com\\\/in\\\/fondation-pour-la-recherche-sur-la-biodiversit-223059121\\\/\",\"https:\\\/\\\/www.youtube.com\\\/@FRBiodiv\"]}]}<\/script>\n<!-- \/ Yoast SEO plugin. -->","yoast_head_json":{"title":"The Stakeholders' Assembly - Fondation pour la recherche sur la biodiversit\u00e9","robots":{"index":"index","follow":"follow","max-snippet":"max-snippet:-1","max-image-preview":"max-image-preview:large","max-video-preview":"max-video-preview:-1"},"canonical":"https:\/\/www.fondationbiodiversite.fr\/en\/about-the-foundation\/lassemblee-des-parties-prenantes\/","og_locale":"en_US","og_type":"article","og_title":"The Stakeholders' Assembly - Fondation pour la recherche sur la biodiversit\u00e9","og_description":"Faced with the destruction of biodiversity, the fabric of life and human societies, interface spaces now appear as essential for halting its decline. They are spaces for reflection driven by multi-stakeholder expertise, drawing on academic research, but also promoting the integration of societal stakeholders&#8217; concerns into the development of research questions. &nbsp; Thus, through its [&hellip;]","og_url":"https:\/\/www.fondationbiodiversite.fr\/en\/about-the-foundation\/lassemblee-des-parties-prenantes\/","og_site_name":"Fondation pour la recherche sur la biodiversit\u00e9","article_publisher":"https:\/\/www.facebook.com\/FRBiodiv#","article_modified_time":"2026-02-05T16:05:09+00:00","twitter_card":"summary_large_image","twitter_site":"@FRBiodiv","twitter_misc":{"Est. reading time":"5 minutes"},"schema":{"@context":"https:\/\/schema.org","@graph":[{"@type":"WebPage","@id":"https:\/\/www.fondationbiodiversite.fr\/en\/about-the-foundation\/lassemblee-des-parties-prenantes\/","url":"https:\/\/www.fondationbiodiversite.fr\/en\/about-the-foundation\/lassemblee-des-parties-prenantes\/","name":"The Stakeholders' Assembly - Fondation pour la recherche sur la biodiversit\u00e9","isPartOf":{"@id":"https:\/\/www.fondationbiodiversite.fr\/en\/#website"},"datePublished":"2022-01-27T15:29:56+00:00","dateModified":"2026-02-05T16:05:09+00:00","breadcrumb":{"@id":"https:\/\/www.fondationbiodiversite.fr\/en\/about-the-foundation\/lassemblee-des-parties-prenantes\/#breadcrumb"},"inLanguage":"en-US","potentialAction":[{"@type":"ReadAction","target":["https:\/\/www.fondationbiodiversite.fr\/en\/about-the-foundation\/lassemblee-des-parties-prenantes\/"]}]},{"@type":"BreadcrumbList","@id":"https:\/\/www.fondationbiodiversite.fr\/en\/about-the-foundation\/lassemblee-des-parties-prenantes\/#breadcrumb","itemListElement":[{"@type":"ListItem","position":1,"name":"Accueil","item":"https:\/\/www.fondationbiodiversite.fr\/en\/"},{"@type":"ListItem","position":2,"name":"About the Foundation","item":"https:\/\/www.fondationbiodiversite.fr\/en\/about-the-foundation\/"},{"@type":"ListItem","position":3,"name":"The Stakeholders&#8217; Assembly"}]},{"@type":"WebSite","@id":"https:\/\/www.fondationbiodiversite.fr\/en\/#website","url":"https:\/\/www.fondationbiodiversite.fr\/en\/","name":"Fondation pour la recherche sur la biodiversit\u00e9","description":"Une plateforme entre les diff\u00e9rents acteurs scientifiques et les acteurs de la soci\u00e9t\u00e9 sur la biodiversit\u00e9..","publisher":{"@id":"https:\/\/www.fondationbiodiversite.fr\/en\/#organization"},"alternateName":"FRB","potentialAction":[{"@type":"SearchAction","target":{"@type":"EntryPoint","urlTemplate":"https:\/\/www.fondationbiodiversite.fr\/en\/?s={search_term_string}"},"query-input":{"@type":"PropertyValueSpecification","valueRequired":true,"valueName":"search_term_string"}}],"inLanguage":"en-US"},{"@type":"Organization","@id":"https:\/\/www.fondationbiodiversite.fr\/en\/#organization","name":"Fondation pour la recherche sur la biodiversit\u00e9","url":"https:\/\/www.fondationbiodiversite.fr\/en\/","logo":{"@type":"ImageObject","inLanguage":"en-US","@id":"https:\/\/www.fondationbiodiversite.fr\/en\/#\/schema\/logo\/image\/","url":"https:\/\/www.fondationbiodiversite.fr\/wp-content\/uploads\/2025\/10\/logo_FRB_RVB.png","contentUrl":"https:\/\/www.fondationbiodiversite.fr\/wp-content\/uploads\/2025\/10\/logo_FRB_RVB.png","width":220,"height":220,"caption":"Fondation pour la recherche sur la biodiversit\u00e9"},"image":{"@id":"https:\/\/www.fondationbiodiversite.fr\/en\/#\/schema\/logo\/image\/"},"sameAs":["https:\/\/www.facebook.com\/FRBiodiv#","https:\/\/x.com\/FRBiodiv","https:\/\/bsky.app\/profile\/frbiodiv.bsky.social","https:\/\/www.instagram.com\/frbiodiv\/","https:\/\/www.linkedin.com\/in\/fondation-pour-la-recherche-sur-la-biodiversit-223059121\/","https:\/\/www.youtube.com\/@FRBiodiv"]}]}},"_links":{"self":[{"href":"https:\/\/www.fondationbiodiversite.fr\/en\/wp-json\/wp\/v2\/pages\/35446","targetHints":{"allow":["GET"]}}],"collection":[{"href":"https:\/\/www.fondationbiodiversite.fr\/en\/wp-json\/wp\/v2\/pages"}],"about":[{"href":"https:\/\/www.fondationbiodiversite.fr\/en\/wp-json\/wp\/v2\/types\/page"}],"author":[{"embeddable":true,"href":"https:\/\/www.fondationbiodiversite.fr\/en\/wp-json\/wp\/v2\/users\/10"}],"replies":[{"embeddable":true,"href":"https:\/\/www.fondationbiodiversite.fr\/en\/wp-json\/wp\/v2\/comments?post=35446"}],"version-history":[{"count":0,"href":"https:\/\/www.fondationbiodiversite.fr\/en\/wp-json\/wp\/v2\/pages\/35446\/revisions"}],"up":[{"embeddable":true,"href":"https:\/\/www.fondationbiodiversite.fr\/en\/wp-json\/wp\/v2\/pages\/2225"}],"wp:attachment":[{"href":"https:\/\/www.fondationbiodiversite.fr\/en\/wp-json\/wp\/v2\/media?parent=35446"}],"curies":[{"name":"wp","href":"https:\/\/api.w.org\/{rel}","templated":true}]}}