
{"id":3438,"date":"2019-08-30T10:10:17","date_gmt":"2019-08-30T08:10:17","guid":{"rendered":"http:\/\/www.fondationbiodiversite.fr\/?page_id=3438"},"modified":"2026-01-21T17:17:54","modified_gmt":"2026-01-21T16:17:54","slug":"cesab-scientific-committee","status":"publish","type":"page","link":"https:\/\/www.fondationbiodiversite.fr\/en\/about-the-foundation\/le-cesab\/cesab-scientific-committee\/","title":{"rendered":"CESAB Scientific Committee"},"content":{"rendered":"","protected":false},"excerpt":{"rendered":"","protected":false},"author":2,"featured_media":6709,"parent":2233,"menu_order":1,"comment_status":"closed","ping_status":"closed","template":"temp_organisation.php","meta":{"_acf_changed":false,"inline_featured_image":false,"footnotes":""},"class_list":["post-3438","page","type-page","status-publish","has-post-thumbnail","hentry"],"acf":[],"yoast_head":"<!-- This site is optimized with the Yoast SEO plugin v27.3 - https:\/\/yoast.com\/product\/yoast-seo-wordpress\/ -->\n<title>Le Conseil scientifique (CS) de la FRB - Fondation pour la recherche sur la biodiversit\u00e9<\/title>\n<meta name=\"description\" content=\"Le Conseil scientifique (CS) a pour mission d\u2019orienter les actions de la FRB, notamment en donnant son avis sur son plan d&#039;actions. En interaction avec le Conseil d\u2019orientation strat\u00e9gique de la FRB, il s\u2019attache \u00e9galement \u00e0 conduire certains travaux d\u2019expertise scientifique comme l&#039;exploration des fronts de science et des grands enjeux de connaissance dans le champ de la biodiversit\u00e9.\u202f\" \/>\n<meta name=\"robots\" content=\"index, follow, max-snippet:-1, max-image-preview:large, max-video-preview:-1\" \/>\n<link rel=\"canonical\" href=\"https:\/\/www.fondationbiodiversite.fr\/en\/about-the-foundation\/le-cesab\/cesab-scientific-committee\/\" \/>\n<meta property=\"og:locale\" content=\"en_US\" \/>\n<meta property=\"og:type\" content=\"article\" \/>\n<meta property=\"og:title\" content=\"Le Conseil scientifique (CS) de la FRB - Fondation pour la recherche sur la biodiversit\u00e9\" \/>\n<meta property=\"og:description\" content=\"Le Conseil scientifique (CS) a pour mission d\u2019orienter les actions de la FRB, notamment en donnant son avis sur son plan d&#039;actions. En interaction avec le Conseil d\u2019orientation strat\u00e9gique de la FRB, il s\u2019attache \u00e9galement \u00e0 conduire certains travaux d\u2019expertise scientifique comme l&#039;exploration des fronts de science et des grands enjeux de connaissance dans le champ de la biodiversit\u00e9.\u202f\" \/>\n<meta property=\"og:url\" content=\"https:\/\/www.fondationbiodiversite.fr\/en\/about-the-foundation\/le-cesab\/cesab-scientific-committee\/\" \/>\n<meta property=\"og:site_name\" content=\"Fondation pour la recherche sur la biodiversit\u00e9\" \/>\n<meta property=\"article:publisher\" content=\"https:\/\/www.facebook.com\/FRBiodiv#\" \/>\n<meta property=\"article:modified_time\" content=\"2026-01-21T16:17:54+00:00\" \/>\n<meta property=\"og:image\" content=\"https:\/\/www.fondationbiodiversite.fr\/wp-content\/uploads\/2019\/07\/logo-FRB-Cesab-anglais-RVB-Web.png\" \/>\n\t<meta property=\"og:image:width\" content=\"4144\" \/>\n\t<meta property=\"og:image:height\" content=\"1537\" \/>\n\t<meta property=\"og:image:type\" content=\"image\/png\" \/>\n<meta name=\"twitter:card\" content=\"summary_large_image\" \/>\n<meta name=\"twitter:site\" content=\"@FRBiodiv\" \/>\n<meta name=\"twitter:label1\" content=\"Est. reading time\" \/>\n\t<meta name=\"twitter:data1\" content=\"1 minute\" \/>\n<script type=\"application\/ld+json\" class=\"yoast-schema-graph\">{\"@context\":\"https:\\\/\\\/schema.org\",\"@graph\":[{\"@type\":\"WebPage\",\"@id\":\"https:\\\/\\\/www.fondationbiodiversite.fr\\\/en\\\/about-the-foundation\\\/le-cesab\\\/cesab-scientific-committee\\\/\",\"url\":\"https:\\\/\\\/www.fondationbiodiversite.fr\\\/en\\\/about-the-foundation\\\/le-cesab\\\/cesab-scientific-committee\\\/\",\"name\":\"Le Conseil scientifique (CS) de la FRB - Fondation pour la recherche sur la biodiversit\u00e9\",\"isPartOf\":{\"@id\":\"https:\\\/\\\/www.fondationbiodiversite.fr\\\/en\\\/#website\"},\"primaryImageOfPage\":{\"@id\":\"https:\\\/\\\/www.fondationbiodiversite.fr\\\/en\\\/about-the-foundation\\\/le-cesab\\\/cesab-scientific-committee\\\/#primaryimage\"},\"image\":{\"@id\":\"https:\\\/\\\/www.fondationbiodiversite.fr\\\/en\\\/about-the-foundation\\\/le-cesab\\\/cesab-scientific-committee\\\/#primaryimage\"},\"thumbnailUrl\":\"https:\\\/\\\/www.fondationbiodiversite.fr\\\/wp-content\\\/uploads\\\/2019\\\/07\\\/logo-FRB-Cesab-anglais-RVB-Web.png\",\"datePublished\":\"2019-08-30T08:10:17+00:00\",\"dateModified\":\"2026-01-21T16:17:54+00:00\",\"description\":\"Le Conseil scientifique (CS) a pour mission d\u2019orienter les actions de la FRB, notamment en donnant son avis sur son plan d'actions. En interaction avec le Conseil d\u2019orientation strat\u00e9gique de la FRB, il s\u2019attache \u00e9galement \u00e0 conduire certains travaux d\u2019expertise scientifique comme l'exploration des fronts de science et des grands enjeux de connaissance dans le champ de la biodiversit\u00e9.\u202f\",\"breadcrumb\":{\"@id\":\"https:\\\/\\\/www.fondationbiodiversite.fr\\\/en\\\/about-the-foundation\\\/le-cesab\\\/cesab-scientific-committee\\\/#breadcrumb\"},\"inLanguage\":\"en-US\",\"potentialAction\":[{\"@type\":\"ReadAction\",\"target\":[\"https:\\\/\\\/www.fondationbiodiversite.fr\\\/en\\\/about-the-foundation\\\/le-cesab\\\/cesab-scientific-committee\\\/\"]}]},{\"@type\":\"ImageObject\",\"inLanguage\":\"en-US\",\"@id\":\"https:\\\/\\\/www.fondationbiodiversite.fr\\\/en\\\/about-the-foundation\\\/le-cesab\\\/cesab-scientific-committee\\\/#primaryimage\",\"url\":\"https:\\\/\\\/www.fondationbiodiversite.fr\\\/wp-content\\\/uploads\\\/2019\\\/07\\\/logo-FRB-Cesab-anglais-RVB-Web.png\",\"contentUrl\":\"https:\\\/\\\/www.fondationbiodiversite.fr\\\/wp-content\\\/uploads\\\/2019\\\/07\\\/logo-FRB-Cesab-anglais-RVB-Web.png\",\"width\":4144,\"height\":1537,\"caption\":\"logo FRB + Cesab anglais - RVB Web\"},{\"@type\":\"BreadcrumbList\",\"@id\":\"https:\\\/\\\/www.fondationbiodiversite.fr\\\/en\\\/about-the-foundation\\\/le-cesab\\\/cesab-scientific-committee\\\/#breadcrumb\",\"itemListElement\":[{\"@type\":\"ListItem\",\"position\":1,\"name\":\"Accueil\",\"item\":\"https:\\\/\\\/www.fondationbiodiversite.fr\\\/en\\\/\"},{\"@type\":\"ListItem\",\"position\":2,\"name\":\"About the Foundation\",\"item\":\"https:\\\/\\\/www.fondationbiodiversite.fr\\\/en\\\/about-the-foundation\\\/\"},{\"@type\":\"ListItem\",\"position\":3,\"name\":\"CESAB\",\"item\":\"https:\\\/\\\/www.fondationbiodiversite.fr\\\/en\\\/about-the-foundation\\\/le-cesab\\\/\"},{\"@type\":\"ListItem\",\"position\":4,\"name\":\"CESAB Scientific Committee\"}]},{\"@type\":\"WebSite\",\"@id\":\"https:\\\/\\\/www.fondationbiodiversite.fr\\\/en\\\/#website\",\"url\":\"https:\\\/\\\/www.fondationbiodiversite.fr\\\/en\\\/\",\"name\":\"Fondation pour la recherche sur la biodiversit\u00e9\",\"description\":\"Une plateforme entre les diff\u00e9rents acteurs scientifiques et les acteurs de la soci\u00e9t\u00e9 sur la biodiversit\u00e9..\",\"publisher\":{\"@id\":\"https:\\\/\\\/www.fondationbiodiversite.fr\\\/en\\\/#organization\"},\"alternateName\":\"FRB\",\"potentialAction\":[{\"@type\":\"SearchAction\",\"target\":{\"@type\":\"EntryPoint\",\"urlTemplate\":\"https:\\\/\\\/www.fondationbiodiversite.fr\\\/en\\\/?s={search_term_string}\"},\"query-input\":{\"@type\":\"PropertyValueSpecification\",\"valueRequired\":true,\"valueName\":\"search_term_string\"}}],\"inLanguage\":\"en-US\"},{\"@type\":\"Organization\",\"@id\":\"https:\\\/\\\/www.fondationbiodiversite.fr\\\/en\\\/#organization\",\"name\":\"Fondation pour la recherche sur la biodiversit\u00e9\",\"url\":\"https:\\\/\\\/www.fondationbiodiversite.fr\\\/en\\\/\",\"logo\":{\"@type\":\"ImageObject\",\"inLanguage\":\"en-US\",\"@id\":\"https:\\\/\\\/www.fondationbiodiversite.fr\\\/en\\\/#\\\/schema\\\/logo\\\/image\\\/\",\"url\":\"https:\\\/\\\/www.fondationbiodiversite.fr\\\/wp-content\\\/uploads\\\/2025\\\/10\\\/logo_FRB_RVB.png\",\"contentUrl\":\"https:\\\/\\\/www.fondationbiodiversite.fr\\\/wp-content\\\/uploads\\\/2025\\\/10\\\/logo_FRB_RVB.png\",\"width\":220,\"height\":220,\"caption\":\"Fondation pour la recherche sur la biodiversit\u00e9\"},\"image\":{\"@id\":\"https:\\\/\\\/www.fondationbiodiversite.fr\\\/en\\\/#\\\/schema\\\/logo\\\/image\\\/\"},\"sameAs\":[\"https:\\\/\\\/www.facebook.com\\\/FRBiodiv#\",\"https:\\\/\\\/x.com\\\/FRBiodiv\",\"https:\\\/\\\/bsky.app\\\/profile\\\/frbiodiv.bsky.social\",\"https:\\\/\\\/www.instagram.com\\\/frbiodiv\\\/\",\"https:\\\/\\\/www.linkedin.com\\\/in\\\/fondation-pour-la-recherche-sur-la-biodiversit-223059121\\\/\",\"https:\\\/\\\/www.youtube.com\\\/@FRBiodiv\"]}]}<\/script>\n<!-- \/ Yoast SEO plugin. -->","yoast_head_json":{"title":"Le Conseil scientifique (CS) de la FRB - Fondation pour la recherche sur la biodiversit\u00e9","description":"Le Conseil scientifique (CS) a pour mission d\u2019orienter les actions de la FRB, notamment en donnant son avis sur son plan d'actions. En interaction avec le Conseil d\u2019orientation strat\u00e9gique de la FRB, il s\u2019attache \u00e9galement \u00e0 conduire certains travaux d\u2019expertise scientifique comme l'exploration des fronts de science et des grands enjeux de connaissance dans le champ de la biodiversit\u00e9.\u202f","robots":{"index":"index","follow":"follow","max-snippet":"max-snippet:-1","max-image-preview":"max-image-preview:large","max-video-preview":"max-video-preview:-1"},"canonical":"https:\/\/www.fondationbiodiversite.fr\/en\/about-the-foundation\/le-cesab\/cesab-scientific-committee\/","og_locale":"en_US","og_type":"article","og_title":"Le Conseil scientifique (CS) de la FRB - Fondation pour la recherche sur la biodiversit\u00e9","og_description":"Le Conseil scientifique (CS) a pour mission d\u2019orienter les actions de la FRB, notamment en donnant son avis sur son plan d'actions. En interaction avec le Conseil d\u2019orientation strat\u00e9gique de la FRB, il s\u2019attache \u00e9galement \u00e0 conduire certains travaux d\u2019expertise scientifique comme l'exploration des fronts de science et des grands enjeux de connaissance dans le champ de la biodiversit\u00e9.\u202f","og_url":"https:\/\/www.fondationbiodiversite.fr\/en\/about-the-foundation\/le-cesab\/cesab-scientific-committee\/","og_site_name":"Fondation pour la recherche sur la biodiversit\u00e9","article_publisher":"https:\/\/www.facebook.com\/FRBiodiv#","article_modified_time":"2026-01-21T16:17:54+00:00","og_image":[{"width":4144,"height":1537,"url":"https:\/\/www.fondationbiodiversite.fr\/wp-content\/uploads\/2019\/07\/logo-FRB-Cesab-anglais-RVB-Web.png","type":"image\/png"}],"twitter_card":"summary_large_image","twitter_site":"@FRBiodiv","twitter_misc":{"Est. reading time":"1 minute"},"schema":{"@context":"https:\/\/schema.org","@graph":[{"@type":"WebPage","@id":"https:\/\/www.fondationbiodiversite.fr\/en\/about-the-foundation\/le-cesab\/cesab-scientific-committee\/","url":"https:\/\/www.fondationbiodiversite.fr\/en\/about-the-foundation\/le-cesab\/cesab-scientific-committee\/","name":"Le Conseil scientifique (CS) de la FRB - Fondation pour la recherche sur la biodiversit\u00e9","isPartOf":{"@id":"https:\/\/www.fondationbiodiversite.fr\/en\/#website"},"primaryImageOfPage":{"@id":"https:\/\/www.fondationbiodiversite.fr\/en\/about-the-foundation\/le-cesab\/cesab-scientific-committee\/#primaryimage"},"image":{"@id":"https:\/\/www.fondationbiodiversite.fr\/en\/about-the-foundation\/le-cesab\/cesab-scientific-committee\/#primaryimage"},"thumbnailUrl":"https:\/\/www.fondationbiodiversite.fr\/wp-content\/uploads\/2019\/07\/logo-FRB-Cesab-anglais-RVB-Web.png","datePublished":"2019-08-30T08:10:17+00:00","dateModified":"2026-01-21T16:17:54+00:00","description":"Le Conseil scientifique (CS) a pour mission d\u2019orienter les actions de la FRB, notamment en donnant son avis sur son plan d'actions. En interaction avec le Conseil d\u2019orientation strat\u00e9gique de la FRB, il s\u2019attache \u00e9galement \u00e0 conduire certains travaux d\u2019expertise scientifique comme l'exploration des fronts de science et des grands enjeux de connaissance dans le champ de la biodiversit\u00e9.\u202f","breadcrumb":{"@id":"https:\/\/www.fondationbiodiversite.fr\/en\/about-the-foundation\/le-cesab\/cesab-scientific-committee\/#breadcrumb"},"inLanguage":"en-US","potentialAction":[{"@type":"ReadAction","target":["https:\/\/www.fondationbiodiversite.fr\/en\/about-the-foundation\/le-cesab\/cesab-scientific-committee\/"]}]},{"@type":"ImageObject","inLanguage":"en-US","@id":"https:\/\/www.fondationbiodiversite.fr\/en\/about-the-foundation\/le-cesab\/cesab-scientific-committee\/#primaryimage","url":"https:\/\/www.fondationbiodiversite.fr\/wp-content\/uploads\/2019\/07\/logo-FRB-Cesab-anglais-RVB-Web.png","contentUrl":"https:\/\/www.fondationbiodiversite.fr\/wp-content\/uploads\/2019\/07\/logo-FRB-Cesab-anglais-RVB-Web.png","width":4144,"height":1537,"caption":"logo FRB + Cesab anglais - RVB Web"},{"@type":"BreadcrumbList","@id":"https:\/\/www.fondationbiodiversite.fr\/en\/about-the-foundation\/le-cesab\/cesab-scientific-committee\/#breadcrumb","itemListElement":[{"@type":"ListItem","position":1,"name":"Accueil","item":"https:\/\/www.fondationbiodiversite.fr\/en\/"},{"@type":"ListItem","position":2,"name":"About the Foundation","item":"https:\/\/www.fondationbiodiversite.fr\/en\/about-the-foundation\/"},{"@type":"ListItem","position":3,"name":"CESAB","item":"https:\/\/www.fondationbiodiversite.fr\/en\/about-the-foundation\/le-cesab\/"},{"@type":"ListItem","position":4,"name":"CESAB Scientific Committee"}]},{"@type":"WebSite","@id":"https:\/\/www.fondationbiodiversite.fr\/en\/#website","url":"https:\/\/www.fondationbiodiversite.fr\/en\/","name":"Fondation pour la recherche sur la biodiversit\u00e9","description":"Une plateforme entre les diff\u00e9rents acteurs scientifiques et les acteurs de la soci\u00e9t\u00e9 sur la biodiversit\u00e9..","publisher":{"@id":"https:\/\/www.fondationbiodiversite.fr\/en\/#organization"},"alternateName":"FRB","potentialAction":[{"@type":"SearchAction","target":{"@type":"EntryPoint","urlTemplate":"https:\/\/www.fondationbiodiversite.fr\/en\/?s={search_term_string}"},"query-input":{"@type":"PropertyValueSpecification","valueRequired":true,"valueName":"search_term_string"}}],"inLanguage":"en-US"},{"@type":"Organization","@id":"https:\/\/www.fondationbiodiversite.fr\/en\/#organization","name":"Fondation pour la recherche sur la biodiversit\u00e9","url":"https:\/\/www.fondationbiodiversite.fr\/en\/","logo":{"@type":"ImageObject","inLanguage":"en-US","@id":"https:\/\/www.fondationbiodiversite.fr\/en\/#\/schema\/logo\/image\/","url":"https:\/\/www.fondationbiodiversite.fr\/wp-content\/uploads\/2025\/10\/logo_FRB_RVB.png","contentUrl":"https:\/\/www.fondationbiodiversite.fr\/wp-content\/uploads\/2025\/10\/logo_FRB_RVB.png","width":220,"height":220,"caption":"Fondation pour la recherche sur la biodiversit\u00e9"},"image":{"@id":"https:\/\/www.fondationbiodiversite.fr\/en\/#\/schema\/logo\/image\/"},"sameAs":["https:\/\/www.facebook.com\/FRBiodiv#","https:\/\/x.com\/FRBiodiv","https:\/\/bsky.app\/profile\/frbiodiv.bsky.social","https:\/\/www.instagram.com\/frbiodiv\/","https:\/\/www.linkedin.com\/in\/fondation-pour-la-recherche-sur-la-biodiversit-223059121\/","https:\/\/www.youtube.com\/@FRBiodiv"]}]}},"_links":{"self":[{"href":"https:\/\/www.fondationbiodiversite.fr\/en\/wp-json\/wp\/v2\/pages\/3438","targetHints":{"allow":["GET"]}}],"collection":[{"href":"https:\/\/www.fondationbiodiversite.fr\/en\/wp-json\/wp\/v2\/pages"}],"about":[{"href":"https:\/\/www.fondationbiodiversite.fr\/en\/wp-json\/wp\/v2\/types\/page"}],"author":[{"embeddable":true,"href":"https:\/\/www.fondationbiodiversite.fr\/en\/wp-json\/wp\/v2\/users\/2"}],"replies":[{"embeddable":true,"href":"https:\/\/www.fondationbiodiversite.fr\/en\/wp-json\/wp\/v2\/comments?post=3438"}],"version-history":[{"count":0,"href":"https:\/\/www.fondationbiodiversite.fr\/en\/wp-json\/wp\/v2\/pages\/3438\/revisions"}],"up":[{"embeddable":true,"href":"https:\/\/www.fondationbiodiversite.fr\/en\/wp-json\/wp\/v2\/pages\/2233"}],"wp:featuredmedia":[{"embeddable":true,"href":"https:\/\/www.fondationbiodiversite.fr\/en\/wp-json\/wp\/v2\/media\/6709"}],"wp:attachment":[{"href":"https:\/\/www.fondationbiodiversite.fr\/en\/wp-json\/wp\/v2\/media?parent=3438"}],"curies":[{"name":"wp","href":"https:\/\/api.w.org\/{rel}","templated":true}]}}