
{"id":27581,"date":"2024-10-18T12:50:22","date_gmt":"2024-10-18T10:50:22","guid":{"rendered":"https:\/\/www.fondationbiodiversite.fr\/?page_id=27581"},"modified":"2026-02-19T12:00:12","modified_gmt":"2026-02-19T11:00:12","slug":"respin","status":"publish","type":"page","link":"https:\/\/www.fondationbiodiversite.fr\/en\/the-frb-in-action\/our-involvement\/respin\/","title":{"rendered":"RESPIN"},"content":{"rendered":"<p><strong>To inform global action on biodiversity and climate protection, IPBES (Intergovernmental Science-Policy Platform on Biodiversity and Ecosystem Services) and IPCC (Intergovernmental Panel on Climate Change) were created to improve the science-policy interface between knowledge holders and decision makers.\u00a0\u00a0<\/strong><\/p>\n<p>&nbsp;<\/p>\n<p><span data-contrast=\"none\">Today, large differences remain between these two platforms, slowing down development of synergies between them: the involvement of member countries in their processes remains uneven and the consideration of different knowledge systems on climate and biodiversity (academic, indigenous, local knowledge, etc.) is still fragmented. The aim of this European project is to evaluate barriers and incentives to the involvement of experts and decision-makers in the IPBES and IPCC processes, and thus encourage the development of the science-policy interface on biodiversity and climate. It will empower knowledge holders and facilitate the uptake of IPBES and IPCC knowledge by decision makers globally.\u00a0<\/span><span data-ccp-props=\"{&quot;335551550&quot;:6,&quot;335551620&quot;:6}\">\u00a0<\/span><\/p>\n<p>\u00a0<img loading=\"lazy\" decoding=\"async\" class=\"size-medium wp-image-27582 aligncenter\" src=\"https:\/\/www.fondationbiodiversite.fr\/wp-content\/uploads\/2024\/10\/respin-image-263x300.png\" alt=\"\" width=\"263\" height=\"300\" srcset=\"https:\/\/www.fondationbiodiversite.fr\/wp-content\/uploads\/2024\/10\/respin-image-263x300.png 263w, https:\/\/www.fondationbiodiversite.fr\/wp-content\/uploads\/2024\/10\/respin-image.png 531w\" sizes=\"auto, (max-width: 263px) 100vw, 263px\" \/><span data-ccp-props=\"{&quot;335551550&quot;:6,&quot;335551620&quot;:6}\">\u00a0<\/span><\/p>\n<p><strong>RESPIN\u2019s main goals are:\u00a0<\/strong><\/p>\n<ul>\n<li data-leveltext=\"(%1)\" data-font=\"Aptos\" data-listid=\"1\" data-list-defn-props=\"{&quot;335552541&quot;:0,&quot;335559685&quot;:720,&quot;335559991&quot;:360,&quot;469769242&quot;:[65533,0],&quot;469777803&quot;:&quot;left&quot;,&quot;469777804&quot;:&quot;(%1)&quot;,&quot;469777815&quot;:&quot;hybridMultilevel&quot;}\" aria-setsize=\"-1\" data-aria-posinset=\"1\" data-aria-level=\"1\"><span data-contrast=\"none\">empowering knowledge holders to enhance the representation across regions, knowledge systems and stakeholder groups in science-policy interface, considering the interlinkages between biodiversity and climate;<\/span><span data-ccp-props=\"{&quot;335551550&quot;:6,&quot;335551620&quot;:6}\">\u00a0<\/span><\/li>\n<li data-leveltext=\"(%1)\" data-font=\"Aptos\" data-listid=\"1\" data-list-defn-props=\"{&quot;335552541&quot;:0,&quot;335559685&quot;:720,&quot;335559991&quot;:360,&quot;469769242&quot;:[65533,0],&quot;469777803&quot;:&quot;left&quot;,&quot;469777804&quot;:&quot;(%1)&quot;,&quot;469777815&quot;:&quot;hybridMultilevel&quot;}\" aria-setsize=\"-1\" data-aria-posinset=\"1\" data-aria-level=\"1\"><span data-contrast=\"none\">developing and disseminating online capacity building programs to up-scale best practices and translate relevant project outputs for key stakeholders and decision-makers across the globe;<\/span><span data-ccp-props=\"{&quot;335551550&quot;:6,&quot;335551620&quot;:6}\">\u00a0<\/span><\/li>\n<li data-leveltext=\"(%1)\" data-font=\"Aptos\" data-listid=\"1\" data-list-defn-props=\"{&quot;335552541&quot;:0,&quot;335559685&quot;:720,&quot;335559991&quot;:360,&quot;469769242&quot;:[65533,0],&quot;469777803&quot;:&quot;left&quot;,&quot;469777804&quot;:&quot;(%1)&quot;,&quot;469777815&quot;:&quot;hybridMultilevel&quot;}\" aria-setsize=\"-1\" data-aria-posinset=\"1\" data-aria-level=\"1\"><span data-contrast=\"none\">empowering decision makers at different levels across the globe to uptake the knowledge and capacity building provided by IPBES and IPCC;<\/span><\/li>\n<li data-leveltext=\"(%1)\" data-font=\"Aptos\" data-listid=\"1\" data-list-defn-props=\"{&quot;335552541&quot;:0,&quot;335559685&quot;:720,&quot;335559991&quot;:360,&quot;469769242&quot;:[65533,0],&quot;469777803&quot;:&quot;left&quot;,&quot;469777804&quot;:&quot;(%1)&quot;,&quot;469777815&quot;:&quot;hybridMultilevel&quot;}\" aria-setsize=\"-1\" data-aria-posinset=\"1\" data-aria-level=\"1\"><span data-contrast=\"none\">developing future perspectives for science-policy interface engagement at EU level, enhancing EU capacities to incorporate IPBES and IPCC functions in their knowledge procedures and funding provisions.<\/span><span data-ccp-props=\"{&quot;335551550&quot;:6,&quot;335551620&quot;:6}\">\u00a0<\/span><\/li>\n<\/ul>\n<p>&nbsp;<\/p>\n<p><span data-contrast=\"none\">Project coordinator is <\/span><a href=\"https:\/\/www.ufz.de\/\"><span data-contrast=\"none\">Helmholtz Centre for Environmental Research<\/span><\/a><span data-contrast=\"none\"> (UFZ). RESPIN consortium is comprised of 11 partners from 10 countries across Europe, Latin America, and Africa (Belgium, Bulgaria, Colombia, Democratic Republic of Congo, Finland, France, Germany, Hungary, Spain, United Kingdom). It brings together key experts from diverse realms of knowledge \u2013 from biodiversity and ecology to climate modelers and economists, social scientists and communication experts.\u00a0<\/span><\/p>\n<p><span data-ccp-props=\"{&quot;335551550&quot;:6,&quot;335551620&quot;:6}\">\u00a0<\/span><\/p>\n<p><span data-contrast=\"none\"><strong>Within the project, FRB is leading a systemic study to assess the level of involvement of experts and the various knowledge systems (academic and non-academic), as well as the barriers and incentive to their involvement. It also assesses existing capacity-building activities.<\/strong> This study will provide a better understanding of possible collaborations between the IPCC and the IPBES, and the barriers to these collaborations; and the acculturation of experts, to encourage their participation within these two platforms.<\/span><span data-ccp-props=\"{&quot;335551550&quot;:6,&quot;335551620&quot;:6}\">\u00a0<\/span><\/p>\n<p>&nbsp;<\/p>\n<p style=\"text-align: center;\"><a class=\"bt\" href=\"https:\/\/respin-project.eu\">Follow the RESPIN project<\/a><\/p>\n","protected":false},"excerpt":{"rendered":"<p>To inform global action on biodiversity and climate protection, IPBES (Intergovernmental Science-Policy Platform on Biodiversity and Ecosystem Services) and IPCC (Intergovernmental Panel on Climate Change) were created to improve the science-policy interface between knowledge holders and decision makers.\u00a0\u00a0 &nbsp; Today, large differences remain between these two platforms, slowing down development of synergies between them: the [&hellip;]<\/p>\n","protected":false},"author":17,"featured_media":25112,"parent":2276,"menu_order":0,"comment_status":"closed","ping_status":"closed","template":"temp_frb-default.php","meta":{"_acf_changed":false,"inline_featured_image":false,"footnotes":""},"class_list":["post-27581","page","type-page","status-publish","has-post-thumbnail","hentry"],"acf":[],"yoast_head":"<!-- This site is optimized with the Yoast SEO plugin v27.3 - https:\/\/yoast.com\/product\/yoast-seo-wordpress\/ -->\n<title>RESPIN - Fondation pour la recherche sur la biodiversit\u00e9<\/title>\n<meta name=\"description\" content=\"\u00c0 travers ce projet europ\u00e9en, la FRB contribue \u00e0 valoriser les diverses sources de connaissances, acad\u00e9miques et non acad\u00e9miques au sein de l\u2019Ipbes et du Giec.\" \/>\n<meta name=\"robots\" content=\"index, follow, max-snippet:-1, max-image-preview:large, max-video-preview:-1\" \/>\n<link rel=\"canonical\" href=\"https:\/\/www.fondationbiodiversite.fr\/en\/the-frb-in-action\/our-involvement\/respin\/\" \/>\n<meta property=\"og:locale\" content=\"en_US\" \/>\n<meta property=\"og:type\" content=\"article\" \/>\n<meta property=\"og:title\" content=\"RESPIN - Fondation pour la recherche sur la biodiversit\u00e9\" \/>\n<meta property=\"og:description\" content=\"\u00c0 travers ce projet europ\u00e9en, la FRB contribue \u00e0 valoriser les diverses sources de connaissances, acad\u00e9miques et non acad\u00e9miques au sein de l\u2019Ipbes et du Giec.\" \/>\n<meta property=\"og:url\" content=\"https:\/\/www.fondationbiodiversite.fr\/en\/the-frb-in-action\/our-involvement\/respin\/\" \/>\n<meta property=\"og:site_name\" content=\"Fondation pour la recherche sur la biodiversit\u00e9\" \/>\n<meta property=\"article:publisher\" content=\"https:\/\/www.facebook.com\/FRBiodiv#\" \/>\n<meta property=\"article:modified_time\" content=\"2026-02-19T11:00:12+00:00\" \/>\n<meta property=\"og:image\" content=\"https:\/\/www.fondationbiodiversite.fr\/wp-content\/uploads\/2024\/04\/respin_project_logo-1.jpg\" \/>\n\t<meta property=\"og:image:width\" content=\"200\" \/>\n\t<meta property=\"og:image:height\" content=\"134\" \/>\n\t<meta property=\"og:image:type\" content=\"image\/jpeg\" \/>\n<meta name=\"twitter:card\" content=\"summary_large_image\" \/>\n<meta name=\"twitter:site\" content=\"@FRBiodiv\" \/>\n<meta name=\"twitter:label1\" content=\"Est. reading time\" \/>\n\t<meta name=\"twitter:data1\" content=\"4 minutes\" \/>\n<script type=\"application\/ld+json\" class=\"yoast-schema-graph\">{\"@context\":\"https:\\\/\\\/schema.org\",\"@graph\":[{\"@type\":\"WebPage\",\"@id\":\"https:\\\/\\\/www.fondationbiodiversite.fr\\\/en\\\/the-frb-in-action\\\/our-involvement\\\/respin\\\/\",\"url\":\"https:\\\/\\\/www.fondationbiodiversite.fr\\\/en\\\/the-frb-in-action\\\/our-involvement\\\/respin\\\/\",\"name\":\"RESPIN - Fondation pour la recherche sur la biodiversit\u00e9\",\"isPartOf\":{\"@id\":\"https:\\\/\\\/www.fondationbiodiversite.fr\\\/en\\\/#website\"},\"primaryImageOfPage\":{\"@id\":\"https:\\\/\\\/www.fondationbiodiversite.fr\\\/en\\\/the-frb-in-action\\\/our-involvement\\\/respin\\\/#primaryimage\"},\"image\":{\"@id\":\"https:\\\/\\\/www.fondationbiodiversite.fr\\\/en\\\/the-frb-in-action\\\/our-involvement\\\/respin\\\/#primaryimage\"},\"thumbnailUrl\":\"https:\\\/\\\/www.fondationbiodiversite.fr\\\/wp-content\\\/uploads\\\/2024\\\/04\\\/respin_project_logo-1.jpg\",\"datePublished\":\"2024-10-18T10:50:22+00:00\",\"dateModified\":\"2026-02-19T11:00:12+00:00\",\"description\":\"\u00c0 travers ce projet europ\u00e9en, la FRB contribue \u00e0 valoriser les diverses sources de connaissances, acad\u00e9miques et non acad\u00e9miques au sein de l\u2019Ipbes et du Giec.\",\"breadcrumb\":{\"@id\":\"https:\\\/\\\/www.fondationbiodiversite.fr\\\/en\\\/the-frb-in-action\\\/our-involvement\\\/respin\\\/#breadcrumb\"},\"inLanguage\":\"en-US\",\"potentialAction\":[{\"@type\":\"ReadAction\",\"target\":[\"https:\\\/\\\/www.fondationbiodiversite.fr\\\/en\\\/the-frb-in-action\\\/our-involvement\\\/respin\\\/\"]}]},{\"@type\":\"ImageObject\",\"inLanguage\":\"en-US\",\"@id\":\"https:\\\/\\\/www.fondationbiodiversite.fr\\\/en\\\/the-frb-in-action\\\/our-involvement\\\/respin\\\/#primaryimage\",\"url\":\"https:\\\/\\\/www.fondationbiodiversite.fr\\\/wp-content\\\/uploads\\\/2024\\\/04\\\/respin_project_logo-1.jpg\",\"contentUrl\":\"https:\\\/\\\/www.fondationbiodiversite.fr\\\/wp-content\\\/uploads\\\/2024\\\/04\\\/respin_project_logo-1.jpg\",\"width\":200,\"height\":134,\"caption\":\"Logo Respin Project\"},{\"@type\":\"BreadcrumbList\",\"@id\":\"https:\\\/\\\/www.fondationbiodiversite.fr\\\/en\\\/the-frb-in-action\\\/our-involvement\\\/respin\\\/#breadcrumb\",\"itemListElement\":[{\"@type\":\"ListItem\",\"position\":1,\"name\":\"Accueil\",\"item\":\"https:\\\/\\\/www.fondationbiodiversite.fr\\\/en\\\/\"},{\"@type\":\"ListItem\",\"position\":2,\"name\":\"The FRB in action\",\"item\":\"https:\\\/\\\/www.fondationbiodiversite.fr\\\/en\\\/the-frb-in-action\\\/\"},{\"@type\":\"ListItem\",\"position\":3,\"name\":\"Our international involvement\",\"item\":\"https:\\\/\\\/www.fondationbiodiversite.fr\\\/en\\\/the-frb-in-action\\\/our-involvement\\\/\"},{\"@type\":\"ListItem\",\"position\":4,\"name\":\"RESPIN\"}]},{\"@type\":\"WebSite\",\"@id\":\"https:\\\/\\\/www.fondationbiodiversite.fr\\\/en\\\/#website\",\"url\":\"https:\\\/\\\/www.fondationbiodiversite.fr\\\/en\\\/\",\"name\":\"Fondation pour la recherche sur la biodiversit\u00e9\",\"description\":\"Une plateforme entre les diff\u00e9rents acteurs scientifiques et les acteurs de la soci\u00e9t\u00e9 sur la biodiversit\u00e9..\",\"publisher\":{\"@id\":\"https:\\\/\\\/www.fondationbiodiversite.fr\\\/en\\\/#organization\"},\"alternateName\":\"FRB\",\"potentialAction\":[{\"@type\":\"SearchAction\",\"target\":{\"@type\":\"EntryPoint\",\"urlTemplate\":\"https:\\\/\\\/www.fondationbiodiversite.fr\\\/en\\\/?s={search_term_string}\"},\"query-input\":{\"@type\":\"PropertyValueSpecification\",\"valueRequired\":true,\"valueName\":\"search_term_string\"}}],\"inLanguage\":\"en-US\"},{\"@type\":\"Organization\",\"@id\":\"https:\\\/\\\/www.fondationbiodiversite.fr\\\/en\\\/#organization\",\"name\":\"Fondation pour la recherche sur la biodiversit\u00e9\",\"url\":\"https:\\\/\\\/www.fondationbiodiversite.fr\\\/en\\\/\",\"logo\":{\"@type\":\"ImageObject\",\"inLanguage\":\"en-US\",\"@id\":\"https:\\\/\\\/www.fondationbiodiversite.fr\\\/en\\\/#\\\/schema\\\/logo\\\/image\\\/\",\"url\":\"https:\\\/\\\/www.fondationbiodiversite.fr\\\/wp-content\\\/uploads\\\/2025\\\/10\\\/logo_FRB_RVB.png\",\"contentUrl\":\"https:\\\/\\\/www.fondationbiodiversite.fr\\\/wp-content\\\/uploads\\\/2025\\\/10\\\/logo_FRB_RVB.png\",\"width\":220,\"height\":220,\"caption\":\"Fondation pour la recherche sur la biodiversit\u00e9\"},\"image\":{\"@id\":\"https:\\\/\\\/www.fondationbiodiversite.fr\\\/en\\\/#\\\/schema\\\/logo\\\/image\\\/\"},\"sameAs\":[\"https:\\\/\\\/www.facebook.com\\\/FRBiodiv#\",\"https:\\\/\\\/x.com\\\/FRBiodiv\",\"https:\\\/\\\/bsky.app\\\/profile\\\/frbiodiv.bsky.social\",\"https:\\\/\\\/www.instagram.com\\\/frbiodiv\\\/\",\"https:\\\/\\\/www.linkedin.com\\\/in\\\/fondation-pour-la-recherche-sur-la-biodiversit-223059121\\\/\",\"https:\\\/\\\/www.youtube.com\\\/@FRBiodiv\"]}]}<\/script>\n<!-- \/ Yoast SEO plugin. -->","yoast_head_json":{"title":"RESPIN - Fondation pour la recherche sur la biodiversit\u00e9","description":"\u00c0 travers ce projet europ\u00e9en, la FRB contribue \u00e0 valoriser les diverses sources de connaissances, acad\u00e9miques et non acad\u00e9miques au sein de l\u2019Ipbes et du Giec.","robots":{"index":"index","follow":"follow","max-snippet":"max-snippet:-1","max-image-preview":"max-image-preview:large","max-video-preview":"max-video-preview:-1"},"canonical":"https:\/\/www.fondationbiodiversite.fr\/en\/the-frb-in-action\/our-involvement\/respin\/","og_locale":"en_US","og_type":"article","og_title":"RESPIN - Fondation pour la recherche sur la biodiversit\u00e9","og_description":"\u00c0 travers ce projet europ\u00e9en, la FRB contribue \u00e0 valoriser les diverses sources de connaissances, acad\u00e9miques et non acad\u00e9miques au sein de l\u2019Ipbes et du Giec.","og_url":"https:\/\/www.fondationbiodiversite.fr\/en\/the-frb-in-action\/our-involvement\/respin\/","og_site_name":"Fondation pour la recherche sur la biodiversit\u00e9","article_publisher":"https:\/\/www.facebook.com\/FRBiodiv#","article_modified_time":"2026-02-19T11:00:12+00:00","og_image":[{"width":200,"height":134,"url":"https:\/\/www.fondationbiodiversite.fr\/wp-content\/uploads\/2024\/04\/respin_project_logo-1.jpg","type":"image\/jpeg"}],"twitter_card":"summary_large_image","twitter_site":"@FRBiodiv","twitter_misc":{"Est. reading time":"4 minutes"},"schema":{"@context":"https:\/\/schema.org","@graph":[{"@type":"WebPage","@id":"https:\/\/www.fondationbiodiversite.fr\/en\/the-frb-in-action\/our-involvement\/respin\/","url":"https:\/\/www.fondationbiodiversite.fr\/en\/the-frb-in-action\/our-involvement\/respin\/","name":"RESPIN - Fondation pour la recherche sur la biodiversit\u00e9","isPartOf":{"@id":"https:\/\/www.fondationbiodiversite.fr\/en\/#website"},"primaryImageOfPage":{"@id":"https:\/\/www.fondationbiodiversite.fr\/en\/the-frb-in-action\/our-involvement\/respin\/#primaryimage"},"image":{"@id":"https:\/\/www.fondationbiodiversite.fr\/en\/the-frb-in-action\/our-involvement\/respin\/#primaryimage"},"thumbnailUrl":"https:\/\/www.fondationbiodiversite.fr\/wp-content\/uploads\/2024\/04\/respin_project_logo-1.jpg","datePublished":"2024-10-18T10:50:22+00:00","dateModified":"2026-02-19T11:00:12+00:00","description":"\u00c0 travers ce projet europ\u00e9en, la FRB contribue \u00e0 valoriser les diverses sources de connaissances, acad\u00e9miques et non acad\u00e9miques au sein de l\u2019Ipbes et du Giec.","breadcrumb":{"@id":"https:\/\/www.fondationbiodiversite.fr\/en\/the-frb-in-action\/our-involvement\/respin\/#breadcrumb"},"inLanguage":"en-US","potentialAction":[{"@type":"ReadAction","target":["https:\/\/www.fondationbiodiversite.fr\/en\/the-frb-in-action\/our-involvement\/respin\/"]}]},{"@type":"ImageObject","inLanguage":"en-US","@id":"https:\/\/www.fondationbiodiversite.fr\/en\/the-frb-in-action\/our-involvement\/respin\/#primaryimage","url":"https:\/\/www.fondationbiodiversite.fr\/wp-content\/uploads\/2024\/04\/respin_project_logo-1.jpg","contentUrl":"https:\/\/www.fondationbiodiversite.fr\/wp-content\/uploads\/2024\/04\/respin_project_logo-1.jpg","width":200,"height":134,"caption":"Logo Respin Project"},{"@type":"BreadcrumbList","@id":"https:\/\/www.fondationbiodiversite.fr\/en\/the-frb-in-action\/our-involvement\/respin\/#breadcrumb","itemListElement":[{"@type":"ListItem","position":1,"name":"Accueil","item":"https:\/\/www.fondationbiodiversite.fr\/en\/"},{"@type":"ListItem","position":2,"name":"The FRB in action","item":"https:\/\/www.fondationbiodiversite.fr\/en\/the-frb-in-action\/"},{"@type":"ListItem","position":3,"name":"Our international involvement","item":"https:\/\/www.fondationbiodiversite.fr\/en\/the-frb-in-action\/our-involvement\/"},{"@type":"ListItem","position":4,"name":"RESPIN"}]},{"@type":"WebSite","@id":"https:\/\/www.fondationbiodiversite.fr\/en\/#website","url":"https:\/\/www.fondationbiodiversite.fr\/en\/","name":"Fondation pour la recherche sur la biodiversit\u00e9","description":"Une plateforme entre les diff\u00e9rents acteurs scientifiques et les acteurs de la soci\u00e9t\u00e9 sur la biodiversit\u00e9..","publisher":{"@id":"https:\/\/www.fondationbiodiversite.fr\/en\/#organization"},"alternateName":"FRB","potentialAction":[{"@type":"SearchAction","target":{"@type":"EntryPoint","urlTemplate":"https:\/\/www.fondationbiodiversite.fr\/en\/?s={search_term_string}"},"query-input":{"@type":"PropertyValueSpecification","valueRequired":true,"valueName":"search_term_string"}}],"inLanguage":"en-US"},{"@type":"Organization","@id":"https:\/\/www.fondationbiodiversite.fr\/en\/#organization","name":"Fondation pour la recherche sur la biodiversit\u00e9","url":"https:\/\/www.fondationbiodiversite.fr\/en\/","logo":{"@type":"ImageObject","inLanguage":"en-US","@id":"https:\/\/www.fondationbiodiversite.fr\/en\/#\/schema\/logo\/image\/","url":"https:\/\/www.fondationbiodiversite.fr\/wp-content\/uploads\/2025\/10\/logo_FRB_RVB.png","contentUrl":"https:\/\/www.fondationbiodiversite.fr\/wp-content\/uploads\/2025\/10\/logo_FRB_RVB.png","width":220,"height":220,"caption":"Fondation pour la recherche sur la biodiversit\u00e9"},"image":{"@id":"https:\/\/www.fondationbiodiversite.fr\/en\/#\/schema\/logo\/image\/"},"sameAs":["https:\/\/www.facebook.com\/FRBiodiv#","https:\/\/x.com\/FRBiodiv","https:\/\/bsky.app\/profile\/frbiodiv.bsky.social","https:\/\/www.instagram.com\/frbiodiv\/","https:\/\/www.linkedin.com\/in\/fondation-pour-la-recherche-sur-la-biodiversit-223059121\/","https:\/\/www.youtube.com\/@FRBiodiv"]}]}},"_links":{"self":[{"href":"https:\/\/www.fondationbiodiversite.fr\/en\/wp-json\/wp\/v2\/pages\/27581","targetHints":{"allow":["GET"]}}],"collection":[{"href":"https:\/\/www.fondationbiodiversite.fr\/en\/wp-json\/wp\/v2\/pages"}],"about":[{"href":"https:\/\/www.fondationbiodiversite.fr\/en\/wp-json\/wp\/v2\/types\/page"}],"author":[{"embeddable":true,"href":"https:\/\/www.fondationbiodiversite.fr\/en\/wp-json\/wp\/v2\/users\/17"}],"replies":[{"embeddable":true,"href":"https:\/\/www.fondationbiodiversite.fr\/en\/wp-json\/wp\/v2\/comments?post=27581"}],"version-history":[{"count":1,"href":"https:\/\/www.fondationbiodiversite.fr\/en\/wp-json\/wp\/v2\/pages\/27581\/revisions"}],"predecessor-version":[{"id":35829,"href":"https:\/\/www.fondationbiodiversite.fr\/en\/wp-json\/wp\/v2\/pages\/27581\/revisions\/35829"}],"up":[{"embeddable":true,"href":"https:\/\/www.fondationbiodiversite.fr\/en\/wp-json\/wp\/v2\/pages\/2276"}],"wp:featuredmedia":[{"embeddable":true,"href":"https:\/\/www.fondationbiodiversite.fr\/en\/wp-json\/wp\/v2\/media\/25112"}],"wp:attachment":[{"href":"https:\/\/www.fondationbiodiversite.fr\/en\/wp-json\/wp\/v2\/media?parent=27581"}],"curies":[{"name":"wp","href":"https:\/\/api.w.org\/{rel}","templated":true}]}}