
{"id":2312,"date":"2019-01-15T15:57:46","date_gmt":"2019-01-15T14:57:46","guid":{"rendered":"http:\/\/www.fondationbiodiversite.fr\/mentions-legales\/"},"modified":"2025-01-30T14:16:25","modified_gmt":"2025-01-30T13:16:25","slug":"mentions-legales","status":"publish","type":"page","link":"https:\/\/www.fondationbiodiversite.fr\/en\/mentions-legales\/","title":{"rendered":"Mentions l\u00e9gales"},"content":{"rendered":"<p>Le propri\u00e9taire et \u00e9diteur de ce site est la soci\u00e9t\u00e9 de droit fran\u00e7ais <strong>Fondation pour la recherche sur la biodiversit\u00e9 (FRB)<\/strong>, dont le si\u00e8ge social se situe : 195, rue Saint-Jacques &#8211; 75005 PARIS<\/p>\n<p>Statut : Fondation de coop\u00e9ration scientifique (FCS), cr\u00e9\u00e9e par d\u00e9cret (NOR : ESRR0803236D) le 3 mars 2008.\u00a0<\/p>\n<p>N\u00b0 Siret : 50817562700027<\/p>\n<p>Mail : <a href=\"mailto:contact@fondationbiodiversite.fr\">contact@fondationbiodiversite.fr<\/a><\/p>\n<p>T\u00e9l : +33 (0)1 80 05 89 10<span id=\"cloak8e1566e4e15f4b1443f9de683c892bbe\"><\/span><\/p>\n<p>&nbsp;<\/p>\n<p><span id=\"cloak8e1566e4e15f4b1443f9de683c892bbe\"><\/span><strong><span style=\"text-decoration: underline;\">H\u00e9bergeur<\/span><\/strong><\/p>\n<p><a href=\"https:\/\/www.ovh.com\/fr\/\" target=\"_blank\" rel=\"noopener noreferrer\"><strong>OVH<\/strong><\/a><\/p>\n<p>Si\u00e8ge social : 2 rue Kellermann &#8211; 59100 Roubaix &#8211; France<\/p>\n<p>&nbsp;<\/p>\n<p><span style=\"text-decoration: underline;\"><strong>Conception du site<\/strong><\/span><\/p>\n<p><a href=\"https:\/\/10ket.studio\/\" target=\"_blank\" rel=\"noopener noreferrer\"><strong>10ket.studio<\/strong><\/a><\/p>\n<p>&nbsp;<\/p>\n<p><span style=\"text-decoration: underline;\"><strong>Titularit\u00e9 des droits<\/strong><\/span><\/p>\n<p>Tous les \u00e9l\u00e9ments de ce site internet (notamment les marques d\u00e9pos\u00e9es, noms de domaine, les textes, graphismes, logos, sons, photos et animations) sont la propri\u00e9t\u00e9 des \u00e9diteurs de ce site, \u00e0 l\u2019exclusion des \u00e9l\u00e9ments \u00e9manant de partenaires de la FRB ou de ceux pour lesquels les copyrights sont indiqu\u00e9s (notamment pour les visuels).<\/p>\n<p>La protection du site <a href=\"http:\/\/www.fondationbiodiversite.fr\">www.fondationbiodiversite.fr<\/a> rel\u00e8ve, par cons\u00e9quent, des l\u00e9gislations nationales et internationales relatives au droit de la propri\u00e9t\u00e9 intellectuelle. D\u00e8s lors, toute reproduction et\/ou repr\u00e9sentation et\/ou rediffusion, en tout ou partie, articles et ressources \u00e0 t\u00e9l\u00e9charger inclus, sur tout support \u00e9lectronique ou non, pr\u00e9sent ou futur, sont interdites sauf autorisation expresse et pr\u00e9alable. Le non-respect de cette interdiction est susceptible de constituer un acte de contrefa\u00e7on engageant les responsabilit\u00e9s civile et p\u00e9nale de tout contrevenant. De m\u00eame, les bases de donn\u00e9es d\u2019informations sont prot\u00e9g\u00e9es au titre du droit applicable aux compilations de donn\u00e9es. De sorte que toute extraction ou tentative d\u2019extraction, fut-elle totale ou partielle, est susceptible d\u2019engager les responsabilit\u00e9s civile et p\u00e9nale de tout contrevenant.<\/p>\n<p>La capture des \u00e9crans pour reconstitution ou enrichissement d&#8217;une base de donn\u00e9es nominatives est contraire \u00e0 la loi fran\u00e7aise et donc interdite, ainsi que l&#8217;utilisation \u00e0 des fins commerciales ou publicitaires.<\/p>\n<p>&nbsp;<\/p>\n<p><span style=\"text-decoration: underline;\"><strong>Mise en place de liens hypertextes<\/strong><\/span><\/p>\n<p>Toute cr\u00e9ation d\u2019un lien vers l\u2019une des pages du site <a href=\"http:\/\/www.fondationbiodiversite.fr\">www.fondationbiodiversite.fr<\/a> doit faire l\u2019objet d\u2019un accord pr\u00e9alable en prenant contact avec le p\u00f4le <a href=\"http:\/\/www.fondationbiodiversite.fr\/la-fondation\/organisation\/equipe-frb\/\">Communication et valorisation scientifique<\/a> de la FRB.<\/p>\n<p>La FRB d\u00e9cline toute responsabilit\u00e9 quant au contenu de tout autre site accessibles par les liens sortant de ce site. La FRB n&#8217;exerce aucun contr\u00f4le l\u00e9gal sur le contenu de ces sites et ne peut donc \u00eatre tenu responsable de la bonne observation des lois par ceux-ci.<\/p>\n<p>&nbsp;<\/p>\n<p><span style=\"text-decoration: underline;\"><strong>Donn\u00e9es personnelles<\/strong> <\/span><\/p>\n<p>&nbsp;<\/p>\n<ul>\n<li><em><strong>Formulaires d\u2019inscription<\/strong><\/em><\/li>\n<\/ul>\n<p>Des donn\u00e9es personnelles sont collect\u00e9es lors de l\u2019inscription \u00e0 des \u00e9v\u00e9nements ou \u00e0 la newsletter de la FRB \/ du Cesab. Chaque formulaire s\u2019efforce de limiter la collecte des donn\u00e9es personnelles en ne demandant de mani\u00e8re obligatoire que les informations n\u00e9cessaires pour l\u2019acc\u00e8s \u00e0 l\u2019\u00e9v\u00e9nement et l\u2019envoi d\u2019informations relatives \u00e0 celui-ci (Nom, pr\u00e9nom, organisme de rattachement, adresse email).<\/p>\n<p>Une case \u00e0 cocher vous permet de nous indiquer si vous souhaitez que nous conservions ces donn\u00e9es pour l\u2019envoi r\u00e9gulier d\u2019informations relatives \u00e0 la FRB.<\/p>\n<p>Conform\u00e9ment \u00e0 la r\u00e8glementation RGPD, vous pouvez \u00e0 tout moment nous contacter pour prendre connaissance des donn\u00e9es dont nous disposons, les modifier ou les supprimer.<\/p>\n<p>&nbsp;<\/p>\n<ul>\n<li><em><strong>Cookies<\/strong><\/em><\/li>\n<\/ul>\n<p>&nbsp;<\/p>\n<ul>\n<li style=\"list-style-type: none;\">\n<ul>\n<li><em><span style=\"text-decoration: underline;\">Fonctionnalit\u00e9 des cookies<\/span><\/em><\/li>\n<\/ul>\n<\/li>\n<\/ul>\n<p><em>Cookies fonctionnels<\/em><\/p>\n<p>Ce type de cookies est indispensable pour vous permettre de naviguer sur le site et ainsi vous fournir certaines fonctionnalit\u00e9s que vous avez demand\u00e9es. Sans ces cookies, le site web ne pourrait fonctionner correctement et les services que vous demandez, tels que l&#8217;acc\u00e8s \u00e0 des pages restreintes, ne pourraient vous \u00eatre propos\u00e9s. D\u00e8s que vous quittez le site web\/le navigateur, le cookie g\u00e9n\u00e9r\u00e9 disparait de votre terminal, l&#8217;objectif n\u2019\u00e9tant pas de reconna\u00eetre votre appareil lors de vos consultations suivantes.<\/p>\n<p>&nbsp;<\/p>\n<p><em>Cookies tiers de partage de contenu sur les r\u00e9seaux sociaux<\/em><br \/>\nCe type de cookies permet l&#8217;enregistrement de votre navigation et de vous identifier. Ils\u00a0permettent de partager les contenus du site de la FRB via les r\u00e9seaux sociaux.<\/p>\n<p>&nbsp;<\/p>\n<ul>\n<li style=\"list-style-type: none;\">\n<ul>\n<li><span style=\"text-decoration: underline;\"><em>G\u00e9rer les cookies<\/em><\/span><\/li>\n<\/ul>\n<\/li>\n<\/ul>\n<p>Vous pouvez exprimer votre choix directement aupr\u00e8s du site. Pour cela, vous pouvez \u00e0 tout moment param\u00e9trer vos pr\u00e9f\u00e9rences en cliquant sur le bouton \u00ab Param\u00e9trer vos pr\u00e9f\u00e9rences \u00bb ci-dessous.\u00a0<\/p>\n<p>Le refus du d\u00e9p\u00f4t de cookies sociaux emp\u00eachera toute interaction avec les r\u00e9seaux sociaux. En revanche, il n\u2019est pas possible de bloquer les cookies fonctionnels car ils sont n\u00e9cessaires au fonctionnement du site.<\/p>\n<p>Dans les pr\u00e9f\u00e9rences de votre navigateur ou de votre appareil mobile, vous pouvez \u00e0 tout moment d\u00e9sactiver certains cookies. Cela peut cependant modifier votre navigation sur Internet et sur le site. La m\u00e9thode de d\u00e9sactivation des cookies peut varier en fonction de l&#8217;appareil et du navigateur, mais elle se trouve habituellement dans les rubriques <em>Pr\u00e9f\u00e9rences<\/em> ou <em>Param\u00e8tres de s\u00e9curit\u00e9<\/em>. Elle sera d\u00e9crite dans le menu d&#8217;aide de votre navigateur.<\/p>\n<p>&nbsp;<\/p>\n","protected":false},"excerpt":{"rendered":"<p>Le propri\u00e9taire et \u00e9diteur de ce site est la soci\u00e9t\u00e9 de droit fran\u00e7ais Fondation pour la recherche sur la biodiversit\u00e9 (FRB), dont le si\u00e8ge social se situe : 195, rue Saint-Jacques &#8211; 75005 PARIS Statut : Fondation de coop\u00e9ration scientifique (FCS), cr\u00e9\u00e9e par d\u00e9cret (NOR : ESRR0803236D) le 3 mars 2008.\u00a0 N\u00b0 Siret : 50817562700027 [&hellip;]<\/p>\n","protected":false},"author":1,"featured_media":842,"parent":0,"menu_order":24,"comment_status":"closed","ping_status":"closed","template":"temp_frb-default.php","meta":{"_acf_changed":false,"inline_featured_image":false,"footnotes":""},"class_list":["post-2312","page","type-page","status-publish","has-post-thumbnail","hentry"],"acf":[],"yoast_head":"<!-- This site is optimized with the Yoast SEO plugin v27.3 - https:\/\/yoast.com\/product\/yoast-seo-wordpress\/ -->\n<title>Mentions l\u00e9gales - Fondation pour la recherche sur la biodiversit\u00e9<\/title>\n<meta name=\"robots\" content=\"index, follow, max-snippet:-1, max-image-preview:large, max-video-preview:-1\" \/>\n<link rel=\"canonical\" href=\"https:\/\/www.fondationbiodiversite.fr\/en\/mentions-legales\/\" \/>\n<meta property=\"og:locale\" content=\"en_US\" \/>\n<meta property=\"og:type\" content=\"article\" \/>\n<meta property=\"og:title\" content=\"Mentions l\u00e9gales - Fondation pour la recherche sur la biodiversit\u00e9\" \/>\n<meta property=\"og:description\" content=\"Le propri\u00e9taire et \u00e9diteur de ce site est la soci\u00e9t\u00e9 de droit fran\u00e7ais Fondation pour la recherche sur la biodiversit\u00e9 (FRB), dont le si\u00e8ge social se situe : 195, rue Saint-Jacques &#8211; 75005 PARIS Statut : Fondation de coop\u00e9ration scientifique (FCS), cr\u00e9\u00e9e par d\u00e9cret (NOR : ESRR0803236D) le 3 mars 2008.\u00a0 N\u00b0 Siret : 50817562700027 [&hellip;]\" \/>\n<meta property=\"og:url\" content=\"https:\/\/www.fondationbiodiversite.fr\/en\/mentions-legales\/\" \/>\n<meta property=\"og:site_name\" content=\"Fondation pour la recherche sur la biodiversit\u00e9\" \/>\n<meta property=\"article:publisher\" content=\"https:\/\/www.facebook.com\/FRBiodiv#\" \/>\n<meta property=\"article:modified_time\" content=\"2025-01-30T13:16:25+00:00\" \/>\n<meta property=\"og:image\" content=\"https:\/\/www.fondationbiodiversite.fr\/wp-content\/uploads\/2019\/01\/logo.png\" \/>\n\t<meta property=\"og:image:width\" content=\"812\" \/>\n\t<meta property=\"og:image:height\" content=\"739\" \/>\n\t<meta property=\"og:image:type\" content=\"image\/png\" \/>\n<meta name=\"twitter:card\" content=\"summary_large_image\" \/>\n<meta name=\"twitter:site\" content=\"@FRBiodiv\" \/>\n<meta name=\"twitter:label1\" content=\"Est. reading time\" \/>\n\t<meta name=\"twitter:data1\" content=\"4 minutes\" \/>\n<script type=\"application\/ld+json\" class=\"yoast-schema-graph\">{\"@context\":\"https:\\\/\\\/schema.org\",\"@graph\":[{\"@type\":\"WebPage\",\"@id\":\"https:\\\/\\\/www.fondationbiodiversite.fr\\\/en\\\/mentions-legales\\\/\",\"url\":\"https:\\\/\\\/www.fondationbiodiversite.fr\\\/en\\\/mentions-legales\\\/\",\"name\":\"Mentions l\u00e9gales - Fondation pour la recherche sur la biodiversit\u00e9\",\"isPartOf\":{\"@id\":\"https:\\\/\\\/www.fondationbiodiversite.fr\\\/en\\\/#website\"},\"primaryImageOfPage\":{\"@id\":\"https:\\\/\\\/www.fondationbiodiversite.fr\\\/en\\\/mentions-legales\\\/#primaryimage\"},\"image\":{\"@id\":\"https:\\\/\\\/www.fondationbiodiversite.fr\\\/en\\\/mentions-legales\\\/#primaryimage\"},\"thumbnailUrl\":\"https:\\\/\\\/www.fondationbiodiversite.fr\\\/wp-content\\\/uploads\\\/2019\\\/01\\\/logo.png\",\"datePublished\":\"2019-01-15T14:57:46+00:00\",\"dateModified\":\"2025-01-30T13:16:25+00:00\",\"breadcrumb\":{\"@id\":\"https:\\\/\\\/www.fondationbiodiversite.fr\\\/en\\\/mentions-legales\\\/#breadcrumb\"},\"inLanguage\":\"en-US\",\"potentialAction\":[{\"@type\":\"ReadAction\",\"target\":[\"https:\\\/\\\/www.fondationbiodiversite.fr\\\/en\\\/mentions-legales\\\/\"]}]},{\"@type\":\"ImageObject\",\"inLanguage\":\"en-US\",\"@id\":\"https:\\\/\\\/www.fondationbiodiversite.fr\\\/en\\\/mentions-legales\\\/#primaryimage\",\"url\":\"https:\\\/\\\/www.fondationbiodiversite.fr\\\/wp-content\\\/uploads\\\/2019\\\/01\\\/logo.png\",\"contentUrl\":\"https:\\\/\\\/www.fondationbiodiversite.fr\\\/wp-content\\\/uploads\\\/2019\\\/01\\\/logo.png\",\"width\":812,\"height\":739,\"caption\":\"Logo FRB\"},{\"@type\":\"BreadcrumbList\",\"@id\":\"https:\\\/\\\/www.fondationbiodiversite.fr\\\/en\\\/mentions-legales\\\/#breadcrumb\",\"itemListElement\":[{\"@type\":\"ListItem\",\"position\":1,\"name\":\"Accueil\",\"item\":\"https:\\\/\\\/www.fondationbiodiversite.fr\\\/en\\\/\"},{\"@type\":\"ListItem\",\"position\":2,\"name\":\"Mentions l\u00e9gales\"}]},{\"@type\":\"WebSite\",\"@id\":\"https:\\\/\\\/www.fondationbiodiversite.fr\\\/en\\\/#website\",\"url\":\"https:\\\/\\\/www.fondationbiodiversite.fr\\\/en\\\/\",\"name\":\"Fondation pour la recherche sur la biodiversit\u00e9\",\"description\":\"Une plateforme entre les diff\u00e9rents acteurs scientifiques et les acteurs de la soci\u00e9t\u00e9 sur la biodiversit\u00e9..\",\"publisher\":{\"@id\":\"https:\\\/\\\/www.fondationbiodiversite.fr\\\/en\\\/#organization\"},\"alternateName\":\"FRB\",\"potentialAction\":[{\"@type\":\"SearchAction\",\"target\":{\"@type\":\"EntryPoint\",\"urlTemplate\":\"https:\\\/\\\/www.fondationbiodiversite.fr\\\/en\\\/?s={search_term_string}\"},\"query-input\":{\"@type\":\"PropertyValueSpecification\",\"valueRequired\":true,\"valueName\":\"search_term_string\"}}],\"inLanguage\":\"en-US\"},{\"@type\":\"Organization\",\"@id\":\"https:\\\/\\\/www.fondationbiodiversite.fr\\\/en\\\/#organization\",\"name\":\"Fondation pour la recherche sur la biodiversit\u00e9\",\"url\":\"https:\\\/\\\/www.fondationbiodiversite.fr\\\/en\\\/\",\"logo\":{\"@type\":\"ImageObject\",\"inLanguage\":\"en-US\",\"@id\":\"https:\\\/\\\/www.fondationbiodiversite.fr\\\/en\\\/#\\\/schema\\\/logo\\\/image\\\/\",\"url\":\"https:\\\/\\\/www.fondationbiodiversite.fr\\\/wp-content\\\/uploads\\\/2025\\\/10\\\/logo_FRB_RVB.png\",\"contentUrl\":\"https:\\\/\\\/www.fondationbiodiversite.fr\\\/wp-content\\\/uploads\\\/2025\\\/10\\\/logo_FRB_RVB.png\",\"width\":220,\"height\":220,\"caption\":\"Fondation pour la recherche sur la biodiversit\u00e9\"},\"image\":{\"@id\":\"https:\\\/\\\/www.fondationbiodiversite.fr\\\/en\\\/#\\\/schema\\\/logo\\\/image\\\/\"},\"sameAs\":[\"https:\\\/\\\/www.facebook.com\\\/FRBiodiv#\",\"https:\\\/\\\/x.com\\\/FRBiodiv\",\"https:\\\/\\\/bsky.app\\\/profile\\\/frbiodiv.bsky.social\",\"https:\\\/\\\/www.instagram.com\\\/frbiodiv\\\/\",\"https:\\\/\\\/www.linkedin.com\\\/in\\\/fondation-pour-la-recherche-sur-la-biodiversit-223059121\\\/\",\"https:\\\/\\\/www.youtube.com\\\/@FRBiodiv\"]}]}<\/script>\n<!-- \/ Yoast SEO plugin. -->","yoast_head_json":{"title":"Mentions l\u00e9gales - Fondation pour la recherche sur la biodiversit\u00e9","robots":{"index":"index","follow":"follow","max-snippet":"max-snippet:-1","max-image-preview":"max-image-preview:large","max-video-preview":"max-video-preview:-1"},"canonical":"https:\/\/www.fondationbiodiversite.fr\/en\/mentions-legales\/","og_locale":"en_US","og_type":"article","og_title":"Mentions l\u00e9gales - Fondation pour la recherche sur la biodiversit\u00e9","og_description":"Le propri\u00e9taire et \u00e9diteur de ce site est la soci\u00e9t\u00e9 de droit fran\u00e7ais Fondation pour la recherche sur la biodiversit\u00e9 (FRB), dont le si\u00e8ge social se situe : 195, rue Saint-Jacques &#8211; 75005 PARIS Statut : Fondation de coop\u00e9ration scientifique (FCS), cr\u00e9\u00e9e par d\u00e9cret (NOR : ESRR0803236D) le 3 mars 2008.\u00a0 N\u00b0 Siret : 50817562700027 [&hellip;]","og_url":"https:\/\/www.fondationbiodiversite.fr\/en\/mentions-legales\/","og_site_name":"Fondation pour la recherche sur la biodiversit\u00e9","article_publisher":"https:\/\/www.facebook.com\/FRBiodiv#","article_modified_time":"2025-01-30T13:16:25+00:00","og_image":[{"width":812,"height":739,"url":"https:\/\/www.fondationbiodiversite.fr\/wp-content\/uploads\/2019\/01\/logo.png","type":"image\/png"}],"twitter_card":"summary_large_image","twitter_site":"@FRBiodiv","twitter_misc":{"Est. reading time":"4 minutes"},"schema":{"@context":"https:\/\/schema.org","@graph":[{"@type":"WebPage","@id":"https:\/\/www.fondationbiodiversite.fr\/en\/mentions-legales\/","url":"https:\/\/www.fondationbiodiversite.fr\/en\/mentions-legales\/","name":"Mentions l\u00e9gales - Fondation pour la recherche sur la biodiversit\u00e9","isPartOf":{"@id":"https:\/\/www.fondationbiodiversite.fr\/en\/#website"},"primaryImageOfPage":{"@id":"https:\/\/www.fondationbiodiversite.fr\/en\/mentions-legales\/#primaryimage"},"image":{"@id":"https:\/\/www.fondationbiodiversite.fr\/en\/mentions-legales\/#primaryimage"},"thumbnailUrl":"https:\/\/www.fondationbiodiversite.fr\/wp-content\/uploads\/2019\/01\/logo.png","datePublished":"2019-01-15T14:57:46+00:00","dateModified":"2025-01-30T13:16:25+00:00","breadcrumb":{"@id":"https:\/\/www.fondationbiodiversite.fr\/en\/mentions-legales\/#breadcrumb"},"inLanguage":"en-US","potentialAction":[{"@type":"ReadAction","target":["https:\/\/www.fondationbiodiversite.fr\/en\/mentions-legales\/"]}]},{"@type":"ImageObject","inLanguage":"en-US","@id":"https:\/\/www.fondationbiodiversite.fr\/en\/mentions-legales\/#primaryimage","url":"https:\/\/www.fondationbiodiversite.fr\/wp-content\/uploads\/2019\/01\/logo.png","contentUrl":"https:\/\/www.fondationbiodiversite.fr\/wp-content\/uploads\/2019\/01\/logo.png","width":812,"height":739,"caption":"Logo FRB"},{"@type":"BreadcrumbList","@id":"https:\/\/www.fondationbiodiversite.fr\/en\/mentions-legales\/#breadcrumb","itemListElement":[{"@type":"ListItem","position":1,"name":"Accueil","item":"https:\/\/www.fondationbiodiversite.fr\/en\/"},{"@type":"ListItem","position":2,"name":"Mentions l\u00e9gales"}]},{"@type":"WebSite","@id":"https:\/\/www.fondationbiodiversite.fr\/en\/#website","url":"https:\/\/www.fondationbiodiversite.fr\/en\/","name":"Fondation pour la recherche sur la biodiversit\u00e9","description":"Une plateforme entre les diff\u00e9rents acteurs scientifiques et les acteurs de la soci\u00e9t\u00e9 sur la biodiversit\u00e9..","publisher":{"@id":"https:\/\/www.fondationbiodiversite.fr\/en\/#organization"},"alternateName":"FRB","potentialAction":[{"@type":"SearchAction","target":{"@type":"EntryPoint","urlTemplate":"https:\/\/www.fondationbiodiversite.fr\/en\/?s={search_term_string}"},"query-input":{"@type":"PropertyValueSpecification","valueRequired":true,"valueName":"search_term_string"}}],"inLanguage":"en-US"},{"@type":"Organization","@id":"https:\/\/www.fondationbiodiversite.fr\/en\/#organization","name":"Fondation pour la recherche sur la biodiversit\u00e9","url":"https:\/\/www.fondationbiodiversite.fr\/en\/","logo":{"@type":"ImageObject","inLanguage":"en-US","@id":"https:\/\/www.fondationbiodiversite.fr\/en\/#\/schema\/logo\/image\/","url":"https:\/\/www.fondationbiodiversite.fr\/wp-content\/uploads\/2025\/10\/logo_FRB_RVB.png","contentUrl":"https:\/\/www.fondationbiodiversite.fr\/wp-content\/uploads\/2025\/10\/logo_FRB_RVB.png","width":220,"height":220,"caption":"Fondation pour la recherche sur la biodiversit\u00e9"},"image":{"@id":"https:\/\/www.fondationbiodiversite.fr\/en\/#\/schema\/logo\/image\/"},"sameAs":["https:\/\/www.facebook.com\/FRBiodiv#","https:\/\/x.com\/FRBiodiv","https:\/\/bsky.app\/profile\/frbiodiv.bsky.social","https:\/\/www.instagram.com\/frbiodiv\/","https:\/\/www.linkedin.com\/in\/fondation-pour-la-recherche-sur-la-biodiversit-223059121\/","https:\/\/www.youtube.com\/@FRBiodiv"]}]}},"_links":{"self":[{"href":"https:\/\/www.fondationbiodiversite.fr\/en\/wp-json\/wp\/v2\/pages\/2312","targetHints":{"allow":["GET"]}}],"collection":[{"href":"https:\/\/www.fondationbiodiversite.fr\/en\/wp-json\/wp\/v2\/pages"}],"about":[{"href":"https:\/\/www.fondationbiodiversite.fr\/en\/wp-json\/wp\/v2\/types\/page"}],"author":[{"embeddable":true,"href":"https:\/\/www.fondationbiodiversite.fr\/en\/wp-json\/wp\/v2\/users\/1"}],"replies":[{"embeddable":true,"href":"https:\/\/www.fondationbiodiversite.fr\/en\/wp-json\/wp\/v2\/comments?post=2312"}],"version-history":[{"count":0,"href":"https:\/\/www.fondationbiodiversite.fr\/en\/wp-json\/wp\/v2\/pages\/2312\/revisions"}],"wp:featuredmedia":[{"embeddable":true,"href":"https:\/\/www.fondationbiodiversite.fr\/en\/wp-json\/wp\/v2\/media\/842"}],"wp:attachment":[{"href":"https:\/\/www.fondationbiodiversite.fr\/en\/wp-json\/wp\/v2\/media?parent=2312"}],"curies":[{"name":"wp","href":"https:\/\/api.w.org\/{rel}","templated":true}]}}