
{"id":2311,"date":"2019-01-15T15:57:46","date_gmt":"2019-01-15T14:57:46","guid":{"rendered":"http:\/\/www.fondationbiodiversite.fr\/plan-du-site\/"},"modified":"2025-12-04T16:24:33","modified_gmt":"2025-12-04T15:24:33","slug":"plan-du-site","status":"publish","type":"page","link":"https:\/\/www.fondationbiodiversite.fr\/en\/plan-du-site\/","title":{"rendered":"Plan du site"},"content":{"rendered":"<div class=\"sitemap-container row\">\n<div class=\"sitemap-section col-md-4 col-sm-6 col-12 mb-4\">\n<div class=\"sitemap-box\">\n<h3 class=\"sitemap-title\">Menu 1<\/h3>\n<ul id=\"menu-menu-1-anglais\" class=\"sitemap-list\">\n<li id=\"menu-item-6486\" class=\"menu-item menu-item-type-post_type menu-item-object-page menu-item-has-children menu-item-6486\"><a href=\"https:\/\/www.fondationbiodiversite.fr\/en\/about-the-foundation\/\">About the Foundation<\/a>\n<ul class=\"sub-menu\">\n<li id=\"menu-item-6487\" class=\"menu-item menu-item-type-post_type menu-item-object-page menu-item-6487\"><a href=\"https:\/\/www.fondationbiodiversite.fr\/en\/about-the-foundation\/the-frb-at-a-glance\/\">The FRB at a glance<\/a><\/li>\n<li id=\"menu-item-6494\" class=\"menu-item menu-item-type-post_type menu-item-object-page menu-item-6494\"><a href=\"https:\/\/www.fondationbiodiversite.fr\/en\/about-the-foundation\/le-cesab\/\">The CESAB<\/a><\/li>\n<li id=\"menu-item-6535\" class=\"menu-item menu-item-type-post_type menu-item-object-page menu-item-6535\"><a href=\"https:\/\/www.fondationbiodiversite.fr\/en\/about-the-foundation\/job_opportunities\/\">Job opportunities<\/a><\/li>\n<li id=\"menu-item-6536\" class=\"menu-item menu-item-type-post_type menu-item-object-page menu-item-6536\"><a href=\"https:\/\/www.fondationbiodiversite.fr\/en\/about-the-foundation\/contact\/\">Contact<\/a><\/li>\n<\/ul>\n<\/li>\n<li id=\"menu-item-6495\" class=\"menu-item menu-item-type-post_type menu-item-object-page menu-item-has-children menu-item-6495\"><a href=\"https:\/\/www.fondationbiodiversite.fr\/en\/the-frb-in-action\/\">The FRB in action<\/a>\n<ul class=\"sub-menu\">\n<li id=\"menu-item-6496\" class=\"menu-item menu-item-type-post_type menu-item-object-page menu-item-6496\"><a href=\"https:\/\/www.fondationbiodiversite.fr\/en\/the-frb-in-action\/programs-and-projects\/\">The FRB&#8217;s programs &#038; projects<\/a><\/li>\n<li id=\"menu-item-6538\" class=\"menu-item menu-item-type-post_type menu-item-object-page menu-item-6538\"><a href=\"https:\/\/www.fondationbiodiversite.fr\/en\/the-frb-in-action\/our-involvement\/\">Our involvement<\/a><\/li>\n<\/ul>\n<\/li>\n<li id=\"menu-item-6539\" class=\"menu-item menu-item-type-post_type menu-item-object-page menu-item-has-children menu-item-6539\"><a href=\"https:\/\/www.fondationbiodiversite.fr\/en\/biodiversity-challenges\/\">Biodiversity challenges<\/a>\n<ul class=\"sub-menu\">\n<li id=\"menu-item-6513\" class=\"menu-item menu-item-type-post_type menu-item-object-page menu-item-6513\"><a href=\"https:\/\/www.fondationbiodiversite.fr\/en\/biodiversity-challenges\/etat-et-tendances\/\">State and trends of biodiversity<\/a><\/li>\n<li id=\"menu-item-6514\" class=\"menu-item menu-item-type-post_type menu-item-object-page menu-item-6514\"><a href=\"https:\/\/www.fondationbiodiversite.fr\/en\/biodiversity-challenges\/biodiversity-and-agriculture\/\">Biodiversity &#038; agriculture<\/a><\/li>\n<li id=\"menu-item-6516\" class=\"menu-item menu-item-type-post_type menu-item-object-page menu-item-6516\"><a href=\"https:\/\/www.fondationbiodiversite.fr\/en\/biodiversity-challenges\/biodiversity-and-oceans\/\">Biodiversity &#038; oceans<\/a><\/li>\n<li id=\"menu-item-6517\" class=\"menu-item menu-item-type-post_type menu-item-object-page menu-item-6517\"><a href=\"https:\/\/www.fondationbiodiversite.fr\/en\/biodiversity-challenges\/biodiversity-and-climate\/\">Biodiversity &#038; climate<\/a><\/li>\n<li id=\"menu-item-6518\" class=\"menu-item menu-item-type-post_type menu-item-object-page menu-item-6518\"><a href=\"https:\/\/www.fondationbiodiversite.fr\/en\/biodiversity-challenges\/biodiversity-and-health\/\">Biodiversity &#038; health<\/a><\/li>\n<li id=\"menu-item-6540\" class=\"menu-item menu-item-type-post_type menu-item-object-page menu-item-6540\"><a href=\"https:\/\/www.fondationbiodiversite.fr\/en\/biodiversity-challenges\/biodiversity-and-linear-infrastructure\/\">Biodiversity &#038; linear infrastructure<\/a><\/li>\n<li id=\"menu-item-6542\" class=\"menu-item menu-item-type-post_type menu-item-object-page menu-item-6542\"><a href=\"https:\/\/www.fondationbiodiversite.fr\/en\/biodiversity-challenges\/biodiversity-and-regulation\/\">Biodiversity &#038; regulation<\/a><\/li>\n<\/ul>\n<\/li>\n<\/ul><\/div>\n<\/p><\/div>\n<\/p><\/div>\n","protected":false},"excerpt":{"rendered":"","protected":false},"author":1,"featured_media":0,"parent":0,"menu_order":22,"comment_status":"closed","ping_status":"closed","template":"","meta":{"_acf_changed":false,"inline_featured_image":false,"footnotes":""},"class_list":["post-2311","page","type-page","status-publish","hentry"],"acf":[],"yoast_head":"<!-- This site is optimized with the Yoast SEO plugin v27.3 - https:\/\/yoast.com\/product\/yoast-seo-wordpress\/ -->\n<title>Plan du site - Fondation pour la recherche sur la biodiversit\u00e9<\/title>\n<meta name=\"robots\" content=\"index, follow, max-snippet:-1, max-image-preview:large, max-video-preview:-1\" \/>\n<link rel=\"canonical\" href=\"https:\/\/www.fondationbiodiversite.fr\/en\/plan-du-site\/\" \/>\n<meta property=\"og:locale\" content=\"en_US\" \/>\n<meta property=\"og:type\" content=\"article\" \/>\n<meta property=\"og:title\" content=\"Plan du site - Fondation pour la recherche sur la biodiversit\u00e9\" \/>\n<meta property=\"og:url\" content=\"https:\/\/www.fondationbiodiversite.fr\/en\/plan-du-site\/\" \/>\n<meta property=\"og:site_name\" content=\"Fondation pour la recherche sur la biodiversit\u00e9\" \/>\n<meta property=\"article:publisher\" content=\"https:\/\/www.facebook.com\/FRBiodiv#\" \/>\n<meta property=\"article:modified_time\" content=\"2025-12-04T15:24:33+00:00\" \/>\n<meta name=\"twitter:card\" content=\"summary_large_image\" \/>\n<meta name=\"twitter:site\" content=\"@FRBiodiv\" \/>\n<script type=\"application\/ld+json\" class=\"yoast-schema-graph\">{\"@context\":\"https:\\\/\\\/schema.org\",\"@graph\":[{\"@type\":\"WebPage\",\"@id\":\"https:\\\/\\\/www.fondationbiodiversite.fr\\\/en\\\/plan-du-site\\\/\",\"url\":\"https:\\\/\\\/www.fondationbiodiversite.fr\\\/en\\\/plan-du-site\\\/\",\"name\":\"Plan du site - Fondation pour la recherche sur la biodiversit\u00e9\",\"isPartOf\":{\"@id\":\"https:\\\/\\\/www.fondationbiodiversite.fr\\\/en\\\/#website\"},\"datePublished\":\"2019-01-15T14:57:46+00:00\",\"dateModified\":\"2025-12-04T15:24:33+00:00\",\"breadcrumb\":{\"@id\":\"https:\\\/\\\/www.fondationbiodiversite.fr\\\/en\\\/plan-du-site\\\/#breadcrumb\"},\"inLanguage\":\"en-US\",\"potentialAction\":[{\"@type\":\"ReadAction\",\"target\":[\"https:\\\/\\\/www.fondationbiodiversite.fr\\\/en\\\/plan-du-site\\\/\"]}]},{\"@type\":\"BreadcrumbList\",\"@id\":\"https:\\\/\\\/www.fondationbiodiversite.fr\\\/en\\\/plan-du-site\\\/#breadcrumb\",\"itemListElement\":[{\"@type\":\"ListItem\",\"position\":1,\"name\":\"Accueil\",\"item\":\"https:\\\/\\\/www.fondationbiodiversite.fr\\\/en\\\/\"},{\"@type\":\"ListItem\",\"position\":2,\"name\":\"Plan du site\"}]},{\"@type\":\"WebSite\",\"@id\":\"https:\\\/\\\/www.fondationbiodiversite.fr\\\/en\\\/#website\",\"url\":\"https:\\\/\\\/www.fondationbiodiversite.fr\\\/en\\\/\",\"name\":\"Fondation pour la recherche sur la biodiversit\u00e9\",\"description\":\"Une plateforme entre les diff\u00e9rents acteurs scientifiques et les acteurs de la soci\u00e9t\u00e9 sur la biodiversit\u00e9..\",\"publisher\":{\"@id\":\"https:\\\/\\\/www.fondationbiodiversite.fr\\\/en\\\/#organization\"},\"alternateName\":\"FRB\",\"potentialAction\":[{\"@type\":\"SearchAction\",\"target\":{\"@type\":\"EntryPoint\",\"urlTemplate\":\"https:\\\/\\\/www.fondationbiodiversite.fr\\\/en\\\/?s={search_term_string}\"},\"query-input\":{\"@type\":\"PropertyValueSpecification\",\"valueRequired\":true,\"valueName\":\"search_term_string\"}}],\"inLanguage\":\"en-US\"},{\"@type\":\"Organization\",\"@id\":\"https:\\\/\\\/www.fondationbiodiversite.fr\\\/en\\\/#organization\",\"name\":\"Fondation pour la recherche sur la biodiversit\u00e9\",\"url\":\"https:\\\/\\\/www.fondationbiodiversite.fr\\\/en\\\/\",\"logo\":{\"@type\":\"ImageObject\",\"inLanguage\":\"en-US\",\"@id\":\"https:\\\/\\\/www.fondationbiodiversite.fr\\\/en\\\/#\\\/schema\\\/logo\\\/image\\\/\",\"url\":\"https:\\\/\\\/www.fondationbiodiversite.fr\\\/wp-content\\\/uploads\\\/2025\\\/10\\\/logo_FRB_RVB.png\",\"contentUrl\":\"https:\\\/\\\/www.fondationbiodiversite.fr\\\/wp-content\\\/uploads\\\/2025\\\/10\\\/logo_FRB_RVB.png\",\"width\":220,\"height\":220,\"caption\":\"Fondation pour la recherche sur la biodiversit\u00e9\"},\"image\":{\"@id\":\"https:\\\/\\\/www.fondationbiodiversite.fr\\\/en\\\/#\\\/schema\\\/logo\\\/image\\\/\"},\"sameAs\":[\"https:\\\/\\\/www.facebook.com\\\/FRBiodiv#\",\"https:\\\/\\\/x.com\\\/FRBiodiv\",\"https:\\\/\\\/bsky.app\\\/profile\\\/frbiodiv.bsky.social\",\"https:\\\/\\\/www.instagram.com\\\/frbiodiv\\\/\",\"https:\\\/\\\/www.linkedin.com\\\/in\\\/fondation-pour-la-recherche-sur-la-biodiversit-223059121\\\/\",\"https:\\\/\\\/www.youtube.com\\\/@FRBiodiv\"]}]}<\/script>\n<!-- \/ Yoast SEO plugin. -->","yoast_head_json":{"title":"Plan du site - Fondation pour la recherche sur la biodiversit\u00e9","robots":{"index":"index","follow":"follow","max-snippet":"max-snippet:-1","max-image-preview":"max-image-preview:large","max-video-preview":"max-video-preview:-1"},"canonical":"https:\/\/www.fondationbiodiversite.fr\/en\/plan-du-site\/","og_locale":"en_US","og_type":"article","og_title":"Plan du site - Fondation pour la recherche sur la biodiversit\u00e9","og_url":"https:\/\/www.fondationbiodiversite.fr\/en\/plan-du-site\/","og_site_name":"Fondation pour la recherche sur la biodiversit\u00e9","article_publisher":"https:\/\/www.facebook.com\/FRBiodiv#","article_modified_time":"2025-12-04T15:24:33+00:00","twitter_card":"summary_large_image","twitter_site":"@FRBiodiv","schema":{"@context":"https:\/\/schema.org","@graph":[{"@type":"WebPage","@id":"https:\/\/www.fondationbiodiversite.fr\/en\/plan-du-site\/","url":"https:\/\/www.fondationbiodiversite.fr\/en\/plan-du-site\/","name":"Plan du site - Fondation pour la recherche sur la biodiversit\u00e9","isPartOf":{"@id":"https:\/\/www.fondationbiodiversite.fr\/en\/#website"},"datePublished":"2019-01-15T14:57:46+00:00","dateModified":"2025-12-04T15:24:33+00:00","breadcrumb":{"@id":"https:\/\/www.fondationbiodiversite.fr\/en\/plan-du-site\/#breadcrumb"},"inLanguage":"en-US","potentialAction":[{"@type":"ReadAction","target":["https:\/\/www.fondationbiodiversite.fr\/en\/plan-du-site\/"]}]},{"@type":"BreadcrumbList","@id":"https:\/\/www.fondationbiodiversite.fr\/en\/plan-du-site\/#breadcrumb","itemListElement":[{"@type":"ListItem","position":1,"name":"Accueil","item":"https:\/\/www.fondationbiodiversite.fr\/en\/"},{"@type":"ListItem","position":2,"name":"Plan du site"}]},{"@type":"WebSite","@id":"https:\/\/www.fondationbiodiversite.fr\/en\/#website","url":"https:\/\/www.fondationbiodiversite.fr\/en\/","name":"Fondation pour la recherche sur la biodiversit\u00e9","description":"Une plateforme entre les diff\u00e9rents acteurs scientifiques et les acteurs de la soci\u00e9t\u00e9 sur la biodiversit\u00e9..","publisher":{"@id":"https:\/\/www.fondationbiodiversite.fr\/en\/#organization"},"alternateName":"FRB","potentialAction":[{"@type":"SearchAction","target":{"@type":"EntryPoint","urlTemplate":"https:\/\/www.fondationbiodiversite.fr\/en\/?s={search_term_string}"},"query-input":{"@type":"PropertyValueSpecification","valueRequired":true,"valueName":"search_term_string"}}],"inLanguage":"en-US"},{"@type":"Organization","@id":"https:\/\/www.fondationbiodiversite.fr\/en\/#organization","name":"Fondation pour la recherche sur la biodiversit\u00e9","url":"https:\/\/www.fondationbiodiversite.fr\/en\/","logo":{"@type":"ImageObject","inLanguage":"en-US","@id":"https:\/\/www.fondationbiodiversite.fr\/en\/#\/schema\/logo\/image\/","url":"https:\/\/www.fondationbiodiversite.fr\/wp-content\/uploads\/2025\/10\/logo_FRB_RVB.png","contentUrl":"https:\/\/www.fondationbiodiversite.fr\/wp-content\/uploads\/2025\/10\/logo_FRB_RVB.png","width":220,"height":220,"caption":"Fondation pour la recherche sur la biodiversit\u00e9"},"image":{"@id":"https:\/\/www.fondationbiodiversite.fr\/en\/#\/schema\/logo\/image\/"},"sameAs":["https:\/\/www.facebook.com\/FRBiodiv#","https:\/\/x.com\/FRBiodiv","https:\/\/bsky.app\/profile\/frbiodiv.bsky.social","https:\/\/www.instagram.com\/frbiodiv\/","https:\/\/www.linkedin.com\/in\/fondation-pour-la-recherche-sur-la-biodiversit-223059121\/","https:\/\/www.youtube.com\/@FRBiodiv"]}]}},"_links":{"self":[{"href":"https:\/\/www.fondationbiodiversite.fr\/en\/wp-json\/wp\/v2\/pages\/2311","targetHints":{"allow":["GET"]}}],"collection":[{"href":"https:\/\/www.fondationbiodiversite.fr\/en\/wp-json\/wp\/v2\/pages"}],"about":[{"href":"https:\/\/www.fondationbiodiversite.fr\/en\/wp-json\/wp\/v2\/types\/page"}],"author":[{"embeddable":true,"href":"https:\/\/www.fondationbiodiversite.fr\/en\/wp-json\/wp\/v2\/users\/1"}],"replies":[{"embeddable":true,"href":"https:\/\/www.fondationbiodiversite.fr\/en\/wp-json\/wp\/v2\/comments?post=2311"}],"version-history":[{"count":0,"href":"https:\/\/www.fondationbiodiversite.fr\/en\/wp-json\/wp\/v2\/pages\/2311\/revisions"}],"wp:attachment":[{"href":"https:\/\/www.fondationbiodiversite.fr\/en\/wp-json\/wp\/v2\/media?parent=2311"}],"curies":[{"name":"wp","href":"https:\/\/api.w.org\/{rel}","templated":true}]}}