
{"id":2293,"date":"2019-02-21T18:13:59","date_gmt":"2019-02-21T17:13:59","guid":{"rendered":"http:\/\/www.fondationbiodiversite.fr\/les-enjeux-de-la-biodiversite\/biodiversite-et-reglementation\/"},"modified":"2019-11-18T14:13:16","modified_gmt":"2019-11-18T13:13:16","slug":"biodiversity-and-regulation","status":"publish","type":"page","link":"https:\/\/www.fondationbiodiversite.fr\/en\/biodiversity-challenges\/biodiversity-and-regulation\/","title":{"rendered":"Biodiversity &#038; regulation"},"content":{"rendered":"<p>&nbsp;<\/p>\n<p><a class=\"bt\" href=\"https:\/\/www.fondationbiodiversite.fr\/en\/biodiversity-challenges\/biodiversity-and-regulation\/acess-benefit-sharing\/\">Focus on ABS<\/a><\/p>\n<p>&nbsp;<\/p>\n<p>&nbsp;<\/p>\n","protected":false},"excerpt":{"rendered":"<p>&nbsp; &nbsp; &nbsp;<\/p>\n","protected":false},"author":2,"featured_media":5136,"parent":2284,"menu_order":18,"comment_status":"closed","ping_status":"closed","template":"temp_enjeux.php","meta":{"_acf_changed":false,"inline_featured_image":false,"footnotes":""},"class_list":["post-2293","page","type-page","status-publish","has-post-thumbnail","hentry"],"acf":[],"yoast_head":"<!-- This site is optimized with the Yoast SEO plugin v27.3 - https:\/\/yoast.com\/product\/yoast-seo-wordpress\/ -->\n<title>Biodiversity &amp; regulation - Fondation pour la recherche sur la biodiversit\u00e9<\/title>\n<meta name=\"description\" content=\"La r\u00e9glementation constitue parfois le seul outil efficace pour prot\u00e9ger la biodiversit\u00e9 et plus largement l\u2019environnement. La recherche doit alors servir \u00e0 \u00e9tayer ces mesures et \u00e0 les l\u00e9gitimer aupr\u00e8s de groupes d\u2019acteurs qui pourraient les consid\u00e9rer plus comme des contraintes que comme des opportunit\u00e9s.\" \/>\n<meta name=\"robots\" content=\"index, follow, max-snippet:-1, max-image-preview:large, max-video-preview:-1\" \/>\n<link rel=\"canonical\" href=\"https:\/\/www.fondationbiodiversite.fr\/en\/biodiversity-challenges\/biodiversity-and-regulation\/\" \/>\n<meta property=\"og:locale\" content=\"en_US\" \/>\n<meta property=\"og:type\" content=\"article\" \/>\n<meta property=\"og:title\" content=\"Biodiversity &amp; regulation - Fondation pour la recherche sur la biodiversit\u00e9\" \/>\n<meta property=\"og:description\" content=\"La r\u00e9glementation constitue parfois le seul outil efficace pour prot\u00e9ger la biodiversit\u00e9 et plus largement l\u2019environnement. La recherche doit alors servir \u00e0 \u00e9tayer ces mesures et \u00e0 les l\u00e9gitimer aupr\u00e8s de groupes d\u2019acteurs qui pourraient les consid\u00e9rer plus comme des contraintes que comme des opportunit\u00e9s.\" \/>\n<meta property=\"og:url\" content=\"https:\/\/www.fondationbiodiversite.fr\/en\/biodiversity-challenges\/biodiversity-and-regulation\/\" \/>\n<meta property=\"og:site_name\" content=\"Fondation pour la recherche sur la biodiversit\u00e9\" \/>\n<meta property=\"article:publisher\" content=\"https:\/\/www.facebook.com\/FRBiodiv#\" \/>\n<meta property=\"article:modified_time\" content=\"2019-11-18T13:13:16+00:00\" \/>\n<meta property=\"og:image\" content=\"https:\/\/www.fondationbiodiversite.fr\/wp-content\/uploads\/2019\/06\/FRB-Fondation-recherche-biodiversite-reglementations.jpg\" \/>\n\t<meta property=\"og:image:width\" content=\"1440\" \/>\n\t<meta property=\"og:image:height\" content=\"450\" \/>\n\t<meta property=\"og:image:type\" content=\"image\/jpeg\" \/>\n<meta name=\"twitter:card\" content=\"summary_large_image\" \/>\n<meta name=\"twitter:site\" content=\"@FRBiodiv\" \/>\n<script type=\"application\/ld+json\" class=\"yoast-schema-graph\">{\"@context\":\"https:\\\/\\\/schema.org\",\"@graph\":[{\"@type\":\"WebPage\",\"@id\":\"https:\\\/\\\/www.fondationbiodiversite.fr\\\/en\\\/biodiversity-challenges\\\/biodiversity-and-regulation\\\/\",\"url\":\"https:\\\/\\\/www.fondationbiodiversite.fr\\\/en\\\/biodiversity-challenges\\\/biodiversity-and-regulation\\\/\",\"name\":\"Biodiversity & regulation - Fondation pour la recherche sur la biodiversit\u00e9\",\"isPartOf\":{\"@id\":\"https:\\\/\\\/www.fondationbiodiversite.fr\\\/en\\\/#website\"},\"primaryImageOfPage\":{\"@id\":\"https:\\\/\\\/www.fondationbiodiversite.fr\\\/en\\\/biodiversity-challenges\\\/biodiversity-and-regulation\\\/#primaryimage\"},\"image\":{\"@id\":\"https:\\\/\\\/www.fondationbiodiversite.fr\\\/en\\\/biodiversity-challenges\\\/biodiversity-and-regulation\\\/#primaryimage\"},\"thumbnailUrl\":\"https:\\\/\\\/www.fondationbiodiversite.fr\\\/wp-content\\\/uploads\\\/2019\\\/06\\\/FRB-Fondation-recherche-biodiversite-reglementations.jpg\",\"datePublished\":\"2019-02-21T17:13:59+00:00\",\"dateModified\":\"2019-11-18T13:13:16+00:00\",\"description\":\"La r\u00e9glementation constitue parfois le seul outil efficace pour prot\u00e9ger la biodiversit\u00e9 et plus largement l\u2019environnement. La recherche doit alors servir \u00e0 \u00e9tayer ces mesures et \u00e0 les l\u00e9gitimer aupr\u00e8s de groupes d\u2019acteurs qui pourraient les consid\u00e9rer plus comme des contraintes que comme des opportunit\u00e9s.\",\"breadcrumb\":{\"@id\":\"https:\\\/\\\/www.fondationbiodiversite.fr\\\/en\\\/biodiversity-challenges\\\/biodiversity-and-regulation\\\/#breadcrumb\"},\"inLanguage\":\"en-US\",\"potentialAction\":[{\"@type\":\"ReadAction\",\"target\":[\"https:\\\/\\\/www.fondationbiodiversite.fr\\\/en\\\/biodiversity-challenges\\\/biodiversity-and-regulation\\\/\"]}]},{\"@type\":\"ImageObject\",\"inLanguage\":\"en-US\",\"@id\":\"https:\\\/\\\/www.fondationbiodiversite.fr\\\/en\\\/biodiversity-challenges\\\/biodiversity-and-regulation\\\/#primaryimage\",\"url\":\"https:\\\/\\\/www.fondationbiodiversite.fr\\\/wp-content\\\/uploads\\\/2019\\\/06\\\/FRB-Fondation-recherche-biodiversite-reglementations.jpg\",\"contentUrl\":\"https:\\\/\\\/www.fondationbiodiversite.fr\\\/wp-content\\\/uploads\\\/2019\\\/06\\\/FRB-Fondation-recherche-biodiversite-reglementations.jpg\",\"width\":1440,\"height\":450,\"caption\":\"FRB - Biodiversit\u00e9 et r\u00e9glementation\"},{\"@type\":\"BreadcrumbList\",\"@id\":\"https:\\\/\\\/www.fondationbiodiversite.fr\\\/en\\\/biodiversity-challenges\\\/biodiversity-and-regulation\\\/#breadcrumb\",\"itemListElement\":[{\"@type\":\"ListItem\",\"position\":1,\"name\":\"Accueil\",\"item\":\"https:\\\/\\\/www.fondationbiodiversite.fr\\\/en\\\/\"},{\"@type\":\"ListItem\",\"position\":2,\"name\":\"Biodiversity challenges\",\"item\":\"https:\\\/\\\/www.fondationbiodiversite.fr\\\/en\\\/biodiversity-challenges\\\/\"},{\"@type\":\"ListItem\",\"position\":3,\"name\":\"Biodiversity &#038; regulation\"}]},{\"@type\":\"WebSite\",\"@id\":\"https:\\\/\\\/www.fondationbiodiversite.fr\\\/en\\\/#website\",\"url\":\"https:\\\/\\\/www.fondationbiodiversite.fr\\\/en\\\/\",\"name\":\"Fondation pour la recherche sur la biodiversit\u00e9\",\"description\":\"Une plateforme entre les diff\u00e9rents acteurs scientifiques et les acteurs de la soci\u00e9t\u00e9 sur la biodiversit\u00e9..\",\"publisher\":{\"@id\":\"https:\\\/\\\/www.fondationbiodiversite.fr\\\/en\\\/#organization\"},\"alternateName\":\"FRB\",\"potentialAction\":[{\"@type\":\"SearchAction\",\"target\":{\"@type\":\"EntryPoint\",\"urlTemplate\":\"https:\\\/\\\/www.fondationbiodiversite.fr\\\/en\\\/?s={search_term_string}\"},\"query-input\":{\"@type\":\"PropertyValueSpecification\",\"valueRequired\":true,\"valueName\":\"search_term_string\"}}],\"inLanguage\":\"en-US\"},{\"@type\":\"Organization\",\"@id\":\"https:\\\/\\\/www.fondationbiodiversite.fr\\\/en\\\/#organization\",\"name\":\"Fondation pour la recherche sur la biodiversit\u00e9\",\"url\":\"https:\\\/\\\/www.fondationbiodiversite.fr\\\/en\\\/\",\"logo\":{\"@type\":\"ImageObject\",\"inLanguage\":\"en-US\",\"@id\":\"https:\\\/\\\/www.fondationbiodiversite.fr\\\/en\\\/#\\\/schema\\\/logo\\\/image\\\/\",\"url\":\"https:\\\/\\\/www.fondationbiodiversite.fr\\\/wp-content\\\/uploads\\\/2025\\\/10\\\/logo_FRB_RVB.png\",\"contentUrl\":\"https:\\\/\\\/www.fondationbiodiversite.fr\\\/wp-content\\\/uploads\\\/2025\\\/10\\\/logo_FRB_RVB.png\",\"width\":220,\"height\":220,\"caption\":\"Fondation pour la recherche sur la biodiversit\u00e9\"},\"image\":{\"@id\":\"https:\\\/\\\/www.fondationbiodiversite.fr\\\/en\\\/#\\\/schema\\\/logo\\\/image\\\/\"},\"sameAs\":[\"https:\\\/\\\/www.facebook.com\\\/FRBiodiv#\",\"https:\\\/\\\/x.com\\\/FRBiodiv\",\"https:\\\/\\\/bsky.app\\\/profile\\\/frbiodiv.bsky.social\",\"https:\\\/\\\/www.instagram.com\\\/frbiodiv\\\/\",\"https:\\\/\\\/www.linkedin.com\\\/in\\\/fondation-pour-la-recherche-sur-la-biodiversit-223059121\\\/\",\"https:\\\/\\\/www.youtube.com\\\/@FRBiodiv\"]}]}<\/script>\n<!-- \/ Yoast SEO plugin. -->","yoast_head_json":{"title":"Biodiversity & regulation - Fondation pour la recherche sur la biodiversit\u00e9","description":"La r\u00e9glementation constitue parfois le seul outil efficace pour prot\u00e9ger la biodiversit\u00e9 et plus largement l\u2019environnement. La recherche doit alors servir \u00e0 \u00e9tayer ces mesures et \u00e0 les l\u00e9gitimer aupr\u00e8s de groupes d\u2019acteurs qui pourraient les consid\u00e9rer plus comme des contraintes que comme des opportunit\u00e9s.","robots":{"index":"index","follow":"follow","max-snippet":"max-snippet:-1","max-image-preview":"max-image-preview:large","max-video-preview":"max-video-preview:-1"},"canonical":"https:\/\/www.fondationbiodiversite.fr\/en\/biodiversity-challenges\/biodiversity-and-regulation\/","og_locale":"en_US","og_type":"article","og_title":"Biodiversity & regulation - Fondation pour la recherche sur la biodiversit\u00e9","og_description":"La r\u00e9glementation constitue parfois le seul outil efficace pour prot\u00e9ger la biodiversit\u00e9 et plus largement l\u2019environnement. La recherche doit alors servir \u00e0 \u00e9tayer ces mesures et \u00e0 les l\u00e9gitimer aupr\u00e8s de groupes d\u2019acteurs qui pourraient les consid\u00e9rer plus comme des contraintes que comme des opportunit\u00e9s.","og_url":"https:\/\/www.fondationbiodiversite.fr\/en\/biodiversity-challenges\/biodiversity-and-regulation\/","og_site_name":"Fondation pour la recherche sur la biodiversit\u00e9","article_publisher":"https:\/\/www.facebook.com\/FRBiodiv#","article_modified_time":"2019-11-18T13:13:16+00:00","og_image":[{"width":1440,"height":450,"url":"https:\/\/www.fondationbiodiversite.fr\/wp-content\/uploads\/2019\/06\/FRB-Fondation-recherche-biodiversite-reglementations.jpg","type":"image\/jpeg"}],"twitter_card":"summary_large_image","twitter_site":"@FRBiodiv","schema":{"@context":"https:\/\/schema.org","@graph":[{"@type":"WebPage","@id":"https:\/\/www.fondationbiodiversite.fr\/en\/biodiversity-challenges\/biodiversity-and-regulation\/","url":"https:\/\/www.fondationbiodiversite.fr\/en\/biodiversity-challenges\/biodiversity-and-regulation\/","name":"Biodiversity & regulation - Fondation pour la recherche sur la biodiversit\u00e9","isPartOf":{"@id":"https:\/\/www.fondationbiodiversite.fr\/en\/#website"},"primaryImageOfPage":{"@id":"https:\/\/www.fondationbiodiversite.fr\/en\/biodiversity-challenges\/biodiversity-and-regulation\/#primaryimage"},"image":{"@id":"https:\/\/www.fondationbiodiversite.fr\/en\/biodiversity-challenges\/biodiversity-and-regulation\/#primaryimage"},"thumbnailUrl":"https:\/\/www.fondationbiodiversite.fr\/wp-content\/uploads\/2019\/06\/FRB-Fondation-recherche-biodiversite-reglementations.jpg","datePublished":"2019-02-21T17:13:59+00:00","dateModified":"2019-11-18T13:13:16+00:00","description":"La r\u00e9glementation constitue parfois le seul outil efficace pour prot\u00e9ger la biodiversit\u00e9 et plus largement l\u2019environnement. La recherche doit alors servir \u00e0 \u00e9tayer ces mesures et \u00e0 les l\u00e9gitimer aupr\u00e8s de groupes d\u2019acteurs qui pourraient les consid\u00e9rer plus comme des contraintes que comme des opportunit\u00e9s.","breadcrumb":{"@id":"https:\/\/www.fondationbiodiversite.fr\/en\/biodiversity-challenges\/biodiversity-and-regulation\/#breadcrumb"},"inLanguage":"en-US","potentialAction":[{"@type":"ReadAction","target":["https:\/\/www.fondationbiodiversite.fr\/en\/biodiversity-challenges\/biodiversity-and-regulation\/"]}]},{"@type":"ImageObject","inLanguage":"en-US","@id":"https:\/\/www.fondationbiodiversite.fr\/en\/biodiversity-challenges\/biodiversity-and-regulation\/#primaryimage","url":"https:\/\/www.fondationbiodiversite.fr\/wp-content\/uploads\/2019\/06\/FRB-Fondation-recherche-biodiversite-reglementations.jpg","contentUrl":"https:\/\/www.fondationbiodiversite.fr\/wp-content\/uploads\/2019\/06\/FRB-Fondation-recherche-biodiversite-reglementations.jpg","width":1440,"height":450,"caption":"FRB - Biodiversit\u00e9 et r\u00e9glementation"},{"@type":"BreadcrumbList","@id":"https:\/\/www.fondationbiodiversite.fr\/en\/biodiversity-challenges\/biodiversity-and-regulation\/#breadcrumb","itemListElement":[{"@type":"ListItem","position":1,"name":"Accueil","item":"https:\/\/www.fondationbiodiversite.fr\/en\/"},{"@type":"ListItem","position":2,"name":"Biodiversity challenges","item":"https:\/\/www.fondationbiodiversite.fr\/en\/biodiversity-challenges\/"},{"@type":"ListItem","position":3,"name":"Biodiversity &#038; regulation"}]},{"@type":"WebSite","@id":"https:\/\/www.fondationbiodiversite.fr\/en\/#website","url":"https:\/\/www.fondationbiodiversite.fr\/en\/","name":"Fondation pour la recherche sur la biodiversit\u00e9","description":"Une plateforme entre les diff\u00e9rents acteurs scientifiques et les acteurs de la soci\u00e9t\u00e9 sur la biodiversit\u00e9..","publisher":{"@id":"https:\/\/www.fondationbiodiversite.fr\/en\/#organization"},"alternateName":"FRB","potentialAction":[{"@type":"SearchAction","target":{"@type":"EntryPoint","urlTemplate":"https:\/\/www.fondationbiodiversite.fr\/en\/?s={search_term_string}"},"query-input":{"@type":"PropertyValueSpecification","valueRequired":true,"valueName":"search_term_string"}}],"inLanguage":"en-US"},{"@type":"Organization","@id":"https:\/\/www.fondationbiodiversite.fr\/en\/#organization","name":"Fondation pour la recherche sur la biodiversit\u00e9","url":"https:\/\/www.fondationbiodiversite.fr\/en\/","logo":{"@type":"ImageObject","inLanguage":"en-US","@id":"https:\/\/www.fondationbiodiversite.fr\/en\/#\/schema\/logo\/image\/","url":"https:\/\/www.fondationbiodiversite.fr\/wp-content\/uploads\/2025\/10\/logo_FRB_RVB.png","contentUrl":"https:\/\/www.fondationbiodiversite.fr\/wp-content\/uploads\/2025\/10\/logo_FRB_RVB.png","width":220,"height":220,"caption":"Fondation pour la recherche sur la biodiversit\u00e9"},"image":{"@id":"https:\/\/www.fondationbiodiversite.fr\/en\/#\/schema\/logo\/image\/"},"sameAs":["https:\/\/www.facebook.com\/FRBiodiv#","https:\/\/x.com\/FRBiodiv","https:\/\/bsky.app\/profile\/frbiodiv.bsky.social","https:\/\/www.instagram.com\/frbiodiv\/","https:\/\/www.linkedin.com\/in\/fondation-pour-la-recherche-sur-la-biodiversit-223059121\/","https:\/\/www.youtube.com\/@FRBiodiv"]}]}},"_links":{"self":[{"href":"https:\/\/www.fondationbiodiversite.fr\/en\/wp-json\/wp\/v2\/pages\/2293","targetHints":{"allow":["GET"]}}],"collection":[{"href":"https:\/\/www.fondationbiodiversite.fr\/en\/wp-json\/wp\/v2\/pages"}],"about":[{"href":"https:\/\/www.fondationbiodiversite.fr\/en\/wp-json\/wp\/v2\/types\/page"}],"author":[{"embeddable":true,"href":"https:\/\/www.fondationbiodiversite.fr\/en\/wp-json\/wp\/v2\/users\/2"}],"replies":[{"embeddable":true,"href":"https:\/\/www.fondationbiodiversite.fr\/en\/wp-json\/wp\/v2\/comments?post=2293"}],"version-history":[{"count":0,"href":"https:\/\/www.fondationbiodiversite.fr\/en\/wp-json\/wp\/v2\/pages\/2293\/revisions"}],"up":[{"embeddable":true,"href":"https:\/\/www.fondationbiodiversite.fr\/en\/wp-json\/wp\/v2\/pages\/2284"}],"wp:featuredmedia":[{"embeddable":true,"href":"https:\/\/www.fondationbiodiversite.fr\/en\/wp-json\/wp\/v2\/media\/5136"}],"wp:attachment":[{"href":"https:\/\/www.fondationbiodiversite.fr\/en\/wp-json\/wp\/v2\/media?parent=2293"}],"curies":[{"name":"wp","href":"https:\/\/api.w.org\/{rel}","templated":true}]}}