
{"id":2291,"date":"2019-02-21T17:59:32","date_gmt":"2019-02-21T16:59:32","guid":{"rendered":"http:\/\/www.fondationbiodiversite.fr\/les-enjeux-de-la-biodiversite\/biodiversite-et-infrastructures-lineaires\/"},"modified":"2019-08-13T15:07:36","modified_gmt":"2019-08-13T13:07:36","slug":"biodiversity-and-linear-infrastructure","status":"publish","type":"page","link":"https:\/\/www.fondationbiodiversite.fr\/en\/biodiversity-challenges\/biodiversity-and-linear-infrastructure\/","title":{"rendered":"Biodiversity &#038; linear infrastructure"},"content":{"rendered":"","protected":false},"excerpt":{"rendered":"","protected":false},"author":2,"featured_media":2099,"parent":2284,"menu_order":16,"comment_status":"closed","ping_status":"closed","template":"temp_enjeux.php","meta":{"_acf_changed":false,"inline_featured_image":false,"footnotes":""},"class_list":["post-2291","page","type-page","status-publish","has-post-thumbnail","hentry"],"acf":[],"yoast_head":"<!-- This site is optimized with the Yoast SEO plugin v27.3 - https:\/\/yoast.com\/product\/yoast-seo-wordpress\/ -->\n<title>Biodiversity &amp; linear infrastructure - Fondation pour la recherche sur la biodiversit\u00e9<\/title>\n<meta name=\"description\" content=\"Bien qu\u2019elles n\u2019occupent qu\u2019un faible espace au sol, les infrastructures de transport (r\u00e9seaux routiers, r\u00e9seaux ferroviaires, r\u00e9seaux de transports de l\u2019\u00e9nergie, etc.) affectent l&#039;ensemble des \u00e9cosyst\u00e8mes par les modifications paysag\u00e8res, le d\u00e9veloppement de nouvelles sources de pollutions, l&#039;introduction d&#039;esp\u00e8ces envahissantes ou la constitution de barri\u00e8res \u00e9cologiques qui concourent \u00e0 l&#039;isolement de populations animales.\" \/>\n<meta name=\"robots\" content=\"index, follow, max-snippet:-1, max-image-preview:large, max-video-preview:-1\" \/>\n<link rel=\"canonical\" href=\"https:\/\/www.fondationbiodiversite.fr\/en\/biodiversity-challenges\/biodiversity-and-linear-infrastructure\/\" \/>\n<meta property=\"og:locale\" content=\"en_US\" \/>\n<meta property=\"og:type\" content=\"article\" \/>\n<meta property=\"og:title\" content=\"Biodiversity &amp; linear infrastructure - Fondation pour la recherche sur la biodiversit\u00e9\" \/>\n<meta property=\"og:description\" content=\"Bien qu\u2019elles n\u2019occupent qu\u2019un faible espace au sol, les infrastructures de transport (r\u00e9seaux routiers, r\u00e9seaux ferroviaires, r\u00e9seaux de transports de l\u2019\u00e9nergie, etc.) affectent l&#039;ensemble des \u00e9cosyst\u00e8mes par les modifications paysag\u00e8res, le d\u00e9veloppement de nouvelles sources de pollutions, l&#039;introduction d&#039;esp\u00e8ces envahissantes ou la constitution de barri\u00e8res \u00e9cologiques qui concourent \u00e0 l&#039;isolement de populations animales.\" \/>\n<meta property=\"og:url\" content=\"https:\/\/www.fondationbiodiversite.fr\/en\/biodiversity-challenges\/biodiversity-and-linear-infrastructure\/\" \/>\n<meta property=\"og:site_name\" content=\"Fondation pour la recherche sur la biodiversit\u00e9\" \/>\n<meta property=\"article:publisher\" content=\"https:\/\/www.facebook.com\/FRBiodiv#\" \/>\n<meta property=\"article:modified_time\" content=\"2019-08-13T13:07:36+00:00\" \/>\n<meta property=\"og:image\" content=\"https:\/\/www.fondationbiodiversite.fr\/wp-content\/uploads\/2019\/02\/FRB-Biodiversite-et-infrastructures-lineaires.jpg\" \/>\n\t<meta property=\"og:image:width\" content=\"1450\" \/>\n\t<meta property=\"og:image:height\" content=\"450\" \/>\n\t<meta property=\"og:image:type\" content=\"image\/jpeg\" \/>\n<meta name=\"twitter:card\" content=\"summary_large_image\" \/>\n<meta name=\"twitter:site\" content=\"@FRBiodiv\" \/>\n<script type=\"application\/ld+json\" class=\"yoast-schema-graph\">{\"@context\":\"https:\\\/\\\/schema.org\",\"@graph\":[{\"@type\":\"WebPage\",\"@id\":\"https:\\\/\\\/www.fondationbiodiversite.fr\\\/en\\\/biodiversity-challenges\\\/biodiversity-and-linear-infrastructure\\\/\",\"url\":\"https:\\\/\\\/www.fondationbiodiversite.fr\\\/en\\\/biodiversity-challenges\\\/biodiversity-and-linear-infrastructure\\\/\",\"name\":\"Biodiversity & linear infrastructure - Fondation pour la recherche sur la biodiversit\u00e9\",\"isPartOf\":{\"@id\":\"https:\\\/\\\/www.fondationbiodiversite.fr\\\/en\\\/#website\"},\"primaryImageOfPage\":{\"@id\":\"https:\\\/\\\/www.fondationbiodiversite.fr\\\/en\\\/biodiversity-challenges\\\/biodiversity-and-linear-infrastructure\\\/#primaryimage\"},\"image\":{\"@id\":\"https:\\\/\\\/www.fondationbiodiversite.fr\\\/en\\\/biodiversity-challenges\\\/biodiversity-and-linear-infrastructure\\\/#primaryimage\"},\"thumbnailUrl\":\"https:\\\/\\\/www.fondationbiodiversite.fr\\\/wp-content\\\/uploads\\\/2019\\\/02\\\/FRB-Biodiversite-et-infrastructures-lineaires.jpg\",\"datePublished\":\"2019-02-21T16:59:32+00:00\",\"dateModified\":\"2019-08-13T13:07:36+00:00\",\"description\":\"Bien qu\u2019elles n\u2019occupent qu\u2019un faible espace au sol, les infrastructures de transport (r\u00e9seaux routiers, r\u00e9seaux ferroviaires, r\u00e9seaux de transports de l\u2019\u00e9nergie, etc.) affectent l'ensemble des \u00e9cosyst\u00e8mes par les modifications paysag\u00e8res, le d\u00e9veloppement de nouvelles sources de pollutions, l'introduction d'esp\u00e8ces envahissantes ou la constitution de barri\u00e8res \u00e9cologiques qui concourent \u00e0 l'isolement de populations animales.\",\"breadcrumb\":{\"@id\":\"https:\\\/\\\/www.fondationbiodiversite.fr\\\/en\\\/biodiversity-challenges\\\/biodiversity-and-linear-infrastructure\\\/#breadcrumb\"},\"inLanguage\":\"en-US\",\"potentialAction\":[{\"@type\":\"ReadAction\",\"target\":[\"https:\\\/\\\/www.fondationbiodiversite.fr\\\/en\\\/biodiversity-challenges\\\/biodiversity-and-linear-infrastructure\\\/\"]}]},{\"@type\":\"ImageObject\",\"inLanguage\":\"en-US\",\"@id\":\"https:\\\/\\\/www.fondationbiodiversite.fr\\\/en\\\/biodiversity-challenges\\\/biodiversity-and-linear-infrastructure\\\/#primaryimage\",\"url\":\"https:\\\/\\\/www.fondationbiodiversite.fr\\\/wp-content\\\/uploads\\\/2019\\\/02\\\/FRB-Biodiversite-et-infrastructures-lineaires.jpg\",\"contentUrl\":\"https:\\\/\\\/www.fondationbiodiversite.fr\\\/wp-content\\\/uploads\\\/2019\\\/02\\\/FRB-Biodiversite-et-infrastructures-lineaires.jpg\",\"width\":1450,\"height\":450,\"caption\":\"FRB - Biodiversit\u00e9 et infrastructures lin\u00e9aires\"},{\"@type\":\"BreadcrumbList\",\"@id\":\"https:\\\/\\\/www.fondationbiodiversite.fr\\\/en\\\/biodiversity-challenges\\\/biodiversity-and-linear-infrastructure\\\/#breadcrumb\",\"itemListElement\":[{\"@type\":\"ListItem\",\"position\":1,\"name\":\"Accueil\",\"item\":\"https:\\\/\\\/www.fondationbiodiversite.fr\\\/en\\\/\"},{\"@type\":\"ListItem\",\"position\":2,\"name\":\"Biodiversity challenges\",\"item\":\"https:\\\/\\\/www.fondationbiodiversite.fr\\\/en\\\/biodiversity-challenges\\\/\"},{\"@type\":\"ListItem\",\"position\":3,\"name\":\"Biodiversity &#038; linear infrastructure\"}]},{\"@type\":\"WebSite\",\"@id\":\"https:\\\/\\\/www.fondationbiodiversite.fr\\\/en\\\/#website\",\"url\":\"https:\\\/\\\/www.fondationbiodiversite.fr\\\/en\\\/\",\"name\":\"Fondation pour la recherche sur la biodiversit\u00e9\",\"description\":\"Une plateforme entre les diff\u00e9rents acteurs scientifiques et les acteurs de la soci\u00e9t\u00e9 sur la biodiversit\u00e9..\",\"publisher\":{\"@id\":\"https:\\\/\\\/www.fondationbiodiversite.fr\\\/en\\\/#organization\"},\"alternateName\":\"FRB\",\"potentialAction\":[{\"@type\":\"SearchAction\",\"target\":{\"@type\":\"EntryPoint\",\"urlTemplate\":\"https:\\\/\\\/www.fondationbiodiversite.fr\\\/en\\\/?s={search_term_string}\"},\"query-input\":{\"@type\":\"PropertyValueSpecification\",\"valueRequired\":true,\"valueName\":\"search_term_string\"}}],\"inLanguage\":\"en-US\"},{\"@type\":\"Organization\",\"@id\":\"https:\\\/\\\/www.fondationbiodiversite.fr\\\/en\\\/#organization\",\"name\":\"Fondation pour la recherche sur la biodiversit\u00e9\",\"url\":\"https:\\\/\\\/www.fondationbiodiversite.fr\\\/en\\\/\",\"logo\":{\"@type\":\"ImageObject\",\"inLanguage\":\"en-US\",\"@id\":\"https:\\\/\\\/www.fondationbiodiversite.fr\\\/en\\\/#\\\/schema\\\/logo\\\/image\\\/\",\"url\":\"https:\\\/\\\/www.fondationbiodiversite.fr\\\/wp-content\\\/uploads\\\/2025\\\/10\\\/logo_FRB_RVB.png\",\"contentUrl\":\"https:\\\/\\\/www.fondationbiodiversite.fr\\\/wp-content\\\/uploads\\\/2025\\\/10\\\/logo_FRB_RVB.png\",\"width\":220,\"height\":220,\"caption\":\"Fondation pour la recherche sur la biodiversit\u00e9\"},\"image\":{\"@id\":\"https:\\\/\\\/www.fondationbiodiversite.fr\\\/en\\\/#\\\/schema\\\/logo\\\/image\\\/\"},\"sameAs\":[\"https:\\\/\\\/www.facebook.com\\\/FRBiodiv#\",\"https:\\\/\\\/x.com\\\/FRBiodiv\",\"https:\\\/\\\/bsky.app\\\/profile\\\/frbiodiv.bsky.social\",\"https:\\\/\\\/www.instagram.com\\\/frbiodiv\\\/\",\"https:\\\/\\\/www.linkedin.com\\\/in\\\/fondation-pour-la-recherche-sur-la-biodiversit-223059121\\\/\",\"https:\\\/\\\/www.youtube.com\\\/@FRBiodiv\"]}]}<\/script>\n<!-- \/ Yoast SEO plugin. -->","yoast_head_json":{"title":"Biodiversity & linear infrastructure - Fondation pour la recherche sur la biodiversit\u00e9","description":"Bien qu\u2019elles n\u2019occupent qu\u2019un faible espace au sol, les infrastructures de transport (r\u00e9seaux routiers, r\u00e9seaux ferroviaires, r\u00e9seaux de transports de l\u2019\u00e9nergie, etc.) affectent l'ensemble des \u00e9cosyst\u00e8mes par les modifications paysag\u00e8res, le d\u00e9veloppement de nouvelles sources de pollutions, l'introduction d'esp\u00e8ces envahissantes ou la constitution de barri\u00e8res \u00e9cologiques qui concourent \u00e0 l'isolement de populations animales.","robots":{"index":"index","follow":"follow","max-snippet":"max-snippet:-1","max-image-preview":"max-image-preview:large","max-video-preview":"max-video-preview:-1"},"canonical":"https:\/\/www.fondationbiodiversite.fr\/en\/biodiversity-challenges\/biodiversity-and-linear-infrastructure\/","og_locale":"en_US","og_type":"article","og_title":"Biodiversity & linear infrastructure - Fondation pour la recherche sur la biodiversit\u00e9","og_description":"Bien qu\u2019elles n\u2019occupent qu\u2019un faible espace au sol, les infrastructures de transport (r\u00e9seaux routiers, r\u00e9seaux ferroviaires, r\u00e9seaux de transports de l\u2019\u00e9nergie, etc.) affectent l'ensemble des \u00e9cosyst\u00e8mes par les modifications paysag\u00e8res, le d\u00e9veloppement de nouvelles sources de pollutions, l'introduction d'esp\u00e8ces envahissantes ou la constitution de barri\u00e8res \u00e9cologiques qui concourent \u00e0 l'isolement de populations animales.","og_url":"https:\/\/www.fondationbiodiversite.fr\/en\/biodiversity-challenges\/biodiversity-and-linear-infrastructure\/","og_site_name":"Fondation pour la recherche sur la biodiversit\u00e9","article_publisher":"https:\/\/www.facebook.com\/FRBiodiv#","article_modified_time":"2019-08-13T13:07:36+00:00","og_image":[{"width":1450,"height":450,"url":"https:\/\/www.fondationbiodiversite.fr\/wp-content\/uploads\/2019\/02\/FRB-Biodiversite-et-infrastructures-lineaires.jpg","type":"image\/jpeg"}],"twitter_card":"summary_large_image","twitter_site":"@FRBiodiv","schema":{"@context":"https:\/\/schema.org","@graph":[{"@type":"WebPage","@id":"https:\/\/www.fondationbiodiversite.fr\/en\/biodiversity-challenges\/biodiversity-and-linear-infrastructure\/","url":"https:\/\/www.fondationbiodiversite.fr\/en\/biodiversity-challenges\/biodiversity-and-linear-infrastructure\/","name":"Biodiversity & linear infrastructure - Fondation pour la recherche sur la biodiversit\u00e9","isPartOf":{"@id":"https:\/\/www.fondationbiodiversite.fr\/en\/#website"},"primaryImageOfPage":{"@id":"https:\/\/www.fondationbiodiversite.fr\/en\/biodiversity-challenges\/biodiversity-and-linear-infrastructure\/#primaryimage"},"image":{"@id":"https:\/\/www.fondationbiodiversite.fr\/en\/biodiversity-challenges\/biodiversity-and-linear-infrastructure\/#primaryimage"},"thumbnailUrl":"https:\/\/www.fondationbiodiversite.fr\/wp-content\/uploads\/2019\/02\/FRB-Biodiversite-et-infrastructures-lineaires.jpg","datePublished":"2019-02-21T16:59:32+00:00","dateModified":"2019-08-13T13:07:36+00:00","description":"Bien qu\u2019elles n\u2019occupent qu\u2019un faible espace au sol, les infrastructures de transport (r\u00e9seaux routiers, r\u00e9seaux ferroviaires, r\u00e9seaux de transports de l\u2019\u00e9nergie, etc.) affectent l'ensemble des \u00e9cosyst\u00e8mes par les modifications paysag\u00e8res, le d\u00e9veloppement de nouvelles sources de pollutions, l'introduction d'esp\u00e8ces envahissantes ou la constitution de barri\u00e8res \u00e9cologiques qui concourent \u00e0 l'isolement de populations animales.","breadcrumb":{"@id":"https:\/\/www.fondationbiodiversite.fr\/en\/biodiversity-challenges\/biodiversity-and-linear-infrastructure\/#breadcrumb"},"inLanguage":"en-US","potentialAction":[{"@type":"ReadAction","target":["https:\/\/www.fondationbiodiversite.fr\/en\/biodiversity-challenges\/biodiversity-and-linear-infrastructure\/"]}]},{"@type":"ImageObject","inLanguage":"en-US","@id":"https:\/\/www.fondationbiodiversite.fr\/en\/biodiversity-challenges\/biodiversity-and-linear-infrastructure\/#primaryimage","url":"https:\/\/www.fondationbiodiversite.fr\/wp-content\/uploads\/2019\/02\/FRB-Biodiversite-et-infrastructures-lineaires.jpg","contentUrl":"https:\/\/www.fondationbiodiversite.fr\/wp-content\/uploads\/2019\/02\/FRB-Biodiversite-et-infrastructures-lineaires.jpg","width":1450,"height":450,"caption":"FRB - Biodiversit\u00e9 et infrastructures lin\u00e9aires"},{"@type":"BreadcrumbList","@id":"https:\/\/www.fondationbiodiversite.fr\/en\/biodiversity-challenges\/biodiversity-and-linear-infrastructure\/#breadcrumb","itemListElement":[{"@type":"ListItem","position":1,"name":"Accueil","item":"https:\/\/www.fondationbiodiversite.fr\/en\/"},{"@type":"ListItem","position":2,"name":"Biodiversity challenges","item":"https:\/\/www.fondationbiodiversite.fr\/en\/biodiversity-challenges\/"},{"@type":"ListItem","position":3,"name":"Biodiversity &#038; linear infrastructure"}]},{"@type":"WebSite","@id":"https:\/\/www.fondationbiodiversite.fr\/en\/#website","url":"https:\/\/www.fondationbiodiversite.fr\/en\/","name":"Fondation pour la recherche sur la biodiversit\u00e9","description":"Une plateforme entre les diff\u00e9rents acteurs scientifiques et les acteurs de la soci\u00e9t\u00e9 sur la biodiversit\u00e9..","publisher":{"@id":"https:\/\/www.fondationbiodiversite.fr\/en\/#organization"},"alternateName":"FRB","potentialAction":[{"@type":"SearchAction","target":{"@type":"EntryPoint","urlTemplate":"https:\/\/www.fondationbiodiversite.fr\/en\/?s={search_term_string}"},"query-input":{"@type":"PropertyValueSpecification","valueRequired":true,"valueName":"search_term_string"}}],"inLanguage":"en-US"},{"@type":"Organization","@id":"https:\/\/www.fondationbiodiversite.fr\/en\/#organization","name":"Fondation pour la recherche sur la biodiversit\u00e9","url":"https:\/\/www.fondationbiodiversite.fr\/en\/","logo":{"@type":"ImageObject","inLanguage":"en-US","@id":"https:\/\/www.fondationbiodiversite.fr\/en\/#\/schema\/logo\/image\/","url":"https:\/\/www.fondationbiodiversite.fr\/wp-content\/uploads\/2025\/10\/logo_FRB_RVB.png","contentUrl":"https:\/\/www.fondationbiodiversite.fr\/wp-content\/uploads\/2025\/10\/logo_FRB_RVB.png","width":220,"height":220,"caption":"Fondation pour la recherche sur la biodiversit\u00e9"},"image":{"@id":"https:\/\/www.fondationbiodiversite.fr\/en\/#\/schema\/logo\/image\/"},"sameAs":["https:\/\/www.facebook.com\/FRBiodiv#","https:\/\/x.com\/FRBiodiv","https:\/\/bsky.app\/profile\/frbiodiv.bsky.social","https:\/\/www.instagram.com\/frbiodiv\/","https:\/\/www.linkedin.com\/in\/fondation-pour-la-recherche-sur-la-biodiversit-223059121\/","https:\/\/www.youtube.com\/@FRBiodiv"]}]}},"_links":{"self":[{"href":"https:\/\/www.fondationbiodiversite.fr\/en\/wp-json\/wp\/v2\/pages\/2291","targetHints":{"allow":["GET"]}}],"collection":[{"href":"https:\/\/www.fondationbiodiversite.fr\/en\/wp-json\/wp\/v2\/pages"}],"about":[{"href":"https:\/\/www.fondationbiodiversite.fr\/en\/wp-json\/wp\/v2\/types\/page"}],"author":[{"embeddable":true,"href":"https:\/\/www.fondationbiodiversite.fr\/en\/wp-json\/wp\/v2\/users\/2"}],"replies":[{"embeddable":true,"href":"https:\/\/www.fondationbiodiversite.fr\/en\/wp-json\/wp\/v2\/comments?post=2291"}],"version-history":[{"count":0,"href":"https:\/\/www.fondationbiodiversite.fr\/en\/wp-json\/wp\/v2\/pages\/2291\/revisions"}],"up":[{"embeddable":true,"href":"https:\/\/www.fondationbiodiversite.fr\/en\/wp-json\/wp\/v2\/pages\/2284"}],"wp:featuredmedia":[{"embeddable":true,"href":"https:\/\/www.fondationbiodiversite.fr\/en\/wp-json\/wp\/v2\/media\/2099"}],"wp:attachment":[{"href":"https:\/\/www.fondationbiodiversite.fr\/en\/wp-json\/wp\/v2\/media?parent=2291"}],"curies":[{"name":"wp","href":"https:\/\/api.w.org\/{rel}","templated":true}]}}