
{"id":2289,"date":"2019-02-21T18:04:06","date_gmt":"2019-02-21T17:04:06","guid":{"rendered":"http:\/\/www.fondationbiodiversite.fr\/les-enjeux-de-la-biodiversite\/biodiversite-et-climat\/"},"modified":"2019-08-13T15:03:19","modified_gmt":"2019-08-13T13:03:19","slug":"biodiversity-and-climate","status":"publish","type":"page","link":"https:\/\/www.fondationbiodiversite.fr\/en\/biodiversity-challenges\/biodiversity-and-climate\/","title":{"rendered":"Biodiversity &#038; climate"},"content":{"rendered":"","protected":false},"excerpt":{"rendered":"","protected":false},"author":2,"featured_media":5144,"parent":2284,"menu_order":14,"comment_status":"closed","ping_status":"closed","template":"temp_enjeux.php","meta":{"_acf_changed":false,"inline_featured_image":false,"footnotes":""},"class_list":["post-2289","page","type-page","status-publish","has-post-thumbnail","hentry"],"acf":[],"yoast_head":"<!-- This site is optimized with the Yoast SEO plugin v27.3 - https:\/\/yoast.com\/product\/yoast-seo-wordpress\/ -->\n<title>Biodiversity &amp; climate - Fondation pour la recherche sur la biodiversit\u00e9<\/title>\n<meta name=\"description\" content=\"Biodiversit\u00e9 et climat, m\u00eame combat\u202f! Derri\u00e8re ce slogan que porte la FRB, il y a la conviction que ces deux enjeux majeurs pour la plan\u00e8te sont li\u00e9s. La biodiversit\u00e9 est affect\u00e9e par les changements climatiques. L\u2019IPBES et le Giec se sont rapproch\u00e9s strat\u00e9giquement pour travailler \u00e0 promouvoir une meilleure prise en compte de la biodiversit\u00e9 lors de l\u2019\u00e9laboration des sc\u00e9narios de r\u00e9f\u00e9rence dans leurs \u00e9valuations.\" \/>\n<meta name=\"robots\" content=\"index, follow, max-snippet:-1, max-image-preview:large, max-video-preview:-1\" \/>\n<link rel=\"canonical\" href=\"https:\/\/www.fondationbiodiversite.fr\/en\/biodiversity-challenges\/biodiversity-and-climate\/\" \/>\n<meta property=\"og:locale\" content=\"en_US\" \/>\n<meta property=\"og:type\" content=\"article\" \/>\n<meta property=\"og:title\" content=\"Biodiversity &amp; climate - Fondation pour la recherche sur la biodiversit\u00e9\" \/>\n<meta property=\"og:description\" content=\"Biodiversit\u00e9 et climat, m\u00eame combat\u202f! Derri\u00e8re ce slogan que porte la FRB, il y a la conviction que ces deux enjeux majeurs pour la plan\u00e8te sont li\u00e9s. La biodiversit\u00e9 est affect\u00e9e par les changements climatiques. L\u2019IPBES et le Giec se sont rapproch\u00e9s strat\u00e9giquement pour travailler \u00e0 promouvoir une meilleure prise en compte de la biodiversit\u00e9 lors de l\u2019\u00e9laboration des sc\u00e9narios de r\u00e9f\u00e9rence dans leurs \u00e9valuations.\" \/>\n<meta property=\"og:url\" content=\"https:\/\/www.fondationbiodiversite.fr\/en\/biodiversity-challenges\/biodiversity-and-climate\/\" \/>\n<meta property=\"og:site_name\" content=\"Fondation pour la recherche sur la biodiversit\u00e9\" \/>\n<meta property=\"article:publisher\" content=\"https:\/\/www.facebook.com\/FRBiodiv#\" \/>\n<meta property=\"article:modified_time\" content=\"2019-08-13T13:03:19+00:00\" \/>\n<meta property=\"og:image\" content=\"https:\/\/www.fondationbiodiversite.fr\/wp-content\/uploads\/2019\/06\/FRB-Fondation-recherche-biodiversite-climat.jpg\" \/>\n\t<meta property=\"og:image:width\" content=\"1440\" \/>\n\t<meta property=\"og:image:height\" content=\"450\" \/>\n\t<meta property=\"og:image:type\" content=\"image\/jpeg\" \/>\n<meta name=\"twitter:card\" content=\"summary_large_image\" \/>\n<meta name=\"twitter:site\" content=\"@FRBiodiv\" \/>\n<script type=\"application\/ld+json\" class=\"yoast-schema-graph\">{\"@context\":\"https:\\\/\\\/schema.org\",\"@graph\":[{\"@type\":\"WebPage\",\"@id\":\"https:\\\/\\\/www.fondationbiodiversite.fr\\\/en\\\/biodiversity-challenges\\\/biodiversity-and-climate\\\/\",\"url\":\"https:\\\/\\\/www.fondationbiodiversite.fr\\\/en\\\/biodiversity-challenges\\\/biodiversity-and-climate\\\/\",\"name\":\"Biodiversity & climate - Fondation pour la recherche sur la biodiversit\u00e9\",\"isPartOf\":{\"@id\":\"https:\\\/\\\/www.fondationbiodiversite.fr\\\/en\\\/#website\"},\"primaryImageOfPage\":{\"@id\":\"https:\\\/\\\/www.fondationbiodiversite.fr\\\/en\\\/biodiversity-challenges\\\/biodiversity-and-climate\\\/#primaryimage\"},\"image\":{\"@id\":\"https:\\\/\\\/www.fondationbiodiversite.fr\\\/en\\\/biodiversity-challenges\\\/biodiversity-and-climate\\\/#primaryimage\"},\"thumbnailUrl\":\"https:\\\/\\\/www.fondationbiodiversite.fr\\\/wp-content\\\/uploads\\\/2019\\\/06\\\/FRB-Fondation-recherche-biodiversite-climat.jpg\",\"datePublished\":\"2019-02-21T17:04:06+00:00\",\"dateModified\":\"2019-08-13T13:03:19+00:00\",\"description\":\"Biodiversit\u00e9 et climat, m\u00eame combat\u202f! Derri\u00e8re ce slogan que porte la FRB, il y a la conviction que ces deux enjeux majeurs pour la plan\u00e8te sont li\u00e9s. La biodiversit\u00e9 est affect\u00e9e par les changements climatiques. L\u2019IPBES et le Giec se sont rapproch\u00e9s strat\u00e9giquement pour travailler \u00e0 promouvoir une meilleure prise en compte de la biodiversit\u00e9 lors de l\u2019\u00e9laboration des sc\u00e9narios de r\u00e9f\u00e9rence dans leurs \u00e9valuations.\",\"breadcrumb\":{\"@id\":\"https:\\\/\\\/www.fondationbiodiversite.fr\\\/en\\\/biodiversity-challenges\\\/biodiversity-and-climate\\\/#breadcrumb\"},\"inLanguage\":\"en-US\",\"potentialAction\":[{\"@type\":\"ReadAction\",\"target\":[\"https:\\\/\\\/www.fondationbiodiversite.fr\\\/en\\\/biodiversity-challenges\\\/biodiversity-and-climate\\\/\"]}]},{\"@type\":\"ImageObject\",\"inLanguage\":\"en-US\",\"@id\":\"https:\\\/\\\/www.fondationbiodiversite.fr\\\/en\\\/biodiversity-challenges\\\/biodiversity-and-climate\\\/#primaryimage\",\"url\":\"https:\\\/\\\/www.fondationbiodiversite.fr\\\/wp-content\\\/uploads\\\/2019\\\/06\\\/FRB-Fondation-recherche-biodiversite-climat.jpg\",\"contentUrl\":\"https:\\\/\\\/www.fondationbiodiversite.fr\\\/wp-content\\\/uploads\\\/2019\\\/06\\\/FRB-Fondation-recherche-biodiversite-climat.jpg\",\"width\":1440,\"height\":450,\"caption\":\"FRB - Biodiversit\u00e9 et climat\"},{\"@type\":\"BreadcrumbList\",\"@id\":\"https:\\\/\\\/www.fondationbiodiversite.fr\\\/en\\\/biodiversity-challenges\\\/biodiversity-and-climate\\\/#breadcrumb\",\"itemListElement\":[{\"@type\":\"ListItem\",\"position\":1,\"name\":\"Accueil\",\"item\":\"https:\\\/\\\/www.fondationbiodiversite.fr\\\/en\\\/\"},{\"@type\":\"ListItem\",\"position\":2,\"name\":\"Biodiversity challenges\",\"item\":\"https:\\\/\\\/www.fondationbiodiversite.fr\\\/en\\\/biodiversity-challenges\\\/\"},{\"@type\":\"ListItem\",\"position\":3,\"name\":\"Biodiversity &#038; climate\"}]},{\"@type\":\"WebSite\",\"@id\":\"https:\\\/\\\/www.fondationbiodiversite.fr\\\/en\\\/#website\",\"url\":\"https:\\\/\\\/www.fondationbiodiversite.fr\\\/en\\\/\",\"name\":\"Fondation pour la recherche sur la biodiversit\u00e9\",\"description\":\"Une plateforme entre les diff\u00e9rents acteurs scientifiques et les acteurs de la soci\u00e9t\u00e9 sur la biodiversit\u00e9..\",\"publisher\":{\"@id\":\"https:\\\/\\\/www.fondationbiodiversite.fr\\\/en\\\/#organization\"},\"alternateName\":\"FRB\",\"potentialAction\":[{\"@type\":\"SearchAction\",\"target\":{\"@type\":\"EntryPoint\",\"urlTemplate\":\"https:\\\/\\\/www.fondationbiodiversite.fr\\\/en\\\/?s={search_term_string}\"},\"query-input\":{\"@type\":\"PropertyValueSpecification\",\"valueRequired\":true,\"valueName\":\"search_term_string\"}}],\"inLanguage\":\"en-US\"},{\"@type\":\"Organization\",\"@id\":\"https:\\\/\\\/www.fondationbiodiversite.fr\\\/en\\\/#organization\",\"name\":\"Fondation pour la recherche sur la biodiversit\u00e9\",\"url\":\"https:\\\/\\\/www.fondationbiodiversite.fr\\\/en\\\/\",\"logo\":{\"@type\":\"ImageObject\",\"inLanguage\":\"en-US\",\"@id\":\"https:\\\/\\\/www.fondationbiodiversite.fr\\\/en\\\/#\\\/schema\\\/logo\\\/image\\\/\",\"url\":\"https:\\\/\\\/www.fondationbiodiversite.fr\\\/wp-content\\\/uploads\\\/2025\\\/10\\\/logo_FRB_RVB.png\",\"contentUrl\":\"https:\\\/\\\/www.fondationbiodiversite.fr\\\/wp-content\\\/uploads\\\/2025\\\/10\\\/logo_FRB_RVB.png\",\"width\":220,\"height\":220,\"caption\":\"Fondation pour la recherche sur la biodiversit\u00e9\"},\"image\":{\"@id\":\"https:\\\/\\\/www.fondationbiodiversite.fr\\\/en\\\/#\\\/schema\\\/logo\\\/image\\\/\"},\"sameAs\":[\"https:\\\/\\\/www.facebook.com\\\/FRBiodiv#\",\"https:\\\/\\\/x.com\\\/FRBiodiv\",\"https:\\\/\\\/bsky.app\\\/profile\\\/frbiodiv.bsky.social\",\"https:\\\/\\\/www.instagram.com\\\/frbiodiv\\\/\",\"https:\\\/\\\/www.linkedin.com\\\/in\\\/fondation-pour-la-recherche-sur-la-biodiversit-223059121\\\/\",\"https:\\\/\\\/www.youtube.com\\\/@FRBiodiv\"]}]}<\/script>\n<!-- \/ Yoast SEO plugin. -->","yoast_head_json":{"title":"Biodiversity & climate - Fondation pour la recherche sur la biodiversit\u00e9","description":"Biodiversit\u00e9 et climat, m\u00eame combat\u202f! Derri\u00e8re ce slogan que porte la FRB, il y a la conviction que ces deux enjeux majeurs pour la plan\u00e8te sont li\u00e9s. La biodiversit\u00e9 est affect\u00e9e par les changements climatiques. L\u2019IPBES et le Giec se sont rapproch\u00e9s strat\u00e9giquement pour travailler \u00e0 promouvoir une meilleure prise en compte de la biodiversit\u00e9 lors de l\u2019\u00e9laboration des sc\u00e9narios de r\u00e9f\u00e9rence dans leurs \u00e9valuations.","robots":{"index":"index","follow":"follow","max-snippet":"max-snippet:-1","max-image-preview":"max-image-preview:large","max-video-preview":"max-video-preview:-1"},"canonical":"https:\/\/www.fondationbiodiversite.fr\/en\/biodiversity-challenges\/biodiversity-and-climate\/","og_locale":"en_US","og_type":"article","og_title":"Biodiversity & climate - Fondation pour la recherche sur la biodiversit\u00e9","og_description":"Biodiversit\u00e9 et climat, m\u00eame combat\u202f! Derri\u00e8re ce slogan que porte la FRB, il y a la conviction que ces deux enjeux majeurs pour la plan\u00e8te sont li\u00e9s. La biodiversit\u00e9 est affect\u00e9e par les changements climatiques. L\u2019IPBES et le Giec se sont rapproch\u00e9s strat\u00e9giquement pour travailler \u00e0 promouvoir une meilleure prise en compte de la biodiversit\u00e9 lors de l\u2019\u00e9laboration des sc\u00e9narios de r\u00e9f\u00e9rence dans leurs \u00e9valuations.","og_url":"https:\/\/www.fondationbiodiversite.fr\/en\/biodiversity-challenges\/biodiversity-and-climate\/","og_site_name":"Fondation pour la recherche sur la biodiversit\u00e9","article_publisher":"https:\/\/www.facebook.com\/FRBiodiv#","article_modified_time":"2019-08-13T13:03:19+00:00","og_image":[{"width":1440,"height":450,"url":"https:\/\/www.fondationbiodiversite.fr\/wp-content\/uploads\/2019\/06\/FRB-Fondation-recherche-biodiversite-climat.jpg","type":"image\/jpeg"}],"twitter_card":"summary_large_image","twitter_site":"@FRBiodiv","schema":{"@context":"https:\/\/schema.org","@graph":[{"@type":"WebPage","@id":"https:\/\/www.fondationbiodiversite.fr\/en\/biodiversity-challenges\/biodiversity-and-climate\/","url":"https:\/\/www.fondationbiodiversite.fr\/en\/biodiversity-challenges\/biodiversity-and-climate\/","name":"Biodiversity & climate - Fondation pour la recherche sur la biodiversit\u00e9","isPartOf":{"@id":"https:\/\/www.fondationbiodiversite.fr\/en\/#website"},"primaryImageOfPage":{"@id":"https:\/\/www.fondationbiodiversite.fr\/en\/biodiversity-challenges\/biodiversity-and-climate\/#primaryimage"},"image":{"@id":"https:\/\/www.fondationbiodiversite.fr\/en\/biodiversity-challenges\/biodiversity-and-climate\/#primaryimage"},"thumbnailUrl":"https:\/\/www.fondationbiodiversite.fr\/wp-content\/uploads\/2019\/06\/FRB-Fondation-recherche-biodiversite-climat.jpg","datePublished":"2019-02-21T17:04:06+00:00","dateModified":"2019-08-13T13:03:19+00:00","description":"Biodiversit\u00e9 et climat, m\u00eame combat\u202f! Derri\u00e8re ce slogan que porte la FRB, il y a la conviction que ces deux enjeux majeurs pour la plan\u00e8te sont li\u00e9s. La biodiversit\u00e9 est affect\u00e9e par les changements climatiques. L\u2019IPBES et le Giec se sont rapproch\u00e9s strat\u00e9giquement pour travailler \u00e0 promouvoir une meilleure prise en compte de la biodiversit\u00e9 lors de l\u2019\u00e9laboration des sc\u00e9narios de r\u00e9f\u00e9rence dans leurs \u00e9valuations.","breadcrumb":{"@id":"https:\/\/www.fondationbiodiversite.fr\/en\/biodiversity-challenges\/biodiversity-and-climate\/#breadcrumb"},"inLanguage":"en-US","potentialAction":[{"@type":"ReadAction","target":["https:\/\/www.fondationbiodiversite.fr\/en\/biodiversity-challenges\/biodiversity-and-climate\/"]}]},{"@type":"ImageObject","inLanguage":"en-US","@id":"https:\/\/www.fondationbiodiversite.fr\/en\/biodiversity-challenges\/biodiversity-and-climate\/#primaryimage","url":"https:\/\/www.fondationbiodiversite.fr\/wp-content\/uploads\/2019\/06\/FRB-Fondation-recherche-biodiversite-climat.jpg","contentUrl":"https:\/\/www.fondationbiodiversite.fr\/wp-content\/uploads\/2019\/06\/FRB-Fondation-recherche-biodiversite-climat.jpg","width":1440,"height":450,"caption":"FRB - Biodiversit\u00e9 et climat"},{"@type":"BreadcrumbList","@id":"https:\/\/www.fondationbiodiversite.fr\/en\/biodiversity-challenges\/biodiversity-and-climate\/#breadcrumb","itemListElement":[{"@type":"ListItem","position":1,"name":"Accueil","item":"https:\/\/www.fondationbiodiversite.fr\/en\/"},{"@type":"ListItem","position":2,"name":"Biodiversity challenges","item":"https:\/\/www.fondationbiodiversite.fr\/en\/biodiversity-challenges\/"},{"@type":"ListItem","position":3,"name":"Biodiversity &#038; climate"}]},{"@type":"WebSite","@id":"https:\/\/www.fondationbiodiversite.fr\/en\/#website","url":"https:\/\/www.fondationbiodiversite.fr\/en\/","name":"Fondation pour la recherche sur la biodiversit\u00e9","description":"Une plateforme entre les diff\u00e9rents acteurs scientifiques et les acteurs de la soci\u00e9t\u00e9 sur la biodiversit\u00e9..","publisher":{"@id":"https:\/\/www.fondationbiodiversite.fr\/en\/#organization"},"alternateName":"FRB","potentialAction":[{"@type":"SearchAction","target":{"@type":"EntryPoint","urlTemplate":"https:\/\/www.fondationbiodiversite.fr\/en\/?s={search_term_string}"},"query-input":{"@type":"PropertyValueSpecification","valueRequired":true,"valueName":"search_term_string"}}],"inLanguage":"en-US"},{"@type":"Organization","@id":"https:\/\/www.fondationbiodiversite.fr\/en\/#organization","name":"Fondation pour la recherche sur la biodiversit\u00e9","url":"https:\/\/www.fondationbiodiversite.fr\/en\/","logo":{"@type":"ImageObject","inLanguage":"en-US","@id":"https:\/\/www.fondationbiodiversite.fr\/en\/#\/schema\/logo\/image\/","url":"https:\/\/www.fondationbiodiversite.fr\/wp-content\/uploads\/2025\/10\/logo_FRB_RVB.png","contentUrl":"https:\/\/www.fondationbiodiversite.fr\/wp-content\/uploads\/2025\/10\/logo_FRB_RVB.png","width":220,"height":220,"caption":"Fondation pour la recherche sur la biodiversit\u00e9"},"image":{"@id":"https:\/\/www.fondationbiodiversite.fr\/en\/#\/schema\/logo\/image\/"},"sameAs":["https:\/\/www.facebook.com\/FRBiodiv#","https:\/\/x.com\/FRBiodiv","https:\/\/bsky.app\/profile\/frbiodiv.bsky.social","https:\/\/www.instagram.com\/frbiodiv\/","https:\/\/www.linkedin.com\/in\/fondation-pour-la-recherche-sur-la-biodiversit-223059121\/","https:\/\/www.youtube.com\/@FRBiodiv"]}]}},"_links":{"self":[{"href":"https:\/\/www.fondationbiodiversite.fr\/en\/wp-json\/wp\/v2\/pages\/2289","targetHints":{"allow":["GET"]}}],"collection":[{"href":"https:\/\/www.fondationbiodiversite.fr\/en\/wp-json\/wp\/v2\/pages"}],"about":[{"href":"https:\/\/www.fondationbiodiversite.fr\/en\/wp-json\/wp\/v2\/types\/page"}],"author":[{"embeddable":true,"href":"https:\/\/www.fondationbiodiversite.fr\/en\/wp-json\/wp\/v2\/users\/2"}],"replies":[{"embeddable":true,"href":"https:\/\/www.fondationbiodiversite.fr\/en\/wp-json\/wp\/v2\/comments?post=2289"}],"version-history":[{"count":0,"href":"https:\/\/www.fondationbiodiversite.fr\/en\/wp-json\/wp\/v2\/pages\/2289\/revisions"}],"up":[{"embeddable":true,"href":"https:\/\/www.fondationbiodiversite.fr\/en\/wp-json\/wp\/v2\/pages\/2284"}],"wp:featuredmedia":[{"embeddable":true,"href":"https:\/\/www.fondationbiodiversite.fr\/en\/wp-json\/wp\/v2\/media\/5144"}],"wp:attachment":[{"href":"https:\/\/www.fondationbiodiversite.fr\/en\/wp-json\/wp\/v2\/media?parent=2289"}],"curies":[{"name":"wp","href":"https:\/\/api.w.org\/{rel}","templated":true}]}}