
{"id":2283,"date":"2019-02-04T16:56:18","date_gmt":"2019-02-04T15:56:18","guid":{"rendered":"http:\/\/www.fondationbiodiversite.fr\/la-frb-en-action\/nos-implications\/ipbes\/"},"modified":"2026-02-19T10:57:49","modified_gmt":"2026-02-19T09:57:49","slug":"ipbes","status":"publish","type":"page","link":"https:\/\/www.fondationbiodiversite.fr\/en\/the-frb-in-action\/negociations-internationales\/ipbes\/","title":{"rendered":"IPBES"},"content":{"rendered":"<p><img loading=\"lazy\" decoding=\"async\" class=\"aligncenter wp-image-33150 size-full\" src=\"https:\/\/www.fondationbiodiversite.fr\/wp-content\/uploads\/2024\/11\/IPBES-1.jpg\" alt=\"\" width=\"985\" height=\"270\" srcset=\"https:\/\/www.fondationbiodiversite.fr\/wp-content\/uploads\/2024\/11\/IPBES-1.jpg 985w, https:\/\/www.fondationbiodiversite.fr\/wp-content\/uploads\/2024\/11\/IPBES-1-300x82.jpg 300w, https:\/\/www.fondationbiodiversite.fr\/wp-content\/uploads\/2024\/11\/IPBES-1-768x211.jpg 768w\" sizes=\"auto, (max-width: 985px) 100vw, 985px\" \/><\/p>\n<p>&nbsp;<\/p>\n<p><strong>The role of the FRB is to mobilize French expertise in the work of IPBES, and to encourage dialogue between science and policy by providing support to French representatives at IPBES for the preparation and participation in plenary sessions.<\/strong><\/p>\n<p>&nbsp;<\/p>\n<p>Particular attention is also paid to relaying the ongoing work and results of the platform with the aim of: transferring knowledge; encouraging the mobilization of society (in particular through the FRB&#8217;s Stakeholder Assembly (SSA) and establishing a link between the work of IPBES and other relevant initiatives.\u202f<\/p>\n<p>&nbsp;<\/p>\n<p>The FRB regularly organizes the IPBES-IPCC meetings, an event that aims to bring together research communities, public and private decision-makers and stakeholders on biodiversity and climate issues at an international level:<\/p>\n<p>&nbsp;<\/p>\n<p>IPBES is an <strong>independent intergovernmental body<\/strong> that provides policymakers with:<\/p>\n<ul>\n<li><strong>objective scientific assessments of the state of knowledge<\/strong> (academic and non-academic) on biodiversity, ecosystems and their benefits for individuals,<\/li>\n<li><strong>tools and methods to protect and sustainably use<\/strong> these vital natural resources.<\/li>\n<\/ul>\n<p>&nbsp;<\/p>\n<p>&nbsp;<\/p>\n<h3><span style=\"color: #045c82;\">Key figures and dates<\/span><\/h3>\n<ul>\n<li><strong><span style=\"color: #045c82; font-size: 20px;\">2012<\/span><\/strong> : Creation of IPBES by 94 governments, under the aegis of several United Nations programs and organizations.<\/li>\n<li><span style=\"font-size: 20px;\"><strong><span style=\"color: #045c82;\">152<\/span> <\/strong><\/span>Member States as of March 21, 2025.<\/li>\n<li><span style=\"color: #045c82; font-size: 20px;\"><strong>More than 1000<\/strong> <\/span>experts mobilized.<\/li>\n<li><strong><span style=\"color: #045c82; font-size: 20px;\">Hundreds<\/span><\/strong> of representatives from the business world, civil society and other stakeholders.<\/li>\n<\/ul>\n<p>&nbsp;<\/p>\n<p>&nbsp;<\/p>\n<h3><span style=\"color: #045c82;\">IPBES objectives<\/span><\/h3>\n<p>\n<em><span style=\"font-size: 20px;\">\u201cStrengthening the science-policy interface for biodiversity and ecosystem services with the aim of ensuring the conservation and sustainable use of biological diversity, the long-term well-being of humanity and sustainable development\u201d\u202f : one of the statutory objectives of IPBES<\/span><\/em><\/p>\n<p>&nbsp;<\/p>\n<p><strong>Achieving this objective relies on four complementary and closely linked functions:<\/strong><\/p>\n<ul>\n<li>catalyze the production of new knowledge;<\/li>\n<li>assess existing knowledge;<\/li>\n<li>support the formulation and implementation of policies;<\/li>\n<li>strengthen the capabilities required to achieve its objective.<\/li>\n<\/ul>\n<p>&nbsp;<\/p>\n<p>The platform relies heavily on the involvement of scientific experts, stakeholders, and policymakers in its work. IPBES&#8217;s methodology is unique in that it integrates scientific, local, and sectoral knowledge equally in the generation of knowledge: stakeholders and experts, including academic experts, are involved on an equal footing.<\/p>\n<p>&nbsp;<\/p>\n<p>&nbsp;<\/p>\n<h3><span style=\"color: #045c82;\">Les \u00e9valuations de l&#8217;Ipbes<\/span><\/h3>\n<div class=\"content_accordion\">\n<div class=\"accordion-level\">\n<div class=\"header\">What is an IPBES assessment?<\/div>\n<div class=\"content\">\n<p>In concrete terms, the IPBES work program consists mainly of carrying out <strong>assessments<\/strong> <strong>of the state of knowledge on biodiversity and ecosystem services<\/strong> (well-shared and therefore established knowledge, more uncertain knowledge and knowledge gaps).<\/p>\n<p>&nbsp;<\/p>\n<p>These assessments can be <strong>thematic<\/strong> (assessment of pollinators and pollination services, etc.), <strong>geographical<\/strong> (assessment focused on Europe and Central Asia, etc.), or <strong>methodological<\/strong> (assessment of the multiple values \u200b\u200bof nature, etc.). They actively involve 100 to 200 international and multidisciplinary experts working on:<\/p>\n<ul>\n<li><strong>a review of academic and grey literature<\/strong>, taking into account the knowledge of local and indigenous populations;<\/li>\n<li><strong>a summary for decision-makers<\/strong> , approved at the end of the process by all the member states of the Platform.<\/li>\n<\/ul>\n<p>&nbsp;<\/p>\n<p>In its Guide for the Production of Assessments ( <a href=\"https:\/\/zenodo.org\/records\/7568075\">IPBES Guide on the Production of Assessments, 2018<\/a> ), IPBES specifies that, in order to <strong>produce &#8220;credible, legitimate and relevant&#8221;<\/strong> assessments , these must &#8220;involve governments and other stakeholders in their initiation, framing, review and adoption&#8221;.<\/p>\n<p>Typically, the production of an evaluation \u2013 consisting of a scientific report and a summary for decision-makers \u2013 follows this path, from the adoption of the topic to the adoption of the evaluation:<\/p>\n<p>&nbsp;<\/p>\n<p><img loading=\"lazy\" decoding=\"async\" class=\"size-full wp-image-26988 aligncenter\" src=\"https:\/\/www.fondationbiodiversite.fr\/wp-content\/uploads\/2024\/09\/Frise-evaluation-Ipbes.jpg\" alt=\"\" width=\"750\" height=\"149\" srcset=\"https:\/\/www.fondationbiodiversite.fr\/wp-content\/uploads\/2024\/09\/Frise-evaluation-Ipbes.jpg 750w, https:\/\/www.fondationbiodiversite.fr\/wp-content\/uploads\/2024\/09\/Frise-evaluation-Ipbes-300x60.jpg 300w\" sizes=\"auto, (max-width: 750px) 100vw, 750px\" \/><\/p>\n<p>&nbsp;<\/p>\n<p><strong>Experts, scientists and stakeholders have the opportunity to be involved<\/strong> from the outset in the drafting or to provide opinions, observations, comments during various phases of the production of the assessments.<\/p>\n<\/div>\n<\/div>\n<div class=\"accordion-level\">\n<div class=\"header\">The published assessments<\/div>\n<div class=\"content\">\n<p><strong>\u00b7 Biodiversity and Transformative Change <\/strong><br \/>\n<a href=\"https:\/\/www.ipbes.net\/transformative-change\">More informations<\/a>\u202f|<br \/>\n\u202f\u00a0<br \/>\n<strong>\u00b7 Nexus (links between biodiversity, water, food, health and energy)\u00a0<\/strong><br \/>\n<a href=\"https:\/\/www.ipbes.net\/nexus\">More informations<\/a><\/p>\n<p>&nbsp;<\/p>\n<p><strong>\u00b7 Invasive alien species, 2023<\/strong><\/p>\n<p><a href=\"https:\/\/www.ipbes.net\/ias\" target=\"_blank\" rel=\"noopener\">Summary for policymakers<\/a><\/p>\n<p>&nbsp;<\/p>\n<p><strong>\u00b7 Conceptualizations of the different values \u200b\u200bof nature and its benefits, 2022 <\/strong><br \/>\n<a href=\"https:\/\/www.ipbes.net\/the-values-assessment\">Summary for policymakers<\/a><\/p>\n<p>&nbsp;<\/p>\n<p><strong>\u00b7 Sustainable use of wild species, 2022<\/strong><\/p>\n<p><a href=\"https:\/\/www.ipbes.net\/sustainable-use-assessment\" target=\"_blank\" rel=\"noopener\">Summary for policymakers<\/a><\/p>\n<p>&nbsp;<\/p>\n<p><strong>\u202f\u00b7 Global Assessment of Biodiversity and Ecosystem Services, 2019 <\/strong><\/p>\n<p><a href=\"https:\/\/www.ipbes.net\/global-assessment\">Summary for policymakers<\/a><\/p>\n<p>\n\u00a0<br \/>\n<strong>\u00b7 Regional assessments of biodiversity and ecosystem services, 2018 <\/strong><br \/>\n<a href=\"https:\/\/www.ipbes.net\/regional-assessments\">Summary for policymakers<\/a><\/p>\n<p>&nbsp;<\/p>\n<p><strong>\u00b7 Land degradation and restoration, 2018<\/strong><\/p>\n<p><a href=\"https:\/\/www.ipbes.net\/assessment-reports\/ldr\" target=\"_blank\" rel=\"noopener\">Summary for policymakers<\/a><\/p>\n<p>&nbsp;<\/p>\n<p><strong>\u00b7 Pollinators, pollination and food production, 2016<\/strong><\/p>\n<p><a href=\"https:\/\/www.ipbes.net\/assessment-reports\/pollinators\" target=\"_blank\" rel=\"noopener\">Summary for policymakers<\/a><\/p>\n<p>&nbsp;<\/p>\n<p><strong>\u00b7 Scenarios and models of biodiversity and ecosystem services, 2016<\/strong><br \/>\n<a href=\"https:\/\/www.ipbes.net\/assessment-reports\/scenarios\">Summary for policymakers<\/a><\/p>\n<\/div>\n<\/div>\n<p>\u00a0<\/p>\n<div class=\"accordion-level\">\n<div class=\"header\">Workshop reports<\/div>\n<div class=\"content\">\n<p><strong>\u00b7 Biodiversity and Climate Change, 2021<\/strong><br \/>\n<a href=\"https:\/\/www.ipbes.net\/events\/ipbes-ipcc-co-sponsored-workshop-biodiversity-and-climate-change\">Report<\/a><\/p>\n<p>\n<strong>\u00b7 Biodiversity and Pandemics, 2020 <\/strong><br \/>\n<a href=\"https:\/\/www.ipbes.net\/events\/ipbes-workshop-biodiversity-and-pandemics\">Report<\/a><\/p>\n<\/div>\n<\/div>\n<p>\u00a0<\/p>\n<div class=\"accordion-level\">\n<div class=\"header\">Ongoing assessments<\/div>\n<div class=\"content\">\n<p><strong>\u00b7 Impacts of and dependencies of businesses on biodiversity<\/strong><\/p>\n<p><a href=\"https:\/\/www.ipbes.net\/business-impact\" target=\"_blank\" rel=\"noopener\">More information<\/a><\/p>\n<p>&nbsp;<\/p>\n<p><strong>\u00b7 2nd global assessment of biodiversity and ecosystem services<\/strong><\/p>\n<p><a href=\"https:\/\/www.ipbes.net\/second-global-assessment\" target=\"_blank\" rel=\"noopener\">More information<\/a><\/p>\n<p>&nbsp;<\/p>\n<p><strong>\u00b7 Biodiversity monitoring systems<\/strong><\/p>\n<p><a href=\"https:\/\/www.ipbes.net\/monitoring\" target=\"_blank\" rel=\"noopener\">More information<\/a><\/p>\n<\/div>\n<\/div>\n<p>\u00a0<\/p>\n<\/div>\n<p>Please note: All IPBES reports are available in English. For each assessment, a summary for policymakers is available in French.<\/p>\n","protected":false},"excerpt":{"rendered":"<p>&nbsp; The role of the FRB is to mobilize French expertise in the work of IPBES, and to encourage dialogue between science and policy by providing support to French representatives at IPBES for the preparation and participation in plenary sessions. &nbsp; Particular attention is also paid to relaying the ongoing work and results of the [&hellip;]<\/p>\n","protected":false},"author":1,"featured_media":476,"parent":31286,"menu_order":2,"comment_status":"closed","ping_status":"closed","template":"temp_prog.php","meta":{"_acf_changed":false,"inline_featured_image":false,"footnotes":""},"class_list":["post-2283","page","type-page","status-publish","has-post-thumbnail","hentry"],"acf":[],"yoast_head":"<!-- This site is optimized with the Yoast SEO plugin v27.3 - https:\/\/yoast.com\/product\/yoast-seo-wordpress\/ -->\n<title>IPBES - Fondation pour la recherche sur la biodiversit\u00e9<\/title>\n<meta name=\"robots\" content=\"index, follow, max-snippet:-1, max-image-preview:large, max-video-preview:-1\" \/>\n<link rel=\"canonical\" href=\"https:\/\/www.fondationbiodiversite.fr\/en\/the-frb-in-action\/negociations-internationales\/ipbes\/\" \/>\n<meta property=\"og:locale\" content=\"en_US\" \/>\n<meta property=\"og:type\" content=\"article\" \/>\n<meta property=\"og:title\" content=\"IPBES - Fondation pour la recherche sur la biodiversit\u00e9\" \/>\n<meta property=\"og:description\" content=\"&nbsp; The role of the FRB is to mobilize French expertise in the work of IPBES, and to encourage dialogue between science and policy by providing support to French representatives at IPBES for the preparation and participation in plenary sessions. &nbsp; Particular attention is also paid to relaying the ongoing work and results of the [&hellip;]\" \/>\n<meta property=\"og:url\" content=\"https:\/\/www.fondationbiodiversite.fr\/en\/the-frb-in-action\/negociations-internationales\/ipbes\/\" \/>\n<meta property=\"og:site_name\" content=\"Fondation pour la recherche sur la biodiversit\u00e9\" \/>\n<meta property=\"article:publisher\" content=\"https:\/\/www.facebook.com\/FRBiodiv#\" \/>\n<meta property=\"article:modified_time\" content=\"2026-02-19T09:57:49+00:00\" \/>\n<meta property=\"og:image\" content=\"https:\/\/www.fondationbiodiversite.fr\/wp-content\/uploads\/2019\/01\/logo_ipbes.png\" \/>\n\t<meta property=\"og:image:width\" content=\"179\" \/>\n\t<meta property=\"og:image:height\" content=\"142\" \/>\n\t<meta property=\"og:image:type\" content=\"image\/png\" \/>\n<meta name=\"twitter:card\" content=\"summary_large_image\" \/>\n<meta name=\"twitter:site\" content=\"@FRBiodiv\" \/>\n<meta name=\"twitter:label1\" content=\"Est. reading time\" \/>\n\t<meta name=\"twitter:data1\" content=\"6 minutes\" \/>\n<script type=\"application\/ld+json\" class=\"yoast-schema-graph\">{\"@context\":\"https:\\\/\\\/schema.org\",\"@graph\":[{\"@type\":\"WebPage\",\"@id\":\"https:\\\/\\\/www.fondationbiodiversite.fr\\\/en\\\/the-frb-in-action\\\/negociations-internationales\\\/ipbes\\\/\",\"url\":\"https:\\\/\\\/www.fondationbiodiversite.fr\\\/en\\\/the-frb-in-action\\\/negociations-internationales\\\/ipbes\\\/\",\"name\":\"IPBES - Fondation pour la recherche sur la biodiversit\u00e9\",\"isPartOf\":{\"@id\":\"https:\\\/\\\/www.fondationbiodiversite.fr\\\/en\\\/#website\"},\"primaryImageOfPage\":{\"@id\":\"https:\\\/\\\/www.fondationbiodiversite.fr\\\/en\\\/the-frb-in-action\\\/negociations-internationales\\\/ipbes\\\/#primaryimage\"},\"image\":{\"@id\":\"https:\\\/\\\/www.fondationbiodiversite.fr\\\/en\\\/the-frb-in-action\\\/negociations-internationales\\\/ipbes\\\/#primaryimage\"},\"thumbnailUrl\":\"https:\\\/\\\/www.fondationbiodiversite.fr\\\/wp-content\\\/uploads\\\/2019\\\/01\\\/logo_ipbes.png\",\"datePublished\":\"2019-02-04T15:56:18+00:00\",\"dateModified\":\"2026-02-19T09:57:49+00:00\",\"breadcrumb\":{\"@id\":\"https:\\\/\\\/www.fondationbiodiversite.fr\\\/en\\\/the-frb-in-action\\\/negociations-internationales\\\/ipbes\\\/#breadcrumb\"},\"inLanguage\":\"en-US\",\"potentialAction\":[{\"@type\":\"ReadAction\",\"target\":[\"https:\\\/\\\/www.fondationbiodiversite.fr\\\/en\\\/the-frb-in-action\\\/negociations-internationales\\\/ipbes\\\/\"]}]},{\"@type\":\"ImageObject\",\"inLanguage\":\"en-US\",\"@id\":\"https:\\\/\\\/www.fondationbiodiversite.fr\\\/en\\\/the-frb-in-action\\\/negociations-internationales\\\/ipbes\\\/#primaryimage\",\"url\":\"https:\\\/\\\/www.fondationbiodiversite.fr\\\/wp-content\\\/uploads\\\/2019\\\/01\\\/logo_ipbes.png\",\"contentUrl\":\"https:\\\/\\\/www.fondationbiodiversite.fr\\\/wp-content\\\/uploads\\\/2019\\\/01\\\/logo_ipbes.png\",\"width\":179,\"height\":142},{\"@type\":\"BreadcrumbList\",\"@id\":\"https:\\\/\\\/www.fondationbiodiversite.fr\\\/en\\\/the-frb-in-action\\\/negociations-internationales\\\/ipbes\\\/#breadcrumb\",\"itemListElement\":[{\"@type\":\"ListItem\",\"position\":1,\"name\":\"Accueil\",\"item\":\"https:\\\/\\\/www.fondationbiodiversite.fr\\\/en\\\/\"},{\"@type\":\"ListItem\",\"position\":2,\"name\":\"The FRB in action\",\"item\":\"https:\\\/\\\/www.fondationbiodiversite.fr\\\/en\\\/the-frb-in-action\\\/\"},{\"@type\":\"ListItem\",\"position\":3,\"name\":\"N\u00e9gociations internationales\",\"item\":\"https:\\\/\\\/www.fondationbiodiversite.fr\\\/en\\\/?page_id=31286\"},{\"@type\":\"ListItem\",\"position\":4,\"name\":\"IPBES\"}]},{\"@type\":\"WebSite\",\"@id\":\"https:\\\/\\\/www.fondationbiodiversite.fr\\\/en\\\/#website\",\"url\":\"https:\\\/\\\/www.fondationbiodiversite.fr\\\/en\\\/\",\"name\":\"Fondation pour la recherche sur la biodiversit\u00e9\",\"description\":\"Une plateforme entre les diff\u00e9rents acteurs scientifiques et les acteurs de la soci\u00e9t\u00e9 sur la biodiversit\u00e9..\",\"publisher\":{\"@id\":\"https:\\\/\\\/www.fondationbiodiversite.fr\\\/en\\\/#organization\"},\"alternateName\":\"FRB\",\"potentialAction\":[{\"@type\":\"SearchAction\",\"target\":{\"@type\":\"EntryPoint\",\"urlTemplate\":\"https:\\\/\\\/www.fondationbiodiversite.fr\\\/en\\\/?s={search_term_string}\"},\"query-input\":{\"@type\":\"PropertyValueSpecification\",\"valueRequired\":true,\"valueName\":\"search_term_string\"}}],\"inLanguage\":\"en-US\"},{\"@type\":\"Organization\",\"@id\":\"https:\\\/\\\/www.fondationbiodiversite.fr\\\/en\\\/#organization\",\"name\":\"Fondation pour la recherche sur la biodiversit\u00e9\",\"url\":\"https:\\\/\\\/www.fondationbiodiversite.fr\\\/en\\\/\",\"logo\":{\"@type\":\"ImageObject\",\"inLanguage\":\"en-US\",\"@id\":\"https:\\\/\\\/www.fondationbiodiversite.fr\\\/en\\\/#\\\/schema\\\/logo\\\/image\\\/\",\"url\":\"https:\\\/\\\/www.fondationbiodiversite.fr\\\/wp-content\\\/uploads\\\/2025\\\/10\\\/logo_FRB_RVB.png\",\"contentUrl\":\"https:\\\/\\\/www.fondationbiodiversite.fr\\\/wp-content\\\/uploads\\\/2025\\\/10\\\/logo_FRB_RVB.png\",\"width\":220,\"height\":220,\"caption\":\"Fondation pour la recherche sur la biodiversit\u00e9\"},\"image\":{\"@id\":\"https:\\\/\\\/www.fondationbiodiversite.fr\\\/en\\\/#\\\/schema\\\/logo\\\/image\\\/\"},\"sameAs\":[\"https:\\\/\\\/www.facebook.com\\\/FRBiodiv#\",\"https:\\\/\\\/x.com\\\/FRBiodiv\",\"https:\\\/\\\/bsky.app\\\/profile\\\/frbiodiv.bsky.social\",\"https:\\\/\\\/www.instagram.com\\\/frbiodiv\\\/\",\"https:\\\/\\\/www.linkedin.com\\\/in\\\/fondation-pour-la-recherche-sur-la-biodiversit-223059121\\\/\",\"https:\\\/\\\/www.youtube.com\\\/@FRBiodiv\"]}]}<\/script>\n<!-- \/ Yoast SEO plugin. -->","yoast_head_json":{"title":"IPBES - Fondation pour la recherche sur la biodiversit\u00e9","robots":{"index":"index","follow":"follow","max-snippet":"max-snippet:-1","max-image-preview":"max-image-preview:large","max-video-preview":"max-video-preview:-1"},"canonical":"https:\/\/www.fondationbiodiversite.fr\/en\/the-frb-in-action\/negociations-internationales\/ipbes\/","og_locale":"en_US","og_type":"article","og_title":"IPBES - Fondation pour la recherche sur la biodiversit\u00e9","og_description":"&nbsp; The role of the FRB is to mobilize French expertise in the work of IPBES, and to encourage dialogue between science and policy by providing support to French representatives at IPBES for the preparation and participation in plenary sessions. &nbsp; Particular attention is also paid to relaying the ongoing work and results of the [&hellip;]","og_url":"https:\/\/www.fondationbiodiversite.fr\/en\/the-frb-in-action\/negociations-internationales\/ipbes\/","og_site_name":"Fondation pour la recherche sur la biodiversit\u00e9","article_publisher":"https:\/\/www.facebook.com\/FRBiodiv#","article_modified_time":"2026-02-19T09:57:49+00:00","og_image":[{"width":179,"height":142,"url":"https:\/\/www.fondationbiodiversite.fr\/wp-content\/uploads\/2019\/01\/logo_ipbes.png","type":"image\/png"}],"twitter_card":"summary_large_image","twitter_site":"@FRBiodiv","twitter_misc":{"Est. reading time":"6 minutes"},"schema":{"@context":"https:\/\/schema.org","@graph":[{"@type":"WebPage","@id":"https:\/\/www.fondationbiodiversite.fr\/en\/the-frb-in-action\/negociations-internationales\/ipbes\/","url":"https:\/\/www.fondationbiodiversite.fr\/en\/the-frb-in-action\/negociations-internationales\/ipbes\/","name":"IPBES - Fondation pour la recherche sur la biodiversit\u00e9","isPartOf":{"@id":"https:\/\/www.fondationbiodiversite.fr\/en\/#website"},"primaryImageOfPage":{"@id":"https:\/\/www.fondationbiodiversite.fr\/en\/the-frb-in-action\/negociations-internationales\/ipbes\/#primaryimage"},"image":{"@id":"https:\/\/www.fondationbiodiversite.fr\/en\/the-frb-in-action\/negociations-internationales\/ipbes\/#primaryimage"},"thumbnailUrl":"https:\/\/www.fondationbiodiversite.fr\/wp-content\/uploads\/2019\/01\/logo_ipbes.png","datePublished":"2019-02-04T15:56:18+00:00","dateModified":"2026-02-19T09:57:49+00:00","breadcrumb":{"@id":"https:\/\/www.fondationbiodiversite.fr\/en\/the-frb-in-action\/negociations-internationales\/ipbes\/#breadcrumb"},"inLanguage":"en-US","potentialAction":[{"@type":"ReadAction","target":["https:\/\/www.fondationbiodiversite.fr\/en\/the-frb-in-action\/negociations-internationales\/ipbes\/"]}]},{"@type":"ImageObject","inLanguage":"en-US","@id":"https:\/\/www.fondationbiodiversite.fr\/en\/the-frb-in-action\/negociations-internationales\/ipbes\/#primaryimage","url":"https:\/\/www.fondationbiodiversite.fr\/wp-content\/uploads\/2019\/01\/logo_ipbes.png","contentUrl":"https:\/\/www.fondationbiodiversite.fr\/wp-content\/uploads\/2019\/01\/logo_ipbes.png","width":179,"height":142},{"@type":"BreadcrumbList","@id":"https:\/\/www.fondationbiodiversite.fr\/en\/the-frb-in-action\/negociations-internationales\/ipbes\/#breadcrumb","itemListElement":[{"@type":"ListItem","position":1,"name":"Accueil","item":"https:\/\/www.fondationbiodiversite.fr\/en\/"},{"@type":"ListItem","position":2,"name":"The FRB in action","item":"https:\/\/www.fondationbiodiversite.fr\/en\/the-frb-in-action\/"},{"@type":"ListItem","position":3,"name":"N\u00e9gociations internationales","item":"https:\/\/www.fondationbiodiversite.fr\/en\/?page_id=31286"},{"@type":"ListItem","position":4,"name":"IPBES"}]},{"@type":"WebSite","@id":"https:\/\/www.fondationbiodiversite.fr\/en\/#website","url":"https:\/\/www.fondationbiodiversite.fr\/en\/","name":"Fondation pour la recherche sur la biodiversit\u00e9","description":"Une plateforme entre les diff\u00e9rents acteurs scientifiques et les acteurs de la soci\u00e9t\u00e9 sur la biodiversit\u00e9..","publisher":{"@id":"https:\/\/www.fondationbiodiversite.fr\/en\/#organization"},"alternateName":"FRB","potentialAction":[{"@type":"SearchAction","target":{"@type":"EntryPoint","urlTemplate":"https:\/\/www.fondationbiodiversite.fr\/en\/?s={search_term_string}"},"query-input":{"@type":"PropertyValueSpecification","valueRequired":true,"valueName":"search_term_string"}}],"inLanguage":"en-US"},{"@type":"Organization","@id":"https:\/\/www.fondationbiodiversite.fr\/en\/#organization","name":"Fondation pour la recherche sur la biodiversit\u00e9","url":"https:\/\/www.fondationbiodiversite.fr\/en\/","logo":{"@type":"ImageObject","inLanguage":"en-US","@id":"https:\/\/www.fondationbiodiversite.fr\/en\/#\/schema\/logo\/image\/","url":"https:\/\/www.fondationbiodiversite.fr\/wp-content\/uploads\/2025\/10\/logo_FRB_RVB.png","contentUrl":"https:\/\/www.fondationbiodiversite.fr\/wp-content\/uploads\/2025\/10\/logo_FRB_RVB.png","width":220,"height":220,"caption":"Fondation pour la recherche sur la biodiversit\u00e9"},"image":{"@id":"https:\/\/www.fondationbiodiversite.fr\/en\/#\/schema\/logo\/image\/"},"sameAs":["https:\/\/www.facebook.com\/FRBiodiv#","https:\/\/x.com\/FRBiodiv","https:\/\/bsky.app\/profile\/frbiodiv.bsky.social","https:\/\/www.instagram.com\/frbiodiv\/","https:\/\/www.linkedin.com\/in\/fondation-pour-la-recherche-sur-la-biodiversit-223059121\/","https:\/\/www.youtube.com\/@FRBiodiv"]}]}},"_links":{"self":[{"href":"https:\/\/www.fondationbiodiversite.fr\/en\/wp-json\/wp\/v2\/pages\/2283","targetHints":{"allow":["GET"]}}],"collection":[{"href":"https:\/\/www.fondationbiodiversite.fr\/en\/wp-json\/wp\/v2\/pages"}],"about":[{"href":"https:\/\/www.fondationbiodiversite.fr\/en\/wp-json\/wp\/v2\/types\/page"}],"author":[{"embeddable":true,"href":"https:\/\/www.fondationbiodiversite.fr\/en\/wp-json\/wp\/v2\/users\/1"}],"replies":[{"embeddable":true,"href":"https:\/\/www.fondationbiodiversite.fr\/en\/wp-json\/wp\/v2\/comments?post=2283"}],"version-history":[{"count":6,"href":"https:\/\/www.fondationbiodiversite.fr\/en\/wp-json\/wp\/v2\/pages\/2283\/revisions"}],"predecessor-version":[{"id":35799,"href":"https:\/\/www.fondationbiodiversite.fr\/en\/wp-json\/wp\/v2\/pages\/2283\/revisions\/35799"}],"up":[{"embeddable":true,"href":"https:\/\/www.fondationbiodiversite.fr\/en\/wp-json\/wp\/v2\/pages\/31286"}],"wp:featuredmedia":[{"embeddable":true,"href":"https:\/\/www.fondationbiodiversite.fr\/en\/wp-json\/wp\/v2\/media\/476"}],"wp:attachment":[{"href":"https:\/\/www.fondationbiodiversite.fr\/en\/wp-json\/wp\/v2\/media?parent=2283"}],"curies":[{"name":"wp","href":"https:\/\/api.w.org\/{rel}","templated":true}]}}