
{"id":2282,"date":"2019-02-04T17:46:27","date_gmt":"2019-02-04T16:46:27","guid":{"rendered":"http:\/\/www.fondationbiodiversite.fr\/la-frb-en-action\/nos-implications\/convention-diversite-biologique\/"},"modified":"2026-02-19T11:07:07","modified_gmt":"2026-02-19T10:07:07","slug":"convention-on-biological-diversity","status":"publish","type":"page","link":"https:\/\/www.fondationbiodiversite.fr\/en\/the-frb-in-action\/negociations-internationales\/convention-on-biological-diversity\/","title":{"rendered":"Convention on Biological Diversity (CBD)"},"content":{"rendered":"<p>The three main goals of the <strong>CBD<\/strong> are:<\/p>\n<ul>\n<li>the conservation of biodiversity;<\/li>\n<li>the sustainable use of its elements;<\/li>\n<li>fair and equitable sharing of benefits from the exploitation of genetic resources.<\/li>\n<\/ul>\n<p>&nbsp;<\/p>\n<p>The Convention on Biological Diversity has an international body to provide scientific advice: the Subsidiary Body on Scientific, Technical and Technological Advice (SBSTTA). It uses national \u201cfocal points\u201d to solicit experts. In France, this focal point role is carried out jointly by the FRB and the MNHN (National Museum of Natural History). These two institutions are part of the CBD French delegation, led by the Ministry in charge of the environment and the one in charge of foreign affairs.<\/p>\n<p>&nbsp;<\/p>\n","protected":false},"excerpt":{"rendered":"<p>The three main goals of the CBD are: the conservation of biodiversity; the sustainable use of its elements; fair and equitable sharing of benefits from the exploitation of genetic resources. &nbsp; The Convention on Biological Diversity has an international body to provide scientific advice: the Subsidiary Body on Scientific, Technical and Technological Advice (SBSTTA). It [&hellip;]<\/p>\n","protected":false},"author":1,"featured_media":6997,"parent":31286,"menu_order":1,"comment_status":"closed","ping_status":"closed","template":"temp_prog.php","meta":{"_acf_changed":false,"inline_featured_image":false,"footnotes":""},"class_list":["post-2282","page","type-page","status-publish","has-post-thumbnail","hentry"],"acf":[],"yoast_head":"<!-- This site is optimized with the Yoast SEO plugin v27.3 - https:\/\/yoast.com\/product\/yoast-seo-wordpress\/ -->\n<title>Convention on Biological Diversity (CBD) - Fondation pour la recherche sur la biodiversit\u00e9<\/title>\n<meta name=\"description\" content=\"La Convention sur la diversit\u00e9 biologique (CDB) est un trait\u00e9 international adopt\u00e9 lors du sommet de la Terre, \u00e0 Rio de Janeiro, en 1992. Son objectif est de d\u00e9velopper des strat\u00e9gies nationales pour la conservation et l&#039;utilisation durable de la diversit\u00e9 biologique.\" \/>\n<meta name=\"robots\" content=\"index, follow, max-snippet:-1, max-image-preview:large, max-video-preview:-1\" \/>\n<link rel=\"canonical\" href=\"https:\/\/www.fondationbiodiversite.fr\/en\/the-frb-in-action\/negociations-internationales\/convention-on-biological-diversity\/\" \/>\n<meta property=\"og:locale\" content=\"en_US\" \/>\n<meta property=\"og:type\" content=\"article\" \/>\n<meta property=\"og:title\" content=\"Convention on Biological Diversity (CBD) - Fondation pour la recherche sur la biodiversit\u00e9\" \/>\n<meta property=\"og:description\" content=\"La Convention sur la diversit\u00e9 biologique (CDB) est un trait\u00e9 international adopt\u00e9 lors du sommet de la Terre, \u00e0 Rio de Janeiro, en 1992. Son objectif est de d\u00e9velopper des strat\u00e9gies nationales pour la conservation et l&#039;utilisation durable de la diversit\u00e9 biologique.\" \/>\n<meta property=\"og:url\" content=\"https:\/\/www.fondationbiodiversite.fr\/en\/the-frb-in-action\/negociations-internationales\/convention-on-biological-diversity\/\" \/>\n<meta property=\"og:site_name\" content=\"Fondation pour la recherche sur la biodiversit\u00e9\" \/>\n<meta property=\"article:publisher\" content=\"https:\/\/www.facebook.com\/FRBiodiv#\" \/>\n<meta property=\"article:modified_time\" content=\"2026-02-19T10:07:07+00:00\" \/>\n<meta property=\"og:image\" content=\"https:\/\/www.fondationbiodiversite.fr\/wp-content\/uploads\/2019\/08\/CBD-Logo-e1565791783879.png\" \/>\n\t<meta property=\"og:image:width\" content=\"237\" \/>\n\t<meta property=\"og:image:height\" content=\"87\" \/>\n\t<meta property=\"og:image:type\" content=\"image\/png\" \/>\n<meta name=\"twitter:card\" content=\"summary_large_image\" \/>\n<meta name=\"twitter:site\" content=\"@FRBiodiv\" \/>\n<meta name=\"twitter:label1\" content=\"Est. reading time\" \/>\n\t<meta name=\"twitter:data1\" content=\"2 minutes\" \/>\n<script type=\"application\/ld+json\" class=\"yoast-schema-graph\">{\"@context\":\"https:\\\/\\\/schema.org\",\"@graph\":[{\"@type\":\"WebPage\",\"@id\":\"https:\\\/\\\/www.fondationbiodiversite.fr\\\/en\\\/the-frb-in-action\\\/negociations-internationales\\\/convention-on-biological-diversity\\\/\",\"url\":\"https:\\\/\\\/www.fondationbiodiversite.fr\\\/en\\\/the-frb-in-action\\\/negociations-internationales\\\/convention-on-biological-diversity\\\/\",\"name\":\"Convention on Biological Diversity (CBD) - Fondation pour la recherche sur la biodiversit\u00e9\",\"isPartOf\":{\"@id\":\"https:\\\/\\\/www.fondationbiodiversite.fr\\\/en\\\/#website\"},\"primaryImageOfPage\":{\"@id\":\"https:\\\/\\\/www.fondationbiodiversite.fr\\\/en\\\/the-frb-in-action\\\/negociations-internationales\\\/convention-on-biological-diversity\\\/#primaryimage\"},\"image\":{\"@id\":\"https:\\\/\\\/www.fondationbiodiversite.fr\\\/en\\\/the-frb-in-action\\\/negociations-internationales\\\/convention-on-biological-diversity\\\/#primaryimage\"},\"thumbnailUrl\":\"https:\\\/\\\/www.fondationbiodiversite.fr\\\/wp-content\\\/uploads\\\/2019\\\/08\\\/CBD-Logo-e1565791783879.png\",\"datePublished\":\"2019-02-04T16:46:27+00:00\",\"dateModified\":\"2026-02-19T10:07:07+00:00\",\"description\":\"La Convention sur la diversit\u00e9 biologique (CDB) est un trait\u00e9 international adopt\u00e9 lors du sommet de la Terre, \u00e0 Rio de Janeiro, en 1992. Son objectif est de d\u00e9velopper des strat\u00e9gies nationales pour la conservation et l'utilisation durable de la diversit\u00e9 biologique.\",\"breadcrumb\":{\"@id\":\"https:\\\/\\\/www.fondationbiodiversite.fr\\\/en\\\/the-frb-in-action\\\/negociations-internationales\\\/convention-on-biological-diversity\\\/#breadcrumb\"},\"inLanguage\":\"en-US\",\"potentialAction\":[{\"@type\":\"ReadAction\",\"target\":[\"https:\\\/\\\/www.fondationbiodiversite.fr\\\/en\\\/the-frb-in-action\\\/negociations-internationales\\\/convention-on-biological-diversity\\\/\"]}]},{\"@type\":\"ImageObject\",\"inLanguage\":\"en-US\",\"@id\":\"https:\\\/\\\/www.fondationbiodiversite.fr\\\/en\\\/the-frb-in-action\\\/negociations-internationales\\\/convention-on-biological-diversity\\\/#primaryimage\",\"url\":\"https:\\\/\\\/www.fondationbiodiversite.fr\\\/wp-content\\\/uploads\\\/2019\\\/08\\\/CBD-Logo-e1565791783879.png\",\"contentUrl\":\"https:\\\/\\\/www.fondationbiodiversite.fr\\\/wp-content\\\/uploads\\\/2019\\\/08\\\/CBD-Logo-e1565791783879.png\",\"width\":237,\"height\":87,\"caption\":\"CBD-Logo\"},{\"@type\":\"BreadcrumbList\",\"@id\":\"https:\\\/\\\/www.fondationbiodiversite.fr\\\/en\\\/the-frb-in-action\\\/negociations-internationales\\\/convention-on-biological-diversity\\\/#breadcrumb\",\"itemListElement\":[{\"@type\":\"ListItem\",\"position\":1,\"name\":\"Accueil\",\"item\":\"https:\\\/\\\/www.fondationbiodiversite.fr\\\/en\\\/\"},{\"@type\":\"ListItem\",\"position\":2,\"name\":\"The FRB in action\",\"item\":\"https:\\\/\\\/www.fondationbiodiversite.fr\\\/en\\\/the-frb-in-action\\\/\"},{\"@type\":\"ListItem\",\"position\":3,\"name\":\"N\u00e9gociations internationales\",\"item\":\"https:\\\/\\\/www.fondationbiodiversite.fr\\\/en\\\/?page_id=31286\"},{\"@type\":\"ListItem\",\"position\":4,\"name\":\"Convention on Biological Diversity (CBD)\"}]},{\"@type\":\"WebSite\",\"@id\":\"https:\\\/\\\/www.fondationbiodiversite.fr\\\/en\\\/#website\",\"url\":\"https:\\\/\\\/www.fondationbiodiversite.fr\\\/en\\\/\",\"name\":\"Fondation pour la recherche sur la biodiversit\u00e9\",\"description\":\"Une plateforme entre les diff\u00e9rents acteurs scientifiques et les acteurs de la soci\u00e9t\u00e9 sur la biodiversit\u00e9..\",\"publisher\":{\"@id\":\"https:\\\/\\\/www.fondationbiodiversite.fr\\\/en\\\/#organization\"},\"alternateName\":\"FRB\",\"potentialAction\":[{\"@type\":\"SearchAction\",\"target\":{\"@type\":\"EntryPoint\",\"urlTemplate\":\"https:\\\/\\\/www.fondationbiodiversite.fr\\\/en\\\/?s={search_term_string}\"},\"query-input\":{\"@type\":\"PropertyValueSpecification\",\"valueRequired\":true,\"valueName\":\"search_term_string\"}}],\"inLanguage\":\"en-US\"},{\"@type\":\"Organization\",\"@id\":\"https:\\\/\\\/www.fondationbiodiversite.fr\\\/en\\\/#organization\",\"name\":\"Fondation pour la recherche sur la biodiversit\u00e9\",\"url\":\"https:\\\/\\\/www.fondationbiodiversite.fr\\\/en\\\/\",\"logo\":{\"@type\":\"ImageObject\",\"inLanguage\":\"en-US\",\"@id\":\"https:\\\/\\\/www.fondationbiodiversite.fr\\\/en\\\/#\\\/schema\\\/logo\\\/image\\\/\",\"url\":\"https:\\\/\\\/www.fondationbiodiversite.fr\\\/wp-content\\\/uploads\\\/2025\\\/10\\\/logo_FRB_RVB.png\",\"contentUrl\":\"https:\\\/\\\/www.fondationbiodiversite.fr\\\/wp-content\\\/uploads\\\/2025\\\/10\\\/logo_FRB_RVB.png\",\"width\":220,\"height\":220,\"caption\":\"Fondation pour la recherche sur la biodiversit\u00e9\"},\"image\":{\"@id\":\"https:\\\/\\\/www.fondationbiodiversite.fr\\\/en\\\/#\\\/schema\\\/logo\\\/image\\\/\"},\"sameAs\":[\"https:\\\/\\\/www.facebook.com\\\/FRBiodiv#\",\"https:\\\/\\\/x.com\\\/FRBiodiv\",\"https:\\\/\\\/bsky.app\\\/profile\\\/frbiodiv.bsky.social\",\"https:\\\/\\\/www.instagram.com\\\/frbiodiv\\\/\",\"https:\\\/\\\/www.linkedin.com\\\/in\\\/fondation-pour-la-recherche-sur-la-biodiversit-223059121\\\/\",\"https:\\\/\\\/www.youtube.com\\\/@FRBiodiv\"]}]}<\/script>\n<!-- \/ Yoast SEO plugin. -->","yoast_head_json":{"title":"Convention on Biological Diversity (CBD) - Fondation pour la recherche sur la biodiversit\u00e9","description":"La Convention sur la diversit\u00e9 biologique (CDB) est un trait\u00e9 international adopt\u00e9 lors du sommet de la Terre, \u00e0 Rio de Janeiro, en 1992. Son objectif est de d\u00e9velopper des strat\u00e9gies nationales pour la conservation et l'utilisation durable de la diversit\u00e9 biologique.","robots":{"index":"index","follow":"follow","max-snippet":"max-snippet:-1","max-image-preview":"max-image-preview:large","max-video-preview":"max-video-preview:-1"},"canonical":"https:\/\/www.fondationbiodiversite.fr\/en\/the-frb-in-action\/negociations-internationales\/convention-on-biological-diversity\/","og_locale":"en_US","og_type":"article","og_title":"Convention on Biological Diversity (CBD) - Fondation pour la recherche sur la biodiversit\u00e9","og_description":"La Convention sur la diversit\u00e9 biologique (CDB) est un trait\u00e9 international adopt\u00e9 lors du sommet de la Terre, \u00e0 Rio de Janeiro, en 1992. Son objectif est de d\u00e9velopper des strat\u00e9gies nationales pour la conservation et l'utilisation durable de la diversit\u00e9 biologique.","og_url":"https:\/\/www.fondationbiodiversite.fr\/en\/the-frb-in-action\/negociations-internationales\/convention-on-biological-diversity\/","og_site_name":"Fondation pour la recherche sur la biodiversit\u00e9","article_publisher":"https:\/\/www.facebook.com\/FRBiodiv#","article_modified_time":"2026-02-19T10:07:07+00:00","og_image":[{"width":237,"height":87,"url":"https:\/\/www.fondationbiodiversite.fr\/wp-content\/uploads\/2019\/08\/CBD-Logo-e1565791783879.png","type":"image\/png"}],"twitter_card":"summary_large_image","twitter_site":"@FRBiodiv","twitter_misc":{"Est. reading time":"2 minutes"},"schema":{"@context":"https:\/\/schema.org","@graph":[{"@type":"WebPage","@id":"https:\/\/www.fondationbiodiversite.fr\/en\/the-frb-in-action\/negociations-internationales\/convention-on-biological-diversity\/","url":"https:\/\/www.fondationbiodiversite.fr\/en\/the-frb-in-action\/negociations-internationales\/convention-on-biological-diversity\/","name":"Convention on Biological Diversity (CBD) - Fondation pour la recherche sur la biodiversit\u00e9","isPartOf":{"@id":"https:\/\/www.fondationbiodiversite.fr\/en\/#website"},"primaryImageOfPage":{"@id":"https:\/\/www.fondationbiodiversite.fr\/en\/the-frb-in-action\/negociations-internationales\/convention-on-biological-diversity\/#primaryimage"},"image":{"@id":"https:\/\/www.fondationbiodiversite.fr\/en\/the-frb-in-action\/negociations-internationales\/convention-on-biological-diversity\/#primaryimage"},"thumbnailUrl":"https:\/\/www.fondationbiodiversite.fr\/wp-content\/uploads\/2019\/08\/CBD-Logo-e1565791783879.png","datePublished":"2019-02-04T16:46:27+00:00","dateModified":"2026-02-19T10:07:07+00:00","description":"La Convention sur la diversit\u00e9 biologique (CDB) est un trait\u00e9 international adopt\u00e9 lors du sommet de la Terre, \u00e0 Rio de Janeiro, en 1992. Son objectif est de d\u00e9velopper des strat\u00e9gies nationales pour la conservation et l'utilisation durable de la diversit\u00e9 biologique.","breadcrumb":{"@id":"https:\/\/www.fondationbiodiversite.fr\/en\/the-frb-in-action\/negociations-internationales\/convention-on-biological-diversity\/#breadcrumb"},"inLanguage":"en-US","potentialAction":[{"@type":"ReadAction","target":["https:\/\/www.fondationbiodiversite.fr\/en\/the-frb-in-action\/negociations-internationales\/convention-on-biological-diversity\/"]}]},{"@type":"ImageObject","inLanguage":"en-US","@id":"https:\/\/www.fondationbiodiversite.fr\/en\/the-frb-in-action\/negociations-internationales\/convention-on-biological-diversity\/#primaryimage","url":"https:\/\/www.fondationbiodiversite.fr\/wp-content\/uploads\/2019\/08\/CBD-Logo-e1565791783879.png","contentUrl":"https:\/\/www.fondationbiodiversite.fr\/wp-content\/uploads\/2019\/08\/CBD-Logo-e1565791783879.png","width":237,"height":87,"caption":"CBD-Logo"},{"@type":"BreadcrumbList","@id":"https:\/\/www.fondationbiodiversite.fr\/en\/the-frb-in-action\/negociations-internationales\/convention-on-biological-diversity\/#breadcrumb","itemListElement":[{"@type":"ListItem","position":1,"name":"Accueil","item":"https:\/\/www.fondationbiodiversite.fr\/en\/"},{"@type":"ListItem","position":2,"name":"The FRB in action","item":"https:\/\/www.fondationbiodiversite.fr\/en\/the-frb-in-action\/"},{"@type":"ListItem","position":3,"name":"N\u00e9gociations internationales","item":"https:\/\/www.fondationbiodiversite.fr\/en\/?page_id=31286"},{"@type":"ListItem","position":4,"name":"Convention on Biological Diversity (CBD)"}]},{"@type":"WebSite","@id":"https:\/\/www.fondationbiodiversite.fr\/en\/#website","url":"https:\/\/www.fondationbiodiversite.fr\/en\/","name":"Fondation pour la recherche sur la biodiversit\u00e9","description":"Une plateforme entre les diff\u00e9rents acteurs scientifiques et les acteurs de la soci\u00e9t\u00e9 sur la biodiversit\u00e9..","publisher":{"@id":"https:\/\/www.fondationbiodiversite.fr\/en\/#organization"},"alternateName":"FRB","potentialAction":[{"@type":"SearchAction","target":{"@type":"EntryPoint","urlTemplate":"https:\/\/www.fondationbiodiversite.fr\/en\/?s={search_term_string}"},"query-input":{"@type":"PropertyValueSpecification","valueRequired":true,"valueName":"search_term_string"}}],"inLanguage":"en-US"},{"@type":"Organization","@id":"https:\/\/www.fondationbiodiversite.fr\/en\/#organization","name":"Fondation pour la recherche sur la biodiversit\u00e9","url":"https:\/\/www.fondationbiodiversite.fr\/en\/","logo":{"@type":"ImageObject","inLanguage":"en-US","@id":"https:\/\/www.fondationbiodiversite.fr\/en\/#\/schema\/logo\/image\/","url":"https:\/\/www.fondationbiodiversite.fr\/wp-content\/uploads\/2025\/10\/logo_FRB_RVB.png","contentUrl":"https:\/\/www.fondationbiodiversite.fr\/wp-content\/uploads\/2025\/10\/logo_FRB_RVB.png","width":220,"height":220,"caption":"Fondation pour la recherche sur la biodiversit\u00e9"},"image":{"@id":"https:\/\/www.fondationbiodiversite.fr\/en\/#\/schema\/logo\/image\/"},"sameAs":["https:\/\/www.facebook.com\/FRBiodiv#","https:\/\/x.com\/FRBiodiv","https:\/\/bsky.app\/profile\/frbiodiv.bsky.social","https:\/\/www.instagram.com\/frbiodiv\/","https:\/\/www.linkedin.com\/in\/fondation-pour-la-recherche-sur-la-biodiversit-223059121\/","https:\/\/www.youtube.com\/@FRBiodiv"]}]}},"_links":{"self":[{"href":"https:\/\/www.fondationbiodiversite.fr\/en\/wp-json\/wp\/v2\/pages\/2282","targetHints":{"allow":["GET"]}}],"collection":[{"href":"https:\/\/www.fondationbiodiversite.fr\/en\/wp-json\/wp\/v2\/pages"}],"about":[{"href":"https:\/\/www.fondationbiodiversite.fr\/en\/wp-json\/wp\/v2\/types\/page"}],"author":[{"embeddable":true,"href":"https:\/\/www.fondationbiodiversite.fr\/en\/wp-json\/wp\/v2\/users\/1"}],"replies":[{"embeddable":true,"href":"https:\/\/www.fondationbiodiversite.fr\/en\/wp-json\/wp\/v2\/comments?post=2282"}],"version-history":[{"count":1,"href":"https:\/\/www.fondationbiodiversite.fr\/en\/wp-json\/wp\/v2\/pages\/2282\/revisions"}],"predecessor-version":[{"id":35805,"href":"https:\/\/www.fondationbiodiversite.fr\/en\/wp-json\/wp\/v2\/pages\/2282\/revisions\/35805"}],"up":[{"embeddable":true,"href":"https:\/\/www.fondationbiodiversite.fr\/en\/wp-json\/wp\/v2\/pages\/31286"}],"wp:featuredmedia":[{"embeddable":true,"href":"https:\/\/www.fondationbiodiversite.fr\/en\/wp-json\/wp\/v2\/media\/6997"}],"wp:attachment":[{"href":"https:\/\/www.fondationbiodiversite.fr\/en\/wp-json\/wp\/v2\/media?parent=2282"}],"curies":[{"name":"wp","href":"https:\/\/api.w.org\/{rel}","templated":true}]}}