
{"id":2281,"date":"2019-02-04T17:47:43","date_gmt":"2019-02-04T16:47:43","guid":{"rendered":"http:\/\/www.fondationbiodiversite.fr\/la-frb-en-action\/nos-implications\/biodiversa\/"},"modified":"2026-02-19T11:58:22","modified_gmt":"2026-02-19T10:58:22","slug":"biodiversa","status":"publish","type":"page","link":"https:\/\/www.fondationbiodiversite.fr\/en\/the-frb-in-action\/our-involvement\/biodiversa\/","title":{"rendered":"Biodiversa+"},"content":{"rendered":"<p>It supports\u202f <strong>international research<\/strong> \u202fwith a\u202f <strong>direct impact<\/strong> \u202fon public policy and society, with the goal of \u202f<strong>restoring biodiversity by 2030<\/strong> \u202fand \u202fliving in harmony with nature by 2050.<\/p>\n<p>The partnership brings together more than <strong>80 organizations in 40 countries<\/strong> \u202f(funding agencies, ministries, research institutes and environmental bodies) and creates a framework for cooperation linking science, <strong>policy and practice<\/strong> \u202fto support the transition to a sustainable and resilient Europe.<\/p>\n<p>&nbsp;<\/p>\n<p>Biodiversa+ focuses on five strategic objectives that constitute the key levers for strengthening the impact of the partnership:<\/p>\n<ul>\n<li><strong>Generating actionable knowledge<\/strong> to combat the direct and indirect drivers of biodiversity loss and ecosystem degradation<\/li>\n<li><strong>Improving the monitoring of biodiversity<\/strong> and ecosystem services across Europe<\/li>\n<li>Strengthening the factual database and <strong>facilitating the large-scale development<\/strong> and deployment of Nature-based Solutions (NbS)<\/li>\n<li>To provide <strong>scientific methodologies<\/strong> for assessing ecosystem services and natural capital<\/li>\n<li>Providing scientific support for the development of biodiversity-related <strong>policies at European, national and international levels<\/strong><\/li>\n<\/ul>\n<p>&nbsp;<\/p>\n<p><iframe loading=\"lazy\" title=\"Biodiversa+ the European Biodiversity Partnership\" width=\"640\" height=\"360\" src=\"https:\/\/www.youtube.com\/embed\/BIU82whH_PA?feature=oembed\" frameborder=\"0\" allow=\"accelerometer; autoplay; clipboard-write; encrypted-media; gyroscope; picture-in-picture; web-share\" referrerpolicy=\"strict-origin-when-cross-origin\" allowfullscreen><\/iframe><\/p>\n<p style=\"text-align: center;\">\u00a0<\/p>\n<h3><span style=\"color: #045c82;\">FRB and Biodiversa+<\/span><\/h3>\n<p>&nbsp;<\/p>\n<p>The FRB hosts most of the Biodiversa+ operational team and ensures the network&#8217;s day-to-day coordination. It plays a central role in facilitating, monitoring, and ensuring the coherence of activities carried out by partners.<\/p>\n<p>In addition, the FRB also makes its strategic expertise available to the partnership to lead or co-coordinate several key tasks of the partnership\u202f<\/p>\n<p>&nbsp;<\/p>\n<ul>\n<li><strong>Private sector integration (Work package 3)<\/strong><\/li>\n<\/ul>\n<p style=\"padding-left: 80px;\">\u2013 Implementation of actions aimed at intensifying joint research and innovation programming between public actors and businesses, in order to promote a more effective integration of biodiversity into economic models and investment decisions<\/p>\n<p style=\"padding-left: 80px;\">\u2013 Creation of success stories highlighting methods and indicators to assess the impacts and dependencies of companies on biodiversity.<\/p>\n<p>&nbsp;<\/p>\n<ul>\n<li><strong>Knowledge summaries (Work package 4)<\/strong><\/li>\n<\/ul>\n<p style=\"padding-left: 80px;\">\u2013 Coordination of the production of summaries on priority issues. This work helps to identify knowledge gaps, guide future flagship programs and provide support for public policies.<\/p>\n<p style=\"padding-left: 80px;\">\u2013 Creation of success stories showing the use of research results to inform public decisions.<\/p>\n<p>&nbsp;<\/p>\n<ul>\n<li><strong>Internationalization (Workpackage 5)<\/strong><\/li>\n<\/ul>\n<p style=\"padding-left: 80px;\">\u2013 In connection with the Intergovernmental Science-Policy Platform on Biodiversity and Ecosystem Services (IPBES), Biodiversa+:<\/p>\n<ul>\n<li style=\"list-style-type: none;\">\n<ul>\n<li>supports the production of new knowledge to fill the gaps identified in IPBES assessments<\/li>\n<li>organizes<strong> capacity building activities at European level<\/strong><\/li>\n<\/ul>\n<\/li>\n<\/ul>\n<p style=\"padding-left: 80px;\">\u2013 In connection with the Convention on Biological Diversity (CBD), Biodiversa+:<\/p>\n<ul>\n<li style=\"list-style-type: none;\">\n<ul>\n<li>trains European researchers to raise their awareness of CBD processes<br \/>\ncontributes to the promotion and enhancement of scientific knowledge produced in Europe<\/li>\n<\/ul>\n<\/li>\n<\/ul>\n<p style=\"padding-left: 80px;\">\u2013 In connection with <strong>the Intergovernmental Science-Policy Platform on Biodiversity and Ecosystem Services (IPBES)<\/strong><\/p>\n<p>&nbsp;<\/p>\n<ul>\n<li><strong>Communication and distribution (Workpackage 6)<\/strong><\/li>\n<\/ul>\n<p style=\"padding-left: 80px;\">\u2013 Steering and developing communication strategies to make the results of the partnership visible and accessible.<\/p>\n<p style=\"padding-left: 80px;\">\u2013 Organizing the dissemination of knowledge produced and promoting open science, in order to facilitate its reuse by decision-makers, the scientific community and civil society.<\/p>\n<p>&nbsp;<\/p>\n<p>Finally, the FRB co-leads, with the ANR and the Ministry of Research, the French Mirror Group of Biodiversa+. This Mirror Group&#8217;s main missions are to help define France&#8217;s scientific policy and commitment within this European partnership, and to generate interest among research organizations, universities, partner agencies and private partners, encouraging them to actively contribute to the partnership.<\/p>\n<p>&nbsp;<\/p>\n<p><img loading=\"lazy\" decoding=\"async\" class=\"aligncenter size-full wp-image-17630\" src=\"https:\/\/www.fondationbiodiversite.fr\/wp-content\/uploads\/2022\/02\/Chiffres-biodiversa-fev-2022-ENG.png\" alt=\"Chiffres-biodiversa-fev-2022-ENG\" width=\"1563\" height=\"417\" srcset=\"https:\/\/www.fondationbiodiversite.fr\/wp-content\/uploads\/2022\/02\/Chiffres-biodiversa-fev-2022-ENG.png 1563w, https:\/\/www.fondationbiodiversite.fr\/wp-content\/uploads\/2022\/02\/Chiffres-biodiversa-fev-2022-ENG-300x80.png 300w, https:\/\/www.fondationbiodiversite.fr\/wp-content\/uploads\/2022\/02\/Chiffres-biodiversa-fev-2022-ENG-1024x273.png 1024w, https:\/\/www.fondationbiodiversite.fr\/wp-content\/uploads\/2022\/02\/Chiffres-biodiversa-fev-2022-ENG-768x205.png 768w, https:\/\/www.fondationbiodiversite.fr\/wp-content\/uploads\/2022\/02\/Chiffres-biodiversa-fev-2022-ENG-1536x410.png 1536w\" sizes=\"auto, (max-width: 1563px) 100vw, 1563px\" \/><\/p>\n<p style=\"text-align: center;\"><span style=\"font-size: 10px; color: #999999;\">From 2008 to 2021: funding granted by BiodivERsA<\/span><\/p>\n<p>&nbsp;<\/p>\n<div class=\"bloc_gris\">\n<p><strong>More information about Biodiversa+<\/strong><br \/>\nVisit the <a href=\"https:\/\/translate.google.com\/website?sl=fr&amp;tl=en&amp;hl=fr&amp;client=webapp&amp;u=https:\/\/www.biodiversa.org\/\">Biodiversa+ website<\/a> , and through:<br \/>\n\u00b7 the <a href=\"https:\/\/translate.google.com\/website?sl=fr&amp;tl=en&amp;hl=fr&amp;client=webapp&amp;u=https:\/\/www.biodiversa.org\/1972\/download\">summary on Biodiversa+<\/a> (ENG);<br \/>\n\u00b7 the <a href=\"https:\/\/translate.google.com\/website?sl=fr&amp;tl=en&amp;hl=fr&amp;client=webapp&amp;u=https:\/\/www.biodiversa.org\/1913\/download\">strategic agenda for research and innovation of Biodiversa+<\/a> (ENG);<\/p>\n<p>&nbsp;<\/p>\n<p>As well as on:<br \/>\nLinkedIn , Bluesky, Mastodon, and YouTube<\/p>\n<p>\u2022 To receive live updates from the network, \u202f<a href=\"https:\/\/translate.google.com\/website?sl=fr&amp;tl=en&amp;hl=fr&amp;client=webapp&amp;u=https:\/\/biodiversity.us14.list-manage.com\/subscribe?u%3Dfbdec6faee1cff3b6ba035c7c%26id%3D9481975b89\">subscribe to the partnership newsletter\u202f<\/a> (ENG)<\/p>\n<\/div>\n","protected":false},"excerpt":{"rendered":"<p>It supports\u202f international research \u202fwith a\u202f direct impact \u202fon public policy and society, with the goal of \u202frestoring biodiversity by 2030 \u202fand \u202fliving in harmony with nature by 2050. The partnership brings together more than 80 organizations in 40 countries \u202f(funding agencies, ministries, research institutes and environmental bodies) and creates a framework for cooperation linking [&hellip;]<\/p>\n","protected":false},"author":1,"featured_media":16141,"parent":2276,"menu_order":4,"comment_status":"closed","ping_status":"closed","template":"","meta":{"_acf_changed":false,"inline_featured_image":false,"footnotes":""},"class_list":["post-2281","page","type-page","status-publish","has-post-thumbnail","hentry"],"acf":[],"yoast_head":"<!-- This site is optimized with the Yoast SEO plugin v27.3 - https:\/\/yoast.com\/product\/yoast-seo-wordpress\/ -->\n<title>Biodiversa+ - Fondation pour la recherche sur la biodiversit\u00e9<\/title>\n<meta name=\"description\" content=\"BiodivERsA est un r\u00e9seau europ\u00e9en d\u2019agences et minist\u00e8res qui programment et financent la recherche sur la biodiversit\u00e9, les services \u00e9cosyst\u00e9miques et les solutions bas\u00e9es sur la nature. Cr\u00e9\u00e9 en 2005, il regroupe aujourd&#039;hui 36 partenaires de 23 pays europ\u00e9ens.\" \/>\n<meta name=\"robots\" content=\"index, follow, max-snippet:-1, max-image-preview:large, max-video-preview:-1\" \/>\n<link rel=\"canonical\" href=\"https:\/\/www.fondationbiodiversite.fr\/en\/the-frb-in-action\/our-involvement\/biodiversa\/\" \/>\n<meta property=\"og:locale\" content=\"en_US\" \/>\n<meta property=\"og:type\" content=\"article\" \/>\n<meta property=\"og:title\" content=\"Biodiversa+ - Fondation pour la recherche sur la biodiversit\u00e9\" \/>\n<meta property=\"og:description\" content=\"BiodivERsA est un r\u00e9seau europ\u00e9en d\u2019agences et minist\u00e8res qui programment et financent la recherche sur la biodiversit\u00e9, les services \u00e9cosyst\u00e9miques et les solutions bas\u00e9es sur la nature. Cr\u00e9\u00e9 en 2005, il regroupe aujourd&#039;hui 36 partenaires de 23 pays europ\u00e9ens.\" \/>\n<meta property=\"og:url\" content=\"https:\/\/www.fondationbiodiversite.fr\/en\/the-frb-in-action\/our-involvement\/biodiversa\/\" \/>\n<meta property=\"og:site_name\" content=\"Fondation pour la recherche sur la biodiversit\u00e9\" \/>\n<meta property=\"article:publisher\" content=\"https:\/\/www.facebook.com\/FRBiodiv#\" \/>\n<meta property=\"article:modified_time\" content=\"2026-02-19T10:58:22+00:00\" \/>\n<meta property=\"og:image\" content=\"https:\/\/www.fondationbiodiversite.fr\/wp-content\/uploads\/2021\/10\/BiodiversaLogo_FINAL_RGB-scaled.jpg\" \/>\n\t<meta property=\"og:image:width\" content=\"2560\" \/>\n\t<meta property=\"og:image:height\" content=\"899\" \/>\n\t<meta property=\"og:image:type\" content=\"image\/jpeg\" \/>\n<meta name=\"twitter:card\" content=\"summary_large_image\" \/>\n<meta name=\"twitter:site\" content=\"@FRBiodiv\" \/>\n<meta name=\"twitter:label1\" content=\"Est. reading time\" \/>\n\t<meta name=\"twitter:data1\" content=\"10 minutes\" \/>\n<script type=\"application\/ld+json\" class=\"yoast-schema-graph\">{\"@context\":\"https:\\\/\\\/schema.org\",\"@graph\":[{\"@type\":\"WebPage\",\"@id\":\"https:\\\/\\\/www.fondationbiodiversite.fr\\\/en\\\/the-frb-in-action\\\/our-involvement\\\/biodiversa\\\/\",\"url\":\"https:\\\/\\\/www.fondationbiodiversite.fr\\\/en\\\/the-frb-in-action\\\/our-involvement\\\/biodiversa\\\/\",\"name\":\"Biodiversa+ - Fondation pour la recherche sur la biodiversit\u00e9\",\"isPartOf\":{\"@id\":\"https:\\\/\\\/www.fondationbiodiversite.fr\\\/en\\\/#website\"},\"primaryImageOfPage\":{\"@id\":\"https:\\\/\\\/www.fondationbiodiversite.fr\\\/en\\\/the-frb-in-action\\\/our-involvement\\\/biodiversa\\\/#primaryimage\"},\"image\":{\"@id\":\"https:\\\/\\\/www.fondationbiodiversite.fr\\\/en\\\/the-frb-in-action\\\/our-involvement\\\/biodiversa\\\/#primaryimage\"},\"thumbnailUrl\":\"https:\\\/\\\/www.fondationbiodiversite.fr\\\/wp-content\\\/uploads\\\/2021\\\/10\\\/BiodiversaLogo_FINAL_RGB-scaled.jpg\",\"datePublished\":\"2019-02-04T16:47:43+00:00\",\"dateModified\":\"2026-02-19T10:58:22+00:00\",\"description\":\"BiodivERsA est un r\u00e9seau europ\u00e9en d\u2019agences et minist\u00e8res qui programment et financent la recherche sur la biodiversit\u00e9, les services \u00e9cosyst\u00e9miques et les solutions bas\u00e9es sur la nature. Cr\u00e9\u00e9 en 2005, il regroupe aujourd'hui 36 partenaires de 23 pays europ\u00e9ens.\",\"breadcrumb\":{\"@id\":\"https:\\\/\\\/www.fondationbiodiversite.fr\\\/en\\\/the-frb-in-action\\\/our-involvement\\\/biodiversa\\\/#breadcrumb\"},\"inLanguage\":\"en-US\",\"potentialAction\":[{\"@type\":\"ReadAction\",\"target\":[\"https:\\\/\\\/www.fondationbiodiversite.fr\\\/en\\\/the-frb-in-action\\\/our-involvement\\\/biodiversa\\\/\"]}]},{\"@type\":\"ImageObject\",\"inLanguage\":\"en-US\",\"@id\":\"https:\\\/\\\/www.fondationbiodiversite.fr\\\/en\\\/the-frb-in-action\\\/our-involvement\\\/biodiversa\\\/#primaryimage\",\"url\":\"https:\\\/\\\/www.fondationbiodiversite.fr\\\/wp-content\\\/uploads\\\/2021\\\/10\\\/BiodiversaLogo_FINAL_RGB-scaled.jpg\",\"contentUrl\":\"https:\\\/\\\/www.fondationbiodiversite.fr\\\/wp-content\\\/uploads\\\/2021\\\/10\\\/BiodiversaLogo_FINAL_RGB-scaled.jpg\",\"width\":2560,\"height\":899,\"caption\":\"BiodiversaLogoConcept-v4\"},{\"@type\":\"BreadcrumbList\",\"@id\":\"https:\\\/\\\/www.fondationbiodiversite.fr\\\/en\\\/the-frb-in-action\\\/our-involvement\\\/biodiversa\\\/#breadcrumb\",\"itemListElement\":[{\"@type\":\"ListItem\",\"position\":1,\"name\":\"Accueil\",\"item\":\"https:\\\/\\\/www.fondationbiodiversite.fr\\\/en\\\/\"},{\"@type\":\"ListItem\",\"position\":2,\"name\":\"The FRB in action\",\"item\":\"https:\\\/\\\/www.fondationbiodiversite.fr\\\/en\\\/the-frb-in-action\\\/\"},{\"@type\":\"ListItem\",\"position\":3,\"name\":\"Our international involvement\",\"item\":\"https:\\\/\\\/www.fondationbiodiversite.fr\\\/en\\\/the-frb-in-action\\\/our-involvement\\\/\"},{\"@type\":\"ListItem\",\"position\":4,\"name\":\"Biodiversa+\"}]},{\"@type\":\"WebSite\",\"@id\":\"https:\\\/\\\/www.fondationbiodiversite.fr\\\/en\\\/#website\",\"url\":\"https:\\\/\\\/www.fondationbiodiversite.fr\\\/en\\\/\",\"name\":\"Fondation pour la recherche sur la biodiversit\u00e9\",\"description\":\"Une plateforme entre les diff\u00e9rents acteurs scientifiques et les acteurs de la soci\u00e9t\u00e9 sur la biodiversit\u00e9..\",\"publisher\":{\"@id\":\"https:\\\/\\\/www.fondationbiodiversite.fr\\\/en\\\/#organization\"},\"alternateName\":\"FRB\",\"potentialAction\":[{\"@type\":\"SearchAction\",\"target\":{\"@type\":\"EntryPoint\",\"urlTemplate\":\"https:\\\/\\\/www.fondationbiodiversite.fr\\\/en\\\/?s={search_term_string}\"},\"query-input\":{\"@type\":\"PropertyValueSpecification\",\"valueRequired\":true,\"valueName\":\"search_term_string\"}}],\"inLanguage\":\"en-US\"},{\"@type\":\"Organization\",\"@id\":\"https:\\\/\\\/www.fondationbiodiversite.fr\\\/en\\\/#organization\",\"name\":\"Fondation pour la recherche sur la biodiversit\u00e9\",\"url\":\"https:\\\/\\\/www.fondationbiodiversite.fr\\\/en\\\/\",\"logo\":{\"@type\":\"ImageObject\",\"inLanguage\":\"en-US\",\"@id\":\"https:\\\/\\\/www.fondationbiodiversite.fr\\\/en\\\/#\\\/schema\\\/logo\\\/image\\\/\",\"url\":\"https:\\\/\\\/www.fondationbiodiversite.fr\\\/wp-content\\\/uploads\\\/2025\\\/10\\\/logo_FRB_RVB.png\",\"contentUrl\":\"https:\\\/\\\/www.fondationbiodiversite.fr\\\/wp-content\\\/uploads\\\/2025\\\/10\\\/logo_FRB_RVB.png\",\"width\":220,\"height\":220,\"caption\":\"Fondation pour la recherche sur la biodiversit\u00e9\"},\"image\":{\"@id\":\"https:\\\/\\\/www.fondationbiodiversite.fr\\\/en\\\/#\\\/schema\\\/logo\\\/image\\\/\"},\"sameAs\":[\"https:\\\/\\\/www.facebook.com\\\/FRBiodiv#\",\"https:\\\/\\\/x.com\\\/FRBiodiv\",\"https:\\\/\\\/bsky.app\\\/profile\\\/frbiodiv.bsky.social\",\"https:\\\/\\\/www.instagram.com\\\/frbiodiv\\\/\",\"https:\\\/\\\/www.linkedin.com\\\/in\\\/fondation-pour-la-recherche-sur-la-biodiversit-223059121\\\/\",\"https:\\\/\\\/www.youtube.com\\\/@FRBiodiv\"]}]}<\/script>\n<!-- \/ Yoast SEO plugin. -->","yoast_head_json":{"title":"Biodiversa+ - Fondation pour la recherche sur la biodiversit\u00e9","description":"BiodivERsA est un r\u00e9seau europ\u00e9en d\u2019agences et minist\u00e8res qui programment et financent la recherche sur la biodiversit\u00e9, les services \u00e9cosyst\u00e9miques et les solutions bas\u00e9es sur la nature. Cr\u00e9\u00e9 en 2005, il regroupe aujourd'hui 36 partenaires de 23 pays europ\u00e9ens.","robots":{"index":"index","follow":"follow","max-snippet":"max-snippet:-1","max-image-preview":"max-image-preview:large","max-video-preview":"max-video-preview:-1"},"canonical":"https:\/\/www.fondationbiodiversite.fr\/en\/the-frb-in-action\/our-involvement\/biodiversa\/","og_locale":"en_US","og_type":"article","og_title":"Biodiversa+ - Fondation pour la recherche sur la biodiversit\u00e9","og_description":"BiodivERsA est un r\u00e9seau europ\u00e9en d\u2019agences et minist\u00e8res qui programment et financent la recherche sur la biodiversit\u00e9, les services \u00e9cosyst\u00e9miques et les solutions bas\u00e9es sur la nature. Cr\u00e9\u00e9 en 2005, il regroupe aujourd'hui 36 partenaires de 23 pays europ\u00e9ens.","og_url":"https:\/\/www.fondationbiodiversite.fr\/en\/the-frb-in-action\/our-involvement\/biodiversa\/","og_site_name":"Fondation pour la recherche sur la biodiversit\u00e9","article_publisher":"https:\/\/www.facebook.com\/FRBiodiv#","article_modified_time":"2026-02-19T10:58:22+00:00","og_image":[{"width":2560,"height":899,"url":"https:\/\/www.fondationbiodiversite.fr\/wp-content\/uploads\/2021\/10\/BiodiversaLogo_FINAL_RGB-scaled.jpg","type":"image\/jpeg"}],"twitter_card":"summary_large_image","twitter_site":"@FRBiodiv","twitter_misc":{"Est. reading time":"10 minutes"},"schema":{"@context":"https:\/\/schema.org","@graph":[{"@type":"WebPage","@id":"https:\/\/www.fondationbiodiversite.fr\/en\/the-frb-in-action\/our-involvement\/biodiversa\/","url":"https:\/\/www.fondationbiodiversite.fr\/en\/the-frb-in-action\/our-involvement\/biodiversa\/","name":"Biodiversa+ - Fondation pour la recherche sur la biodiversit\u00e9","isPartOf":{"@id":"https:\/\/www.fondationbiodiversite.fr\/en\/#website"},"primaryImageOfPage":{"@id":"https:\/\/www.fondationbiodiversite.fr\/en\/the-frb-in-action\/our-involvement\/biodiversa\/#primaryimage"},"image":{"@id":"https:\/\/www.fondationbiodiversite.fr\/en\/the-frb-in-action\/our-involvement\/biodiversa\/#primaryimage"},"thumbnailUrl":"https:\/\/www.fondationbiodiversite.fr\/wp-content\/uploads\/2021\/10\/BiodiversaLogo_FINAL_RGB-scaled.jpg","datePublished":"2019-02-04T16:47:43+00:00","dateModified":"2026-02-19T10:58:22+00:00","description":"BiodivERsA est un r\u00e9seau europ\u00e9en d\u2019agences et minist\u00e8res qui programment et financent la recherche sur la biodiversit\u00e9, les services \u00e9cosyst\u00e9miques et les solutions bas\u00e9es sur la nature. Cr\u00e9\u00e9 en 2005, il regroupe aujourd'hui 36 partenaires de 23 pays europ\u00e9ens.","breadcrumb":{"@id":"https:\/\/www.fondationbiodiversite.fr\/en\/the-frb-in-action\/our-involvement\/biodiversa\/#breadcrumb"},"inLanguage":"en-US","potentialAction":[{"@type":"ReadAction","target":["https:\/\/www.fondationbiodiversite.fr\/en\/the-frb-in-action\/our-involvement\/biodiversa\/"]}]},{"@type":"ImageObject","inLanguage":"en-US","@id":"https:\/\/www.fondationbiodiversite.fr\/en\/the-frb-in-action\/our-involvement\/biodiversa\/#primaryimage","url":"https:\/\/www.fondationbiodiversite.fr\/wp-content\/uploads\/2021\/10\/BiodiversaLogo_FINAL_RGB-scaled.jpg","contentUrl":"https:\/\/www.fondationbiodiversite.fr\/wp-content\/uploads\/2021\/10\/BiodiversaLogo_FINAL_RGB-scaled.jpg","width":2560,"height":899,"caption":"BiodiversaLogoConcept-v4"},{"@type":"BreadcrumbList","@id":"https:\/\/www.fondationbiodiversite.fr\/en\/the-frb-in-action\/our-involvement\/biodiversa\/#breadcrumb","itemListElement":[{"@type":"ListItem","position":1,"name":"Accueil","item":"https:\/\/www.fondationbiodiversite.fr\/en\/"},{"@type":"ListItem","position":2,"name":"The FRB in action","item":"https:\/\/www.fondationbiodiversite.fr\/en\/the-frb-in-action\/"},{"@type":"ListItem","position":3,"name":"Our international involvement","item":"https:\/\/www.fondationbiodiversite.fr\/en\/the-frb-in-action\/our-involvement\/"},{"@type":"ListItem","position":4,"name":"Biodiversa+"}]},{"@type":"WebSite","@id":"https:\/\/www.fondationbiodiversite.fr\/en\/#website","url":"https:\/\/www.fondationbiodiversite.fr\/en\/","name":"Fondation pour la recherche sur la biodiversit\u00e9","description":"Une plateforme entre les diff\u00e9rents acteurs scientifiques et les acteurs de la soci\u00e9t\u00e9 sur la biodiversit\u00e9..","publisher":{"@id":"https:\/\/www.fondationbiodiversite.fr\/en\/#organization"},"alternateName":"FRB","potentialAction":[{"@type":"SearchAction","target":{"@type":"EntryPoint","urlTemplate":"https:\/\/www.fondationbiodiversite.fr\/en\/?s={search_term_string}"},"query-input":{"@type":"PropertyValueSpecification","valueRequired":true,"valueName":"search_term_string"}}],"inLanguage":"en-US"},{"@type":"Organization","@id":"https:\/\/www.fondationbiodiversite.fr\/en\/#organization","name":"Fondation pour la recherche sur la biodiversit\u00e9","url":"https:\/\/www.fondationbiodiversite.fr\/en\/","logo":{"@type":"ImageObject","inLanguage":"en-US","@id":"https:\/\/www.fondationbiodiversite.fr\/en\/#\/schema\/logo\/image\/","url":"https:\/\/www.fondationbiodiversite.fr\/wp-content\/uploads\/2025\/10\/logo_FRB_RVB.png","contentUrl":"https:\/\/www.fondationbiodiversite.fr\/wp-content\/uploads\/2025\/10\/logo_FRB_RVB.png","width":220,"height":220,"caption":"Fondation pour la recherche sur la biodiversit\u00e9"},"image":{"@id":"https:\/\/www.fondationbiodiversite.fr\/en\/#\/schema\/logo\/image\/"},"sameAs":["https:\/\/www.facebook.com\/FRBiodiv#","https:\/\/x.com\/FRBiodiv","https:\/\/bsky.app\/profile\/frbiodiv.bsky.social","https:\/\/www.instagram.com\/frbiodiv\/","https:\/\/www.linkedin.com\/in\/fondation-pour-la-recherche-sur-la-biodiversit-223059121\/","https:\/\/www.youtube.com\/@FRBiodiv"]}]}},"_links":{"self":[{"href":"https:\/\/www.fondationbiodiversite.fr\/en\/wp-json\/wp\/v2\/pages\/2281","targetHints":{"allow":["GET"]}}],"collection":[{"href":"https:\/\/www.fondationbiodiversite.fr\/en\/wp-json\/wp\/v2\/pages"}],"about":[{"href":"https:\/\/www.fondationbiodiversite.fr\/en\/wp-json\/wp\/v2\/types\/page"}],"author":[{"embeddable":true,"href":"https:\/\/www.fondationbiodiversite.fr\/en\/wp-json\/wp\/v2\/users\/1"}],"replies":[{"embeddable":true,"href":"https:\/\/www.fondationbiodiversite.fr\/en\/wp-json\/wp\/v2\/comments?post=2281"}],"version-history":[{"count":5,"href":"https:\/\/www.fondationbiodiversite.fr\/en\/wp-json\/wp\/v2\/pages\/2281\/revisions"}],"predecessor-version":[{"id":35828,"href":"https:\/\/www.fondationbiodiversite.fr\/en\/wp-json\/wp\/v2\/pages\/2281\/revisions\/35828"}],"up":[{"embeddable":true,"href":"https:\/\/www.fondationbiodiversite.fr\/en\/wp-json\/wp\/v2\/pages\/2276"}],"wp:featuredmedia":[{"embeddable":true,"href":"https:\/\/www.fondationbiodiversite.fr\/en\/wp-json\/wp\/v2\/media\/16141"}],"wp:attachment":[{"href":"https:\/\/www.fondationbiodiversite.fr\/en\/wp-json\/wp\/v2\/media?parent=2281"}],"curies":[{"name":"wp","href":"https:\/\/api.w.org\/{rel}","templated":true}]}}