
{"id":2278,"date":"2019-02-04T17:49:42","date_gmt":"2019-02-04T16:49:42","guid":{"rendered":"http:\/\/www.fondationbiodiversite.fr\/la-frb-en-action\/nos-implications\/efese\/"},"modified":"2026-02-19T12:05:55","modified_gmt":"2026-02-19T11:05:55","slug":"efese","status":"publish","type":"page","link":"https:\/\/www.fondationbiodiversite.fr\/en\/efese\/","title":{"rendered":"Efese"},"content":{"rendered":"<p>The FRB provides the secretariat for the Scientific and Technical Council of the Efese program with the support of the Ministry responsible for the environment, and more specifically the General Commission for Sustainable Development and the Directorate of Water and Biodiversity.<\/p>\n<p>&nbsp;<\/p>\n<p>The mission of this council is to provide advice on documents, working methods, and to promote the mobilization of expertise on the various aspects of the implementation of the Efese project.<\/p>\n","protected":false},"excerpt":{"rendered":"<p>The FRB provides the secretariat for the Scientific and Technical Council of the Efese program with the support of the Ministry responsible for the environment, and more specifically the General Commission for Sustainable Development and the Directorate of Water and Biodiversity. &nbsp; The mission of this council is to provide advice on documents, working methods, [&hellip;]<\/p>\n","protected":false},"author":1,"featured_media":17305,"parent":0,"menu_order":1,"comment_status":"closed","ping_status":"closed","template":"","meta":{"_acf_changed":false,"inline_featured_image":false,"footnotes":""},"class_list":["post-2278","page","type-page","status-publish","has-post-thumbnail","hentry"],"acf":[],"yoast_head":"<!-- This site is optimized with the Yoast SEO plugin v27.3 - https:\/\/yoast.com\/product\/yoast-seo-wordpress\/ -->\n<title>EFESE - \u00c9valuation fran\u00e7aise des \u00e9cosyst\u00e8mes et des services \u00e9cosyst\u00e9miques - Fondation pour la recherche sur la biodiversit\u00e9<\/title>\n<meta name=\"description\" content=\"Destin\u00e9e \u00e0 mieux conna\u00eetre et faire conna\u00eetre l\u2019\u00e9tat de la biodiversit\u00e9 fran\u00e7aise et ses multiples valeurs, l\u2019\u00c9valuation fran\u00e7aise des \u00e9cosyst\u00e8mes et des services \u00e9cosyst\u00e9miques, dite &quot;Efese&quot;, est un programme regroupant un ensemble d\u2019\u00e9valuations destin\u00e9es \u00e0 renforcer la prise en compte de la biodiversit\u00e9 et des enjeux associ\u00e9s dans les d\u00e9cisions publiques et priv\u00e9es.\" \/>\n<meta name=\"robots\" content=\"index, follow, max-snippet:-1, max-image-preview:large, max-video-preview:-1\" \/>\n<link rel=\"canonical\" href=\"https:\/\/www.fondationbiodiversite.fr\/en\/efese\/\" \/>\n<meta property=\"og:locale\" content=\"en_US\" \/>\n<meta property=\"og:type\" content=\"article\" \/>\n<meta property=\"og:title\" content=\"EFESE - \u00c9valuation fran\u00e7aise des \u00e9cosyst\u00e8mes et des services \u00e9cosyst\u00e9miques - Fondation pour la recherche sur la biodiversit\u00e9\" \/>\n<meta property=\"og:description\" content=\"Destin\u00e9e \u00e0 mieux conna\u00eetre et faire conna\u00eetre l\u2019\u00e9tat de la biodiversit\u00e9 fran\u00e7aise et ses multiples valeurs, l\u2019\u00c9valuation fran\u00e7aise des \u00e9cosyst\u00e8mes et des services \u00e9cosyst\u00e9miques, dite &quot;Efese&quot;, est un programme regroupant un ensemble d\u2019\u00e9valuations destin\u00e9es \u00e0 renforcer la prise en compte de la biodiversit\u00e9 et des enjeux associ\u00e9s dans les d\u00e9cisions publiques et priv\u00e9es.\" \/>\n<meta property=\"og:url\" content=\"https:\/\/www.fondationbiodiversite.fr\/en\/efese\/\" \/>\n<meta property=\"og:site_name\" content=\"Fondation pour la recherche sur la biodiversit\u00e9\" \/>\n<meta property=\"article:publisher\" content=\"https:\/\/www.facebook.com\/FRBiodiv#\" \/>\n<meta property=\"article:modified_time\" content=\"2026-02-19T11:05:55+00:00\" \/>\n<meta property=\"og:image\" content=\"https:\/\/www.fondationbiodiversite.fr\/wp-content\/uploads\/2022\/01\/16170-1_Efese-2020-Logo-site2.png\" \/>\n\t<meta property=\"og:image:width\" content=\"400\" \/>\n\t<meta property=\"og:image:height\" content=\"200\" \/>\n\t<meta property=\"og:image:type\" content=\"image\/png\" \/>\n<meta name=\"twitter:card\" content=\"summary_large_image\" \/>\n<meta name=\"twitter:site\" content=\"@FRBiodiv\" \/>\n<meta name=\"twitter:label1\" content=\"Est. reading time\" \/>\n\t<meta name=\"twitter:data1\" content=\"2 minutes\" \/>\n<script type=\"application\/ld+json\" class=\"yoast-schema-graph\">{\"@context\":\"https:\\\/\\\/schema.org\",\"@graph\":[{\"@type\":\"WebPage\",\"@id\":\"https:\\\/\\\/www.fondationbiodiversite.fr\\\/en\\\/efese\\\/\",\"url\":\"https:\\\/\\\/www.fondationbiodiversite.fr\\\/en\\\/efese\\\/\",\"name\":\"EFESE - \u00c9valuation fran\u00e7aise des \u00e9cosyst\u00e8mes et des services \u00e9cosyst\u00e9miques - Fondation pour la recherche sur la biodiversit\u00e9\",\"isPartOf\":{\"@id\":\"https:\\\/\\\/www.fondationbiodiversite.fr\\\/en\\\/#website\"},\"primaryImageOfPage\":{\"@id\":\"https:\\\/\\\/www.fondationbiodiversite.fr\\\/en\\\/efese\\\/#primaryimage\"},\"image\":{\"@id\":\"https:\\\/\\\/www.fondationbiodiversite.fr\\\/en\\\/efese\\\/#primaryimage\"},\"thumbnailUrl\":\"https:\\\/\\\/www.fondationbiodiversite.fr\\\/wp-content\\\/uploads\\\/2022\\\/01\\\/16170-1_Efese-2020-Logo-site2.png\",\"datePublished\":\"2019-02-04T16:49:42+00:00\",\"dateModified\":\"2026-02-19T11:05:55+00:00\",\"description\":\"Destin\u00e9e \u00e0 mieux conna\u00eetre et faire conna\u00eetre l\u2019\u00e9tat de la biodiversit\u00e9 fran\u00e7aise et ses multiples valeurs, l\u2019\u00c9valuation fran\u00e7aise des \u00e9cosyst\u00e8mes et des services \u00e9cosyst\u00e9miques, dite \\\"Efese\\\", est un programme regroupant un ensemble d\u2019\u00e9valuations destin\u00e9es \u00e0 renforcer la prise en compte de la biodiversit\u00e9 et des enjeux associ\u00e9s dans les d\u00e9cisions publiques et priv\u00e9es.\",\"breadcrumb\":{\"@id\":\"https:\\\/\\\/www.fondationbiodiversite.fr\\\/en\\\/efese\\\/#breadcrumb\"},\"inLanguage\":\"en-US\",\"potentialAction\":[{\"@type\":\"ReadAction\",\"target\":[\"https:\\\/\\\/www.fondationbiodiversite.fr\\\/en\\\/efese\\\/\"]}]},{\"@type\":\"ImageObject\",\"inLanguage\":\"en-US\",\"@id\":\"https:\\\/\\\/www.fondationbiodiversite.fr\\\/en\\\/efese\\\/#primaryimage\",\"url\":\"https:\\\/\\\/www.fondationbiodiversite.fr\\\/wp-content\\\/uploads\\\/2022\\\/01\\\/16170-1_Efese-2020-Logo-site2.png\",\"contentUrl\":\"https:\\\/\\\/www.fondationbiodiversite.fr\\\/wp-content\\\/uploads\\\/2022\\\/01\\\/16170-1_Efese-2020-Logo-site2.png\",\"width\":400,\"height\":200,\"caption\":\"Efese - Logo\"},{\"@type\":\"BreadcrumbList\",\"@id\":\"https:\\\/\\\/www.fondationbiodiversite.fr\\\/en\\\/efese\\\/#breadcrumb\",\"itemListElement\":[{\"@type\":\"ListItem\",\"position\":1,\"name\":\"Accueil\",\"item\":\"https:\\\/\\\/www.fondationbiodiversite.fr\\\/en\\\/\"},{\"@type\":\"ListItem\",\"position\":2,\"name\":\"Efese\"}]},{\"@type\":\"WebSite\",\"@id\":\"https:\\\/\\\/www.fondationbiodiversite.fr\\\/en\\\/#website\",\"url\":\"https:\\\/\\\/www.fondationbiodiversite.fr\\\/en\\\/\",\"name\":\"Fondation pour la recherche sur la biodiversit\u00e9\",\"description\":\"Une plateforme entre les diff\u00e9rents acteurs scientifiques et les acteurs de la soci\u00e9t\u00e9 sur la biodiversit\u00e9..\",\"publisher\":{\"@id\":\"https:\\\/\\\/www.fondationbiodiversite.fr\\\/en\\\/#organization\"},\"alternateName\":\"FRB\",\"potentialAction\":[{\"@type\":\"SearchAction\",\"target\":{\"@type\":\"EntryPoint\",\"urlTemplate\":\"https:\\\/\\\/www.fondationbiodiversite.fr\\\/en\\\/?s={search_term_string}\"},\"query-input\":{\"@type\":\"PropertyValueSpecification\",\"valueRequired\":true,\"valueName\":\"search_term_string\"}}],\"inLanguage\":\"en-US\"},{\"@type\":\"Organization\",\"@id\":\"https:\\\/\\\/www.fondationbiodiversite.fr\\\/en\\\/#organization\",\"name\":\"Fondation pour la recherche sur la biodiversit\u00e9\",\"url\":\"https:\\\/\\\/www.fondationbiodiversite.fr\\\/en\\\/\",\"logo\":{\"@type\":\"ImageObject\",\"inLanguage\":\"en-US\",\"@id\":\"https:\\\/\\\/www.fondationbiodiversite.fr\\\/en\\\/#\\\/schema\\\/logo\\\/image\\\/\",\"url\":\"https:\\\/\\\/www.fondationbiodiversite.fr\\\/wp-content\\\/uploads\\\/2025\\\/10\\\/logo_FRB_RVB.png\",\"contentUrl\":\"https:\\\/\\\/www.fondationbiodiversite.fr\\\/wp-content\\\/uploads\\\/2025\\\/10\\\/logo_FRB_RVB.png\",\"width\":220,\"height\":220,\"caption\":\"Fondation pour la recherche sur la biodiversit\u00e9\"},\"image\":{\"@id\":\"https:\\\/\\\/www.fondationbiodiversite.fr\\\/en\\\/#\\\/schema\\\/logo\\\/image\\\/\"},\"sameAs\":[\"https:\\\/\\\/www.facebook.com\\\/FRBiodiv#\",\"https:\\\/\\\/x.com\\\/FRBiodiv\",\"https:\\\/\\\/bsky.app\\\/profile\\\/frbiodiv.bsky.social\",\"https:\\\/\\\/www.instagram.com\\\/frbiodiv\\\/\",\"https:\\\/\\\/www.linkedin.com\\\/in\\\/fondation-pour-la-recherche-sur-la-biodiversit-223059121\\\/\",\"https:\\\/\\\/www.youtube.com\\\/@FRBiodiv\"]}]}<\/script>\n<!-- \/ Yoast SEO plugin. -->","yoast_head_json":{"title":"EFESE - \u00c9valuation fran\u00e7aise des \u00e9cosyst\u00e8mes et des services \u00e9cosyst\u00e9miques - Fondation pour la recherche sur la biodiversit\u00e9","description":"Destin\u00e9e \u00e0 mieux conna\u00eetre et faire conna\u00eetre l\u2019\u00e9tat de la biodiversit\u00e9 fran\u00e7aise et ses multiples valeurs, l\u2019\u00c9valuation fran\u00e7aise des \u00e9cosyst\u00e8mes et des services \u00e9cosyst\u00e9miques, dite \"Efese\", est un programme regroupant un ensemble d\u2019\u00e9valuations destin\u00e9es \u00e0 renforcer la prise en compte de la biodiversit\u00e9 et des enjeux associ\u00e9s dans les d\u00e9cisions publiques et priv\u00e9es.","robots":{"index":"index","follow":"follow","max-snippet":"max-snippet:-1","max-image-preview":"max-image-preview:large","max-video-preview":"max-video-preview:-1"},"canonical":"https:\/\/www.fondationbiodiversite.fr\/en\/efese\/","og_locale":"en_US","og_type":"article","og_title":"EFESE - \u00c9valuation fran\u00e7aise des \u00e9cosyst\u00e8mes et des services \u00e9cosyst\u00e9miques - Fondation pour la recherche sur la biodiversit\u00e9","og_description":"Destin\u00e9e \u00e0 mieux conna\u00eetre et faire conna\u00eetre l\u2019\u00e9tat de la biodiversit\u00e9 fran\u00e7aise et ses multiples valeurs, l\u2019\u00c9valuation fran\u00e7aise des \u00e9cosyst\u00e8mes et des services \u00e9cosyst\u00e9miques, dite \"Efese\", est un programme regroupant un ensemble d\u2019\u00e9valuations destin\u00e9es \u00e0 renforcer la prise en compte de la biodiversit\u00e9 et des enjeux associ\u00e9s dans les d\u00e9cisions publiques et priv\u00e9es.","og_url":"https:\/\/www.fondationbiodiversite.fr\/en\/efese\/","og_site_name":"Fondation pour la recherche sur la biodiversit\u00e9","article_publisher":"https:\/\/www.facebook.com\/FRBiodiv#","article_modified_time":"2026-02-19T11:05:55+00:00","og_image":[{"width":400,"height":200,"url":"https:\/\/www.fondationbiodiversite.fr\/wp-content\/uploads\/2022\/01\/16170-1_Efese-2020-Logo-site2.png","type":"image\/png"}],"twitter_card":"summary_large_image","twitter_site":"@FRBiodiv","twitter_misc":{"Est. reading time":"2 minutes"},"schema":{"@context":"https:\/\/schema.org","@graph":[{"@type":"WebPage","@id":"https:\/\/www.fondationbiodiversite.fr\/en\/efese\/","url":"https:\/\/www.fondationbiodiversite.fr\/en\/efese\/","name":"EFESE - \u00c9valuation fran\u00e7aise des \u00e9cosyst\u00e8mes et des services \u00e9cosyst\u00e9miques - Fondation pour la recherche sur la biodiversit\u00e9","isPartOf":{"@id":"https:\/\/www.fondationbiodiversite.fr\/en\/#website"},"primaryImageOfPage":{"@id":"https:\/\/www.fondationbiodiversite.fr\/en\/efese\/#primaryimage"},"image":{"@id":"https:\/\/www.fondationbiodiversite.fr\/en\/efese\/#primaryimage"},"thumbnailUrl":"https:\/\/www.fondationbiodiversite.fr\/wp-content\/uploads\/2022\/01\/16170-1_Efese-2020-Logo-site2.png","datePublished":"2019-02-04T16:49:42+00:00","dateModified":"2026-02-19T11:05:55+00:00","description":"Destin\u00e9e \u00e0 mieux conna\u00eetre et faire conna\u00eetre l\u2019\u00e9tat de la biodiversit\u00e9 fran\u00e7aise et ses multiples valeurs, l\u2019\u00c9valuation fran\u00e7aise des \u00e9cosyst\u00e8mes et des services \u00e9cosyst\u00e9miques, dite \"Efese\", est un programme regroupant un ensemble d\u2019\u00e9valuations destin\u00e9es \u00e0 renforcer la prise en compte de la biodiversit\u00e9 et des enjeux associ\u00e9s dans les d\u00e9cisions publiques et priv\u00e9es.","breadcrumb":{"@id":"https:\/\/www.fondationbiodiversite.fr\/en\/efese\/#breadcrumb"},"inLanguage":"en-US","potentialAction":[{"@type":"ReadAction","target":["https:\/\/www.fondationbiodiversite.fr\/en\/efese\/"]}]},{"@type":"ImageObject","inLanguage":"en-US","@id":"https:\/\/www.fondationbiodiversite.fr\/en\/efese\/#primaryimage","url":"https:\/\/www.fondationbiodiversite.fr\/wp-content\/uploads\/2022\/01\/16170-1_Efese-2020-Logo-site2.png","contentUrl":"https:\/\/www.fondationbiodiversite.fr\/wp-content\/uploads\/2022\/01\/16170-1_Efese-2020-Logo-site2.png","width":400,"height":200,"caption":"Efese - Logo"},{"@type":"BreadcrumbList","@id":"https:\/\/www.fondationbiodiversite.fr\/en\/efese\/#breadcrumb","itemListElement":[{"@type":"ListItem","position":1,"name":"Accueil","item":"https:\/\/www.fondationbiodiversite.fr\/en\/"},{"@type":"ListItem","position":2,"name":"Efese"}]},{"@type":"WebSite","@id":"https:\/\/www.fondationbiodiversite.fr\/en\/#website","url":"https:\/\/www.fondationbiodiversite.fr\/en\/","name":"Fondation pour la recherche sur la biodiversit\u00e9","description":"Une plateforme entre les diff\u00e9rents acteurs scientifiques et les acteurs de la soci\u00e9t\u00e9 sur la biodiversit\u00e9..","publisher":{"@id":"https:\/\/www.fondationbiodiversite.fr\/en\/#organization"},"alternateName":"FRB","potentialAction":[{"@type":"SearchAction","target":{"@type":"EntryPoint","urlTemplate":"https:\/\/www.fondationbiodiversite.fr\/en\/?s={search_term_string}"},"query-input":{"@type":"PropertyValueSpecification","valueRequired":true,"valueName":"search_term_string"}}],"inLanguage":"en-US"},{"@type":"Organization","@id":"https:\/\/www.fondationbiodiversite.fr\/en\/#organization","name":"Fondation pour la recherche sur la biodiversit\u00e9","url":"https:\/\/www.fondationbiodiversite.fr\/en\/","logo":{"@type":"ImageObject","inLanguage":"en-US","@id":"https:\/\/www.fondationbiodiversite.fr\/en\/#\/schema\/logo\/image\/","url":"https:\/\/www.fondationbiodiversite.fr\/wp-content\/uploads\/2025\/10\/logo_FRB_RVB.png","contentUrl":"https:\/\/www.fondationbiodiversite.fr\/wp-content\/uploads\/2025\/10\/logo_FRB_RVB.png","width":220,"height":220,"caption":"Fondation pour la recherche sur la biodiversit\u00e9"},"image":{"@id":"https:\/\/www.fondationbiodiversite.fr\/en\/#\/schema\/logo\/image\/"},"sameAs":["https:\/\/www.facebook.com\/FRBiodiv#","https:\/\/x.com\/FRBiodiv","https:\/\/bsky.app\/profile\/frbiodiv.bsky.social","https:\/\/www.instagram.com\/frbiodiv\/","https:\/\/www.linkedin.com\/in\/fondation-pour-la-recherche-sur-la-biodiversit-223059121\/","https:\/\/www.youtube.com\/@FRBiodiv"]}]}},"_links":{"self":[{"href":"https:\/\/www.fondationbiodiversite.fr\/en\/wp-json\/wp\/v2\/pages\/2278","targetHints":{"allow":["GET"]}}],"collection":[{"href":"https:\/\/www.fondationbiodiversite.fr\/en\/wp-json\/wp\/v2\/pages"}],"about":[{"href":"https:\/\/www.fondationbiodiversite.fr\/en\/wp-json\/wp\/v2\/types\/page"}],"author":[{"embeddable":true,"href":"https:\/\/www.fondationbiodiversite.fr\/en\/wp-json\/wp\/v2\/users\/1"}],"replies":[{"embeddable":true,"href":"https:\/\/www.fondationbiodiversite.fr\/en\/wp-json\/wp\/v2\/comments?post=2278"}],"version-history":[{"count":1,"href":"https:\/\/www.fondationbiodiversite.fr\/en\/wp-json\/wp\/v2\/pages\/2278\/revisions"}],"predecessor-version":[{"id":35833,"href":"https:\/\/www.fondationbiodiversite.fr\/en\/wp-json\/wp\/v2\/pages\/2278\/revisions\/35833"}],"wp:featuredmedia":[{"embeddable":true,"href":"https:\/\/www.fondationbiodiversite.fr\/en\/wp-json\/wp\/v2\/media\/17305"}],"wp:attachment":[{"href":"https:\/\/www.fondationbiodiversite.fr\/en\/wp-json\/wp\/v2\/media?parent=2278"}],"curies":[{"name":"wp","href":"https:\/\/api.w.org\/{rel}","templated":true}]}}