
{"id":2277,"date":"2019-02-04T17:50:16","date_gmt":"2019-02-04T16:50:16","guid":{"rendered":"http:\/\/www.fondationbiodiversite.fr\/la-frb-en-action\/nos-implications\/observatoire-national-biodiversite\/"},"modified":"2025-12-11T14:58:05","modified_gmt":"2025-12-11T13:58:05","slug":"observatoire-national-biodiversite","status":"publish","type":"page","link":"https:\/\/www.fondationbiodiversite.fr\/en\/observatoire-national-biodiversite\/","title":{"rendered":"ONB"},"content":{"rendered":"<div>\n<div class=\"fui-FluentProvider fui-FluentProviderr67 ___5n94it0 f19n0e5 f3rmtva fgusgyc fk6fouc fkhj508 figsok6 fytdu2e\" dir=\"ltr\">\n<div class=\"wide-content-host\">\n<div id=\"focused\" class=\"SlLx9 WWy1F byzS1 WWy1F\" tabindex=\"-1\" aria-label=\"Courrier \u00e9lectronique\">\n<div role=\"document\">\n<div id=\"UniqueMessageBody_30\" class=\"XbIp4 jmmB7 GNqVo allowTextSelection OuGoX\" tabindex=\"0\" aria-label=\"Corps du message\">\n<div>\n<div>\n<div lang=\"fr\">\n<div>\n<p><span data-olk-copy-source=\"MessageBody\">Les indicateurs facilitent le dialogue, la prise de d\u00e9cision et l\u2019\u00e9valuation des strat\u00e9gies mises en \u0153uvre en faveur de l\u2019environnement.<\/span>\u00a0<\/p>\n<p>&nbsp;<\/p>\n<p>La FRB apporte un appui scientifique et\u00a0technique aux\u00a0travaux de l\u2019Observatoire national de la biodiversit\u00e9, et plus particuli\u00e8rement\u202fdans le cadre de :\u202f<\/p>\n<ul type=\"disc\">\n<li>L\u2019\u00e9valuation des\u00a0indicateurs de biodiversit\u00e9 de l&#8217;ONB.<\/li>\n<li>La contribution \u00e0 la valorisation des indicateurs dans des outils tels que la \u00ab carte des pressions\u00a0\u00bb.<\/li>\n<li>L\u2019expertise sur les besoins scientifiques et techniques propres \u00e0 l\u2019ONB au travers d\u2019appels \u00e0\u00a0projets de recherche et d\u00e9veloppement.<\/li>\n<li>L\u2019animation d\u2019un groupe de travail sp\u00e9cifiquement d\u00e9di\u00e9 au\u00a0changement climatique et la biodiversit\u00e9, pour l\u2019identification, la mise \u00e0 jour et la cr\u00e9ation de nouveaux indicateurs.<\/li>\n<\/ul>\n<\/div>\n<\/div>\n<\/div>\n<\/div>\n<\/div>\n<\/div>\n<\/div>\n<\/div>\n<\/div>\n<\/div>\n<div class=\"\">\n<div class=\"wide-content-host\">\n<div class=\"kNgIO\">\u00a0<\/div>\n<\/div>\n<\/div>\n","protected":false},"excerpt":{"rendered":"<p>Les indicateurs facilitent le dialogue, la prise de d\u00e9cision et l\u2019\u00e9valuation des strat\u00e9gies mises en \u0153uvre en faveur de l\u2019environnement.\u00a0 &nbsp; La FRB apporte un appui scientifique et\u00a0technique aux\u00a0travaux de l\u2019Observatoire national de la biodiversit\u00e9, et plus particuli\u00e8rement\u202fdans le cadre de :\u202f L\u2019\u00e9valuation des\u00a0indicateurs de biodiversit\u00e9 de l&#8217;ONB. La contribution \u00e0 la valorisation des indicateurs [&hellip;]<\/p>\n","protected":false},"author":1,"featured_media":32548,"parent":0,"menu_order":2,"comment_status":"closed","ping_status":"closed","template":"temp_prog.php","meta":{"_acf_changed":false,"inline_featured_image":false,"footnotes":""},"class_list":["post-2277","page","type-page","status-publish","has-post-thumbnail","hentry"],"acf":[],"yoast_head":"<!-- This site is optimized with the Yoast SEO plugin v27.3 - https:\/\/yoast.com\/product\/yoast-seo-wordpress\/ -->\n<title>ONB - Observatoire national de la biodiversit\u00e9 - Fondation pour la recherche sur la biodiversit\u00e9<\/title>\n<meta name=\"description\" content=\"L\u2019Observatoire national de la biodiversit\u00e9 (ONB), plac\u00e9 sous la tutelle de l\u2019Agence fran\u00e7aise pour la biodiversit\u00e9 (AFB), produit et diffuse des indicateurs permettant de suivre l\u2019\u00e9tat de la biodiversit\u00e9 ainsi que les pressions qu\u2019elle subit et les r\u00e9ponses apport\u00e9es aux probl\u00e8mes qu\u2019elle affronte.\" \/>\n<meta name=\"robots\" content=\"index, follow, max-snippet:-1, max-image-preview:large, max-video-preview:-1\" \/>\n<link rel=\"canonical\" href=\"https:\/\/www.fondationbiodiversite.fr\/en\/observatoire-national-biodiversite\/\" \/>\n<meta property=\"og:locale\" content=\"en_US\" \/>\n<meta property=\"og:type\" content=\"article\" \/>\n<meta property=\"og:title\" content=\"ONB - Observatoire national de la biodiversit\u00e9 - Fondation pour la recherche sur la biodiversit\u00e9\" \/>\n<meta property=\"og:description\" content=\"L\u2019Observatoire national de la biodiversit\u00e9 (ONB), plac\u00e9 sous la tutelle de l\u2019Agence fran\u00e7aise pour la biodiversit\u00e9 (AFB), produit et diffuse des indicateurs permettant de suivre l\u2019\u00e9tat de la biodiversit\u00e9 ainsi que les pressions qu\u2019elle subit et les r\u00e9ponses apport\u00e9es aux probl\u00e8mes qu\u2019elle affronte.\" \/>\n<meta property=\"og:url\" content=\"https:\/\/www.fondationbiodiversite.fr\/en\/observatoire-national-biodiversite\/\" \/>\n<meta property=\"og:site_name\" content=\"Fondation pour la recherche sur la biodiversit\u00e9\" \/>\n<meta property=\"article:publisher\" content=\"https:\/\/www.facebook.com\/FRBiodiv#\" \/>\n<meta property=\"article:modified_time\" content=\"2025-12-11T13:58:05+00:00\" \/>\n<meta property=\"og:image\" content=\"https:\/\/www.fondationbiodiversite.fr\/wp-content\/uploads\/2025\/10\/logo-onb.jpg\" \/>\n\t<meta property=\"og:image:width\" content=\"310\" \/>\n\t<meta property=\"og:image:height\" content=\"210\" \/>\n\t<meta property=\"og:image:type\" content=\"image\/jpeg\" \/>\n<meta name=\"twitter:card\" content=\"summary_large_image\" \/>\n<meta name=\"twitter:site\" content=\"@FRBiodiv\" \/>\n<meta name=\"twitter:label1\" content=\"Est. reading time\" \/>\n\t<meta name=\"twitter:data1\" content=\"1 minute\" \/>\n<script type=\"application\/ld+json\" class=\"yoast-schema-graph\">{\"@context\":\"https:\\\/\\\/schema.org\",\"@graph\":[{\"@type\":\"WebPage\",\"@id\":\"https:\\\/\\\/www.fondationbiodiversite.fr\\\/en\\\/observatoire-national-biodiversite\\\/\",\"url\":\"https:\\\/\\\/www.fondationbiodiversite.fr\\\/en\\\/observatoire-national-biodiversite\\\/\",\"name\":\"ONB - Observatoire national de la biodiversit\u00e9 - Fondation pour la recherche sur la biodiversit\u00e9\",\"isPartOf\":{\"@id\":\"https:\\\/\\\/www.fondationbiodiversite.fr\\\/en\\\/#website\"},\"primaryImageOfPage\":{\"@id\":\"https:\\\/\\\/www.fondationbiodiversite.fr\\\/en\\\/observatoire-national-biodiversite\\\/#primaryimage\"},\"image\":{\"@id\":\"https:\\\/\\\/www.fondationbiodiversite.fr\\\/en\\\/observatoire-national-biodiversite\\\/#primaryimage\"},\"thumbnailUrl\":\"https:\\\/\\\/www.fondationbiodiversite.fr\\\/wp-content\\\/uploads\\\/2025\\\/10\\\/logo-onb.jpg\",\"datePublished\":\"2019-02-04T16:50:16+00:00\",\"dateModified\":\"2025-12-11T13:58:05+00:00\",\"description\":\"L\u2019Observatoire national de la biodiversit\u00e9 (ONB), plac\u00e9 sous la tutelle de l\u2019Agence fran\u00e7aise pour la biodiversit\u00e9 (AFB), produit et diffuse des indicateurs permettant de suivre l\u2019\u00e9tat de la biodiversit\u00e9 ainsi que les pressions qu\u2019elle subit et les r\u00e9ponses apport\u00e9es aux probl\u00e8mes qu\u2019elle affronte.\",\"breadcrumb\":{\"@id\":\"https:\\\/\\\/www.fondationbiodiversite.fr\\\/en\\\/observatoire-national-biodiversite\\\/#breadcrumb\"},\"inLanguage\":\"en-US\",\"potentialAction\":[{\"@type\":\"ReadAction\",\"target\":[\"https:\\\/\\\/www.fondationbiodiversite.fr\\\/en\\\/observatoire-national-biodiversite\\\/\"]}]},{\"@type\":\"ImageObject\",\"inLanguage\":\"en-US\",\"@id\":\"https:\\\/\\\/www.fondationbiodiversite.fr\\\/en\\\/observatoire-national-biodiversite\\\/#primaryimage\",\"url\":\"https:\\\/\\\/www.fondationbiodiversite.fr\\\/wp-content\\\/uploads\\\/2025\\\/10\\\/logo-onb.jpg\",\"contentUrl\":\"https:\\\/\\\/www.fondationbiodiversite.fr\\\/wp-content\\\/uploads\\\/2025\\\/10\\\/logo-onb.jpg\",\"width\":310,\"height\":210},{\"@type\":\"BreadcrumbList\",\"@id\":\"https:\\\/\\\/www.fondationbiodiversite.fr\\\/en\\\/observatoire-national-biodiversite\\\/#breadcrumb\",\"itemListElement\":[{\"@type\":\"ListItem\",\"position\":1,\"name\":\"Accueil\",\"item\":\"https:\\\/\\\/www.fondationbiodiversite.fr\\\/en\\\/\"},{\"@type\":\"ListItem\",\"position\":2,\"name\":\"ONB\"}]},{\"@type\":\"WebSite\",\"@id\":\"https:\\\/\\\/www.fondationbiodiversite.fr\\\/en\\\/#website\",\"url\":\"https:\\\/\\\/www.fondationbiodiversite.fr\\\/en\\\/\",\"name\":\"Fondation pour la recherche sur la biodiversit\u00e9\",\"description\":\"Une plateforme entre les diff\u00e9rents acteurs scientifiques et les acteurs de la soci\u00e9t\u00e9 sur la biodiversit\u00e9..\",\"publisher\":{\"@id\":\"https:\\\/\\\/www.fondationbiodiversite.fr\\\/en\\\/#organization\"},\"alternateName\":\"FRB\",\"potentialAction\":[{\"@type\":\"SearchAction\",\"target\":{\"@type\":\"EntryPoint\",\"urlTemplate\":\"https:\\\/\\\/www.fondationbiodiversite.fr\\\/en\\\/?s={search_term_string}\"},\"query-input\":{\"@type\":\"PropertyValueSpecification\",\"valueRequired\":true,\"valueName\":\"search_term_string\"}}],\"inLanguage\":\"en-US\"},{\"@type\":\"Organization\",\"@id\":\"https:\\\/\\\/www.fondationbiodiversite.fr\\\/en\\\/#organization\",\"name\":\"Fondation pour la recherche sur la biodiversit\u00e9\",\"url\":\"https:\\\/\\\/www.fondationbiodiversite.fr\\\/en\\\/\",\"logo\":{\"@type\":\"ImageObject\",\"inLanguage\":\"en-US\",\"@id\":\"https:\\\/\\\/www.fondationbiodiversite.fr\\\/en\\\/#\\\/schema\\\/logo\\\/image\\\/\",\"url\":\"https:\\\/\\\/www.fondationbiodiversite.fr\\\/wp-content\\\/uploads\\\/2025\\\/10\\\/logo_FRB_RVB.png\",\"contentUrl\":\"https:\\\/\\\/www.fondationbiodiversite.fr\\\/wp-content\\\/uploads\\\/2025\\\/10\\\/logo_FRB_RVB.png\",\"width\":220,\"height\":220,\"caption\":\"Fondation pour la recherche sur la biodiversit\u00e9\"},\"image\":{\"@id\":\"https:\\\/\\\/www.fondationbiodiversite.fr\\\/en\\\/#\\\/schema\\\/logo\\\/image\\\/\"},\"sameAs\":[\"https:\\\/\\\/www.facebook.com\\\/FRBiodiv#\",\"https:\\\/\\\/x.com\\\/FRBiodiv\",\"https:\\\/\\\/bsky.app\\\/profile\\\/frbiodiv.bsky.social\",\"https:\\\/\\\/www.instagram.com\\\/frbiodiv\\\/\",\"https:\\\/\\\/www.linkedin.com\\\/in\\\/fondation-pour-la-recherche-sur-la-biodiversit-223059121\\\/\",\"https:\\\/\\\/www.youtube.com\\\/@FRBiodiv\"]}]}<\/script>\n<!-- \/ Yoast SEO plugin. -->","yoast_head_json":{"title":"ONB - Observatoire national de la biodiversit\u00e9 - Fondation pour la recherche sur la biodiversit\u00e9","description":"L\u2019Observatoire national de la biodiversit\u00e9 (ONB), plac\u00e9 sous la tutelle de l\u2019Agence fran\u00e7aise pour la biodiversit\u00e9 (AFB), produit et diffuse des indicateurs permettant de suivre l\u2019\u00e9tat de la biodiversit\u00e9 ainsi que les pressions qu\u2019elle subit et les r\u00e9ponses apport\u00e9es aux probl\u00e8mes qu\u2019elle affronte.","robots":{"index":"index","follow":"follow","max-snippet":"max-snippet:-1","max-image-preview":"max-image-preview:large","max-video-preview":"max-video-preview:-1"},"canonical":"https:\/\/www.fondationbiodiversite.fr\/en\/observatoire-national-biodiversite\/","og_locale":"en_US","og_type":"article","og_title":"ONB - Observatoire national de la biodiversit\u00e9 - Fondation pour la recherche sur la biodiversit\u00e9","og_description":"L\u2019Observatoire national de la biodiversit\u00e9 (ONB), plac\u00e9 sous la tutelle de l\u2019Agence fran\u00e7aise pour la biodiversit\u00e9 (AFB), produit et diffuse des indicateurs permettant de suivre l\u2019\u00e9tat de la biodiversit\u00e9 ainsi que les pressions qu\u2019elle subit et les r\u00e9ponses apport\u00e9es aux probl\u00e8mes qu\u2019elle affronte.","og_url":"https:\/\/www.fondationbiodiversite.fr\/en\/observatoire-national-biodiversite\/","og_site_name":"Fondation pour la recherche sur la biodiversit\u00e9","article_publisher":"https:\/\/www.facebook.com\/FRBiodiv#","article_modified_time":"2025-12-11T13:58:05+00:00","og_image":[{"width":310,"height":210,"url":"https:\/\/www.fondationbiodiversite.fr\/wp-content\/uploads\/2025\/10\/logo-onb.jpg","type":"image\/jpeg"}],"twitter_card":"summary_large_image","twitter_site":"@FRBiodiv","twitter_misc":{"Est. reading time":"1 minute"},"schema":{"@context":"https:\/\/schema.org","@graph":[{"@type":"WebPage","@id":"https:\/\/www.fondationbiodiversite.fr\/en\/observatoire-national-biodiversite\/","url":"https:\/\/www.fondationbiodiversite.fr\/en\/observatoire-national-biodiversite\/","name":"ONB - Observatoire national de la biodiversit\u00e9 - Fondation pour la recherche sur la biodiversit\u00e9","isPartOf":{"@id":"https:\/\/www.fondationbiodiversite.fr\/en\/#website"},"primaryImageOfPage":{"@id":"https:\/\/www.fondationbiodiversite.fr\/en\/observatoire-national-biodiversite\/#primaryimage"},"image":{"@id":"https:\/\/www.fondationbiodiversite.fr\/en\/observatoire-national-biodiversite\/#primaryimage"},"thumbnailUrl":"https:\/\/www.fondationbiodiversite.fr\/wp-content\/uploads\/2025\/10\/logo-onb.jpg","datePublished":"2019-02-04T16:50:16+00:00","dateModified":"2025-12-11T13:58:05+00:00","description":"L\u2019Observatoire national de la biodiversit\u00e9 (ONB), plac\u00e9 sous la tutelle de l\u2019Agence fran\u00e7aise pour la biodiversit\u00e9 (AFB), produit et diffuse des indicateurs permettant de suivre l\u2019\u00e9tat de la biodiversit\u00e9 ainsi que les pressions qu\u2019elle subit et les r\u00e9ponses apport\u00e9es aux probl\u00e8mes qu\u2019elle affronte.","breadcrumb":{"@id":"https:\/\/www.fondationbiodiversite.fr\/en\/observatoire-national-biodiversite\/#breadcrumb"},"inLanguage":"en-US","potentialAction":[{"@type":"ReadAction","target":["https:\/\/www.fondationbiodiversite.fr\/en\/observatoire-national-biodiversite\/"]}]},{"@type":"ImageObject","inLanguage":"en-US","@id":"https:\/\/www.fondationbiodiversite.fr\/en\/observatoire-national-biodiversite\/#primaryimage","url":"https:\/\/www.fondationbiodiversite.fr\/wp-content\/uploads\/2025\/10\/logo-onb.jpg","contentUrl":"https:\/\/www.fondationbiodiversite.fr\/wp-content\/uploads\/2025\/10\/logo-onb.jpg","width":310,"height":210},{"@type":"BreadcrumbList","@id":"https:\/\/www.fondationbiodiversite.fr\/en\/observatoire-national-biodiversite\/#breadcrumb","itemListElement":[{"@type":"ListItem","position":1,"name":"Accueil","item":"https:\/\/www.fondationbiodiversite.fr\/en\/"},{"@type":"ListItem","position":2,"name":"ONB"}]},{"@type":"WebSite","@id":"https:\/\/www.fondationbiodiversite.fr\/en\/#website","url":"https:\/\/www.fondationbiodiversite.fr\/en\/","name":"Fondation pour la recherche sur la biodiversit\u00e9","description":"Une plateforme entre les diff\u00e9rents acteurs scientifiques et les acteurs de la soci\u00e9t\u00e9 sur la biodiversit\u00e9..","publisher":{"@id":"https:\/\/www.fondationbiodiversite.fr\/en\/#organization"},"alternateName":"FRB","potentialAction":[{"@type":"SearchAction","target":{"@type":"EntryPoint","urlTemplate":"https:\/\/www.fondationbiodiversite.fr\/en\/?s={search_term_string}"},"query-input":{"@type":"PropertyValueSpecification","valueRequired":true,"valueName":"search_term_string"}}],"inLanguage":"en-US"},{"@type":"Organization","@id":"https:\/\/www.fondationbiodiversite.fr\/en\/#organization","name":"Fondation pour la recherche sur la biodiversit\u00e9","url":"https:\/\/www.fondationbiodiversite.fr\/en\/","logo":{"@type":"ImageObject","inLanguage":"en-US","@id":"https:\/\/www.fondationbiodiversite.fr\/en\/#\/schema\/logo\/image\/","url":"https:\/\/www.fondationbiodiversite.fr\/wp-content\/uploads\/2025\/10\/logo_FRB_RVB.png","contentUrl":"https:\/\/www.fondationbiodiversite.fr\/wp-content\/uploads\/2025\/10\/logo_FRB_RVB.png","width":220,"height":220,"caption":"Fondation pour la recherche sur la biodiversit\u00e9"},"image":{"@id":"https:\/\/www.fondationbiodiversite.fr\/en\/#\/schema\/logo\/image\/"},"sameAs":["https:\/\/www.facebook.com\/FRBiodiv#","https:\/\/x.com\/FRBiodiv","https:\/\/bsky.app\/profile\/frbiodiv.bsky.social","https:\/\/www.instagram.com\/frbiodiv\/","https:\/\/www.linkedin.com\/in\/fondation-pour-la-recherche-sur-la-biodiversit-223059121\/","https:\/\/www.youtube.com\/@FRBiodiv"]}]}},"_links":{"self":[{"href":"https:\/\/www.fondationbiodiversite.fr\/en\/wp-json\/wp\/v2\/pages\/2277","targetHints":{"allow":["GET"]}}],"collection":[{"href":"https:\/\/www.fondationbiodiversite.fr\/en\/wp-json\/wp\/v2\/pages"}],"about":[{"href":"https:\/\/www.fondationbiodiversite.fr\/en\/wp-json\/wp\/v2\/types\/page"}],"author":[{"embeddable":true,"href":"https:\/\/www.fondationbiodiversite.fr\/en\/wp-json\/wp\/v2\/users\/1"}],"replies":[{"embeddable":true,"href":"https:\/\/www.fondationbiodiversite.fr\/en\/wp-json\/wp\/v2\/comments?post=2277"}],"version-history":[{"count":0,"href":"https:\/\/www.fondationbiodiversite.fr\/en\/wp-json\/wp\/v2\/pages\/2277\/revisions"}],"wp:featuredmedia":[{"embeddable":true,"href":"https:\/\/www.fondationbiodiversite.fr\/en\/wp-json\/wp\/v2\/media\/32548"}],"wp:attachment":[{"href":"https:\/\/www.fondationbiodiversite.fr\/en\/wp-json\/wp\/v2\/media?parent=2277"}],"curies":[{"name":"wp","href":"https:\/\/api.w.org\/{rel}","templated":true}]}}