
{"id":2273,"date":"2019-02-14T16:12:23","date_gmt":"2019-02-14T15:12:23","guid":{"rendered":"http:\/\/www.fondationbiodiversite.fr\/la-frb-en-action\/soutien-aux-jeunes-chercheurs\/prix-jeunes-chercheurs\/biodiversite-developpement\/"},"modified":"2019-02-14T16:12:23","modified_gmt":"2019-02-14T15:12:23","slug":"biodiversite-developpement","status":"publish","type":"page","link":"https:\/\/www.fondationbiodiversite.fr\/en\/the-frb-in-action\/support-to-young-reearchers\/prix-jeunes-chercheurs\/biodiversite-developpement\/","title":{"rendered":"Biodiversit\u00e9 et enjeux de d\u00e9veloppement dans les pays du Sud"},"content":{"rendered":"<p>Am\u00e9line Vallet a \u00e9t\u00e9 r\u00e9compens\u00e9e par le FFEM. Elle explique ci-dessous ses travaux et projets.<\/p>\n<p>&nbsp;<\/p>\n<h2>Analyse des arbitrages entre services \u00e9cosyst\u00e9miques accompagnant les transformations soci\u00e9tales et \u00e9conomiques en Am\u00e9rique Latine<\/h2>\n<p>&nbsp;<\/p>\n<p>J\u2019ai r\u00e9alis\u00e9 mon doctorat au Cired, Cirad et Cifor sous l\u2019encadrement de Bruno Locatelli et Harold Levrel. Mes travaux de recherche se situent \u00e0 l\u2019interface entre <b>\u00e9conomie<\/b> et <b>\u00e9cologie<\/b> et ont pour ambition de proposer des <b>m\u00e9thodes innovantes<\/b> pour la <b>mod\u00e9lisation des services \u00e9cosyst\u00e9miques<\/b>, l\u2019<b>analyse des arbitrages<\/b> entre services et la gouvernance durable des ressources naturelles. Au travers d\u2019une approche interdisciplinaire et participative, ma th\u00e8se analyse plus sp\u00e9cifiquement les <b>arbitrages biophysiques et soci\u00e9taux<\/b> apparaissant dans des territoires d\u2019Am\u00e9rique Latine. Au Costa Rica, j\u2019\u00e9tudie la <b>capacit\u00e9 d\u2019un territoire<\/b> \u00e0 <b>fournir simultan\u00e9ment plusieurs services \u00e9cosyst\u00e9miques<\/b> lors de transformations soci\u00e9tales et \u00e9conomiques. Je compare \u00e9galement <b>diff\u00e9rentes m\u00e9thodes<\/b> pour quantifier les arbitrages entre services \u00e9cosyst\u00e9miques. Au P\u00e9rou, je d\u00e9cris les divers <b>r\u00f4les jou\u00e9s par les acteurs locaux<\/b> de la r\u00e9gion Apur\u00edmac et <b>identifie les gagnants et perdants<\/b> de la gouvernance des services \u00e9cosyst\u00e9miques \u00e0 l\u2019aide de r\u00e9seaux sociaux. Derri\u00e8re ces objectifs scientifiques se cache la volont\u00e9 de <b>mieux comprendre les interactions Homme-nature<\/b>, et de <b>contribuer \u00e0 la gestion durable<\/b> des \u00e9cosyst\u00e8mes et de la biodiversit\u00e9.<\/p>\n<p>&nbsp;<\/p>\n<p>Enseignante \u00e0 AgroParisTech, je transmets ainsi mon engagement pour la protection de l\u2019environnement lors de cours portant sur l\u2019\u00e9conomie \u00e9cologique, l\u2019\u00e9valuation de la biodiversit\u00e9 et des services \u00e9cosyst\u00e9miques.<\/p>\n","protected":false},"excerpt":{"rendered":"<p>Am\u00e9line Vallet a \u00e9t\u00e9 r\u00e9compens\u00e9e par le FFEM. Elle explique ci-dessous ses travaux et projets. &nbsp; Analyse des arbitrages entre services \u00e9cosyst\u00e9miques accompagnant les transformations soci\u00e9tales et \u00e9conomiques en Am\u00e9rique Latine &nbsp; J\u2019ai r\u00e9alis\u00e9 mon doctorat au Cired, Cirad et Cifor sous l\u2019encadrement de Bruno Locatelli et Harold Levrel. Mes travaux de recherche se situent [&hellip;]<\/p>\n","protected":false},"author":2,"featured_media":1709,"parent":2266,"menu_order":21,"comment_status":"closed","ping_status":"closed","template":"temp_frb-default.php","meta":{"_acf_changed":false,"inline_featured_image":false,"footnotes":""},"class_list":["post-2273","page","type-page","status-publish","has-post-thumbnail","hentry"],"acf":[],"yoast_head":"<!-- This site is optimized with the Yoast SEO plugin v27.4 - https:\/\/yoast.com\/product\/yoast-seo-wordpress\/ -->\n<title>Biodiversit\u00e9 et enjeux de d\u00e9veloppement dans les pays du Sud - Fondation pour la recherche sur la biodiversit\u00e9<\/title>\n<meta name=\"robots\" content=\"index, follow, max-snippet:-1, max-image-preview:large, max-video-preview:-1\" \/>\n<link rel=\"canonical\" href=\"https:\/\/www.fondationbiodiversite.fr\/en\/the-frb-in-action\/support-to-young-reearchers\/prix-jeunes-chercheurs\/biodiversite-developpement\/\" \/>\n<meta property=\"og:locale\" content=\"en_US\" \/>\n<meta property=\"og:type\" content=\"article\" \/>\n<meta property=\"og:title\" content=\"Biodiversit\u00e9 et enjeux de d\u00e9veloppement dans les pays du Sud - Fondation pour la recherche sur la biodiversit\u00e9\" \/>\n<meta property=\"og:description\" content=\"Am\u00e9line Vallet a \u00e9t\u00e9 r\u00e9compens\u00e9e par le FFEM. Elle explique ci-dessous ses travaux et projets. &nbsp; Analyse des arbitrages entre services \u00e9cosyst\u00e9miques accompagnant les transformations soci\u00e9tales et \u00e9conomiques en Am\u00e9rique Latine &nbsp; J\u2019ai r\u00e9alis\u00e9 mon doctorat au Cired, Cirad et Cifor sous l\u2019encadrement de Bruno Locatelli et Harold Levrel. Mes travaux de recherche se situent [&hellip;]\" \/>\n<meta property=\"og:url\" content=\"https:\/\/www.fondationbiodiversite.fr\/en\/the-frb-in-action\/support-to-young-reearchers\/prix-jeunes-chercheurs\/biodiversite-developpement\/\" \/>\n<meta property=\"og:site_name\" content=\"Fondation pour la recherche sur la biodiversit\u00e9\" \/>\n<meta property=\"article:publisher\" content=\"https:\/\/www.facebook.com\/FRBiodiv#\" \/>\n<meta property=\"og:image\" content=\"https:\/\/www.fondationbiodiversite.fr\/wp-content\/uploads\/2019\/02\/FRB-Prix-Jeunes-chercheurs-Developpement-Pays-Sud.jpg\" \/>\n\t<meta property=\"og:image:width\" content=\"690\" \/>\n\t<meta property=\"og:image:height\" content=\"451\" \/>\n\t<meta property=\"og:image:type\" content=\"image\/jpeg\" \/>\n<meta name=\"twitter:card\" content=\"summary_large_image\" \/>\n<meta name=\"twitter:site\" content=\"@FRBiodiv\" \/>\n<meta name=\"twitter:label1\" content=\"Est. reading time\" \/>\n\t<meta name=\"twitter:data1\" content=\"1 minute\" \/>\n<script type=\"application\/ld+json\" class=\"yoast-schema-graph\">{\"@context\":\"https:\\\/\\\/schema.org\",\"@graph\":[{\"@type\":\"WebPage\",\"@id\":\"https:\\\/\\\/www.fondationbiodiversite.fr\\\/en\\\/the-frb-in-action\\\/support-to-young-reearchers\\\/prix-jeunes-chercheurs\\\/biodiversite-developpement\\\/\",\"url\":\"https:\\\/\\\/www.fondationbiodiversite.fr\\\/en\\\/the-frb-in-action\\\/support-to-young-reearchers\\\/prix-jeunes-chercheurs\\\/biodiversite-developpement\\\/\",\"name\":\"Biodiversit\u00e9 et enjeux de d\u00e9veloppement dans les pays du Sud - Fondation pour la recherche sur la biodiversit\u00e9\",\"isPartOf\":{\"@id\":\"https:\\\/\\\/www.fondationbiodiversite.fr\\\/en\\\/#website\"},\"primaryImageOfPage\":{\"@id\":\"https:\\\/\\\/www.fondationbiodiversite.fr\\\/en\\\/the-frb-in-action\\\/support-to-young-reearchers\\\/prix-jeunes-chercheurs\\\/biodiversite-developpement\\\/#primaryimage\"},\"image\":{\"@id\":\"https:\\\/\\\/www.fondationbiodiversite.fr\\\/en\\\/the-frb-in-action\\\/support-to-young-reearchers\\\/prix-jeunes-chercheurs\\\/biodiversite-developpement\\\/#primaryimage\"},\"thumbnailUrl\":\"https:\\\/\\\/www.fondationbiodiversite.fr\\\/wp-content\\\/uploads\\\/2019\\\/02\\\/FRB-Prix-Jeunes-chercheurs-Developpement-Pays-Sud.jpg\",\"datePublished\":\"2019-02-14T15:12:23+00:00\",\"breadcrumb\":{\"@id\":\"https:\\\/\\\/www.fondationbiodiversite.fr\\\/en\\\/the-frb-in-action\\\/support-to-young-reearchers\\\/prix-jeunes-chercheurs\\\/biodiversite-developpement\\\/#breadcrumb\"},\"inLanguage\":\"en-US\",\"potentialAction\":[{\"@type\":\"ReadAction\",\"target\":[\"https:\\\/\\\/www.fondationbiodiversite.fr\\\/en\\\/the-frb-in-action\\\/support-to-young-reearchers\\\/prix-jeunes-chercheurs\\\/biodiversite-developpement\\\/\"]}]},{\"@type\":\"ImageObject\",\"inLanguage\":\"en-US\",\"@id\":\"https:\\\/\\\/www.fondationbiodiversite.fr\\\/en\\\/the-frb-in-action\\\/support-to-young-reearchers\\\/prix-jeunes-chercheurs\\\/biodiversite-developpement\\\/#primaryimage\",\"url\":\"https:\\\/\\\/www.fondationbiodiversite.fr\\\/wp-content\\\/uploads\\\/2019\\\/02\\\/FRB-Prix-Jeunes-chercheurs-Developpement-Pays-Sud.jpg\",\"contentUrl\":\"https:\\\/\\\/www.fondationbiodiversite.fr\\\/wp-content\\\/uploads\\\/2019\\\/02\\\/FRB-Prix-Jeunes-chercheurs-Developpement-Pays-Sud.jpg\",\"width\":690,\"height\":451,\"caption\":\"Prix Jeunes chercheurs Cos-FRB 2018 - Recherche associant biodiversit\u00e9 et enjeux de d\u00e9veloppement dans les pays du Sud\"},{\"@type\":\"BreadcrumbList\",\"@id\":\"https:\\\/\\\/www.fondationbiodiversite.fr\\\/en\\\/the-frb-in-action\\\/support-to-young-reearchers\\\/prix-jeunes-chercheurs\\\/biodiversite-developpement\\\/#breadcrumb\",\"itemListElement\":[{\"@type\":\"ListItem\",\"position\":1,\"name\":\"Accueil\",\"item\":\"https:\\\/\\\/www.fondationbiodiversite.fr\\\/en\\\/\"},{\"@type\":\"ListItem\",\"position\":2,\"name\":\"The FRB in action\",\"item\":\"https:\\\/\\\/www.fondationbiodiversite.fr\\\/en\\\/the-frb-in-action\\\/\"},{\"@type\":\"ListItem\",\"position\":3,\"name\":\"Support to young researchers\",\"item\":\"https:\\\/\\\/www.fondationbiodiversite.fr\\\/en\\\/the-frb-in-action\\\/support-to-young-reearchers\\\/\"},{\"@type\":\"ListItem\",\"position\":4,\"name\":\"Prix Jeunes Chercheurs\",\"item\":\"https:\\\/\\\/www.fondationbiodiversite.fr\\\/en\\\/the-frb-in-action\\\/support-to-young-reearchers\\\/prix-jeunes-chercheurs\\\/\"},{\"@type\":\"ListItem\",\"position\":5,\"name\":\"Biodiversit\u00e9 et enjeux de d\u00e9veloppement dans les pays du Sud\"}]},{\"@type\":\"WebSite\",\"@id\":\"https:\\\/\\\/www.fondationbiodiversite.fr\\\/en\\\/#website\",\"url\":\"https:\\\/\\\/www.fondationbiodiversite.fr\\\/en\\\/\",\"name\":\"Fondation pour la recherche sur la biodiversit\u00e9\",\"description\":\"Une plateforme entre les diff\u00e9rents acteurs scientifiques et les acteurs de la soci\u00e9t\u00e9 sur la biodiversit\u00e9..\",\"publisher\":{\"@id\":\"https:\\\/\\\/www.fondationbiodiversite.fr\\\/en\\\/#organization\"},\"alternateName\":\"FRB\",\"potentialAction\":[{\"@type\":\"SearchAction\",\"target\":{\"@type\":\"EntryPoint\",\"urlTemplate\":\"https:\\\/\\\/www.fondationbiodiversite.fr\\\/en\\\/?s={search_term_string}\"},\"query-input\":{\"@type\":\"PropertyValueSpecification\",\"valueRequired\":true,\"valueName\":\"search_term_string\"}}],\"inLanguage\":\"en-US\"},{\"@type\":\"Organization\",\"@id\":\"https:\\\/\\\/www.fondationbiodiversite.fr\\\/en\\\/#organization\",\"name\":\"Fondation pour la recherche sur la biodiversit\u00e9\",\"url\":\"https:\\\/\\\/www.fondationbiodiversite.fr\\\/en\\\/\",\"logo\":{\"@type\":\"ImageObject\",\"inLanguage\":\"en-US\",\"@id\":\"https:\\\/\\\/www.fondationbiodiversite.fr\\\/en\\\/#\\\/schema\\\/logo\\\/image\\\/\",\"url\":\"https:\\\/\\\/www.fondationbiodiversite.fr\\\/wp-content\\\/uploads\\\/2025\\\/10\\\/logo_FRB_RVB.png\",\"contentUrl\":\"https:\\\/\\\/www.fondationbiodiversite.fr\\\/wp-content\\\/uploads\\\/2025\\\/10\\\/logo_FRB_RVB.png\",\"width\":220,\"height\":220,\"caption\":\"Fondation pour la recherche sur la biodiversit\u00e9\"},\"image\":{\"@id\":\"https:\\\/\\\/www.fondationbiodiversite.fr\\\/en\\\/#\\\/schema\\\/logo\\\/image\\\/\"},\"sameAs\":[\"https:\\\/\\\/www.facebook.com\\\/FRBiodiv#\",\"https:\\\/\\\/x.com\\\/FRBiodiv\",\"https:\\\/\\\/bsky.app\\\/profile\\\/frbiodiv.bsky.social\",\"https:\\\/\\\/www.instagram.com\\\/frbiodiv\\\/\",\"https:\\\/\\\/www.linkedin.com\\\/in\\\/fondation-pour-la-recherche-sur-la-biodiversit-223059121\\\/\",\"https:\\\/\\\/www.youtube.com\\\/@FRBiodiv\"]}]}<\/script>\n<!-- \/ Yoast SEO plugin. -->","yoast_head_json":{"title":"Biodiversit\u00e9 et enjeux de d\u00e9veloppement dans les pays du Sud - Fondation pour la recherche sur la biodiversit\u00e9","robots":{"index":"index","follow":"follow","max-snippet":"max-snippet:-1","max-image-preview":"max-image-preview:large","max-video-preview":"max-video-preview:-1"},"canonical":"https:\/\/www.fondationbiodiversite.fr\/en\/the-frb-in-action\/support-to-young-reearchers\/prix-jeunes-chercheurs\/biodiversite-developpement\/","og_locale":"en_US","og_type":"article","og_title":"Biodiversit\u00e9 et enjeux de d\u00e9veloppement dans les pays du Sud - Fondation pour la recherche sur la biodiversit\u00e9","og_description":"Am\u00e9line Vallet a \u00e9t\u00e9 r\u00e9compens\u00e9e par le FFEM. Elle explique ci-dessous ses travaux et projets. &nbsp; Analyse des arbitrages entre services \u00e9cosyst\u00e9miques accompagnant les transformations soci\u00e9tales et \u00e9conomiques en Am\u00e9rique Latine &nbsp; J\u2019ai r\u00e9alis\u00e9 mon doctorat au Cired, Cirad et Cifor sous l\u2019encadrement de Bruno Locatelli et Harold Levrel. Mes travaux de recherche se situent [&hellip;]","og_url":"https:\/\/www.fondationbiodiversite.fr\/en\/the-frb-in-action\/support-to-young-reearchers\/prix-jeunes-chercheurs\/biodiversite-developpement\/","og_site_name":"Fondation pour la recherche sur la biodiversit\u00e9","article_publisher":"https:\/\/www.facebook.com\/FRBiodiv#","og_image":[{"width":690,"height":451,"url":"https:\/\/www.fondationbiodiversite.fr\/wp-content\/uploads\/2019\/02\/FRB-Prix-Jeunes-chercheurs-Developpement-Pays-Sud.jpg","type":"image\/jpeg"}],"twitter_card":"summary_large_image","twitter_site":"@FRBiodiv","twitter_misc":{"Est. reading time":"1 minute"},"schema":{"@context":"https:\/\/schema.org","@graph":[{"@type":"WebPage","@id":"https:\/\/www.fondationbiodiversite.fr\/en\/the-frb-in-action\/support-to-young-reearchers\/prix-jeunes-chercheurs\/biodiversite-developpement\/","url":"https:\/\/www.fondationbiodiversite.fr\/en\/the-frb-in-action\/support-to-young-reearchers\/prix-jeunes-chercheurs\/biodiversite-developpement\/","name":"Biodiversit\u00e9 et enjeux de d\u00e9veloppement dans les pays du Sud - Fondation pour la recherche sur la biodiversit\u00e9","isPartOf":{"@id":"https:\/\/www.fondationbiodiversite.fr\/en\/#website"},"primaryImageOfPage":{"@id":"https:\/\/www.fondationbiodiversite.fr\/en\/the-frb-in-action\/support-to-young-reearchers\/prix-jeunes-chercheurs\/biodiversite-developpement\/#primaryimage"},"image":{"@id":"https:\/\/www.fondationbiodiversite.fr\/en\/the-frb-in-action\/support-to-young-reearchers\/prix-jeunes-chercheurs\/biodiversite-developpement\/#primaryimage"},"thumbnailUrl":"https:\/\/www.fondationbiodiversite.fr\/wp-content\/uploads\/2019\/02\/FRB-Prix-Jeunes-chercheurs-Developpement-Pays-Sud.jpg","datePublished":"2019-02-14T15:12:23+00:00","breadcrumb":{"@id":"https:\/\/www.fondationbiodiversite.fr\/en\/the-frb-in-action\/support-to-young-reearchers\/prix-jeunes-chercheurs\/biodiversite-developpement\/#breadcrumb"},"inLanguage":"en-US","potentialAction":[{"@type":"ReadAction","target":["https:\/\/www.fondationbiodiversite.fr\/en\/the-frb-in-action\/support-to-young-reearchers\/prix-jeunes-chercheurs\/biodiversite-developpement\/"]}]},{"@type":"ImageObject","inLanguage":"en-US","@id":"https:\/\/www.fondationbiodiversite.fr\/en\/the-frb-in-action\/support-to-young-reearchers\/prix-jeunes-chercheurs\/biodiversite-developpement\/#primaryimage","url":"https:\/\/www.fondationbiodiversite.fr\/wp-content\/uploads\/2019\/02\/FRB-Prix-Jeunes-chercheurs-Developpement-Pays-Sud.jpg","contentUrl":"https:\/\/www.fondationbiodiversite.fr\/wp-content\/uploads\/2019\/02\/FRB-Prix-Jeunes-chercheurs-Developpement-Pays-Sud.jpg","width":690,"height":451,"caption":"Prix Jeunes chercheurs Cos-FRB 2018 - Recherche associant biodiversit\u00e9 et enjeux de d\u00e9veloppement dans les pays du Sud"},{"@type":"BreadcrumbList","@id":"https:\/\/www.fondationbiodiversite.fr\/en\/the-frb-in-action\/support-to-young-reearchers\/prix-jeunes-chercheurs\/biodiversite-developpement\/#breadcrumb","itemListElement":[{"@type":"ListItem","position":1,"name":"Accueil","item":"https:\/\/www.fondationbiodiversite.fr\/en\/"},{"@type":"ListItem","position":2,"name":"The FRB in action","item":"https:\/\/www.fondationbiodiversite.fr\/en\/the-frb-in-action\/"},{"@type":"ListItem","position":3,"name":"Support to young researchers","item":"https:\/\/www.fondationbiodiversite.fr\/en\/the-frb-in-action\/support-to-young-reearchers\/"},{"@type":"ListItem","position":4,"name":"Prix Jeunes Chercheurs","item":"https:\/\/www.fondationbiodiversite.fr\/en\/the-frb-in-action\/support-to-young-reearchers\/prix-jeunes-chercheurs\/"},{"@type":"ListItem","position":5,"name":"Biodiversit\u00e9 et enjeux de d\u00e9veloppement dans les pays du Sud"}]},{"@type":"WebSite","@id":"https:\/\/www.fondationbiodiversite.fr\/en\/#website","url":"https:\/\/www.fondationbiodiversite.fr\/en\/","name":"Fondation pour la recherche sur la biodiversit\u00e9","description":"Une plateforme entre les diff\u00e9rents acteurs scientifiques et les acteurs de la soci\u00e9t\u00e9 sur la biodiversit\u00e9..","publisher":{"@id":"https:\/\/www.fondationbiodiversite.fr\/en\/#organization"},"alternateName":"FRB","potentialAction":[{"@type":"SearchAction","target":{"@type":"EntryPoint","urlTemplate":"https:\/\/www.fondationbiodiversite.fr\/en\/?s={search_term_string}"},"query-input":{"@type":"PropertyValueSpecification","valueRequired":true,"valueName":"search_term_string"}}],"inLanguage":"en-US"},{"@type":"Organization","@id":"https:\/\/www.fondationbiodiversite.fr\/en\/#organization","name":"Fondation pour la recherche sur la biodiversit\u00e9","url":"https:\/\/www.fondationbiodiversite.fr\/en\/","logo":{"@type":"ImageObject","inLanguage":"en-US","@id":"https:\/\/www.fondationbiodiversite.fr\/en\/#\/schema\/logo\/image\/","url":"https:\/\/www.fondationbiodiversite.fr\/wp-content\/uploads\/2025\/10\/logo_FRB_RVB.png","contentUrl":"https:\/\/www.fondationbiodiversite.fr\/wp-content\/uploads\/2025\/10\/logo_FRB_RVB.png","width":220,"height":220,"caption":"Fondation pour la recherche sur la biodiversit\u00e9"},"image":{"@id":"https:\/\/www.fondationbiodiversite.fr\/en\/#\/schema\/logo\/image\/"},"sameAs":["https:\/\/www.facebook.com\/FRBiodiv#","https:\/\/x.com\/FRBiodiv","https:\/\/bsky.app\/profile\/frbiodiv.bsky.social","https:\/\/www.instagram.com\/frbiodiv\/","https:\/\/www.linkedin.com\/in\/fondation-pour-la-recherche-sur-la-biodiversit-223059121\/","https:\/\/www.youtube.com\/@FRBiodiv"]}]}},"_links":{"self":[{"href":"https:\/\/www.fondationbiodiversite.fr\/en\/wp-json\/wp\/v2\/pages\/2273","targetHints":{"allow":["GET"]}}],"collection":[{"href":"https:\/\/www.fondationbiodiversite.fr\/en\/wp-json\/wp\/v2\/pages"}],"about":[{"href":"https:\/\/www.fondationbiodiversite.fr\/en\/wp-json\/wp\/v2\/types\/page"}],"author":[{"embeddable":true,"href":"https:\/\/www.fondationbiodiversite.fr\/en\/wp-json\/wp\/v2\/users\/2"}],"replies":[{"embeddable":true,"href":"https:\/\/www.fondationbiodiversite.fr\/en\/wp-json\/wp\/v2\/comments?post=2273"}],"version-history":[{"count":0,"href":"https:\/\/www.fondationbiodiversite.fr\/en\/wp-json\/wp\/v2\/pages\/2273\/revisions"}],"up":[{"embeddable":true,"href":"https:\/\/www.fondationbiodiversite.fr\/en\/wp-json\/wp\/v2\/pages\/2266"}],"wp:featuredmedia":[{"embeddable":true,"href":"https:\/\/www.fondationbiodiversite.fr\/en\/wp-json\/wp\/v2\/media\/1709"}],"wp:attachment":[{"href":"https:\/\/www.fondationbiodiversite.fr\/en\/wp-json\/wp\/v2\/media?parent=2273"}],"curies":[{"name":"wp","href":"https:\/\/api.w.org\/{rel}","templated":true}]}}