
{"id":2272,"date":"2019-02-14T16:43:31","date_gmt":"2019-02-14T15:43:31","guid":{"rendered":"http:\/\/www.fondationbiodiversite.fr\/la-frb-en-action\/soutien-aux-jeunes-chercheurs\/prix-jeunes-chercheurs\/biodiversite-urbaine\/"},"modified":"2019-02-14T16:43:31","modified_gmt":"2019-02-14T15:43:31","slug":"biodiversite-urbaine","status":"publish","type":"page","link":"https:\/\/www.fondationbiodiversite.fr\/en\/the-frb-in-action\/support-to-young-reearchers\/prix-jeunes-chercheurs\/biodiversite-urbaine\/","title":{"rendered":"Biodiversit\u00e9 urbaine"},"content":{"rendered":"<p>Sophie Boulanger-Joimel a \u00e9t\u00e9 r\u00e9compens\u00e9e par la Fondation Prince Albert II de Monaco. Elle explique ci-dessous ses travaux et projets.<\/p>\n<p>&nbsp;<\/p>\n<h2>\u00c0 l\u2019\u00e9coute de la biodiversit\u00e9 improbable et insoup\u00e7onn\u00e9e des villes<\/h2>\n<p>Longtemps, la <b>biodiversit\u00e9 des villes<\/b> a \u00e9t\u00e9 per\u00e7ue comme un reliquat des milieux naturels ou agricoles dans lequel ne subsisteraient que des esp\u00e8ces adapt\u00e9es au milieu urbain, qui sont au mieux tol\u00e9r\u00e9es, au pire ind\u00e9sirables. Pigeon, rat, platane, ce sont souvent les premiers organismes vivants qui nous viennent \u00e0 l\u2019esprit lorsque que l\u2019on entend le terme \u00ab biodiversit\u00e9 urbaine \u00bb.<\/p>\n<p>Restreindre la biodiversit\u00e9 des villes \u00e0 cette simple image, c\u2019est oublier ses <b>r\u00f4les ind\u00e9niables<\/b> sur la <b>r\u00e9gulation du climat ou de l\u2019eau<\/b> dans un monde de plus en plus urbanis\u00e9. C\u2019est pour cette raison que je m\u2019int\u00e9resse \u00e0 cette biodiversit\u00e9 urbaine afin de participer \u00e0 l\u2019<b>acquisition de connaissances<\/b> pour faire \u00e9voluer la <b>ville \u00ab min\u00e9rale \u00bb<\/b> vers une <b>ville multifonctionnelle<\/b>, apte \u00e0 faire face aux changements globaux.<\/p>\n<p>Parmi la biodiversit\u00e9 urbaine, il existe une biodiversit\u00e9 \u00ab cach\u00e9e \u00bb sur laquelle je me penche plus sp\u00e9cialement : la <b>biodiversit\u00e9 du sol<\/b>. Outre sa valeur intrins\u00e8que \u2013 cette biodiversit\u00e9 repr\u00e9sente un quart de la diversit\u00e9 taxonomique globale \u2013 les organismes des sols sont \u00e0 la base de <b>nombreux services rendus<\/b> tels que la fertilit\u00e9 des sols ou la r\u00e9gulation de l\u2019eau. Et puis, comment pourrais-je rester de marbre devant tant de diversit\u00e9 de tailles, de formes, de pattes ou de couleurs ?\u00a0<\/p>\n<p>Je souhaite que mes recherches puissent permettre une <b>meilleure prise en compte de la biodiversit\u00e9 des sols<\/b> et de la mani\u00e8re dont nos <b>activit\u00e9s humaines impactent la biodiversit\u00e9<\/b>.<\/p>\n","protected":false},"excerpt":{"rendered":"<p>Sophie Boulanger-Joimel a \u00e9t\u00e9 r\u00e9compens\u00e9e par la Fondation Prince Albert II de Monaco. Elle explique ci-dessous ses travaux et projets. &nbsp; \u00c0 l\u2019\u00e9coute de la biodiversit\u00e9 improbable et insoup\u00e7onn\u00e9e des villes Longtemps, la biodiversit\u00e9 des villes a \u00e9t\u00e9 per\u00e7ue comme un reliquat des milieux naturels ou agricoles dans lequel ne subsisteraient que des esp\u00e8ces adapt\u00e9es [&hellip;]<\/p>\n","protected":false},"author":2,"featured_media":1729,"parent":2266,"menu_order":20,"comment_status":"closed","ping_status":"closed","template":"temp_frb-default.php","meta":{"_acf_changed":false,"inline_featured_image":false,"footnotes":""},"class_list":["post-2272","page","type-page","status-publish","has-post-thumbnail","hentry"],"acf":[],"yoast_head":"<!-- This site is optimized with the Yoast SEO plugin v27.4 - https:\/\/yoast.com\/product\/yoast-seo-wordpress\/ -->\n<title>Biodiversit\u00e9 urbaine - Fondation pour la recherche sur la biodiversit\u00e9<\/title>\n<meta name=\"robots\" content=\"index, follow, max-snippet:-1, max-image-preview:large, max-video-preview:-1\" \/>\n<link rel=\"canonical\" href=\"https:\/\/www.fondationbiodiversite.fr\/en\/the-frb-in-action\/support-to-young-reearchers\/prix-jeunes-chercheurs\/biodiversite-urbaine\/\" \/>\n<meta property=\"og:locale\" content=\"en_US\" \/>\n<meta property=\"og:type\" content=\"article\" \/>\n<meta property=\"og:title\" content=\"Biodiversit\u00e9 urbaine - Fondation pour la recherche sur la biodiversit\u00e9\" \/>\n<meta property=\"og:description\" content=\"Sophie Boulanger-Joimel a \u00e9t\u00e9 r\u00e9compens\u00e9e par la Fondation Prince Albert II de Monaco. Elle explique ci-dessous ses travaux et projets. &nbsp; \u00c0 l\u2019\u00e9coute de la biodiversit\u00e9 improbable et insoup\u00e7onn\u00e9e des villes Longtemps, la biodiversit\u00e9 des villes a \u00e9t\u00e9 per\u00e7ue comme un reliquat des milieux naturels ou agricoles dans lequel ne subsisteraient que des esp\u00e8ces adapt\u00e9es [&hellip;]\" \/>\n<meta property=\"og:url\" content=\"https:\/\/www.fondationbiodiversite.fr\/en\/the-frb-in-action\/support-to-young-reearchers\/prix-jeunes-chercheurs\/biodiversite-urbaine\/\" \/>\n<meta property=\"og:site_name\" content=\"Fondation pour la recherche sur la biodiversit\u00e9\" \/>\n<meta property=\"article:publisher\" content=\"https:\/\/www.facebook.com\/FRBiodiv#\" \/>\n<meta property=\"og:image\" content=\"https:\/\/www.fondationbiodiversite.fr\/wp-content\/uploads\/2019\/02\/FRB-Prix-Jeunes-chercheurs-Biodiversite-urbaine-1.jpg\" \/>\n\t<meta property=\"og:image:width\" content=\"690\" \/>\n\t<meta property=\"og:image:height\" content=\"450\" \/>\n\t<meta property=\"og:image:type\" content=\"image\/jpeg\" \/>\n<meta name=\"twitter:card\" content=\"summary_large_image\" \/>\n<meta name=\"twitter:site\" content=\"@FRBiodiv\" \/>\n<meta name=\"twitter:label1\" content=\"Est. reading time\" \/>\n\t<meta name=\"twitter:data1\" content=\"1 minute\" \/>\n<script type=\"application\/ld+json\" class=\"yoast-schema-graph\">{\"@context\":\"https:\\\/\\\/schema.org\",\"@graph\":[{\"@type\":\"WebPage\",\"@id\":\"https:\\\/\\\/www.fondationbiodiversite.fr\\\/en\\\/the-frb-in-action\\\/support-to-young-reearchers\\\/prix-jeunes-chercheurs\\\/biodiversite-urbaine\\\/\",\"url\":\"https:\\\/\\\/www.fondationbiodiversite.fr\\\/en\\\/the-frb-in-action\\\/support-to-young-reearchers\\\/prix-jeunes-chercheurs\\\/biodiversite-urbaine\\\/\",\"name\":\"Biodiversit\u00e9 urbaine - Fondation pour la recherche sur la biodiversit\u00e9\",\"isPartOf\":{\"@id\":\"https:\\\/\\\/www.fondationbiodiversite.fr\\\/en\\\/#website\"},\"primaryImageOfPage\":{\"@id\":\"https:\\\/\\\/www.fondationbiodiversite.fr\\\/en\\\/the-frb-in-action\\\/support-to-young-reearchers\\\/prix-jeunes-chercheurs\\\/biodiversite-urbaine\\\/#primaryimage\"},\"image\":{\"@id\":\"https:\\\/\\\/www.fondationbiodiversite.fr\\\/en\\\/the-frb-in-action\\\/support-to-young-reearchers\\\/prix-jeunes-chercheurs\\\/biodiversite-urbaine\\\/#primaryimage\"},\"thumbnailUrl\":\"https:\\\/\\\/www.fondationbiodiversite.fr\\\/wp-content\\\/uploads\\\/2019\\\/02\\\/FRB-Prix-Jeunes-chercheurs-Biodiversite-urbaine-1.jpg\",\"datePublished\":\"2019-02-14T15:43:31+00:00\",\"breadcrumb\":{\"@id\":\"https:\\\/\\\/www.fondationbiodiversite.fr\\\/en\\\/the-frb-in-action\\\/support-to-young-reearchers\\\/prix-jeunes-chercheurs\\\/biodiversite-urbaine\\\/#breadcrumb\"},\"inLanguage\":\"en-US\",\"potentialAction\":[{\"@type\":\"ReadAction\",\"target\":[\"https:\\\/\\\/www.fondationbiodiversite.fr\\\/en\\\/the-frb-in-action\\\/support-to-young-reearchers\\\/prix-jeunes-chercheurs\\\/biodiversite-urbaine\\\/\"]}]},{\"@type\":\"ImageObject\",\"inLanguage\":\"en-US\",\"@id\":\"https:\\\/\\\/www.fondationbiodiversite.fr\\\/en\\\/the-frb-in-action\\\/support-to-young-reearchers\\\/prix-jeunes-chercheurs\\\/biodiversite-urbaine\\\/#primaryimage\",\"url\":\"https:\\\/\\\/www.fondationbiodiversite.fr\\\/wp-content\\\/uploads\\\/2019\\\/02\\\/FRB-Prix-Jeunes-chercheurs-Biodiversite-urbaine-1.jpg\",\"contentUrl\":\"https:\\\/\\\/www.fondationbiodiversite.fr\\\/wp-content\\\/uploads\\\/2019\\\/02\\\/FRB-Prix-Jeunes-chercheurs-Biodiversite-urbaine-1.jpg\",\"width\":690,\"height\":450,\"caption\":\"Prix Jeunes chercheurs Cos-FRB 2018 - Biodiversit\u00e9 urbaine\"},{\"@type\":\"BreadcrumbList\",\"@id\":\"https:\\\/\\\/www.fondationbiodiversite.fr\\\/en\\\/the-frb-in-action\\\/support-to-young-reearchers\\\/prix-jeunes-chercheurs\\\/biodiversite-urbaine\\\/#breadcrumb\",\"itemListElement\":[{\"@type\":\"ListItem\",\"position\":1,\"name\":\"Accueil\",\"item\":\"https:\\\/\\\/www.fondationbiodiversite.fr\\\/en\\\/\"},{\"@type\":\"ListItem\",\"position\":2,\"name\":\"The FRB in action\",\"item\":\"https:\\\/\\\/www.fondationbiodiversite.fr\\\/en\\\/the-frb-in-action\\\/\"},{\"@type\":\"ListItem\",\"position\":3,\"name\":\"Support to young researchers\",\"item\":\"https:\\\/\\\/www.fondationbiodiversite.fr\\\/en\\\/the-frb-in-action\\\/support-to-young-reearchers\\\/\"},{\"@type\":\"ListItem\",\"position\":4,\"name\":\"Prix Jeunes Chercheurs\",\"item\":\"https:\\\/\\\/www.fondationbiodiversite.fr\\\/en\\\/the-frb-in-action\\\/support-to-young-reearchers\\\/prix-jeunes-chercheurs\\\/\"},{\"@type\":\"ListItem\",\"position\":5,\"name\":\"Biodiversit\u00e9 urbaine\"}]},{\"@type\":\"WebSite\",\"@id\":\"https:\\\/\\\/www.fondationbiodiversite.fr\\\/en\\\/#website\",\"url\":\"https:\\\/\\\/www.fondationbiodiversite.fr\\\/en\\\/\",\"name\":\"Fondation pour la recherche sur la biodiversit\u00e9\",\"description\":\"Une plateforme entre les diff\u00e9rents acteurs scientifiques et les acteurs de la soci\u00e9t\u00e9 sur la biodiversit\u00e9..\",\"publisher\":{\"@id\":\"https:\\\/\\\/www.fondationbiodiversite.fr\\\/en\\\/#organization\"},\"alternateName\":\"FRB\",\"potentialAction\":[{\"@type\":\"SearchAction\",\"target\":{\"@type\":\"EntryPoint\",\"urlTemplate\":\"https:\\\/\\\/www.fondationbiodiversite.fr\\\/en\\\/?s={search_term_string}\"},\"query-input\":{\"@type\":\"PropertyValueSpecification\",\"valueRequired\":true,\"valueName\":\"search_term_string\"}}],\"inLanguage\":\"en-US\"},{\"@type\":\"Organization\",\"@id\":\"https:\\\/\\\/www.fondationbiodiversite.fr\\\/en\\\/#organization\",\"name\":\"Fondation pour la recherche sur la biodiversit\u00e9\",\"url\":\"https:\\\/\\\/www.fondationbiodiversite.fr\\\/en\\\/\",\"logo\":{\"@type\":\"ImageObject\",\"inLanguage\":\"en-US\",\"@id\":\"https:\\\/\\\/www.fondationbiodiversite.fr\\\/en\\\/#\\\/schema\\\/logo\\\/image\\\/\",\"url\":\"https:\\\/\\\/www.fondationbiodiversite.fr\\\/wp-content\\\/uploads\\\/2025\\\/10\\\/logo_FRB_RVB.png\",\"contentUrl\":\"https:\\\/\\\/www.fondationbiodiversite.fr\\\/wp-content\\\/uploads\\\/2025\\\/10\\\/logo_FRB_RVB.png\",\"width\":220,\"height\":220,\"caption\":\"Fondation pour la recherche sur la biodiversit\u00e9\"},\"image\":{\"@id\":\"https:\\\/\\\/www.fondationbiodiversite.fr\\\/en\\\/#\\\/schema\\\/logo\\\/image\\\/\"},\"sameAs\":[\"https:\\\/\\\/www.facebook.com\\\/FRBiodiv#\",\"https:\\\/\\\/x.com\\\/FRBiodiv\",\"https:\\\/\\\/bsky.app\\\/profile\\\/frbiodiv.bsky.social\",\"https:\\\/\\\/www.instagram.com\\\/frbiodiv\\\/\",\"https:\\\/\\\/www.linkedin.com\\\/in\\\/fondation-pour-la-recherche-sur-la-biodiversit-223059121\\\/\",\"https:\\\/\\\/www.youtube.com\\\/@FRBiodiv\"]}]}<\/script>\n<!-- \/ Yoast SEO plugin. -->","yoast_head_json":{"title":"Biodiversit\u00e9 urbaine - Fondation pour la recherche sur la biodiversit\u00e9","robots":{"index":"index","follow":"follow","max-snippet":"max-snippet:-1","max-image-preview":"max-image-preview:large","max-video-preview":"max-video-preview:-1"},"canonical":"https:\/\/www.fondationbiodiversite.fr\/en\/the-frb-in-action\/support-to-young-reearchers\/prix-jeunes-chercheurs\/biodiversite-urbaine\/","og_locale":"en_US","og_type":"article","og_title":"Biodiversit\u00e9 urbaine - Fondation pour la recherche sur la biodiversit\u00e9","og_description":"Sophie Boulanger-Joimel a \u00e9t\u00e9 r\u00e9compens\u00e9e par la Fondation Prince Albert II de Monaco. Elle explique ci-dessous ses travaux et projets. &nbsp; \u00c0 l\u2019\u00e9coute de la biodiversit\u00e9 improbable et insoup\u00e7onn\u00e9e des villes Longtemps, la biodiversit\u00e9 des villes a \u00e9t\u00e9 per\u00e7ue comme un reliquat des milieux naturels ou agricoles dans lequel ne subsisteraient que des esp\u00e8ces adapt\u00e9es [&hellip;]","og_url":"https:\/\/www.fondationbiodiversite.fr\/en\/the-frb-in-action\/support-to-young-reearchers\/prix-jeunes-chercheurs\/biodiversite-urbaine\/","og_site_name":"Fondation pour la recherche sur la biodiversit\u00e9","article_publisher":"https:\/\/www.facebook.com\/FRBiodiv#","og_image":[{"width":690,"height":450,"url":"https:\/\/www.fondationbiodiversite.fr\/wp-content\/uploads\/2019\/02\/FRB-Prix-Jeunes-chercheurs-Biodiversite-urbaine-1.jpg","type":"image\/jpeg"}],"twitter_card":"summary_large_image","twitter_site":"@FRBiodiv","twitter_misc":{"Est. reading time":"1 minute"},"schema":{"@context":"https:\/\/schema.org","@graph":[{"@type":"WebPage","@id":"https:\/\/www.fondationbiodiversite.fr\/en\/the-frb-in-action\/support-to-young-reearchers\/prix-jeunes-chercheurs\/biodiversite-urbaine\/","url":"https:\/\/www.fondationbiodiversite.fr\/en\/the-frb-in-action\/support-to-young-reearchers\/prix-jeunes-chercheurs\/biodiversite-urbaine\/","name":"Biodiversit\u00e9 urbaine - Fondation pour la recherche sur la biodiversit\u00e9","isPartOf":{"@id":"https:\/\/www.fondationbiodiversite.fr\/en\/#website"},"primaryImageOfPage":{"@id":"https:\/\/www.fondationbiodiversite.fr\/en\/the-frb-in-action\/support-to-young-reearchers\/prix-jeunes-chercheurs\/biodiversite-urbaine\/#primaryimage"},"image":{"@id":"https:\/\/www.fondationbiodiversite.fr\/en\/the-frb-in-action\/support-to-young-reearchers\/prix-jeunes-chercheurs\/biodiversite-urbaine\/#primaryimage"},"thumbnailUrl":"https:\/\/www.fondationbiodiversite.fr\/wp-content\/uploads\/2019\/02\/FRB-Prix-Jeunes-chercheurs-Biodiversite-urbaine-1.jpg","datePublished":"2019-02-14T15:43:31+00:00","breadcrumb":{"@id":"https:\/\/www.fondationbiodiversite.fr\/en\/the-frb-in-action\/support-to-young-reearchers\/prix-jeunes-chercheurs\/biodiversite-urbaine\/#breadcrumb"},"inLanguage":"en-US","potentialAction":[{"@type":"ReadAction","target":["https:\/\/www.fondationbiodiversite.fr\/en\/the-frb-in-action\/support-to-young-reearchers\/prix-jeunes-chercheurs\/biodiversite-urbaine\/"]}]},{"@type":"ImageObject","inLanguage":"en-US","@id":"https:\/\/www.fondationbiodiversite.fr\/en\/the-frb-in-action\/support-to-young-reearchers\/prix-jeunes-chercheurs\/biodiversite-urbaine\/#primaryimage","url":"https:\/\/www.fondationbiodiversite.fr\/wp-content\/uploads\/2019\/02\/FRB-Prix-Jeunes-chercheurs-Biodiversite-urbaine-1.jpg","contentUrl":"https:\/\/www.fondationbiodiversite.fr\/wp-content\/uploads\/2019\/02\/FRB-Prix-Jeunes-chercheurs-Biodiversite-urbaine-1.jpg","width":690,"height":450,"caption":"Prix Jeunes chercheurs Cos-FRB 2018 - Biodiversit\u00e9 urbaine"},{"@type":"BreadcrumbList","@id":"https:\/\/www.fondationbiodiversite.fr\/en\/the-frb-in-action\/support-to-young-reearchers\/prix-jeunes-chercheurs\/biodiversite-urbaine\/#breadcrumb","itemListElement":[{"@type":"ListItem","position":1,"name":"Accueil","item":"https:\/\/www.fondationbiodiversite.fr\/en\/"},{"@type":"ListItem","position":2,"name":"The FRB in action","item":"https:\/\/www.fondationbiodiversite.fr\/en\/the-frb-in-action\/"},{"@type":"ListItem","position":3,"name":"Support to young researchers","item":"https:\/\/www.fondationbiodiversite.fr\/en\/the-frb-in-action\/support-to-young-reearchers\/"},{"@type":"ListItem","position":4,"name":"Prix Jeunes Chercheurs","item":"https:\/\/www.fondationbiodiversite.fr\/en\/the-frb-in-action\/support-to-young-reearchers\/prix-jeunes-chercheurs\/"},{"@type":"ListItem","position":5,"name":"Biodiversit\u00e9 urbaine"}]},{"@type":"WebSite","@id":"https:\/\/www.fondationbiodiversite.fr\/en\/#website","url":"https:\/\/www.fondationbiodiversite.fr\/en\/","name":"Fondation pour la recherche sur la biodiversit\u00e9","description":"Une plateforme entre les diff\u00e9rents acteurs scientifiques et les acteurs de la soci\u00e9t\u00e9 sur la biodiversit\u00e9..","publisher":{"@id":"https:\/\/www.fondationbiodiversite.fr\/en\/#organization"},"alternateName":"FRB","potentialAction":[{"@type":"SearchAction","target":{"@type":"EntryPoint","urlTemplate":"https:\/\/www.fondationbiodiversite.fr\/en\/?s={search_term_string}"},"query-input":{"@type":"PropertyValueSpecification","valueRequired":true,"valueName":"search_term_string"}}],"inLanguage":"en-US"},{"@type":"Organization","@id":"https:\/\/www.fondationbiodiversite.fr\/en\/#organization","name":"Fondation pour la recherche sur la biodiversit\u00e9","url":"https:\/\/www.fondationbiodiversite.fr\/en\/","logo":{"@type":"ImageObject","inLanguage":"en-US","@id":"https:\/\/www.fondationbiodiversite.fr\/en\/#\/schema\/logo\/image\/","url":"https:\/\/www.fondationbiodiversite.fr\/wp-content\/uploads\/2025\/10\/logo_FRB_RVB.png","contentUrl":"https:\/\/www.fondationbiodiversite.fr\/wp-content\/uploads\/2025\/10\/logo_FRB_RVB.png","width":220,"height":220,"caption":"Fondation pour la recherche sur la biodiversit\u00e9"},"image":{"@id":"https:\/\/www.fondationbiodiversite.fr\/en\/#\/schema\/logo\/image\/"},"sameAs":["https:\/\/www.facebook.com\/FRBiodiv#","https:\/\/x.com\/FRBiodiv","https:\/\/bsky.app\/profile\/frbiodiv.bsky.social","https:\/\/www.instagram.com\/frbiodiv\/","https:\/\/www.linkedin.com\/in\/fondation-pour-la-recherche-sur-la-biodiversit-223059121\/","https:\/\/www.youtube.com\/@FRBiodiv"]}]}},"_links":{"self":[{"href":"https:\/\/www.fondationbiodiversite.fr\/en\/wp-json\/wp\/v2\/pages\/2272","targetHints":{"allow":["GET"]}}],"collection":[{"href":"https:\/\/www.fondationbiodiversite.fr\/en\/wp-json\/wp\/v2\/pages"}],"about":[{"href":"https:\/\/www.fondationbiodiversite.fr\/en\/wp-json\/wp\/v2\/types\/page"}],"author":[{"embeddable":true,"href":"https:\/\/www.fondationbiodiversite.fr\/en\/wp-json\/wp\/v2\/users\/2"}],"replies":[{"embeddable":true,"href":"https:\/\/www.fondationbiodiversite.fr\/en\/wp-json\/wp\/v2\/comments?post=2272"}],"version-history":[{"count":0,"href":"https:\/\/www.fondationbiodiversite.fr\/en\/wp-json\/wp\/v2\/pages\/2272\/revisions"}],"up":[{"embeddable":true,"href":"https:\/\/www.fondationbiodiversite.fr\/en\/wp-json\/wp\/v2\/pages\/2266"}],"wp:featuredmedia":[{"embeddable":true,"href":"https:\/\/www.fondationbiodiversite.fr\/en\/wp-json\/wp\/v2\/media\/1729"}],"wp:attachment":[{"href":"https:\/\/www.fondationbiodiversite.fr\/en\/wp-json\/wp\/v2\/media?parent=2272"}],"curies":[{"name":"wp","href":"https:\/\/api.w.org\/{rel}","templated":true}]}}