
{"id":22710,"date":"2024-06-03T10:45:45","date_gmt":"2024-06-03T08:45:45","guid":{"rendered":"https:\/\/www.fondationbiodiversite.fr\/?page_id=22710"},"modified":"2026-02-19T12:02:30","modified_gmt":"2026-02-19T11:02:30","slug":"co-op4cbd","status":"publish","type":"page","link":"https:\/\/www.fondationbiodiversite.fr\/en\/the-frb-in-action\/our-involvement\/co-op4cbd\/","title":{"rendered":"CO-OP4CBD"},"content":{"rendered":"<p><span class=\"TextRun SCXW22747759 BCX0\" lang=\"EN-GB\" xml:lang=\"EN-GB\" data-contrast=\"auto\"><span class=\"NormalTextRun SCXW22747759 BCX0\">The <\/span><span class=\"NormalTextRun SCXW22747759 BCX0\">aim<\/span><span class=\"NormalTextRun SCXW22747759 BCX0\"> of CO-OP4CBD <\/span><span class=\"NormalTextRun SCXW22747759 BCX0\">is<\/span> <span class=\"NormalTextRun SCXW22747759 BCX0\">to:<\/span><\/span><span class=\"EOP SCXW22747759 BCX0\" data-ccp-props=\"{&quot;201341983&quot;:0,&quot;335559739&quot;:160,&quot;335559740&quot;:259}\">\u00a0<\/span><\/p>\n<p>&nbsp;<\/p>\n<ul>\n<li>Better engage European expertise in the CBD processes through the negotiators of the Member States of the European Union (EU) and associated countries;<\/li>\n<li>Increase access to European expertise through scientific and technical cooperation and targeted capacity building;<\/li>\n<li>Contribute to the development of an effective monitoring and evaluation process for the efforts of the Member States of the European Union and associated countries in implementing the Kunming-Montr\u00e9al Global Biodiversity Framework.<\/li>\n<\/ul>\n<p>&nbsp;<\/p>\n<p>Nine European partners are involved in this project, coordinated by the <a href=\"https:\/\/www.fondationbiodiversite.fr\/en\/\" target=\"_blank\" rel=\"noopener\">French Foundation for Biodiversity Research<\/a> (FRB) and the <a href=\"https:\/\/www.unep-wcmc.org\/en\" target=\"_blank\" rel=\"noopener\">World Conservation Monitoring Centre<\/a> (Unep-WCMC).<\/p>\n<p><img loading=\"lazy\" decoding=\"async\" class=\"aligncenter size-full wp-image-24588\" src=\"https:\/\/www.fondationbiodiversite.fr\/wp-content\/uploads\/2024\/02\/FRB-Coop4CBD-Carte-4.png\" alt=\"FRB-Coop4CBD-Carte-4\" width=\"1438\" height=\"938\" srcset=\"https:\/\/www.fondationbiodiversite.fr\/wp-content\/uploads\/2024\/02\/FRB-Coop4CBD-Carte-4.png 1438w, https:\/\/www.fondationbiodiversite.fr\/wp-content\/uploads\/2024\/02\/FRB-Coop4CBD-Carte-4-300x196.png 300w, https:\/\/www.fondationbiodiversite.fr\/wp-content\/uploads\/2024\/02\/FRB-Coop4CBD-Carte-4-1024x668.png 1024w, https:\/\/www.fondationbiodiversite.fr\/wp-content\/uploads\/2024\/02\/FRB-Coop4CBD-Carte-4-768x501.png 768w\" sizes=\"auto, (max-width: 1438px) 100vw, 1438px\" \/><\/p>\n<p>&nbsp;<\/p>\n<p>&nbsp;<\/p>\n<h4>The project is divided into six main missions:<\/h4>\n<p>&nbsp;<\/p>\n<div class=\"content_accordion\"><\/p>\n<div class=\"accordion-level\">\n<div class=\"header\">Mapping the expertise landscape for technical and scientific cooperation \u2013 coordinated by Syke (Finland) <\/div>\n<div class=\"content\">\n<p>The goal is to identify and map knowledge needs within the framework of the CBD and to prioritize these needs with CBD negotiators, while identifying and mapping knowledge holders, institutions, networks, and platforms relevant to the Convention&#8217;s agenda.<\/p>\n<\/div>\n<\/div>\n<div class=\"accordion-level\">\n<div class=\"header\">Engaging expertise in CBD processes \u2013 coordinated by FRB (France)<\/div>\n<div class=\"content\">\n<p>The purpose is to address the need to engage experts and researchers in the preparatory processes to support the work of the European Union&#8217;s negotiators, its Member States, and associated countries within the CBD processes. The challenge here is also to support the identification of current knowledge gaps for biodiversity-related decision-making and to enhance governments&#8217; use of existing knowledge.<\/p>\n<\/div>\n<\/div>\n<div class=\"accordion-level\">\n<div class=\"header\">Supporting monitoring, reporting, and review \u2013 coordinated by Unep-WCMC (United Kingdom)<\/div>\n<div class=\"content\">\n<p>This mission meets the needs of the European Union, its Member States, and associated countries by translating and implementing the monitoring framework of the Kunming-Montr\u00e9al global biodiversity framework at the regional and national levels in the EU Member States.<\/p>\n<\/div>\n<\/div>\n<div class=\"accordion-level\">\n<div class=\"header\">Supporting technical and scientific cooperation \u2013 coordinated by Nina (Norway) <\/div>\n<div class=\"content\">\n<p>This mission involves supporting the development of technical and scientific cooperation and expanding the capacity to make coherent contributions to the CBD, at the level of scientists, traditional ecological knowledge holders, and policymakers. It enables European researchers to more effectively participate in the work of the CBD, its subsidiary bodies, and working groups.<\/p>\n<\/div>\n<\/div>\n<div class=\"accordion-level\">\n<div class=\"header\">Communicating, disseminating, and exploiting \u2013 coordinated by Pensoft Publishers (Bulgaria) <\/div>\n<div class=\"content\">\n<p>The objective here is to increase the efficiency, dissemination, and impact of CO-OP4CBD&#8217;s work by raising awareness and maximizing the impact of project outcomes, supporting community building and knowledge exchange throughout the project, and providing relevant materials and tools to enhance communication.<\/p>\n<\/div>\n<\/div>\n<div class=\"accordion-level\">\n<div class=\"header\">Coordinating, managing, and identifying synergies \u2013 coordinated by FRB (France) and Unep-WCMC (United Kingdom).<\/div>\n<div class=\"content\">\n<p>The main goal of this mission is to provide effective and transparent project coordination and management, as well as to ensure consistency with the CBD agenda and to identify links, where possible, to connect the project&#8217;s work with other agreements and intergovernmental processes.<\/p>\n<\/div>\n<\/div>\n<\/div>\n<p>&nbsp;<\/p>\n<p style=\"text-align: center;\">Are you interested in joining the network of experts? <a href=\"https:\/\/docs.google.com\/forms\/d\/e\/1FAIpQLSdhBRHCZVbKfaxu-dm5bC8yqWx-SBeVztYdjrbu7qZFmwVJvw\/viewform?pli=1\" target=\"_blank\" rel=\"noopener\">Please visit this link<\/a>.<\/p>\n<p>&nbsp;<\/p>\n","protected":false},"excerpt":{"rendered":"<p>The aim of CO-OP4CBD is to:\u00a0 &nbsp; Better engage European expertise in the CBD processes through the negotiators of the Member States of the European Union (EU) and associated countries; Increase access to European expertise through scientific and technical cooperation and targeted capacity building; Contribute to the development of an effective monitoring and evaluation process [&hellip;]<\/p>\n","protected":false},"author":14,"featured_media":22700,"parent":2276,"menu_order":1,"comment_status":"closed","ping_status":"closed","template":"temp_frb-default.php","meta":{"_acf_changed":false,"inline_featured_image":false,"footnotes":""},"class_list":["post-22710","page","type-page","status-publish","has-post-thumbnail","hentry"],"acf":[],"yoast_head":"<!-- This site is optimized with the Yoast SEO plugin v27.3 - https:\/\/yoast.com\/product\/yoast-seo-wordpress\/ -->\n<title>CO-OP4CBD - Fondation pour la recherche sur la biodiversit\u00e9<\/title>\n<meta name=\"description\" content=\"CO-OP4CBD, or &quot;Cooperation for the Convention on Biological Diversity (CBD),&quot; is a Horizon Europe project that began in December 2022 and is funded by the European Union with 4 million euros over 4 years.\" \/>\n<meta name=\"robots\" content=\"index, follow, max-snippet:-1, max-image-preview:large, max-video-preview:-1\" \/>\n<link rel=\"canonical\" href=\"https:\/\/www.fondationbiodiversite.fr\/en\/the-frb-in-action\/our-involvement\/co-op4cbd\/\" \/>\n<meta property=\"og:locale\" content=\"en_US\" \/>\n<meta property=\"og:type\" content=\"article\" \/>\n<meta property=\"og:title\" content=\"CO-OP4CBD - Fondation pour la recherche sur la biodiversit\u00e9\" \/>\n<meta property=\"og:description\" content=\"CO-OP4CBD, or &quot;Cooperation for the Convention on Biological Diversity (CBD),&quot; is a Horizon Europe project that began in December 2022 and is funded by the European Union with 4 million euros over 4 years.\" \/>\n<meta property=\"og:url\" content=\"https:\/\/www.fondationbiodiversite.fr\/en\/the-frb-in-action\/our-involvement\/co-op4cbd\/\" \/>\n<meta property=\"og:site_name\" content=\"Fondation pour la recherche sur la biodiversit\u00e9\" \/>\n<meta property=\"article:publisher\" content=\"https:\/\/www.facebook.com\/FRBiodiv#\" \/>\n<meta property=\"article:modified_time\" content=\"2026-02-19T11:02:30+00:00\" \/>\n<meta property=\"og:image\" content=\"https:\/\/www.fondationbiodiversite.fr\/wp-content\/uploads\/2023\/06\/4.-CO-OP4CBD-logo-vertical-web.png\" \/>\n\t<meta property=\"og:image:width\" content=\"1772\" \/>\n\t<meta property=\"og:image:height\" content=\"1772\" \/>\n\t<meta property=\"og:image:type\" content=\"image\/png\" \/>\n<meta name=\"twitter:card\" content=\"summary_large_image\" \/>\n<meta name=\"twitter:site\" content=\"@FRBiodiv\" \/>\n<meta name=\"twitter:label1\" content=\"Est. reading time\" \/>\n\t<meta name=\"twitter:data1\" content=\"4 minutes\" \/>\n<script type=\"application\/ld+json\" class=\"yoast-schema-graph\">{\"@context\":\"https:\\\/\\\/schema.org\",\"@graph\":[{\"@type\":\"WebPage\",\"@id\":\"https:\\\/\\\/www.fondationbiodiversite.fr\\\/en\\\/the-frb-in-action\\\/our-involvement\\\/co-op4cbd\\\/\",\"url\":\"https:\\\/\\\/www.fondationbiodiversite.fr\\\/en\\\/the-frb-in-action\\\/our-involvement\\\/co-op4cbd\\\/\",\"name\":\"CO-OP4CBD - Fondation pour la recherche sur la biodiversit\u00e9\",\"isPartOf\":{\"@id\":\"https:\\\/\\\/www.fondationbiodiversite.fr\\\/en\\\/#website\"},\"primaryImageOfPage\":{\"@id\":\"https:\\\/\\\/www.fondationbiodiversite.fr\\\/en\\\/the-frb-in-action\\\/our-involvement\\\/co-op4cbd\\\/#primaryimage\"},\"image\":{\"@id\":\"https:\\\/\\\/www.fondationbiodiversite.fr\\\/en\\\/the-frb-in-action\\\/our-involvement\\\/co-op4cbd\\\/#primaryimage\"},\"thumbnailUrl\":\"https:\\\/\\\/www.fondationbiodiversite.fr\\\/wp-content\\\/uploads\\\/2023\\\/06\\\/4.-CO-OP4CBD-logo-vertical-web.png\",\"datePublished\":\"2024-06-03T08:45:45+00:00\",\"dateModified\":\"2026-02-19T11:02:30+00:00\",\"description\":\"CO-OP4CBD, or \\\"Cooperation for the Convention on Biological Diversity (CBD),\\\" is a Horizon Europe project that began in December 2022 and is funded by the European Union with 4 million euros over 4 years.\",\"breadcrumb\":{\"@id\":\"https:\\\/\\\/www.fondationbiodiversite.fr\\\/en\\\/the-frb-in-action\\\/our-involvement\\\/co-op4cbd\\\/#breadcrumb\"},\"inLanguage\":\"en-US\",\"potentialAction\":[{\"@type\":\"ReadAction\",\"target\":[\"https:\\\/\\\/www.fondationbiodiversite.fr\\\/en\\\/the-frb-in-action\\\/our-involvement\\\/co-op4cbd\\\/\"]}]},{\"@type\":\"ImageObject\",\"inLanguage\":\"en-US\",\"@id\":\"https:\\\/\\\/www.fondationbiodiversite.fr\\\/en\\\/the-frb-in-action\\\/our-involvement\\\/co-op4cbd\\\/#primaryimage\",\"url\":\"https:\\\/\\\/www.fondationbiodiversite.fr\\\/wp-content\\\/uploads\\\/2023\\\/06\\\/4.-CO-OP4CBD-logo-vertical-web.png\",\"contentUrl\":\"https:\\\/\\\/www.fondationbiodiversite.fr\\\/wp-content\\\/uploads\\\/2023\\\/06\\\/4.-CO-OP4CBD-logo-vertical-web.png\",\"width\":1772,\"height\":1772},{\"@type\":\"BreadcrumbList\",\"@id\":\"https:\\\/\\\/www.fondationbiodiversite.fr\\\/en\\\/the-frb-in-action\\\/our-involvement\\\/co-op4cbd\\\/#breadcrumb\",\"itemListElement\":[{\"@type\":\"ListItem\",\"position\":1,\"name\":\"Accueil\",\"item\":\"https:\\\/\\\/www.fondationbiodiversite.fr\\\/en\\\/\"},{\"@type\":\"ListItem\",\"position\":2,\"name\":\"The FRB in action\",\"item\":\"https:\\\/\\\/www.fondationbiodiversite.fr\\\/en\\\/the-frb-in-action\\\/\"},{\"@type\":\"ListItem\",\"position\":3,\"name\":\"Our international involvement\",\"item\":\"https:\\\/\\\/www.fondationbiodiversite.fr\\\/en\\\/the-frb-in-action\\\/our-involvement\\\/\"},{\"@type\":\"ListItem\",\"position\":4,\"name\":\"CO-OP4CBD\"}]},{\"@type\":\"WebSite\",\"@id\":\"https:\\\/\\\/www.fondationbiodiversite.fr\\\/en\\\/#website\",\"url\":\"https:\\\/\\\/www.fondationbiodiversite.fr\\\/en\\\/\",\"name\":\"Fondation pour la recherche sur la biodiversit\u00e9\",\"description\":\"Une plateforme entre les diff\u00e9rents acteurs scientifiques et les acteurs de la soci\u00e9t\u00e9 sur la biodiversit\u00e9..\",\"publisher\":{\"@id\":\"https:\\\/\\\/www.fondationbiodiversite.fr\\\/en\\\/#organization\"},\"alternateName\":\"FRB\",\"potentialAction\":[{\"@type\":\"SearchAction\",\"target\":{\"@type\":\"EntryPoint\",\"urlTemplate\":\"https:\\\/\\\/www.fondationbiodiversite.fr\\\/en\\\/?s={search_term_string}\"},\"query-input\":{\"@type\":\"PropertyValueSpecification\",\"valueRequired\":true,\"valueName\":\"search_term_string\"}}],\"inLanguage\":\"en-US\"},{\"@type\":\"Organization\",\"@id\":\"https:\\\/\\\/www.fondationbiodiversite.fr\\\/en\\\/#organization\",\"name\":\"Fondation pour la recherche sur la biodiversit\u00e9\",\"url\":\"https:\\\/\\\/www.fondationbiodiversite.fr\\\/en\\\/\",\"logo\":{\"@type\":\"ImageObject\",\"inLanguage\":\"en-US\",\"@id\":\"https:\\\/\\\/www.fondationbiodiversite.fr\\\/en\\\/#\\\/schema\\\/logo\\\/image\\\/\",\"url\":\"https:\\\/\\\/www.fondationbiodiversite.fr\\\/wp-content\\\/uploads\\\/2025\\\/10\\\/logo_FRB_RVB.png\",\"contentUrl\":\"https:\\\/\\\/www.fondationbiodiversite.fr\\\/wp-content\\\/uploads\\\/2025\\\/10\\\/logo_FRB_RVB.png\",\"width\":220,\"height\":220,\"caption\":\"Fondation pour la recherche sur la biodiversit\u00e9\"},\"image\":{\"@id\":\"https:\\\/\\\/www.fondationbiodiversite.fr\\\/en\\\/#\\\/schema\\\/logo\\\/image\\\/\"},\"sameAs\":[\"https:\\\/\\\/www.facebook.com\\\/FRBiodiv#\",\"https:\\\/\\\/x.com\\\/FRBiodiv\",\"https:\\\/\\\/bsky.app\\\/profile\\\/frbiodiv.bsky.social\",\"https:\\\/\\\/www.instagram.com\\\/frbiodiv\\\/\",\"https:\\\/\\\/www.linkedin.com\\\/in\\\/fondation-pour-la-recherche-sur-la-biodiversit-223059121\\\/\",\"https:\\\/\\\/www.youtube.com\\\/@FRBiodiv\"]}]}<\/script>\n<!-- \/ Yoast SEO plugin. -->","yoast_head_json":{"title":"CO-OP4CBD - Fondation pour la recherche sur la biodiversit\u00e9","description":"CO-OP4CBD, or \"Cooperation for the Convention on Biological Diversity (CBD),\" is a Horizon Europe project that began in December 2022 and is funded by the European Union with 4 million euros over 4 years.","robots":{"index":"index","follow":"follow","max-snippet":"max-snippet:-1","max-image-preview":"max-image-preview:large","max-video-preview":"max-video-preview:-1"},"canonical":"https:\/\/www.fondationbiodiversite.fr\/en\/the-frb-in-action\/our-involvement\/co-op4cbd\/","og_locale":"en_US","og_type":"article","og_title":"CO-OP4CBD - Fondation pour la recherche sur la biodiversit\u00e9","og_description":"CO-OP4CBD, or \"Cooperation for the Convention on Biological Diversity (CBD),\" is a Horizon Europe project that began in December 2022 and is funded by the European Union with 4 million euros over 4 years.","og_url":"https:\/\/www.fondationbiodiversite.fr\/en\/the-frb-in-action\/our-involvement\/co-op4cbd\/","og_site_name":"Fondation pour la recherche sur la biodiversit\u00e9","article_publisher":"https:\/\/www.facebook.com\/FRBiodiv#","article_modified_time":"2026-02-19T11:02:30+00:00","og_image":[{"width":1772,"height":1772,"url":"https:\/\/www.fondationbiodiversite.fr\/wp-content\/uploads\/2023\/06\/4.-CO-OP4CBD-logo-vertical-web.png","type":"image\/png"}],"twitter_card":"summary_large_image","twitter_site":"@FRBiodiv","twitter_misc":{"Est. reading time":"4 minutes"},"schema":{"@context":"https:\/\/schema.org","@graph":[{"@type":"WebPage","@id":"https:\/\/www.fondationbiodiversite.fr\/en\/the-frb-in-action\/our-involvement\/co-op4cbd\/","url":"https:\/\/www.fondationbiodiversite.fr\/en\/the-frb-in-action\/our-involvement\/co-op4cbd\/","name":"CO-OP4CBD - Fondation pour la recherche sur la biodiversit\u00e9","isPartOf":{"@id":"https:\/\/www.fondationbiodiversite.fr\/en\/#website"},"primaryImageOfPage":{"@id":"https:\/\/www.fondationbiodiversite.fr\/en\/the-frb-in-action\/our-involvement\/co-op4cbd\/#primaryimage"},"image":{"@id":"https:\/\/www.fondationbiodiversite.fr\/en\/the-frb-in-action\/our-involvement\/co-op4cbd\/#primaryimage"},"thumbnailUrl":"https:\/\/www.fondationbiodiversite.fr\/wp-content\/uploads\/2023\/06\/4.-CO-OP4CBD-logo-vertical-web.png","datePublished":"2024-06-03T08:45:45+00:00","dateModified":"2026-02-19T11:02:30+00:00","description":"CO-OP4CBD, or \"Cooperation for the Convention on Biological Diversity (CBD),\" is a Horizon Europe project that began in December 2022 and is funded by the European Union with 4 million euros over 4 years.","breadcrumb":{"@id":"https:\/\/www.fondationbiodiversite.fr\/en\/the-frb-in-action\/our-involvement\/co-op4cbd\/#breadcrumb"},"inLanguage":"en-US","potentialAction":[{"@type":"ReadAction","target":["https:\/\/www.fondationbiodiversite.fr\/en\/the-frb-in-action\/our-involvement\/co-op4cbd\/"]}]},{"@type":"ImageObject","inLanguage":"en-US","@id":"https:\/\/www.fondationbiodiversite.fr\/en\/the-frb-in-action\/our-involvement\/co-op4cbd\/#primaryimage","url":"https:\/\/www.fondationbiodiversite.fr\/wp-content\/uploads\/2023\/06\/4.-CO-OP4CBD-logo-vertical-web.png","contentUrl":"https:\/\/www.fondationbiodiversite.fr\/wp-content\/uploads\/2023\/06\/4.-CO-OP4CBD-logo-vertical-web.png","width":1772,"height":1772},{"@type":"BreadcrumbList","@id":"https:\/\/www.fondationbiodiversite.fr\/en\/the-frb-in-action\/our-involvement\/co-op4cbd\/#breadcrumb","itemListElement":[{"@type":"ListItem","position":1,"name":"Accueil","item":"https:\/\/www.fondationbiodiversite.fr\/en\/"},{"@type":"ListItem","position":2,"name":"The FRB in action","item":"https:\/\/www.fondationbiodiversite.fr\/en\/the-frb-in-action\/"},{"@type":"ListItem","position":3,"name":"Our international involvement","item":"https:\/\/www.fondationbiodiversite.fr\/en\/the-frb-in-action\/our-involvement\/"},{"@type":"ListItem","position":4,"name":"CO-OP4CBD"}]},{"@type":"WebSite","@id":"https:\/\/www.fondationbiodiversite.fr\/en\/#website","url":"https:\/\/www.fondationbiodiversite.fr\/en\/","name":"Fondation pour la recherche sur la biodiversit\u00e9","description":"Une plateforme entre les diff\u00e9rents acteurs scientifiques et les acteurs de la soci\u00e9t\u00e9 sur la biodiversit\u00e9..","publisher":{"@id":"https:\/\/www.fondationbiodiversite.fr\/en\/#organization"},"alternateName":"FRB","potentialAction":[{"@type":"SearchAction","target":{"@type":"EntryPoint","urlTemplate":"https:\/\/www.fondationbiodiversite.fr\/en\/?s={search_term_string}"},"query-input":{"@type":"PropertyValueSpecification","valueRequired":true,"valueName":"search_term_string"}}],"inLanguage":"en-US"},{"@type":"Organization","@id":"https:\/\/www.fondationbiodiversite.fr\/en\/#organization","name":"Fondation pour la recherche sur la biodiversit\u00e9","url":"https:\/\/www.fondationbiodiversite.fr\/en\/","logo":{"@type":"ImageObject","inLanguage":"en-US","@id":"https:\/\/www.fondationbiodiversite.fr\/en\/#\/schema\/logo\/image\/","url":"https:\/\/www.fondationbiodiversite.fr\/wp-content\/uploads\/2025\/10\/logo_FRB_RVB.png","contentUrl":"https:\/\/www.fondationbiodiversite.fr\/wp-content\/uploads\/2025\/10\/logo_FRB_RVB.png","width":220,"height":220,"caption":"Fondation pour la recherche sur la biodiversit\u00e9"},"image":{"@id":"https:\/\/www.fondationbiodiversite.fr\/en\/#\/schema\/logo\/image\/"},"sameAs":["https:\/\/www.facebook.com\/FRBiodiv#","https:\/\/x.com\/FRBiodiv","https:\/\/bsky.app\/profile\/frbiodiv.bsky.social","https:\/\/www.instagram.com\/frbiodiv\/","https:\/\/www.linkedin.com\/in\/fondation-pour-la-recherche-sur-la-biodiversit-223059121\/","https:\/\/www.youtube.com\/@FRBiodiv"]}]}},"_links":{"self":[{"href":"https:\/\/www.fondationbiodiversite.fr\/en\/wp-json\/wp\/v2\/pages\/22710","targetHints":{"allow":["GET"]}}],"collection":[{"href":"https:\/\/www.fondationbiodiversite.fr\/en\/wp-json\/wp\/v2\/pages"}],"about":[{"href":"https:\/\/www.fondationbiodiversite.fr\/en\/wp-json\/wp\/v2\/types\/page"}],"author":[{"embeddable":true,"href":"https:\/\/www.fondationbiodiversite.fr\/en\/wp-json\/wp\/v2\/users\/14"}],"replies":[{"embeddable":true,"href":"https:\/\/www.fondationbiodiversite.fr\/en\/wp-json\/wp\/v2\/comments?post=22710"}],"version-history":[{"count":1,"href":"https:\/\/www.fondationbiodiversite.fr\/en\/wp-json\/wp\/v2\/pages\/22710\/revisions"}],"predecessor-version":[{"id":35831,"href":"https:\/\/www.fondationbiodiversite.fr\/en\/wp-json\/wp\/v2\/pages\/22710\/revisions\/35831"}],"up":[{"embeddable":true,"href":"https:\/\/www.fondationbiodiversite.fr\/en\/wp-json\/wp\/v2\/pages\/2276"}],"wp:featuredmedia":[{"embeddable":true,"href":"https:\/\/www.fondationbiodiversite.fr\/en\/wp-json\/wp\/v2\/media\/22700"}],"wp:attachment":[{"href":"https:\/\/www.fondationbiodiversite.fr\/en\/wp-json\/wp\/v2\/media?parent=22710"}],"curies":[{"name":"wp","href":"https:\/\/api.w.org\/{rel}","templated":true}]}}