
{"id":2271,"date":"2019-02-14T16:37:24","date_gmt":"2019-02-14T15:37:24","guid":{"rendered":"http:\/\/www.fondationbiodiversite.fr\/la-frb-en-action\/soutien-aux-jeunes-chercheurs\/prix-jeunes-chercheurs\/recyclage-des-friches\/"},"modified":"2019-02-14T16:37:24","modified_gmt":"2019-02-14T15:37:24","slug":"recyclage-des-friches","status":"publish","type":"page","link":"https:\/\/www.fondationbiodiversite.fr\/en\/the-frb-in-action\/support-to-young-reearchers\/prix-jeunes-chercheurs\/recyclage-des-friches\/","title":{"rendered":"Biodiversit\u00e9 urbaine : recyclage des friches"},"content":{"rendered":"<p>Quentin Vincent a \u00e9t\u00e9 r\u00e9compens\u00e9 par Lifti. Il explique ci-dessous ses travaux et projets.<\/p>\n<p>&nbsp;<\/p>\n<h2>La biodiversit\u00e9 des friches industrielles<\/h2>\n<p>&nbsp;<\/p>\n<p>Apr\u00e8s la crise industrielle, de <b>nombreux sols d\u00e9grad\u00e9s<\/b> par les activit\u00e9s humaines se sont retrouv\u00e9s \u00e0 l\u2019\u00e9tat de friches. Ces sols sont d\u00e9laiss\u00e9s de l\u2019Homme alors qu\u2019ils pr\u00e9sentent un fort potentiel de revalorisation \u00e9conomique. Mes travaux de recherche portent sur la <b>caract\u00e9risation de ces sols d\u00e9laiss\u00e9s<\/b>, notamment leur <b>biodiversit\u00e9<\/b> et leur <b>fonctionnement biologique<\/b> afin d\u2019<b>\u00e9valuer leur qualit\u00e9 biologique et leur fonctionnement<\/b>. L\u00e0 o\u00f9 la plupart des \u00e9tudes sur la biodiversit\u00e9 s\u2019int\u00e9resse \u00e0 un groupe biotique particulier, mes recherches ont l\u2019originalit\u00e9 de porter sur l\u2019<b>\u00e9tude simultan\u00e9e de plusieurs groupes biotiques<\/b> diff\u00e9rents et de leurs interactions. C\u2019est ainsi que j\u2019\u00e9tudie \u00e0 la fois les bact\u00e9ries, les champignons, la m\u00e9sofaune, la macrofaune et la flore. J\u2019\u00e9tudie \u00e9galement les fonctions des organismes notamment par l\u2019\u00e9tude des traits, qui reste encore un v\u00e9ritable d\u00e9fi, notamment chez les micro-organismes.<\/p>\n<p>&nbsp;<\/p>\n<p>Le sol est un compartiment qui m\u2019a toujours fascin\u00e9 tant par sa complexit\u00e9 que par les enjeux qu\u2019il repr\u00e9sente. Les activit\u00e9s humaines menacent cette fragile complexit\u00e9 biologique et c\u2019est pourquoi j\u2019en ai fait ma sp\u00e9cialit\u00e9 de recherche. La <b>biodiversit\u00e9 des sols<\/b> reste trop peu connue de la soci\u00e9t\u00e9 alors qu\u2019elle remplit de <b>nombreux services pour l\u2019Homme<\/b>. C\u2019est dans ce contexte que mon engagement pour l\u2019\u00e9tude de la biodiversit\u00e9 est n\u00e9. <b>Faire conna\u00eetre<\/b> et <b>mieux comprendre<\/b> <b>la biodiversit\u00e9 et les interactions biotiques de ces sols<\/b> aux potentiels insoup\u00e7onn\u00e9s sont mes principaux d\u00e9fis.<\/p>\n","protected":false},"excerpt":{"rendered":"<p>Quentin Vincent a \u00e9t\u00e9 r\u00e9compens\u00e9 par Lifti. Il explique ci-dessous ses travaux et projets. &nbsp; La biodiversit\u00e9 des friches industrielles &nbsp; Apr\u00e8s la crise industrielle, de nombreux sols d\u00e9grad\u00e9s par les activit\u00e9s humaines se sont retrouv\u00e9s \u00e0 l\u2019\u00e9tat de friches. Ces sols sont d\u00e9laiss\u00e9s de l\u2019Homme alors qu\u2019ils pr\u00e9sentent un fort potentiel de revalorisation \u00e9conomique. [&hellip;]<\/p>\n","protected":false},"author":2,"featured_media":1705,"parent":2266,"menu_order":4,"comment_status":"closed","ping_status":"closed","template":"temp_frb-default.php","meta":{"_acf_changed":false,"inline_featured_image":false,"footnotes":""},"class_list":["post-2271","page","type-page","status-publish","has-post-thumbnail","hentry"],"acf":[],"yoast_head":"<!-- This site is optimized with the Yoast SEO plugin v27.3 - https:\/\/yoast.com\/product\/yoast-seo-wordpress\/ -->\n<title>Biodiversit\u00e9 urbaine : recyclage des friches - Fondation pour la recherche sur la biodiversit\u00e9<\/title>\n<meta name=\"robots\" content=\"index, follow, max-snippet:-1, max-image-preview:large, max-video-preview:-1\" \/>\n<link rel=\"canonical\" href=\"https:\/\/www.fondationbiodiversite.fr\/en\/the-frb-in-action\/support-to-young-reearchers\/prix-jeunes-chercheurs\/recyclage-des-friches\/\" \/>\n<meta property=\"og:locale\" content=\"en_US\" \/>\n<meta property=\"og:type\" content=\"article\" \/>\n<meta property=\"og:title\" content=\"Biodiversit\u00e9 urbaine : recyclage des friches - Fondation pour la recherche sur la biodiversit\u00e9\" \/>\n<meta property=\"og:description\" content=\"Quentin Vincent a \u00e9t\u00e9 r\u00e9compens\u00e9 par Lifti. Il explique ci-dessous ses travaux et projets. &nbsp; La biodiversit\u00e9 des friches industrielles &nbsp; Apr\u00e8s la crise industrielle, de nombreux sols d\u00e9grad\u00e9s par les activit\u00e9s humaines se sont retrouv\u00e9s \u00e0 l\u2019\u00e9tat de friches. Ces sols sont d\u00e9laiss\u00e9s de l\u2019Homme alors qu\u2019ils pr\u00e9sentent un fort potentiel de revalorisation \u00e9conomique. [&hellip;]\" \/>\n<meta property=\"og:url\" content=\"https:\/\/www.fondationbiodiversite.fr\/en\/the-frb-in-action\/support-to-young-reearchers\/prix-jeunes-chercheurs\/recyclage-des-friches\/\" \/>\n<meta property=\"og:site_name\" content=\"Fondation pour la recherche sur la biodiversit\u00e9\" \/>\n<meta property=\"article:publisher\" content=\"https:\/\/www.facebook.com\/FRBiodiv#\" \/>\n<meta property=\"og:image\" content=\"https:\/\/www.fondationbiodiversite.fr\/wp-content\/uploads\/2019\/02\/FRB-Prix-Jeunes-chercheurs-Biodiversite-Friches.jpg\" \/>\n\t<meta property=\"og:image:width\" content=\"690\" \/>\n\t<meta property=\"og:image:height\" content=\"450\" \/>\n\t<meta property=\"og:image:type\" content=\"image\/jpeg\" \/>\n<meta name=\"twitter:card\" content=\"summary_large_image\" \/>\n<meta name=\"twitter:site\" content=\"@FRBiodiv\" \/>\n<meta name=\"twitter:label1\" content=\"Est. reading time\" \/>\n\t<meta name=\"twitter:data1\" content=\"1 minute\" \/>\n<script type=\"application\/ld+json\" class=\"yoast-schema-graph\">{\"@context\":\"https:\\\/\\\/schema.org\",\"@graph\":[{\"@type\":\"WebPage\",\"@id\":\"https:\\\/\\\/www.fondationbiodiversite.fr\\\/en\\\/the-frb-in-action\\\/support-to-young-reearchers\\\/prix-jeunes-chercheurs\\\/recyclage-des-friches\\\/\",\"url\":\"https:\\\/\\\/www.fondationbiodiversite.fr\\\/en\\\/the-frb-in-action\\\/support-to-young-reearchers\\\/prix-jeunes-chercheurs\\\/recyclage-des-friches\\\/\",\"name\":\"Biodiversit\u00e9 urbaine : recyclage des friches - Fondation pour la recherche sur la biodiversit\u00e9\",\"isPartOf\":{\"@id\":\"https:\\\/\\\/www.fondationbiodiversite.fr\\\/en\\\/#website\"},\"primaryImageOfPage\":{\"@id\":\"https:\\\/\\\/www.fondationbiodiversite.fr\\\/en\\\/the-frb-in-action\\\/support-to-young-reearchers\\\/prix-jeunes-chercheurs\\\/recyclage-des-friches\\\/#primaryimage\"},\"image\":{\"@id\":\"https:\\\/\\\/www.fondationbiodiversite.fr\\\/en\\\/the-frb-in-action\\\/support-to-young-reearchers\\\/prix-jeunes-chercheurs\\\/recyclage-des-friches\\\/#primaryimage\"},\"thumbnailUrl\":\"https:\\\/\\\/www.fondationbiodiversite.fr\\\/wp-content\\\/uploads\\\/2019\\\/02\\\/FRB-Prix-Jeunes-chercheurs-Biodiversite-Friches.jpg\",\"datePublished\":\"2019-02-14T15:37:24+00:00\",\"breadcrumb\":{\"@id\":\"https:\\\/\\\/www.fondationbiodiversite.fr\\\/en\\\/the-frb-in-action\\\/support-to-young-reearchers\\\/prix-jeunes-chercheurs\\\/recyclage-des-friches\\\/#breadcrumb\"},\"inLanguage\":\"en-US\",\"potentialAction\":[{\"@type\":\"ReadAction\",\"target\":[\"https:\\\/\\\/www.fondationbiodiversite.fr\\\/en\\\/the-frb-in-action\\\/support-to-young-reearchers\\\/prix-jeunes-chercheurs\\\/recyclage-des-friches\\\/\"]}]},{\"@type\":\"ImageObject\",\"inLanguage\":\"en-US\",\"@id\":\"https:\\\/\\\/www.fondationbiodiversite.fr\\\/en\\\/the-frb-in-action\\\/support-to-young-reearchers\\\/prix-jeunes-chercheurs\\\/recyclage-des-friches\\\/#primaryimage\",\"url\":\"https:\\\/\\\/www.fondationbiodiversite.fr\\\/wp-content\\\/uploads\\\/2019\\\/02\\\/FRB-Prix-Jeunes-chercheurs-Biodiversite-Friches.jpg\",\"contentUrl\":\"https:\\\/\\\/www.fondationbiodiversite.fr\\\/wp-content\\\/uploads\\\/2019\\\/02\\\/FRB-Prix-Jeunes-chercheurs-Biodiversite-Friches.jpg\",\"width\":690,\"height\":450,\"caption\":\"Prix Jeunes chercheurs Cos-FRB 2018 - Biodiversit\u00e9 urbaine : recyclage des friches\"},{\"@type\":\"BreadcrumbList\",\"@id\":\"https:\\\/\\\/www.fondationbiodiversite.fr\\\/en\\\/the-frb-in-action\\\/support-to-young-reearchers\\\/prix-jeunes-chercheurs\\\/recyclage-des-friches\\\/#breadcrumb\",\"itemListElement\":[{\"@type\":\"ListItem\",\"position\":1,\"name\":\"Accueil\",\"item\":\"https:\\\/\\\/www.fondationbiodiversite.fr\\\/en\\\/\"},{\"@type\":\"ListItem\",\"position\":2,\"name\":\"The FRB in action\",\"item\":\"https:\\\/\\\/www.fondationbiodiversite.fr\\\/en\\\/the-frb-in-action\\\/\"},{\"@type\":\"ListItem\",\"position\":3,\"name\":\"Support to young researchers\",\"item\":\"https:\\\/\\\/www.fondationbiodiversite.fr\\\/en\\\/the-frb-in-action\\\/support-to-young-reearchers\\\/\"},{\"@type\":\"ListItem\",\"position\":4,\"name\":\"Prix Jeunes Chercheurs\",\"item\":\"https:\\\/\\\/www.fondationbiodiversite.fr\\\/en\\\/the-frb-in-action\\\/support-to-young-reearchers\\\/prix-jeunes-chercheurs\\\/\"},{\"@type\":\"ListItem\",\"position\":5,\"name\":\"Biodiversit\u00e9 urbaine : recyclage des friches\"}]},{\"@type\":\"WebSite\",\"@id\":\"https:\\\/\\\/www.fondationbiodiversite.fr\\\/en\\\/#website\",\"url\":\"https:\\\/\\\/www.fondationbiodiversite.fr\\\/en\\\/\",\"name\":\"Fondation pour la recherche sur la biodiversit\u00e9\",\"description\":\"Une plateforme entre les diff\u00e9rents acteurs scientifiques et les acteurs de la soci\u00e9t\u00e9 sur la biodiversit\u00e9..\",\"publisher\":{\"@id\":\"https:\\\/\\\/www.fondationbiodiversite.fr\\\/en\\\/#organization\"},\"alternateName\":\"FRB\",\"potentialAction\":[{\"@type\":\"SearchAction\",\"target\":{\"@type\":\"EntryPoint\",\"urlTemplate\":\"https:\\\/\\\/www.fondationbiodiversite.fr\\\/en\\\/?s={search_term_string}\"},\"query-input\":{\"@type\":\"PropertyValueSpecification\",\"valueRequired\":true,\"valueName\":\"search_term_string\"}}],\"inLanguage\":\"en-US\"},{\"@type\":\"Organization\",\"@id\":\"https:\\\/\\\/www.fondationbiodiversite.fr\\\/en\\\/#organization\",\"name\":\"Fondation pour la recherche sur la biodiversit\u00e9\",\"url\":\"https:\\\/\\\/www.fondationbiodiversite.fr\\\/en\\\/\",\"logo\":{\"@type\":\"ImageObject\",\"inLanguage\":\"en-US\",\"@id\":\"https:\\\/\\\/www.fondationbiodiversite.fr\\\/en\\\/#\\\/schema\\\/logo\\\/image\\\/\",\"url\":\"https:\\\/\\\/www.fondationbiodiversite.fr\\\/wp-content\\\/uploads\\\/2025\\\/10\\\/logo_FRB_RVB.png\",\"contentUrl\":\"https:\\\/\\\/www.fondationbiodiversite.fr\\\/wp-content\\\/uploads\\\/2025\\\/10\\\/logo_FRB_RVB.png\",\"width\":220,\"height\":220,\"caption\":\"Fondation pour la recherche sur la biodiversit\u00e9\"},\"image\":{\"@id\":\"https:\\\/\\\/www.fondationbiodiversite.fr\\\/en\\\/#\\\/schema\\\/logo\\\/image\\\/\"},\"sameAs\":[\"https:\\\/\\\/www.facebook.com\\\/FRBiodiv#\",\"https:\\\/\\\/x.com\\\/FRBiodiv\",\"https:\\\/\\\/bsky.app\\\/profile\\\/frbiodiv.bsky.social\",\"https:\\\/\\\/www.instagram.com\\\/frbiodiv\\\/\",\"https:\\\/\\\/www.linkedin.com\\\/in\\\/fondation-pour-la-recherche-sur-la-biodiversit-223059121\\\/\",\"https:\\\/\\\/www.youtube.com\\\/@FRBiodiv\"]}]}<\/script>\n<!-- \/ Yoast SEO plugin. -->","yoast_head_json":{"title":"Biodiversit\u00e9 urbaine : recyclage des friches - Fondation pour la recherche sur la biodiversit\u00e9","robots":{"index":"index","follow":"follow","max-snippet":"max-snippet:-1","max-image-preview":"max-image-preview:large","max-video-preview":"max-video-preview:-1"},"canonical":"https:\/\/www.fondationbiodiversite.fr\/en\/the-frb-in-action\/support-to-young-reearchers\/prix-jeunes-chercheurs\/recyclage-des-friches\/","og_locale":"en_US","og_type":"article","og_title":"Biodiversit\u00e9 urbaine : recyclage des friches - Fondation pour la recherche sur la biodiversit\u00e9","og_description":"Quentin Vincent a \u00e9t\u00e9 r\u00e9compens\u00e9 par Lifti. Il explique ci-dessous ses travaux et projets. &nbsp; La biodiversit\u00e9 des friches industrielles &nbsp; Apr\u00e8s la crise industrielle, de nombreux sols d\u00e9grad\u00e9s par les activit\u00e9s humaines se sont retrouv\u00e9s \u00e0 l\u2019\u00e9tat de friches. Ces sols sont d\u00e9laiss\u00e9s de l\u2019Homme alors qu\u2019ils pr\u00e9sentent un fort potentiel de revalorisation \u00e9conomique. [&hellip;]","og_url":"https:\/\/www.fondationbiodiversite.fr\/en\/the-frb-in-action\/support-to-young-reearchers\/prix-jeunes-chercheurs\/recyclage-des-friches\/","og_site_name":"Fondation pour la recherche sur la biodiversit\u00e9","article_publisher":"https:\/\/www.facebook.com\/FRBiodiv#","og_image":[{"width":690,"height":450,"url":"https:\/\/www.fondationbiodiversite.fr\/wp-content\/uploads\/2019\/02\/FRB-Prix-Jeunes-chercheurs-Biodiversite-Friches.jpg","type":"image\/jpeg"}],"twitter_card":"summary_large_image","twitter_site":"@FRBiodiv","twitter_misc":{"Est. reading time":"1 minute"},"schema":{"@context":"https:\/\/schema.org","@graph":[{"@type":"WebPage","@id":"https:\/\/www.fondationbiodiversite.fr\/en\/the-frb-in-action\/support-to-young-reearchers\/prix-jeunes-chercheurs\/recyclage-des-friches\/","url":"https:\/\/www.fondationbiodiversite.fr\/en\/the-frb-in-action\/support-to-young-reearchers\/prix-jeunes-chercheurs\/recyclage-des-friches\/","name":"Biodiversit\u00e9 urbaine : recyclage des friches - Fondation pour la recherche sur la biodiversit\u00e9","isPartOf":{"@id":"https:\/\/www.fondationbiodiversite.fr\/en\/#website"},"primaryImageOfPage":{"@id":"https:\/\/www.fondationbiodiversite.fr\/en\/the-frb-in-action\/support-to-young-reearchers\/prix-jeunes-chercheurs\/recyclage-des-friches\/#primaryimage"},"image":{"@id":"https:\/\/www.fondationbiodiversite.fr\/en\/the-frb-in-action\/support-to-young-reearchers\/prix-jeunes-chercheurs\/recyclage-des-friches\/#primaryimage"},"thumbnailUrl":"https:\/\/www.fondationbiodiversite.fr\/wp-content\/uploads\/2019\/02\/FRB-Prix-Jeunes-chercheurs-Biodiversite-Friches.jpg","datePublished":"2019-02-14T15:37:24+00:00","breadcrumb":{"@id":"https:\/\/www.fondationbiodiversite.fr\/en\/the-frb-in-action\/support-to-young-reearchers\/prix-jeunes-chercheurs\/recyclage-des-friches\/#breadcrumb"},"inLanguage":"en-US","potentialAction":[{"@type":"ReadAction","target":["https:\/\/www.fondationbiodiversite.fr\/en\/the-frb-in-action\/support-to-young-reearchers\/prix-jeunes-chercheurs\/recyclage-des-friches\/"]}]},{"@type":"ImageObject","inLanguage":"en-US","@id":"https:\/\/www.fondationbiodiversite.fr\/en\/the-frb-in-action\/support-to-young-reearchers\/prix-jeunes-chercheurs\/recyclage-des-friches\/#primaryimage","url":"https:\/\/www.fondationbiodiversite.fr\/wp-content\/uploads\/2019\/02\/FRB-Prix-Jeunes-chercheurs-Biodiversite-Friches.jpg","contentUrl":"https:\/\/www.fondationbiodiversite.fr\/wp-content\/uploads\/2019\/02\/FRB-Prix-Jeunes-chercheurs-Biodiversite-Friches.jpg","width":690,"height":450,"caption":"Prix Jeunes chercheurs Cos-FRB 2018 - Biodiversit\u00e9 urbaine : recyclage des friches"},{"@type":"BreadcrumbList","@id":"https:\/\/www.fondationbiodiversite.fr\/en\/the-frb-in-action\/support-to-young-reearchers\/prix-jeunes-chercheurs\/recyclage-des-friches\/#breadcrumb","itemListElement":[{"@type":"ListItem","position":1,"name":"Accueil","item":"https:\/\/www.fondationbiodiversite.fr\/en\/"},{"@type":"ListItem","position":2,"name":"The FRB in action","item":"https:\/\/www.fondationbiodiversite.fr\/en\/the-frb-in-action\/"},{"@type":"ListItem","position":3,"name":"Support to young researchers","item":"https:\/\/www.fondationbiodiversite.fr\/en\/the-frb-in-action\/support-to-young-reearchers\/"},{"@type":"ListItem","position":4,"name":"Prix Jeunes Chercheurs","item":"https:\/\/www.fondationbiodiversite.fr\/en\/the-frb-in-action\/support-to-young-reearchers\/prix-jeunes-chercheurs\/"},{"@type":"ListItem","position":5,"name":"Biodiversit\u00e9 urbaine : recyclage des friches"}]},{"@type":"WebSite","@id":"https:\/\/www.fondationbiodiversite.fr\/en\/#website","url":"https:\/\/www.fondationbiodiversite.fr\/en\/","name":"Fondation pour la recherche sur la biodiversit\u00e9","description":"Une plateforme entre les diff\u00e9rents acteurs scientifiques et les acteurs de la soci\u00e9t\u00e9 sur la biodiversit\u00e9..","publisher":{"@id":"https:\/\/www.fondationbiodiversite.fr\/en\/#organization"},"alternateName":"FRB","potentialAction":[{"@type":"SearchAction","target":{"@type":"EntryPoint","urlTemplate":"https:\/\/www.fondationbiodiversite.fr\/en\/?s={search_term_string}"},"query-input":{"@type":"PropertyValueSpecification","valueRequired":true,"valueName":"search_term_string"}}],"inLanguage":"en-US"},{"@type":"Organization","@id":"https:\/\/www.fondationbiodiversite.fr\/en\/#organization","name":"Fondation pour la recherche sur la biodiversit\u00e9","url":"https:\/\/www.fondationbiodiversite.fr\/en\/","logo":{"@type":"ImageObject","inLanguage":"en-US","@id":"https:\/\/www.fondationbiodiversite.fr\/en\/#\/schema\/logo\/image\/","url":"https:\/\/www.fondationbiodiversite.fr\/wp-content\/uploads\/2025\/10\/logo_FRB_RVB.png","contentUrl":"https:\/\/www.fondationbiodiversite.fr\/wp-content\/uploads\/2025\/10\/logo_FRB_RVB.png","width":220,"height":220,"caption":"Fondation pour la recherche sur la biodiversit\u00e9"},"image":{"@id":"https:\/\/www.fondationbiodiversite.fr\/en\/#\/schema\/logo\/image\/"},"sameAs":["https:\/\/www.facebook.com\/FRBiodiv#","https:\/\/x.com\/FRBiodiv","https:\/\/bsky.app\/profile\/frbiodiv.bsky.social","https:\/\/www.instagram.com\/frbiodiv\/","https:\/\/www.linkedin.com\/in\/fondation-pour-la-recherche-sur-la-biodiversit-223059121\/","https:\/\/www.youtube.com\/@FRBiodiv"]}]}},"_links":{"self":[{"href":"https:\/\/www.fondationbiodiversite.fr\/en\/wp-json\/wp\/v2\/pages\/2271","targetHints":{"allow":["GET"]}}],"collection":[{"href":"https:\/\/www.fondationbiodiversite.fr\/en\/wp-json\/wp\/v2\/pages"}],"about":[{"href":"https:\/\/www.fondationbiodiversite.fr\/en\/wp-json\/wp\/v2\/types\/page"}],"author":[{"embeddable":true,"href":"https:\/\/www.fondationbiodiversite.fr\/en\/wp-json\/wp\/v2\/users\/2"}],"replies":[{"embeddable":true,"href":"https:\/\/www.fondationbiodiversite.fr\/en\/wp-json\/wp\/v2\/comments?post=2271"}],"version-history":[{"count":0,"href":"https:\/\/www.fondationbiodiversite.fr\/en\/wp-json\/wp\/v2\/pages\/2271\/revisions"}],"up":[{"embeddable":true,"href":"https:\/\/www.fondationbiodiversite.fr\/en\/wp-json\/wp\/v2\/pages\/2266"}],"wp:featuredmedia":[{"embeddable":true,"href":"https:\/\/www.fondationbiodiversite.fr\/en\/wp-json\/wp\/v2\/media\/1705"}],"wp:attachment":[{"href":"https:\/\/www.fondationbiodiversite.fr\/en\/wp-json\/wp\/v2\/media?parent=2271"}],"curies":[{"name":"wp","href":"https:\/\/api.w.org\/{rel}","templated":true}]}}