
{"id":2269,"date":"2019-02-14T15:45:10","date_gmt":"2019-02-14T14:45:10","guid":{"rendered":"http:\/\/www.fondationbiodiversite.fr\/la-frb-en-action\/soutien-aux-jeunes-chercheurs\/prix-jeunes-chercheurs\/biodiversite-pollution-plastique\/"},"modified":"2019-02-14T15:45:10","modified_gmt":"2019-02-14T14:45:10","slug":"biodiversite-pollution-plastique","status":"publish","type":"page","link":"https:\/\/www.fondationbiodiversite.fr\/en\/the-frb-in-action\/support-to-young-reearchers\/prix-jeunes-chercheurs\/biodiversite-pollution-plastique\/","title":{"rendered":"La biodiversit\u00e9 face \u00e0 la pollution plastique"},"content":{"rendered":"<p>Mika\u00ebl Kedzierski a \u00e9t\u00e9 r\u00e9compens\u00e9 par Werner et Mertz (Rainett). Il explique ci-dessous ses travaux et projets.<\/p>\n<p>&nbsp;<\/p>\n<h2>Pollutions du milieu littoral par les microplastiques : m\u00e9thodes d\u2019\u00e9valuation<\/h2>\n<p>Les pollutions par les particules de plastique, en favorisant la dispersion d\u2019esp\u00e8ces invasives et en interagissant avec des micropolluants, constituent une menace pour la biodiversit\u00e9 prise tr\u00e8s au s\u00e9rieux par la communaut\u00e9 scientifique. Cependant, l\u2019\u00e9tude des pollutions par les microplastiques est une discipline nouvelle qui souffre de <b>lacunes m\u00e9thodologiques<\/b> limitant bien souvent l\u2019\u00e9valuation du risque pour la biodiversit\u00e9. Ainsi, <b>la quantit\u00e9 de microplastiques pr\u00e9sents dans les plages est souvent mal \u00e9valu\u00e9e<\/b> \u00e0 cause de m\u00e9thodes d\u2019extraction peu efficaces.<\/p>\n<p>&nbsp;<\/p>\n<p>Les travaux r\u00e9alis\u00e9s dans le cadre de cette th\u00e8se ont permis d\u2019<b>am\u00e9liorer l\u2019extraction de ces particules<\/b> et de <b>diminuer le co\u00fbt financier<\/b> du processus. L\u2019\u00e9tude de la toxicit\u00e9 des plastiques dans le milieu marin a permis de montrer que les plastiques peuvent pr\u00e9senter un ensemble de <b>risques sanitaires pour les organismes<\/b>. Ainsi, les outils classiques de veille s\u2019appuyant sur la mortalit\u00e9 d\u2019organismes vivants ne sont pas forc\u00e9ment les mieux adapt\u00e9s pour l\u2019\u00e9valuation de ces pollutions. Gr\u00e2ce \u00e0 ces nouveaux outils, une <b>\u00e9valuation plus fiable de l\u2019impact des pollutions plastiques sur la biodiversit\u00e9<\/b> est devenue possible.<\/p>\n<p>&nbsp;<\/p>\n<p>Je poursuis, en post-doctorat, mes recherches notamment sur leurs <b>m\u00e9canismes de vieillissement<\/b> dans le milieu marin et sur leurs <b>impacts<\/b> en M\u00e9diterran\u00e9e. Je m\u2019int\u00e9resse \u00e9galement \u00e0 d\u2019autres probl\u00e9matiques li\u00e9es au littoral telles que l\u2019\u00e9rosion, la submersion marine ou encore le partage des espaces littoraux.<\/p>\n","protected":false},"excerpt":{"rendered":"<p>Mika\u00ebl Kedzierski a \u00e9t\u00e9 r\u00e9compens\u00e9 par Werner et Mertz (Rainett). Il explique ci-dessous ses travaux et projets. &nbsp; Pollutions du milieu littoral par les microplastiques : m\u00e9thodes d\u2019\u00e9valuation Les pollutions par les particules de plastique, en favorisant la dispersion d\u2019esp\u00e8ces invasives et en interagissant avec des micropolluants, constituent une menace pour la biodiversit\u00e9 prise tr\u00e8s [&hellip;]<\/p>\n","protected":false},"author":2,"featured_media":1719,"parent":2266,"menu_order":2,"comment_status":"closed","ping_status":"closed","template":"temp_frb-default.php","meta":{"_acf_changed":false,"inline_featured_image":false,"footnotes":""},"class_list":["post-2269","page","type-page","status-publish","has-post-thumbnail","hentry"],"acf":[],"yoast_head":"<!-- This site is optimized with the Yoast SEO plugin v27.4 - https:\/\/yoast.com\/product\/yoast-seo-wordpress\/ -->\n<title>La biodiversit\u00e9 face \u00e0 la pollution plastique - Fondation pour la recherche sur la biodiversit\u00e9<\/title>\n<meta name=\"robots\" content=\"index, follow, max-snippet:-1, max-image-preview:large, max-video-preview:-1\" \/>\n<link rel=\"canonical\" href=\"https:\/\/www.fondationbiodiversite.fr\/en\/the-frb-in-action\/support-to-young-reearchers\/prix-jeunes-chercheurs\/biodiversite-pollution-plastique\/\" \/>\n<meta property=\"og:locale\" content=\"en_US\" \/>\n<meta property=\"og:type\" content=\"article\" \/>\n<meta property=\"og:title\" content=\"La biodiversit\u00e9 face \u00e0 la pollution plastique - Fondation pour la recherche sur la biodiversit\u00e9\" \/>\n<meta property=\"og:description\" content=\"Mika\u00ebl Kedzierski a \u00e9t\u00e9 r\u00e9compens\u00e9 par Werner et Mertz (Rainett). Il explique ci-dessous ses travaux et projets. &nbsp; Pollutions du milieu littoral par les microplastiques : m\u00e9thodes d\u2019\u00e9valuation Les pollutions par les particules de plastique, en favorisant la dispersion d\u2019esp\u00e8ces invasives et en interagissant avec des micropolluants, constituent une menace pour la biodiversit\u00e9 prise tr\u00e8s [&hellip;]\" \/>\n<meta property=\"og:url\" content=\"https:\/\/www.fondationbiodiversite.fr\/en\/the-frb-in-action\/support-to-young-reearchers\/prix-jeunes-chercheurs\/biodiversite-pollution-plastique\/\" \/>\n<meta property=\"og:site_name\" content=\"Fondation pour la recherche sur la biodiversit\u00e9\" \/>\n<meta property=\"article:publisher\" content=\"https:\/\/www.facebook.com\/FRBiodiv#\" \/>\n<meta property=\"og:image\" content=\"https:\/\/www.fondationbiodiversite.fr\/wp-content\/uploads\/2019\/02\/FRB-Prix-Jeunes-chercheurs-Pollution-plastique.jpg\" \/>\n\t<meta property=\"og:image:width\" content=\"690\" \/>\n\t<meta property=\"og:image:height\" content=\"450\" \/>\n\t<meta property=\"og:image:type\" content=\"image\/jpeg\" \/>\n<meta name=\"twitter:card\" content=\"summary_large_image\" \/>\n<meta name=\"twitter:site\" content=\"@FRBiodiv\" \/>\n<meta name=\"twitter:label1\" content=\"Est. reading time\" \/>\n\t<meta name=\"twitter:data1\" content=\"1 minute\" \/>\n<script type=\"application\/ld+json\" class=\"yoast-schema-graph\">{\"@context\":\"https:\\\/\\\/schema.org\",\"@graph\":[{\"@type\":\"WebPage\",\"@id\":\"https:\\\/\\\/www.fondationbiodiversite.fr\\\/en\\\/the-frb-in-action\\\/support-to-young-reearchers\\\/prix-jeunes-chercheurs\\\/biodiversite-pollution-plastique\\\/\",\"url\":\"https:\\\/\\\/www.fondationbiodiversite.fr\\\/en\\\/the-frb-in-action\\\/support-to-young-reearchers\\\/prix-jeunes-chercheurs\\\/biodiversite-pollution-plastique\\\/\",\"name\":\"La biodiversit\u00e9 face \u00e0 la pollution plastique - Fondation pour la recherche sur la biodiversit\u00e9\",\"isPartOf\":{\"@id\":\"https:\\\/\\\/www.fondationbiodiversite.fr\\\/en\\\/#website\"},\"primaryImageOfPage\":{\"@id\":\"https:\\\/\\\/www.fondationbiodiversite.fr\\\/en\\\/the-frb-in-action\\\/support-to-young-reearchers\\\/prix-jeunes-chercheurs\\\/biodiversite-pollution-plastique\\\/#primaryimage\"},\"image\":{\"@id\":\"https:\\\/\\\/www.fondationbiodiversite.fr\\\/en\\\/the-frb-in-action\\\/support-to-young-reearchers\\\/prix-jeunes-chercheurs\\\/biodiversite-pollution-plastique\\\/#primaryimage\"},\"thumbnailUrl\":\"https:\\\/\\\/www.fondationbiodiversite.fr\\\/wp-content\\\/uploads\\\/2019\\\/02\\\/FRB-Prix-Jeunes-chercheurs-Pollution-plastique.jpg\",\"datePublished\":\"2019-02-14T14:45:10+00:00\",\"breadcrumb\":{\"@id\":\"https:\\\/\\\/www.fondationbiodiversite.fr\\\/en\\\/the-frb-in-action\\\/support-to-young-reearchers\\\/prix-jeunes-chercheurs\\\/biodiversite-pollution-plastique\\\/#breadcrumb\"},\"inLanguage\":\"en-US\",\"potentialAction\":[{\"@type\":\"ReadAction\",\"target\":[\"https:\\\/\\\/www.fondationbiodiversite.fr\\\/en\\\/the-frb-in-action\\\/support-to-young-reearchers\\\/prix-jeunes-chercheurs\\\/biodiversite-pollution-plastique\\\/\"]}]},{\"@type\":\"ImageObject\",\"inLanguage\":\"en-US\",\"@id\":\"https:\\\/\\\/www.fondationbiodiversite.fr\\\/en\\\/the-frb-in-action\\\/support-to-young-reearchers\\\/prix-jeunes-chercheurs\\\/biodiversite-pollution-plastique\\\/#primaryimage\",\"url\":\"https:\\\/\\\/www.fondationbiodiversite.fr\\\/wp-content\\\/uploads\\\/2019\\\/02\\\/FRB-Prix-Jeunes-chercheurs-Pollution-plastique.jpg\",\"contentUrl\":\"https:\\\/\\\/www.fondationbiodiversite.fr\\\/wp-content\\\/uploads\\\/2019\\\/02\\\/FRB-Prix-Jeunes-chercheurs-Pollution-plastique.jpg\",\"width\":690,\"height\":450,\"caption\":\"Prix Jeunes chercheurs Cos-FRB 2018 - La biodiversit\u00e9 face \u00e0 la pollution plastique\"},{\"@type\":\"BreadcrumbList\",\"@id\":\"https:\\\/\\\/www.fondationbiodiversite.fr\\\/en\\\/the-frb-in-action\\\/support-to-young-reearchers\\\/prix-jeunes-chercheurs\\\/biodiversite-pollution-plastique\\\/#breadcrumb\",\"itemListElement\":[{\"@type\":\"ListItem\",\"position\":1,\"name\":\"Accueil\",\"item\":\"https:\\\/\\\/www.fondationbiodiversite.fr\\\/en\\\/\"},{\"@type\":\"ListItem\",\"position\":2,\"name\":\"The FRB in action\",\"item\":\"https:\\\/\\\/www.fondationbiodiversite.fr\\\/en\\\/the-frb-in-action\\\/\"},{\"@type\":\"ListItem\",\"position\":3,\"name\":\"Support to young researchers\",\"item\":\"https:\\\/\\\/www.fondationbiodiversite.fr\\\/en\\\/the-frb-in-action\\\/support-to-young-reearchers\\\/\"},{\"@type\":\"ListItem\",\"position\":4,\"name\":\"Prix Jeunes Chercheurs\",\"item\":\"https:\\\/\\\/www.fondationbiodiversite.fr\\\/en\\\/the-frb-in-action\\\/support-to-young-reearchers\\\/prix-jeunes-chercheurs\\\/\"},{\"@type\":\"ListItem\",\"position\":5,\"name\":\"La biodiversit\u00e9 face \u00e0 la pollution plastique\"}]},{\"@type\":\"WebSite\",\"@id\":\"https:\\\/\\\/www.fondationbiodiversite.fr\\\/en\\\/#website\",\"url\":\"https:\\\/\\\/www.fondationbiodiversite.fr\\\/en\\\/\",\"name\":\"Fondation pour la recherche sur la biodiversit\u00e9\",\"description\":\"Une plateforme entre les diff\u00e9rents acteurs scientifiques et les acteurs de la soci\u00e9t\u00e9 sur la biodiversit\u00e9..\",\"publisher\":{\"@id\":\"https:\\\/\\\/www.fondationbiodiversite.fr\\\/en\\\/#organization\"},\"alternateName\":\"FRB\",\"potentialAction\":[{\"@type\":\"SearchAction\",\"target\":{\"@type\":\"EntryPoint\",\"urlTemplate\":\"https:\\\/\\\/www.fondationbiodiversite.fr\\\/en\\\/?s={search_term_string}\"},\"query-input\":{\"@type\":\"PropertyValueSpecification\",\"valueRequired\":true,\"valueName\":\"search_term_string\"}}],\"inLanguage\":\"en-US\"},{\"@type\":\"Organization\",\"@id\":\"https:\\\/\\\/www.fondationbiodiversite.fr\\\/en\\\/#organization\",\"name\":\"Fondation pour la recherche sur la biodiversit\u00e9\",\"url\":\"https:\\\/\\\/www.fondationbiodiversite.fr\\\/en\\\/\",\"logo\":{\"@type\":\"ImageObject\",\"inLanguage\":\"en-US\",\"@id\":\"https:\\\/\\\/www.fondationbiodiversite.fr\\\/en\\\/#\\\/schema\\\/logo\\\/image\\\/\",\"url\":\"https:\\\/\\\/www.fondationbiodiversite.fr\\\/wp-content\\\/uploads\\\/2025\\\/10\\\/logo_FRB_RVB.png\",\"contentUrl\":\"https:\\\/\\\/www.fondationbiodiversite.fr\\\/wp-content\\\/uploads\\\/2025\\\/10\\\/logo_FRB_RVB.png\",\"width\":220,\"height\":220,\"caption\":\"Fondation pour la recherche sur la biodiversit\u00e9\"},\"image\":{\"@id\":\"https:\\\/\\\/www.fondationbiodiversite.fr\\\/en\\\/#\\\/schema\\\/logo\\\/image\\\/\"},\"sameAs\":[\"https:\\\/\\\/www.facebook.com\\\/FRBiodiv#\",\"https:\\\/\\\/x.com\\\/FRBiodiv\",\"https:\\\/\\\/bsky.app\\\/profile\\\/frbiodiv.bsky.social\",\"https:\\\/\\\/www.instagram.com\\\/frbiodiv\\\/\",\"https:\\\/\\\/www.linkedin.com\\\/in\\\/fondation-pour-la-recherche-sur-la-biodiversit-223059121\\\/\",\"https:\\\/\\\/www.youtube.com\\\/@FRBiodiv\"]}]}<\/script>\n<!-- \/ Yoast SEO plugin. -->","yoast_head_json":{"title":"La biodiversit\u00e9 face \u00e0 la pollution plastique - Fondation pour la recherche sur la biodiversit\u00e9","robots":{"index":"index","follow":"follow","max-snippet":"max-snippet:-1","max-image-preview":"max-image-preview:large","max-video-preview":"max-video-preview:-1"},"canonical":"https:\/\/www.fondationbiodiversite.fr\/en\/the-frb-in-action\/support-to-young-reearchers\/prix-jeunes-chercheurs\/biodiversite-pollution-plastique\/","og_locale":"en_US","og_type":"article","og_title":"La biodiversit\u00e9 face \u00e0 la pollution plastique - Fondation pour la recherche sur la biodiversit\u00e9","og_description":"Mika\u00ebl Kedzierski a \u00e9t\u00e9 r\u00e9compens\u00e9 par Werner et Mertz (Rainett). Il explique ci-dessous ses travaux et projets. &nbsp; Pollutions du milieu littoral par les microplastiques : m\u00e9thodes d\u2019\u00e9valuation Les pollutions par les particules de plastique, en favorisant la dispersion d\u2019esp\u00e8ces invasives et en interagissant avec des micropolluants, constituent une menace pour la biodiversit\u00e9 prise tr\u00e8s [&hellip;]","og_url":"https:\/\/www.fondationbiodiversite.fr\/en\/the-frb-in-action\/support-to-young-reearchers\/prix-jeunes-chercheurs\/biodiversite-pollution-plastique\/","og_site_name":"Fondation pour la recherche sur la biodiversit\u00e9","article_publisher":"https:\/\/www.facebook.com\/FRBiodiv#","og_image":[{"width":690,"height":450,"url":"https:\/\/www.fondationbiodiversite.fr\/wp-content\/uploads\/2019\/02\/FRB-Prix-Jeunes-chercheurs-Pollution-plastique.jpg","type":"image\/jpeg"}],"twitter_card":"summary_large_image","twitter_site":"@FRBiodiv","twitter_misc":{"Est. reading time":"1 minute"},"schema":{"@context":"https:\/\/schema.org","@graph":[{"@type":"WebPage","@id":"https:\/\/www.fondationbiodiversite.fr\/en\/the-frb-in-action\/support-to-young-reearchers\/prix-jeunes-chercheurs\/biodiversite-pollution-plastique\/","url":"https:\/\/www.fondationbiodiversite.fr\/en\/the-frb-in-action\/support-to-young-reearchers\/prix-jeunes-chercheurs\/biodiversite-pollution-plastique\/","name":"La biodiversit\u00e9 face \u00e0 la pollution plastique - Fondation pour la recherche sur la biodiversit\u00e9","isPartOf":{"@id":"https:\/\/www.fondationbiodiversite.fr\/en\/#website"},"primaryImageOfPage":{"@id":"https:\/\/www.fondationbiodiversite.fr\/en\/the-frb-in-action\/support-to-young-reearchers\/prix-jeunes-chercheurs\/biodiversite-pollution-plastique\/#primaryimage"},"image":{"@id":"https:\/\/www.fondationbiodiversite.fr\/en\/the-frb-in-action\/support-to-young-reearchers\/prix-jeunes-chercheurs\/biodiversite-pollution-plastique\/#primaryimage"},"thumbnailUrl":"https:\/\/www.fondationbiodiversite.fr\/wp-content\/uploads\/2019\/02\/FRB-Prix-Jeunes-chercheurs-Pollution-plastique.jpg","datePublished":"2019-02-14T14:45:10+00:00","breadcrumb":{"@id":"https:\/\/www.fondationbiodiversite.fr\/en\/the-frb-in-action\/support-to-young-reearchers\/prix-jeunes-chercheurs\/biodiversite-pollution-plastique\/#breadcrumb"},"inLanguage":"en-US","potentialAction":[{"@type":"ReadAction","target":["https:\/\/www.fondationbiodiversite.fr\/en\/the-frb-in-action\/support-to-young-reearchers\/prix-jeunes-chercheurs\/biodiversite-pollution-plastique\/"]}]},{"@type":"ImageObject","inLanguage":"en-US","@id":"https:\/\/www.fondationbiodiversite.fr\/en\/the-frb-in-action\/support-to-young-reearchers\/prix-jeunes-chercheurs\/biodiversite-pollution-plastique\/#primaryimage","url":"https:\/\/www.fondationbiodiversite.fr\/wp-content\/uploads\/2019\/02\/FRB-Prix-Jeunes-chercheurs-Pollution-plastique.jpg","contentUrl":"https:\/\/www.fondationbiodiversite.fr\/wp-content\/uploads\/2019\/02\/FRB-Prix-Jeunes-chercheurs-Pollution-plastique.jpg","width":690,"height":450,"caption":"Prix Jeunes chercheurs Cos-FRB 2018 - La biodiversit\u00e9 face \u00e0 la pollution plastique"},{"@type":"BreadcrumbList","@id":"https:\/\/www.fondationbiodiversite.fr\/en\/the-frb-in-action\/support-to-young-reearchers\/prix-jeunes-chercheurs\/biodiversite-pollution-plastique\/#breadcrumb","itemListElement":[{"@type":"ListItem","position":1,"name":"Accueil","item":"https:\/\/www.fondationbiodiversite.fr\/en\/"},{"@type":"ListItem","position":2,"name":"The FRB in action","item":"https:\/\/www.fondationbiodiversite.fr\/en\/the-frb-in-action\/"},{"@type":"ListItem","position":3,"name":"Support to young researchers","item":"https:\/\/www.fondationbiodiversite.fr\/en\/the-frb-in-action\/support-to-young-reearchers\/"},{"@type":"ListItem","position":4,"name":"Prix Jeunes Chercheurs","item":"https:\/\/www.fondationbiodiversite.fr\/en\/the-frb-in-action\/support-to-young-reearchers\/prix-jeunes-chercheurs\/"},{"@type":"ListItem","position":5,"name":"La biodiversit\u00e9 face \u00e0 la pollution plastique"}]},{"@type":"WebSite","@id":"https:\/\/www.fondationbiodiversite.fr\/en\/#website","url":"https:\/\/www.fondationbiodiversite.fr\/en\/","name":"Fondation pour la recherche sur la biodiversit\u00e9","description":"Une plateforme entre les diff\u00e9rents acteurs scientifiques et les acteurs de la soci\u00e9t\u00e9 sur la biodiversit\u00e9..","publisher":{"@id":"https:\/\/www.fondationbiodiversite.fr\/en\/#organization"},"alternateName":"FRB","potentialAction":[{"@type":"SearchAction","target":{"@type":"EntryPoint","urlTemplate":"https:\/\/www.fondationbiodiversite.fr\/en\/?s={search_term_string}"},"query-input":{"@type":"PropertyValueSpecification","valueRequired":true,"valueName":"search_term_string"}}],"inLanguage":"en-US"},{"@type":"Organization","@id":"https:\/\/www.fondationbiodiversite.fr\/en\/#organization","name":"Fondation pour la recherche sur la biodiversit\u00e9","url":"https:\/\/www.fondationbiodiversite.fr\/en\/","logo":{"@type":"ImageObject","inLanguage":"en-US","@id":"https:\/\/www.fondationbiodiversite.fr\/en\/#\/schema\/logo\/image\/","url":"https:\/\/www.fondationbiodiversite.fr\/wp-content\/uploads\/2025\/10\/logo_FRB_RVB.png","contentUrl":"https:\/\/www.fondationbiodiversite.fr\/wp-content\/uploads\/2025\/10\/logo_FRB_RVB.png","width":220,"height":220,"caption":"Fondation pour la recherche sur la biodiversit\u00e9"},"image":{"@id":"https:\/\/www.fondationbiodiversite.fr\/en\/#\/schema\/logo\/image\/"},"sameAs":["https:\/\/www.facebook.com\/FRBiodiv#","https:\/\/x.com\/FRBiodiv","https:\/\/bsky.app\/profile\/frbiodiv.bsky.social","https:\/\/www.instagram.com\/frbiodiv\/","https:\/\/www.linkedin.com\/in\/fondation-pour-la-recherche-sur-la-biodiversit-223059121\/","https:\/\/www.youtube.com\/@FRBiodiv"]}]}},"_links":{"self":[{"href":"https:\/\/www.fondationbiodiversite.fr\/en\/wp-json\/wp\/v2\/pages\/2269","targetHints":{"allow":["GET"]}}],"collection":[{"href":"https:\/\/www.fondationbiodiversite.fr\/en\/wp-json\/wp\/v2\/pages"}],"about":[{"href":"https:\/\/www.fondationbiodiversite.fr\/en\/wp-json\/wp\/v2\/types\/page"}],"author":[{"embeddable":true,"href":"https:\/\/www.fondationbiodiversite.fr\/en\/wp-json\/wp\/v2\/users\/2"}],"replies":[{"embeddable":true,"href":"https:\/\/www.fondationbiodiversite.fr\/en\/wp-json\/wp\/v2\/comments?post=2269"}],"version-history":[{"count":0,"href":"https:\/\/www.fondationbiodiversite.fr\/en\/wp-json\/wp\/v2\/pages\/2269\/revisions"}],"up":[{"embeddable":true,"href":"https:\/\/www.fondationbiodiversite.fr\/en\/wp-json\/wp\/v2\/pages\/2266"}],"wp:featuredmedia":[{"embeddable":true,"href":"https:\/\/www.fondationbiodiversite.fr\/en\/wp-json\/wp\/v2\/media\/1719"}],"wp:attachment":[{"href":"https:\/\/www.fondationbiodiversite.fr\/en\/wp-json\/wp\/v2\/media?parent=2269"}],"curies":[{"name":"wp","href":"https:\/\/api.w.org\/{rel}","templated":true}]}}