
{"id":2267,"date":"2019-02-14T11:23:14","date_gmt":"2019-02-14T10:23:14","guid":{"rendered":"http:\/\/www.fondationbiodiversite.fr\/la-frb-en-action\/soutien-aux-jeunes-chercheurs\/prix-jeunes-chercheurs\/biodiversite-et-oceans\/"},"modified":"2019-02-14T11:23:14","modified_gmt":"2019-02-14T10:23:14","slug":"biodiversite-et-oceans","status":"publish","type":"page","link":"https:\/\/www.fondationbiodiversite.fr\/en\/the-frb-in-action\/support-to-young-reearchers\/prix-jeunes-chercheurs\/biodiversite-et-oceans\/","title":{"rendered":"Biodiversit\u00e9 et oc\u00e9ans"},"content":{"rendered":"<p>Philippine Chambault a \u00e9t\u00e9 r\u00e9compens\u00e9e par la Fondation Nature &amp; d\u00e9couvertes. Elle explique ci-dessous ses travaux et projets.\u00a0<\/p>\n<p class=\"p1\">\u00a0<\/p>\n<h2 class=\"p1\">Les voyageuses de la grande bleue\u00a0: les tortues marines<\/h2>\n<p class=\"p3\">Occupant 70 % de la surface du globe et comptant plus de 300\u00a0000 esp\u00e8ces, l\u2019oc\u00e9an h\u00e9berge une importante biodiversit\u00e9. Cet \u00e9cosyst\u00e8me fragile fait l\u2019objet de pressions anthropiques grandissantes qui entrainent de mani\u00e8re irr\u00e9versible le d\u00e9clin de nombreuses esp\u00e8ces. Parmi les esp\u00e8ces marines migratrices, 21% sont en danger d\u2019extinction et <b>le groupe le plus menac\u00e9 est celui des tortues marines<\/b>. Grandes voyageuses, elles parcourent chaque ann\u00e9e des milliers de kilom\u00e8tres entre leur plage de ponte et leurs aires d\u2019alimentation, mais le lien entre leurs d\u00e9placements en mer et les caract\u00e9ristiques de l\u2019oc\u00e9an reste encore m\u00e9connu. En \u00e9quipant de balises satellites les tortues marines nidifiant en Guyane fran\u00e7aise, j\u2019ai ainsi pu <b>identifier les couloirs migratoires<\/b>, <b>les aires d\u2019alimentation<\/b> et <b>mieux comprendre ce qui motive leurs d\u00e9placements en mer<\/b>. Mes travaux de th\u00e8se ont ainsi permis une <b>avanc\u00e9e scientifique majeure<\/b> dans les domaines de l\u2019<b>\u00e9cologie<\/b> et de l\u2019<b>oc\u00e9anographie<\/b>, tout en alimentant le Plan national d\u2019action en faveur des tortues marines.<\/p>\n<p>&nbsp;<\/p>\n<p class=\"p3\">Je pr\u00e9vois de <b>diffuser<\/b> mes travaux de recherche par le biais de conf\u00e9rences grand public aupr\u00e8s des acteurs de la FRB et <i>via<\/i> l\u2019exposition d\u2019une s\u00e9rie de dessins sur le th\u00e8me \u00ab\u00a0Biodiversit\u00e9 et Oc\u00e9ans\u00a0\u00bb. Enfin, la projection du court-m\u00e9trage \u00ab\u00a0Les G\u00e9antes de Yalimapo\u00a0\u00bb permettra de sensibiliser sur les travaux men\u00e9s depuis plus de 40 ans par le CNRS de Strasbourg en Guyane fran\u00e7aise.<\/p>\n","protected":false},"excerpt":{"rendered":"<p>Philippine Chambault a \u00e9t\u00e9 r\u00e9compens\u00e9e par la Fondation Nature &amp; d\u00e9couvertes. Elle explique ci-dessous ses travaux et projets.\u00a0 \u00a0 Les voyageuses de la grande bleue\u00a0: les tortues marines Occupant 70 % de la surface du globe et comptant plus de 300\u00a0000 esp\u00e8ces, l\u2019oc\u00e9an h\u00e9berge une importante biodiversit\u00e9. Cet \u00e9cosyst\u00e8me fragile fait l\u2019objet de pressions anthropiques [&hellip;]<\/p>\n","protected":false},"author":2,"featured_media":1621,"parent":2266,"menu_order":0,"comment_status":"closed","ping_status":"closed","template":"temp_frb-default.php","meta":{"_acf_changed":false,"inline_featured_image":false,"footnotes":""},"class_list":["post-2267","page","type-page","status-publish","has-post-thumbnail","hentry"],"acf":[],"yoast_head":"<!-- This site is optimized with the Yoast SEO plugin v27.3 - https:\/\/yoast.com\/product\/yoast-seo-wordpress\/ -->\n<title>Biodiversit\u00e9 et oc\u00e9ans - Fondation pour la recherche sur la biodiversit\u00e9<\/title>\n<meta name=\"robots\" content=\"index, follow, max-snippet:-1, max-image-preview:large, max-video-preview:-1\" \/>\n<link rel=\"canonical\" href=\"https:\/\/www.fondationbiodiversite.fr\/en\/the-frb-in-action\/support-to-young-reearchers\/prix-jeunes-chercheurs\/biodiversite-et-oceans\/\" \/>\n<meta property=\"og:locale\" content=\"en_US\" \/>\n<meta property=\"og:type\" content=\"article\" \/>\n<meta property=\"og:title\" content=\"Biodiversit\u00e9 et oc\u00e9ans - Fondation pour la recherche sur la biodiversit\u00e9\" \/>\n<meta property=\"og:description\" content=\"Philippine Chambault a \u00e9t\u00e9 r\u00e9compens\u00e9e par la Fondation Nature &amp; d\u00e9couvertes. Elle explique ci-dessous ses travaux et projets.\u00a0 \u00a0 Les voyageuses de la grande bleue\u00a0: les tortues marines Occupant 70 % de la surface du globe et comptant plus de 300\u00a0000 esp\u00e8ces, l\u2019oc\u00e9an h\u00e9berge une importante biodiversit\u00e9. Cet \u00e9cosyst\u00e8me fragile fait l\u2019objet de pressions anthropiques [&hellip;]\" \/>\n<meta property=\"og:url\" content=\"https:\/\/www.fondationbiodiversite.fr\/en\/the-frb-in-action\/support-to-young-reearchers\/prix-jeunes-chercheurs\/biodiversite-et-oceans\/\" \/>\n<meta property=\"og:site_name\" content=\"Fondation pour la recherche sur la biodiversit\u00e9\" \/>\n<meta property=\"article:publisher\" content=\"https:\/\/www.facebook.com\/FRBiodiv#\" \/>\n<meta property=\"og:image\" content=\"https:\/\/www.fondationbiodiversite.fr\/wp-content\/uploads\/2019\/02\/FRB-Prix-Jeunes-chercheurs-Biodiversite-Oceans.jpg\" \/>\n\t<meta property=\"og:image:width\" content=\"690\" \/>\n\t<meta property=\"og:image:height\" content=\"450\" \/>\n\t<meta property=\"og:image:type\" content=\"image\/jpeg\" \/>\n<meta name=\"twitter:card\" content=\"summary_large_image\" \/>\n<meta name=\"twitter:site\" content=\"@FRBiodiv\" \/>\n<meta name=\"twitter:label1\" content=\"Est. reading time\" \/>\n\t<meta name=\"twitter:data1\" content=\"1 minute\" \/>\n<script type=\"application\/ld+json\" class=\"yoast-schema-graph\">{\"@context\":\"https:\\\/\\\/schema.org\",\"@graph\":[{\"@type\":\"WebPage\",\"@id\":\"https:\\\/\\\/www.fondationbiodiversite.fr\\\/en\\\/the-frb-in-action\\\/support-to-young-reearchers\\\/prix-jeunes-chercheurs\\\/biodiversite-et-oceans\\\/\",\"url\":\"https:\\\/\\\/www.fondationbiodiversite.fr\\\/en\\\/the-frb-in-action\\\/support-to-young-reearchers\\\/prix-jeunes-chercheurs\\\/biodiversite-et-oceans\\\/\",\"name\":\"Biodiversit\u00e9 et oc\u00e9ans - Fondation pour la recherche sur la biodiversit\u00e9\",\"isPartOf\":{\"@id\":\"https:\\\/\\\/www.fondationbiodiversite.fr\\\/en\\\/#website\"},\"primaryImageOfPage\":{\"@id\":\"https:\\\/\\\/www.fondationbiodiversite.fr\\\/en\\\/the-frb-in-action\\\/support-to-young-reearchers\\\/prix-jeunes-chercheurs\\\/biodiversite-et-oceans\\\/#primaryimage\"},\"image\":{\"@id\":\"https:\\\/\\\/www.fondationbiodiversite.fr\\\/en\\\/the-frb-in-action\\\/support-to-young-reearchers\\\/prix-jeunes-chercheurs\\\/biodiversite-et-oceans\\\/#primaryimage\"},\"thumbnailUrl\":\"https:\\\/\\\/www.fondationbiodiversite.fr\\\/wp-content\\\/uploads\\\/2019\\\/02\\\/FRB-Prix-Jeunes-chercheurs-Biodiversite-Oceans.jpg\",\"datePublished\":\"2019-02-14T10:23:14+00:00\",\"breadcrumb\":{\"@id\":\"https:\\\/\\\/www.fondationbiodiversite.fr\\\/en\\\/the-frb-in-action\\\/support-to-young-reearchers\\\/prix-jeunes-chercheurs\\\/biodiversite-et-oceans\\\/#breadcrumb\"},\"inLanguage\":\"en-US\",\"potentialAction\":[{\"@type\":\"ReadAction\",\"target\":[\"https:\\\/\\\/www.fondationbiodiversite.fr\\\/en\\\/the-frb-in-action\\\/support-to-young-reearchers\\\/prix-jeunes-chercheurs\\\/biodiversite-et-oceans\\\/\"]}]},{\"@type\":\"ImageObject\",\"inLanguage\":\"en-US\",\"@id\":\"https:\\\/\\\/www.fondationbiodiversite.fr\\\/en\\\/the-frb-in-action\\\/support-to-young-reearchers\\\/prix-jeunes-chercheurs\\\/biodiversite-et-oceans\\\/#primaryimage\",\"url\":\"https:\\\/\\\/www.fondationbiodiversite.fr\\\/wp-content\\\/uploads\\\/2019\\\/02\\\/FRB-Prix-Jeunes-chercheurs-Biodiversite-Oceans.jpg\",\"contentUrl\":\"https:\\\/\\\/www.fondationbiodiversite.fr\\\/wp-content\\\/uploads\\\/2019\\\/02\\\/FRB-Prix-Jeunes-chercheurs-Biodiversite-Oceans.jpg\",\"width\":690,\"height\":450,\"caption\":\"Prix Jeunes chercheurs Cos-FRB 2018 - Biodiversit\u00e9 et oc\u00e9ans\"},{\"@type\":\"BreadcrumbList\",\"@id\":\"https:\\\/\\\/www.fondationbiodiversite.fr\\\/en\\\/the-frb-in-action\\\/support-to-young-reearchers\\\/prix-jeunes-chercheurs\\\/biodiversite-et-oceans\\\/#breadcrumb\",\"itemListElement\":[{\"@type\":\"ListItem\",\"position\":1,\"name\":\"Accueil\",\"item\":\"https:\\\/\\\/www.fondationbiodiversite.fr\\\/en\\\/\"},{\"@type\":\"ListItem\",\"position\":2,\"name\":\"The FRB in action\",\"item\":\"https:\\\/\\\/www.fondationbiodiversite.fr\\\/en\\\/the-frb-in-action\\\/\"},{\"@type\":\"ListItem\",\"position\":3,\"name\":\"Support to young researchers\",\"item\":\"https:\\\/\\\/www.fondationbiodiversite.fr\\\/en\\\/the-frb-in-action\\\/support-to-young-reearchers\\\/\"},{\"@type\":\"ListItem\",\"position\":4,\"name\":\"Prix Jeunes Chercheurs\",\"item\":\"https:\\\/\\\/www.fondationbiodiversite.fr\\\/en\\\/the-frb-in-action\\\/support-to-young-reearchers\\\/prix-jeunes-chercheurs\\\/\"},{\"@type\":\"ListItem\",\"position\":5,\"name\":\"Biodiversit\u00e9 et oc\u00e9ans\"}]},{\"@type\":\"WebSite\",\"@id\":\"https:\\\/\\\/www.fondationbiodiversite.fr\\\/en\\\/#website\",\"url\":\"https:\\\/\\\/www.fondationbiodiversite.fr\\\/en\\\/\",\"name\":\"Fondation pour la recherche sur la biodiversit\u00e9\",\"description\":\"Une plateforme entre les diff\u00e9rents acteurs scientifiques et les acteurs de la soci\u00e9t\u00e9 sur la biodiversit\u00e9..\",\"publisher\":{\"@id\":\"https:\\\/\\\/www.fondationbiodiversite.fr\\\/en\\\/#organization\"},\"alternateName\":\"FRB\",\"potentialAction\":[{\"@type\":\"SearchAction\",\"target\":{\"@type\":\"EntryPoint\",\"urlTemplate\":\"https:\\\/\\\/www.fondationbiodiversite.fr\\\/en\\\/?s={search_term_string}\"},\"query-input\":{\"@type\":\"PropertyValueSpecification\",\"valueRequired\":true,\"valueName\":\"search_term_string\"}}],\"inLanguage\":\"en-US\"},{\"@type\":\"Organization\",\"@id\":\"https:\\\/\\\/www.fondationbiodiversite.fr\\\/en\\\/#organization\",\"name\":\"Fondation pour la recherche sur la biodiversit\u00e9\",\"url\":\"https:\\\/\\\/www.fondationbiodiversite.fr\\\/en\\\/\",\"logo\":{\"@type\":\"ImageObject\",\"inLanguage\":\"en-US\",\"@id\":\"https:\\\/\\\/www.fondationbiodiversite.fr\\\/en\\\/#\\\/schema\\\/logo\\\/image\\\/\",\"url\":\"https:\\\/\\\/www.fondationbiodiversite.fr\\\/wp-content\\\/uploads\\\/2025\\\/10\\\/logo_FRB_RVB.png\",\"contentUrl\":\"https:\\\/\\\/www.fondationbiodiversite.fr\\\/wp-content\\\/uploads\\\/2025\\\/10\\\/logo_FRB_RVB.png\",\"width\":220,\"height\":220,\"caption\":\"Fondation pour la recherche sur la biodiversit\u00e9\"},\"image\":{\"@id\":\"https:\\\/\\\/www.fondationbiodiversite.fr\\\/en\\\/#\\\/schema\\\/logo\\\/image\\\/\"},\"sameAs\":[\"https:\\\/\\\/www.facebook.com\\\/FRBiodiv#\",\"https:\\\/\\\/x.com\\\/FRBiodiv\",\"https:\\\/\\\/bsky.app\\\/profile\\\/frbiodiv.bsky.social\",\"https:\\\/\\\/www.instagram.com\\\/frbiodiv\\\/\",\"https:\\\/\\\/www.linkedin.com\\\/in\\\/fondation-pour-la-recherche-sur-la-biodiversit-223059121\\\/\",\"https:\\\/\\\/www.youtube.com\\\/@FRBiodiv\"]}]}<\/script>\n<!-- \/ Yoast SEO plugin. -->","yoast_head_json":{"title":"Biodiversit\u00e9 et oc\u00e9ans - Fondation pour la recherche sur la biodiversit\u00e9","robots":{"index":"index","follow":"follow","max-snippet":"max-snippet:-1","max-image-preview":"max-image-preview:large","max-video-preview":"max-video-preview:-1"},"canonical":"https:\/\/www.fondationbiodiversite.fr\/en\/the-frb-in-action\/support-to-young-reearchers\/prix-jeunes-chercheurs\/biodiversite-et-oceans\/","og_locale":"en_US","og_type":"article","og_title":"Biodiversit\u00e9 et oc\u00e9ans - Fondation pour la recherche sur la biodiversit\u00e9","og_description":"Philippine Chambault a \u00e9t\u00e9 r\u00e9compens\u00e9e par la Fondation Nature &amp; d\u00e9couvertes. Elle explique ci-dessous ses travaux et projets.\u00a0 \u00a0 Les voyageuses de la grande bleue\u00a0: les tortues marines Occupant 70 % de la surface du globe et comptant plus de 300\u00a0000 esp\u00e8ces, l\u2019oc\u00e9an h\u00e9berge une importante biodiversit\u00e9. Cet \u00e9cosyst\u00e8me fragile fait l\u2019objet de pressions anthropiques [&hellip;]","og_url":"https:\/\/www.fondationbiodiversite.fr\/en\/the-frb-in-action\/support-to-young-reearchers\/prix-jeunes-chercheurs\/biodiversite-et-oceans\/","og_site_name":"Fondation pour la recherche sur la biodiversit\u00e9","article_publisher":"https:\/\/www.facebook.com\/FRBiodiv#","og_image":[{"width":690,"height":450,"url":"https:\/\/www.fondationbiodiversite.fr\/wp-content\/uploads\/2019\/02\/FRB-Prix-Jeunes-chercheurs-Biodiversite-Oceans.jpg","type":"image\/jpeg"}],"twitter_card":"summary_large_image","twitter_site":"@FRBiodiv","twitter_misc":{"Est. reading time":"1 minute"},"schema":{"@context":"https:\/\/schema.org","@graph":[{"@type":"WebPage","@id":"https:\/\/www.fondationbiodiversite.fr\/en\/the-frb-in-action\/support-to-young-reearchers\/prix-jeunes-chercheurs\/biodiversite-et-oceans\/","url":"https:\/\/www.fondationbiodiversite.fr\/en\/the-frb-in-action\/support-to-young-reearchers\/prix-jeunes-chercheurs\/biodiversite-et-oceans\/","name":"Biodiversit\u00e9 et oc\u00e9ans - Fondation pour la recherche sur la biodiversit\u00e9","isPartOf":{"@id":"https:\/\/www.fondationbiodiversite.fr\/en\/#website"},"primaryImageOfPage":{"@id":"https:\/\/www.fondationbiodiversite.fr\/en\/the-frb-in-action\/support-to-young-reearchers\/prix-jeunes-chercheurs\/biodiversite-et-oceans\/#primaryimage"},"image":{"@id":"https:\/\/www.fondationbiodiversite.fr\/en\/the-frb-in-action\/support-to-young-reearchers\/prix-jeunes-chercheurs\/biodiversite-et-oceans\/#primaryimage"},"thumbnailUrl":"https:\/\/www.fondationbiodiversite.fr\/wp-content\/uploads\/2019\/02\/FRB-Prix-Jeunes-chercheurs-Biodiversite-Oceans.jpg","datePublished":"2019-02-14T10:23:14+00:00","breadcrumb":{"@id":"https:\/\/www.fondationbiodiversite.fr\/en\/the-frb-in-action\/support-to-young-reearchers\/prix-jeunes-chercheurs\/biodiversite-et-oceans\/#breadcrumb"},"inLanguage":"en-US","potentialAction":[{"@type":"ReadAction","target":["https:\/\/www.fondationbiodiversite.fr\/en\/the-frb-in-action\/support-to-young-reearchers\/prix-jeunes-chercheurs\/biodiversite-et-oceans\/"]}]},{"@type":"ImageObject","inLanguage":"en-US","@id":"https:\/\/www.fondationbiodiversite.fr\/en\/the-frb-in-action\/support-to-young-reearchers\/prix-jeunes-chercheurs\/biodiversite-et-oceans\/#primaryimage","url":"https:\/\/www.fondationbiodiversite.fr\/wp-content\/uploads\/2019\/02\/FRB-Prix-Jeunes-chercheurs-Biodiversite-Oceans.jpg","contentUrl":"https:\/\/www.fondationbiodiversite.fr\/wp-content\/uploads\/2019\/02\/FRB-Prix-Jeunes-chercheurs-Biodiversite-Oceans.jpg","width":690,"height":450,"caption":"Prix Jeunes chercheurs Cos-FRB 2018 - Biodiversit\u00e9 et oc\u00e9ans"},{"@type":"BreadcrumbList","@id":"https:\/\/www.fondationbiodiversite.fr\/en\/the-frb-in-action\/support-to-young-reearchers\/prix-jeunes-chercheurs\/biodiversite-et-oceans\/#breadcrumb","itemListElement":[{"@type":"ListItem","position":1,"name":"Accueil","item":"https:\/\/www.fondationbiodiversite.fr\/en\/"},{"@type":"ListItem","position":2,"name":"The FRB in action","item":"https:\/\/www.fondationbiodiversite.fr\/en\/the-frb-in-action\/"},{"@type":"ListItem","position":3,"name":"Support to young researchers","item":"https:\/\/www.fondationbiodiversite.fr\/en\/the-frb-in-action\/support-to-young-reearchers\/"},{"@type":"ListItem","position":4,"name":"Prix Jeunes Chercheurs","item":"https:\/\/www.fondationbiodiversite.fr\/en\/the-frb-in-action\/support-to-young-reearchers\/prix-jeunes-chercheurs\/"},{"@type":"ListItem","position":5,"name":"Biodiversit\u00e9 et oc\u00e9ans"}]},{"@type":"WebSite","@id":"https:\/\/www.fondationbiodiversite.fr\/en\/#website","url":"https:\/\/www.fondationbiodiversite.fr\/en\/","name":"Fondation pour la recherche sur la biodiversit\u00e9","description":"Une plateforme entre les diff\u00e9rents acteurs scientifiques et les acteurs de la soci\u00e9t\u00e9 sur la biodiversit\u00e9..","publisher":{"@id":"https:\/\/www.fondationbiodiversite.fr\/en\/#organization"},"alternateName":"FRB","potentialAction":[{"@type":"SearchAction","target":{"@type":"EntryPoint","urlTemplate":"https:\/\/www.fondationbiodiversite.fr\/en\/?s={search_term_string}"},"query-input":{"@type":"PropertyValueSpecification","valueRequired":true,"valueName":"search_term_string"}}],"inLanguage":"en-US"},{"@type":"Organization","@id":"https:\/\/www.fondationbiodiversite.fr\/en\/#organization","name":"Fondation pour la recherche sur la biodiversit\u00e9","url":"https:\/\/www.fondationbiodiversite.fr\/en\/","logo":{"@type":"ImageObject","inLanguage":"en-US","@id":"https:\/\/www.fondationbiodiversite.fr\/en\/#\/schema\/logo\/image\/","url":"https:\/\/www.fondationbiodiversite.fr\/wp-content\/uploads\/2025\/10\/logo_FRB_RVB.png","contentUrl":"https:\/\/www.fondationbiodiversite.fr\/wp-content\/uploads\/2025\/10\/logo_FRB_RVB.png","width":220,"height":220,"caption":"Fondation pour la recherche sur la biodiversit\u00e9"},"image":{"@id":"https:\/\/www.fondationbiodiversite.fr\/en\/#\/schema\/logo\/image\/"},"sameAs":["https:\/\/www.facebook.com\/FRBiodiv#","https:\/\/x.com\/FRBiodiv","https:\/\/bsky.app\/profile\/frbiodiv.bsky.social","https:\/\/www.instagram.com\/frbiodiv\/","https:\/\/www.linkedin.com\/in\/fondation-pour-la-recherche-sur-la-biodiversit-223059121\/","https:\/\/www.youtube.com\/@FRBiodiv"]}]}},"_links":{"self":[{"href":"https:\/\/www.fondationbiodiversite.fr\/en\/wp-json\/wp\/v2\/pages\/2267","targetHints":{"allow":["GET"]}}],"collection":[{"href":"https:\/\/www.fondationbiodiversite.fr\/en\/wp-json\/wp\/v2\/pages"}],"about":[{"href":"https:\/\/www.fondationbiodiversite.fr\/en\/wp-json\/wp\/v2\/types\/page"}],"author":[{"embeddable":true,"href":"https:\/\/www.fondationbiodiversite.fr\/en\/wp-json\/wp\/v2\/users\/2"}],"replies":[{"embeddable":true,"href":"https:\/\/www.fondationbiodiversite.fr\/en\/wp-json\/wp\/v2\/comments?post=2267"}],"version-history":[{"count":0,"href":"https:\/\/www.fondationbiodiversite.fr\/en\/wp-json\/wp\/v2\/pages\/2267\/revisions"}],"up":[{"embeddable":true,"href":"https:\/\/www.fondationbiodiversite.fr\/en\/wp-json\/wp\/v2\/pages\/2266"}],"wp:featuredmedia":[{"embeddable":true,"href":"https:\/\/www.fondationbiodiversite.fr\/en\/wp-json\/wp\/v2\/media\/1621"}],"wp:attachment":[{"href":"https:\/\/www.fondationbiodiversite.fr\/en\/wp-json\/wp\/v2\/media?parent=2267"}],"curies":[{"name":"wp","href":"https:\/\/api.w.org\/{rel}","templated":true}]}}