
{"id":2257,"date":"2019-02-01T14:38:30","date_gmt":"2019-02-01T13:38:30","guid":{"rendered":"http:\/\/www.fondationbiodiversite.fr\/la-frb-en-action\/appui-a-la-decision\/clubs-recherche-action\/club-1-conservation-dynamique\/"},"modified":"2021-03-10T09:57:12","modified_gmt":"2021-03-10T08:57:12","slug":"club-1-conservation-dynamique","status":"publish","type":"page","link":"https:\/\/www.fondationbiodiversite.fr\/en\/the-frb-in-action\/support-to-decision-making\/clubs-recherche-action\/club-1-conservation-dynamique\/","title":{"rendered":"Club 1 &#8211; Conservation de la biodiversit\u00e9 dans les territoires : comment appr\u00e9hender les dynamiques ?"},"content":{"rendered":"<p>Le th\u00e8me du Club se veut suffisamment large pour embrasser une diversit\u00e9 de questions, d&#8217;objets ou de probl\u00e9matiques, et pr\u00e9tend couvrir diff\u00e9rentes \u00e9chelles spatiales et temporelles, ainsi que diff\u00e9rents types de milieux et de niveaux d\u2019anthropisation (naturels et semi-naturels).<\/p>\n<p>&nbsp;<\/p>\n<p>S\u2019interroger sur les dynamiques des populations, des communaut\u00e9s, et des fonctionnalit\u00e9s des \u00e9cosyst\u00e8mes et leurs changements en r\u00e9ponse \u00e0 des modifications environnementales (ex. changements globaux) implique notamment de s\u2019interroger sur la d\u00e9finition d\u2019un \u00e9tat initial ou de r\u00e9f\u00e9rence, faisant ainsi appel \u00e0 des notions d\u2019\u00e9cologie historique ou de pal\u00e9o\u00e9cologie.<\/p>\n<p>Cela n\u00e9cessite \u00e9galement de d\u00e9crire, mesurer et suivre l\u2019\u00e9tat des syst\u00e8mes socio-\u00e9cologiques dans le temps et l\u2019espace, \u00e0 l\u2019aide de m\u00e9triques et d\u2019indicateurs.<\/p>\n<p>Enfin, la conservation de la biodiversit\u00e9 dans les territoires se confronte n\u00e9cessairement au cadre r\u00e8glementaire incontournable de la s\u00e9quence ERC (\u00c9viter, R\u00e9duire, Compenser), tout en soulevant la question de la place de la naturalit\u00e9 dans notre mod\u00e8le actuel de d\u00e9veloppement. Le glissement actuellement observ\u00e9 vers le C pose notamment la question des \u00e9quivalences entre \u00e9tats et entre fonctionnalit\u00e9s, mais aussi la question des dynamiques et des trajectoires et successions dans les \u00e9cosyst\u00e8mes.<\/p>\n<p>&nbsp;<\/p>\n<p>Les attentes \u00e0 l\u2019origine du Club portent, entre autres, sur :<\/p>\n<p>&nbsp;<\/p>\n<ul>\n<li>La description et la mesure de l&#8217;\u00e9tat de la biodiversit\u00e9 et les interactions entre les objets de nature et la soci\u00e9t\u00e9.<\/li>\n<li>Les indicateurs \u00e9cologiques, sociaux et \u00e9conomiques de la biodiversit\u00e9 et des relations entre biodiversit\u00e9 et soci\u00e9t\u00e9 qui traduisent des informations sur l\u2019\u00e9tat de la biodiversit\u00e9, les dynamiques et \u00e9volutions, les services \u00e9cosyst\u00e9miques, etc.<\/li>\n<li>Des questionnements d\u2019ordres \u00e9cologiques mais \u00e9galement \u00e9thiques sur les interactions entre les acteurs, les humains et non-humains.<\/li>\n<\/ul>\n<p>&nbsp;<\/p>\n<p>&nbsp;<\/p>\n<p>Afin d\u2019approfondir le th\u00e8me du Club, les participants ont souhait\u00e9s l\u2019aborder sous trois angles plus resserr\u00e9s. Ils ont organis\u00e9, en 2019 et 2020, trois journ\u00e9es :<\/p>\n<p>&nbsp;<\/p>\n<ul>\n<li>La naturalit\u00e9, comme point de r\u00e9f\u00e9rence, \u00e9tat ou processus \u00ab souhait\u00e9\/souhaitable \u00bb.<\/li>\n<li>La s\u00e9quence ERC, comme cadre r\u00e8glementaire incontournable, \u2018conflit\u2019 avec les dynamiques, glissement vers C, focus n\u00e9cessaire sur E puis R.<\/li>\n<li>Les indicateurs &amp; m\u00e9triques, comme outils de suivi de la conservation et des dynamiques.<\/li>\n<\/ul>\n<p>&nbsp;<\/p>\n<p>L\u2019ann\u00e9e 2021 permet de faire la synth\u00e8se de ces th\u00e8mes et d\u2019explorer les besoins qui n\u2019auront pas \u00e9t\u00e9 trait\u00e9s.<\/p>\n","protected":false},"excerpt":{"rendered":"<p>Le th\u00e8me du Club se veut suffisamment large pour embrasser une diversit\u00e9 de questions, d&#8217;objets ou de probl\u00e9matiques, et pr\u00e9tend couvrir diff\u00e9rentes \u00e9chelles spatiales et temporelles, ainsi que diff\u00e9rents types de milieux et de niveaux d\u2019anthropisation (naturels et semi-naturels). &nbsp; S\u2019interroger sur les dynamiques des populations, des communaut\u00e9s, et des fonctionnalit\u00e9s des \u00e9cosyst\u00e8mes et leurs [&hellip;]<\/p>\n","protected":false},"author":1,"featured_media":6809,"parent":2256,"menu_order":0,"comment_status":"closed","ping_status":"closed","template":"","meta":{"_acf_changed":false,"inline_featured_image":false,"footnotes":""},"class_list":["post-2257","page","type-page","status-publish","has-post-thumbnail","hentry"],"acf":[],"yoast_head":"<!-- This site is optimized with the Yoast SEO plugin v27.4 - https:\/\/yoast.com\/product\/yoast-seo-wordpress\/ -->\n<title>Club 1 - Conservation de la biodiversit\u00e9 dans les territoires : comment appr\u00e9hender les dynamiques ? - Fondation pour la recherche sur la biodiversit\u00e9<\/title>\n<meta name=\"robots\" content=\"index, follow, max-snippet:-1, max-image-preview:large, max-video-preview:-1\" \/>\n<link rel=\"canonical\" href=\"https:\/\/www.fondationbiodiversite.fr\/en\/the-frb-in-action\/support-to-decision-making\/clubs-recherche-action\/club-1-conservation-dynamique\/\" \/>\n<meta property=\"og:locale\" content=\"en_US\" \/>\n<meta property=\"og:type\" content=\"article\" \/>\n<meta property=\"og:title\" content=\"Club 1 - Conservation de la biodiversit\u00e9 dans les territoires : comment appr\u00e9hender les dynamiques ? - Fondation pour la recherche sur la biodiversit\u00e9\" \/>\n<meta property=\"og:description\" content=\"Le th\u00e8me du Club se veut suffisamment large pour embrasser une diversit\u00e9 de questions, d&#8217;objets ou de probl\u00e9matiques, et pr\u00e9tend couvrir diff\u00e9rentes \u00e9chelles spatiales et temporelles, ainsi que diff\u00e9rents types de milieux et de niveaux d\u2019anthropisation (naturels et semi-naturels). &nbsp; S\u2019interroger sur les dynamiques des populations, des communaut\u00e9s, et des fonctionnalit\u00e9s des \u00e9cosyst\u00e8mes et leurs [&hellip;]\" \/>\n<meta property=\"og:url\" content=\"https:\/\/www.fondationbiodiversite.fr\/en\/the-frb-in-action\/support-to-decision-making\/clubs-recherche-action\/club-1-conservation-dynamique\/\" \/>\n<meta property=\"og:site_name\" content=\"Fondation pour la recherche sur la biodiversit\u00e9\" \/>\n<meta property=\"article:publisher\" content=\"https:\/\/www.facebook.com\/FRBiodiv#\" \/>\n<meta property=\"article:modified_time\" content=\"2021-03-10T08:57:12+00:00\" \/>\n<meta property=\"og:image\" content=\"https:\/\/www.fondationbiodiversite.fr\/wp-content\/uploads\/2019\/08\/FRB-Club1-Conservation-dyanmique-Danube.jpg\" \/>\n\t<meta property=\"og:image:width\" content=\"690\" \/>\n\t<meta property=\"og:image:height\" content=\"450\" \/>\n\t<meta property=\"og:image:type\" content=\"image\/jpeg\" \/>\n<meta name=\"twitter:card\" content=\"summary_large_image\" \/>\n<meta name=\"twitter:site\" content=\"@FRBiodiv\" \/>\n<meta name=\"twitter:label1\" content=\"Est. reading time\" \/>\n\t<meta name=\"twitter:data1\" content=\"2 minutes\" \/>\n<script type=\"application\/ld+json\" class=\"yoast-schema-graph\">{\"@context\":\"https:\\\/\\\/schema.org\",\"@graph\":[{\"@type\":\"WebPage\",\"@id\":\"https:\\\/\\\/www.fondationbiodiversite.fr\\\/en\\\/the-frb-in-action\\\/support-to-decision-making\\\/clubs-recherche-action\\\/club-1-conservation-dynamique\\\/\",\"url\":\"https:\\\/\\\/www.fondationbiodiversite.fr\\\/en\\\/the-frb-in-action\\\/support-to-decision-making\\\/clubs-recherche-action\\\/club-1-conservation-dynamique\\\/\",\"name\":\"Club 1 - Conservation de la biodiversit\u00e9 dans les territoires : comment appr\u00e9hender les dynamiques ? - Fondation pour la recherche sur la biodiversit\u00e9\",\"isPartOf\":{\"@id\":\"https:\\\/\\\/www.fondationbiodiversite.fr\\\/en\\\/#website\"},\"primaryImageOfPage\":{\"@id\":\"https:\\\/\\\/www.fondationbiodiversite.fr\\\/en\\\/the-frb-in-action\\\/support-to-decision-making\\\/clubs-recherche-action\\\/club-1-conservation-dynamique\\\/#primaryimage\"},\"image\":{\"@id\":\"https:\\\/\\\/www.fondationbiodiversite.fr\\\/en\\\/the-frb-in-action\\\/support-to-decision-making\\\/clubs-recherche-action\\\/club-1-conservation-dynamique\\\/#primaryimage\"},\"thumbnailUrl\":\"https:\\\/\\\/www.fondationbiodiversite.fr\\\/wp-content\\\/uploads\\\/2019\\\/08\\\/FRB-Club1-Conservation-dyanmique-Danube.jpg\",\"datePublished\":\"2019-02-01T13:38:30+00:00\",\"dateModified\":\"2021-03-10T08:57:12+00:00\",\"breadcrumb\":{\"@id\":\"https:\\\/\\\/www.fondationbiodiversite.fr\\\/en\\\/the-frb-in-action\\\/support-to-decision-making\\\/clubs-recherche-action\\\/club-1-conservation-dynamique\\\/#breadcrumb\"},\"inLanguage\":\"en-US\",\"potentialAction\":[{\"@type\":\"ReadAction\",\"target\":[\"https:\\\/\\\/www.fondationbiodiversite.fr\\\/en\\\/the-frb-in-action\\\/support-to-decision-making\\\/clubs-recherche-action\\\/club-1-conservation-dynamique\\\/\"]}]},{\"@type\":\"ImageObject\",\"inLanguage\":\"en-US\",\"@id\":\"https:\\\/\\\/www.fondationbiodiversite.fr\\\/en\\\/the-frb-in-action\\\/support-to-decision-making\\\/clubs-recherche-action\\\/club-1-conservation-dynamique\\\/#primaryimage\",\"url\":\"https:\\\/\\\/www.fondationbiodiversite.fr\\\/wp-content\\\/uploads\\\/2019\\\/08\\\/FRB-Club1-Conservation-dyanmique-Danube.jpg\",\"contentUrl\":\"https:\\\/\\\/www.fondationbiodiversite.fr\\\/wp-content\\\/uploads\\\/2019\\\/08\\\/FRB-Club1-Conservation-dyanmique-Danube.jpg\",\"width\":690,\"height\":450,\"caption\":\"FRB-Club1-Conservation-dyanmique-Danube\"},{\"@type\":\"BreadcrumbList\",\"@id\":\"https:\\\/\\\/www.fondationbiodiversite.fr\\\/en\\\/the-frb-in-action\\\/support-to-decision-making\\\/clubs-recherche-action\\\/club-1-conservation-dynamique\\\/#breadcrumb\",\"itemListElement\":[{\"@type\":\"ListItem\",\"position\":1,\"name\":\"Accueil\",\"item\":\"https:\\\/\\\/www.fondationbiodiversite.fr\\\/en\\\/\"},{\"@type\":\"ListItem\",\"position\":2,\"name\":\"The FRB in action\",\"item\":\"https:\\\/\\\/www.fondationbiodiversite.fr\\\/en\\\/the-frb-in-action\\\/\"},{\"@type\":\"ListItem\",\"position\":3,\"name\":\"Support to decision-making\",\"item\":\"https:\\\/\\\/www.fondationbiodiversite.fr\\\/en\\\/the-frb-in-action\\\/support-to-decision-making\\\/\"},{\"@type\":\"ListItem\",\"position\":4,\"name\":\"Les Clubs recherche-action\",\"item\":\"https:\\\/\\\/www.fondationbiodiversite.fr\\\/en\\\/?page_id=2256\"},{\"@type\":\"ListItem\",\"position\":5,\"name\":\"Club 1 &#8211; Conservation de la biodiversit\u00e9 dans les territoires : comment appr\u00e9hender les dynamiques ?\"}]},{\"@type\":\"WebSite\",\"@id\":\"https:\\\/\\\/www.fondationbiodiversite.fr\\\/en\\\/#website\",\"url\":\"https:\\\/\\\/www.fondationbiodiversite.fr\\\/en\\\/\",\"name\":\"Fondation pour la recherche sur la biodiversit\u00e9\",\"description\":\"Une plateforme entre les diff\u00e9rents acteurs scientifiques et les acteurs de la soci\u00e9t\u00e9 sur la biodiversit\u00e9..\",\"publisher\":{\"@id\":\"https:\\\/\\\/www.fondationbiodiversite.fr\\\/en\\\/#organization\"},\"alternateName\":\"FRB\",\"potentialAction\":[{\"@type\":\"SearchAction\",\"target\":{\"@type\":\"EntryPoint\",\"urlTemplate\":\"https:\\\/\\\/www.fondationbiodiversite.fr\\\/en\\\/?s={search_term_string}\"},\"query-input\":{\"@type\":\"PropertyValueSpecification\",\"valueRequired\":true,\"valueName\":\"search_term_string\"}}],\"inLanguage\":\"en-US\"},{\"@type\":\"Organization\",\"@id\":\"https:\\\/\\\/www.fondationbiodiversite.fr\\\/en\\\/#organization\",\"name\":\"Fondation pour la recherche sur la biodiversit\u00e9\",\"url\":\"https:\\\/\\\/www.fondationbiodiversite.fr\\\/en\\\/\",\"logo\":{\"@type\":\"ImageObject\",\"inLanguage\":\"en-US\",\"@id\":\"https:\\\/\\\/www.fondationbiodiversite.fr\\\/en\\\/#\\\/schema\\\/logo\\\/image\\\/\",\"url\":\"https:\\\/\\\/www.fondationbiodiversite.fr\\\/wp-content\\\/uploads\\\/2025\\\/10\\\/logo_FRB_RVB.png\",\"contentUrl\":\"https:\\\/\\\/www.fondationbiodiversite.fr\\\/wp-content\\\/uploads\\\/2025\\\/10\\\/logo_FRB_RVB.png\",\"width\":220,\"height\":220,\"caption\":\"Fondation pour la recherche sur la biodiversit\u00e9\"},\"image\":{\"@id\":\"https:\\\/\\\/www.fondationbiodiversite.fr\\\/en\\\/#\\\/schema\\\/logo\\\/image\\\/\"},\"sameAs\":[\"https:\\\/\\\/www.facebook.com\\\/FRBiodiv#\",\"https:\\\/\\\/x.com\\\/FRBiodiv\",\"https:\\\/\\\/bsky.app\\\/profile\\\/frbiodiv.bsky.social\",\"https:\\\/\\\/www.instagram.com\\\/frbiodiv\\\/\",\"https:\\\/\\\/www.linkedin.com\\\/in\\\/fondation-pour-la-recherche-sur-la-biodiversit-223059121\\\/\",\"https:\\\/\\\/www.youtube.com\\\/@FRBiodiv\"]}]}<\/script>\n<!-- \/ Yoast SEO plugin. -->","yoast_head_json":{"title":"Club 1 - Conservation de la biodiversit\u00e9 dans les territoires : comment appr\u00e9hender les dynamiques ? - Fondation pour la recherche sur la biodiversit\u00e9","robots":{"index":"index","follow":"follow","max-snippet":"max-snippet:-1","max-image-preview":"max-image-preview:large","max-video-preview":"max-video-preview:-1"},"canonical":"https:\/\/www.fondationbiodiversite.fr\/en\/the-frb-in-action\/support-to-decision-making\/clubs-recherche-action\/club-1-conservation-dynamique\/","og_locale":"en_US","og_type":"article","og_title":"Club 1 - Conservation de la biodiversit\u00e9 dans les territoires : comment appr\u00e9hender les dynamiques ? - Fondation pour la recherche sur la biodiversit\u00e9","og_description":"Le th\u00e8me du Club se veut suffisamment large pour embrasser une diversit\u00e9 de questions, d&#8217;objets ou de probl\u00e9matiques, et pr\u00e9tend couvrir diff\u00e9rentes \u00e9chelles spatiales et temporelles, ainsi que diff\u00e9rents types de milieux et de niveaux d\u2019anthropisation (naturels et semi-naturels). &nbsp; S\u2019interroger sur les dynamiques des populations, des communaut\u00e9s, et des fonctionnalit\u00e9s des \u00e9cosyst\u00e8mes et leurs [&hellip;]","og_url":"https:\/\/www.fondationbiodiversite.fr\/en\/the-frb-in-action\/support-to-decision-making\/clubs-recherche-action\/club-1-conservation-dynamique\/","og_site_name":"Fondation pour la recherche sur la biodiversit\u00e9","article_publisher":"https:\/\/www.facebook.com\/FRBiodiv#","article_modified_time":"2021-03-10T08:57:12+00:00","og_image":[{"width":690,"height":450,"url":"https:\/\/www.fondationbiodiversite.fr\/wp-content\/uploads\/2019\/08\/FRB-Club1-Conservation-dyanmique-Danube.jpg","type":"image\/jpeg"}],"twitter_card":"summary_large_image","twitter_site":"@FRBiodiv","twitter_misc":{"Est. reading time":"2 minutes"},"schema":{"@context":"https:\/\/schema.org","@graph":[{"@type":"WebPage","@id":"https:\/\/www.fondationbiodiversite.fr\/en\/the-frb-in-action\/support-to-decision-making\/clubs-recherche-action\/club-1-conservation-dynamique\/","url":"https:\/\/www.fondationbiodiversite.fr\/en\/the-frb-in-action\/support-to-decision-making\/clubs-recherche-action\/club-1-conservation-dynamique\/","name":"Club 1 - Conservation de la biodiversit\u00e9 dans les territoires : comment appr\u00e9hender les dynamiques ? - Fondation pour la recherche sur la biodiversit\u00e9","isPartOf":{"@id":"https:\/\/www.fondationbiodiversite.fr\/en\/#website"},"primaryImageOfPage":{"@id":"https:\/\/www.fondationbiodiversite.fr\/en\/the-frb-in-action\/support-to-decision-making\/clubs-recherche-action\/club-1-conservation-dynamique\/#primaryimage"},"image":{"@id":"https:\/\/www.fondationbiodiversite.fr\/en\/the-frb-in-action\/support-to-decision-making\/clubs-recherche-action\/club-1-conservation-dynamique\/#primaryimage"},"thumbnailUrl":"https:\/\/www.fondationbiodiversite.fr\/wp-content\/uploads\/2019\/08\/FRB-Club1-Conservation-dyanmique-Danube.jpg","datePublished":"2019-02-01T13:38:30+00:00","dateModified":"2021-03-10T08:57:12+00:00","breadcrumb":{"@id":"https:\/\/www.fondationbiodiversite.fr\/en\/the-frb-in-action\/support-to-decision-making\/clubs-recherche-action\/club-1-conservation-dynamique\/#breadcrumb"},"inLanguage":"en-US","potentialAction":[{"@type":"ReadAction","target":["https:\/\/www.fondationbiodiversite.fr\/en\/the-frb-in-action\/support-to-decision-making\/clubs-recherche-action\/club-1-conservation-dynamique\/"]}]},{"@type":"ImageObject","inLanguage":"en-US","@id":"https:\/\/www.fondationbiodiversite.fr\/en\/the-frb-in-action\/support-to-decision-making\/clubs-recherche-action\/club-1-conservation-dynamique\/#primaryimage","url":"https:\/\/www.fondationbiodiversite.fr\/wp-content\/uploads\/2019\/08\/FRB-Club1-Conservation-dyanmique-Danube.jpg","contentUrl":"https:\/\/www.fondationbiodiversite.fr\/wp-content\/uploads\/2019\/08\/FRB-Club1-Conservation-dyanmique-Danube.jpg","width":690,"height":450,"caption":"FRB-Club1-Conservation-dyanmique-Danube"},{"@type":"BreadcrumbList","@id":"https:\/\/www.fondationbiodiversite.fr\/en\/the-frb-in-action\/support-to-decision-making\/clubs-recherche-action\/club-1-conservation-dynamique\/#breadcrumb","itemListElement":[{"@type":"ListItem","position":1,"name":"Accueil","item":"https:\/\/www.fondationbiodiversite.fr\/en\/"},{"@type":"ListItem","position":2,"name":"The FRB in action","item":"https:\/\/www.fondationbiodiversite.fr\/en\/the-frb-in-action\/"},{"@type":"ListItem","position":3,"name":"Support to decision-making","item":"https:\/\/www.fondationbiodiversite.fr\/en\/the-frb-in-action\/support-to-decision-making\/"},{"@type":"ListItem","position":4,"name":"Les Clubs recherche-action","item":"https:\/\/www.fondationbiodiversite.fr\/en\/?page_id=2256"},{"@type":"ListItem","position":5,"name":"Club 1 &#8211; Conservation de la biodiversit\u00e9 dans les territoires : comment appr\u00e9hender les dynamiques ?"}]},{"@type":"WebSite","@id":"https:\/\/www.fondationbiodiversite.fr\/en\/#website","url":"https:\/\/www.fondationbiodiversite.fr\/en\/","name":"Fondation pour la recherche sur la biodiversit\u00e9","description":"Une plateforme entre les diff\u00e9rents acteurs scientifiques et les acteurs de la soci\u00e9t\u00e9 sur la biodiversit\u00e9..","publisher":{"@id":"https:\/\/www.fondationbiodiversite.fr\/en\/#organization"},"alternateName":"FRB","potentialAction":[{"@type":"SearchAction","target":{"@type":"EntryPoint","urlTemplate":"https:\/\/www.fondationbiodiversite.fr\/en\/?s={search_term_string}"},"query-input":{"@type":"PropertyValueSpecification","valueRequired":true,"valueName":"search_term_string"}}],"inLanguage":"en-US"},{"@type":"Organization","@id":"https:\/\/www.fondationbiodiversite.fr\/en\/#organization","name":"Fondation pour la recherche sur la biodiversit\u00e9","url":"https:\/\/www.fondationbiodiversite.fr\/en\/","logo":{"@type":"ImageObject","inLanguage":"en-US","@id":"https:\/\/www.fondationbiodiversite.fr\/en\/#\/schema\/logo\/image\/","url":"https:\/\/www.fondationbiodiversite.fr\/wp-content\/uploads\/2025\/10\/logo_FRB_RVB.png","contentUrl":"https:\/\/www.fondationbiodiversite.fr\/wp-content\/uploads\/2025\/10\/logo_FRB_RVB.png","width":220,"height":220,"caption":"Fondation pour la recherche sur la biodiversit\u00e9"},"image":{"@id":"https:\/\/www.fondationbiodiversite.fr\/en\/#\/schema\/logo\/image\/"},"sameAs":["https:\/\/www.facebook.com\/FRBiodiv#","https:\/\/x.com\/FRBiodiv","https:\/\/bsky.app\/profile\/frbiodiv.bsky.social","https:\/\/www.instagram.com\/frbiodiv\/","https:\/\/www.linkedin.com\/in\/fondation-pour-la-recherche-sur-la-biodiversit-223059121\/","https:\/\/www.youtube.com\/@FRBiodiv"]}]}},"_links":{"self":[{"href":"https:\/\/www.fondationbiodiversite.fr\/en\/wp-json\/wp\/v2\/pages\/2257","targetHints":{"allow":["GET"]}}],"collection":[{"href":"https:\/\/www.fondationbiodiversite.fr\/en\/wp-json\/wp\/v2\/pages"}],"about":[{"href":"https:\/\/www.fondationbiodiversite.fr\/en\/wp-json\/wp\/v2\/types\/page"}],"author":[{"embeddable":true,"href":"https:\/\/www.fondationbiodiversite.fr\/en\/wp-json\/wp\/v2\/users\/1"}],"replies":[{"embeddable":true,"href":"https:\/\/www.fondationbiodiversite.fr\/en\/wp-json\/wp\/v2\/comments?post=2257"}],"version-history":[{"count":0,"href":"https:\/\/www.fondationbiodiversite.fr\/en\/wp-json\/wp\/v2\/pages\/2257\/revisions"}],"up":[{"embeddable":true,"href":"https:\/\/www.fondationbiodiversite.fr\/en\/wp-json\/wp\/v2\/pages\/2256"}],"wp:featuredmedia":[{"embeddable":true,"href":"https:\/\/www.fondationbiodiversite.fr\/en\/wp-json\/wp\/v2\/media\/6809"}],"wp:attachment":[{"href":"https:\/\/www.fondationbiodiversite.fr\/en\/wp-json\/wp\/v2\/media?parent=2257"}],"curies":[{"name":"wp","href":"https:\/\/api.w.org\/{rel}","templated":true}]}}