
{"id":2249,"date":"2019-01-31T11:05:57","date_gmt":"2019-01-31T10:05:57","guid":{"rendered":"http:\/\/www.fondationbiodiversite.fr\/la-frb-en-action\/programmes-et-projets\/modelisation-scenarios\/"},"modified":"2021-09-15T11:52:03","modified_gmt":"2021-09-15T09:52:03","slug":"modelisation-scenarios","status":"publish","type":"page","link":"https:\/\/www.fondationbiodiversite.fr\/en\/the-frb-in-action\/programs-and-projects\/modelisation-scenarios\/","title":{"rendered":"Mod\u00e9lisation et sc\u00e9narios"},"content":{"rendered":"<p>Dans ce contexte, les sc\u00e9narios de la biodiversit\u00e9 \u2013 d\u00e9marche scientifique en plein essor &#8211; repr\u00e9sentent une voie prometteuse pour d\u00e9finir des futurs plausibles, fournir des outils d\u2019aide \u00e0 la d\u00e9cision pour anticiper les impacts des changements globaux et offrir des outils de dialogue entre acteurs et d\u00e9cideurs aux int\u00e9r\u00eats parfois divergents. <strong>C\u2019est pourquoi la FRB et ses partenaires ont lanc\u00e9 en 2010 le programme <em>Mod\u00e9lisation et sc\u00e9narios de la biodiversit\u00e9<\/em>\u00a0qui a pour objectif de f\u00e9d\u00e9rer et renforcer la recherche fran\u00e7aise dans ce domaine<\/strong>.<\/p>\n<p>&nbsp;<\/p>\n<p>&nbsp;<\/p>\n","protected":false},"excerpt":{"rendered":"<p>Dans ce contexte, les sc\u00e9narios de la biodiversit\u00e9 \u2013 d\u00e9marche scientifique en plein essor &#8211; repr\u00e9sentent une voie prometteuse pour d\u00e9finir des futurs plausibles, fournir des outils d\u2019aide \u00e0 la d\u00e9cision pour anticiper les impacts des changements globaux et offrir des outils de dialogue entre acteurs et d\u00e9cideurs aux int\u00e9r\u00eats parfois divergents. C\u2019est pourquoi la [&hellip;]<\/p>\n","protected":false},"author":1,"featured_media":842,"parent":2237,"menu_order":6,"comment_status":"closed","ping_status":"closed","template":"temp_prog.php","meta":{"_acf_changed":false,"inline_featured_image":false,"footnotes":""},"class_list":["post-2249","page","type-page","status-publish","has-post-thumbnail","hentry"],"acf":[],"yoast_head":"<!-- This site is optimized with the Yoast SEO plugin v27.3 - https:\/\/yoast.com\/product\/yoast-seo-wordpress\/ -->\n<title>Mod\u00e9lisation et sc\u00e9narios - Fondation pour la recherche sur la biodiversit\u00e9<\/title>\n<meta name=\"description\" content=\"Le programme Mod\u00e9lisation et sc\u00e9narios de la biodiversit\u00e9 a pour objectif de f\u00e9d\u00e9rer et renforcer la recherche fran\u00e7aise dans ce domaine. \u00c0 l\u2019heure o\u00f9 le monde conna\u00eet des changements globaux dont la vitesse et l\u2019ampleur sont sans pr\u00e9c\u00e9dent, anticiper le devenir conjoint des syst\u00e8mes naturels et des soci\u00e9t\u00e9s humaines est essentiel pour y faire face et s\u2019y adapter. C\u2019est pourquoi la FRB et ses partenaires ont lanc\u00e9 ce programme en 2010.\" \/>\n<meta name=\"robots\" content=\"index, follow, max-snippet:-1, max-image-preview:large, max-video-preview:-1\" \/>\n<link rel=\"canonical\" href=\"https:\/\/www.fondationbiodiversite.fr\/en\/the-frb-in-action\/programs-and-projects\/modelisation-scenarios\/\" \/>\n<meta property=\"og:locale\" content=\"en_US\" \/>\n<meta property=\"og:type\" content=\"article\" \/>\n<meta property=\"og:title\" content=\"Mod\u00e9lisation et sc\u00e9narios - Fondation pour la recherche sur la biodiversit\u00e9\" \/>\n<meta property=\"og:description\" content=\"Le programme Mod\u00e9lisation et sc\u00e9narios de la biodiversit\u00e9 a pour objectif de f\u00e9d\u00e9rer et renforcer la recherche fran\u00e7aise dans ce domaine. \u00c0 l\u2019heure o\u00f9 le monde conna\u00eet des changements globaux dont la vitesse et l\u2019ampleur sont sans pr\u00e9c\u00e9dent, anticiper le devenir conjoint des syst\u00e8mes naturels et des soci\u00e9t\u00e9s humaines est essentiel pour y faire face et s\u2019y adapter. C\u2019est pourquoi la FRB et ses partenaires ont lanc\u00e9 ce programme en 2010.\" \/>\n<meta property=\"og:url\" content=\"https:\/\/www.fondationbiodiversite.fr\/en\/the-frb-in-action\/programs-and-projects\/modelisation-scenarios\/\" \/>\n<meta property=\"og:site_name\" content=\"Fondation pour la recherche sur la biodiversit\u00e9\" \/>\n<meta property=\"article:publisher\" content=\"https:\/\/www.facebook.com\/FRBiodiv#\" \/>\n<meta property=\"article:modified_time\" content=\"2021-09-15T09:52:03+00:00\" \/>\n<meta property=\"og:image\" content=\"https:\/\/www.fondationbiodiversite.fr\/wp-content\/uploads\/2019\/01\/logo.png\" \/>\n\t<meta property=\"og:image:width\" content=\"812\" \/>\n\t<meta property=\"og:image:height\" content=\"739\" \/>\n\t<meta property=\"og:image:type\" content=\"image\/png\" \/>\n<meta name=\"twitter:card\" content=\"summary_large_image\" \/>\n<meta name=\"twitter:site\" content=\"@FRBiodiv\" \/>\n<script type=\"application\/ld+json\" class=\"yoast-schema-graph\">{\"@context\":\"https:\\\/\\\/schema.org\",\"@graph\":[{\"@type\":\"WebPage\",\"@id\":\"https:\\\/\\\/www.fondationbiodiversite.fr\\\/en\\\/the-frb-in-action\\\/programs-and-projects\\\/modelisation-scenarios\\\/\",\"url\":\"https:\\\/\\\/www.fondationbiodiversite.fr\\\/en\\\/the-frb-in-action\\\/programs-and-projects\\\/modelisation-scenarios\\\/\",\"name\":\"Mod\u00e9lisation et sc\u00e9narios - Fondation pour la recherche sur la biodiversit\u00e9\",\"isPartOf\":{\"@id\":\"https:\\\/\\\/www.fondationbiodiversite.fr\\\/en\\\/#website\"},\"primaryImageOfPage\":{\"@id\":\"https:\\\/\\\/www.fondationbiodiversite.fr\\\/en\\\/the-frb-in-action\\\/programs-and-projects\\\/modelisation-scenarios\\\/#primaryimage\"},\"image\":{\"@id\":\"https:\\\/\\\/www.fondationbiodiversite.fr\\\/en\\\/the-frb-in-action\\\/programs-and-projects\\\/modelisation-scenarios\\\/#primaryimage\"},\"thumbnailUrl\":\"https:\\\/\\\/www.fondationbiodiversite.fr\\\/wp-content\\\/uploads\\\/2019\\\/01\\\/logo.png\",\"datePublished\":\"2019-01-31T10:05:57+00:00\",\"dateModified\":\"2021-09-15T09:52:03+00:00\",\"description\":\"Le programme Mod\u00e9lisation et sc\u00e9narios de la biodiversit\u00e9 a pour objectif de f\u00e9d\u00e9rer et renforcer la recherche fran\u00e7aise dans ce domaine. \u00c0 l\u2019heure o\u00f9 le monde conna\u00eet des changements globaux dont la vitesse et l\u2019ampleur sont sans pr\u00e9c\u00e9dent, anticiper le devenir conjoint des syst\u00e8mes naturels et des soci\u00e9t\u00e9s humaines est essentiel pour y faire face et s\u2019y adapter. C\u2019est pourquoi la FRB et ses partenaires ont lanc\u00e9 ce programme en 2010.\",\"breadcrumb\":{\"@id\":\"https:\\\/\\\/www.fondationbiodiversite.fr\\\/en\\\/the-frb-in-action\\\/programs-and-projects\\\/modelisation-scenarios\\\/#breadcrumb\"},\"inLanguage\":\"en-US\",\"potentialAction\":[{\"@type\":\"ReadAction\",\"target\":[\"https:\\\/\\\/www.fondationbiodiversite.fr\\\/en\\\/the-frb-in-action\\\/programs-and-projects\\\/modelisation-scenarios\\\/\"]}]},{\"@type\":\"ImageObject\",\"inLanguage\":\"en-US\",\"@id\":\"https:\\\/\\\/www.fondationbiodiversite.fr\\\/en\\\/the-frb-in-action\\\/programs-and-projects\\\/modelisation-scenarios\\\/#primaryimage\",\"url\":\"https:\\\/\\\/www.fondationbiodiversite.fr\\\/wp-content\\\/uploads\\\/2019\\\/01\\\/logo.png\",\"contentUrl\":\"https:\\\/\\\/www.fondationbiodiversite.fr\\\/wp-content\\\/uploads\\\/2019\\\/01\\\/logo.png\",\"width\":812,\"height\":739,\"caption\":\"Logo FRB\"},{\"@type\":\"BreadcrumbList\",\"@id\":\"https:\\\/\\\/www.fondationbiodiversite.fr\\\/en\\\/the-frb-in-action\\\/programs-and-projects\\\/modelisation-scenarios\\\/#breadcrumb\",\"itemListElement\":[{\"@type\":\"ListItem\",\"position\":1,\"name\":\"Accueil\",\"item\":\"https:\\\/\\\/www.fondationbiodiversite.fr\\\/en\\\/\"},{\"@type\":\"ListItem\",\"position\":2,\"name\":\"The FRB in action\",\"item\":\"https:\\\/\\\/www.fondationbiodiversite.fr\\\/en\\\/the-frb-in-action\\\/\"},{\"@type\":\"ListItem\",\"position\":3,\"name\":\"The FRB&#8217;s programs &#038; projects\",\"item\":\"https:\\\/\\\/www.fondationbiodiversite.fr\\\/en\\\/the-frb-in-action\\\/programs-and-projects\\\/\"},{\"@type\":\"ListItem\",\"position\":4,\"name\":\"Mod\u00e9lisation et sc\u00e9narios\"}]},{\"@type\":\"WebSite\",\"@id\":\"https:\\\/\\\/www.fondationbiodiversite.fr\\\/en\\\/#website\",\"url\":\"https:\\\/\\\/www.fondationbiodiversite.fr\\\/en\\\/\",\"name\":\"Fondation pour la recherche sur la biodiversit\u00e9\",\"description\":\"Une plateforme entre les diff\u00e9rents acteurs scientifiques et les acteurs de la soci\u00e9t\u00e9 sur la biodiversit\u00e9..\",\"publisher\":{\"@id\":\"https:\\\/\\\/www.fondationbiodiversite.fr\\\/en\\\/#organization\"},\"alternateName\":\"FRB\",\"potentialAction\":[{\"@type\":\"SearchAction\",\"target\":{\"@type\":\"EntryPoint\",\"urlTemplate\":\"https:\\\/\\\/www.fondationbiodiversite.fr\\\/en\\\/?s={search_term_string}\"},\"query-input\":{\"@type\":\"PropertyValueSpecification\",\"valueRequired\":true,\"valueName\":\"search_term_string\"}}],\"inLanguage\":\"en-US\"},{\"@type\":\"Organization\",\"@id\":\"https:\\\/\\\/www.fondationbiodiversite.fr\\\/en\\\/#organization\",\"name\":\"Fondation pour la recherche sur la biodiversit\u00e9\",\"url\":\"https:\\\/\\\/www.fondationbiodiversite.fr\\\/en\\\/\",\"logo\":{\"@type\":\"ImageObject\",\"inLanguage\":\"en-US\",\"@id\":\"https:\\\/\\\/www.fondationbiodiversite.fr\\\/en\\\/#\\\/schema\\\/logo\\\/image\\\/\",\"url\":\"https:\\\/\\\/www.fondationbiodiversite.fr\\\/wp-content\\\/uploads\\\/2025\\\/10\\\/logo_FRB_RVB.png\",\"contentUrl\":\"https:\\\/\\\/www.fondationbiodiversite.fr\\\/wp-content\\\/uploads\\\/2025\\\/10\\\/logo_FRB_RVB.png\",\"width\":220,\"height\":220,\"caption\":\"Fondation pour la recherche sur la biodiversit\u00e9\"},\"image\":{\"@id\":\"https:\\\/\\\/www.fondationbiodiversite.fr\\\/en\\\/#\\\/schema\\\/logo\\\/image\\\/\"},\"sameAs\":[\"https:\\\/\\\/www.facebook.com\\\/FRBiodiv#\",\"https:\\\/\\\/x.com\\\/FRBiodiv\",\"https:\\\/\\\/bsky.app\\\/profile\\\/frbiodiv.bsky.social\",\"https:\\\/\\\/www.instagram.com\\\/frbiodiv\\\/\",\"https:\\\/\\\/www.linkedin.com\\\/in\\\/fondation-pour-la-recherche-sur-la-biodiversit-223059121\\\/\",\"https:\\\/\\\/www.youtube.com\\\/@FRBiodiv\"]}]}<\/script>\n<!-- \/ Yoast SEO plugin. -->","yoast_head_json":{"title":"Mod\u00e9lisation et sc\u00e9narios - Fondation pour la recherche sur la biodiversit\u00e9","description":"Le programme Mod\u00e9lisation et sc\u00e9narios de la biodiversit\u00e9 a pour objectif de f\u00e9d\u00e9rer et renforcer la recherche fran\u00e7aise dans ce domaine. \u00c0 l\u2019heure o\u00f9 le monde conna\u00eet des changements globaux dont la vitesse et l\u2019ampleur sont sans pr\u00e9c\u00e9dent, anticiper le devenir conjoint des syst\u00e8mes naturels et des soci\u00e9t\u00e9s humaines est essentiel pour y faire face et s\u2019y adapter. C\u2019est pourquoi la FRB et ses partenaires ont lanc\u00e9 ce programme en 2010.","robots":{"index":"index","follow":"follow","max-snippet":"max-snippet:-1","max-image-preview":"max-image-preview:large","max-video-preview":"max-video-preview:-1"},"canonical":"https:\/\/www.fondationbiodiversite.fr\/en\/the-frb-in-action\/programs-and-projects\/modelisation-scenarios\/","og_locale":"en_US","og_type":"article","og_title":"Mod\u00e9lisation et sc\u00e9narios - Fondation pour la recherche sur la biodiversit\u00e9","og_description":"Le programme Mod\u00e9lisation et sc\u00e9narios de la biodiversit\u00e9 a pour objectif de f\u00e9d\u00e9rer et renforcer la recherche fran\u00e7aise dans ce domaine. \u00c0 l\u2019heure o\u00f9 le monde conna\u00eet des changements globaux dont la vitesse et l\u2019ampleur sont sans pr\u00e9c\u00e9dent, anticiper le devenir conjoint des syst\u00e8mes naturels et des soci\u00e9t\u00e9s humaines est essentiel pour y faire face et s\u2019y adapter. C\u2019est pourquoi la FRB et ses partenaires ont lanc\u00e9 ce programme en 2010.","og_url":"https:\/\/www.fondationbiodiversite.fr\/en\/the-frb-in-action\/programs-and-projects\/modelisation-scenarios\/","og_site_name":"Fondation pour la recherche sur la biodiversit\u00e9","article_publisher":"https:\/\/www.facebook.com\/FRBiodiv#","article_modified_time":"2021-09-15T09:52:03+00:00","og_image":[{"width":812,"height":739,"url":"https:\/\/www.fondationbiodiversite.fr\/wp-content\/uploads\/2019\/01\/logo.png","type":"image\/png"}],"twitter_card":"summary_large_image","twitter_site":"@FRBiodiv","schema":{"@context":"https:\/\/schema.org","@graph":[{"@type":"WebPage","@id":"https:\/\/www.fondationbiodiversite.fr\/en\/the-frb-in-action\/programs-and-projects\/modelisation-scenarios\/","url":"https:\/\/www.fondationbiodiversite.fr\/en\/the-frb-in-action\/programs-and-projects\/modelisation-scenarios\/","name":"Mod\u00e9lisation et sc\u00e9narios - Fondation pour la recherche sur la biodiversit\u00e9","isPartOf":{"@id":"https:\/\/www.fondationbiodiversite.fr\/en\/#website"},"primaryImageOfPage":{"@id":"https:\/\/www.fondationbiodiversite.fr\/en\/the-frb-in-action\/programs-and-projects\/modelisation-scenarios\/#primaryimage"},"image":{"@id":"https:\/\/www.fondationbiodiversite.fr\/en\/the-frb-in-action\/programs-and-projects\/modelisation-scenarios\/#primaryimage"},"thumbnailUrl":"https:\/\/www.fondationbiodiversite.fr\/wp-content\/uploads\/2019\/01\/logo.png","datePublished":"2019-01-31T10:05:57+00:00","dateModified":"2021-09-15T09:52:03+00:00","description":"Le programme Mod\u00e9lisation et sc\u00e9narios de la biodiversit\u00e9 a pour objectif de f\u00e9d\u00e9rer et renforcer la recherche fran\u00e7aise dans ce domaine. \u00c0 l\u2019heure o\u00f9 le monde conna\u00eet des changements globaux dont la vitesse et l\u2019ampleur sont sans pr\u00e9c\u00e9dent, anticiper le devenir conjoint des syst\u00e8mes naturels et des soci\u00e9t\u00e9s humaines est essentiel pour y faire face et s\u2019y adapter. C\u2019est pourquoi la FRB et ses partenaires ont lanc\u00e9 ce programme en 2010.","breadcrumb":{"@id":"https:\/\/www.fondationbiodiversite.fr\/en\/the-frb-in-action\/programs-and-projects\/modelisation-scenarios\/#breadcrumb"},"inLanguage":"en-US","potentialAction":[{"@type":"ReadAction","target":["https:\/\/www.fondationbiodiversite.fr\/en\/the-frb-in-action\/programs-and-projects\/modelisation-scenarios\/"]}]},{"@type":"ImageObject","inLanguage":"en-US","@id":"https:\/\/www.fondationbiodiversite.fr\/en\/the-frb-in-action\/programs-and-projects\/modelisation-scenarios\/#primaryimage","url":"https:\/\/www.fondationbiodiversite.fr\/wp-content\/uploads\/2019\/01\/logo.png","contentUrl":"https:\/\/www.fondationbiodiversite.fr\/wp-content\/uploads\/2019\/01\/logo.png","width":812,"height":739,"caption":"Logo FRB"},{"@type":"BreadcrumbList","@id":"https:\/\/www.fondationbiodiversite.fr\/en\/the-frb-in-action\/programs-and-projects\/modelisation-scenarios\/#breadcrumb","itemListElement":[{"@type":"ListItem","position":1,"name":"Accueil","item":"https:\/\/www.fondationbiodiversite.fr\/en\/"},{"@type":"ListItem","position":2,"name":"The FRB in action","item":"https:\/\/www.fondationbiodiversite.fr\/en\/the-frb-in-action\/"},{"@type":"ListItem","position":3,"name":"The FRB&#8217;s programs &#038; projects","item":"https:\/\/www.fondationbiodiversite.fr\/en\/the-frb-in-action\/programs-and-projects\/"},{"@type":"ListItem","position":4,"name":"Mod\u00e9lisation et sc\u00e9narios"}]},{"@type":"WebSite","@id":"https:\/\/www.fondationbiodiversite.fr\/en\/#website","url":"https:\/\/www.fondationbiodiversite.fr\/en\/","name":"Fondation pour la recherche sur la biodiversit\u00e9","description":"Une plateforme entre les diff\u00e9rents acteurs scientifiques et les acteurs de la soci\u00e9t\u00e9 sur la biodiversit\u00e9..","publisher":{"@id":"https:\/\/www.fondationbiodiversite.fr\/en\/#organization"},"alternateName":"FRB","potentialAction":[{"@type":"SearchAction","target":{"@type":"EntryPoint","urlTemplate":"https:\/\/www.fondationbiodiversite.fr\/en\/?s={search_term_string}"},"query-input":{"@type":"PropertyValueSpecification","valueRequired":true,"valueName":"search_term_string"}}],"inLanguage":"en-US"},{"@type":"Organization","@id":"https:\/\/www.fondationbiodiversite.fr\/en\/#organization","name":"Fondation pour la recherche sur la biodiversit\u00e9","url":"https:\/\/www.fondationbiodiversite.fr\/en\/","logo":{"@type":"ImageObject","inLanguage":"en-US","@id":"https:\/\/www.fondationbiodiversite.fr\/en\/#\/schema\/logo\/image\/","url":"https:\/\/www.fondationbiodiversite.fr\/wp-content\/uploads\/2025\/10\/logo_FRB_RVB.png","contentUrl":"https:\/\/www.fondationbiodiversite.fr\/wp-content\/uploads\/2025\/10\/logo_FRB_RVB.png","width":220,"height":220,"caption":"Fondation pour la recherche sur la biodiversit\u00e9"},"image":{"@id":"https:\/\/www.fondationbiodiversite.fr\/en\/#\/schema\/logo\/image\/"},"sameAs":["https:\/\/www.facebook.com\/FRBiodiv#","https:\/\/x.com\/FRBiodiv","https:\/\/bsky.app\/profile\/frbiodiv.bsky.social","https:\/\/www.instagram.com\/frbiodiv\/","https:\/\/www.linkedin.com\/in\/fondation-pour-la-recherche-sur-la-biodiversit-223059121\/","https:\/\/www.youtube.com\/@FRBiodiv"]}]}},"_links":{"self":[{"href":"https:\/\/www.fondationbiodiversite.fr\/en\/wp-json\/wp\/v2\/pages\/2249","targetHints":{"allow":["GET"]}}],"collection":[{"href":"https:\/\/www.fondationbiodiversite.fr\/en\/wp-json\/wp\/v2\/pages"}],"about":[{"href":"https:\/\/www.fondationbiodiversite.fr\/en\/wp-json\/wp\/v2\/types\/page"}],"author":[{"embeddable":true,"href":"https:\/\/www.fondationbiodiversite.fr\/en\/wp-json\/wp\/v2\/users\/1"}],"replies":[{"embeddable":true,"href":"https:\/\/www.fondationbiodiversite.fr\/en\/wp-json\/wp\/v2\/comments?post=2249"}],"version-history":[{"count":0,"href":"https:\/\/www.fondationbiodiversite.fr\/en\/wp-json\/wp\/v2\/pages\/2249\/revisions"}],"up":[{"embeddable":true,"href":"https:\/\/www.fondationbiodiversite.fr\/en\/wp-json\/wp\/v2\/pages\/2237"}],"wp:featuredmedia":[{"embeddable":true,"href":"https:\/\/www.fondationbiodiversite.fr\/en\/wp-json\/wp\/v2\/media\/842"}],"wp:attachment":[{"href":"https:\/\/www.fondationbiodiversite.fr\/en\/wp-json\/wp\/v2\/media?parent=2249"}],"curies":[{"name":"wp","href":"https:\/\/api.w.org\/{rel}","templated":true}]}}