
{"id":2244,"date":"2019-01-18T16:39:20","date_gmt":"2019-01-18T15:39:20","guid":{"rendered":"http:\/\/www.fondationbiodiversite.fr\/la-fondation\/organisation\/conseil-orientation-strategique-frb\/"},"modified":"2022-09-23T17:45:41","modified_gmt":"2022-09-23T15:45:41","slug":"strategic-orientation-board-frb","status":"publish","type":"page","link":"https:\/\/www.fondationbiodiversite.fr\/en\/about-the-foundation\/conseil-administration-frb\/strategic-orientation-board-frb\/","title":{"rendered":"COS"},"content":{"rendered":"<p>The Strategic Orientation Board (Cos in French) emanates from the Stakeholders&#8217; Assembly of the French Foundation for Biodiversity Research.<\/p>\n<p>Like the Foundation&#8217;s Scientific Council (CS in French), it represents one of the two statutory body that give the FRB its specificity as a science-society interface.<\/p>\n<p>&nbsp;<\/p>\n<p>The members of the Cos participate in the governance of the FRB and ensure that the Foundation&#8217;s actions take into account the challenges of society. For its 2022-2025 mandate, the Strategic Orientation Board is composed of 36 structures divided into 3 colleges:<br \/>\nCollege 1: Public, parapublic and institutions \/ College 2: Economic sector and industries \/ College 3: Civil society<\/p>\n","protected":false},"excerpt":{"rendered":"<p>The Strategic Orientation Board (Cos in French) emanates from the Stakeholders&#8217; Assembly of the French Foundation for Biodiversity Research. Like the Foundation&#8217;s Scientific Council (CS in French), it represents one of the two statutory body that give the FRB its specificity as a science-society interface. &nbsp; The members of the Cos participate in the governance [&hellip;]<\/p>\n","protected":false},"author":1,"featured_media":842,"parent":2228,"menu_order":1,"comment_status":"closed","ping_status":"closed","template":"temp_organisation.php","meta":{"_acf_changed":false,"inline_featured_image":false,"footnotes":""},"class_list":["post-2244","page","type-page","status-publish","has-post-thumbnail","hentry"],"acf":[],"yoast_head":"<!-- This site is optimized with the Yoast SEO plugin v27.4 - https:\/\/yoast.com\/product\/yoast-seo-wordpress\/ -->\n<title>Le Conseil d&#039;orientation strat\u00e9gique (COS) de la FRB - Fondation pour la recherche sur la biodiversit\u00e9<\/title>\n<meta name=\"description\" content=\"Le Conseil d\u2019orientation strat\u00e9gique (Cos) de la FRB rassemble plus de 200 structures (entreprises, ONG, collectivit\u00e9s territoriales, etc.) et a pour objectif d\u2019assurer le lien entre la soci\u00e9t\u00e9 civile et le monde de la recherche sur la biodiversit\u00e9. Il est un des conseils de la gouvernance de la FRB, avec le conseil scientifique et le conseil d\u2019administration.\u202f\u202f\" \/>\n<meta name=\"robots\" content=\"index, follow, max-snippet:-1, max-image-preview:large, max-video-preview:-1\" \/>\n<link rel=\"canonical\" href=\"https:\/\/www.fondationbiodiversite.fr\/en\/about-the-foundation\/conseil-administration-frb\/strategic-orientation-board-frb\/\" \/>\n<meta property=\"og:locale\" content=\"en_US\" \/>\n<meta property=\"og:type\" content=\"article\" \/>\n<meta property=\"og:title\" content=\"Le Conseil d&#039;orientation strat\u00e9gique (COS) de la FRB - Fondation pour la recherche sur la biodiversit\u00e9\" \/>\n<meta property=\"og:description\" content=\"Le Conseil d\u2019orientation strat\u00e9gique (Cos) de la FRB rassemble plus de 200 structures (entreprises, ONG, collectivit\u00e9s territoriales, etc.) et a pour objectif d\u2019assurer le lien entre la soci\u00e9t\u00e9 civile et le monde de la recherche sur la biodiversit\u00e9. Il est un des conseils de la gouvernance de la FRB, avec le conseil scientifique et le conseil d\u2019administration.\u202f\u202f\" \/>\n<meta property=\"og:url\" content=\"https:\/\/www.fondationbiodiversite.fr\/en\/about-the-foundation\/conseil-administration-frb\/strategic-orientation-board-frb\/\" \/>\n<meta property=\"og:site_name\" content=\"Fondation pour la recherche sur la biodiversit\u00e9\" \/>\n<meta property=\"article:publisher\" content=\"https:\/\/www.facebook.com\/FRBiodiv#\" \/>\n<meta property=\"article:modified_time\" content=\"2022-09-23T15:45:41+00:00\" \/>\n<meta property=\"og:image\" content=\"https:\/\/www.fondationbiodiversite.fr\/wp-content\/uploads\/2019\/01\/logo.png\" \/>\n\t<meta property=\"og:image:width\" content=\"812\" \/>\n\t<meta property=\"og:image:height\" content=\"739\" \/>\n\t<meta property=\"og:image:type\" content=\"image\/png\" \/>\n<meta name=\"twitter:card\" content=\"summary_large_image\" \/>\n<meta name=\"twitter:site\" content=\"@FRBiodiv\" \/>\n<script type=\"application\/ld+json\" class=\"yoast-schema-graph\">{\"@context\":\"https:\\\/\\\/schema.org\",\"@graph\":[{\"@type\":\"WebPage\",\"@id\":\"https:\\\/\\\/www.fondationbiodiversite.fr\\\/en\\\/about-the-foundation\\\/conseil-administration-frb\\\/strategic-orientation-board-frb\\\/\",\"url\":\"https:\\\/\\\/www.fondationbiodiversite.fr\\\/en\\\/about-the-foundation\\\/conseil-administration-frb\\\/strategic-orientation-board-frb\\\/\",\"name\":\"Le Conseil d'orientation strat\u00e9gique (COS) de la FRB - Fondation pour la recherche sur la biodiversit\u00e9\",\"isPartOf\":{\"@id\":\"https:\\\/\\\/www.fondationbiodiversite.fr\\\/en\\\/#website\"},\"primaryImageOfPage\":{\"@id\":\"https:\\\/\\\/www.fondationbiodiversite.fr\\\/en\\\/about-the-foundation\\\/conseil-administration-frb\\\/strategic-orientation-board-frb\\\/#primaryimage\"},\"image\":{\"@id\":\"https:\\\/\\\/www.fondationbiodiversite.fr\\\/en\\\/about-the-foundation\\\/conseil-administration-frb\\\/strategic-orientation-board-frb\\\/#primaryimage\"},\"thumbnailUrl\":\"https:\\\/\\\/www.fondationbiodiversite.fr\\\/wp-content\\\/uploads\\\/2019\\\/01\\\/logo.png\",\"datePublished\":\"2019-01-18T15:39:20+00:00\",\"dateModified\":\"2022-09-23T15:45:41+00:00\",\"description\":\"Le Conseil d\u2019orientation strat\u00e9gique (Cos) de la FRB rassemble plus de 200 structures (entreprises, ONG, collectivit\u00e9s territoriales, etc.) et a pour objectif d\u2019assurer le lien entre la soci\u00e9t\u00e9 civile et le monde de la recherche sur la biodiversit\u00e9. Il est un des conseils de la gouvernance de la FRB, avec le conseil scientifique et le conseil d\u2019administration.\u202f\u202f\",\"breadcrumb\":{\"@id\":\"https:\\\/\\\/www.fondationbiodiversite.fr\\\/en\\\/about-the-foundation\\\/conseil-administration-frb\\\/strategic-orientation-board-frb\\\/#breadcrumb\"},\"inLanguage\":\"en-US\",\"potentialAction\":[{\"@type\":\"ReadAction\",\"target\":[\"https:\\\/\\\/www.fondationbiodiversite.fr\\\/en\\\/about-the-foundation\\\/conseil-administration-frb\\\/strategic-orientation-board-frb\\\/\"]}]},{\"@type\":\"ImageObject\",\"inLanguage\":\"en-US\",\"@id\":\"https:\\\/\\\/www.fondationbiodiversite.fr\\\/en\\\/about-the-foundation\\\/conseil-administration-frb\\\/strategic-orientation-board-frb\\\/#primaryimage\",\"url\":\"https:\\\/\\\/www.fondationbiodiversite.fr\\\/wp-content\\\/uploads\\\/2019\\\/01\\\/logo.png\",\"contentUrl\":\"https:\\\/\\\/www.fondationbiodiversite.fr\\\/wp-content\\\/uploads\\\/2019\\\/01\\\/logo.png\",\"width\":812,\"height\":739,\"caption\":\"Logo FRB\"},{\"@type\":\"BreadcrumbList\",\"@id\":\"https:\\\/\\\/www.fondationbiodiversite.fr\\\/en\\\/about-the-foundation\\\/conseil-administration-frb\\\/strategic-orientation-board-frb\\\/#breadcrumb\",\"itemListElement\":[{\"@type\":\"ListItem\",\"position\":1,\"name\":\"Accueil\",\"item\":\"https:\\\/\\\/www.fondationbiodiversite.fr\\\/en\\\/\"},{\"@type\":\"ListItem\",\"position\":2,\"name\":\"About the Foundation\",\"item\":\"https:\\\/\\\/www.fondationbiodiversite.fr\\\/en\\\/about-the-foundation\\\/\"},{\"@type\":\"ListItem\",\"position\":3,\"name\":\"Organization\",\"item\":\"https:\\\/\\\/www.fondationbiodiversite.fr\\\/en\\\/about-the-foundation\\\/conseil-administration-frb\\\/\"},{\"@type\":\"ListItem\",\"position\":4,\"name\":\"COS\"}]},{\"@type\":\"WebSite\",\"@id\":\"https:\\\/\\\/www.fondationbiodiversite.fr\\\/en\\\/#website\",\"url\":\"https:\\\/\\\/www.fondationbiodiversite.fr\\\/en\\\/\",\"name\":\"Fondation pour la recherche sur la biodiversit\u00e9\",\"description\":\"Une plateforme entre les diff\u00e9rents acteurs scientifiques et les acteurs de la soci\u00e9t\u00e9 sur la biodiversit\u00e9..\",\"publisher\":{\"@id\":\"https:\\\/\\\/www.fondationbiodiversite.fr\\\/en\\\/#organization\"},\"alternateName\":\"FRB\",\"potentialAction\":[{\"@type\":\"SearchAction\",\"target\":{\"@type\":\"EntryPoint\",\"urlTemplate\":\"https:\\\/\\\/www.fondationbiodiversite.fr\\\/en\\\/?s={search_term_string}\"},\"query-input\":{\"@type\":\"PropertyValueSpecification\",\"valueRequired\":true,\"valueName\":\"search_term_string\"}}],\"inLanguage\":\"en-US\"},{\"@type\":\"Organization\",\"@id\":\"https:\\\/\\\/www.fondationbiodiversite.fr\\\/en\\\/#organization\",\"name\":\"Fondation pour la recherche sur la biodiversit\u00e9\",\"url\":\"https:\\\/\\\/www.fondationbiodiversite.fr\\\/en\\\/\",\"logo\":{\"@type\":\"ImageObject\",\"inLanguage\":\"en-US\",\"@id\":\"https:\\\/\\\/www.fondationbiodiversite.fr\\\/en\\\/#\\\/schema\\\/logo\\\/image\\\/\",\"url\":\"https:\\\/\\\/www.fondationbiodiversite.fr\\\/wp-content\\\/uploads\\\/2025\\\/10\\\/logo_FRB_RVB.png\",\"contentUrl\":\"https:\\\/\\\/www.fondationbiodiversite.fr\\\/wp-content\\\/uploads\\\/2025\\\/10\\\/logo_FRB_RVB.png\",\"width\":220,\"height\":220,\"caption\":\"Fondation pour la recherche sur la biodiversit\u00e9\"},\"image\":{\"@id\":\"https:\\\/\\\/www.fondationbiodiversite.fr\\\/en\\\/#\\\/schema\\\/logo\\\/image\\\/\"},\"sameAs\":[\"https:\\\/\\\/www.facebook.com\\\/FRBiodiv#\",\"https:\\\/\\\/x.com\\\/FRBiodiv\",\"https:\\\/\\\/bsky.app\\\/profile\\\/frbiodiv.bsky.social\",\"https:\\\/\\\/www.instagram.com\\\/frbiodiv\\\/\",\"https:\\\/\\\/www.linkedin.com\\\/in\\\/fondation-pour-la-recherche-sur-la-biodiversit-223059121\\\/\",\"https:\\\/\\\/www.youtube.com\\\/@FRBiodiv\"]}]}<\/script>\n<!-- \/ Yoast SEO plugin. -->","yoast_head_json":{"title":"Le Conseil d'orientation strat\u00e9gique (COS) de la FRB - Fondation pour la recherche sur la biodiversit\u00e9","description":"Le Conseil d\u2019orientation strat\u00e9gique (Cos) de la FRB rassemble plus de 200 structures (entreprises, ONG, collectivit\u00e9s territoriales, etc.) et a pour objectif d\u2019assurer le lien entre la soci\u00e9t\u00e9 civile et le monde de la recherche sur la biodiversit\u00e9. Il est un des conseils de la gouvernance de la FRB, avec le conseil scientifique et le conseil d\u2019administration.\u202f\u202f","robots":{"index":"index","follow":"follow","max-snippet":"max-snippet:-1","max-image-preview":"max-image-preview:large","max-video-preview":"max-video-preview:-1"},"canonical":"https:\/\/www.fondationbiodiversite.fr\/en\/about-the-foundation\/conseil-administration-frb\/strategic-orientation-board-frb\/","og_locale":"en_US","og_type":"article","og_title":"Le Conseil d'orientation strat\u00e9gique (COS) de la FRB - Fondation pour la recherche sur la biodiversit\u00e9","og_description":"Le Conseil d\u2019orientation strat\u00e9gique (Cos) de la FRB rassemble plus de 200 structures (entreprises, ONG, collectivit\u00e9s territoriales, etc.) et a pour objectif d\u2019assurer le lien entre la soci\u00e9t\u00e9 civile et le monde de la recherche sur la biodiversit\u00e9. Il est un des conseils de la gouvernance de la FRB, avec le conseil scientifique et le conseil d\u2019administration.\u202f\u202f","og_url":"https:\/\/www.fondationbiodiversite.fr\/en\/about-the-foundation\/conseil-administration-frb\/strategic-orientation-board-frb\/","og_site_name":"Fondation pour la recherche sur la biodiversit\u00e9","article_publisher":"https:\/\/www.facebook.com\/FRBiodiv#","article_modified_time":"2022-09-23T15:45:41+00:00","og_image":[{"width":812,"height":739,"url":"https:\/\/www.fondationbiodiversite.fr\/wp-content\/uploads\/2019\/01\/logo.png","type":"image\/png"}],"twitter_card":"summary_large_image","twitter_site":"@FRBiodiv","schema":{"@context":"https:\/\/schema.org","@graph":[{"@type":"WebPage","@id":"https:\/\/www.fondationbiodiversite.fr\/en\/about-the-foundation\/conseil-administration-frb\/strategic-orientation-board-frb\/","url":"https:\/\/www.fondationbiodiversite.fr\/en\/about-the-foundation\/conseil-administration-frb\/strategic-orientation-board-frb\/","name":"Le Conseil d'orientation strat\u00e9gique (COS) de la FRB - Fondation pour la recherche sur la biodiversit\u00e9","isPartOf":{"@id":"https:\/\/www.fondationbiodiversite.fr\/en\/#website"},"primaryImageOfPage":{"@id":"https:\/\/www.fondationbiodiversite.fr\/en\/about-the-foundation\/conseil-administration-frb\/strategic-orientation-board-frb\/#primaryimage"},"image":{"@id":"https:\/\/www.fondationbiodiversite.fr\/en\/about-the-foundation\/conseil-administration-frb\/strategic-orientation-board-frb\/#primaryimage"},"thumbnailUrl":"https:\/\/www.fondationbiodiversite.fr\/wp-content\/uploads\/2019\/01\/logo.png","datePublished":"2019-01-18T15:39:20+00:00","dateModified":"2022-09-23T15:45:41+00:00","description":"Le Conseil d\u2019orientation strat\u00e9gique (Cos) de la FRB rassemble plus de 200 structures (entreprises, ONG, collectivit\u00e9s territoriales, etc.) et a pour objectif d\u2019assurer le lien entre la soci\u00e9t\u00e9 civile et le monde de la recherche sur la biodiversit\u00e9. Il est un des conseils de la gouvernance de la FRB, avec le conseil scientifique et le conseil d\u2019administration.\u202f\u202f","breadcrumb":{"@id":"https:\/\/www.fondationbiodiversite.fr\/en\/about-the-foundation\/conseil-administration-frb\/strategic-orientation-board-frb\/#breadcrumb"},"inLanguage":"en-US","potentialAction":[{"@type":"ReadAction","target":["https:\/\/www.fondationbiodiversite.fr\/en\/about-the-foundation\/conseil-administration-frb\/strategic-orientation-board-frb\/"]}]},{"@type":"ImageObject","inLanguage":"en-US","@id":"https:\/\/www.fondationbiodiversite.fr\/en\/about-the-foundation\/conseil-administration-frb\/strategic-orientation-board-frb\/#primaryimage","url":"https:\/\/www.fondationbiodiversite.fr\/wp-content\/uploads\/2019\/01\/logo.png","contentUrl":"https:\/\/www.fondationbiodiversite.fr\/wp-content\/uploads\/2019\/01\/logo.png","width":812,"height":739,"caption":"Logo FRB"},{"@type":"BreadcrumbList","@id":"https:\/\/www.fondationbiodiversite.fr\/en\/about-the-foundation\/conseil-administration-frb\/strategic-orientation-board-frb\/#breadcrumb","itemListElement":[{"@type":"ListItem","position":1,"name":"Accueil","item":"https:\/\/www.fondationbiodiversite.fr\/en\/"},{"@type":"ListItem","position":2,"name":"About the Foundation","item":"https:\/\/www.fondationbiodiversite.fr\/en\/about-the-foundation\/"},{"@type":"ListItem","position":3,"name":"Organization","item":"https:\/\/www.fondationbiodiversite.fr\/en\/about-the-foundation\/conseil-administration-frb\/"},{"@type":"ListItem","position":4,"name":"COS"}]},{"@type":"WebSite","@id":"https:\/\/www.fondationbiodiversite.fr\/en\/#website","url":"https:\/\/www.fondationbiodiversite.fr\/en\/","name":"Fondation pour la recherche sur la biodiversit\u00e9","description":"Une plateforme entre les diff\u00e9rents acteurs scientifiques et les acteurs de la soci\u00e9t\u00e9 sur la biodiversit\u00e9..","publisher":{"@id":"https:\/\/www.fondationbiodiversite.fr\/en\/#organization"},"alternateName":"FRB","potentialAction":[{"@type":"SearchAction","target":{"@type":"EntryPoint","urlTemplate":"https:\/\/www.fondationbiodiversite.fr\/en\/?s={search_term_string}"},"query-input":{"@type":"PropertyValueSpecification","valueRequired":true,"valueName":"search_term_string"}}],"inLanguage":"en-US"},{"@type":"Organization","@id":"https:\/\/www.fondationbiodiversite.fr\/en\/#organization","name":"Fondation pour la recherche sur la biodiversit\u00e9","url":"https:\/\/www.fondationbiodiversite.fr\/en\/","logo":{"@type":"ImageObject","inLanguage":"en-US","@id":"https:\/\/www.fondationbiodiversite.fr\/en\/#\/schema\/logo\/image\/","url":"https:\/\/www.fondationbiodiversite.fr\/wp-content\/uploads\/2025\/10\/logo_FRB_RVB.png","contentUrl":"https:\/\/www.fondationbiodiversite.fr\/wp-content\/uploads\/2025\/10\/logo_FRB_RVB.png","width":220,"height":220,"caption":"Fondation pour la recherche sur la biodiversit\u00e9"},"image":{"@id":"https:\/\/www.fondationbiodiversite.fr\/en\/#\/schema\/logo\/image\/"},"sameAs":["https:\/\/www.facebook.com\/FRBiodiv#","https:\/\/x.com\/FRBiodiv","https:\/\/bsky.app\/profile\/frbiodiv.bsky.social","https:\/\/www.instagram.com\/frbiodiv\/","https:\/\/www.linkedin.com\/in\/fondation-pour-la-recherche-sur-la-biodiversit-223059121\/","https:\/\/www.youtube.com\/@FRBiodiv"]}]}},"_links":{"self":[{"href":"https:\/\/www.fondationbiodiversite.fr\/en\/wp-json\/wp\/v2\/pages\/2244","targetHints":{"allow":["GET"]}}],"collection":[{"href":"https:\/\/www.fondationbiodiversite.fr\/en\/wp-json\/wp\/v2\/pages"}],"about":[{"href":"https:\/\/www.fondationbiodiversite.fr\/en\/wp-json\/wp\/v2\/types\/page"}],"author":[{"embeddable":true,"href":"https:\/\/www.fondationbiodiversite.fr\/en\/wp-json\/wp\/v2\/users\/1"}],"replies":[{"embeddable":true,"href":"https:\/\/www.fondationbiodiversite.fr\/en\/wp-json\/wp\/v2\/comments?post=2244"}],"version-history":[{"count":0,"href":"https:\/\/www.fondationbiodiversite.fr\/en\/wp-json\/wp\/v2\/pages\/2244\/revisions"}],"up":[{"embeddable":true,"href":"https:\/\/www.fondationbiodiversite.fr\/en\/wp-json\/wp\/v2\/pages\/2228"}],"wp:featuredmedia":[{"embeddable":true,"href":"https:\/\/www.fondationbiodiversite.fr\/en\/wp-json\/wp\/v2\/media\/842"}],"wp:attachment":[{"href":"https:\/\/www.fondationbiodiversite.fr\/en\/wp-json\/wp\/v2\/media?parent=2244"}],"curies":[{"name":"wp","href":"https:\/\/api.w.org\/{rel}","templated":true}]}}