
{"id":2238,"date":"2019-01-31T11:05:57","date_gmt":"2019-01-31T10:05:57","guid":{"rendered":"http:\/\/www.fondationbiodiversite.fr\/la-frb-en-action\/programmes-et-projets\/le-cesab\/"},"modified":"2026-02-19T11:21:30","modified_gmt":"2026-02-19T10:21:30","slug":"le-cesab","status":"publish","type":"page","link":"https:\/\/www.fondationbiodiversite.fr\/en\/the-frb-in-action\/programs-and-projects\/le-cesab\/","title":{"rendered":"Synthesis at CESAB"},"content":{"rendered":"<p>CESAB groups are composed of international researchers and coordinated by a researcher affiliated with a French research structure. This results in a great diversity of perspectives, enriching both the participants and the results of the projects.<\/p>\n<p>&nbsp;<\/p>\n<p>After pooling and studying existing data on biodiversity, CESAB groups publish their work in numerous peer-reviewed <a href=\"https:\/\/www.fondationbiodiversite.fr\/en\/cesab-scientific-publications\/\" target=\"_blank\" rel=\"noopener\">scientific articles<\/a> to share with the international scientific community.<\/p>\n<p>After completing their residency, CESAB groups have the opportunity to present their key findings during a <a href=\"https:\/\/www.fondationbiodiversite.fr\/en\/?post_type=evenement&amp;p=27879\">CESABINAR<\/a>, which serves as a platform to showcase their research. Open to the entire scientific community, these webinars provide a chance to explore the progress and work arising from FRB-CESAB. Detailed information about past and upcoming <a href=\"https:\/\/www.fondationbiodiversite.fr\/en\/?post_type=evenement&amp;p=27879\">CESABINARs<\/a> can be found on the dedicated event page.<\/p>\n<p>&nbsp;<\/p>\n<p><a class=\"bt\" href=\"https:\/\/www.fondationbiodiversite.fr\/en\/about-the-foundation\/le-cesab\/\">More Information<\/a><\/p>\n","protected":false},"excerpt":{"rendered":"<p>CESAB groups are composed of international researchers and coordinated by a researcher affiliated with a French research structure. This results in a great diversity of perspectives, enriching both the participants and the results of the projects. &nbsp; After pooling and studying existing data on biodiversity, CESAB groups publish their work in numerous peer-reviewed scientific articles [&hellip;]<\/p>\n","protected":false},"author":1,"featured_media":3568,"parent":2237,"menu_order":0,"comment_status":"closed","ping_status":"closed","template":"temp_prog.php","meta":{"_acf_changed":false,"inline_featured_image":false,"footnotes":""},"class_list":["post-2238","page","type-page","status-publish","has-post-thumbnail","hentry"],"acf":[],"yoast_head":"<!-- This site is optimized with the Yoast SEO plugin v27.3 - https:\/\/yoast.com\/product\/yoast-seo-wordpress\/ -->\n<title>Synthesis at CESAB - Fondation pour la recherche sur la biodiversit\u00e9<\/title>\n<meta name=\"description\" content=\"Le Cesab invite \u00e0 une nouvelle fa\u00e7on de faire de la recherche sur la biodiversit\u00e9 en exploitant mieux les donn\u00e9es et les informations existantes. Implant\u00e9 sur le site de l&#039;universit\u00e9 de Montpellier, \u00e0 l&#039;Institut Bouisson Bertrand, le Cesab accueille dans ses locaux des groupes de chercheurs pour des sessions de travail qui s\u2019inscrivent dans la dur\u00e9e et qui r\u00e9guli\u00e8rement publient leur r\u00e9sultat dans de grandes revues scientifiques comme Nature, Plos One,\u00a0 etc.\" \/>\n<meta name=\"robots\" content=\"index, follow, max-snippet:-1, max-image-preview:large, max-video-preview:-1\" \/>\n<link rel=\"canonical\" href=\"https:\/\/www.fondationbiodiversite.fr\/en\/the-frb-in-action\/programs-and-projects\/le-cesab\/\" \/>\n<meta property=\"og:locale\" content=\"en_US\" \/>\n<meta property=\"og:type\" content=\"article\" \/>\n<meta property=\"og:title\" content=\"Synthesis at CESAB - Fondation pour la recherche sur la biodiversit\u00e9\" \/>\n<meta property=\"og:description\" content=\"Le Cesab invite \u00e0 une nouvelle fa\u00e7on de faire de la recherche sur la biodiversit\u00e9 en exploitant mieux les donn\u00e9es et les informations existantes. Implant\u00e9 sur le site de l&#039;universit\u00e9 de Montpellier, \u00e0 l&#039;Institut Bouisson Bertrand, le Cesab accueille dans ses locaux des groupes de chercheurs pour des sessions de travail qui s\u2019inscrivent dans la dur\u00e9e et qui r\u00e9guli\u00e8rement publient leur r\u00e9sultat dans de grandes revues scientifiques comme Nature, Plos One,\u00a0 etc.\" \/>\n<meta property=\"og:url\" content=\"https:\/\/www.fondationbiodiversite.fr\/en\/the-frb-in-action\/programs-and-projects\/le-cesab\/\" \/>\n<meta property=\"og:site_name\" content=\"Fondation pour la recherche sur la biodiversit\u00e9\" \/>\n<meta property=\"article:publisher\" content=\"https:\/\/www.facebook.com\/FRBiodiv#\" \/>\n<meta property=\"article:modified_time\" content=\"2026-02-19T10:21:30+00:00\" \/>\n<meta property=\"og:image\" content=\"https:\/\/www.fondationbiodiversite.fr\/wp-content\/uploads\/2019\/04\/logo-FRB-Cesab-francais.jpg\" \/>\n\t<meta property=\"og:image:width\" content=\"750\" \/>\n\t<meta property=\"og:image:height\" content=\"301\" \/>\n\t<meta property=\"og:image:type\" content=\"image\/jpeg\" \/>\n<meta name=\"twitter:card\" content=\"summary_large_image\" \/>\n<meta name=\"twitter:site\" content=\"@FRBiodiv\" \/>\n<meta name=\"twitter:label1\" content=\"Est. reading time\" \/>\n\t<meta name=\"twitter:data1\" content=\"2 minutes\" \/>\n<script type=\"application\/ld+json\" class=\"yoast-schema-graph\">{\"@context\":\"https:\\\/\\\/schema.org\",\"@graph\":[{\"@type\":\"WebPage\",\"@id\":\"https:\\\/\\\/www.fondationbiodiversite.fr\\\/en\\\/the-frb-in-action\\\/programs-and-projects\\\/le-cesab\\\/\",\"url\":\"https:\\\/\\\/www.fondationbiodiversite.fr\\\/en\\\/the-frb-in-action\\\/programs-and-projects\\\/le-cesab\\\/\",\"name\":\"Synthesis at CESAB - Fondation pour la recherche sur la biodiversit\u00e9\",\"isPartOf\":{\"@id\":\"https:\\\/\\\/www.fondationbiodiversite.fr\\\/en\\\/#website\"},\"primaryImageOfPage\":{\"@id\":\"https:\\\/\\\/www.fondationbiodiversite.fr\\\/en\\\/the-frb-in-action\\\/programs-and-projects\\\/le-cesab\\\/#primaryimage\"},\"image\":{\"@id\":\"https:\\\/\\\/www.fondationbiodiversite.fr\\\/en\\\/the-frb-in-action\\\/programs-and-projects\\\/le-cesab\\\/#primaryimage\"},\"thumbnailUrl\":\"https:\\\/\\\/www.fondationbiodiversite.fr\\\/wp-content\\\/uploads\\\/2019\\\/04\\\/logo-FRB-Cesab-francais.jpg\",\"datePublished\":\"2019-01-31T10:05:57+00:00\",\"dateModified\":\"2026-02-19T10:21:30+00:00\",\"description\":\"Le Cesab invite \u00e0 une nouvelle fa\u00e7on de faire de la recherche sur la biodiversit\u00e9 en exploitant mieux les donn\u00e9es et les informations existantes. Implant\u00e9 sur le site de l'universit\u00e9 de Montpellier, \u00e0 l'Institut Bouisson Bertrand, le Cesab accueille dans ses locaux des groupes de chercheurs pour des sessions de travail qui s\u2019inscrivent dans la dur\u00e9e et qui r\u00e9guli\u00e8rement publient leur r\u00e9sultat dans de grandes revues scientifiques comme Nature, Plos One,\u00a0 etc.\",\"breadcrumb\":{\"@id\":\"https:\\\/\\\/www.fondationbiodiversite.fr\\\/en\\\/the-frb-in-action\\\/programs-and-projects\\\/le-cesab\\\/#breadcrumb\"},\"inLanguage\":\"en-US\",\"potentialAction\":[{\"@type\":\"ReadAction\",\"target\":[\"https:\\\/\\\/www.fondationbiodiversite.fr\\\/en\\\/the-frb-in-action\\\/programs-and-projects\\\/le-cesab\\\/\"]}]},{\"@type\":\"ImageObject\",\"inLanguage\":\"en-US\",\"@id\":\"https:\\\/\\\/www.fondationbiodiversite.fr\\\/en\\\/the-frb-in-action\\\/programs-and-projects\\\/le-cesab\\\/#primaryimage\",\"url\":\"https:\\\/\\\/www.fondationbiodiversite.fr\\\/wp-content\\\/uploads\\\/2019\\\/04\\\/logo-FRB-Cesab-francais.jpg\",\"contentUrl\":\"https:\\\/\\\/www.fondationbiodiversite.fr\\\/wp-content\\\/uploads\\\/2019\\\/04\\\/logo-FRB-Cesab-francais.jpg\",\"width\":750,\"height\":301},{\"@type\":\"BreadcrumbList\",\"@id\":\"https:\\\/\\\/www.fondationbiodiversite.fr\\\/en\\\/the-frb-in-action\\\/programs-and-projects\\\/le-cesab\\\/#breadcrumb\",\"itemListElement\":[{\"@type\":\"ListItem\",\"position\":1,\"name\":\"Accueil\",\"item\":\"https:\\\/\\\/www.fondationbiodiversite.fr\\\/en\\\/\"},{\"@type\":\"ListItem\",\"position\":2,\"name\":\"The FRB in action\",\"item\":\"https:\\\/\\\/www.fondationbiodiversite.fr\\\/en\\\/the-frb-in-action\\\/\"},{\"@type\":\"ListItem\",\"position\":3,\"name\":\"The FRB&#8217;s programs &#038; projects\",\"item\":\"https:\\\/\\\/www.fondationbiodiversite.fr\\\/en\\\/the-frb-in-action\\\/programs-and-projects\\\/\"},{\"@type\":\"ListItem\",\"position\":4,\"name\":\"Synthesis at CESAB\"}]},{\"@type\":\"WebSite\",\"@id\":\"https:\\\/\\\/www.fondationbiodiversite.fr\\\/en\\\/#website\",\"url\":\"https:\\\/\\\/www.fondationbiodiversite.fr\\\/en\\\/\",\"name\":\"Fondation pour la recherche sur la biodiversit\u00e9\",\"description\":\"Une plateforme entre les diff\u00e9rents acteurs scientifiques et les acteurs de la soci\u00e9t\u00e9 sur la biodiversit\u00e9..\",\"publisher\":{\"@id\":\"https:\\\/\\\/www.fondationbiodiversite.fr\\\/en\\\/#organization\"},\"alternateName\":\"FRB\",\"potentialAction\":[{\"@type\":\"SearchAction\",\"target\":{\"@type\":\"EntryPoint\",\"urlTemplate\":\"https:\\\/\\\/www.fondationbiodiversite.fr\\\/en\\\/?s={search_term_string}\"},\"query-input\":{\"@type\":\"PropertyValueSpecification\",\"valueRequired\":true,\"valueName\":\"search_term_string\"}}],\"inLanguage\":\"en-US\"},{\"@type\":\"Organization\",\"@id\":\"https:\\\/\\\/www.fondationbiodiversite.fr\\\/en\\\/#organization\",\"name\":\"Fondation pour la recherche sur la biodiversit\u00e9\",\"url\":\"https:\\\/\\\/www.fondationbiodiversite.fr\\\/en\\\/\",\"logo\":{\"@type\":\"ImageObject\",\"inLanguage\":\"en-US\",\"@id\":\"https:\\\/\\\/www.fondationbiodiversite.fr\\\/en\\\/#\\\/schema\\\/logo\\\/image\\\/\",\"url\":\"https:\\\/\\\/www.fondationbiodiversite.fr\\\/wp-content\\\/uploads\\\/2025\\\/10\\\/logo_FRB_RVB.png\",\"contentUrl\":\"https:\\\/\\\/www.fondationbiodiversite.fr\\\/wp-content\\\/uploads\\\/2025\\\/10\\\/logo_FRB_RVB.png\",\"width\":220,\"height\":220,\"caption\":\"Fondation pour la recherche sur la biodiversit\u00e9\"},\"image\":{\"@id\":\"https:\\\/\\\/www.fondationbiodiversite.fr\\\/en\\\/#\\\/schema\\\/logo\\\/image\\\/\"},\"sameAs\":[\"https:\\\/\\\/www.facebook.com\\\/FRBiodiv#\",\"https:\\\/\\\/x.com\\\/FRBiodiv\",\"https:\\\/\\\/bsky.app\\\/profile\\\/frbiodiv.bsky.social\",\"https:\\\/\\\/www.instagram.com\\\/frbiodiv\\\/\",\"https:\\\/\\\/www.linkedin.com\\\/in\\\/fondation-pour-la-recherche-sur-la-biodiversit-223059121\\\/\",\"https:\\\/\\\/www.youtube.com\\\/@FRBiodiv\"]}]}<\/script>\n<!-- \/ Yoast SEO plugin. -->","yoast_head_json":{"title":"Synthesis at CESAB - Fondation pour la recherche sur la biodiversit\u00e9","description":"Le Cesab invite \u00e0 une nouvelle fa\u00e7on de faire de la recherche sur la biodiversit\u00e9 en exploitant mieux les donn\u00e9es et les informations existantes. Implant\u00e9 sur le site de l'universit\u00e9 de Montpellier, \u00e0 l'Institut Bouisson Bertrand, le Cesab accueille dans ses locaux des groupes de chercheurs pour des sessions de travail qui s\u2019inscrivent dans la dur\u00e9e et qui r\u00e9guli\u00e8rement publient leur r\u00e9sultat dans de grandes revues scientifiques comme Nature, Plos One,\u00a0 etc.","robots":{"index":"index","follow":"follow","max-snippet":"max-snippet:-1","max-image-preview":"max-image-preview:large","max-video-preview":"max-video-preview:-1"},"canonical":"https:\/\/www.fondationbiodiversite.fr\/en\/the-frb-in-action\/programs-and-projects\/le-cesab\/","og_locale":"en_US","og_type":"article","og_title":"Synthesis at CESAB - Fondation pour la recherche sur la biodiversit\u00e9","og_description":"Le Cesab invite \u00e0 une nouvelle fa\u00e7on de faire de la recherche sur la biodiversit\u00e9 en exploitant mieux les donn\u00e9es et les informations existantes. Implant\u00e9 sur le site de l'universit\u00e9 de Montpellier, \u00e0 l'Institut Bouisson Bertrand, le Cesab accueille dans ses locaux des groupes de chercheurs pour des sessions de travail qui s\u2019inscrivent dans la dur\u00e9e et qui r\u00e9guli\u00e8rement publient leur r\u00e9sultat dans de grandes revues scientifiques comme Nature, Plos One,\u00a0 etc.","og_url":"https:\/\/www.fondationbiodiversite.fr\/en\/the-frb-in-action\/programs-and-projects\/le-cesab\/","og_site_name":"Fondation pour la recherche sur la biodiversit\u00e9","article_publisher":"https:\/\/www.facebook.com\/FRBiodiv#","article_modified_time":"2026-02-19T10:21:30+00:00","og_image":[{"width":750,"height":301,"url":"https:\/\/www.fondationbiodiversite.fr\/wp-content\/uploads\/2019\/04\/logo-FRB-Cesab-francais.jpg","type":"image\/jpeg"}],"twitter_card":"summary_large_image","twitter_site":"@FRBiodiv","twitter_misc":{"Est. reading time":"2 minutes"},"schema":{"@context":"https:\/\/schema.org","@graph":[{"@type":"WebPage","@id":"https:\/\/www.fondationbiodiversite.fr\/en\/the-frb-in-action\/programs-and-projects\/le-cesab\/","url":"https:\/\/www.fondationbiodiversite.fr\/en\/the-frb-in-action\/programs-and-projects\/le-cesab\/","name":"Synthesis at CESAB - Fondation pour la recherche sur la biodiversit\u00e9","isPartOf":{"@id":"https:\/\/www.fondationbiodiversite.fr\/en\/#website"},"primaryImageOfPage":{"@id":"https:\/\/www.fondationbiodiversite.fr\/en\/the-frb-in-action\/programs-and-projects\/le-cesab\/#primaryimage"},"image":{"@id":"https:\/\/www.fondationbiodiversite.fr\/en\/the-frb-in-action\/programs-and-projects\/le-cesab\/#primaryimage"},"thumbnailUrl":"https:\/\/www.fondationbiodiversite.fr\/wp-content\/uploads\/2019\/04\/logo-FRB-Cesab-francais.jpg","datePublished":"2019-01-31T10:05:57+00:00","dateModified":"2026-02-19T10:21:30+00:00","description":"Le Cesab invite \u00e0 une nouvelle fa\u00e7on de faire de la recherche sur la biodiversit\u00e9 en exploitant mieux les donn\u00e9es et les informations existantes. Implant\u00e9 sur le site de l'universit\u00e9 de Montpellier, \u00e0 l'Institut Bouisson Bertrand, le Cesab accueille dans ses locaux des groupes de chercheurs pour des sessions de travail qui s\u2019inscrivent dans la dur\u00e9e et qui r\u00e9guli\u00e8rement publient leur r\u00e9sultat dans de grandes revues scientifiques comme Nature, Plos One,\u00a0 etc.","breadcrumb":{"@id":"https:\/\/www.fondationbiodiversite.fr\/en\/the-frb-in-action\/programs-and-projects\/le-cesab\/#breadcrumb"},"inLanguage":"en-US","potentialAction":[{"@type":"ReadAction","target":["https:\/\/www.fondationbiodiversite.fr\/en\/the-frb-in-action\/programs-and-projects\/le-cesab\/"]}]},{"@type":"ImageObject","inLanguage":"en-US","@id":"https:\/\/www.fondationbiodiversite.fr\/en\/the-frb-in-action\/programs-and-projects\/le-cesab\/#primaryimage","url":"https:\/\/www.fondationbiodiversite.fr\/wp-content\/uploads\/2019\/04\/logo-FRB-Cesab-francais.jpg","contentUrl":"https:\/\/www.fondationbiodiversite.fr\/wp-content\/uploads\/2019\/04\/logo-FRB-Cesab-francais.jpg","width":750,"height":301},{"@type":"BreadcrumbList","@id":"https:\/\/www.fondationbiodiversite.fr\/en\/the-frb-in-action\/programs-and-projects\/le-cesab\/#breadcrumb","itemListElement":[{"@type":"ListItem","position":1,"name":"Accueil","item":"https:\/\/www.fondationbiodiversite.fr\/en\/"},{"@type":"ListItem","position":2,"name":"The FRB in action","item":"https:\/\/www.fondationbiodiversite.fr\/en\/the-frb-in-action\/"},{"@type":"ListItem","position":3,"name":"The FRB&#8217;s programs &#038; projects","item":"https:\/\/www.fondationbiodiversite.fr\/en\/the-frb-in-action\/programs-and-projects\/"},{"@type":"ListItem","position":4,"name":"Synthesis at CESAB"}]},{"@type":"WebSite","@id":"https:\/\/www.fondationbiodiversite.fr\/en\/#website","url":"https:\/\/www.fondationbiodiversite.fr\/en\/","name":"Fondation pour la recherche sur la biodiversit\u00e9","description":"Une plateforme entre les diff\u00e9rents acteurs scientifiques et les acteurs de la soci\u00e9t\u00e9 sur la biodiversit\u00e9..","publisher":{"@id":"https:\/\/www.fondationbiodiversite.fr\/en\/#organization"},"alternateName":"FRB","potentialAction":[{"@type":"SearchAction","target":{"@type":"EntryPoint","urlTemplate":"https:\/\/www.fondationbiodiversite.fr\/en\/?s={search_term_string}"},"query-input":{"@type":"PropertyValueSpecification","valueRequired":true,"valueName":"search_term_string"}}],"inLanguage":"en-US"},{"@type":"Organization","@id":"https:\/\/www.fondationbiodiversite.fr\/en\/#organization","name":"Fondation pour la recherche sur la biodiversit\u00e9","url":"https:\/\/www.fondationbiodiversite.fr\/en\/","logo":{"@type":"ImageObject","inLanguage":"en-US","@id":"https:\/\/www.fondationbiodiversite.fr\/en\/#\/schema\/logo\/image\/","url":"https:\/\/www.fondationbiodiversite.fr\/wp-content\/uploads\/2025\/10\/logo_FRB_RVB.png","contentUrl":"https:\/\/www.fondationbiodiversite.fr\/wp-content\/uploads\/2025\/10\/logo_FRB_RVB.png","width":220,"height":220,"caption":"Fondation pour la recherche sur la biodiversit\u00e9"},"image":{"@id":"https:\/\/www.fondationbiodiversite.fr\/en\/#\/schema\/logo\/image\/"},"sameAs":["https:\/\/www.facebook.com\/FRBiodiv#","https:\/\/x.com\/FRBiodiv","https:\/\/bsky.app\/profile\/frbiodiv.bsky.social","https:\/\/www.instagram.com\/frbiodiv\/","https:\/\/www.linkedin.com\/in\/fondation-pour-la-recherche-sur-la-biodiversit-223059121\/","https:\/\/www.youtube.com\/@FRBiodiv"]}]}},"_links":{"self":[{"href":"https:\/\/www.fondationbiodiversite.fr\/en\/wp-json\/wp\/v2\/pages\/2238","targetHints":{"allow":["GET"]}}],"collection":[{"href":"https:\/\/www.fondationbiodiversite.fr\/en\/wp-json\/wp\/v2\/pages"}],"about":[{"href":"https:\/\/www.fondationbiodiversite.fr\/en\/wp-json\/wp\/v2\/types\/page"}],"author":[{"embeddable":true,"href":"https:\/\/www.fondationbiodiversite.fr\/en\/wp-json\/wp\/v2\/users\/1"}],"replies":[{"embeddable":true,"href":"https:\/\/www.fondationbiodiversite.fr\/en\/wp-json\/wp\/v2\/comments?post=2238"}],"version-history":[{"count":1,"href":"https:\/\/www.fondationbiodiversite.fr\/en\/wp-json\/wp\/v2\/pages\/2238\/revisions"}],"predecessor-version":[{"id":35824,"href":"https:\/\/www.fondationbiodiversite.fr\/en\/wp-json\/wp\/v2\/pages\/2238\/revisions\/35824"}],"up":[{"embeddable":true,"href":"https:\/\/www.fondationbiodiversite.fr\/en\/wp-json\/wp\/v2\/pages\/2237"}],"wp:featuredmedia":[{"embeddable":true,"href":"https:\/\/www.fondationbiodiversite.fr\/en\/wp-json\/wp\/v2\/media\/3568"}],"wp:attachment":[{"href":"https:\/\/www.fondationbiodiversite.fr\/en\/wp-json\/wp\/v2\/media?parent=2238"}],"curies":[{"name":"wp","href":"https:\/\/api.w.org\/{rel}","templated":true}]}}