
{"id":2233,"date":"2019-01-15T15:20:11","date_gmt":"2019-01-15T14:20:11","guid":{"rendered":"http:\/\/www.fondationbiodiversite.fr\/la-fondation\/le-cesab\/"},"modified":"2026-03-18T10:15:13","modified_gmt":"2026-03-18T09:15:13","slug":"le-cesab","status":"publish","type":"page","link":"https:\/\/www.fondationbiodiversite.fr\/en\/about-the-foundation\/le-cesab\/","title":{"rendered":"CESAB"},"content":{"rendered":"<p>With the major crisis facing biodiversity, the need to synthesize scientific data in ecology has never been greater. An unprecedented work has been initiated by international experts within <a href=\"https:\/\/www.fondationbiodiversite.fr\/en\/the-frb-in-action\/our-involvement\/ipbes\/\" target=\"_blank\" rel=\"noopener\">IPBES<\/a> to assess the current status of biodiversity and its contribution to human societies. These reports are based on studies already published in scientific journals and databases already compiled. When pooled, these existing data can be used to address new issues, significantly advance knowledge and provide recommendations for decision-makers.<\/p>\n<p>&nbsp;<\/p>\n<p><img loading=\"lazy\" decoding=\"async\" class=\"aligncenter wp-image-31880\" title=\"Le Cesab \u00e0 Montpellier.\" src=\"https:\/\/www.fondationbiodiversite.fr\/wp-content\/uploads\/2025\/09\/cesab-devant-300x174.jpg\" alt=\"\" width=\"603\" height=\"350\" srcset=\"https:\/\/www.fondationbiodiversite.fr\/wp-content\/uploads\/2025\/09\/cesab-devant-300x174.jpg 300w, https:\/\/www.fondationbiodiversite.fr\/wp-content\/uploads\/2025\/09\/cesab-devant.jpg 690w\" sizes=\"auto, (max-width: 603px) 100vw, 603px\" \/><\/p>\n<p style=\"text-align: center;\"><span style=\"font-size: 14px;\"><em>The CESAB in Montpellier.<\/em><\/span><\/p>\n<p>&nbsp;<\/p>\n<p>&nbsp;<\/p>\n<p>Since its creation in 2010, CESAB has been collecting and pooling existing data sets in the field of biodiversity and developing complex statistical methods to assess the state of biodiversity and model its future.<\/p>\n<p>&nbsp;<\/p>\n<p>Located in Montpellier, it is at the heart of one of the most dynamic scientific communities in the world in ecology (the University of Montpellier was ranked first in the world in the Shanghai ranking in ecology in 2018 and 2019). CESAB offers an ideal working environment for scientific production.<\/p>\n<p>&nbsp;<\/p>\n<p><a href=\"https:\/\/www.fondationbiodiversite.fr\/en\/membre\/aude-vialatte\/\">Aude Vialatte<\/a> is responsible for Cesab\u2019s scientific direction. Cesab also has a <a href=\"https:\/\/www.fondationbiodiversite.fr\/en\/about-the-foundation\/le-cesab\/cesab-scientific-committee\/\">scientific committee<\/a> whose role is to draft and monitor calls for proposals, as well as to oversee Cesab\u2019s working groups and initiatives.\u00a0<\/p>\n<p>&nbsp;<\/p>\n<p style=\"text-align: center;\"><a class=\"bt\" href=\"https:\/\/www.fondationbiodiversite.fr\/en\/about-the-foundation\/le-cesab\/cesab-scientific-committee\/\">Meet the Scientific Commitee<\/a><\/p>\n<p>&nbsp;<\/p>\n<p>&nbsp;<\/p>\n<p><span style=\"color: #008080;\"><strong>Newsletter<\/strong><\/span><\/p>\n<p>CESAB publishes a newsletter every six months, presenting CESAB&#8217;s news and actions, as well as news from the different working groups, past and present.<\/p>\n<p><a href=\"https:\/\/www.fondationbiodiversite.fr\/en\/actualite\/frb-cesab-newsletter-14-cesab-fevrier-2026\/\">-&gt; See last Newsletter (February 2026)<\/a><\/p>\n<div class=\"content_accordion\">\n<div class=\"accordion-level\">\n<div class=\"header\"><span style=\"font-size: 15px;\">View previous Newsletters<\/span><\/div>\n<div class=\"content\">\n<ul>\n<li>February 2026\u00a0[<a href=\"https:\/\/www.fondationbiodiversite.fr\/en\/actualite\/frb-cesab-newsletter-14-cesab-fevrier-2026\/\">ENG<\/a>][<a href=\"https:\/\/www.fondationbiodiversite.fr\/en\/actualite\/frb-cesab-newsletter-14-cesab-fevrier-2026\/\">FRA<\/a>]<\/li>\n<li>September 2025 [<a href=\"https:\/\/www.fondationbiodiversite.fr\/en\/actualite\/frb-cesab-newsletter-13-cesab-septembre-2025\/\">ENG<\/a>][<a href=\"https:\/\/www.fondationbiodiversite.fr\/en\/actualite\/frb-cesab-newsletter-13-cesab-septembre-2025\/\">FRA<\/a>]<\/li>\n<li>January 2025 [<a href=\"https:\/\/www.fondationbiodiversite.fr\/en\/actualite\/frb-cesab-newsletter-12-cesab-january-2025\/\">ENG<\/a>] [<a href=\"https:\/\/www.fondationbiodiversite.fr\/en\/actualite\/frb-cesab-newsletter-12-cesab-january-2025\/\">FRA<\/a>]<\/li>\n<li>September 2024 [<a href=\"https:\/\/www.fondationbiodiversite.fr\/en\/actualite\/frb-cesab-newsletter-11-cesab-september-2024\/\" target=\"_blank\" rel=\"noopener\">ENG<\/a>] [<a href=\"https:\/\/www.fondationbiodiversite.fr\/en\/actualite\/frb-cesab-newsletter-11-cesab-september-2024\/\" target=\"_blank\" rel=\"noopener\">FRA<\/a>]<\/li>\n<li>January 2024 [<a href=\"https:\/\/www.fondationbiodiversite.fr\/en\/actualite\/frb-cesab-newsletter-10-cesab-janvier-2024\/\" target=\"_blank\" rel=\"noopener\">ENG<\/a>] [<a href=\"https:\/\/www.fondationbiodiversite.fr\/en\/actualite\/frb-cesab-newsletter-10-cesab-janvier-2024\/\" target=\"_blank\" rel=\"noopener\">FRA<\/a>]<\/li>\n<li>July 2023 [<a href=\"https:\/\/www.fondationbiodiversite.fr\/en\/actualite\/frb-cesab-newsletter-9-cesab-juin-2023\/\" target=\"_blank\" rel=\"noopener\">ENG<\/a>] [<a href=\"https:\/\/www.fondationbiodiversite.fr\/en\/actualite\/frb-cesab-newsletter-9-cesab-juin-2023\/\" target=\"_blank\" rel=\"noopener\">FRA<\/a>]<\/li>\n<li>January 2023 [<a href=\"https:\/\/www.fondationbiodiversite.fr\/en\/actualite\/frb-cesab-newsletter-8-cesab-january-2023\/\" target=\"_blank\" rel=\"noopener\">ENG<\/a>] [<a href=\"https:\/\/www.fondationbiodiversite.fr\/en\/actualite\/frb-cesab-newsletter-8-cesab-january-2023\/\" target=\"_blank\" rel=\"noopener\">FRA<\/a>]<\/li>\n<li>September 2022 [<a href=\"https:\/\/www.fondationbiodiversite.fr\/en\/actualite\/frb-cesab-newsletter-7-cesab-septembre-2022\/\" target=\"_blank\" rel=\"noopener\">ENG<\/a>] [<a href=\"https:\/\/www.fondationbiodiversite.fr\/en\/actualite\/frb-cesab-newsletter-7-cesab-septembre-2022\/\" target=\"_blank\" rel=\"noopener\">FRA<\/a>]<\/li>\n<li>January 2022 [<a href=\"https:\/\/www.fondationbiodiversite.fr\/en\/actualite\/frb-cesab-newsletter-6-cesab-january-2022\/\" target=\"_blank\" rel=\"noopener\">ENG<\/a>] [<a href=\"https:\/\/www.fondationbiodiversite.fr\/en\/actualite\/frb-cesab-newsletter-6-cesab-january-2022\/\" target=\"_blank\" rel=\"noopener\">FRA<\/a>]<\/li>\n<li>July 2021 [<a href=\"https:\/\/www.fondationbiodiversite.fr\/en\/actualite\/frb-cesab-newsletter-5-cesab-july-2021\/\" target=\"_blank\" rel=\"noopener\">ENG<\/a>] [<a href=\"https:\/\/www.fondationbiodiversite.fr\/en\/actualite\/frb-cesab-newsletter-5-cesab-july-2021\/\" target=\"_blank\" rel=\"noopener\">FRA<\/a>]<\/li>\n<li>January 2021 [<a href=\"https:\/\/www.fondationbiodiversite.fr\/en\/actualite\/frb-cesab-newsletter-cesab-janvier-2021\/\" target=\"_blank\" rel=\"noopener noreferrer\">ENG<\/a>] [<a href=\"https:\/\/www.fondationbiodiversite.fr\/en\/actualite\/frb-cesab-newsletter-cesab-janvier-2021\/\">FRA<\/a>]<\/li>\n<li>July 2020 [<a href=\"https:\/\/www.fondationbiodiversite.fr\/en\/actualite\/newsletter-cesab-juillet-2020\/\" target=\"_blank\" rel=\"noopener noreferrer\">ENG<\/a>] [<a href=\"https:\/\/www.fondationbiodiversite.fr\/en\/actualite\/newsletter-cesab-juillet-2020\/\">FRA<\/a>]<\/li>\n<li>January 2020 [<a href=\"https:\/\/www.fondationbiodiversite.fr\/en\/actualite\/newsletter-cesab-janvier-2020\/\" target=\"_blank\" rel=\"noopener noreferrer\">ENG<\/a>] [<a href=\"https:\/\/www.fondationbiodiversite.fr\/en\/actualite\/newsletter-cesab-janvier-2020\/\" target=\"_blank\" rel=\"noopener noreferrer\">FRA<\/a>]<\/li>\n<li>July 2019 [<a href=\"https:\/\/www.fondationbiodiversite.fr\/en\/actualite\/frb-cesab-newsletter-1-cesab-july-2019\/\" target=\"_blank\" rel=\"noopener noreferrer\">ENG<\/a>]<\/li>\n<\/ul>\n<\/div>\n<\/div>\n<\/div>\n<p>&nbsp;<\/p>\n<p style=\"text-align: center;\"><a class=\"bt\" href=\"http:\/\/www.fondationbiodiversite.fr\/en\/newsletter\/\">I subscribe to the newsletter<\/a><\/p>\n","protected":false},"excerpt":{"rendered":"<p>With the major crisis facing biodiversity, the need to synthesize scientific data in ecology has never been greater. An unprecedented work has been initiated by international experts within IPBES to assess the current status of biodiversity and its contribution to human societies. These reports are based on studies already published in scientific journals and databases [&hellip;]<\/p>\n","protected":false},"author":1,"featured_media":6709,"parent":2225,"menu_order":2,"comment_status":"closed","ping_status":"closed","template":"temp_cesab.php","meta":{"_acf_changed":false,"inline_featured_image":false,"footnotes":""},"class_list":["post-2233","page","type-page","status-publish","has-post-thumbnail","hentry"],"acf":[],"yoast_head":"<!-- This site is optimized with the Yoast SEO plugin v27.3 - https:\/\/yoast.com\/product\/yoast-seo-wordpress\/ -->\n<title>CESAB - Fondation pour la recherche sur la biodiversit\u00e9<\/title>\n<meta name=\"description\" content=\"Programme phare de la FRB, le Cesab (CEntre de Synth\u00e8se et d\u2019Analyse sur la Biodiversit\u00e9) est une structure de recherche leader en Europe, au rayonnement international. Son objectif est de mettre en \u0153uvre des travaux innovants de synth\u00e8se et d\u2019analyse des jeux de donn\u00e9es d\u00e9j\u00e0 existants dans le domaine de la biodiversit\u00e9.\" \/>\n<meta name=\"robots\" content=\"index, follow, max-snippet:-1, max-image-preview:large, max-video-preview:-1\" \/>\n<link rel=\"canonical\" href=\"https:\/\/www.fondationbiodiversite.fr\/en\/about-the-foundation\/le-cesab\/\" \/>\n<meta property=\"og:locale\" content=\"en_US\" \/>\n<meta property=\"og:type\" content=\"article\" \/>\n<meta property=\"og:title\" content=\"CESAB - Fondation pour la recherche sur la biodiversit\u00e9\" \/>\n<meta property=\"og:description\" content=\"Programme phare de la FRB, le Cesab (CEntre de Synth\u00e8se et d\u2019Analyse sur la Biodiversit\u00e9) est une structure de recherche leader en Europe, au rayonnement international. Son objectif est de mettre en \u0153uvre des travaux innovants de synth\u00e8se et d\u2019analyse des jeux de donn\u00e9es d\u00e9j\u00e0 existants dans le domaine de la biodiversit\u00e9.\" \/>\n<meta property=\"og:url\" content=\"https:\/\/www.fondationbiodiversite.fr\/en\/about-the-foundation\/le-cesab\/\" \/>\n<meta property=\"og:site_name\" content=\"Fondation pour la recherche sur la biodiversit\u00e9\" \/>\n<meta property=\"article:publisher\" content=\"https:\/\/www.facebook.com\/FRBiodiv#\" \/>\n<meta property=\"article:modified_time\" content=\"2026-03-18T09:15:13+00:00\" \/>\n<meta property=\"og:image\" content=\"https:\/\/www.fondationbiodiversite.fr\/wp-content\/uploads\/2019\/07\/logo-FRB-Cesab-anglais-RVB-Web.png\" \/>\n\t<meta property=\"og:image:width\" content=\"4144\" \/>\n\t<meta property=\"og:image:height\" content=\"1537\" \/>\n\t<meta property=\"og:image:type\" content=\"image\/png\" \/>\n<meta name=\"twitter:card\" content=\"summary_large_image\" \/>\n<meta name=\"twitter:site\" content=\"@FRBiodiv\" \/>\n<meta name=\"twitter:label1\" content=\"Est. reading time\" \/>\n\t<meta name=\"twitter:data1\" content=\"4 minutes\" \/>\n<script type=\"application\/ld+json\" class=\"yoast-schema-graph\">{\"@context\":\"https:\\\/\\\/schema.org\",\"@graph\":[{\"@type\":\"WebPage\",\"@id\":\"https:\\\/\\\/www.fondationbiodiversite.fr\\\/en\\\/about-the-foundation\\\/le-cesab\\\/\",\"url\":\"https:\\\/\\\/www.fondationbiodiversite.fr\\\/en\\\/about-the-foundation\\\/le-cesab\\\/\",\"name\":\"CESAB - Fondation pour la recherche sur la biodiversit\u00e9\",\"isPartOf\":{\"@id\":\"https:\\\/\\\/www.fondationbiodiversite.fr\\\/en\\\/#website\"},\"primaryImageOfPage\":{\"@id\":\"https:\\\/\\\/www.fondationbiodiversite.fr\\\/en\\\/about-the-foundation\\\/le-cesab\\\/#primaryimage\"},\"image\":{\"@id\":\"https:\\\/\\\/www.fondationbiodiversite.fr\\\/en\\\/about-the-foundation\\\/le-cesab\\\/#primaryimage\"},\"thumbnailUrl\":\"https:\\\/\\\/www.fondationbiodiversite.fr\\\/wp-content\\\/uploads\\\/2019\\\/07\\\/logo-FRB-Cesab-anglais-RVB-Web.png\",\"datePublished\":\"2019-01-15T14:20:11+00:00\",\"dateModified\":\"2026-03-18T09:15:13+00:00\",\"description\":\"Programme phare de la FRB, le Cesab (CEntre de Synth\u00e8se et d\u2019Analyse sur la Biodiversit\u00e9) est une structure de recherche leader en Europe, au rayonnement international. Son objectif est de mettre en \u0153uvre des travaux innovants de synth\u00e8se et d\u2019analyse des jeux de donn\u00e9es d\u00e9j\u00e0 existants dans le domaine de la biodiversit\u00e9.\",\"breadcrumb\":{\"@id\":\"https:\\\/\\\/www.fondationbiodiversite.fr\\\/en\\\/about-the-foundation\\\/le-cesab\\\/#breadcrumb\"},\"inLanguage\":\"en-US\",\"potentialAction\":[{\"@type\":\"ReadAction\",\"target\":[\"https:\\\/\\\/www.fondationbiodiversite.fr\\\/en\\\/about-the-foundation\\\/le-cesab\\\/\"]}]},{\"@type\":\"ImageObject\",\"inLanguage\":\"en-US\",\"@id\":\"https:\\\/\\\/www.fondationbiodiversite.fr\\\/en\\\/about-the-foundation\\\/le-cesab\\\/#primaryimage\",\"url\":\"https:\\\/\\\/www.fondationbiodiversite.fr\\\/wp-content\\\/uploads\\\/2019\\\/07\\\/logo-FRB-Cesab-anglais-RVB-Web.png\",\"contentUrl\":\"https:\\\/\\\/www.fondationbiodiversite.fr\\\/wp-content\\\/uploads\\\/2019\\\/07\\\/logo-FRB-Cesab-anglais-RVB-Web.png\",\"width\":4144,\"height\":1537,\"caption\":\"logo FRB + Cesab anglais - RVB Web\"},{\"@type\":\"BreadcrumbList\",\"@id\":\"https:\\\/\\\/www.fondationbiodiversite.fr\\\/en\\\/about-the-foundation\\\/le-cesab\\\/#breadcrumb\",\"itemListElement\":[{\"@type\":\"ListItem\",\"position\":1,\"name\":\"Accueil\",\"item\":\"https:\\\/\\\/www.fondationbiodiversite.fr\\\/en\\\/\"},{\"@type\":\"ListItem\",\"position\":2,\"name\":\"About the Foundation\",\"item\":\"https:\\\/\\\/www.fondationbiodiversite.fr\\\/en\\\/about-the-foundation\\\/\"},{\"@type\":\"ListItem\",\"position\":3,\"name\":\"CESAB\"}]},{\"@type\":\"WebSite\",\"@id\":\"https:\\\/\\\/www.fondationbiodiversite.fr\\\/en\\\/#website\",\"url\":\"https:\\\/\\\/www.fondationbiodiversite.fr\\\/en\\\/\",\"name\":\"Fondation pour la recherche sur la biodiversit\u00e9\",\"description\":\"Une plateforme entre les diff\u00e9rents acteurs scientifiques et les acteurs de la soci\u00e9t\u00e9 sur la biodiversit\u00e9..\",\"publisher\":{\"@id\":\"https:\\\/\\\/www.fondationbiodiversite.fr\\\/en\\\/#organization\"},\"alternateName\":\"FRB\",\"potentialAction\":[{\"@type\":\"SearchAction\",\"target\":{\"@type\":\"EntryPoint\",\"urlTemplate\":\"https:\\\/\\\/www.fondationbiodiversite.fr\\\/en\\\/?s={search_term_string}\"},\"query-input\":{\"@type\":\"PropertyValueSpecification\",\"valueRequired\":true,\"valueName\":\"search_term_string\"}}],\"inLanguage\":\"en-US\"},{\"@type\":\"Organization\",\"@id\":\"https:\\\/\\\/www.fondationbiodiversite.fr\\\/en\\\/#organization\",\"name\":\"Fondation pour la recherche sur la biodiversit\u00e9\",\"url\":\"https:\\\/\\\/www.fondationbiodiversite.fr\\\/en\\\/\",\"logo\":{\"@type\":\"ImageObject\",\"inLanguage\":\"en-US\",\"@id\":\"https:\\\/\\\/www.fondationbiodiversite.fr\\\/en\\\/#\\\/schema\\\/logo\\\/image\\\/\",\"url\":\"https:\\\/\\\/www.fondationbiodiversite.fr\\\/wp-content\\\/uploads\\\/2025\\\/10\\\/logo_FRB_RVB.png\",\"contentUrl\":\"https:\\\/\\\/www.fondationbiodiversite.fr\\\/wp-content\\\/uploads\\\/2025\\\/10\\\/logo_FRB_RVB.png\",\"width\":220,\"height\":220,\"caption\":\"Fondation pour la recherche sur la biodiversit\u00e9\"},\"image\":{\"@id\":\"https:\\\/\\\/www.fondationbiodiversite.fr\\\/en\\\/#\\\/schema\\\/logo\\\/image\\\/\"},\"sameAs\":[\"https:\\\/\\\/www.facebook.com\\\/FRBiodiv#\",\"https:\\\/\\\/x.com\\\/FRBiodiv\",\"https:\\\/\\\/bsky.app\\\/profile\\\/frbiodiv.bsky.social\",\"https:\\\/\\\/www.instagram.com\\\/frbiodiv\\\/\",\"https:\\\/\\\/www.linkedin.com\\\/in\\\/fondation-pour-la-recherche-sur-la-biodiversit-223059121\\\/\",\"https:\\\/\\\/www.youtube.com\\\/@FRBiodiv\"]}]}<\/script>\n<!-- \/ Yoast SEO plugin. -->","yoast_head_json":{"title":"CESAB - Fondation pour la recherche sur la biodiversit\u00e9","description":"Programme phare de la FRB, le Cesab (CEntre de Synth\u00e8se et d\u2019Analyse sur la Biodiversit\u00e9) est une structure de recherche leader en Europe, au rayonnement international. Son objectif est de mettre en \u0153uvre des travaux innovants de synth\u00e8se et d\u2019analyse des jeux de donn\u00e9es d\u00e9j\u00e0 existants dans le domaine de la biodiversit\u00e9.","robots":{"index":"index","follow":"follow","max-snippet":"max-snippet:-1","max-image-preview":"max-image-preview:large","max-video-preview":"max-video-preview:-1"},"canonical":"https:\/\/www.fondationbiodiversite.fr\/en\/about-the-foundation\/le-cesab\/","og_locale":"en_US","og_type":"article","og_title":"CESAB - Fondation pour la recherche sur la biodiversit\u00e9","og_description":"Programme phare de la FRB, le Cesab (CEntre de Synth\u00e8se et d\u2019Analyse sur la Biodiversit\u00e9) est une structure de recherche leader en Europe, au rayonnement international. Son objectif est de mettre en \u0153uvre des travaux innovants de synth\u00e8se et d\u2019analyse des jeux de donn\u00e9es d\u00e9j\u00e0 existants dans le domaine de la biodiversit\u00e9.","og_url":"https:\/\/www.fondationbiodiversite.fr\/en\/about-the-foundation\/le-cesab\/","og_site_name":"Fondation pour la recherche sur la biodiversit\u00e9","article_publisher":"https:\/\/www.facebook.com\/FRBiodiv#","article_modified_time":"2026-03-18T09:15:13+00:00","og_image":[{"width":4144,"height":1537,"url":"https:\/\/www.fondationbiodiversite.fr\/wp-content\/uploads\/2019\/07\/logo-FRB-Cesab-anglais-RVB-Web.png","type":"image\/png"}],"twitter_card":"summary_large_image","twitter_site":"@FRBiodiv","twitter_misc":{"Est. reading time":"4 minutes"},"schema":{"@context":"https:\/\/schema.org","@graph":[{"@type":"WebPage","@id":"https:\/\/www.fondationbiodiversite.fr\/en\/about-the-foundation\/le-cesab\/","url":"https:\/\/www.fondationbiodiversite.fr\/en\/about-the-foundation\/le-cesab\/","name":"CESAB - Fondation pour la recherche sur la biodiversit\u00e9","isPartOf":{"@id":"https:\/\/www.fondationbiodiversite.fr\/en\/#website"},"primaryImageOfPage":{"@id":"https:\/\/www.fondationbiodiversite.fr\/en\/about-the-foundation\/le-cesab\/#primaryimage"},"image":{"@id":"https:\/\/www.fondationbiodiversite.fr\/en\/about-the-foundation\/le-cesab\/#primaryimage"},"thumbnailUrl":"https:\/\/www.fondationbiodiversite.fr\/wp-content\/uploads\/2019\/07\/logo-FRB-Cesab-anglais-RVB-Web.png","datePublished":"2019-01-15T14:20:11+00:00","dateModified":"2026-03-18T09:15:13+00:00","description":"Programme phare de la FRB, le Cesab (CEntre de Synth\u00e8se et d\u2019Analyse sur la Biodiversit\u00e9) est une structure de recherche leader en Europe, au rayonnement international. Son objectif est de mettre en \u0153uvre des travaux innovants de synth\u00e8se et d\u2019analyse des jeux de donn\u00e9es d\u00e9j\u00e0 existants dans le domaine de la biodiversit\u00e9.","breadcrumb":{"@id":"https:\/\/www.fondationbiodiversite.fr\/en\/about-the-foundation\/le-cesab\/#breadcrumb"},"inLanguage":"en-US","potentialAction":[{"@type":"ReadAction","target":["https:\/\/www.fondationbiodiversite.fr\/en\/about-the-foundation\/le-cesab\/"]}]},{"@type":"ImageObject","inLanguage":"en-US","@id":"https:\/\/www.fondationbiodiversite.fr\/en\/about-the-foundation\/le-cesab\/#primaryimage","url":"https:\/\/www.fondationbiodiversite.fr\/wp-content\/uploads\/2019\/07\/logo-FRB-Cesab-anglais-RVB-Web.png","contentUrl":"https:\/\/www.fondationbiodiversite.fr\/wp-content\/uploads\/2019\/07\/logo-FRB-Cesab-anglais-RVB-Web.png","width":4144,"height":1537,"caption":"logo FRB + Cesab anglais - RVB Web"},{"@type":"BreadcrumbList","@id":"https:\/\/www.fondationbiodiversite.fr\/en\/about-the-foundation\/le-cesab\/#breadcrumb","itemListElement":[{"@type":"ListItem","position":1,"name":"Accueil","item":"https:\/\/www.fondationbiodiversite.fr\/en\/"},{"@type":"ListItem","position":2,"name":"About the Foundation","item":"https:\/\/www.fondationbiodiversite.fr\/en\/about-the-foundation\/"},{"@type":"ListItem","position":3,"name":"CESAB"}]},{"@type":"WebSite","@id":"https:\/\/www.fondationbiodiversite.fr\/en\/#website","url":"https:\/\/www.fondationbiodiversite.fr\/en\/","name":"Fondation pour la recherche sur la biodiversit\u00e9","description":"Une plateforme entre les diff\u00e9rents acteurs scientifiques et les acteurs de la soci\u00e9t\u00e9 sur la biodiversit\u00e9..","publisher":{"@id":"https:\/\/www.fondationbiodiversite.fr\/en\/#organization"},"alternateName":"FRB","potentialAction":[{"@type":"SearchAction","target":{"@type":"EntryPoint","urlTemplate":"https:\/\/www.fondationbiodiversite.fr\/en\/?s={search_term_string}"},"query-input":{"@type":"PropertyValueSpecification","valueRequired":true,"valueName":"search_term_string"}}],"inLanguage":"en-US"},{"@type":"Organization","@id":"https:\/\/www.fondationbiodiversite.fr\/en\/#organization","name":"Fondation pour la recherche sur la biodiversit\u00e9","url":"https:\/\/www.fondationbiodiversite.fr\/en\/","logo":{"@type":"ImageObject","inLanguage":"en-US","@id":"https:\/\/www.fondationbiodiversite.fr\/en\/#\/schema\/logo\/image\/","url":"https:\/\/www.fondationbiodiversite.fr\/wp-content\/uploads\/2025\/10\/logo_FRB_RVB.png","contentUrl":"https:\/\/www.fondationbiodiversite.fr\/wp-content\/uploads\/2025\/10\/logo_FRB_RVB.png","width":220,"height":220,"caption":"Fondation pour la recherche sur la biodiversit\u00e9"},"image":{"@id":"https:\/\/www.fondationbiodiversite.fr\/en\/#\/schema\/logo\/image\/"},"sameAs":["https:\/\/www.facebook.com\/FRBiodiv#","https:\/\/x.com\/FRBiodiv","https:\/\/bsky.app\/profile\/frbiodiv.bsky.social","https:\/\/www.instagram.com\/frbiodiv\/","https:\/\/www.linkedin.com\/in\/fondation-pour-la-recherche-sur-la-biodiversit-223059121\/","https:\/\/www.youtube.com\/@FRBiodiv"]}]}},"_links":{"self":[{"href":"https:\/\/www.fondationbiodiversite.fr\/en\/wp-json\/wp\/v2\/pages\/2233","targetHints":{"allow":["GET"]}}],"collection":[{"href":"https:\/\/www.fondationbiodiversite.fr\/en\/wp-json\/wp\/v2\/pages"}],"about":[{"href":"https:\/\/www.fondationbiodiversite.fr\/en\/wp-json\/wp\/v2\/types\/page"}],"author":[{"embeddable":true,"href":"https:\/\/www.fondationbiodiversite.fr\/en\/wp-json\/wp\/v2\/users\/1"}],"replies":[{"embeddable":true,"href":"https:\/\/www.fondationbiodiversite.fr\/en\/wp-json\/wp\/v2\/comments?post=2233"}],"version-history":[{"count":7,"href":"https:\/\/www.fondationbiodiversite.fr\/en\/wp-json\/wp\/v2\/pages\/2233\/revisions"}],"predecessor-version":[{"id":36393,"href":"https:\/\/www.fondationbiodiversite.fr\/en\/wp-json\/wp\/v2\/pages\/2233\/revisions\/36393"}],"up":[{"embeddable":true,"href":"https:\/\/www.fondationbiodiversite.fr\/en\/wp-json\/wp\/v2\/pages\/2225"}],"wp:featuredmedia":[{"embeddable":true,"href":"https:\/\/www.fondationbiodiversite.fr\/en\/wp-json\/wp\/v2\/media\/6709"}],"wp:attachment":[{"href":"https:\/\/www.fondationbiodiversite.fr\/en\/wp-json\/wp\/v2\/media?parent=2233"}],"curies":[{"name":"wp","href":"https:\/\/api.w.org\/{rel}","templated":true}]}}