
{"id":2232,"date":"2019-01-18T16:39:21","date_gmt":"2019-01-18T15:39:21","guid":{"rendered":"http:\/\/www.fondationbiodiversite.fr\/la-fondation\/organisation\/equipe-frb\/"},"modified":"2026-03-02T10:36:28","modified_gmt":"2026-03-02T09:36:28","slug":"equipe-frb","status":"publish","type":"page","link":"https:\/\/www.fondationbiodiversite.fr\/en\/about-the-foundation\/conseil-administration-frb\/equipe-frb\/","title":{"rendered":"The Team"},"content":{"rendered":"<p>FRB team is organised into different divisions. Communication, and Human resources, Administration and Finance divisions are transversal. They interact with the European and International Coordination, Science and Research Community and Science-Society Partnerships divisions.<\/p>\n","protected":false},"excerpt":{"rendered":"<p>FRB team is organised into different divisions. Communication, and Human resources, Administration and Finance divisions are transversal. They interact with the European and International Coordination, Science and Research Community and Science-Society Partnerships divisions.<\/p>\n","protected":false},"author":1,"featured_media":842,"parent":2228,"menu_order":3,"comment_status":"closed","ping_status":"closed","template":"temp_organisation.php","meta":{"_acf_changed":false,"inline_featured_image":false,"footnotes":""},"class_list":["post-2232","page","type-page","status-publish","has-post-thumbnail","hentry"],"acf":[],"yoast_head":"<!-- This site is optimized with the Yoast SEO plugin v27.3 - https:\/\/yoast.com\/product\/yoast-seo-wordpress\/ -->\n<title>L&#039;\u00e9quipe de la FRB - Fondation pour la recherche sur la biodiversit\u00e9<\/title>\n<meta name=\"description\" content=\"L&#039;\u00e9quipe de la FRB est organis\u00e9e en diff\u00e9rents p\u00f4les et constitu\u00e9e d&#039;une vingtaine de personnes. Les p\u00f4les\u00a0Communication,\u00a0M\u00e9thodes et\u00a0RH et finances sont transversaux. Ils sont en interaction avec les p\u00f4les\u00a0Coordination europ\u00e9enne et internationales,\u00a0Science et communaut\u00e9 de recherche et\u00a0Partenariat science-soci\u00e9t\u00e9.\u00a0\" \/>\n<meta name=\"robots\" content=\"index, follow, max-snippet:-1, max-image-preview:large, max-video-preview:-1\" \/>\n<link rel=\"canonical\" href=\"https:\/\/www.fondationbiodiversite.fr\/en\/about-the-foundation\/conseil-administration-frb\/equipe-frb\/\" \/>\n<meta property=\"og:locale\" content=\"en_US\" \/>\n<meta property=\"og:type\" content=\"article\" \/>\n<meta property=\"og:title\" content=\"L&#039;\u00e9quipe de la FRB - Fondation pour la recherche sur la biodiversit\u00e9\" \/>\n<meta property=\"og:description\" content=\"L&#039;\u00e9quipe de la FRB est organis\u00e9e en diff\u00e9rents p\u00f4les et constitu\u00e9e d&#039;une vingtaine de personnes. Les p\u00f4les\u00a0Communication,\u00a0M\u00e9thodes et\u00a0RH et finances sont transversaux. Ils sont en interaction avec les p\u00f4les\u00a0Coordination europ\u00e9enne et internationales,\u00a0Science et communaut\u00e9 de recherche et\u00a0Partenariat science-soci\u00e9t\u00e9.\u00a0\" \/>\n<meta property=\"og:url\" content=\"https:\/\/www.fondationbiodiversite.fr\/en\/about-the-foundation\/conseil-administration-frb\/equipe-frb\/\" \/>\n<meta property=\"og:site_name\" content=\"Fondation pour la recherche sur la biodiversit\u00e9\" \/>\n<meta property=\"article:publisher\" content=\"https:\/\/www.facebook.com\/FRBiodiv#\" \/>\n<meta property=\"article:modified_time\" content=\"2026-03-02T09:36:28+00:00\" \/>\n<meta property=\"og:image\" content=\"https:\/\/www.fondationbiodiversite.fr\/wp-content\/uploads\/2019\/01\/logo.png\" \/>\n\t<meta property=\"og:image:width\" content=\"812\" \/>\n\t<meta property=\"og:image:height\" content=\"739\" \/>\n\t<meta property=\"og:image:type\" content=\"image\/png\" \/>\n<meta name=\"twitter:card\" content=\"summary_large_image\" \/>\n<meta name=\"twitter:site\" content=\"@FRBiodiv\" \/>\n<meta name=\"twitter:label1\" content=\"Est. reading time\" \/>\n\t<meta name=\"twitter:data1\" content=\"2 minutes\" \/>\n<script type=\"application\/ld+json\" class=\"yoast-schema-graph\">{\"@context\":\"https:\\\/\\\/schema.org\",\"@graph\":[{\"@type\":\"WebPage\",\"@id\":\"https:\\\/\\\/www.fondationbiodiversite.fr\\\/en\\\/about-the-foundation\\\/conseil-administration-frb\\\/equipe-frb\\\/\",\"url\":\"https:\\\/\\\/www.fondationbiodiversite.fr\\\/en\\\/about-the-foundation\\\/conseil-administration-frb\\\/equipe-frb\\\/\",\"name\":\"L'\u00e9quipe de la FRB - Fondation pour la recherche sur la biodiversit\u00e9\",\"isPartOf\":{\"@id\":\"https:\\\/\\\/www.fondationbiodiversite.fr\\\/en\\\/#website\"},\"primaryImageOfPage\":{\"@id\":\"https:\\\/\\\/www.fondationbiodiversite.fr\\\/en\\\/about-the-foundation\\\/conseil-administration-frb\\\/equipe-frb\\\/#primaryimage\"},\"image\":{\"@id\":\"https:\\\/\\\/www.fondationbiodiversite.fr\\\/en\\\/about-the-foundation\\\/conseil-administration-frb\\\/equipe-frb\\\/#primaryimage\"},\"thumbnailUrl\":\"https:\\\/\\\/www.fondationbiodiversite.fr\\\/wp-content\\\/uploads\\\/2019\\\/01\\\/logo.png\",\"datePublished\":\"2019-01-18T15:39:21+00:00\",\"dateModified\":\"2026-03-02T09:36:28+00:00\",\"description\":\"L'\u00e9quipe de la FRB est organis\u00e9e en diff\u00e9rents p\u00f4les et constitu\u00e9e d'une vingtaine de personnes. Les p\u00f4les\u00a0Communication,\u00a0M\u00e9thodes et\u00a0RH et finances sont transversaux. Ils sont en interaction avec les p\u00f4les\u00a0Coordination europ\u00e9enne et internationales,\u00a0Science et communaut\u00e9 de recherche et\u00a0Partenariat science-soci\u00e9t\u00e9.\u00a0\",\"breadcrumb\":{\"@id\":\"https:\\\/\\\/www.fondationbiodiversite.fr\\\/en\\\/about-the-foundation\\\/conseil-administration-frb\\\/equipe-frb\\\/#breadcrumb\"},\"inLanguage\":\"en-US\",\"potentialAction\":[{\"@type\":\"ReadAction\",\"target\":[\"https:\\\/\\\/www.fondationbiodiversite.fr\\\/en\\\/about-the-foundation\\\/conseil-administration-frb\\\/equipe-frb\\\/\"]}]},{\"@type\":\"ImageObject\",\"inLanguage\":\"en-US\",\"@id\":\"https:\\\/\\\/www.fondationbiodiversite.fr\\\/en\\\/about-the-foundation\\\/conseil-administration-frb\\\/equipe-frb\\\/#primaryimage\",\"url\":\"https:\\\/\\\/www.fondationbiodiversite.fr\\\/wp-content\\\/uploads\\\/2019\\\/01\\\/logo.png\",\"contentUrl\":\"https:\\\/\\\/www.fondationbiodiversite.fr\\\/wp-content\\\/uploads\\\/2019\\\/01\\\/logo.png\",\"width\":812,\"height\":739,\"caption\":\"Logo FRB\"},{\"@type\":\"BreadcrumbList\",\"@id\":\"https:\\\/\\\/www.fondationbiodiversite.fr\\\/en\\\/about-the-foundation\\\/conseil-administration-frb\\\/equipe-frb\\\/#breadcrumb\",\"itemListElement\":[{\"@type\":\"ListItem\",\"position\":1,\"name\":\"Accueil\",\"item\":\"https:\\\/\\\/www.fondationbiodiversite.fr\\\/en\\\/\"},{\"@type\":\"ListItem\",\"position\":2,\"name\":\"About the Foundation\",\"item\":\"https:\\\/\\\/www.fondationbiodiversite.fr\\\/en\\\/about-the-foundation\\\/\"},{\"@type\":\"ListItem\",\"position\":3,\"name\":\"Organization\",\"item\":\"https:\\\/\\\/www.fondationbiodiversite.fr\\\/en\\\/about-the-foundation\\\/conseil-administration-frb\\\/\"},{\"@type\":\"ListItem\",\"position\":4,\"name\":\"The Team\"}]},{\"@type\":\"WebSite\",\"@id\":\"https:\\\/\\\/www.fondationbiodiversite.fr\\\/en\\\/#website\",\"url\":\"https:\\\/\\\/www.fondationbiodiversite.fr\\\/en\\\/\",\"name\":\"Fondation pour la recherche sur la biodiversit\u00e9\",\"description\":\"Une plateforme entre les diff\u00e9rents acteurs scientifiques et les acteurs de la soci\u00e9t\u00e9 sur la biodiversit\u00e9..\",\"publisher\":{\"@id\":\"https:\\\/\\\/www.fondationbiodiversite.fr\\\/en\\\/#organization\"},\"alternateName\":\"FRB\",\"potentialAction\":[{\"@type\":\"SearchAction\",\"target\":{\"@type\":\"EntryPoint\",\"urlTemplate\":\"https:\\\/\\\/www.fondationbiodiversite.fr\\\/en\\\/?s={search_term_string}\"},\"query-input\":{\"@type\":\"PropertyValueSpecification\",\"valueRequired\":true,\"valueName\":\"search_term_string\"}}],\"inLanguage\":\"en-US\"},{\"@type\":\"Organization\",\"@id\":\"https:\\\/\\\/www.fondationbiodiversite.fr\\\/en\\\/#organization\",\"name\":\"Fondation pour la recherche sur la biodiversit\u00e9\",\"url\":\"https:\\\/\\\/www.fondationbiodiversite.fr\\\/en\\\/\",\"logo\":{\"@type\":\"ImageObject\",\"inLanguage\":\"en-US\",\"@id\":\"https:\\\/\\\/www.fondationbiodiversite.fr\\\/en\\\/#\\\/schema\\\/logo\\\/image\\\/\",\"url\":\"https:\\\/\\\/www.fondationbiodiversite.fr\\\/wp-content\\\/uploads\\\/2025\\\/10\\\/logo_FRB_RVB.png\",\"contentUrl\":\"https:\\\/\\\/www.fondationbiodiversite.fr\\\/wp-content\\\/uploads\\\/2025\\\/10\\\/logo_FRB_RVB.png\",\"width\":220,\"height\":220,\"caption\":\"Fondation pour la recherche sur la biodiversit\u00e9\"},\"image\":{\"@id\":\"https:\\\/\\\/www.fondationbiodiversite.fr\\\/en\\\/#\\\/schema\\\/logo\\\/image\\\/\"},\"sameAs\":[\"https:\\\/\\\/www.facebook.com\\\/FRBiodiv#\",\"https:\\\/\\\/x.com\\\/FRBiodiv\",\"https:\\\/\\\/bsky.app\\\/profile\\\/frbiodiv.bsky.social\",\"https:\\\/\\\/www.instagram.com\\\/frbiodiv\\\/\",\"https:\\\/\\\/www.linkedin.com\\\/in\\\/fondation-pour-la-recherche-sur-la-biodiversit-223059121\\\/\",\"https:\\\/\\\/www.youtube.com\\\/@FRBiodiv\"]}]}<\/script>\n<!-- \/ Yoast SEO plugin. -->","yoast_head_json":{"title":"L'\u00e9quipe de la FRB - Fondation pour la recherche sur la biodiversit\u00e9","description":"L'\u00e9quipe de la FRB est organis\u00e9e en diff\u00e9rents p\u00f4les et constitu\u00e9e d'une vingtaine de personnes. Les p\u00f4les\u00a0Communication,\u00a0M\u00e9thodes et\u00a0RH et finances sont transversaux. Ils sont en interaction avec les p\u00f4les\u00a0Coordination europ\u00e9enne et internationales,\u00a0Science et communaut\u00e9 de recherche et\u00a0Partenariat science-soci\u00e9t\u00e9.\u00a0","robots":{"index":"index","follow":"follow","max-snippet":"max-snippet:-1","max-image-preview":"max-image-preview:large","max-video-preview":"max-video-preview:-1"},"canonical":"https:\/\/www.fondationbiodiversite.fr\/en\/about-the-foundation\/conseil-administration-frb\/equipe-frb\/","og_locale":"en_US","og_type":"article","og_title":"L'\u00e9quipe de la FRB - Fondation pour la recherche sur la biodiversit\u00e9","og_description":"L'\u00e9quipe de la FRB est organis\u00e9e en diff\u00e9rents p\u00f4les et constitu\u00e9e d'une vingtaine de personnes. Les p\u00f4les\u00a0Communication,\u00a0M\u00e9thodes et\u00a0RH et finances sont transversaux. Ils sont en interaction avec les p\u00f4les\u00a0Coordination europ\u00e9enne et internationales,\u00a0Science et communaut\u00e9 de recherche et\u00a0Partenariat science-soci\u00e9t\u00e9.\u00a0","og_url":"https:\/\/www.fondationbiodiversite.fr\/en\/about-the-foundation\/conseil-administration-frb\/equipe-frb\/","og_site_name":"Fondation pour la recherche sur la biodiversit\u00e9","article_publisher":"https:\/\/www.facebook.com\/FRBiodiv#","article_modified_time":"2026-03-02T09:36:28+00:00","og_image":[{"width":812,"height":739,"url":"https:\/\/www.fondationbiodiversite.fr\/wp-content\/uploads\/2019\/01\/logo.png","type":"image\/png"}],"twitter_card":"summary_large_image","twitter_site":"@FRBiodiv","twitter_misc":{"Est. reading time":"2 minutes"},"schema":{"@context":"https:\/\/schema.org","@graph":[{"@type":"WebPage","@id":"https:\/\/www.fondationbiodiversite.fr\/en\/about-the-foundation\/conseil-administration-frb\/equipe-frb\/","url":"https:\/\/www.fondationbiodiversite.fr\/en\/about-the-foundation\/conseil-administration-frb\/equipe-frb\/","name":"L'\u00e9quipe de la FRB - Fondation pour la recherche sur la biodiversit\u00e9","isPartOf":{"@id":"https:\/\/www.fondationbiodiversite.fr\/en\/#website"},"primaryImageOfPage":{"@id":"https:\/\/www.fondationbiodiversite.fr\/en\/about-the-foundation\/conseil-administration-frb\/equipe-frb\/#primaryimage"},"image":{"@id":"https:\/\/www.fondationbiodiversite.fr\/en\/about-the-foundation\/conseil-administration-frb\/equipe-frb\/#primaryimage"},"thumbnailUrl":"https:\/\/www.fondationbiodiversite.fr\/wp-content\/uploads\/2019\/01\/logo.png","datePublished":"2019-01-18T15:39:21+00:00","dateModified":"2026-03-02T09:36:28+00:00","description":"L'\u00e9quipe de la FRB est organis\u00e9e en diff\u00e9rents p\u00f4les et constitu\u00e9e d'une vingtaine de personnes. Les p\u00f4les\u00a0Communication,\u00a0M\u00e9thodes et\u00a0RH et finances sont transversaux. Ils sont en interaction avec les p\u00f4les\u00a0Coordination europ\u00e9enne et internationales,\u00a0Science et communaut\u00e9 de recherche et\u00a0Partenariat science-soci\u00e9t\u00e9.\u00a0","breadcrumb":{"@id":"https:\/\/www.fondationbiodiversite.fr\/en\/about-the-foundation\/conseil-administration-frb\/equipe-frb\/#breadcrumb"},"inLanguage":"en-US","potentialAction":[{"@type":"ReadAction","target":["https:\/\/www.fondationbiodiversite.fr\/en\/about-the-foundation\/conseil-administration-frb\/equipe-frb\/"]}]},{"@type":"ImageObject","inLanguage":"en-US","@id":"https:\/\/www.fondationbiodiversite.fr\/en\/about-the-foundation\/conseil-administration-frb\/equipe-frb\/#primaryimage","url":"https:\/\/www.fondationbiodiversite.fr\/wp-content\/uploads\/2019\/01\/logo.png","contentUrl":"https:\/\/www.fondationbiodiversite.fr\/wp-content\/uploads\/2019\/01\/logo.png","width":812,"height":739,"caption":"Logo FRB"},{"@type":"BreadcrumbList","@id":"https:\/\/www.fondationbiodiversite.fr\/en\/about-the-foundation\/conseil-administration-frb\/equipe-frb\/#breadcrumb","itemListElement":[{"@type":"ListItem","position":1,"name":"Accueil","item":"https:\/\/www.fondationbiodiversite.fr\/en\/"},{"@type":"ListItem","position":2,"name":"About the Foundation","item":"https:\/\/www.fondationbiodiversite.fr\/en\/about-the-foundation\/"},{"@type":"ListItem","position":3,"name":"Organization","item":"https:\/\/www.fondationbiodiversite.fr\/en\/about-the-foundation\/conseil-administration-frb\/"},{"@type":"ListItem","position":4,"name":"The Team"}]},{"@type":"WebSite","@id":"https:\/\/www.fondationbiodiversite.fr\/en\/#website","url":"https:\/\/www.fondationbiodiversite.fr\/en\/","name":"Fondation pour la recherche sur la biodiversit\u00e9","description":"Une plateforme entre les diff\u00e9rents acteurs scientifiques et les acteurs de la soci\u00e9t\u00e9 sur la biodiversit\u00e9..","publisher":{"@id":"https:\/\/www.fondationbiodiversite.fr\/en\/#organization"},"alternateName":"FRB","potentialAction":[{"@type":"SearchAction","target":{"@type":"EntryPoint","urlTemplate":"https:\/\/www.fondationbiodiversite.fr\/en\/?s={search_term_string}"},"query-input":{"@type":"PropertyValueSpecification","valueRequired":true,"valueName":"search_term_string"}}],"inLanguage":"en-US"},{"@type":"Organization","@id":"https:\/\/www.fondationbiodiversite.fr\/en\/#organization","name":"Fondation pour la recherche sur la biodiversit\u00e9","url":"https:\/\/www.fondationbiodiversite.fr\/en\/","logo":{"@type":"ImageObject","inLanguage":"en-US","@id":"https:\/\/www.fondationbiodiversite.fr\/en\/#\/schema\/logo\/image\/","url":"https:\/\/www.fondationbiodiversite.fr\/wp-content\/uploads\/2025\/10\/logo_FRB_RVB.png","contentUrl":"https:\/\/www.fondationbiodiversite.fr\/wp-content\/uploads\/2025\/10\/logo_FRB_RVB.png","width":220,"height":220,"caption":"Fondation pour la recherche sur la biodiversit\u00e9"},"image":{"@id":"https:\/\/www.fondationbiodiversite.fr\/en\/#\/schema\/logo\/image\/"},"sameAs":["https:\/\/www.facebook.com\/FRBiodiv#","https:\/\/x.com\/FRBiodiv","https:\/\/bsky.app\/profile\/frbiodiv.bsky.social","https:\/\/www.instagram.com\/frbiodiv\/","https:\/\/www.linkedin.com\/in\/fondation-pour-la-recherche-sur-la-biodiversit-223059121\/","https:\/\/www.youtube.com\/@FRBiodiv"]}]}},"_links":{"self":[{"href":"https:\/\/www.fondationbiodiversite.fr\/en\/wp-json\/wp\/v2\/pages\/2232","targetHints":{"allow":["GET"]}}],"collection":[{"href":"https:\/\/www.fondationbiodiversite.fr\/en\/wp-json\/wp\/v2\/pages"}],"about":[{"href":"https:\/\/www.fondationbiodiversite.fr\/en\/wp-json\/wp\/v2\/types\/page"}],"author":[{"embeddable":true,"href":"https:\/\/www.fondationbiodiversite.fr\/en\/wp-json\/wp\/v2\/users\/1"}],"replies":[{"embeddable":true,"href":"https:\/\/www.fondationbiodiversite.fr\/en\/wp-json\/wp\/v2\/comments?post=2232"}],"version-history":[{"count":2,"href":"https:\/\/www.fondationbiodiversite.fr\/en\/wp-json\/wp\/v2\/pages\/2232\/revisions"}],"predecessor-version":[{"id":36028,"href":"https:\/\/www.fondationbiodiversite.fr\/en\/wp-json\/wp\/v2\/pages\/2232\/revisions\/36028"}],"up":[{"embeddable":true,"href":"https:\/\/www.fondationbiodiversite.fr\/en\/wp-json\/wp\/v2\/pages\/2228"}],"wp:featuredmedia":[{"embeddable":true,"href":"https:\/\/www.fondationbiodiversite.fr\/en\/wp-json\/wp\/v2\/media\/842"}],"wp:attachment":[{"href":"https:\/\/www.fondationbiodiversite.fr\/en\/wp-json\/wp\/v2\/media?parent=2232"}],"curies":[{"name":"wp","href":"https:\/\/api.w.org\/{rel}","templated":true}]}}