
{"id":2230,"date":"2019-02-11T14:43:30","date_gmt":"2019-02-11T13:43:30","guid":{"rendered":"http:\/\/www.fondationbiodiversite.fr\/faire-partie-cos\/"},"modified":"2021-09-15T11:23:26","modified_gmt":"2021-09-15T09:23:26","slug":"faire-partie-cos","status":"publish","type":"page","link":"https:\/\/www.fondationbiodiversite.fr\/en\/about-the-foundation\/conseil-administration-frb\/strategic-orientation-board-frb\/faire-partie-cos\/","title":{"rendered":"Faire partie du Cos de la FRB"},"content":{"rendered":"<p>Ceux-ci apportent leur expertise de terrain et participent aux activit\u00e9s de la Fondation en co-construisant des questions de recherche et en encourageant les transferts de connaissances. Le Cos a pour objectif d\u2019assurer le lien entre la soci\u00e9t\u00e9 et le monde de la recherche.\u202f\u202f<\/p>\n<p>&nbsp;<\/p>\n<p><img loading=\"lazy\" decoding=\"async\" class=\"alignnone size-full wp-image-1324\" src=\"http:\/\/www.fondationbiodiversite.fr\/wp-content\/uploads\/2019\/02\/FP-COS-Provisoire.png\" alt=\"\" width=\"690\" height=\"459\" srcset=\"https:\/\/www.fondationbiodiversite.fr\/wp-content\/uploads\/2019\/02\/FP-COS-Provisoire.png 690w, https:\/\/www.fondationbiodiversite.fr\/wp-content\/uploads\/2019\/02\/FP-COS-Provisoire-300x200.png 300w\" sizes=\"auto, (max-width: 690px) 100vw, 690px\" \/><\/p>\n<p>&nbsp;<\/p>\n<p>Les membres du Cos apportent leur expertise pour :\u202f\u202f<\/p>\n<ul>\n<li><strong>B\u00e9n\u00e9ficier de r\u00e9sultats innovants<\/strong> pour pr\u00e9server et valoriser durablement la biodiversit\u00e9 ;\u202f<\/li>\n<li><strong>Acc\u00e9der aux connaissances scientifiques<\/strong> les plus r\u00e9centes pour aider \u00e0 la prise de d\u00e9cision ;\u202f<\/li>\n<li><strong>D\u00e9cider en toute connaissance de cause<\/strong> en s\u2019appuyant sur des m\u00e9thodes de synth\u00e8se de connaissances scientifiques uniques en France (Cesab, Revues syst\u00e9matiques) ;\u202f<\/li>\n<li><strong>S\u2019informer sur les \u00e9volutions r\u00e9glementaires<\/strong> touchant les activit\u00e9s de recherche et de d\u00e9veloppement sur la biodiversit\u00e9 (loi sur la reconqu\u00eate de la biodiversit\u00e9, Acc\u00e8s aux ressources g\u00e9n\u00e9tiques et de partage des avantages d\u00e9coulant de leur utilisation (APA), etc.) ;\u202f<\/li>\n<li><strong>Co-construire des appels \u00e0 projets<\/strong> ou des questionnements scientifiques avec les chercheurs ;\u202f<\/li>\n<li><strong>Participer \u00e0 des groupes de travail<\/strong> ou des comit\u00e9s d\u2019experts dans des instances nationales ou internationales (Ipbes, Eklipse, BiodivERsA, etc.) ;\u202f<\/li>\n<li><strong>Mutualiser les besoins de recherche<\/strong> au sein de \u00ab Clubs \u00bb de parties prenantes (voir encadr\u00e9 CILB) ;\u202f\u202f<\/li>\n<li><strong>Financer des projets de recherche<\/strong> (m\u00e9c\u00e9nat ou cr\u00e9dit imp\u00f4t recherche) ;\u202f<\/li>\n<li><strong>Transf\u00e9rer et valoriser<\/strong> leurs exp\u00e9riences de terrain en tant qu\u2019experts non-acad\u00e9miques (colloques)\u202f<\/li>\n<li><strong>\u00c9changer avec des scientifiques<\/strong> ou d\u2019autres parties prenantes ;\u202f<\/li>\n<li><strong>Nouer des partenariats<\/strong> avec des \u00e9quipes de recherche ;\u202f<\/li>\n<li><strong>Participer aux r\u00e9flexions<\/strong> sur les politiques publiques ou priv\u00e9es de la biodiversit\u00e9 ;\u202f<\/li>\n<li><strong>S\u2019engager en faveur de la biodiversit\u00e9<\/strong> (Appel du Cos pour la COP 21 \u2013 Climat et biodiversit\u00e9, Rencontre avec les candidats \u00e0 la pr\u00e9sidentielle pour pr\u00e9senter leurs propositions en faveur de la biodiversit\u00e9) ;<\/li>\n<li>etc.<\/li>\n<\/ul>\n","protected":false},"excerpt":{"rendered":"<p>Ceux-ci apportent leur expertise de terrain et participent aux activit\u00e9s de la Fondation en co-construisant des questions de recherche et en encourageant les transferts de connaissances. Le Cos a pour objectif d\u2019assurer le lien entre la soci\u00e9t\u00e9 et le monde de la recherche.\u202f\u202f &nbsp; &nbsp; Les membres du Cos apportent leur expertise pour :\u202f\u202f B\u00e9n\u00e9ficier [&hellip;]<\/p>\n","protected":false},"author":2,"featured_media":842,"parent":2244,"menu_order":0,"comment_status":"closed","ping_status":"closed","template":"temp_projet.php","meta":{"_acf_changed":false,"inline_featured_image":false,"footnotes":""},"class_list":["post-2230","page","type-page","status-publish","has-post-thumbnail","hentry"],"acf":[],"yoast_head":"<!-- This site is optimized with the Yoast SEO plugin v27.3 - https:\/\/yoast.com\/product\/yoast-seo-wordpress\/ -->\n<title>Faire partie du Cos de la FRB - Fondation pour la recherche sur la biodiversit\u00e9<\/title>\n<meta name=\"description\" content=\"Le Conseil d&#039;orientation strat\u00e9gique (Cos) de la FRB rassemble 243 porteurs d\u2019enjeux de la biodiversit\u00e9.\u202fCeux-ci apportent leur expertise de terrain et participent aux activit\u00e9s de la Fondation en co-construisant des questions de recherche et en encourageant les transferts de connaissances.\u202fLe Cos a pour objectif d\u2019assurer le lien entre la soci\u00e9t\u00e9 et le monde de la recherche.\u202f\u202f\" \/>\n<meta name=\"robots\" content=\"index, follow, max-snippet:-1, max-image-preview:large, max-video-preview:-1\" \/>\n<link rel=\"canonical\" href=\"https:\/\/www.fondationbiodiversite.fr\/en\/about-the-foundation\/conseil-administration-frb\/strategic-orientation-board-frb\/faire-partie-cos\/\" \/>\n<meta property=\"og:locale\" content=\"en_US\" \/>\n<meta property=\"og:type\" content=\"article\" \/>\n<meta property=\"og:title\" content=\"Faire partie du Cos de la FRB - Fondation pour la recherche sur la biodiversit\u00e9\" \/>\n<meta property=\"og:description\" content=\"Le Conseil d&#039;orientation strat\u00e9gique (Cos) de la FRB rassemble 243 porteurs d\u2019enjeux de la biodiversit\u00e9.\u202fCeux-ci apportent leur expertise de terrain et participent aux activit\u00e9s de la Fondation en co-construisant des questions de recherche et en encourageant les transferts de connaissances.\u202fLe Cos a pour objectif d\u2019assurer le lien entre la soci\u00e9t\u00e9 et le monde de la recherche.\u202f\u202f\" \/>\n<meta property=\"og:url\" content=\"https:\/\/www.fondationbiodiversite.fr\/en\/about-the-foundation\/conseil-administration-frb\/strategic-orientation-board-frb\/faire-partie-cos\/\" \/>\n<meta property=\"og:site_name\" content=\"Fondation pour la recherche sur la biodiversit\u00e9\" \/>\n<meta property=\"article:publisher\" content=\"https:\/\/www.facebook.com\/FRBiodiv#\" \/>\n<meta property=\"article:modified_time\" content=\"2021-09-15T09:23:26+00:00\" \/>\n<meta property=\"og:image\" content=\"https:\/\/www.fondationbiodiversite.fr\/wp-content\/uploads\/2019\/01\/logo.png\" \/>\n\t<meta property=\"og:image:width\" content=\"812\" \/>\n\t<meta property=\"og:image:height\" content=\"739\" \/>\n\t<meta property=\"og:image:type\" content=\"image\/png\" \/>\n<meta name=\"twitter:card\" content=\"summary_large_image\" \/>\n<meta name=\"twitter:site\" content=\"@FRBiodiv\" \/>\n<meta name=\"twitter:label1\" content=\"Est. reading time\" \/>\n\t<meta name=\"twitter:data1\" content=\"2 minutes\" \/>\n<script type=\"application\/ld+json\" class=\"yoast-schema-graph\">{\"@context\":\"https:\\\/\\\/schema.org\",\"@graph\":[{\"@type\":\"WebPage\",\"@id\":\"https:\\\/\\\/www.fondationbiodiversite.fr\\\/en\\\/about-the-foundation\\\/conseil-administration-frb\\\/strategic-orientation-board-frb\\\/faire-partie-cos\\\/\",\"url\":\"https:\\\/\\\/www.fondationbiodiversite.fr\\\/en\\\/about-the-foundation\\\/conseil-administration-frb\\\/strategic-orientation-board-frb\\\/faire-partie-cos\\\/\",\"name\":\"Faire partie du Cos de la FRB - Fondation pour la recherche sur la biodiversit\u00e9\",\"isPartOf\":{\"@id\":\"https:\\\/\\\/www.fondationbiodiversite.fr\\\/en\\\/#website\"},\"primaryImageOfPage\":{\"@id\":\"https:\\\/\\\/www.fondationbiodiversite.fr\\\/en\\\/about-the-foundation\\\/conseil-administration-frb\\\/strategic-orientation-board-frb\\\/faire-partie-cos\\\/#primaryimage\"},\"image\":{\"@id\":\"https:\\\/\\\/www.fondationbiodiversite.fr\\\/en\\\/about-the-foundation\\\/conseil-administration-frb\\\/strategic-orientation-board-frb\\\/faire-partie-cos\\\/#primaryimage\"},\"thumbnailUrl\":\"https:\\\/\\\/www.fondationbiodiversite.fr\\\/wp-content\\\/uploads\\\/2019\\\/01\\\/logo.png\",\"datePublished\":\"2019-02-11T13:43:30+00:00\",\"dateModified\":\"2021-09-15T09:23:26+00:00\",\"description\":\"Le Conseil d'orientation strat\u00e9gique (Cos) de la FRB rassemble 243 porteurs d\u2019enjeux de la biodiversit\u00e9.\u202fCeux-ci apportent leur expertise de terrain et participent aux activit\u00e9s de la Fondation en co-construisant des questions de recherche et en encourageant les transferts de connaissances.\u202fLe Cos a pour objectif d\u2019assurer le lien entre la soci\u00e9t\u00e9 et le monde de la recherche.\u202f\u202f\",\"breadcrumb\":{\"@id\":\"https:\\\/\\\/www.fondationbiodiversite.fr\\\/en\\\/about-the-foundation\\\/conseil-administration-frb\\\/strategic-orientation-board-frb\\\/faire-partie-cos\\\/#breadcrumb\"},\"inLanguage\":\"en-US\",\"potentialAction\":[{\"@type\":\"ReadAction\",\"target\":[\"https:\\\/\\\/www.fondationbiodiversite.fr\\\/en\\\/about-the-foundation\\\/conseil-administration-frb\\\/strategic-orientation-board-frb\\\/faire-partie-cos\\\/\"]}]},{\"@type\":\"ImageObject\",\"inLanguage\":\"en-US\",\"@id\":\"https:\\\/\\\/www.fondationbiodiversite.fr\\\/en\\\/about-the-foundation\\\/conseil-administration-frb\\\/strategic-orientation-board-frb\\\/faire-partie-cos\\\/#primaryimage\",\"url\":\"https:\\\/\\\/www.fondationbiodiversite.fr\\\/wp-content\\\/uploads\\\/2019\\\/01\\\/logo.png\",\"contentUrl\":\"https:\\\/\\\/www.fondationbiodiversite.fr\\\/wp-content\\\/uploads\\\/2019\\\/01\\\/logo.png\",\"width\":812,\"height\":739,\"caption\":\"Logo FRB\"},{\"@type\":\"BreadcrumbList\",\"@id\":\"https:\\\/\\\/www.fondationbiodiversite.fr\\\/en\\\/about-the-foundation\\\/conseil-administration-frb\\\/strategic-orientation-board-frb\\\/faire-partie-cos\\\/#breadcrumb\",\"itemListElement\":[{\"@type\":\"ListItem\",\"position\":1,\"name\":\"Accueil\",\"item\":\"https:\\\/\\\/www.fondationbiodiversite.fr\\\/en\\\/\"},{\"@type\":\"ListItem\",\"position\":2,\"name\":\"About the Foundation\",\"item\":\"https:\\\/\\\/www.fondationbiodiversite.fr\\\/en\\\/about-the-foundation\\\/\"},{\"@type\":\"ListItem\",\"position\":3,\"name\":\"Organization\",\"item\":\"https:\\\/\\\/www.fondationbiodiversite.fr\\\/en\\\/about-the-foundation\\\/conseil-administration-frb\\\/\"},{\"@type\":\"ListItem\",\"position\":4,\"name\":\"COS\",\"item\":\"https:\\\/\\\/www.fondationbiodiversite.fr\\\/en\\\/about-the-foundation\\\/conseil-administration-frb\\\/strategic-orientation-board-frb\\\/\"},{\"@type\":\"ListItem\",\"position\":5,\"name\":\"Faire partie du Cos de la FRB\"}]},{\"@type\":\"WebSite\",\"@id\":\"https:\\\/\\\/www.fondationbiodiversite.fr\\\/en\\\/#website\",\"url\":\"https:\\\/\\\/www.fondationbiodiversite.fr\\\/en\\\/\",\"name\":\"Fondation pour la recherche sur la biodiversit\u00e9\",\"description\":\"Une plateforme entre les diff\u00e9rents acteurs scientifiques et les acteurs de la soci\u00e9t\u00e9 sur la biodiversit\u00e9..\",\"publisher\":{\"@id\":\"https:\\\/\\\/www.fondationbiodiversite.fr\\\/en\\\/#organization\"},\"alternateName\":\"FRB\",\"potentialAction\":[{\"@type\":\"SearchAction\",\"target\":{\"@type\":\"EntryPoint\",\"urlTemplate\":\"https:\\\/\\\/www.fondationbiodiversite.fr\\\/en\\\/?s={search_term_string}\"},\"query-input\":{\"@type\":\"PropertyValueSpecification\",\"valueRequired\":true,\"valueName\":\"search_term_string\"}}],\"inLanguage\":\"en-US\"},{\"@type\":\"Organization\",\"@id\":\"https:\\\/\\\/www.fondationbiodiversite.fr\\\/en\\\/#organization\",\"name\":\"Fondation pour la recherche sur la biodiversit\u00e9\",\"url\":\"https:\\\/\\\/www.fondationbiodiversite.fr\\\/en\\\/\",\"logo\":{\"@type\":\"ImageObject\",\"inLanguage\":\"en-US\",\"@id\":\"https:\\\/\\\/www.fondationbiodiversite.fr\\\/en\\\/#\\\/schema\\\/logo\\\/image\\\/\",\"url\":\"https:\\\/\\\/www.fondationbiodiversite.fr\\\/wp-content\\\/uploads\\\/2025\\\/10\\\/logo_FRB_RVB.png\",\"contentUrl\":\"https:\\\/\\\/www.fondationbiodiversite.fr\\\/wp-content\\\/uploads\\\/2025\\\/10\\\/logo_FRB_RVB.png\",\"width\":220,\"height\":220,\"caption\":\"Fondation pour la recherche sur la biodiversit\u00e9\"},\"image\":{\"@id\":\"https:\\\/\\\/www.fondationbiodiversite.fr\\\/en\\\/#\\\/schema\\\/logo\\\/image\\\/\"},\"sameAs\":[\"https:\\\/\\\/www.facebook.com\\\/FRBiodiv#\",\"https:\\\/\\\/x.com\\\/FRBiodiv\",\"https:\\\/\\\/bsky.app\\\/profile\\\/frbiodiv.bsky.social\",\"https:\\\/\\\/www.instagram.com\\\/frbiodiv\\\/\",\"https:\\\/\\\/www.linkedin.com\\\/in\\\/fondation-pour-la-recherche-sur-la-biodiversit-223059121\\\/\",\"https:\\\/\\\/www.youtube.com\\\/@FRBiodiv\"]}]}<\/script>\n<!-- \/ Yoast SEO plugin. -->","yoast_head_json":{"title":"Faire partie du Cos de la FRB - Fondation pour la recherche sur la biodiversit\u00e9","description":"Le Conseil d'orientation strat\u00e9gique (Cos) de la FRB rassemble 243 porteurs d\u2019enjeux de la biodiversit\u00e9.\u202fCeux-ci apportent leur expertise de terrain et participent aux activit\u00e9s de la Fondation en co-construisant des questions de recherche et en encourageant les transferts de connaissances.\u202fLe Cos a pour objectif d\u2019assurer le lien entre la soci\u00e9t\u00e9 et le monde de la recherche.\u202f\u202f","robots":{"index":"index","follow":"follow","max-snippet":"max-snippet:-1","max-image-preview":"max-image-preview:large","max-video-preview":"max-video-preview:-1"},"canonical":"https:\/\/www.fondationbiodiversite.fr\/en\/about-the-foundation\/conseil-administration-frb\/strategic-orientation-board-frb\/faire-partie-cos\/","og_locale":"en_US","og_type":"article","og_title":"Faire partie du Cos de la FRB - Fondation pour la recherche sur la biodiversit\u00e9","og_description":"Le Conseil d'orientation strat\u00e9gique (Cos) de la FRB rassemble 243 porteurs d\u2019enjeux de la biodiversit\u00e9.\u202fCeux-ci apportent leur expertise de terrain et participent aux activit\u00e9s de la Fondation en co-construisant des questions de recherche et en encourageant les transferts de connaissances.\u202fLe Cos a pour objectif d\u2019assurer le lien entre la soci\u00e9t\u00e9 et le monde de la recherche.\u202f\u202f","og_url":"https:\/\/www.fondationbiodiversite.fr\/en\/about-the-foundation\/conseil-administration-frb\/strategic-orientation-board-frb\/faire-partie-cos\/","og_site_name":"Fondation pour la recherche sur la biodiversit\u00e9","article_publisher":"https:\/\/www.facebook.com\/FRBiodiv#","article_modified_time":"2021-09-15T09:23:26+00:00","og_image":[{"width":812,"height":739,"url":"https:\/\/www.fondationbiodiversite.fr\/wp-content\/uploads\/2019\/01\/logo.png","type":"image\/png"}],"twitter_card":"summary_large_image","twitter_site":"@FRBiodiv","twitter_misc":{"Est. reading time":"2 minutes"},"schema":{"@context":"https:\/\/schema.org","@graph":[{"@type":"WebPage","@id":"https:\/\/www.fondationbiodiversite.fr\/en\/about-the-foundation\/conseil-administration-frb\/strategic-orientation-board-frb\/faire-partie-cos\/","url":"https:\/\/www.fondationbiodiversite.fr\/en\/about-the-foundation\/conseil-administration-frb\/strategic-orientation-board-frb\/faire-partie-cos\/","name":"Faire partie du Cos de la FRB - Fondation pour la recherche sur la biodiversit\u00e9","isPartOf":{"@id":"https:\/\/www.fondationbiodiversite.fr\/en\/#website"},"primaryImageOfPage":{"@id":"https:\/\/www.fondationbiodiversite.fr\/en\/about-the-foundation\/conseil-administration-frb\/strategic-orientation-board-frb\/faire-partie-cos\/#primaryimage"},"image":{"@id":"https:\/\/www.fondationbiodiversite.fr\/en\/about-the-foundation\/conseil-administration-frb\/strategic-orientation-board-frb\/faire-partie-cos\/#primaryimage"},"thumbnailUrl":"https:\/\/www.fondationbiodiversite.fr\/wp-content\/uploads\/2019\/01\/logo.png","datePublished":"2019-02-11T13:43:30+00:00","dateModified":"2021-09-15T09:23:26+00:00","description":"Le Conseil d'orientation strat\u00e9gique (Cos) de la FRB rassemble 243 porteurs d\u2019enjeux de la biodiversit\u00e9.\u202fCeux-ci apportent leur expertise de terrain et participent aux activit\u00e9s de la Fondation en co-construisant des questions de recherche et en encourageant les transferts de connaissances.\u202fLe Cos a pour objectif d\u2019assurer le lien entre la soci\u00e9t\u00e9 et le monde de la recherche.\u202f\u202f","breadcrumb":{"@id":"https:\/\/www.fondationbiodiversite.fr\/en\/about-the-foundation\/conseil-administration-frb\/strategic-orientation-board-frb\/faire-partie-cos\/#breadcrumb"},"inLanguage":"en-US","potentialAction":[{"@type":"ReadAction","target":["https:\/\/www.fondationbiodiversite.fr\/en\/about-the-foundation\/conseil-administration-frb\/strategic-orientation-board-frb\/faire-partie-cos\/"]}]},{"@type":"ImageObject","inLanguage":"en-US","@id":"https:\/\/www.fondationbiodiversite.fr\/en\/about-the-foundation\/conseil-administration-frb\/strategic-orientation-board-frb\/faire-partie-cos\/#primaryimage","url":"https:\/\/www.fondationbiodiversite.fr\/wp-content\/uploads\/2019\/01\/logo.png","contentUrl":"https:\/\/www.fondationbiodiversite.fr\/wp-content\/uploads\/2019\/01\/logo.png","width":812,"height":739,"caption":"Logo FRB"},{"@type":"BreadcrumbList","@id":"https:\/\/www.fondationbiodiversite.fr\/en\/about-the-foundation\/conseil-administration-frb\/strategic-orientation-board-frb\/faire-partie-cos\/#breadcrumb","itemListElement":[{"@type":"ListItem","position":1,"name":"Accueil","item":"https:\/\/www.fondationbiodiversite.fr\/en\/"},{"@type":"ListItem","position":2,"name":"About the Foundation","item":"https:\/\/www.fondationbiodiversite.fr\/en\/about-the-foundation\/"},{"@type":"ListItem","position":3,"name":"Organization","item":"https:\/\/www.fondationbiodiversite.fr\/en\/about-the-foundation\/conseil-administration-frb\/"},{"@type":"ListItem","position":4,"name":"COS","item":"https:\/\/www.fondationbiodiversite.fr\/en\/about-the-foundation\/conseil-administration-frb\/strategic-orientation-board-frb\/"},{"@type":"ListItem","position":5,"name":"Faire partie du Cos de la FRB"}]},{"@type":"WebSite","@id":"https:\/\/www.fondationbiodiversite.fr\/en\/#website","url":"https:\/\/www.fondationbiodiversite.fr\/en\/","name":"Fondation pour la recherche sur la biodiversit\u00e9","description":"Une plateforme entre les diff\u00e9rents acteurs scientifiques et les acteurs de la soci\u00e9t\u00e9 sur la biodiversit\u00e9..","publisher":{"@id":"https:\/\/www.fondationbiodiversite.fr\/en\/#organization"},"alternateName":"FRB","potentialAction":[{"@type":"SearchAction","target":{"@type":"EntryPoint","urlTemplate":"https:\/\/www.fondationbiodiversite.fr\/en\/?s={search_term_string}"},"query-input":{"@type":"PropertyValueSpecification","valueRequired":true,"valueName":"search_term_string"}}],"inLanguage":"en-US"},{"@type":"Organization","@id":"https:\/\/www.fondationbiodiversite.fr\/en\/#organization","name":"Fondation pour la recherche sur la biodiversit\u00e9","url":"https:\/\/www.fondationbiodiversite.fr\/en\/","logo":{"@type":"ImageObject","inLanguage":"en-US","@id":"https:\/\/www.fondationbiodiversite.fr\/en\/#\/schema\/logo\/image\/","url":"https:\/\/www.fondationbiodiversite.fr\/wp-content\/uploads\/2025\/10\/logo_FRB_RVB.png","contentUrl":"https:\/\/www.fondationbiodiversite.fr\/wp-content\/uploads\/2025\/10\/logo_FRB_RVB.png","width":220,"height":220,"caption":"Fondation pour la recherche sur la biodiversit\u00e9"},"image":{"@id":"https:\/\/www.fondationbiodiversite.fr\/en\/#\/schema\/logo\/image\/"},"sameAs":["https:\/\/www.facebook.com\/FRBiodiv#","https:\/\/x.com\/FRBiodiv","https:\/\/bsky.app\/profile\/frbiodiv.bsky.social","https:\/\/www.instagram.com\/frbiodiv\/","https:\/\/www.linkedin.com\/in\/fondation-pour-la-recherche-sur-la-biodiversit-223059121\/","https:\/\/www.youtube.com\/@FRBiodiv"]}]}},"_links":{"self":[{"href":"https:\/\/www.fondationbiodiversite.fr\/en\/wp-json\/wp\/v2\/pages\/2230","targetHints":{"allow":["GET"]}}],"collection":[{"href":"https:\/\/www.fondationbiodiversite.fr\/en\/wp-json\/wp\/v2\/pages"}],"about":[{"href":"https:\/\/www.fondationbiodiversite.fr\/en\/wp-json\/wp\/v2\/types\/page"}],"author":[{"embeddable":true,"href":"https:\/\/www.fondationbiodiversite.fr\/en\/wp-json\/wp\/v2\/users\/2"}],"replies":[{"embeddable":true,"href":"https:\/\/www.fondationbiodiversite.fr\/en\/wp-json\/wp\/v2\/comments?post=2230"}],"version-history":[{"count":0,"href":"https:\/\/www.fondationbiodiversite.fr\/en\/wp-json\/wp\/v2\/pages\/2230\/revisions"}],"up":[{"embeddable":true,"href":"https:\/\/www.fondationbiodiversite.fr\/en\/wp-json\/wp\/v2\/pages\/2244"}],"wp:featuredmedia":[{"embeddable":true,"href":"https:\/\/www.fondationbiodiversite.fr\/en\/wp-json\/wp\/v2\/media\/842"}],"wp:attachment":[{"href":"https:\/\/www.fondationbiodiversite.fr\/en\/wp-json\/wp\/v2\/media?parent=2230"}],"curies":[{"name":"wp","href":"https:\/\/api.w.org\/{rel}","templated":true}]}}