
{"id":22270,"date":"2023-05-11T14:37:53","date_gmt":"2023-05-11T12:37:53","guid":{"rendered":"https:\/\/www.fondationbiodiversite.fr\/?page_id=22270"},"modified":"2026-01-27T17:09:46","modified_gmt":"2026-01-27T16:09:46","slug":"discar","status":"publish","type":"page","link":"https:\/\/www.fondationbiodiversite.fr\/en\/the-frb-in-action\/programs-and-projects\/le-cesab\/discar\/","title":{"rendered":"DISCAR"},"content":{"rendered":"<p>The DISCAR (DIS = disturbance, CAR = carnivores) project aims at providing an <strong>operational framework with analytical tools for assessing the impacts of human pressures on populations of small carnivores<\/strong>, and showcasing it with case studies in applied conservation. DISCAR will use small carnivores in French mainland and overseas territories as a case study to assess the population consequences or impacts of human pressures on animal populations.<\/p>\n<p>&nbsp;<\/p>\n<p>These species hold important roles in ecosystems, such as influencing ecosystem structure and providing numerous ecosystem services, including pest\/disease control and seed dispersal. Small carnivore species also respond to ecosystem disturbance in a fast, measurable, and interpretable way and therefore can be used as sentinels of global change. We will connect the fields of bioenergetics and demographic modeling in an integrated framework to assess human pressures on biodiversity, and to characterize then predict the impacts on small carnivores.<\/p>\n<p>&nbsp;<\/p>\n<p>DISCAR will identify key parameters underlying coupling between pressures and impacts, and will make <strong>recommendations for stakeholders in terms of monitoring and mitigation strategies<\/strong>.<\/p>\n<p>&nbsp;<\/p>\n<p>&nbsp;<\/p>\n<p><img loading=\"lazy\" decoding=\"async\" class=\"aligncenter wp-image-22279 size-full\" src=\"https:\/\/www.fondationbiodiversite.fr\/wp-content\/uploads\/2023\/05\/discar_infographie_web.jpg\" alt=\"\" width=\"750\" height=\"450\" srcset=\"https:\/\/www.fondationbiodiversite.fr\/wp-content\/uploads\/2023\/05\/discar_infographie_web.jpg 750w, https:\/\/www.fondationbiodiversite.fr\/wp-content\/uploads\/2023\/05\/discar_infographie_web-300x180.jpg 300w\" sizes=\"auto, (max-width: 750px) 100vw, 750px\" \/><\/p>\n<p>&nbsp;<\/p>\n<p><em>Find more about DISCAR on the website:<\/em><\/p>\n<div class=\"contenu_connexe\"><a href=\"https:\/\/www.fondationbiodiversite.fr\/modeliser-pour-decider-lexemple-des-deplacements-des-animaux-dans-les-paysages-fragmentes\/\"><span class=\"thumb\" style=\"background-image: url('https:\/\/www.fondationbiodiversite.fr\/wp-content\/uploads\/2024\/12\/actu_Discar_otter_kieren_ridley.jpg');\"><img decoding=\"async\" src=\"https:\/\/www.fondationbiodiversite.fr\/wp-content\/uploads\/2024\/12\/actu_Discar_otter_kieren_ridley.jpg\" alt=\"Mod\u00e9liser pour d\u00e9cider : l&#8217;exemple des d\u00e9placements des animaux dans les paysages fragment\u00e9s\"><\/span><span class=\"content\">Mod\u00e9liser pour d\u00e9cider : l&#8217;exemple des d\u00e9placements des animaux dans les paysages fragment\u00e9s<strong class=\"lien\">Read more<\/strong><\/span><\/a><\/div>\n","protected":false},"excerpt":{"rendered":"<p>The DISCAR (DIS = disturbance, CAR = carnivores) project aims at providing an operational framework with analytical tools for assessing the impacts of human pressures on populations of small carnivores, and showcasing it with case studies in applied conservation. DISCAR will use small carnivores in French mainland and overseas territories as a case study to [&hellip;]<\/p>\n","protected":false},"author":15,"featured_media":22277,"parent":2238,"menu_order":13,"comment_status":"closed","ping_status":"closed","template":"temp_projet.php","meta":{"_acf_changed":false,"inline_featured_image":false,"footnotes":""},"class_list":["post-22270","page","type-page","status-publish","has-post-thumbnail","hentry"],"acf":[],"yoast_head":"<!-- This site is optimized with the Yoast SEO plugin v27.4 - https:\/\/yoast.com\/product\/yoast-seo-wordpress\/ -->\n<title>DISCAR - Fondation pour la recherche sur la biodiversit\u00e9<\/title>\n<meta name=\"robots\" content=\"index, follow, max-snippet:-1, max-image-preview:large, max-video-preview:-1\" \/>\n<link rel=\"canonical\" href=\"https:\/\/www.fondationbiodiversite.fr\/en\/the-frb-in-action\/programs-and-projects\/le-cesab\/discar\/\" \/>\n<meta property=\"og:locale\" content=\"en_US\" \/>\n<meta property=\"og:type\" content=\"article\" \/>\n<meta property=\"og:title\" content=\"DISCAR - Fondation pour la recherche sur la biodiversit\u00e9\" \/>\n<meta property=\"og:description\" content=\"The DISCAR (DIS = disturbance, CAR = carnivores) project aims at providing an operational framework with analytical tools for assessing the impacts of human pressures on populations of small carnivores, and showcasing it with case studies in applied conservation. DISCAR will use small carnivores in French mainland and overseas territories as a case study to [&hellip;]\" \/>\n<meta property=\"og:url\" content=\"https:\/\/www.fondationbiodiversite.fr\/en\/the-frb-in-action\/programs-and-projects\/le-cesab\/discar\/\" \/>\n<meta property=\"og:site_name\" content=\"Fondation pour la recherche sur la biodiversit\u00e9\" \/>\n<meta property=\"article:publisher\" content=\"https:\/\/www.facebook.com\/FRBiodiv#\" \/>\n<meta property=\"article:modified_time\" content=\"2026-01-27T16:09:46+00:00\" \/>\n<meta property=\"og:image\" content=\"https:\/\/www.fondationbiodiversite.fr\/wp-content\/uploads\/2023\/01\/Bioforest_photo_web.png\" \/>\n\t<meta property=\"og:image:width\" content=\"750\" \/>\n\t<meta property=\"og:image:height\" content=\"450\" \/>\n\t<meta property=\"og:image:type\" content=\"image\/png\" \/>\n<meta name=\"twitter:card\" content=\"summary_large_image\" \/>\n<meta name=\"twitter:image\" content=\"https:\/\/www.fondationbiodiversite.fr\/wp-content\/uploads\/2023\/01\/Bioforest_photo_web.png\" \/>\n<meta name=\"twitter:site\" content=\"@FRBiodiv\" \/>\n<meta name=\"twitter:label1\" content=\"Est. reading time\" \/>\n\t<meta name=\"twitter:data1\" content=\"3 minutes\" \/>\n<script type=\"application\/ld+json\" class=\"yoast-schema-graph\">{\"@context\":\"https:\\\/\\\/schema.org\",\"@graph\":[{\"@type\":\"WebPage\",\"@id\":\"https:\\\/\\\/www.fondationbiodiversite.fr\\\/en\\\/the-frb-in-action\\\/programs-and-projects\\\/le-cesab\\\/discar\\\/\",\"url\":\"https:\\\/\\\/www.fondationbiodiversite.fr\\\/en\\\/the-frb-in-action\\\/programs-and-projects\\\/le-cesab\\\/discar\\\/\",\"name\":\"DISCAR - Fondation pour la recherche sur la biodiversit\u00e9\",\"isPartOf\":{\"@id\":\"https:\\\/\\\/www.fondationbiodiversite.fr\\\/en\\\/#website\"},\"primaryImageOfPage\":{\"@id\":\"https:\\\/\\\/www.fondationbiodiversite.fr\\\/en\\\/the-frb-in-action\\\/programs-and-projects\\\/le-cesab\\\/discar\\\/#primaryimage\"},\"image\":{\"@id\":\"https:\\\/\\\/www.fondationbiodiversite.fr\\\/en\\\/the-frb-in-action\\\/programs-and-projects\\\/le-cesab\\\/discar\\\/#primaryimage\"},\"thumbnailUrl\":\"https:\\\/\\\/www.fondationbiodiversite.fr\\\/wp-content\\\/uploads\\\/2023\\\/05\\\/DISCAR_photo_web.jpg\",\"datePublished\":\"2023-05-11T12:37:53+00:00\",\"dateModified\":\"2026-01-27T16:09:46+00:00\",\"breadcrumb\":{\"@id\":\"https:\\\/\\\/www.fondationbiodiversite.fr\\\/en\\\/the-frb-in-action\\\/programs-and-projects\\\/le-cesab\\\/discar\\\/#breadcrumb\"},\"inLanguage\":\"en-US\",\"potentialAction\":[{\"@type\":\"ReadAction\",\"target\":[\"https:\\\/\\\/www.fondationbiodiversite.fr\\\/en\\\/the-frb-in-action\\\/programs-and-projects\\\/le-cesab\\\/discar\\\/\"]}]},{\"@type\":\"ImageObject\",\"inLanguage\":\"en-US\",\"@id\":\"https:\\\/\\\/www.fondationbiodiversite.fr\\\/en\\\/the-frb-in-action\\\/programs-and-projects\\\/le-cesab\\\/discar\\\/#primaryimage\",\"url\":\"https:\\\/\\\/www.fondationbiodiversite.fr\\\/wp-content\\\/uploads\\\/2023\\\/05\\\/DISCAR_photo_web.jpg\",\"contentUrl\":\"https:\\\/\\\/www.fondationbiodiversite.fr\\\/wp-content\\\/uploads\\\/2023\\\/05\\\/DISCAR_photo_web.jpg\",\"width\":750,\"height\":450},{\"@type\":\"BreadcrumbList\",\"@id\":\"https:\\\/\\\/www.fondationbiodiversite.fr\\\/en\\\/the-frb-in-action\\\/programs-and-projects\\\/le-cesab\\\/discar\\\/#breadcrumb\",\"itemListElement\":[{\"@type\":\"ListItem\",\"position\":1,\"name\":\"Accueil\",\"item\":\"https:\\\/\\\/www.fondationbiodiversite.fr\\\/en\\\/\"},{\"@type\":\"ListItem\",\"position\":2,\"name\":\"The FRB in action\",\"item\":\"https:\\\/\\\/www.fondationbiodiversite.fr\\\/en\\\/the-frb-in-action\\\/\"},{\"@type\":\"ListItem\",\"position\":3,\"name\":\"The FRB&#8217;s programs &#038; projects\",\"item\":\"https:\\\/\\\/www.fondationbiodiversite.fr\\\/en\\\/the-frb-in-action\\\/programs-and-projects\\\/\"},{\"@type\":\"ListItem\",\"position\":4,\"name\":\"Synthesis at CESAB\",\"item\":\"https:\\\/\\\/www.fondationbiodiversite.fr\\\/en\\\/the-frb-in-action\\\/programs-and-projects\\\/le-cesab\\\/\"},{\"@type\":\"ListItem\",\"position\":5,\"name\":\"DISCAR\"}]},{\"@type\":\"WebSite\",\"@id\":\"https:\\\/\\\/www.fondationbiodiversite.fr\\\/en\\\/#website\",\"url\":\"https:\\\/\\\/www.fondationbiodiversite.fr\\\/en\\\/\",\"name\":\"Fondation pour la recherche sur la biodiversit\u00e9\",\"description\":\"Une plateforme entre les diff\u00e9rents acteurs scientifiques et les acteurs de la soci\u00e9t\u00e9 sur la biodiversit\u00e9..\",\"publisher\":{\"@id\":\"https:\\\/\\\/www.fondationbiodiversite.fr\\\/en\\\/#organization\"},\"alternateName\":\"FRB\",\"potentialAction\":[{\"@type\":\"SearchAction\",\"target\":{\"@type\":\"EntryPoint\",\"urlTemplate\":\"https:\\\/\\\/www.fondationbiodiversite.fr\\\/en\\\/?s={search_term_string}\"},\"query-input\":{\"@type\":\"PropertyValueSpecification\",\"valueRequired\":true,\"valueName\":\"search_term_string\"}}],\"inLanguage\":\"en-US\"},{\"@type\":\"Organization\",\"@id\":\"https:\\\/\\\/www.fondationbiodiversite.fr\\\/en\\\/#organization\",\"name\":\"Fondation pour la recherche sur la biodiversit\u00e9\",\"url\":\"https:\\\/\\\/www.fondationbiodiversite.fr\\\/en\\\/\",\"logo\":{\"@type\":\"ImageObject\",\"inLanguage\":\"en-US\",\"@id\":\"https:\\\/\\\/www.fondationbiodiversite.fr\\\/en\\\/#\\\/schema\\\/logo\\\/image\\\/\",\"url\":\"https:\\\/\\\/www.fondationbiodiversite.fr\\\/wp-content\\\/uploads\\\/2025\\\/10\\\/logo_FRB_RVB.png\",\"contentUrl\":\"https:\\\/\\\/www.fondationbiodiversite.fr\\\/wp-content\\\/uploads\\\/2025\\\/10\\\/logo_FRB_RVB.png\",\"width\":220,\"height\":220,\"caption\":\"Fondation pour la recherche sur la biodiversit\u00e9\"},\"image\":{\"@id\":\"https:\\\/\\\/www.fondationbiodiversite.fr\\\/en\\\/#\\\/schema\\\/logo\\\/image\\\/\"},\"sameAs\":[\"https:\\\/\\\/www.facebook.com\\\/FRBiodiv#\",\"https:\\\/\\\/x.com\\\/FRBiodiv\",\"https:\\\/\\\/bsky.app\\\/profile\\\/frbiodiv.bsky.social\",\"https:\\\/\\\/www.instagram.com\\\/frbiodiv\\\/\",\"https:\\\/\\\/www.linkedin.com\\\/in\\\/fondation-pour-la-recherche-sur-la-biodiversit-223059121\\\/\",\"https:\\\/\\\/www.youtube.com\\\/@FRBiodiv\"]}]}<\/script>\n<!-- \/ Yoast SEO plugin. -->","yoast_head_json":{"title":"DISCAR - Fondation pour la recherche sur la biodiversit\u00e9","robots":{"index":"index","follow":"follow","max-snippet":"max-snippet:-1","max-image-preview":"max-image-preview:large","max-video-preview":"max-video-preview:-1"},"canonical":"https:\/\/www.fondationbiodiversite.fr\/en\/the-frb-in-action\/programs-and-projects\/le-cesab\/discar\/","og_locale":"en_US","og_type":"article","og_title":"DISCAR - Fondation pour la recherche sur la biodiversit\u00e9","og_description":"The DISCAR (DIS = disturbance, CAR = carnivores) project aims at providing an operational framework with analytical tools for assessing the impacts of human pressures on populations of small carnivores, and showcasing it with case studies in applied conservation. DISCAR will use small carnivores in French mainland and overseas territories as a case study to [&hellip;]","og_url":"https:\/\/www.fondationbiodiversite.fr\/en\/the-frb-in-action\/programs-and-projects\/le-cesab\/discar\/","og_site_name":"Fondation pour la recherche sur la biodiversit\u00e9","article_publisher":"https:\/\/www.facebook.com\/FRBiodiv#","article_modified_time":"2026-01-27T16:09:46+00:00","og_image":[{"width":750,"height":450,"url":"https:\/\/www.fondationbiodiversite.fr\/wp-content\/uploads\/2023\/01\/Bioforest_photo_web.png","type":"image\/png"}],"twitter_card":"summary_large_image","twitter_image":"https:\/\/www.fondationbiodiversite.fr\/wp-content\/uploads\/2023\/01\/Bioforest_photo_web.png","twitter_site":"@FRBiodiv","twitter_misc":{"Est. reading time":"3 minutes"},"schema":{"@context":"https:\/\/schema.org","@graph":[{"@type":"WebPage","@id":"https:\/\/www.fondationbiodiversite.fr\/en\/the-frb-in-action\/programs-and-projects\/le-cesab\/discar\/","url":"https:\/\/www.fondationbiodiversite.fr\/en\/the-frb-in-action\/programs-and-projects\/le-cesab\/discar\/","name":"DISCAR - Fondation pour la recherche sur la biodiversit\u00e9","isPartOf":{"@id":"https:\/\/www.fondationbiodiversite.fr\/en\/#website"},"primaryImageOfPage":{"@id":"https:\/\/www.fondationbiodiversite.fr\/en\/the-frb-in-action\/programs-and-projects\/le-cesab\/discar\/#primaryimage"},"image":{"@id":"https:\/\/www.fondationbiodiversite.fr\/en\/the-frb-in-action\/programs-and-projects\/le-cesab\/discar\/#primaryimage"},"thumbnailUrl":"https:\/\/www.fondationbiodiversite.fr\/wp-content\/uploads\/2023\/05\/DISCAR_photo_web.jpg","datePublished":"2023-05-11T12:37:53+00:00","dateModified":"2026-01-27T16:09:46+00:00","breadcrumb":{"@id":"https:\/\/www.fondationbiodiversite.fr\/en\/the-frb-in-action\/programs-and-projects\/le-cesab\/discar\/#breadcrumb"},"inLanguage":"en-US","potentialAction":[{"@type":"ReadAction","target":["https:\/\/www.fondationbiodiversite.fr\/en\/the-frb-in-action\/programs-and-projects\/le-cesab\/discar\/"]}]},{"@type":"ImageObject","inLanguage":"en-US","@id":"https:\/\/www.fondationbiodiversite.fr\/en\/the-frb-in-action\/programs-and-projects\/le-cesab\/discar\/#primaryimage","url":"https:\/\/www.fondationbiodiversite.fr\/wp-content\/uploads\/2023\/05\/DISCAR_photo_web.jpg","contentUrl":"https:\/\/www.fondationbiodiversite.fr\/wp-content\/uploads\/2023\/05\/DISCAR_photo_web.jpg","width":750,"height":450},{"@type":"BreadcrumbList","@id":"https:\/\/www.fondationbiodiversite.fr\/en\/the-frb-in-action\/programs-and-projects\/le-cesab\/discar\/#breadcrumb","itemListElement":[{"@type":"ListItem","position":1,"name":"Accueil","item":"https:\/\/www.fondationbiodiversite.fr\/en\/"},{"@type":"ListItem","position":2,"name":"The FRB in action","item":"https:\/\/www.fondationbiodiversite.fr\/en\/the-frb-in-action\/"},{"@type":"ListItem","position":3,"name":"The FRB&#8217;s programs &#038; projects","item":"https:\/\/www.fondationbiodiversite.fr\/en\/the-frb-in-action\/programs-and-projects\/"},{"@type":"ListItem","position":4,"name":"Synthesis at CESAB","item":"https:\/\/www.fondationbiodiversite.fr\/en\/the-frb-in-action\/programs-and-projects\/le-cesab\/"},{"@type":"ListItem","position":5,"name":"DISCAR"}]},{"@type":"WebSite","@id":"https:\/\/www.fondationbiodiversite.fr\/en\/#website","url":"https:\/\/www.fondationbiodiversite.fr\/en\/","name":"Fondation pour la recherche sur la biodiversit\u00e9","description":"Une plateforme entre les diff\u00e9rents acteurs scientifiques et les acteurs de la soci\u00e9t\u00e9 sur la biodiversit\u00e9..","publisher":{"@id":"https:\/\/www.fondationbiodiversite.fr\/en\/#organization"},"alternateName":"FRB","potentialAction":[{"@type":"SearchAction","target":{"@type":"EntryPoint","urlTemplate":"https:\/\/www.fondationbiodiversite.fr\/en\/?s={search_term_string}"},"query-input":{"@type":"PropertyValueSpecification","valueRequired":true,"valueName":"search_term_string"}}],"inLanguage":"en-US"},{"@type":"Organization","@id":"https:\/\/www.fondationbiodiversite.fr\/en\/#organization","name":"Fondation pour la recherche sur la biodiversit\u00e9","url":"https:\/\/www.fondationbiodiversite.fr\/en\/","logo":{"@type":"ImageObject","inLanguage":"en-US","@id":"https:\/\/www.fondationbiodiversite.fr\/en\/#\/schema\/logo\/image\/","url":"https:\/\/www.fondationbiodiversite.fr\/wp-content\/uploads\/2025\/10\/logo_FRB_RVB.png","contentUrl":"https:\/\/www.fondationbiodiversite.fr\/wp-content\/uploads\/2025\/10\/logo_FRB_RVB.png","width":220,"height":220,"caption":"Fondation pour la recherche sur la biodiversit\u00e9"},"image":{"@id":"https:\/\/www.fondationbiodiversite.fr\/en\/#\/schema\/logo\/image\/"},"sameAs":["https:\/\/www.facebook.com\/FRBiodiv#","https:\/\/x.com\/FRBiodiv","https:\/\/bsky.app\/profile\/frbiodiv.bsky.social","https:\/\/www.instagram.com\/frbiodiv\/","https:\/\/www.linkedin.com\/in\/fondation-pour-la-recherche-sur-la-biodiversit-223059121\/","https:\/\/www.youtube.com\/@FRBiodiv"]}]}},"_links":{"self":[{"href":"https:\/\/www.fondationbiodiversite.fr\/en\/wp-json\/wp\/v2\/pages\/22270","targetHints":{"allow":["GET"]}}],"collection":[{"href":"https:\/\/www.fondationbiodiversite.fr\/en\/wp-json\/wp\/v2\/pages"}],"about":[{"href":"https:\/\/www.fondationbiodiversite.fr\/en\/wp-json\/wp\/v2\/types\/page"}],"author":[{"embeddable":true,"href":"https:\/\/www.fondationbiodiversite.fr\/en\/wp-json\/wp\/v2\/users\/15"}],"replies":[{"embeddable":true,"href":"https:\/\/www.fondationbiodiversite.fr\/en\/wp-json\/wp\/v2\/comments?post=22270"}],"version-history":[{"count":0,"href":"https:\/\/www.fondationbiodiversite.fr\/en\/wp-json\/wp\/v2\/pages\/22270\/revisions"}],"up":[{"embeddable":true,"href":"https:\/\/www.fondationbiodiversite.fr\/en\/wp-json\/wp\/v2\/pages\/2238"}],"wp:featuredmedia":[{"embeddable":true,"href":"https:\/\/www.fondationbiodiversite.fr\/en\/wp-json\/wp\/v2\/media\/22277"}],"wp:attachment":[{"href":"https:\/\/www.fondationbiodiversite.fr\/en\/wp-json\/wp\/v2\/media?parent=22270"}],"curies":[{"name":"wp","href":"https:\/\/api.w.org\/{rel}","templated":true}]}}