
{"id":2227,"date":"2019-01-15T15:20:11","date_gmt":"2019-01-15T14:20:11","guid":{"rendered":"http:\/\/www.fondationbiodiversite.fr\/la-fondation\/presentation-frb\/"},"modified":"2026-02-05T17:10:47","modified_gmt":"2026-02-05T16:10:47","slug":"the-frb-at-a-glance","status":"publish","type":"page","link":"https:\/\/www.fondationbiodiversite.fr\/en\/about-the-foundation\/the-frb-at-a-glance\/","title":{"rendered":"The FRB at a glance"},"content":{"rendered":"<h2>From research to society, in favor of biodiversity<\/h2>\n<p>The FRB was created in 2008, following the Grenelle Environment Forum, at the initiative of the ministries responsible for research, the environment, and scientific organizations. <strong>It contributes to the development and impact of biodiversity research<\/strong> by bringing together institutions that organize public research and stakeholders, by mobilizing academic skills and knowledge in response to societal demands, and by promoting multidisciplinary and collaborative approaches with businesses and private research.<\/p>\n<p>&nbsp;<\/p>\n<p>At national, European and international levels, it is not only a funding window for research, it is also a platform enabling dialogue <strong>with public and private stakeholders.<\/strong><\/p>\n<p>&nbsp;<\/p>\n<section class=\"content_0\">\n<div class=\"container\">\n<div class=\"row justify-content-end\">\n<div class=\"col-12 col-sm-12 col-md-12 col-lg-12 col-xl-12\">\n<div class=\"content\">\n<p><a href=\"https:\/\/www-fondationbiodiversite-fr.translate.goog\/wp-content\/uploads\/2019\/10\/Statuts-FRB.pdf?_x_tr_sl=fr&amp;_x_tr_tl=en&amp;_x_tr_hl=fr&amp;_x_tr_pto=wapp\">The FRB is a private scientific cooperation foundation<\/a> that operates independently and employs around forty people. It pays particular attention to current societal issues such as well-being at work, <a href=\"https:\/\/www-fondationbiodiversite-fr.translate.goog\/wp-content\/uploads\/2023\/07\/FRB_Plan_egalite_des_genres.pdf?_x_tr_sl=fr&amp;_x_tr_tl=en&amp;_x_tr_hl=fr&amp;_x_tr_pto=wapp\">gender equality<\/a> , etc.<\/p>\n<\/div>\n<\/div>\n<\/div>\n<\/div>\n<\/section>\n","protected":false},"excerpt":{"rendered":"<p>From research to society, in favor of biodiversity The FRB was created in 2008, following the Grenelle Environment Forum, at the initiative of the ministries responsible for research, the environment, and scientific organizations. It contributes to the development and impact of biodiversity research by bringing together institutions that organize public research and stakeholders, by mobilizing [&hellip;]<\/p>\n","protected":false},"author":1,"featured_media":842,"parent":2225,"menu_order":1,"comment_status":"closed","ping_status":"closed","template":"temp_presentation.php","meta":{"_acf_changed":false,"inline_featured_image":false,"footnotes":""},"class_list":["post-2227","page","type-page","status-publish","has-post-thumbnail","hentry"],"acf":[],"yoast_head":"<!-- This site is optimized with the Yoast SEO plugin v27.3 - https:\/\/yoast.com\/product\/yoast-seo-wordpress\/ -->\n<title>The FRB at a glance - Fondation pour la recherche sur la biodiversit\u00e9<\/title>\n<meta name=\"description\" content=\"La recherche sur la biodiversit\u00e9 au b\u00e9n\u00e9fice de l\u2019ensemble des \u00eatres vivants. La FRB a pour mission de soutenir et d\u2019agir avec la recherche pour accro\u00eetre et transf\u00e9rer les connaissances sur la biodiversit\u00e9. Elle a \u00e9t\u00e9 cr\u00e9\u00e9e en 2008, \u00e0 l\u2019initiative des minist\u00e8res en charge de la recherche et de l\u2019\u00e9cologie, par huit \u00e9tablissements publics de recherche. Ceux-ci ont \u00e9t\u00e9 rejoints par LVMH, l\u2019Ineris et l\u2019Universit\u00e9 de Montpellier.\" \/>\n<meta name=\"robots\" content=\"index, follow, max-snippet:-1, max-image-preview:large, max-video-preview:-1\" \/>\n<link rel=\"canonical\" href=\"https:\/\/www.fondationbiodiversite.fr\/en\/about-the-foundation\/the-frb-at-a-glance\/\" \/>\n<meta property=\"og:locale\" content=\"en_US\" \/>\n<meta property=\"og:type\" content=\"article\" \/>\n<meta property=\"og:title\" content=\"The FRB at a glance - Fondation pour la recherche sur la biodiversit\u00e9\" \/>\n<meta property=\"og:description\" content=\"La recherche sur la biodiversit\u00e9 au b\u00e9n\u00e9fice de l\u2019ensemble des \u00eatres vivants. La FRB a pour mission de soutenir et d\u2019agir avec la recherche pour accro\u00eetre et transf\u00e9rer les connaissances sur la biodiversit\u00e9. Elle a \u00e9t\u00e9 cr\u00e9\u00e9e en 2008, \u00e0 l\u2019initiative des minist\u00e8res en charge de la recherche et de l\u2019\u00e9cologie, par huit \u00e9tablissements publics de recherche. Ceux-ci ont \u00e9t\u00e9 rejoints par LVMH, l\u2019Ineris et l\u2019Universit\u00e9 de Montpellier.\" \/>\n<meta property=\"og:url\" content=\"https:\/\/www.fondationbiodiversite.fr\/en\/about-the-foundation\/the-frb-at-a-glance\/\" \/>\n<meta property=\"og:site_name\" content=\"Fondation pour la recherche sur la biodiversit\u00e9\" \/>\n<meta property=\"article:publisher\" content=\"https:\/\/www.facebook.com\/FRBiodiv#\" \/>\n<meta property=\"article:modified_time\" content=\"2026-02-05T16:10:47+00:00\" \/>\n<meta property=\"og:image\" content=\"https:\/\/www.fondationbiodiversite.fr\/wp-content\/uploads\/2019\/01\/logo.png\" \/>\n\t<meta property=\"og:image:width\" content=\"812\" \/>\n\t<meta property=\"og:image:height\" content=\"739\" \/>\n\t<meta property=\"og:image:type\" content=\"image\/png\" \/>\n<meta name=\"twitter:card\" content=\"summary_large_image\" \/>\n<meta name=\"twitter:site\" content=\"@FRBiodiv\" \/>\n<meta name=\"twitter:label1\" content=\"Est. reading time\" \/>\n\t<meta name=\"twitter:data1\" content=\"5 minutes\" \/>\n<script type=\"application\/ld+json\" class=\"yoast-schema-graph\">{\"@context\":\"https:\\\/\\\/schema.org\",\"@graph\":[{\"@type\":\"WebPage\",\"@id\":\"https:\\\/\\\/www.fondationbiodiversite.fr\\\/en\\\/about-the-foundation\\\/the-frb-at-a-glance\\\/\",\"url\":\"https:\\\/\\\/www.fondationbiodiversite.fr\\\/en\\\/about-the-foundation\\\/the-frb-at-a-glance\\\/\",\"name\":\"The FRB at a glance - Fondation pour la recherche sur la biodiversit\u00e9\",\"isPartOf\":{\"@id\":\"https:\\\/\\\/www.fondationbiodiversite.fr\\\/en\\\/#website\"},\"primaryImageOfPage\":{\"@id\":\"https:\\\/\\\/www.fondationbiodiversite.fr\\\/en\\\/about-the-foundation\\\/the-frb-at-a-glance\\\/#primaryimage\"},\"image\":{\"@id\":\"https:\\\/\\\/www.fondationbiodiversite.fr\\\/en\\\/about-the-foundation\\\/the-frb-at-a-glance\\\/#primaryimage\"},\"thumbnailUrl\":\"https:\\\/\\\/www.fondationbiodiversite.fr\\\/wp-content\\\/uploads\\\/2019\\\/01\\\/logo.png\",\"datePublished\":\"2019-01-15T14:20:11+00:00\",\"dateModified\":\"2026-02-05T16:10:47+00:00\",\"description\":\"La recherche sur la biodiversit\u00e9 au b\u00e9n\u00e9fice de l\u2019ensemble des \u00eatres vivants. La FRB a pour mission de soutenir et d\u2019agir avec la recherche pour accro\u00eetre et transf\u00e9rer les connaissances sur la biodiversit\u00e9. Elle a \u00e9t\u00e9 cr\u00e9\u00e9e en 2008, \u00e0 l\u2019initiative des minist\u00e8res en charge de la recherche et de l\u2019\u00e9cologie, par huit \u00e9tablissements publics de recherche. Ceux-ci ont \u00e9t\u00e9 rejoints par LVMH, l\u2019Ineris et l\u2019Universit\u00e9 de Montpellier.\",\"breadcrumb\":{\"@id\":\"https:\\\/\\\/www.fondationbiodiversite.fr\\\/en\\\/about-the-foundation\\\/the-frb-at-a-glance\\\/#breadcrumb\"},\"inLanguage\":\"en-US\",\"potentialAction\":[{\"@type\":\"ReadAction\",\"target\":[\"https:\\\/\\\/www.fondationbiodiversite.fr\\\/en\\\/about-the-foundation\\\/the-frb-at-a-glance\\\/\"]}]},{\"@type\":\"ImageObject\",\"inLanguage\":\"en-US\",\"@id\":\"https:\\\/\\\/www.fondationbiodiversite.fr\\\/en\\\/about-the-foundation\\\/the-frb-at-a-glance\\\/#primaryimage\",\"url\":\"https:\\\/\\\/www.fondationbiodiversite.fr\\\/wp-content\\\/uploads\\\/2019\\\/01\\\/logo.png\",\"contentUrl\":\"https:\\\/\\\/www.fondationbiodiversite.fr\\\/wp-content\\\/uploads\\\/2019\\\/01\\\/logo.png\",\"width\":812,\"height\":739,\"caption\":\"Logo FRB\"},{\"@type\":\"BreadcrumbList\",\"@id\":\"https:\\\/\\\/www.fondationbiodiversite.fr\\\/en\\\/about-the-foundation\\\/the-frb-at-a-glance\\\/#breadcrumb\",\"itemListElement\":[{\"@type\":\"ListItem\",\"position\":1,\"name\":\"Accueil\",\"item\":\"https:\\\/\\\/www.fondationbiodiversite.fr\\\/en\\\/\"},{\"@type\":\"ListItem\",\"position\":2,\"name\":\"About the Foundation\",\"item\":\"https:\\\/\\\/www.fondationbiodiversite.fr\\\/en\\\/about-the-foundation\\\/\"},{\"@type\":\"ListItem\",\"position\":3,\"name\":\"The FRB at a glance\"}]},{\"@type\":\"WebSite\",\"@id\":\"https:\\\/\\\/www.fondationbiodiversite.fr\\\/en\\\/#website\",\"url\":\"https:\\\/\\\/www.fondationbiodiversite.fr\\\/en\\\/\",\"name\":\"Fondation pour la recherche sur la biodiversit\u00e9\",\"description\":\"Une plateforme entre les diff\u00e9rents acteurs scientifiques et les acteurs de la soci\u00e9t\u00e9 sur la biodiversit\u00e9..\",\"publisher\":{\"@id\":\"https:\\\/\\\/www.fondationbiodiversite.fr\\\/en\\\/#organization\"},\"alternateName\":\"FRB\",\"potentialAction\":[{\"@type\":\"SearchAction\",\"target\":{\"@type\":\"EntryPoint\",\"urlTemplate\":\"https:\\\/\\\/www.fondationbiodiversite.fr\\\/en\\\/?s={search_term_string}\"},\"query-input\":{\"@type\":\"PropertyValueSpecification\",\"valueRequired\":true,\"valueName\":\"search_term_string\"}}],\"inLanguage\":\"en-US\"},{\"@type\":\"Organization\",\"@id\":\"https:\\\/\\\/www.fondationbiodiversite.fr\\\/en\\\/#organization\",\"name\":\"Fondation pour la recherche sur la biodiversit\u00e9\",\"url\":\"https:\\\/\\\/www.fondationbiodiversite.fr\\\/en\\\/\",\"logo\":{\"@type\":\"ImageObject\",\"inLanguage\":\"en-US\",\"@id\":\"https:\\\/\\\/www.fondationbiodiversite.fr\\\/en\\\/#\\\/schema\\\/logo\\\/image\\\/\",\"url\":\"https:\\\/\\\/www.fondationbiodiversite.fr\\\/wp-content\\\/uploads\\\/2025\\\/10\\\/logo_FRB_RVB.png\",\"contentUrl\":\"https:\\\/\\\/www.fondationbiodiversite.fr\\\/wp-content\\\/uploads\\\/2025\\\/10\\\/logo_FRB_RVB.png\",\"width\":220,\"height\":220,\"caption\":\"Fondation pour la recherche sur la biodiversit\u00e9\"},\"image\":{\"@id\":\"https:\\\/\\\/www.fondationbiodiversite.fr\\\/en\\\/#\\\/schema\\\/logo\\\/image\\\/\"},\"sameAs\":[\"https:\\\/\\\/www.facebook.com\\\/FRBiodiv#\",\"https:\\\/\\\/x.com\\\/FRBiodiv\",\"https:\\\/\\\/bsky.app\\\/profile\\\/frbiodiv.bsky.social\",\"https:\\\/\\\/www.instagram.com\\\/frbiodiv\\\/\",\"https:\\\/\\\/www.linkedin.com\\\/in\\\/fondation-pour-la-recherche-sur-la-biodiversit-223059121\\\/\",\"https:\\\/\\\/www.youtube.com\\\/@FRBiodiv\"]}]}<\/script>\n<!-- \/ Yoast SEO plugin. -->","yoast_head_json":{"title":"The FRB at a glance - Fondation pour la recherche sur la biodiversit\u00e9","description":"La recherche sur la biodiversit\u00e9 au b\u00e9n\u00e9fice de l\u2019ensemble des \u00eatres vivants. La FRB a pour mission de soutenir et d\u2019agir avec la recherche pour accro\u00eetre et transf\u00e9rer les connaissances sur la biodiversit\u00e9. Elle a \u00e9t\u00e9 cr\u00e9\u00e9e en 2008, \u00e0 l\u2019initiative des minist\u00e8res en charge de la recherche et de l\u2019\u00e9cologie, par huit \u00e9tablissements publics de recherche. Ceux-ci ont \u00e9t\u00e9 rejoints par LVMH, l\u2019Ineris et l\u2019Universit\u00e9 de Montpellier.","robots":{"index":"index","follow":"follow","max-snippet":"max-snippet:-1","max-image-preview":"max-image-preview:large","max-video-preview":"max-video-preview:-1"},"canonical":"https:\/\/www.fondationbiodiversite.fr\/en\/about-the-foundation\/the-frb-at-a-glance\/","og_locale":"en_US","og_type":"article","og_title":"The FRB at a glance - Fondation pour la recherche sur la biodiversit\u00e9","og_description":"La recherche sur la biodiversit\u00e9 au b\u00e9n\u00e9fice de l\u2019ensemble des \u00eatres vivants. La FRB a pour mission de soutenir et d\u2019agir avec la recherche pour accro\u00eetre et transf\u00e9rer les connaissances sur la biodiversit\u00e9. Elle a \u00e9t\u00e9 cr\u00e9\u00e9e en 2008, \u00e0 l\u2019initiative des minist\u00e8res en charge de la recherche et de l\u2019\u00e9cologie, par huit \u00e9tablissements publics de recherche. Ceux-ci ont \u00e9t\u00e9 rejoints par LVMH, l\u2019Ineris et l\u2019Universit\u00e9 de Montpellier.","og_url":"https:\/\/www.fondationbiodiversite.fr\/en\/about-the-foundation\/the-frb-at-a-glance\/","og_site_name":"Fondation pour la recherche sur la biodiversit\u00e9","article_publisher":"https:\/\/www.facebook.com\/FRBiodiv#","article_modified_time":"2026-02-05T16:10:47+00:00","og_image":[{"width":812,"height":739,"url":"https:\/\/www.fondationbiodiversite.fr\/wp-content\/uploads\/2019\/01\/logo.png","type":"image\/png"}],"twitter_card":"summary_large_image","twitter_site":"@FRBiodiv","twitter_misc":{"Est. reading time":"5 minutes"},"schema":{"@context":"https:\/\/schema.org","@graph":[{"@type":"WebPage","@id":"https:\/\/www.fondationbiodiversite.fr\/en\/about-the-foundation\/the-frb-at-a-glance\/","url":"https:\/\/www.fondationbiodiversite.fr\/en\/about-the-foundation\/the-frb-at-a-glance\/","name":"The FRB at a glance - Fondation pour la recherche sur la biodiversit\u00e9","isPartOf":{"@id":"https:\/\/www.fondationbiodiversite.fr\/en\/#website"},"primaryImageOfPage":{"@id":"https:\/\/www.fondationbiodiversite.fr\/en\/about-the-foundation\/the-frb-at-a-glance\/#primaryimage"},"image":{"@id":"https:\/\/www.fondationbiodiversite.fr\/en\/about-the-foundation\/the-frb-at-a-glance\/#primaryimage"},"thumbnailUrl":"https:\/\/www.fondationbiodiversite.fr\/wp-content\/uploads\/2019\/01\/logo.png","datePublished":"2019-01-15T14:20:11+00:00","dateModified":"2026-02-05T16:10:47+00:00","description":"La recherche sur la biodiversit\u00e9 au b\u00e9n\u00e9fice de l\u2019ensemble des \u00eatres vivants. La FRB a pour mission de soutenir et d\u2019agir avec la recherche pour accro\u00eetre et transf\u00e9rer les connaissances sur la biodiversit\u00e9. Elle a \u00e9t\u00e9 cr\u00e9\u00e9e en 2008, \u00e0 l\u2019initiative des minist\u00e8res en charge de la recherche et de l\u2019\u00e9cologie, par huit \u00e9tablissements publics de recherche. Ceux-ci ont \u00e9t\u00e9 rejoints par LVMH, l\u2019Ineris et l\u2019Universit\u00e9 de Montpellier.","breadcrumb":{"@id":"https:\/\/www.fondationbiodiversite.fr\/en\/about-the-foundation\/the-frb-at-a-glance\/#breadcrumb"},"inLanguage":"en-US","potentialAction":[{"@type":"ReadAction","target":["https:\/\/www.fondationbiodiversite.fr\/en\/about-the-foundation\/the-frb-at-a-glance\/"]}]},{"@type":"ImageObject","inLanguage":"en-US","@id":"https:\/\/www.fondationbiodiversite.fr\/en\/about-the-foundation\/the-frb-at-a-glance\/#primaryimage","url":"https:\/\/www.fondationbiodiversite.fr\/wp-content\/uploads\/2019\/01\/logo.png","contentUrl":"https:\/\/www.fondationbiodiversite.fr\/wp-content\/uploads\/2019\/01\/logo.png","width":812,"height":739,"caption":"Logo FRB"},{"@type":"BreadcrumbList","@id":"https:\/\/www.fondationbiodiversite.fr\/en\/about-the-foundation\/the-frb-at-a-glance\/#breadcrumb","itemListElement":[{"@type":"ListItem","position":1,"name":"Accueil","item":"https:\/\/www.fondationbiodiversite.fr\/en\/"},{"@type":"ListItem","position":2,"name":"About the Foundation","item":"https:\/\/www.fondationbiodiversite.fr\/en\/about-the-foundation\/"},{"@type":"ListItem","position":3,"name":"The FRB at a glance"}]},{"@type":"WebSite","@id":"https:\/\/www.fondationbiodiversite.fr\/en\/#website","url":"https:\/\/www.fondationbiodiversite.fr\/en\/","name":"Fondation pour la recherche sur la biodiversit\u00e9","description":"Une plateforme entre les diff\u00e9rents acteurs scientifiques et les acteurs de la soci\u00e9t\u00e9 sur la biodiversit\u00e9..","publisher":{"@id":"https:\/\/www.fondationbiodiversite.fr\/en\/#organization"},"alternateName":"FRB","potentialAction":[{"@type":"SearchAction","target":{"@type":"EntryPoint","urlTemplate":"https:\/\/www.fondationbiodiversite.fr\/en\/?s={search_term_string}"},"query-input":{"@type":"PropertyValueSpecification","valueRequired":true,"valueName":"search_term_string"}}],"inLanguage":"en-US"},{"@type":"Organization","@id":"https:\/\/www.fondationbiodiversite.fr\/en\/#organization","name":"Fondation pour la recherche sur la biodiversit\u00e9","url":"https:\/\/www.fondationbiodiversite.fr\/en\/","logo":{"@type":"ImageObject","inLanguage":"en-US","@id":"https:\/\/www.fondationbiodiversite.fr\/en\/#\/schema\/logo\/image\/","url":"https:\/\/www.fondationbiodiversite.fr\/wp-content\/uploads\/2025\/10\/logo_FRB_RVB.png","contentUrl":"https:\/\/www.fondationbiodiversite.fr\/wp-content\/uploads\/2025\/10\/logo_FRB_RVB.png","width":220,"height":220,"caption":"Fondation pour la recherche sur la biodiversit\u00e9"},"image":{"@id":"https:\/\/www.fondationbiodiversite.fr\/en\/#\/schema\/logo\/image\/"},"sameAs":["https:\/\/www.facebook.com\/FRBiodiv#","https:\/\/x.com\/FRBiodiv","https:\/\/bsky.app\/profile\/frbiodiv.bsky.social","https:\/\/www.instagram.com\/frbiodiv\/","https:\/\/www.linkedin.com\/in\/fondation-pour-la-recherche-sur-la-biodiversit-223059121\/","https:\/\/www.youtube.com\/@FRBiodiv"]}]}},"_links":{"self":[{"href":"https:\/\/www.fondationbiodiversite.fr\/en\/wp-json\/wp\/v2\/pages\/2227","targetHints":{"allow":["GET"]}}],"collection":[{"href":"https:\/\/www.fondationbiodiversite.fr\/en\/wp-json\/wp\/v2\/pages"}],"about":[{"href":"https:\/\/www.fondationbiodiversite.fr\/en\/wp-json\/wp\/v2\/types\/page"}],"author":[{"embeddable":true,"href":"https:\/\/www.fondationbiodiversite.fr\/en\/wp-json\/wp\/v2\/users\/1"}],"replies":[{"embeddable":true,"href":"https:\/\/www.fondationbiodiversite.fr\/en\/wp-json\/wp\/v2\/comments?post=2227"}],"version-history":[{"count":0,"href":"https:\/\/www.fondationbiodiversite.fr\/en\/wp-json\/wp\/v2\/pages\/2227\/revisions"}],"up":[{"embeddable":true,"href":"https:\/\/www.fondationbiodiversite.fr\/en\/wp-json\/wp\/v2\/pages\/2225"}],"wp:featuredmedia":[{"embeddable":true,"href":"https:\/\/www.fondationbiodiversite.fr\/en\/wp-json\/wp\/v2\/media\/842"}],"wp:attachment":[{"href":"https:\/\/www.fondationbiodiversite.fr\/en\/wp-json\/wp\/v2\/media?parent=2227"}],"curies":[{"name":"wp","href":"https:\/\/api.w.org\/{rel}","templated":true}]}}