
{"id":2225,"date":"2019-01-15T15:18:00","date_gmt":"2019-01-15T14:18:00","guid":{"rendered":"http:\/\/www.fondationbiodiversite.fr\/la-fondation\/"},"modified":"2019-08-13T11:48:32","modified_gmt":"2019-08-13T09:48:32","slug":"about-the-foundation","status":"publish","type":"page","link":"https:\/\/www.fondationbiodiversite.fr\/en\/about-the-foundation\/","title":{"rendered":"About the Foundation"},"content":{"rendered":"","protected":false},"excerpt":{"rendered":"","protected":false},"author":1,"featured_media":755,"parent":0,"menu_order":3,"comment_status":"closed","ping_status":"closed","template":"","meta":{"_acf_changed":false,"inline_featured_image":false,"footnotes":""},"class_list":["post-2225","page","type-page","status-publish","has-post-thumbnail","hentry"],"acf":[],"yoast_head":"<!-- This site is optimized with the Yoast SEO plugin v27.3 - https:\/\/yoast.com\/product\/yoast-seo-wordpress\/ -->\n<title>About the Foundation tet- Fondation pour la recherche sur la biodiversit\u00e9<\/title>\n<meta name=\"description\" content=\"Meta desc la fondation\" \/>\n<meta name=\"robots\" content=\"index, follow, max-snippet:-1, max-image-preview:large, max-video-preview:-1\" \/>\n<link rel=\"canonical\" href=\"https:\/\/www.fondationbiodiversite.fr\/en\/about-the-foundation\/\" \/>\n<meta property=\"og:locale\" content=\"en_US\" \/>\n<meta property=\"og:type\" content=\"article\" \/>\n<meta property=\"og:title\" content=\"About the Foundation tet- Fondation pour la recherche sur la biodiversit\u00e9\" \/>\n<meta property=\"og:description\" content=\"Meta desc la fondation\" \/>\n<meta property=\"og:url\" content=\"https:\/\/www.fondationbiodiversite.fr\/en\/about-the-foundation\/\" \/>\n<meta property=\"og:site_name\" content=\"Fondation pour la recherche sur la biodiversit\u00e9\" \/>\n<meta property=\"article:publisher\" content=\"https:\/\/www.facebook.com\/FRBiodiv#\" \/>\n<meta property=\"article:modified_time\" content=\"2019-08-13T09:48:32+00:00\" \/>\n<meta property=\"og:image\" content=\"https:\/\/www.fondationbiodiversite.fr\/wp-content\/uploads\/2019\/01\/Chercheur-5_AdobeStock_214584579_Preview-1.png\" \/>\n\t<meta property=\"og:image:width\" content=\"1000\" \/>\n\t<meta property=\"og:image:height\" content=\"243\" \/>\n\t<meta property=\"og:image:type\" content=\"image\/png\" \/>\n<meta name=\"twitter:card\" content=\"summary_large_image\" \/>\n<meta name=\"twitter:site\" content=\"@FRBiodiv\" \/>\n<script type=\"application\/ld+json\" class=\"yoast-schema-graph\">{\"@context\":\"https:\\\/\\\/schema.org\",\"@graph\":[{\"@type\":\"WebPage\",\"@id\":\"https:\\\/\\\/www.fondationbiodiversite.fr\\\/en\\\/about-the-foundation\\\/\",\"url\":\"https:\\\/\\\/www.fondationbiodiversite.fr\\\/en\\\/about-the-foundation\\\/\",\"name\":\"About the Foundation tet- Fondation pour la recherche sur la biodiversit\u00e9\",\"isPartOf\":{\"@id\":\"https:\\\/\\\/www.fondationbiodiversite.fr\\\/en\\\/#website\"},\"primaryImageOfPage\":{\"@id\":\"https:\\\/\\\/www.fondationbiodiversite.fr\\\/en\\\/about-the-foundation\\\/#primaryimage\"},\"image\":{\"@id\":\"https:\\\/\\\/www.fondationbiodiversite.fr\\\/en\\\/about-the-foundation\\\/#primaryimage\"},\"thumbnailUrl\":\"https:\\\/\\\/www.fondationbiodiversite.fr\\\/wp-content\\\/uploads\\\/2019\\\/01\\\/Chercheur-5_AdobeStock_214584579_Preview-1.png\",\"datePublished\":\"2019-01-15T14:18:00+00:00\",\"dateModified\":\"2019-08-13T09:48:32+00:00\",\"description\":\"Meta desc la fondation\",\"breadcrumb\":{\"@id\":\"https:\\\/\\\/www.fondationbiodiversite.fr\\\/en\\\/about-the-foundation\\\/#breadcrumb\"},\"inLanguage\":\"en-US\",\"potentialAction\":[{\"@type\":\"ReadAction\",\"target\":[\"https:\\\/\\\/www.fondationbiodiversite.fr\\\/en\\\/about-the-foundation\\\/\"]}]},{\"@type\":\"ImageObject\",\"inLanguage\":\"en-US\",\"@id\":\"https:\\\/\\\/www.fondationbiodiversite.fr\\\/en\\\/about-the-foundation\\\/#primaryimage\",\"url\":\"https:\\\/\\\/www.fondationbiodiversite.fr\\\/wp-content\\\/uploads\\\/2019\\\/01\\\/Chercheur-5_AdobeStock_214584579_Preview-1.png\",\"contentUrl\":\"https:\\\/\\\/www.fondationbiodiversite.fr\\\/wp-content\\\/uploads\\\/2019\\\/01\\\/Chercheur-5_AdobeStock_214584579_Preview-1.png\",\"width\":1000,\"height\":243},{\"@type\":\"BreadcrumbList\",\"@id\":\"https:\\\/\\\/www.fondationbiodiversite.fr\\\/en\\\/about-the-foundation\\\/#breadcrumb\",\"itemListElement\":[{\"@type\":\"ListItem\",\"position\":1,\"name\":\"Accueil\",\"item\":\"https:\\\/\\\/www.fondationbiodiversite.fr\\\/en\\\/\"},{\"@type\":\"ListItem\",\"position\":2,\"name\":\"About the Foundation\"}]},{\"@type\":\"WebSite\",\"@id\":\"https:\\\/\\\/www.fondationbiodiversite.fr\\\/en\\\/#website\",\"url\":\"https:\\\/\\\/www.fondationbiodiversite.fr\\\/en\\\/\",\"name\":\"Fondation pour la recherche sur la biodiversit\u00e9\",\"description\":\"Une plateforme entre les diff\u00e9rents acteurs scientifiques et les acteurs de la soci\u00e9t\u00e9 sur la biodiversit\u00e9..\",\"publisher\":{\"@id\":\"https:\\\/\\\/www.fondationbiodiversite.fr\\\/en\\\/#organization\"},\"alternateName\":\"FRB\",\"potentialAction\":[{\"@type\":\"SearchAction\",\"target\":{\"@type\":\"EntryPoint\",\"urlTemplate\":\"https:\\\/\\\/www.fondationbiodiversite.fr\\\/en\\\/?s={search_term_string}\"},\"query-input\":{\"@type\":\"PropertyValueSpecification\",\"valueRequired\":true,\"valueName\":\"search_term_string\"}}],\"inLanguage\":\"en-US\"},{\"@type\":\"Organization\",\"@id\":\"https:\\\/\\\/www.fondationbiodiversite.fr\\\/en\\\/#organization\",\"name\":\"Fondation pour la recherche sur la biodiversit\u00e9\",\"url\":\"https:\\\/\\\/www.fondationbiodiversite.fr\\\/en\\\/\",\"logo\":{\"@type\":\"ImageObject\",\"inLanguage\":\"en-US\",\"@id\":\"https:\\\/\\\/www.fondationbiodiversite.fr\\\/en\\\/#\\\/schema\\\/logo\\\/image\\\/\",\"url\":\"https:\\\/\\\/www.fondationbiodiversite.fr\\\/wp-content\\\/uploads\\\/2025\\\/10\\\/logo_FRB_RVB.png\",\"contentUrl\":\"https:\\\/\\\/www.fondationbiodiversite.fr\\\/wp-content\\\/uploads\\\/2025\\\/10\\\/logo_FRB_RVB.png\",\"width\":220,\"height\":220,\"caption\":\"Fondation pour la recherche sur la biodiversit\u00e9\"},\"image\":{\"@id\":\"https:\\\/\\\/www.fondationbiodiversite.fr\\\/en\\\/#\\\/schema\\\/logo\\\/image\\\/\"},\"sameAs\":[\"https:\\\/\\\/www.facebook.com\\\/FRBiodiv#\",\"https:\\\/\\\/x.com\\\/FRBiodiv\",\"https:\\\/\\\/bsky.app\\\/profile\\\/frbiodiv.bsky.social\",\"https:\\\/\\\/www.instagram.com\\\/frbiodiv\\\/\",\"https:\\\/\\\/www.linkedin.com\\\/in\\\/fondation-pour-la-recherche-sur-la-biodiversit-223059121\\\/\",\"https:\\\/\\\/www.youtube.com\\\/@FRBiodiv\"]}]}<\/script>\n<!-- \/ Yoast SEO plugin. -->","yoast_head_json":{"title":"About the Foundation tet- Fondation pour la recherche sur la biodiversit\u00e9","description":"Meta desc la fondation","robots":{"index":"index","follow":"follow","max-snippet":"max-snippet:-1","max-image-preview":"max-image-preview:large","max-video-preview":"max-video-preview:-1"},"canonical":"https:\/\/www.fondationbiodiversite.fr\/en\/about-the-foundation\/","og_locale":"en_US","og_type":"article","og_title":"About the Foundation tet- Fondation pour la recherche sur la biodiversit\u00e9","og_description":"Meta desc la fondation","og_url":"https:\/\/www.fondationbiodiversite.fr\/en\/about-the-foundation\/","og_site_name":"Fondation pour la recherche sur la biodiversit\u00e9","article_publisher":"https:\/\/www.facebook.com\/FRBiodiv#","article_modified_time":"2019-08-13T09:48:32+00:00","og_image":[{"width":1000,"height":243,"url":"https:\/\/www.fondationbiodiversite.fr\/wp-content\/uploads\/2019\/01\/Chercheur-5_AdobeStock_214584579_Preview-1.png","type":"image\/png"}],"twitter_card":"summary_large_image","twitter_site":"@FRBiodiv","schema":{"@context":"https:\/\/schema.org","@graph":[{"@type":"WebPage","@id":"https:\/\/www.fondationbiodiversite.fr\/en\/about-the-foundation\/","url":"https:\/\/www.fondationbiodiversite.fr\/en\/about-the-foundation\/","name":"About the Foundation tet- Fondation pour la recherche sur la biodiversit\u00e9","isPartOf":{"@id":"https:\/\/www.fondationbiodiversite.fr\/en\/#website"},"primaryImageOfPage":{"@id":"https:\/\/www.fondationbiodiversite.fr\/en\/about-the-foundation\/#primaryimage"},"image":{"@id":"https:\/\/www.fondationbiodiversite.fr\/en\/about-the-foundation\/#primaryimage"},"thumbnailUrl":"https:\/\/www.fondationbiodiversite.fr\/wp-content\/uploads\/2019\/01\/Chercheur-5_AdobeStock_214584579_Preview-1.png","datePublished":"2019-01-15T14:18:00+00:00","dateModified":"2019-08-13T09:48:32+00:00","description":"Meta desc la fondation","breadcrumb":{"@id":"https:\/\/www.fondationbiodiversite.fr\/en\/about-the-foundation\/#breadcrumb"},"inLanguage":"en-US","potentialAction":[{"@type":"ReadAction","target":["https:\/\/www.fondationbiodiversite.fr\/en\/about-the-foundation\/"]}]},{"@type":"ImageObject","inLanguage":"en-US","@id":"https:\/\/www.fondationbiodiversite.fr\/en\/about-the-foundation\/#primaryimage","url":"https:\/\/www.fondationbiodiversite.fr\/wp-content\/uploads\/2019\/01\/Chercheur-5_AdobeStock_214584579_Preview-1.png","contentUrl":"https:\/\/www.fondationbiodiversite.fr\/wp-content\/uploads\/2019\/01\/Chercheur-5_AdobeStock_214584579_Preview-1.png","width":1000,"height":243},{"@type":"BreadcrumbList","@id":"https:\/\/www.fondationbiodiversite.fr\/en\/about-the-foundation\/#breadcrumb","itemListElement":[{"@type":"ListItem","position":1,"name":"Accueil","item":"https:\/\/www.fondationbiodiversite.fr\/en\/"},{"@type":"ListItem","position":2,"name":"About the Foundation"}]},{"@type":"WebSite","@id":"https:\/\/www.fondationbiodiversite.fr\/en\/#website","url":"https:\/\/www.fondationbiodiversite.fr\/en\/","name":"Fondation pour la recherche sur la biodiversit\u00e9","description":"Une plateforme entre les diff\u00e9rents acteurs scientifiques et les acteurs de la soci\u00e9t\u00e9 sur la biodiversit\u00e9..","publisher":{"@id":"https:\/\/www.fondationbiodiversite.fr\/en\/#organization"},"alternateName":"FRB","potentialAction":[{"@type":"SearchAction","target":{"@type":"EntryPoint","urlTemplate":"https:\/\/www.fondationbiodiversite.fr\/en\/?s={search_term_string}"},"query-input":{"@type":"PropertyValueSpecification","valueRequired":true,"valueName":"search_term_string"}}],"inLanguage":"en-US"},{"@type":"Organization","@id":"https:\/\/www.fondationbiodiversite.fr\/en\/#organization","name":"Fondation pour la recherche sur la biodiversit\u00e9","url":"https:\/\/www.fondationbiodiversite.fr\/en\/","logo":{"@type":"ImageObject","inLanguage":"en-US","@id":"https:\/\/www.fondationbiodiversite.fr\/en\/#\/schema\/logo\/image\/","url":"https:\/\/www.fondationbiodiversite.fr\/wp-content\/uploads\/2025\/10\/logo_FRB_RVB.png","contentUrl":"https:\/\/www.fondationbiodiversite.fr\/wp-content\/uploads\/2025\/10\/logo_FRB_RVB.png","width":220,"height":220,"caption":"Fondation pour la recherche sur la biodiversit\u00e9"},"image":{"@id":"https:\/\/www.fondationbiodiversite.fr\/en\/#\/schema\/logo\/image\/"},"sameAs":["https:\/\/www.facebook.com\/FRBiodiv#","https:\/\/x.com\/FRBiodiv","https:\/\/bsky.app\/profile\/frbiodiv.bsky.social","https:\/\/www.instagram.com\/frbiodiv\/","https:\/\/www.linkedin.com\/in\/fondation-pour-la-recherche-sur-la-biodiversit-223059121\/","https:\/\/www.youtube.com\/@FRBiodiv"]}]}},"_links":{"self":[{"href":"https:\/\/www.fondationbiodiversite.fr\/en\/wp-json\/wp\/v2\/pages\/2225","targetHints":{"allow":["GET"]}}],"collection":[{"href":"https:\/\/www.fondationbiodiversite.fr\/en\/wp-json\/wp\/v2\/pages"}],"about":[{"href":"https:\/\/www.fondationbiodiversite.fr\/en\/wp-json\/wp\/v2\/types\/page"}],"author":[{"embeddable":true,"href":"https:\/\/www.fondationbiodiversite.fr\/en\/wp-json\/wp\/v2\/users\/1"}],"replies":[{"embeddable":true,"href":"https:\/\/www.fondationbiodiversite.fr\/en\/wp-json\/wp\/v2\/comments?post=2225"}],"version-history":[{"count":0,"href":"https:\/\/www.fondationbiodiversite.fr\/en\/wp-json\/wp\/v2\/pages\/2225\/revisions"}],"wp:featuredmedia":[{"embeddable":true,"href":"https:\/\/www.fondationbiodiversite.fr\/en\/wp-json\/wp\/v2\/media\/755"}],"wp:attachment":[{"href":"https:\/\/www.fondationbiodiversite.fr\/en\/wp-json\/wp\/v2\/media?parent=2225"}],"curies":[{"name":"wp","href":"https:\/\/api.w.org\/{rel}","templated":true}]}}