
{"id":22006,"date":"2023-04-07T14:06:13","date_gmt":"2023-04-07T12:06:13","guid":{"rendered":"https:\/\/www.fondationbiodiversite.fr\/?page_id=22006"},"modified":"2026-04-03T15:35:21","modified_gmt":"2026-04-03T13:35:21","slug":"biodiversity-knowledge-synthesis-an-introduction-to-meta-analyses-and-systematic-reviews","status":"publish","type":"page","link":"https:\/\/www.fondationbiodiversite.fr\/en\/the-frb-in-action\/programs-and-projects\/le-cesab\/develop-skills\/biodiversity-knowledge-synthesis-an-introduction-to-meta-analyses-and-systematic-reviews\/","title":{"rendered":"Introduction to meta-analyses and systematic reviews"},"content":{"rendered":"<p>&nbsp;<\/p>\n<p style=\"text-align: center;\"><a class=\"bt\" href=\"https:\/\/www.fondationbiodiversite.fr\/en\/evenement\/frb-cesab-biodiversity-knowledge-synthesis-an-introduction-to-meta-analyses-and-systematic-reviews-2026\/\">Pre-registrations are open for the 2026 session<\/a><\/p>\n<p>&nbsp;<\/p>\n<div>\n<p>This five-day training course aims to provide an introduction to meta-analysis techniques and to systematic reviews and maps applied to the field of biodiversity. It is also an opportunity to become familiar with various bibliographic tools (Web of Science, OpenAlex, Zotero, etc.) and statistical tools (R packages: metaDigitise, metafor, etc.).<\/p>\n<p>&nbsp;<\/p>\n<p>This course is delivered in <strong>French<\/strong> and takes place in October at CESAB\u2019s premises in Montpellier. The fee is <strong>250 \u20ac for the week<\/strong>, including lunch. Travel, accommodation, and evening meal costs are the responsibility of the participants.<\/p>\n<\/div>\n<p>&nbsp;<\/p>\n<p>&nbsp;<\/p>\n<p>&nbsp;<\/p>\n<p style=\"text-align: center;\"><a class=\"bt\" href=\"https:\/\/literaturesynthesis.github.io\/\">Find the course on Github<\/a><\/p>\n<p>&nbsp;<\/p>\n<p>&nbsp;<\/p>\n<p>&nbsp;<\/p>\n<p style=\"text-align: center;\">\n<div class=\"bloc_gris\">\n<p><strong>Proficiency in R software is required.<\/strong><\/p>\n<p style=\"text-align: center;\"><\/div>\n<\/p>\n<p>&nbsp;<\/p>\n<p>&nbsp;<\/p>\n<p><strong>List of speakers:<\/strong><\/p>\n<ul>\n<li><a href=\"https:\/\/www.researchgate.net\/profile\/Damien-Beillouin\" target=\"_blank\" rel=\"noopener\">Damien BEILLOUIN<\/a> (CIRAD &#8211; Hortys)<\/li>\n<li><a href=\"https:\/\/www.researchgate.net\/profile\/C-Sylvie-Campagne\" target=\"_blank\" rel=\"noopener\">Sylvie CAMPAGNE<\/a> (EIFER)<\/li>\n<li><a href=\"https:\/\/www.researchgate.net\/profile\/Nicolas-Casajus\" target=\"_blank\" rel=\"noopener\">Nicolas CASAJUS<\/a> (FRB-CESAB)<\/li>\n<li><a href=\"https:\/\/www.researchgate.net\/profile\/Joseph-Langridge\" target=\"_blank\" rel=\"noopener\">Joseph LANGRIDGE<\/a> (FRB)<\/li>\n<li><a href=\"https:\/\/scholar.google.com\/citations?user=KG2HtuUAAAAJ&amp;hl=en\" target=\"_blank\" rel=\"noopener\">Devi VEYTIA<\/a> (ENS-PSL)<\/li>\n<\/ul>\n<p>&nbsp;<\/p>\n<p>&nbsp;<\/p>\n<p><strong>Former speakers:<\/strong><\/p>\n<ul>\n<li><a href=\"https:\/\/www.researchgate.net\/profile\/Jonathan-Bonfanti\" target=\"_blank\" rel=\"noopener\">Jonathan BONFANTI<\/a> (INRAE &#8211; Eco&amp;Sols)<\/li>\n<li><a href=\"https:\/\/cv.archives-ouvertes.fr\/frederic-gosselin\" target=\"_blank\" rel=\"noopener\">Fr\u00e9d\u00e9ric GOSSELIN<\/a> (INRAE)<\/li>\n<li><a href=\"https:\/\/www.researchgate.net\/profile\/Dakis-Yaoba-Ouedraogo-2\" target=\"_blank\" rel=\"noopener\">Dakis-Yaoba OUEDRAOGO<\/a> (Independent expert)<\/li>\n<li><a href=\"https:\/\/scholar.google.com\/citations?user=rcyli4QAAAAJ&amp;hl=fr\" target=\"_blank\" rel=\"noopener\">Cathleen PETIT<\/a> (FRB-CESAB)<\/li>\n<li><a href=\"https:\/\/www.researchgate.net\/profile\/Romain-Sordello\" target=\"_blank\" rel=\"noopener\">Romain SORDELLO<\/a> (MNHN)<\/li>\n<li><a href=\"https:\/\/www.patrinat.fr\/fr\/annuaire\/lea-terray-7194\" target=\"_blank\" rel=\"noopener\">L\u00e9a TERRAY<\/a> (MNHN)<\/li>\n<\/ul>\n","protected":false},"excerpt":{"rendered":"<p>&nbsp; &nbsp; This five-day training course aims to provide an introduction to meta-analysis techniques and to systematic reviews and maps applied to the field of biodiversity. It is also an opportunity to become familiar with various bibliographic tools (Web of Science, OpenAlex, Zotero, etc.) and statistical tools (R packages: metaDigitise, metafor, etc.). &nbsp; This course [&hellip;]<\/p>\n","protected":false},"author":15,"featured_media":22000,"parent":10959,"menu_order":7,"comment_status":"closed","ping_status":"closed","template":"temp_projet.php","meta":{"_acf_changed":false,"inline_featured_image":false,"footnotes":""},"class_list":["post-22006","page","type-page","status-publish","has-post-thumbnail","hentry"],"acf":[],"yoast_head":"<!-- This site is optimized with the Yoast SEO plugin v27.3 - https:\/\/yoast.com\/product\/yoast-seo-wordpress\/ -->\n<title>Introduction to meta-analyses and systematic reviews - Fondation pour la recherche sur la biodiversit\u00e9<\/title>\n<meta name=\"robots\" content=\"index, follow, max-snippet:-1, max-image-preview:large, max-video-preview:-1\" \/>\n<link rel=\"canonical\" href=\"https:\/\/www.fondationbiodiversite.fr\/en\/the-frb-in-action\/programs-and-projects\/le-cesab\/develop-skills\/biodiversity-knowledge-synthesis-an-introduction-to-meta-analyses-and-systematic-reviews\/\" \/>\n<meta property=\"og:locale\" content=\"en_US\" \/>\n<meta property=\"og:type\" content=\"article\" \/>\n<meta property=\"og:title\" content=\"Introduction to meta-analyses and systematic reviews - Fondation pour la recherche sur la biodiversit\u00e9\" \/>\n<meta property=\"og:description\" content=\"&nbsp; &nbsp; This five-day training course aims to provide an introduction to meta-analysis techniques and to systematic reviews and maps applied to the field of biodiversity. It is also an opportunity to become familiar with various bibliographic tools (Web of Science, OpenAlex, Zotero, etc.) and statistical tools (R packages: metaDigitise, metafor, etc.). &nbsp; This course [&hellip;]\" \/>\n<meta property=\"og:url\" content=\"https:\/\/www.fondationbiodiversite.fr\/en\/the-frb-in-action\/programs-and-projects\/le-cesab\/develop-skills\/biodiversity-knowledge-synthesis-an-introduction-to-meta-analyses-and-systematic-reviews\/\" \/>\n<meta property=\"og:site_name\" content=\"Fondation pour la recherche sur la biodiversit\u00e9\" \/>\n<meta property=\"article:publisher\" content=\"https:\/\/www.facebook.com\/FRBiodiv#\" \/>\n<meta property=\"article:modified_time\" content=\"2026-04-03T13:35:21+00:00\" \/>\n<meta property=\"og:image\" content=\"https:\/\/www.fondationbiodiversite.fr\/wp-content\/uploads\/2023\/04\/logo-metaanalysis_web.jpg\" \/>\n\t<meta property=\"og:image:width\" content=\"690\" \/>\n\t<meta property=\"og:image:height\" content=\"690\" \/>\n\t<meta property=\"og:image:type\" content=\"image\/jpeg\" \/>\n<meta name=\"twitter:card\" content=\"summary_large_image\" \/>\n<meta name=\"twitter:site\" content=\"@FRBiodiv\" \/>\n<meta name=\"twitter:label1\" content=\"Est. reading time\" \/>\n\t<meta name=\"twitter:data1\" content=\"4 minutes\" \/>\n<script type=\"application\/ld+json\" class=\"yoast-schema-graph\">{\"@context\":\"https:\\\/\\\/schema.org\",\"@graph\":[{\"@type\":\"WebPage\",\"@id\":\"https:\\\/\\\/www.fondationbiodiversite.fr\\\/en\\\/the-frb-in-action\\\/programs-and-projects\\\/le-cesab\\\/develop-skills\\\/biodiversity-knowledge-synthesis-an-introduction-to-meta-analyses-and-systematic-reviews\\\/\",\"url\":\"https:\\\/\\\/www.fondationbiodiversite.fr\\\/en\\\/the-frb-in-action\\\/programs-and-projects\\\/le-cesab\\\/develop-skills\\\/biodiversity-knowledge-synthesis-an-introduction-to-meta-analyses-and-systematic-reviews\\\/\",\"name\":\"Introduction to meta-analyses and systematic reviews - Fondation pour la recherche sur la biodiversit\u00e9\",\"isPartOf\":{\"@id\":\"https:\\\/\\\/www.fondationbiodiversite.fr\\\/en\\\/#website\"},\"primaryImageOfPage\":{\"@id\":\"https:\\\/\\\/www.fondationbiodiversite.fr\\\/en\\\/the-frb-in-action\\\/programs-and-projects\\\/le-cesab\\\/develop-skills\\\/biodiversity-knowledge-synthesis-an-introduction-to-meta-analyses-and-systematic-reviews\\\/#primaryimage\"},\"image\":{\"@id\":\"https:\\\/\\\/www.fondationbiodiversite.fr\\\/en\\\/the-frb-in-action\\\/programs-and-projects\\\/le-cesab\\\/develop-skills\\\/biodiversity-knowledge-synthesis-an-introduction-to-meta-analyses-and-systematic-reviews\\\/#primaryimage\"},\"thumbnailUrl\":\"https:\\\/\\\/www.fondationbiodiversite.fr\\\/wp-content\\\/uploads\\\/2023\\\/04\\\/logo-metaanalysis_web.jpg\",\"datePublished\":\"2023-04-07T12:06:13+00:00\",\"dateModified\":\"2026-04-03T13:35:21+00:00\",\"breadcrumb\":{\"@id\":\"https:\\\/\\\/www.fondationbiodiversite.fr\\\/en\\\/the-frb-in-action\\\/programs-and-projects\\\/le-cesab\\\/develop-skills\\\/biodiversity-knowledge-synthesis-an-introduction-to-meta-analyses-and-systematic-reviews\\\/#breadcrumb\"},\"inLanguage\":\"en-US\",\"potentialAction\":[{\"@type\":\"ReadAction\",\"target\":[\"https:\\\/\\\/www.fondationbiodiversite.fr\\\/en\\\/the-frb-in-action\\\/programs-and-projects\\\/le-cesab\\\/develop-skills\\\/biodiversity-knowledge-synthesis-an-introduction-to-meta-analyses-and-systematic-reviews\\\/\"]}]},{\"@type\":\"ImageObject\",\"inLanguage\":\"en-US\",\"@id\":\"https:\\\/\\\/www.fondationbiodiversite.fr\\\/en\\\/the-frb-in-action\\\/programs-and-projects\\\/le-cesab\\\/develop-skills\\\/biodiversity-knowledge-synthesis-an-introduction-to-meta-analyses-and-systematic-reviews\\\/#primaryimage\",\"url\":\"https:\\\/\\\/www.fondationbiodiversite.fr\\\/wp-content\\\/uploads\\\/2023\\\/04\\\/logo-metaanalysis_web.jpg\",\"contentUrl\":\"https:\\\/\\\/www.fondationbiodiversite.fr\\\/wp-content\\\/uploads\\\/2023\\\/04\\\/logo-metaanalysis_web.jpg\",\"width\":690,\"height\":690},{\"@type\":\"BreadcrumbList\",\"@id\":\"https:\\\/\\\/www.fondationbiodiversite.fr\\\/en\\\/the-frb-in-action\\\/programs-and-projects\\\/le-cesab\\\/develop-skills\\\/biodiversity-knowledge-synthesis-an-introduction-to-meta-analyses-and-systematic-reviews\\\/#breadcrumb\",\"itemListElement\":[{\"@type\":\"ListItem\",\"position\":1,\"name\":\"Accueil\",\"item\":\"https:\\\/\\\/www.fondationbiodiversite.fr\\\/en\\\/\"},{\"@type\":\"ListItem\",\"position\":2,\"name\":\"The FRB in action\",\"item\":\"https:\\\/\\\/www.fondationbiodiversite.fr\\\/en\\\/the-frb-in-action\\\/\"},{\"@type\":\"ListItem\",\"position\":3,\"name\":\"The FRB&#8217;s programs &#038; projects\",\"item\":\"https:\\\/\\\/www.fondationbiodiversite.fr\\\/en\\\/the-frb-in-action\\\/programs-and-projects\\\/\"},{\"@type\":\"ListItem\",\"position\":4,\"name\":\"Synthesis at CESAB\",\"item\":\"https:\\\/\\\/www.fondationbiodiversite.fr\\\/en\\\/the-frb-in-action\\\/programs-and-projects\\\/le-cesab\\\/\"},{\"@type\":\"ListItem\",\"position\":5,\"name\":\"Expand your skills\",\"item\":\"https:\\\/\\\/www.fondationbiodiversite.fr\\\/en\\\/the-frb-in-action\\\/programs-and-projects\\\/le-cesab\\\/develop-skills\\\/\"},{\"@type\":\"ListItem\",\"position\":6,\"name\":\"Introduction to meta-analyses and systematic reviews\"}]},{\"@type\":\"WebSite\",\"@id\":\"https:\\\/\\\/www.fondationbiodiversite.fr\\\/en\\\/#website\",\"url\":\"https:\\\/\\\/www.fondationbiodiversite.fr\\\/en\\\/\",\"name\":\"Fondation pour la recherche sur la biodiversit\u00e9\",\"description\":\"Une plateforme entre les diff\u00e9rents acteurs scientifiques et les acteurs de la soci\u00e9t\u00e9 sur la biodiversit\u00e9..\",\"publisher\":{\"@id\":\"https:\\\/\\\/www.fondationbiodiversite.fr\\\/en\\\/#organization\"},\"alternateName\":\"FRB\",\"potentialAction\":[{\"@type\":\"SearchAction\",\"target\":{\"@type\":\"EntryPoint\",\"urlTemplate\":\"https:\\\/\\\/www.fondationbiodiversite.fr\\\/en\\\/?s={search_term_string}\"},\"query-input\":{\"@type\":\"PropertyValueSpecification\",\"valueRequired\":true,\"valueName\":\"search_term_string\"}}],\"inLanguage\":\"en-US\"},{\"@type\":\"Organization\",\"@id\":\"https:\\\/\\\/www.fondationbiodiversite.fr\\\/en\\\/#organization\",\"name\":\"Fondation pour la recherche sur la biodiversit\u00e9\",\"url\":\"https:\\\/\\\/www.fondationbiodiversite.fr\\\/en\\\/\",\"logo\":{\"@type\":\"ImageObject\",\"inLanguage\":\"en-US\",\"@id\":\"https:\\\/\\\/www.fondationbiodiversite.fr\\\/en\\\/#\\\/schema\\\/logo\\\/image\\\/\",\"url\":\"https:\\\/\\\/www.fondationbiodiversite.fr\\\/wp-content\\\/uploads\\\/2025\\\/10\\\/logo_FRB_RVB.png\",\"contentUrl\":\"https:\\\/\\\/www.fondationbiodiversite.fr\\\/wp-content\\\/uploads\\\/2025\\\/10\\\/logo_FRB_RVB.png\",\"width\":220,\"height\":220,\"caption\":\"Fondation pour la recherche sur la biodiversit\u00e9\"},\"image\":{\"@id\":\"https:\\\/\\\/www.fondationbiodiversite.fr\\\/en\\\/#\\\/schema\\\/logo\\\/image\\\/\"},\"sameAs\":[\"https:\\\/\\\/www.facebook.com\\\/FRBiodiv#\",\"https:\\\/\\\/x.com\\\/FRBiodiv\",\"https:\\\/\\\/bsky.app\\\/profile\\\/frbiodiv.bsky.social\",\"https:\\\/\\\/www.instagram.com\\\/frbiodiv\\\/\",\"https:\\\/\\\/www.linkedin.com\\\/in\\\/fondation-pour-la-recherche-sur-la-biodiversit-223059121\\\/\",\"https:\\\/\\\/www.youtube.com\\\/@FRBiodiv\"]}]}<\/script>\n<!-- \/ Yoast SEO plugin. -->","yoast_head_json":{"title":"Introduction to meta-analyses and systematic reviews - Fondation pour la recherche sur la biodiversit\u00e9","robots":{"index":"index","follow":"follow","max-snippet":"max-snippet:-1","max-image-preview":"max-image-preview:large","max-video-preview":"max-video-preview:-1"},"canonical":"https:\/\/www.fondationbiodiversite.fr\/en\/the-frb-in-action\/programs-and-projects\/le-cesab\/develop-skills\/biodiversity-knowledge-synthesis-an-introduction-to-meta-analyses-and-systematic-reviews\/","og_locale":"en_US","og_type":"article","og_title":"Introduction to meta-analyses and systematic reviews - Fondation pour la recherche sur la biodiversit\u00e9","og_description":"&nbsp; &nbsp; This five-day training course aims to provide an introduction to meta-analysis techniques and to systematic reviews and maps applied to the field of biodiversity. It is also an opportunity to become familiar with various bibliographic tools (Web of Science, OpenAlex, Zotero, etc.) and statistical tools (R packages: metaDigitise, metafor, etc.). &nbsp; This course [&hellip;]","og_url":"https:\/\/www.fondationbiodiversite.fr\/en\/the-frb-in-action\/programs-and-projects\/le-cesab\/develop-skills\/biodiversity-knowledge-synthesis-an-introduction-to-meta-analyses-and-systematic-reviews\/","og_site_name":"Fondation pour la recherche sur la biodiversit\u00e9","article_publisher":"https:\/\/www.facebook.com\/FRBiodiv#","article_modified_time":"2026-04-03T13:35:21+00:00","og_image":[{"width":690,"height":690,"url":"https:\/\/www.fondationbiodiversite.fr\/wp-content\/uploads\/2023\/04\/logo-metaanalysis_web.jpg","type":"image\/jpeg"}],"twitter_card":"summary_large_image","twitter_site":"@FRBiodiv","twitter_misc":{"Est. reading time":"4 minutes"},"schema":{"@context":"https:\/\/schema.org","@graph":[{"@type":"WebPage","@id":"https:\/\/www.fondationbiodiversite.fr\/en\/the-frb-in-action\/programs-and-projects\/le-cesab\/develop-skills\/biodiversity-knowledge-synthesis-an-introduction-to-meta-analyses-and-systematic-reviews\/","url":"https:\/\/www.fondationbiodiversite.fr\/en\/the-frb-in-action\/programs-and-projects\/le-cesab\/develop-skills\/biodiversity-knowledge-synthesis-an-introduction-to-meta-analyses-and-systematic-reviews\/","name":"Introduction to meta-analyses and systematic reviews - Fondation pour la recherche sur la biodiversit\u00e9","isPartOf":{"@id":"https:\/\/www.fondationbiodiversite.fr\/en\/#website"},"primaryImageOfPage":{"@id":"https:\/\/www.fondationbiodiversite.fr\/en\/the-frb-in-action\/programs-and-projects\/le-cesab\/develop-skills\/biodiversity-knowledge-synthesis-an-introduction-to-meta-analyses-and-systematic-reviews\/#primaryimage"},"image":{"@id":"https:\/\/www.fondationbiodiversite.fr\/en\/the-frb-in-action\/programs-and-projects\/le-cesab\/develop-skills\/biodiversity-knowledge-synthesis-an-introduction-to-meta-analyses-and-systematic-reviews\/#primaryimage"},"thumbnailUrl":"https:\/\/www.fondationbiodiversite.fr\/wp-content\/uploads\/2023\/04\/logo-metaanalysis_web.jpg","datePublished":"2023-04-07T12:06:13+00:00","dateModified":"2026-04-03T13:35:21+00:00","breadcrumb":{"@id":"https:\/\/www.fondationbiodiversite.fr\/en\/the-frb-in-action\/programs-and-projects\/le-cesab\/develop-skills\/biodiversity-knowledge-synthesis-an-introduction-to-meta-analyses-and-systematic-reviews\/#breadcrumb"},"inLanguage":"en-US","potentialAction":[{"@type":"ReadAction","target":["https:\/\/www.fondationbiodiversite.fr\/en\/the-frb-in-action\/programs-and-projects\/le-cesab\/develop-skills\/biodiversity-knowledge-synthesis-an-introduction-to-meta-analyses-and-systematic-reviews\/"]}]},{"@type":"ImageObject","inLanguage":"en-US","@id":"https:\/\/www.fondationbiodiversite.fr\/en\/the-frb-in-action\/programs-and-projects\/le-cesab\/develop-skills\/biodiversity-knowledge-synthesis-an-introduction-to-meta-analyses-and-systematic-reviews\/#primaryimage","url":"https:\/\/www.fondationbiodiversite.fr\/wp-content\/uploads\/2023\/04\/logo-metaanalysis_web.jpg","contentUrl":"https:\/\/www.fondationbiodiversite.fr\/wp-content\/uploads\/2023\/04\/logo-metaanalysis_web.jpg","width":690,"height":690},{"@type":"BreadcrumbList","@id":"https:\/\/www.fondationbiodiversite.fr\/en\/the-frb-in-action\/programs-and-projects\/le-cesab\/develop-skills\/biodiversity-knowledge-synthesis-an-introduction-to-meta-analyses-and-systematic-reviews\/#breadcrumb","itemListElement":[{"@type":"ListItem","position":1,"name":"Accueil","item":"https:\/\/www.fondationbiodiversite.fr\/en\/"},{"@type":"ListItem","position":2,"name":"The FRB in action","item":"https:\/\/www.fondationbiodiversite.fr\/en\/the-frb-in-action\/"},{"@type":"ListItem","position":3,"name":"The FRB&#8217;s programs &#038; projects","item":"https:\/\/www.fondationbiodiversite.fr\/en\/the-frb-in-action\/programs-and-projects\/"},{"@type":"ListItem","position":4,"name":"Synthesis at CESAB","item":"https:\/\/www.fondationbiodiversite.fr\/en\/the-frb-in-action\/programs-and-projects\/le-cesab\/"},{"@type":"ListItem","position":5,"name":"Expand your skills","item":"https:\/\/www.fondationbiodiversite.fr\/en\/the-frb-in-action\/programs-and-projects\/le-cesab\/develop-skills\/"},{"@type":"ListItem","position":6,"name":"Introduction to meta-analyses and systematic reviews"}]},{"@type":"WebSite","@id":"https:\/\/www.fondationbiodiversite.fr\/en\/#website","url":"https:\/\/www.fondationbiodiversite.fr\/en\/","name":"Fondation pour la recherche sur la biodiversit\u00e9","description":"Une plateforme entre les diff\u00e9rents acteurs scientifiques et les acteurs de la soci\u00e9t\u00e9 sur la biodiversit\u00e9..","publisher":{"@id":"https:\/\/www.fondationbiodiversite.fr\/en\/#organization"},"alternateName":"FRB","potentialAction":[{"@type":"SearchAction","target":{"@type":"EntryPoint","urlTemplate":"https:\/\/www.fondationbiodiversite.fr\/en\/?s={search_term_string}"},"query-input":{"@type":"PropertyValueSpecification","valueRequired":true,"valueName":"search_term_string"}}],"inLanguage":"en-US"},{"@type":"Organization","@id":"https:\/\/www.fondationbiodiversite.fr\/en\/#organization","name":"Fondation pour la recherche sur la biodiversit\u00e9","url":"https:\/\/www.fondationbiodiversite.fr\/en\/","logo":{"@type":"ImageObject","inLanguage":"en-US","@id":"https:\/\/www.fondationbiodiversite.fr\/en\/#\/schema\/logo\/image\/","url":"https:\/\/www.fondationbiodiversite.fr\/wp-content\/uploads\/2025\/10\/logo_FRB_RVB.png","contentUrl":"https:\/\/www.fondationbiodiversite.fr\/wp-content\/uploads\/2025\/10\/logo_FRB_RVB.png","width":220,"height":220,"caption":"Fondation pour la recherche sur la biodiversit\u00e9"},"image":{"@id":"https:\/\/www.fondationbiodiversite.fr\/en\/#\/schema\/logo\/image\/"},"sameAs":["https:\/\/www.facebook.com\/FRBiodiv#","https:\/\/x.com\/FRBiodiv","https:\/\/bsky.app\/profile\/frbiodiv.bsky.social","https:\/\/www.instagram.com\/frbiodiv\/","https:\/\/www.linkedin.com\/in\/fondation-pour-la-recherche-sur-la-biodiversit-223059121\/","https:\/\/www.youtube.com\/@FRBiodiv"]}]}},"_links":{"self":[{"href":"https:\/\/www.fondationbiodiversite.fr\/en\/wp-json\/wp\/v2\/pages\/22006","targetHints":{"allow":["GET"]}}],"collection":[{"href":"https:\/\/www.fondationbiodiversite.fr\/en\/wp-json\/wp\/v2\/pages"}],"about":[{"href":"https:\/\/www.fondationbiodiversite.fr\/en\/wp-json\/wp\/v2\/types\/page"}],"author":[{"embeddable":true,"href":"https:\/\/www.fondationbiodiversite.fr\/en\/wp-json\/wp\/v2\/users\/15"}],"replies":[{"embeddable":true,"href":"https:\/\/www.fondationbiodiversite.fr\/en\/wp-json\/wp\/v2\/comments?post=22006"}],"version-history":[{"count":10,"href":"https:\/\/www.fondationbiodiversite.fr\/en\/wp-json\/wp\/v2\/pages\/22006\/revisions"}],"predecessor-version":[{"id":36889,"href":"https:\/\/www.fondationbiodiversite.fr\/en\/wp-json\/wp\/v2\/pages\/22006\/revisions\/36889"}],"up":[{"embeddable":true,"href":"https:\/\/www.fondationbiodiversite.fr\/en\/wp-json\/wp\/v2\/pages\/10959"}],"wp:featuredmedia":[{"embeddable":true,"href":"https:\/\/www.fondationbiodiversite.fr\/en\/wp-json\/wp\/v2\/media\/22000"}],"wp:attachment":[{"href":"https:\/\/www.fondationbiodiversite.fr\/en\/wp-json\/wp\/v2\/media?parent=22006"}],"curies":[{"name":"wp","href":"https:\/\/api.w.org\/{rel}","templated":true}]}}