
{"id":15287,"date":"2021-06-24T14:38:41","date_gmt":"2021-06-24T12:38:41","guid":{"rendered":"https:\/\/www.fondationbiodiversite.fr\/?page_id=15287"},"modified":"2026-01-14T14:49:48","modified_gmt":"2026-01-14T13:49:48","slug":"syntreesys","status":"publish","type":"page","link":"https:\/\/www.fondationbiodiversite.fr\/en\/the-frb-in-action\/programs-and-projects\/le-cesab\/syntreesys\/","title":{"rendered":"SYNTREESYS"},"content":{"rendered":"<p><strong>The Neotropics have greater biodiversity than any other region of the world, but its biomes are under severe threat from climate and land use changes.<\/strong> Over recent years, plot inventory networks have successfully generated syntheses on biodiversity, ecology and ecosystem function that floristic surveys or herbarium data cannot provide. While these networks are now the basis for ecosystem and biome-level synopses, cross-biome, plot-based studies in the Neotropics are still very rare, mainly because of the lack of cross-network harmonization.<\/p>\n<p>&nbsp;<\/p>\n<p><strong><em>SynTreeSys<\/em><\/strong><strong> will synthesize knowledge of Neotropical tree biodiversity across biomes, making an unparalleled compilation of forest and savanna inventory data, in order to dissect the patterns of diversity and abundance across biomes.<\/strong> <strong><em>SynTreeSys<\/em><\/strong> will systematically compare biomes, assess species extinction risk and the species vulnerability in Neotropical forests. The project is divided into different work-packages to:<\/p>\n<ul>\n<li>harmonize cross-network datasets;<\/li>\n<li>assess patterns and drivers of tree species diversity and dominance across Neotropical biomes detect, and map hotspots of exceptional species turnover;<\/li>\n<li>evaluate threats to tree species, and their conservation status.<\/li>\n<\/ul>\n<p>&nbsp;<\/p>\n<p><strong><em>SynTreeSys<\/em><\/strong> will compile circa 8,000 plots from the seven network contributors to the project, across all major Neotropical biomes. The project will catalyze multiple new transnational and South-North collaborations, and the results will be of relevance for both the academic community and conservation institutions (e.g., IPBES, IUCN). <strong><em>SynTreeSys<\/em><\/strong> <strong>will bring together world-leading expertise in tropical ecology to generate a new and comprehensive evaluation of tree biodiversity across the Neotropics and its state of conservation.<\/strong><\/p>\n","protected":false},"excerpt":{"rendered":"<p>The Neotropics have greater biodiversity than any other region of the world, but its biomes are under severe threat from climate and land use changes. Over recent years, plot inventory networks have successfully generated syntheses on biodiversity, ecology and ecosystem function that floristic surveys or herbarium data cannot provide. While these networks are now the [&hellip;]<\/p>\n","protected":false},"author":8,"featured_media":15282,"parent":2238,"menu_order":22,"comment_status":"closed","ping_status":"closed","template":"temp_projet.php","meta":{"_acf_changed":false,"inline_featured_image":false,"footnotes":""},"class_list":["post-15287","page","type-page","status-publish","has-post-thumbnail","hentry"],"acf":[],"yoast_head":"<!-- This site is optimized with the Yoast SEO plugin v27.4 - https:\/\/yoast.com\/product\/yoast-seo-wordpress\/ -->\n<title>SYNTREESYS - Fondation pour la recherche sur la biodiversit\u00e9<\/title>\n<meta name=\"robots\" content=\"index, follow, max-snippet:-1, max-image-preview:large, max-video-preview:-1\" \/>\n<link rel=\"canonical\" href=\"https:\/\/www.fondationbiodiversite.fr\/en\/the-frb-in-action\/programs-and-projects\/le-cesab\/syntreesys\/\" \/>\n<meta property=\"og:locale\" content=\"en_US\" \/>\n<meta property=\"og:type\" content=\"article\" \/>\n<meta property=\"og:title\" content=\"SYNTREESYS - Fondation pour la recherche sur la biodiversit\u00e9\" \/>\n<meta property=\"og:description\" content=\"The Neotropics have greater biodiversity than any other region of the world, but its biomes are under severe threat from climate and land use changes. Over recent years, plot inventory networks have successfully generated syntheses on biodiversity, ecology and ecosystem function that floristic surveys or herbarium data cannot provide. While these networks are now the [&hellip;]\" \/>\n<meta property=\"og:url\" content=\"https:\/\/www.fondationbiodiversite.fr\/en\/the-frb-in-action\/programs-and-projects\/le-cesab\/syntreesys\/\" \/>\n<meta property=\"og:site_name\" content=\"Fondation pour la recherche sur la biodiversit\u00e9\" \/>\n<meta property=\"article:publisher\" content=\"https:\/\/www.facebook.com\/FRBiodiv#\" \/>\n<meta property=\"article:modified_time\" content=\"2026-01-14T13:49:48+00:00\" \/>\n<meta property=\"og:image\" content=\"https:\/\/www.fondationbiodiversite.fr\/wp-content\/uploads\/2021\/06\/Photo_SynTreeSys_web.jpeg\" \/>\n\t<meta property=\"og:image:width\" content=\"690\" \/>\n\t<meta property=\"og:image:height\" content=\"450\" \/>\n\t<meta property=\"og:image:type\" content=\"image\/jpeg\" \/>\n<meta name=\"twitter:card\" content=\"summary_large_image\" \/>\n<meta name=\"twitter:site\" content=\"@FRBiodiv\" \/>\n<meta name=\"twitter:label1\" content=\"Est. reading time\" \/>\n\t<meta name=\"twitter:data1\" content=\"3 minutes\" \/>\n<script type=\"application\/ld+json\" class=\"yoast-schema-graph\">{\"@context\":\"https:\\\/\\\/schema.org\",\"@graph\":[{\"@type\":\"WebPage\",\"@id\":\"https:\\\/\\\/www.fondationbiodiversite.fr\\\/en\\\/the-frb-in-action\\\/programs-and-projects\\\/le-cesab\\\/syntreesys\\\/\",\"url\":\"https:\\\/\\\/www.fondationbiodiversite.fr\\\/en\\\/the-frb-in-action\\\/programs-and-projects\\\/le-cesab\\\/syntreesys\\\/\",\"name\":\"SYNTREESYS - Fondation pour la recherche sur la biodiversit\u00e9\",\"isPartOf\":{\"@id\":\"https:\\\/\\\/www.fondationbiodiversite.fr\\\/en\\\/#website\"},\"primaryImageOfPage\":{\"@id\":\"https:\\\/\\\/www.fondationbiodiversite.fr\\\/en\\\/the-frb-in-action\\\/programs-and-projects\\\/le-cesab\\\/syntreesys\\\/#primaryimage\"},\"image\":{\"@id\":\"https:\\\/\\\/www.fondationbiodiversite.fr\\\/en\\\/the-frb-in-action\\\/programs-and-projects\\\/le-cesab\\\/syntreesys\\\/#primaryimage\"},\"thumbnailUrl\":\"https:\\\/\\\/www.fondationbiodiversite.fr\\\/wp-content\\\/uploads\\\/2021\\\/06\\\/Photo_SynTreeSys_web.jpeg\",\"datePublished\":\"2021-06-24T12:38:41+00:00\",\"dateModified\":\"2026-01-14T13:49:48+00:00\",\"breadcrumb\":{\"@id\":\"https:\\\/\\\/www.fondationbiodiversite.fr\\\/en\\\/the-frb-in-action\\\/programs-and-projects\\\/le-cesab\\\/syntreesys\\\/#breadcrumb\"},\"inLanguage\":\"en-US\",\"potentialAction\":[{\"@type\":\"ReadAction\",\"target\":[\"https:\\\/\\\/www.fondationbiodiversite.fr\\\/en\\\/the-frb-in-action\\\/programs-and-projects\\\/le-cesab\\\/syntreesys\\\/\"]}]},{\"@type\":\"ImageObject\",\"inLanguage\":\"en-US\",\"@id\":\"https:\\\/\\\/www.fondationbiodiversite.fr\\\/en\\\/the-frb-in-action\\\/programs-and-projects\\\/le-cesab\\\/syntreesys\\\/#primaryimage\",\"url\":\"https:\\\/\\\/www.fondationbiodiversite.fr\\\/wp-content\\\/uploads\\\/2021\\\/06\\\/Photo_SynTreeSys_web.jpeg\",\"contentUrl\":\"https:\\\/\\\/www.fondationbiodiversite.fr\\\/wp-content\\\/uploads\\\/2021\\\/06\\\/Photo_SynTreeSys_web.jpeg\",\"width\":690,\"height\":450,\"caption\":\"Photo_SynTreeSys_web\"},{\"@type\":\"BreadcrumbList\",\"@id\":\"https:\\\/\\\/www.fondationbiodiversite.fr\\\/en\\\/the-frb-in-action\\\/programs-and-projects\\\/le-cesab\\\/syntreesys\\\/#breadcrumb\",\"itemListElement\":[{\"@type\":\"ListItem\",\"position\":1,\"name\":\"Accueil\",\"item\":\"https:\\\/\\\/www.fondationbiodiversite.fr\\\/en\\\/\"},{\"@type\":\"ListItem\",\"position\":2,\"name\":\"The FRB in action\",\"item\":\"https:\\\/\\\/www.fondationbiodiversite.fr\\\/en\\\/the-frb-in-action\\\/\"},{\"@type\":\"ListItem\",\"position\":3,\"name\":\"The FRB&#8217;s programs &#038; projects\",\"item\":\"https:\\\/\\\/www.fondationbiodiversite.fr\\\/en\\\/the-frb-in-action\\\/programs-and-projects\\\/\"},{\"@type\":\"ListItem\",\"position\":4,\"name\":\"Synthesis at CESAB\",\"item\":\"https:\\\/\\\/www.fondationbiodiversite.fr\\\/en\\\/the-frb-in-action\\\/programs-and-projects\\\/le-cesab\\\/\"},{\"@type\":\"ListItem\",\"position\":5,\"name\":\"SYNTREESYS\"}]},{\"@type\":\"WebSite\",\"@id\":\"https:\\\/\\\/www.fondationbiodiversite.fr\\\/en\\\/#website\",\"url\":\"https:\\\/\\\/www.fondationbiodiversite.fr\\\/en\\\/\",\"name\":\"Fondation pour la recherche sur la biodiversit\u00e9\",\"description\":\"Une plateforme entre les diff\u00e9rents acteurs scientifiques et les acteurs de la soci\u00e9t\u00e9 sur la biodiversit\u00e9..\",\"publisher\":{\"@id\":\"https:\\\/\\\/www.fondationbiodiversite.fr\\\/en\\\/#organization\"},\"alternateName\":\"FRB\",\"potentialAction\":[{\"@type\":\"SearchAction\",\"target\":{\"@type\":\"EntryPoint\",\"urlTemplate\":\"https:\\\/\\\/www.fondationbiodiversite.fr\\\/en\\\/?s={search_term_string}\"},\"query-input\":{\"@type\":\"PropertyValueSpecification\",\"valueRequired\":true,\"valueName\":\"search_term_string\"}}],\"inLanguage\":\"en-US\"},{\"@type\":\"Organization\",\"@id\":\"https:\\\/\\\/www.fondationbiodiversite.fr\\\/en\\\/#organization\",\"name\":\"Fondation pour la recherche sur la biodiversit\u00e9\",\"url\":\"https:\\\/\\\/www.fondationbiodiversite.fr\\\/en\\\/\",\"logo\":{\"@type\":\"ImageObject\",\"inLanguage\":\"en-US\",\"@id\":\"https:\\\/\\\/www.fondationbiodiversite.fr\\\/en\\\/#\\\/schema\\\/logo\\\/image\\\/\",\"url\":\"https:\\\/\\\/www.fondationbiodiversite.fr\\\/wp-content\\\/uploads\\\/2025\\\/10\\\/logo_FRB_RVB.png\",\"contentUrl\":\"https:\\\/\\\/www.fondationbiodiversite.fr\\\/wp-content\\\/uploads\\\/2025\\\/10\\\/logo_FRB_RVB.png\",\"width\":220,\"height\":220,\"caption\":\"Fondation pour la recherche sur la biodiversit\u00e9\"},\"image\":{\"@id\":\"https:\\\/\\\/www.fondationbiodiversite.fr\\\/en\\\/#\\\/schema\\\/logo\\\/image\\\/\"},\"sameAs\":[\"https:\\\/\\\/www.facebook.com\\\/FRBiodiv#\",\"https:\\\/\\\/x.com\\\/FRBiodiv\",\"https:\\\/\\\/bsky.app\\\/profile\\\/frbiodiv.bsky.social\",\"https:\\\/\\\/www.instagram.com\\\/frbiodiv\\\/\",\"https:\\\/\\\/www.linkedin.com\\\/in\\\/fondation-pour-la-recherche-sur-la-biodiversit-223059121\\\/\",\"https:\\\/\\\/www.youtube.com\\\/@FRBiodiv\"]}]}<\/script>\n<!-- \/ Yoast SEO plugin. -->","yoast_head_json":{"title":"SYNTREESYS - Fondation pour la recherche sur la biodiversit\u00e9","robots":{"index":"index","follow":"follow","max-snippet":"max-snippet:-1","max-image-preview":"max-image-preview:large","max-video-preview":"max-video-preview:-1"},"canonical":"https:\/\/www.fondationbiodiversite.fr\/en\/the-frb-in-action\/programs-and-projects\/le-cesab\/syntreesys\/","og_locale":"en_US","og_type":"article","og_title":"SYNTREESYS - Fondation pour la recherche sur la biodiversit\u00e9","og_description":"The Neotropics have greater biodiversity than any other region of the world, but its biomes are under severe threat from climate and land use changes. Over recent years, plot inventory networks have successfully generated syntheses on biodiversity, ecology and ecosystem function that floristic surveys or herbarium data cannot provide. While these networks are now the [&hellip;]","og_url":"https:\/\/www.fondationbiodiversite.fr\/en\/the-frb-in-action\/programs-and-projects\/le-cesab\/syntreesys\/","og_site_name":"Fondation pour la recherche sur la biodiversit\u00e9","article_publisher":"https:\/\/www.facebook.com\/FRBiodiv#","article_modified_time":"2026-01-14T13:49:48+00:00","og_image":[{"width":690,"height":450,"url":"https:\/\/www.fondationbiodiversite.fr\/wp-content\/uploads\/2021\/06\/Photo_SynTreeSys_web.jpeg","type":"image\/jpeg"}],"twitter_card":"summary_large_image","twitter_site":"@FRBiodiv","twitter_misc":{"Est. reading time":"3 minutes"},"schema":{"@context":"https:\/\/schema.org","@graph":[{"@type":"WebPage","@id":"https:\/\/www.fondationbiodiversite.fr\/en\/the-frb-in-action\/programs-and-projects\/le-cesab\/syntreesys\/","url":"https:\/\/www.fondationbiodiversite.fr\/en\/the-frb-in-action\/programs-and-projects\/le-cesab\/syntreesys\/","name":"SYNTREESYS - Fondation pour la recherche sur la biodiversit\u00e9","isPartOf":{"@id":"https:\/\/www.fondationbiodiversite.fr\/en\/#website"},"primaryImageOfPage":{"@id":"https:\/\/www.fondationbiodiversite.fr\/en\/the-frb-in-action\/programs-and-projects\/le-cesab\/syntreesys\/#primaryimage"},"image":{"@id":"https:\/\/www.fondationbiodiversite.fr\/en\/the-frb-in-action\/programs-and-projects\/le-cesab\/syntreesys\/#primaryimage"},"thumbnailUrl":"https:\/\/www.fondationbiodiversite.fr\/wp-content\/uploads\/2021\/06\/Photo_SynTreeSys_web.jpeg","datePublished":"2021-06-24T12:38:41+00:00","dateModified":"2026-01-14T13:49:48+00:00","breadcrumb":{"@id":"https:\/\/www.fondationbiodiversite.fr\/en\/the-frb-in-action\/programs-and-projects\/le-cesab\/syntreesys\/#breadcrumb"},"inLanguage":"en-US","potentialAction":[{"@type":"ReadAction","target":["https:\/\/www.fondationbiodiversite.fr\/en\/the-frb-in-action\/programs-and-projects\/le-cesab\/syntreesys\/"]}]},{"@type":"ImageObject","inLanguage":"en-US","@id":"https:\/\/www.fondationbiodiversite.fr\/en\/the-frb-in-action\/programs-and-projects\/le-cesab\/syntreesys\/#primaryimage","url":"https:\/\/www.fondationbiodiversite.fr\/wp-content\/uploads\/2021\/06\/Photo_SynTreeSys_web.jpeg","contentUrl":"https:\/\/www.fondationbiodiversite.fr\/wp-content\/uploads\/2021\/06\/Photo_SynTreeSys_web.jpeg","width":690,"height":450,"caption":"Photo_SynTreeSys_web"},{"@type":"BreadcrumbList","@id":"https:\/\/www.fondationbiodiversite.fr\/en\/the-frb-in-action\/programs-and-projects\/le-cesab\/syntreesys\/#breadcrumb","itemListElement":[{"@type":"ListItem","position":1,"name":"Accueil","item":"https:\/\/www.fondationbiodiversite.fr\/en\/"},{"@type":"ListItem","position":2,"name":"The FRB in action","item":"https:\/\/www.fondationbiodiversite.fr\/en\/the-frb-in-action\/"},{"@type":"ListItem","position":3,"name":"The FRB&#8217;s programs &#038; projects","item":"https:\/\/www.fondationbiodiversite.fr\/en\/the-frb-in-action\/programs-and-projects\/"},{"@type":"ListItem","position":4,"name":"Synthesis at CESAB","item":"https:\/\/www.fondationbiodiversite.fr\/en\/the-frb-in-action\/programs-and-projects\/le-cesab\/"},{"@type":"ListItem","position":5,"name":"SYNTREESYS"}]},{"@type":"WebSite","@id":"https:\/\/www.fondationbiodiversite.fr\/en\/#website","url":"https:\/\/www.fondationbiodiversite.fr\/en\/","name":"Fondation pour la recherche sur la biodiversit\u00e9","description":"Une plateforme entre les diff\u00e9rents acteurs scientifiques et les acteurs de la soci\u00e9t\u00e9 sur la biodiversit\u00e9..","publisher":{"@id":"https:\/\/www.fondationbiodiversite.fr\/en\/#organization"},"alternateName":"FRB","potentialAction":[{"@type":"SearchAction","target":{"@type":"EntryPoint","urlTemplate":"https:\/\/www.fondationbiodiversite.fr\/en\/?s={search_term_string}"},"query-input":{"@type":"PropertyValueSpecification","valueRequired":true,"valueName":"search_term_string"}}],"inLanguage":"en-US"},{"@type":"Organization","@id":"https:\/\/www.fondationbiodiversite.fr\/en\/#organization","name":"Fondation pour la recherche sur la biodiversit\u00e9","url":"https:\/\/www.fondationbiodiversite.fr\/en\/","logo":{"@type":"ImageObject","inLanguage":"en-US","@id":"https:\/\/www.fondationbiodiversite.fr\/en\/#\/schema\/logo\/image\/","url":"https:\/\/www.fondationbiodiversite.fr\/wp-content\/uploads\/2025\/10\/logo_FRB_RVB.png","contentUrl":"https:\/\/www.fondationbiodiversite.fr\/wp-content\/uploads\/2025\/10\/logo_FRB_RVB.png","width":220,"height":220,"caption":"Fondation pour la recherche sur la biodiversit\u00e9"},"image":{"@id":"https:\/\/www.fondationbiodiversite.fr\/en\/#\/schema\/logo\/image\/"},"sameAs":["https:\/\/www.facebook.com\/FRBiodiv#","https:\/\/x.com\/FRBiodiv","https:\/\/bsky.app\/profile\/frbiodiv.bsky.social","https:\/\/www.instagram.com\/frbiodiv\/","https:\/\/www.linkedin.com\/in\/fondation-pour-la-recherche-sur-la-biodiversit-223059121\/","https:\/\/www.youtube.com\/@FRBiodiv"]}]}},"_links":{"self":[{"href":"https:\/\/www.fondationbiodiversite.fr\/en\/wp-json\/wp\/v2\/pages\/15287","targetHints":{"allow":["GET"]}}],"collection":[{"href":"https:\/\/www.fondationbiodiversite.fr\/en\/wp-json\/wp\/v2\/pages"}],"about":[{"href":"https:\/\/www.fondationbiodiversite.fr\/en\/wp-json\/wp\/v2\/types\/page"}],"author":[{"embeddable":true,"href":"https:\/\/www.fondationbiodiversite.fr\/en\/wp-json\/wp\/v2\/users\/8"}],"replies":[{"embeddable":true,"href":"https:\/\/www.fondationbiodiversite.fr\/en\/wp-json\/wp\/v2\/comments?post=15287"}],"version-history":[{"count":0,"href":"https:\/\/www.fondationbiodiversite.fr\/en\/wp-json\/wp\/v2\/pages\/15287\/revisions"}],"up":[{"embeddable":true,"href":"https:\/\/www.fondationbiodiversite.fr\/en\/wp-json\/wp\/v2\/pages\/2238"}],"wp:featuredmedia":[{"embeddable":true,"href":"https:\/\/www.fondationbiodiversite.fr\/en\/wp-json\/wp\/v2\/media\/15282"}],"wp:attachment":[{"href":"https:\/\/www.fondationbiodiversite.fr\/en\/wp-json\/wp\/v2\/media?parent=15287"}],"curies":[{"name":"wp","href":"https:\/\/api.w.org\/{rel}","templated":true}]}}