
{"id":14732,"date":"2021-04-29T17:03:35","date_gmt":"2021-04-29T15:03:35","guid":{"rendered":"https:\/\/www.fondationbiodiversite.fr\/about-the-foundation\/le-cesab\/calendrier-cesab\/"},"modified":"2026-03-02T10:03:36","modified_gmt":"2026-03-02T09:03:36","slug":"calendrier-cesab","status":"publish","type":"page","link":"https:\/\/www.fondationbiodiversite.fr\/en\/about-the-foundation\/le-cesab\/calendrier-cesab\/","title":{"rendered":"CESAB Calendar"},"content":{"rendered":"<p>Located in Montpellier, the <span data-contrast=\"auto\">Centre for the Synthesis and Analysis of Biodiversity (<a href=\"https:\/\/www.fondationbiodiversite.fr\/en\/about-the-foundation\/le-cesab\/\"><strong>CESAB<\/strong><\/a>) <\/span>is at the heart of one of the most dynamic scientific communities in the world in ecology (the University of Montpellier was ranked first in the world in the Shanghai ranking in ecology in 2018 and 2019). CESAB offers an ideal working environment for scientific production.<\/p>\n<p>&nbsp;<\/p>\n<p>Find here the availability of the center and the different events.<\/p>\n<p>&nbsp;<\/p>\n<p><em><strong>For the attention of groups:<\/strong> this calendar does not allow you to view events scheduled more than one year in advance. If you would like to come to Cesab, please contact Maud Calmet and Maija Miikkola directly<\/em>.<\/p>\n<p>&nbsp;<\/p>\n<p><span style=\"text-decoration: underline;\"><strong><a data-fancybox=\"\" data-type=\"iframe\" data-src=\"https:\/\/outlook.office365.com\/calendar\/published\/c5cbf6b666044d68b567d3a97d62e6fa@fondationbiodiversite.fr\/3f3ad1f276954233b2943fb1a72109035589819720194425757\/calendar.html\">Display the calendar in full screen<\/a><\/strong><\/span><\/p>\n<p>&nbsp;<\/p>\n<p><iframe title=\"calendar\" src=\"https:\/\/outlook.office365.com\/calendar\/published\/c5cbf6b666044d68b567d3a97d62e6fa@fondationbiodiversite.fr\/3f3ad1f276954233b2943fb1a72109035589819720194425757\/calendar.html\"><\/iframe><\/p>\n","protected":false},"excerpt":{"rendered":"<p>Located in Montpellier, the Centre for the Synthesis and Analysis of Biodiversity (CESAB) is at the heart of one of the most dynamic scientific communities in the world in ecology (the University of Montpellier was ranked first in the world in the Shanghai ranking in ecology in 2018 and 2019). CESAB offers an ideal working [&hellip;]<\/p>\n","protected":false},"author":8,"featured_media":0,"parent":2233,"menu_order":0,"comment_status":"closed","ping_status":"closed","template":"temp_projet.php","meta":{"_acf_changed":false,"inline_featured_image":false,"footnotes":""},"class_list":["post-14732","page","type-page","status-publish","hentry"],"acf":[],"yoast_head":"<!-- This site is optimized with the Yoast SEO plugin v27.3 - https:\/\/yoast.com\/product\/yoast-seo-wordpress\/ -->\n<title>CESAB Calendar - Fondation pour la recherche sur la biodiversit\u00e9<\/title>\n<meta name=\"robots\" content=\"index, follow, max-snippet:-1, max-image-preview:large, max-video-preview:-1\" \/>\n<link rel=\"canonical\" href=\"https:\/\/www.fondationbiodiversite.fr\/en\/about-the-foundation\/le-cesab\/calendrier-cesab\/\" \/>\n<meta property=\"og:locale\" content=\"en_US\" \/>\n<meta property=\"og:type\" content=\"article\" \/>\n<meta property=\"og:title\" content=\"CESAB Calendar - Fondation pour la recherche sur la biodiversit\u00e9\" \/>\n<meta property=\"og:description\" content=\"Located in Montpellier, the Centre for the Synthesis and Analysis of Biodiversity (CESAB) is at the heart of one of the most dynamic scientific communities in the world in ecology (the University of Montpellier was ranked first in the world in the Shanghai ranking in ecology in 2018 and 2019). CESAB offers an ideal working [&hellip;]\" \/>\n<meta property=\"og:url\" content=\"https:\/\/www.fondationbiodiversite.fr\/en\/about-the-foundation\/le-cesab\/calendrier-cesab\/\" \/>\n<meta property=\"og:site_name\" content=\"Fondation pour la recherche sur la biodiversit\u00e9\" \/>\n<meta property=\"article:publisher\" content=\"https:\/\/www.facebook.com\/FRBiodiv#\" \/>\n<meta property=\"article:modified_time\" content=\"2026-03-02T09:03:36+00:00\" \/>\n<meta name=\"twitter:card\" content=\"summary_large_image\" \/>\n<meta name=\"twitter:site\" content=\"@FRBiodiv\" \/>\n<meta name=\"twitter:label1\" content=\"Est. reading time\" \/>\n\t<meta name=\"twitter:data1\" content=\"1 minute\" \/>\n<script type=\"application\/ld+json\" class=\"yoast-schema-graph\">{\"@context\":\"https:\\\/\\\/schema.org\",\"@graph\":[{\"@type\":\"WebPage\",\"@id\":\"https:\\\/\\\/www.fondationbiodiversite.fr\\\/en\\\/about-the-foundation\\\/le-cesab\\\/calendrier-cesab\\\/\",\"url\":\"https:\\\/\\\/www.fondationbiodiversite.fr\\\/en\\\/about-the-foundation\\\/le-cesab\\\/calendrier-cesab\\\/\",\"name\":\"CESAB Calendar - Fondation pour la recherche sur la biodiversit\u00e9\",\"isPartOf\":{\"@id\":\"https:\\\/\\\/www.fondationbiodiversite.fr\\\/en\\\/#website\"},\"datePublished\":\"2021-04-29T15:03:35+00:00\",\"dateModified\":\"2026-03-02T09:03:36+00:00\",\"breadcrumb\":{\"@id\":\"https:\\\/\\\/www.fondationbiodiversite.fr\\\/en\\\/about-the-foundation\\\/le-cesab\\\/calendrier-cesab\\\/#breadcrumb\"},\"inLanguage\":\"en-US\",\"potentialAction\":[{\"@type\":\"ReadAction\",\"target\":[\"https:\\\/\\\/www.fondationbiodiversite.fr\\\/en\\\/about-the-foundation\\\/le-cesab\\\/calendrier-cesab\\\/\"]}]},{\"@type\":\"BreadcrumbList\",\"@id\":\"https:\\\/\\\/www.fondationbiodiversite.fr\\\/en\\\/about-the-foundation\\\/le-cesab\\\/calendrier-cesab\\\/#breadcrumb\",\"itemListElement\":[{\"@type\":\"ListItem\",\"position\":1,\"name\":\"Accueil\",\"item\":\"https:\\\/\\\/www.fondationbiodiversite.fr\\\/en\\\/\"},{\"@type\":\"ListItem\",\"position\":2,\"name\":\"About the Foundation\",\"item\":\"https:\\\/\\\/www.fondationbiodiversite.fr\\\/en\\\/about-the-foundation\\\/\"},{\"@type\":\"ListItem\",\"position\":3,\"name\":\"CESAB\",\"item\":\"https:\\\/\\\/www.fondationbiodiversite.fr\\\/en\\\/about-the-foundation\\\/le-cesab\\\/\"},{\"@type\":\"ListItem\",\"position\":4,\"name\":\"CESAB Calendar\"}]},{\"@type\":\"WebSite\",\"@id\":\"https:\\\/\\\/www.fondationbiodiversite.fr\\\/en\\\/#website\",\"url\":\"https:\\\/\\\/www.fondationbiodiversite.fr\\\/en\\\/\",\"name\":\"Fondation pour la recherche sur la biodiversit\u00e9\",\"description\":\"Une plateforme entre les diff\u00e9rents acteurs scientifiques et les acteurs de la soci\u00e9t\u00e9 sur la biodiversit\u00e9..\",\"publisher\":{\"@id\":\"https:\\\/\\\/www.fondationbiodiversite.fr\\\/en\\\/#organization\"},\"alternateName\":\"FRB\",\"potentialAction\":[{\"@type\":\"SearchAction\",\"target\":{\"@type\":\"EntryPoint\",\"urlTemplate\":\"https:\\\/\\\/www.fondationbiodiversite.fr\\\/en\\\/?s={search_term_string}\"},\"query-input\":{\"@type\":\"PropertyValueSpecification\",\"valueRequired\":true,\"valueName\":\"search_term_string\"}}],\"inLanguage\":\"en-US\"},{\"@type\":\"Organization\",\"@id\":\"https:\\\/\\\/www.fondationbiodiversite.fr\\\/en\\\/#organization\",\"name\":\"Fondation pour la recherche sur la biodiversit\u00e9\",\"url\":\"https:\\\/\\\/www.fondationbiodiversite.fr\\\/en\\\/\",\"logo\":{\"@type\":\"ImageObject\",\"inLanguage\":\"en-US\",\"@id\":\"https:\\\/\\\/www.fondationbiodiversite.fr\\\/en\\\/#\\\/schema\\\/logo\\\/image\\\/\",\"url\":\"https:\\\/\\\/www.fondationbiodiversite.fr\\\/wp-content\\\/uploads\\\/2025\\\/10\\\/logo_FRB_RVB.png\",\"contentUrl\":\"https:\\\/\\\/www.fondationbiodiversite.fr\\\/wp-content\\\/uploads\\\/2025\\\/10\\\/logo_FRB_RVB.png\",\"width\":220,\"height\":220,\"caption\":\"Fondation pour la recherche sur la biodiversit\u00e9\"},\"image\":{\"@id\":\"https:\\\/\\\/www.fondationbiodiversite.fr\\\/en\\\/#\\\/schema\\\/logo\\\/image\\\/\"},\"sameAs\":[\"https:\\\/\\\/www.facebook.com\\\/FRBiodiv#\",\"https:\\\/\\\/x.com\\\/FRBiodiv\",\"https:\\\/\\\/bsky.app\\\/profile\\\/frbiodiv.bsky.social\",\"https:\\\/\\\/www.instagram.com\\\/frbiodiv\\\/\",\"https:\\\/\\\/www.linkedin.com\\\/in\\\/fondation-pour-la-recherche-sur-la-biodiversit-223059121\\\/\",\"https:\\\/\\\/www.youtube.com\\\/@FRBiodiv\"]}]}<\/script>\n<!-- \/ Yoast SEO plugin. -->","yoast_head_json":{"title":"CESAB Calendar - Fondation pour la recherche sur la biodiversit\u00e9","robots":{"index":"index","follow":"follow","max-snippet":"max-snippet:-1","max-image-preview":"max-image-preview:large","max-video-preview":"max-video-preview:-1"},"canonical":"https:\/\/www.fondationbiodiversite.fr\/en\/about-the-foundation\/le-cesab\/calendrier-cesab\/","og_locale":"en_US","og_type":"article","og_title":"CESAB Calendar - Fondation pour la recherche sur la biodiversit\u00e9","og_description":"Located in Montpellier, the Centre for the Synthesis and Analysis of Biodiversity (CESAB) is at the heart of one of the most dynamic scientific communities in the world in ecology (the University of Montpellier was ranked first in the world in the Shanghai ranking in ecology in 2018 and 2019). CESAB offers an ideal working [&hellip;]","og_url":"https:\/\/www.fondationbiodiversite.fr\/en\/about-the-foundation\/le-cesab\/calendrier-cesab\/","og_site_name":"Fondation pour la recherche sur la biodiversit\u00e9","article_publisher":"https:\/\/www.facebook.com\/FRBiodiv#","article_modified_time":"2026-03-02T09:03:36+00:00","twitter_card":"summary_large_image","twitter_site":"@FRBiodiv","twitter_misc":{"Est. reading time":"1 minute"},"schema":{"@context":"https:\/\/schema.org","@graph":[{"@type":"WebPage","@id":"https:\/\/www.fondationbiodiversite.fr\/en\/about-the-foundation\/le-cesab\/calendrier-cesab\/","url":"https:\/\/www.fondationbiodiversite.fr\/en\/about-the-foundation\/le-cesab\/calendrier-cesab\/","name":"CESAB Calendar - Fondation pour la recherche sur la biodiversit\u00e9","isPartOf":{"@id":"https:\/\/www.fondationbiodiversite.fr\/en\/#website"},"datePublished":"2021-04-29T15:03:35+00:00","dateModified":"2026-03-02T09:03:36+00:00","breadcrumb":{"@id":"https:\/\/www.fondationbiodiversite.fr\/en\/about-the-foundation\/le-cesab\/calendrier-cesab\/#breadcrumb"},"inLanguage":"en-US","potentialAction":[{"@type":"ReadAction","target":["https:\/\/www.fondationbiodiversite.fr\/en\/about-the-foundation\/le-cesab\/calendrier-cesab\/"]}]},{"@type":"BreadcrumbList","@id":"https:\/\/www.fondationbiodiversite.fr\/en\/about-the-foundation\/le-cesab\/calendrier-cesab\/#breadcrumb","itemListElement":[{"@type":"ListItem","position":1,"name":"Accueil","item":"https:\/\/www.fondationbiodiversite.fr\/en\/"},{"@type":"ListItem","position":2,"name":"About the Foundation","item":"https:\/\/www.fondationbiodiversite.fr\/en\/about-the-foundation\/"},{"@type":"ListItem","position":3,"name":"CESAB","item":"https:\/\/www.fondationbiodiversite.fr\/en\/about-the-foundation\/le-cesab\/"},{"@type":"ListItem","position":4,"name":"CESAB Calendar"}]},{"@type":"WebSite","@id":"https:\/\/www.fondationbiodiversite.fr\/en\/#website","url":"https:\/\/www.fondationbiodiversite.fr\/en\/","name":"Fondation pour la recherche sur la biodiversit\u00e9","description":"Une plateforme entre les diff\u00e9rents acteurs scientifiques et les acteurs de la soci\u00e9t\u00e9 sur la biodiversit\u00e9..","publisher":{"@id":"https:\/\/www.fondationbiodiversite.fr\/en\/#organization"},"alternateName":"FRB","potentialAction":[{"@type":"SearchAction","target":{"@type":"EntryPoint","urlTemplate":"https:\/\/www.fondationbiodiversite.fr\/en\/?s={search_term_string}"},"query-input":{"@type":"PropertyValueSpecification","valueRequired":true,"valueName":"search_term_string"}}],"inLanguage":"en-US"},{"@type":"Organization","@id":"https:\/\/www.fondationbiodiversite.fr\/en\/#organization","name":"Fondation pour la recherche sur la biodiversit\u00e9","url":"https:\/\/www.fondationbiodiversite.fr\/en\/","logo":{"@type":"ImageObject","inLanguage":"en-US","@id":"https:\/\/www.fondationbiodiversite.fr\/en\/#\/schema\/logo\/image\/","url":"https:\/\/www.fondationbiodiversite.fr\/wp-content\/uploads\/2025\/10\/logo_FRB_RVB.png","contentUrl":"https:\/\/www.fondationbiodiversite.fr\/wp-content\/uploads\/2025\/10\/logo_FRB_RVB.png","width":220,"height":220,"caption":"Fondation pour la recherche sur la biodiversit\u00e9"},"image":{"@id":"https:\/\/www.fondationbiodiversite.fr\/en\/#\/schema\/logo\/image\/"},"sameAs":["https:\/\/www.facebook.com\/FRBiodiv#","https:\/\/x.com\/FRBiodiv","https:\/\/bsky.app\/profile\/frbiodiv.bsky.social","https:\/\/www.instagram.com\/frbiodiv\/","https:\/\/www.linkedin.com\/in\/fondation-pour-la-recherche-sur-la-biodiversit-223059121\/","https:\/\/www.youtube.com\/@FRBiodiv"]}]}},"_links":{"self":[{"href":"https:\/\/www.fondationbiodiversite.fr\/en\/wp-json\/wp\/v2\/pages\/14732","targetHints":{"allow":["GET"]}}],"collection":[{"href":"https:\/\/www.fondationbiodiversite.fr\/en\/wp-json\/wp\/v2\/pages"}],"about":[{"href":"https:\/\/www.fondationbiodiversite.fr\/en\/wp-json\/wp\/v2\/types\/page"}],"author":[{"embeddable":true,"href":"https:\/\/www.fondationbiodiversite.fr\/en\/wp-json\/wp\/v2\/users\/8"}],"replies":[{"embeddable":true,"href":"https:\/\/www.fondationbiodiversite.fr\/en\/wp-json\/wp\/v2\/comments?post=14732"}],"version-history":[{"count":2,"href":"https:\/\/www.fondationbiodiversite.fr\/en\/wp-json\/wp\/v2\/pages\/14732\/revisions"}],"predecessor-version":[{"id":36026,"href":"https:\/\/www.fondationbiodiversite.fr\/en\/wp-json\/wp\/v2\/pages\/14732\/revisions\/36026"}],"up":[{"embeddable":true,"href":"https:\/\/www.fondationbiodiversite.fr\/en\/wp-json\/wp\/v2\/pages\/2233"}],"wp:attachment":[{"href":"https:\/\/www.fondationbiodiversite.fr\/en\/wp-json\/wp\/v2\/media?parent=14732"}],"curies":[{"name":"wp","href":"https:\/\/api.w.org\/{rel}","templated":true}]}}