
{"id":10973,"date":"2020-06-24T16:58:55","date_gmt":"2020-06-24T14:58:55","guid":{"rendered":"https:\/\/www.fondationbiodiversite.fr\/?page_id=10973"},"modified":"2021-12-17T12:40:32","modified_gmt":"2021-12-17T11:40:32","slug":"extend-research-work","status":"publish","type":"page","link":"https:\/\/www.fondationbiodiversite.fr\/en\/the-frb-in-action\/programs-and-projects\/le-cesab\/extend-research-work\/","title":{"rendered":"Extend research work"},"content":{"rendered":"<p>The main objective of <a href=\"https:\/\/www.fondationbiodiversite.fr\/en\/about-the-foundation\/le-cesab\/\"><strong>CESAB<\/strong><\/a> is to implement innovative work of synthesis and analysis of existing data sets in the field of biodiversity. Each year, the center welcomes a large number of researchers from all continents, during several working sessions.<\/p>\n<p>&nbsp;<\/p>\n<p>Each group selected following a rigorous procedure is funded for two to three years, depending on the format of the call, and benefits from the support of a dedicated postdoctoral fellow and the CESAB team: technical, administrative, logistical and communication support.<\/p>\n<p>&nbsp;<\/p>\n<p>&nbsp;<\/p>\n<p><strong>Thanks to the network and collaboration developed at CESAB, the participants of a CESAB group can give a second life to their project.<\/strong> Through the CESABAFTER meetings, the <a href=\"https:\/\/www.fondationbiodiversite.fr\/en\/\"><strong>FRB<\/strong><\/a> makes the CESAB&#8217;s team and the center in Montpellier available to groups who wish to extend their work or open up on new perspectives. CESABATER meetings are an opportunity to engage in novel scientific collaborations to extend the initial project. In particular, theses meetings will build upon the work from previous years to initiate new collective publications and answer to new calls for proposals. Cost of these CESABATER meetings can be partially covered by CESAB.\u00a0<\/p>\n","protected":false},"excerpt":{"rendered":"<p>The main objective of CESAB is to implement innovative work of synthesis and analysis of existing data sets in the field of biodiversity. Each year, the center welcomes a large number of researchers from all continents, during several working sessions. &nbsp; Each group selected following a rigorous procedure is funded for two to three years, [&hellip;]<\/p>\n","protected":false},"author":8,"featured_media":10945,"parent":2238,"menu_order":53,"comment_status":"closed","ping_status":"closed","template":"temp_projet.php","meta":{"_acf_changed":false,"inline_featured_image":false,"footnotes":""},"class_list":["post-10973","page","type-page","status-publish","has-post-thumbnail","hentry"],"acf":[],"yoast_head":"<!-- This site is optimized with the Yoast SEO plugin v27.3 - https:\/\/yoast.com\/product\/yoast-seo-wordpress\/ -->\n<title>Extend research work - Fondation pour la recherche sur la biodiversit\u00e9<\/title>\n<meta name=\"robots\" content=\"index, follow, max-snippet:-1, max-image-preview:large, max-video-preview:-1\" \/>\n<link rel=\"canonical\" href=\"https:\/\/www.fondationbiodiversite.fr\/en\/the-frb-in-action\/programs-and-projects\/le-cesab\/extend-research-work\/\" \/>\n<meta property=\"og:locale\" content=\"en_US\" \/>\n<meta property=\"og:type\" content=\"article\" \/>\n<meta property=\"og:title\" content=\"Extend research work - Fondation pour la recherche sur la biodiversit\u00e9\" \/>\n<meta property=\"og:description\" content=\"The main objective of CESAB is to implement innovative work of synthesis and analysis of existing data sets in the field of biodiversity. Each year, the center welcomes a large number of researchers from all continents, during several working sessions. &nbsp; Each group selected following a rigorous procedure is funded for two to three years, [&hellip;]\" \/>\n<meta property=\"og:url\" content=\"https:\/\/www.fondationbiodiversite.fr\/en\/the-frb-in-action\/programs-and-projects\/le-cesab\/extend-research-work\/\" \/>\n<meta property=\"og:site_name\" content=\"Fondation pour la recherche sur la biodiversit\u00e9\" \/>\n<meta property=\"article:publisher\" content=\"https:\/\/www.facebook.com\/FRBiodiv#\" \/>\n<meta property=\"article:modified_time\" content=\"2021-12-17T11:40:32+00:00\" \/>\n<meta property=\"og:image\" content=\"https:\/\/www.fondationbiodiversite.fr\/wp-content\/uploads\/2020\/06\/CESAB_prolonger_web.jpg\" \/>\n\t<meta property=\"og:image:width\" content=\"690\" \/>\n\t<meta property=\"og:image:height\" content=\"450\" \/>\n\t<meta property=\"og:image:type\" content=\"image\/jpeg\" \/>\n<meta name=\"twitter:card\" content=\"summary_large_image\" \/>\n<meta name=\"twitter:site\" content=\"@FRBiodiv\" \/>\n<meta name=\"twitter:label1\" content=\"Est. reading time\" \/>\n\t<meta name=\"twitter:data1\" content=\"1 minute\" \/>\n<script type=\"application\/ld+json\" class=\"yoast-schema-graph\">{\"@context\":\"https:\\\/\\\/schema.org\",\"@graph\":[{\"@type\":\"WebPage\",\"@id\":\"https:\\\/\\\/www.fondationbiodiversite.fr\\\/en\\\/the-frb-in-action\\\/programs-and-projects\\\/le-cesab\\\/extend-research-work\\\/\",\"url\":\"https:\\\/\\\/www.fondationbiodiversite.fr\\\/en\\\/the-frb-in-action\\\/programs-and-projects\\\/le-cesab\\\/extend-research-work\\\/\",\"name\":\"Extend research work - Fondation pour la recherche sur la biodiversit\u00e9\",\"isPartOf\":{\"@id\":\"https:\\\/\\\/www.fondationbiodiversite.fr\\\/en\\\/#website\"},\"primaryImageOfPage\":{\"@id\":\"https:\\\/\\\/www.fondationbiodiversite.fr\\\/en\\\/the-frb-in-action\\\/programs-and-projects\\\/le-cesab\\\/extend-research-work\\\/#primaryimage\"},\"image\":{\"@id\":\"https:\\\/\\\/www.fondationbiodiversite.fr\\\/en\\\/the-frb-in-action\\\/programs-and-projects\\\/le-cesab\\\/extend-research-work\\\/#primaryimage\"},\"thumbnailUrl\":\"https:\\\/\\\/www.fondationbiodiversite.fr\\\/wp-content\\\/uploads\\\/2020\\\/06\\\/CESAB_prolonger_web.jpg\",\"datePublished\":\"2020-06-24T14:58:55+00:00\",\"dateModified\":\"2021-12-17T11:40:32+00:00\",\"breadcrumb\":{\"@id\":\"https:\\\/\\\/www.fondationbiodiversite.fr\\\/en\\\/the-frb-in-action\\\/programs-and-projects\\\/le-cesab\\\/extend-research-work\\\/#breadcrumb\"},\"inLanguage\":\"en-US\",\"potentialAction\":[{\"@type\":\"ReadAction\",\"target\":[\"https:\\\/\\\/www.fondationbiodiversite.fr\\\/en\\\/the-frb-in-action\\\/programs-and-projects\\\/le-cesab\\\/extend-research-work\\\/\"]}]},{\"@type\":\"ImageObject\",\"inLanguage\":\"en-US\",\"@id\":\"https:\\\/\\\/www.fondationbiodiversite.fr\\\/en\\\/the-frb-in-action\\\/programs-and-projects\\\/le-cesab\\\/extend-research-work\\\/#primaryimage\",\"url\":\"https:\\\/\\\/www.fondationbiodiversite.fr\\\/wp-content\\\/uploads\\\/2020\\\/06\\\/CESAB_prolonger_web.jpg\",\"contentUrl\":\"https:\\\/\\\/www.fondationbiodiversite.fr\\\/wp-content\\\/uploads\\\/2020\\\/06\\\/CESAB_prolonger_web.jpg\",\"width\":690,\"height\":450,\"caption\":\"CESAB_prolonger\"},{\"@type\":\"BreadcrumbList\",\"@id\":\"https:\\\/\\\/www.fondationbiodiversite.fr\\\/en\\\/the-frb-in-action\\\/programs-and-projects\\\/le-cesab\\\/extend-research-work\\\/#breadcrumb\",\"itemListElement\":[{\"@type\":\"ListItem\",\"position\":1,\"name\":\"Accueil\",\"item\":\"https:\\\/\\\/www.fondationbiodiversite.fr\\\/en\\\/\"},{\"@type\":\"ListItem\",\"position\":2,\"name\":\"The FRB in action\",\"item\":\"https:\\\/\\\/www.fondationbiodiversite.fr\\\/en\\\/the-frb-in-action\\\/\"},{\"@type\":\"ListItem\",\"position\":3,\"name\":\"The FRB&#8217;s programs &#038; projects\",\"item\":\"https:\\\/\\\/www.fondationbiodiversite.fr\\\/en\\\/the-frb-in-action\\\/programs-and-projects\\\/\"},{\"@type\":\"ListItem\",\"position\":4,\"name\":\"Synthesis at CESAB\",\"item\":\"https:\\\/\\\/www.fondationbiodiversite.fr\\\/en\\\/the-frb-in-action\\\/programs-and-projects\\\/le-cesab\\\/\"},{\"@type\":\"ListItem\",\"position\":5,\"name\":\"Extend research work\"}]},{\"@type\":\"WebSite\",\"@id\":\"https:\\\/\\\/www.fondationbiodiversite.fr\\\/en\\\/#website\",\"url\":\"https:\\\/\\\/www.fondationbiodiversite.fr\\\/en\\\/\",\"name\":\"Fondation pour la recherche sur la biodiversit\u00e9\",\"description\":\"Une plateforme entre les diff\u00e9rents acteurs scientifiques et les acteurs de la soci\u00e9t\u00e9 sur la biodiversit\u00e9..\",\"publisher\":{\"@id\":\"https:\\\/\\\/www.fondationbiodiversite.fr\\\/en\\\/#organization\"},\"alternateName\":\"FRB\",\"potentialAction\":[{\"@type\":\"SearchAction\",\"target\":{\"@type\":\"EntryPoint\",\"urlTemplate\":\"https:\\\/\\\/www.fondationbiodiversite.fr\\\/en\\\/?s={search_term_string}\"},\"query-input\":{\"@type\":\"PropertyValueSpecification\",\"valueRequired\":true,\"valueName\":\"search_term_string\"}}],\"inLanguage\":\"en-US\"},{\"@type\":\"Organization\",\"@id\":\"https:\\\/\\\/www.fondationbiodiversite.fr\\\/en\\\/#organization\",\"name\":\"Fondation pour la recherche sur la biodiversit\u00e9\",\"url\":\"https:\\\/\\\/www.fondationbiodiversite.fr\\\/en\\\/\",\"logo\":{\"@type\":\"ImageObject\",\"inLanguage\":\"en-US\",\"@id\":\"https:\\\/\\\/www.fondationbiodiversite.fr\\\/en\\\/#\\\/schema\\\/logo\\\/image\\\/\",\"url\":\"https:\\\/\\\/www.fondationbiodiversite.fr\\\/wp-content\\\/uploads\\\/2025\\\/10\\\/logo_FRB_RVB.png\",\"contentUrl\":\"https:\\\/\\\/www.fondationbiodiversite.fr\\\/wp-content\\\/uploads\\\/2025\\\/10\\\/logo_FRB_RVB.png\",\"width\":220,\"height\":220,\"caption\":\"Fondation pour la recherche sur la biodiversit\u00e9\"},\"image\":{\"@id\":\"https:\\\/\\\/www.fondationbiodiversite.fr\\\/en\\\/#\\\/schema\\\/logo\\\/image\\\/\"},\"sameAs\":[\"https:\\\/\\\/www.facebook.com\\\/FRBiodiv#\",\"https:\\\/\\\/x.com\\\/FRBiodiv\",\"https:\\\/\\\/bsky.app\\\/profile\\\/frbiodiv.bsky.social\",\"https:\\\/\\\/www.instagram.com\\\/frbiodiv\\\/\",\"https:\\\/\\\/www.linkedin.com\\\/in\\\/fondation-pour-la-recherche-sur-la-biodiversit-223059121\\\/\",\"https:\\\/\\\/www.youtube.com\\\/@FRBiodiv\"]}]}<\/script>\n<!-- \/ Yoast SEO plugin. -->","yoast_head_json":{"title":"Extend research work - Fondation pour la recherche sur la biodiversit\u00e9","robots":{"index":"index","follow":"follow","max-snippet":"max-snippet:-1","max-image-preview":"max-image-preview:large","max-video-preview":"max-video-preview:-1"},"canonical":"https:\/\/www.fondationbiodiversite.fr\/en\/the-frb-in-action\/programs-and-projects\/le-cesab\/extend-research-work\/","og_locale":"en_US","og_type":"article","og_title":"Extend research work - Fondation pour la recherche sur la biodiversit\u00e9","og_description":"The main objective of CESAB is to implement innovative work of synthesis and analysis of existing data sets in the field of biodiversity. Each year, the center welcomes a large number of researchers from all continents, during several working sessions. &nbsp; Each group selected following a rigorous procedure is funded for two to three years, [&hellip;]","og_url":"https:\/\/www.fondationbiodiversite.fr\/en\/the-frb-in-action\/programs-and-projects\/le-cesab\/extend-research-work\/","og_site_name":"Fondation pour la recherche sur la biodiversit\u00e9","article_publisher":"https:\/\/www.facebook.com\/FRBiodiv#","article_modified_time":"2021-12-17T11:40:32+00:00","og_image":[{"width":690,"height":450,"url":"https:\/\/www.fondationbiodiversite.fr\/wp-content\/uploads\/2020\/06\/CESAB_prolonger_web.jpg","type":"image\/jpeg"}],"twitter_card":"summary_large_image","twitter_site":"@FRBiodiv","twitter_misc":{"Est. reading time":"1 minute"},"schema":{"@context":"https:\/\/schema.org","@graph":[{"@type":"WebPage","@id":"https:\/\/www.fondationbiodiversite.fr\/en\/the-frb-in-action\/programs-and-projects\/le-cesab\/extend-research-work\/","url":"https:\/\/www.fondationbiodiversite.fr\/en\/the-frb-in-action\/programs-and-projects\/le-cesab\/extend-research-work\/","name":"Extend research work - Fondation pour la recherche sur la biodiversit\u00e9","isPartOf":{"@id":"https:\/\/www.fondationbiodiversite.fr\/en\/#website"},"primaryImageOfPage":{"@id":"https:\/\/www.fondationbiodiversite.fr\/en\/the-frb-in-action\/programs-and-projects\/le-cesab\/extend-research-work\/#primaryimage"},"image":{"@id":"https:\/\/www.fondationbiodiversite.fr\/en\/the-frb-in-action\/programs-and-projects\/le-cesab\/extend-research-work\/#primaryimage"},"thumbnailUrl":"https:\/\/www.fondationbiodiversite.fr\/wp-content\/uploads\/2020\/06\/CESAB_prolonger_web.jpg","datePublished":"2020-06-24T14:58:55+00:00","dateModified":"2021-12-17T11:40:32+00:00","breadcrumb":{"@id":"https:\/\/www.fondationbiodiversite.fr\/en\/the-frb-in-action\/programs-and-projects\/le-cesab\/extend-research-work\/#breadcrumb"},"inLanguage":"en-US","potentialAction":[{"@type":"ReadAction","target":["https:\/\/www.fondationbiodiversite.fr\/en\/the-frb-in-action\/programs-and-projects\/le-cesab\/extend-research-work\/"]}]},{"@type":"ImageObject","inLanguage":"en-US","@id":"https:\/\/www.fondationbiodiversite.fr\/en\/the-frb-in-action\/programs-and-projects\/le-cesab\/extend-research-work\/#primaryimage","url":"https:\/\/www.fondationbiodiversite.fr\/wp-content\/uploads\/2020\/06\/CESAB_prolonger_web.jpg","contentUrl":"https:\/\/www.fondationbiodiversite.fr\/wp-content\/uploads\/2020\/06\/CESAB_prolonger_web.jpg","width":690,"height":450,"caption":"CESAB_prolonger"},{"@type":"BreadcrumbList","@id":"https:\/\/www.fondationbiodiversite.fr\/en\/the-frb-in-action\/programs-and-projects\/le-cesab\/extend-research-work\/#breadcrumb","itemListElement":[{"@type":"ListItem","position":1,"name":"Accueil","item":"https:\/\/www.fondationbiodiversite.fr\/en\/"},{"@type":"ListItem","position":2,"name":"The FRB in action","item":"https:\/\/www.fondationbiodiversite.fr\/en\/the-frb-in-action\/"},{"@type":"ListItem","position":3,"name":"The FRB&#8217;s programs &#038; projects","item":"https:\/\/www.fondationbiodiversite.fr\/en\/the-frb-in-action\/programs-and-projects\/"},{"@type":"ListItem","position":4,"name":"Synthesis at CESAB","item":"https:\/\/www.fondationbiodiversite.fr\/en\/the-frb-in-action\/programs-and-projects\/le-cesab\/"},{"@type":"ListItem","position":5,"name":"Extend research work"}]},{"@type":"WebSite","@id":"https:\/\/www.fondationbiodiversite.fr\/en\/#website","url":"https:\/\/www.fondationbiodiversite.fr\/en\/","name":"Fondation pour la recherche sur la biodiversit\u00e9","description":"Une plateforme entre les diff\u00e9rents acteurs scientifiques et les acteurs de la soci\u00e9t\u00e9 sur la biodiversit\u00e9..","publisher":{"@id":"https:\/\/www.fondationbiodiversite.fr\/en\/#organization"},"alternateName":"FRB","potentialAction":[{"@type":"SearchAction","target":{"@type":"EntryPoint","urlTemplate":"https:\/\/www.fondationbiodiversite.fr\/en\/?s={search_term_string}"},"query-input":{"@type":"PropertyValueSpecification","valueRequired":true,"valueName":"search_term_string"}}],"inLanguage":"en-US"},{"@type":"Organization","@id":"https:\/\/www.fondationbiodiversite.fr\/en\/#organization","name":"Fondation pour la recherche sur la biodiversit\u00e9","url":"https:\/\/www.fondationbiodiversite.fr\/en\/","logo":{"@type":"ImageObject","inLanguage":"en-US","@id":"https:\/\/www.fondationbiodiversite.fr\/en\/#\/schema\/logo\/image\/","url":"https:\/\/www.fondationbiodiversite.fr\/wp-content\/uploads\/2025\/10\/logo_FRB_RVB.png","contentUrl":"https:\/\/www.fondationbiodiversite.fr\/wp-content\/uploads\/2025\/10\/logo_FRB_RVB.png","width":220,"height":220,"caption":"Fondation pour la recherche sur la biodiversit\u00e9"},"image":{"@id":"https:\/\/www.fondationbiodiversite.fr\/en\/#\/schema\/logo\/image\/"},"sameAs":["https:\/\/www.facebook.com\/FRBiodiv#","https:\/\/x.com\/FRBiodiv","https:\/\/bsky.app\/profile\/frbiodiv.bsky.social","https:\/\/www.instagram.com\/frbiodiv\/","https:\/\/www.linkedin.com\/in\/fondation-pour-la-recherche-sur-la-biodiversit-223059121\/","https:\/\/www.youtube.com\/@FRBiodiv"]}]}},"_links":{"self":[{"href":"https:\/\/www.fondationbiodiversite.fr\/en\/wp-json\/wp\/v2\/pages\/10973","targetHints":{"allow":["GET"]}}],"collection":[{"href":"https:\/\/www.fondationbiodiversite.fr\/en\/wp-json\/wp\/v2\/pages"}],"about":[{"href":"https:\/\/www.fondationbiodiversite.fr\/en\/wp-json\/wp\/v2\/types\/page"}],"author":[{"embeddable":true,"href":"https:\/\/www.fondationbiodiversite.fr\/en\/wp-json\/wp\/v2\/users\/8"}],"replies":[{"embeddable":true,"href":"https:\/\/www.fondationbiodiversite.fr\/en\/wp-json\/wp\/v2\/comments?post=10973"}],"version-history":[{"count":0,"href":"https:\/\/www.fondationbiodiversite.fr\/en\/wp-json\/wp\/v2\/pages\/10973\/revisions"}],"up":[{"embeddable":true,"href":"https:\/\/www.fondationbiodiversite.fr\/en\/wp-json\/wp\/v2\/pages\/2238"}],"wp:featuredmedia":[{"embeddable":true,"href":"https:\/\/www.fondationbiodiversite.fr\/en\/wp-json\/wp\/v2\/media\/10945"}],"wp:attachment":[{"href":"https:\/\/www.fondationbiodiversite.fr\/en\/wp-json\/wp\/v2\/media?parent=10973"}],"curies":[{"name":"wp","href":"https:\/\/api.w.org\/{rel}","templated":true}]}}